{"id":9407,"date":"2014-02-17T10:27:23","date_gmt":"2014-02-17T08:27:23","guid":{"rendered":"https:\/\/www.cpv-ev.com\/?page_id=9407"},"modified":"2017-09-25T14:03:43","modified_gmt":"2017-09-25T12:03:43","slug":"leistungsprufung","status":"publish","type":"page","link":"https:\/\/www.cpv-ev.com\/?page_id=9407","title":{"rendered":"Leistungspr\u00fcfung"},"content":{"rendered":"<p>&nbsp;<\/p>\n<p><strong>Auszug<\/strong> aus dem <strong>Zuchtprogramm<\/strong> der Deutschen Ponyzuchtverb\u00e4nde (kann in der Formulierung von Verband zu Verband abweichen)<\/p>\n<p>&nbsp;<\/p>\n<p>&#8222;Die K\u00f6rung der Junghengste in Deutschland erfolgt unter der Bedingung, dass der Hengst die leistungsm\u00e4\u00dfigen Voraussetzungen f\u00fcr eine Eintragung in das Hengstbuch I des Verbandes bis zur Vollendung des f\u00fcnften Lebensjahrs erf\u00fcllt. Die Zuchtleitung kann die Frist zur Ablegung der Leistungspr\u00fcfung im Einzelfall aufgrund besonderer Umst\u00e4nde um h\u00f6chstens 15 Monate verl\u00e4ngern. Werden die festgesetzten Fristen nicht eingehalten oder erf\u00fcllt der Hengst die leistungsm\u00e4\u00dfigen Anforderungen nicht, so gilt der Hengst als nicht gek\u00f6rt. Es gelten die Besonderen Bestimmungen der Rassen.&#8220;<\/p>\n<p>&nbsp;<\/p>\n<p>Hengste, die 6-j\u00e4hrig und \u00e4lter <strong>keine Leistungspr\u00fcfung<\/strong> vorweisen k\u00f6nnen, werden in <strong>Hengstbuch II<\/strong> umgeschrieben (bzw. vielfach von den Besitzern abgemeldet).<\/p>\n<p>&nbsp;<\/p>\n<p>zu den<span style=\"font-size: 12pt;\"><a href=\"https:\/\/www.cpv-ev.com\/?page_id=14564\" target=\"_blank\" rel=\"noopener noreferrer\"><strong> Ergebnissen<\/strong><\/a><\/span><\/p>\n<p>&nbsp;<\/p>\n<p><strong>Auszug<\/strong> aus den <a href=\"https:\/\/www.cpv-ev.com\/wp-content\/uploads\/2014\/02\/LP-BV3-Connemara-Pony.pdf\" target=\"_blank\" rel=\"noopener noreferrer\"><strong>Besonderen Bestimmungen<\/strong><\/a> der Rasse Connemara Pony<\/p>\n<p>&nbsp;<\/p>\n<p><strong>\u00a7 503f Hengstleistungspr\u00fcfungen<\/strong><\/p>\n<p>Die Pr\u00fcfungen werden nach den allgemein anerkannten Regeln des Reitsports durchgef\u00fchrt. Sie sind Leistungspr\u00fcfungen im Sinne des Tierzuchtgesetzes und k\u00f6nnen als Stationspr\u00fcfung oder als Turniersportpr\u00fcfung durchgef\u00fchrt werden.<\/p>\n<p>&nbsp;<\/p>\n<p><strong>(1) Stations-, Kurz- und Feldpr\u00fcfung<\/strong><\/p>\n<p>Die Hengstleistungspr\u00fcfungen werden gem\u00e4\u00df der LP-Richtlinien f\u00fcr Leistungspr\u00fcfungen von Hengsten, Stuten und Wallachen aller Pony-, Kleinpferde- und sonstigen Rassen der ZVO durchgef\u00fchrt.<\/p>\n<p>&nbsp;<\/p>\n<p>F\u00fcr die Hengstleistungspr\u00fcfungen gelten verbindlich die Besonderen Bestimmungen f\u00fcr Stationspr\u00fcfungen, Kurz- und Feldpr\u00fcfungen der LP-Richtlinien f\u00fcr Leistungspr\u00fcfungen von Hengsten, Stuten und Wallachen aller Pony-, Kleinpferde- und sonstigen Rassen.<\/p>\n<p>&nbsp;<\/p>\n<p>F\u00fcr <strong>Hengste<\/strong> der Rasse <strong>Connemara Pony<\/strong> werden folgende <strong>Leistungspr\u00fcfungen<\/strong> der LP-Richtlinie in der jeweils g\u00fcltigen Fassung anerkannt:<\/p>\n<p>\u00b7 Pr\u00fcfung CI &#8211; 30 Tage Stationspr\u00fcfung &#8211; Zuchtrichtung Reiten sowie<\/p>\n<p>\u00b7 Pr\u00fcfung DI &#8211; 2 Tage Kurzpr\u00fcfung &#8211; Zuchtrichtung Reiten<\/p>\n<p>&nbsp;<\/p>\n<p>F\u00fcr <strong>Hengste<\/strong> der Rasse Connemara Pony mit einer Widerristh\u00f6he von <strong>&lt; 138 cm<\/strong> werden die <strong>gefahrenen Leistungspr\u00fcfungen<\/strong> der LP-Richtlinien in der jeweils g\u00fcltigen Fassung auch anerkannt:<\/p>\n<p>\u00b7 Pr\u00fcfung CIV &#8211; 14 Tage Stationspr\u00fcfung \u2013 Zuchtrichtung Fahren\/Gel\u00e4nde sowie<\/p>\n<p>\u00b7 Pr\u00fcfung EIII &#8211; Feldpr\u00fcfung \u2013 Zuchtrichtung Fahren\/Interieur\/Gel\u00e4nde<\/p>\n<p>&nbsp;<\/p>\n<p>&nbsp;<\/p>\n<p><strong>(2) Turniersportpr\u00fcfung<\/strong><\/p>\n<p>Alternativ zur Eigenleistungspr\u00fcfung gilt die Leistungspr\u00fcfung auch dann als abgelegt, wenn die Hengste Erfolge in <strong>Turniersportpr\u00fcfungen<\/strong> nachweisen k\u00f6nnen. Die Turniersportpr\u00fcfung wird in den Disziplinen Dressur, Springen, Vielseitigkeit und Fahren durchgef\u00fchrt.<\/p>\n<p>&nbsp;<\/p>\n<p>Folgende <strong>Turniersportergebnisse<\/strong> werden ber\u00fccksichtigt:<\/p>\n<p>die 5malige Platzierung an in Aufbau- oder Turniersportpr\u00fcfungen mindestens in<\/p>\n<p>\u00b7 Dressur Kl. L oder<\/p>\n<p>\u00b7 Springen der Kl. L oder<\/p>\n<p>\u00b7 in der Vielseitigkeit in der Kl. VA oder<\/p>\n<p>\u00b7 im Fahren der Kl. M (Einsp\u00e4nner)<\/p>\n<p>&nbsp;<\/p>\n<p>&nbsp;<\/p>\n<p>Seit <strong>2014<\/strong> werden die Leistungspr\u00fcfungen nicht mehr von den Landwirtschaftskammern, sondern von den <a href=\"https:\/\/www.cpv-ev.com\/?page_id=187\" target=\"_blank\" rel=\"noopener noreferrer\"><strong>Zuchtverb\u00e4nden<\/strong><\/a> durchgef\u00fchrt. Diese stehen Ihnen mit Informationen als Ansprechpartner zur Verf\u00fcgung.<\/p>\n<p>Die FN hat f\u00fcr die bessere Koordination zwischen den Verb\u00e4nden eine <a href=\"https:\/\/www.pferd-leistungspruefung.de\/hengste-stuten-wallache-ponys-kleinpferde\" target=\"_blank\" rel=\"noopener noreferrer\"><strong>Website<\/strong> <\/a>eingerichtet, die u.a. Termine und Ergebnisse auflistet.<\/p>\n","protected":false},"excerpt":{"rendered":"<p>&nbsp; Auszug aus dem Zuchtprogramm der Deutschen Ponyzuchtverb\u00e4nde (kann in der Formulierung von Verband zu Verband abweichen) &nbsp; &#8222;Die K\u00f6rung der Junghengste in Deutschland erfolgt unter der Bedingung, dass der Hengst die leistungsm\u00e4\u00dfigen Voraussetzungen f\u00fcr eine Eintragung in das Hengstbuch <a class=\"more-link\" href=\"https:\/\/www.cpv-ev.com\/?page_id=9407\"><span class=\"screen-reader-text\">  Leistungspr\u00fcfung<\/span> weiterlesen<span class=\"meta-nav\">&rarr;<\/span><\/a><\/p>\n","protected":false},"author":2,"featured_media":0,"parent":0,"menu_order":0,"comment_status":"closed","ping_status":"closed","template":"onecolumn-page.php","meta":{"ngg_post_thumbnail":0,"footnotes":""},"class_list":["post-9407","page","type-page","status-publish","hentry"],"_links":{"self":[{"href":"https:\/\/www.cpv-ev.com\/index.php?rest_route=\/wp\/v2\/pages\/9407","targetHints":{"allow":["GET"]}}],"collection":[{"href":"https:\/\/www.cpv-ev.com\/index.php?rest_route=\/wp\/v2\/pages"}],"about":[{"href":"https:\/\/www.cpv-ev.com\/index.php?rest_route=\/wp\/v2\/types\/page"}],"author":[{"embeddable":true,"href":"https:\/\/www.cpv-ev.com\/index.php?rest_route=\/wp\/v2\/users\/2"}],"replies":[{"embeddable":true,"href":"https:\/\/www.cpv-ev.com\/index.php?rest_route=%2Fwp%2Fv2%2Fcomments&post=9407"}],"version-history":[{"count":0,"href":"https:\/\/www.cpv-ev.com\/index.php?rest_route=\/wp\/v2\/pages\/9407\/revisions"}],"wp:attachment":[{"href":"https:\/\/www.cpv-ev.com\/index.php?rest_route=%2Fwp%2Fv2%2Fmedia&parent=9407"}],"curies":[{"name":"wp","href":"https:\/\/api.w.org\/{rel}","templated":true}]}}