{"id":9378,"date":"2014-02-16T20:57:17","date_gmt":"2014-02-16T18:57:17","guid":{"rendered":"https:\/\/www.cpv-ev.com\/?page_id=9378"},"modified":"2021-01-23T12:03:17","modified_gmt":"2021-01-23T10:03:17","slug":"lonely-twin-golden-dawn","status":"publish","type":"page","link":"https:\/\/www.cpv-ev.com\/?page_id=9378","title":{"rendered":"Lonely Twin Golden Dawn"},"content":{"rendered":"<p>&nbsp;<\/p>\n<table cellspacing=\"0\" cellpadding=\"0\" border=\"1\">\n<tbody>\n<tr>\n<td width=\"359\" valign=\"top\"><strong>Farbe:<\/strong> Schimmel<\/td>\n<td width=\"359\" valign=\"top\"><strong>Hengstbuch:<\/strong> Hessen HB I<\/td>\n<\/tr>\n<tr>\n<td width=\"359\" valign=\"top\"><strong>Geboren:<\/strong> 1987<\/td>\n<td width=\"359\" valign=\"top\"><strong>Leistungspr\u00fcfung: <\/strong>1992 Erbach,<strong><br \/>\n<\/strong>30 TT, WN 6,95 (Rang 2\/13)<\/td>\n<\/tr>\n<tr>\n<td width=\"359\" valign=\"top\"><strong>Stockma\u00df: <\/strong>149 cm<\/td>\n<td width=\"359\" valign=\"top\"><strong>Tr\u00e4ger des Creme-Faktors:<\/strong> ja<\/td>\n<\/tr>\n<tr>\n<td width=\"359\" valign=\"top\"><strong>R\u00f6hrbein: <\/strong>18,5 cm<strong><br \/>\n<\/strong><\/td>\n<td width=\"359\" valign=\"top\"><strong>Tr\u00e4ger des Fuchsgens:<\/strong> unbekannt<\/td>\n<\/tr>\n<tr>\n<td width=\"359\" valign=\"top\"><strong>Ausgeschieden: <\/strong> kastriert<strong><br \/>\n<\/strong><\/td>\n<td width=\"359\" valign=\"top\"><\/td>\n<\/tr>\n<tr>\n<td width=\"359\" valign=\"top\"><img loading=\"lazy\" decoding=\"async\" class=\"alignnone size-full wp-image-232\" src=\"https:\/\/www.cpv-ev.com\/wp-content\/uploads\/2012\/07\/trans240x10.gif\" alt=\"trans240x10\" width=\"240\" height=\"10\" srcset=\"https:\/\/www.cpv-ev.com\/wp-content\/uploads\/2012\/07\/trans240x10.gif 240w, https:\/\/www.cpv-ev.com\/wp-content\/uploads\/2012\/07\/trans240x10-225x10.gif 225w\" sizes=\"auto, (max-width: 240px) 100vw, 240px\" \/><\/td>\n<td width=\"359\" valign=\"top\"><\/td>\n<\/tr>\n<tr>\n<td width=\"359\" valign=\"top\"><strong>Gek\u00f6rte S\u00f6hne: <\/strong>keine<strong><br \/>\n<\/strong><\/td>\n<td width=\"359\" valign=\"top\"><strong>Eingetragene Stuten: <\/strong>4<strong><br \/>\n<\/strong><\/td>\n<\/tr>\n<tr>\n<td width=\"359\" valign=\"top\"><\/td>\n<td width=\"359\" valign=\"top\"><strong>davon StPrSt: <\/strong>&#8211;<strong><br \/>\n<\/strong><\/td>\n<\/tr>\n<tr>\n<td width=\"359\" valign=\"top\"><img loading=\"lazy\" decoding=\"async\" src=\"https:\/\/www.cpv-ev.com\/wp-content\/uploads\/2012\/07\/trans240x10.gif\" alt=\"trans240x10\" width=\"240\" height=\"10\"><\/td>\n<td width=\"359\" valign=\"top\"><\/td>\n<\/tr>\n<tr>\n<td width=\"359\" valign=\"top\"><strong>Lebensgewinnsumme:<\/strong> &#8211;<img loading=\"lazy\" decoding=\"async\" class=\"alignnone size-full wp-image-232\" title=\"trans240x10\" src=\"https:\/\/www.cpv-ev.com\/wp-content\/uploads\/2012\/07\/trans240x10.gif\" alt=\"\" width=\"100\" height=\"20\"><\/td>\n<td width=\"359\" valign=\"top\"><strong>Nachkommen-LGS: <\/strong>74 EUR (2017)<strong><br \/>\n<\/strong><\/td>\n<\/tr>\n<tr>\n<td colspan=\"2\" width=\"717\" valign=\"top\"><img loading=\"lazy\" decoding=\"async\" src=\"https:\/\/www.cpv-ev.com\/wp-content\/uploads\/2012\/07\/trans240x10.gif\" alt=\"trans240x10\" width=\"240\" height=\"10\"><\/td>\n<\/tr>\n<tr>\n<td colspan=\"2\" width=\"717\" valign=\"top\"><strong><strong>Z\u00fcchter &amp; <\/strong><\/strong><strong>Besitzer: <\/strong>Peter Buschmann, 35753 Greifenstein<strong><strong><br \/>\n<\/strong><\/strong><\/td>\n<\/tr>\n<\/tbody>\n<\/table>\n<h5>Pedigree<\/h5>\n<p><img loading=\"lazy\" decoding=\"async\" class=\"alignnone size-full wp-image-11324\" src=\"https:\/\/www.cpv-ev.com\/wp-content\/uploads\/2014\/05\/Lonely-Twin-Golden-Dawn.jpg\" alt=\"Lonely Twin Golden Dawn\" width=\"680\" height=\"320\" srcset=\"https:\/\/www.cpv-ev.com\/wp-content\/uploads\/2014\/05\/Lonely-Twin-Golden-Dawn.jpg 680w, https:\/\/www.cpv-ev.com\/wp-content\/uploads\/2014\/05\/Lonely-Twin-Golden-Dawn-233x110.jpg 233w, https:\/\/www.cpv-ev.com\/wp-content\/uploads\/2014\/05\/Lonely-Twin-Golden-Dawn-300x141.jpg 300w, https:\/\/www.cpv-ev.com\/wp-content\/uploads\/2014\/05\/Lonely-Twin-Golden-Dawn-500x235.jpg 500w\" sizes=\"auto, (max-width: 680px) 100vw, 680px\" \/><\/p>\n<h5>Galerie<\/h5>\n<p><a href=\"https:\/\/www.cpv-ev.com\/wp-content\/uploads\/2021\/01\/Lonely-Twin-Golden-Dawn-1.jpg\"><img loading=\"lazy\" decoding=\"async\" class=\"alignnone size-thumbnail wp-image-25556\" src=\"https:\/\/www.cpv-ev.com\/wp-content\/uploads\/2021\/01\/Lonely-Twin-Golden-Dawn-1-147x110.jpg\" alt=\"\" width=\"147\" height=\"110\" srcset=\"https:\/\/www.cpv-ev.com\/wp-content\/uploads\/2021\/01\/Lonely-Twin-Golden-Dawn-1-147x110.jpg 147w, https:\/\/www.cpv-ev.com\/wp-content\/uploads\/2021\/01\/Lonely-Twin-Golden-Dawn-1-300x225.jpg 300w, https:\/\/www.cpv-ev.com\/wp-content\/uploads\/2021\/01\/Lonely-Twin-Golden-Dawn-1-500x375.jpg 500w, https:\/\/www.cpv-ev.com\/wp-content\/uploads\/2021\/01\/Lonely-Twin-Golden-Dawn-1-146x110.jpg 146w, https:\/\/www.cpv-ev.com\/wp-content\/uploads\/2021\/01\/Lonely-Twin-Golden-Dawn-1.jpg 750w\" sizes=\"auto, (max-width: 147px) 100vw, 147px\" \/><\/a> <a href=\"https:\/\/www.cpv-ev.com\/wp-content\/uploads\/2021\/01\/Lonely-Twin-Golden-Dawn.jpg\"><img loading=\"lazy\" decoding=\"async\" class=\"alignnone size-thumbnail wp-image-25514\" src=\"https:\/\/www.cpv-ev.com\/wp-content\/uploads\/2021\/01\/Lonely-Twin-Golden-Dawn-147x110.jpg\" alt=\"\" width=\"147\" height=\"110\" srcset=\"https:\/\/www.cpv-ev.com\/wp-content\/uploads\/2021\/01\/Lonely-Twin-Golden-Dawn-147x110.jpg 147w, https:\/\/www.cpv-ev.com\/wp-content\/uploads\/2021\/01\/Lonely-Twin-Golden-Dawn-300x225.jpg 300w, https:\/\/www.cpv-ev.com\/wp-content\/uploads\/2021\/01\/Lonely-Twin-Golden-Dawn-500x375.jpg 500w, https:\/\/www.cpv-ev.com\/wp-content\/uploads\/2021\/01\/Lonely-Twin-Golden-Dawn-146x110.jpg 146w, https:\/\/www.cpv-ev.com\/wp-content\/uploads\/2021\/01\/Lonely-Twin-Golden-Dawn.jpg 750w\" sizes=\"auto, (max-width: 147px) 100vw, 147px\" \/><\/a> <a href=\"https:\/\/www.cpv-ev.com\/wp-content\/uploads\/2021\/01\/Lonely-Twin-Golden-Dawn-Seite.jpg\"><img loading=\"lazy\" decoding=\"async\" class=\"alignnone size-thumbnail wp-image-25513\" src=\"https:\/\/www.cpv-ev.com\/wp-content\/uploads\/2021\/01\/Lonely-Twin-Golden-Dawn-Seite-147x110.jpg\" alt=\"\" width=\"147\" height=\"110\" srcset=\"https:\/\/www.cpv-ev.com\/wp-content\/uploads\/2021\/01\/Lonely-Twin-Golden-Dawn-Seite-147x110.jpg 147w, https:\/\/www.cpv-ev.com\/wp-content\/uploads\/2021\/01\/Lonely-Twin-Golden-Dawn-Seite-300x225.jpg 300w, https:\/\/www.cpv-ev.com\/wp-content\/uploads\/2021\/01\/Lonely-Twin-Golden-Dawn-Seite-500x375.jpg 500w, https:\/\/www.cpv-ev.com\/wp-content\/uploads\/2021\/01\/Lonely-Twin-Golden-Dawn-Seite-146x110.jpg 146w, https:\/\/www.cpv-ev.com\/wp-content\/uploads\/2021\/01\/Lonely-Twin-Golden-Dawn-Seite.jpg 644w\" sizes=\"auto, (max-width: 147px) 100vw, 147px\" \/><\/a><\/p>\n<h5>Nachkommen<\/h5>\n\n<table id=\"tablepress-18\" class=\"tablepress tablepress-id-18 mtr-table mtr-thead-th\">\n<thead>\n<tr class=\"row-1\">\n\t<th class=\"column-1 mtr-th-tag\" data-mtr-content=\"FOTO\"><div class=\"mtr-cell-content\">FOTO<\/div><\/th><th class=\"column-2 mtr-th-tag\" data-mtr-content=\"NAME\"><div class=\"mtr-cell-content\">NAME<\/div><\/th><th class=\"column-3 mtr-th-tag\" data-mtr-content=\"JAHR\"><div class=\"mtr-cell-content\">JAHR<\/div><\/th><th class=\"column-4 mtr-th-tag\" data-mtr-content=\"VATER\"><div class=\"mtr-cell-content\">VATER<\/div><\/th><th class=\"column-5 mtr-th-tag\" data-mtr-content=\"MUTTER\"><div class=\"mtr-cell-content\">MUTTER<\/div><\/th><th class=\"column-6 mtr-th-tag\" data-mtr-content=\"Z\u00dcCHTER\"><div class=\"mtr-cell-content\">Z\u00dcCHTER<\/div><\/th>\n<\/tr>\n<\/thead>\n<tbody class=\"row-striping row-hover\">\n<tr class=\"row-2\">\n\t<td class=\"column-1 mtr-td-tag\" data-mtr-content=\"FOTO\"><div class=\"mtr-cell-content\"><\/div><\/td><td class=\"column-2 mtr-td-tag\" data-mtr-content=\"NAME\"><div class=\"mtr-cell-content\"><b>ANATOL<\/b><br>ANATOL 73 (FN)<br>DE384840116693<br><br>Wallach<br>Schimmel<br>1993<br><br><\/div><\/td><td class=\"column-3 mtr-td-tag\" data-mtr-content=\"JAHR\"><div class=\"mtr-cell-content\">1993<\/div><\/td><td class=\"column-4 mtr-td-tag\" data-mtr-content=\"VATER\"><div class=\"mtr-cell-content\">Lonely Twin Golden Dawn<\/div><\/td><td class=\"column-5 mtr-td-tag\" data-mtr-content=\"MUTTER\"><div class=\"mtr-cell-content\">Ginger<br>v. Nantesbusch<\/div><\/td><td class=\"column-6 mtr-td-tag\" data-mtr-content=\"Z\u00dcCHTER\"><div class=\"mtr-cell-content\">Penancing-Brook<br>Konrad Weggel<br>94588 Eckersdorf<br><\/div><\/td>\n<\/tr>\n<tr class=\"row-3\">\n\t<td class=\"column-1 mtr-td-tag\" data-mtr-content=\"FOTO\"><div class=\"mtr-cell-content\"><\/div><\/td><td class=\"column-2 mtr-td-tag\" data-mtr-content=\"NAME\"><div class=\"mtr-cell-content\"><b>DILLTAL JELLYBEAN<\/b><br>DE363630015096<br><br>Stute<br>Rappschimmel<br>*04.05.1996<br><br><\/div><\/td><td class=\"column-3 mtr-td-tag\" data-mtr-content=\"JAHR\"><div class=\"mtr-cell-content\">1996<\/div><\/td><td class=\"column-4 mtr-td-tag\" data-mtr-content=\"VATER\"><div class=\"mtr-cell-content\">Lonely Twin Golden Dawn<\/div><\/td><td class=\"column-5 mtr-td-tag\" data-mtr-content=\"MUTTER\"><div class=\"mtr-cell-content\">Joujou de Renival<br>v. Tulira Smasher<\/div><\/td><td class=\"column-6 mtr-td-tag\" data-mtr-content=\"Z\u00dcCHTER\"><div class=\"mtr-cell-content\">Dilltal<br>Annette Platen<br>35630 Ehringhausen<br><\/div><\/td>\n<\/tr>\n<tr class=\"row-4\">\n\t<td class=\"column-1 mtr-td-tag\" data-mtr-content=\"FOTO\"><div class=\"mtr-cell-content\"><\/div><\/td><td class=\"column-2 mtr-td-tag\" data-mtr-content=\"NAME\"><div class=\"mtr-cell-content\"><b>FINEST LADY<\/b><br><br>Stute<br>Dunkelbraunfalbe<br>1991<br><br><\/div><\/td><td class=\"column-3 mtr-td-tag\" data-mtr-content=\"JAHR\"><div class=\"mtr-cell-content\">1991<\/div><\/td><td class=\"column-4 mtr-td-tag\" data-mtr-content=\"VATER\"><div class=\"mtr-cell-content\">Lonely Twin Golden Dawn<\/div><\/td><td class=\"column-5 mtr-td-tag\" data-mtr-content=\"MUTTER\"><div class=\"mtr-cell-content\">First Lady<br>v. Bengt<\/div><\/td><td class=\"column-6 mtr-td-tag\" data-mtr-content=\"Z\u00dcCHTER\"><div class=\"mtr-cell-content\"><br><br><\/div><\/td>\n<\/tr>\n<tr class=\"row-5\">\n\t<td class=\"column-1 mtr-td-tag\" data-mtr-content=\"FOTO\"><div class=\"mtr-cell-content\"><\/div><\/td><td class=\"column-2 mtr-td-tag\" data-mtr-content=\"NAME\"><div class=\"mtr-cell-content\"><b>FIONA<\/b><br>DE384840087693<br><br>Stute<br>1993<br><br><\/div><\/td><td class=\"column-3 mtr-td-tag\" data-mtr-content=\"JAHR\"><div class=\"mtr-cell-content\">1993<\/div><\/td><td class=\"column-4 mtr-td-tag\" data-mtr-content=\"VATER\"><div class=\"mtr-cell-content\">Lonely Twin Golden Dawn<\/div><\/td><td class=\"column-5 mtr-td-tag\" data-mtr-content=\"MUTTER\"><div class=\"mtr-cell-content\">Fancy<br>v. Bengt<\/div><\/td><td class=\"column-6 mtr-td-tag\" data-mtr-content=\"Z\u00dcCHTER\"><div class=\"mtr-cell-content\">Sternbergs<br>Alexandra &amp; Peter Kr\u00e4mer<br>97529 Sulzheim-V\u00f6gnitz<br><\/div><\/td>\n<\/tr>\n<tr class=\"row-6\">\n\t<td class=\"column-1 mtr-td-tag\" data-mtr-content=\"FOTO\"><div class=\"mtr-cell-content\"><\/div><\/td><td class=\"column-2 mtr-td-tag\" data-mtr-content=\"NAME\"><div class=\"mtr-cell-content\"><b>GORDON<\/b><br>GORDON 389 (FN)<br>DE384840324293<br><br>Wallach<br>Schimmel<br>1993<br><br><\/div><\/td><td class=\"column-3 mtr-td-tag\" data-mtr-content=\"JAHR\"><div class=\"mtr-cell-content\">1993<\/div><\/td><td class=\"column-4 mtr-td-tag\" data-mtr-content=\"VATER\"><div class=\"mtr-cell-content\">Lonely Twin Golden Dawn<\/div><\/td><td class=\"column-5 mtr-td-tag\" data-mtr-content=\"MUTTER\"><div class=\"mtr-cell-content\">Rehberg Lotosblume<br>v. Lotos<\/div><\/td><td class=\"column-6 mtr-td-tag\" data-mtr-content=\"Z\u00dcCHTER\"><div class=\"mtr-cell-content\">Hermann Meier<br>83343 Bergen<\/div><\/td>\n<\/tr>\n<tr class=\"row-7\">\n\t<td class=\"column-1 mtr-td-tag\" data-mtr-content=\"FOTO\"><div class=\"mtr-cell-content\"><a href=\"https:\/\/www.cpv-ev.com\/wp-content\/uploads\/2013\/11\/Lemptal-Tady.jpg\"><img loading=\"lazy\" decoding=\"async\" src=\"https:\/\/www.cpv-ev.com\/wp-content\/uploads\/2013\/11\/Lemptal-Tady-110x110.jpg\" alt=\"\" width=\"110\" height=\"110\" class=\"alignnone size-thumbnail wp-image-7209\" srcset=\"https:\/\/www.cpv-ev.com\/wp-content\/uploads\/2013\/11\/Lemptal-Tady-110x110.jpg 110w, https:\/\/www.cpv-ev.com\/wp-content\/uploads\/2013\/11\/Lemptal-Tady-150x150.jpg 150w\" sizes=\"auto, (max-width: 110px) 100vw, 110px\"><\/a><\/div><\/td><td class=\"column-2 mtr-td-tag\" data-mtr-content=\"NAME\"><div class=\"mtr-cell-content\"><b>LEMPTAL TADY<\/b><br><br>Stute<br>Rappschimmel<br>*03.05.2002<br><br><\/div><\/td><td class=\"column-3 mtr-td-tag\" data-mtr-content=\"JAHR\"><div class=\"mtr-cell-content\">2002<\/div><\/td><td class=\"column-4 mtr-td-tag\" data-mtr-content=\"VATER\"><div class=\"mtr-cell-content\">Lonely Twin Golden Dawn<\/div><\/td><td class=\"column-5 mtr-td-tag\" data-mtr-content=\"MUTTER\"><div class=\"mtr-cell-content\">Fortuna Flighty<br>v. Gonzales<\/div><\/td><td class=\"column-6 mtr-td-tag\" data-mtr-content=\"Z\u00dcCHTER\"><div class=\"mtr-cell-content\">Lemptal<br>Carmen Krauskopf<br>35630 Ehringhausen<br><\/div><\/td>\n<\/tr>\n<tr class=\"row-8\">\n\t<td class=\"column-1 mtr-td-tag\" data-mtr-content=\"FOTO\"><div class=\"mtr-cell-content\"><\/div><\/td><td class=\"column-2 mtr-td-tag\" data-mtr-content=\"NAME\"><div class=\"mtr-cell-content\"><b>LENA<\/b><br><br>PARTBRED 50%<br>Stute<br>Braun<br>*20.05.2000<br><br><\/div><\/td><td class=\"column-3 mtr-td-tag\" data-mtr-content=\"JAHR\"><div class=\"mtr-cell-content\">2000<\/div><\/td><td class=\"column-4 mtr-td-tag\" data-mtr-content=\"VATER\"><div class=\"mtr-cell-content\">Lonely Twin Golden Dawn<\/div><\/td><td class=\"column-5 mtr-td-tag\" data-mtr-content=\"MUTTER\"><div class=\"mtr-cell-content\">Larina (KlDtRP)<br>v. Abu Ibn Galal ox<\/div><\/td><td class=\"column-6 mtr-td-tag\" data-mtr-content=\"Z\u00dcCHTER\"><div class=\"mtr-cell-content\"><\/div><\/td>\n<\/tr>\n<tr class=\"row-9\">\n\t<td class=\"column-1 mtr-td-tag\" data-mtr-content=\"FOTO\"><div class=\"mtr-cell-content\"><a href=\"https:\/\/www.cpv-ev.com\/wp-content\/uploads\/2013\/11\/Lonely-Twin-Gin-Tonic.jpg\"><img loading=\"lazy\" decoding=\"async\" src=\"https:\/\/www.cpv-ev.com\/wp-content\/uploads\/2013\/11\/Lonely-Twin-Gin-Tonic-e1384377300924-110x110.jpg\" alt=\"\" width=\"110\" height=\"110\" class=\"alignnone size-thumbnail wp-image-7136\"><\/a><\/div><\/td><td class=\"column-2 mtr-td-tag\" data-mtr-content=\"NAME\"><div class=\"mtr-cell-content\"><b>LONELY TWIN <br>GIN TONIC<\/b><br>DE463630034201<br><br>Hengst<br>Braunschimmel<br>*31.03.2001<br><br><\/div><\/td><td class=\"column-3 mtr-td-tag\" data-mtr-content=\"JAHR\"><div class=\"mtr-cell-content\">2001<\/div><\/td><td class=\"column-4 mtr-td-tag\" data-mtr-content=\"VATER\"><div class=\"mtr-cell-content\">Lonely Twin Golden Dawn<\/div><\/td><td class=\"column-5 mtr-td-tag\" data-mtr-content=\"MUTTER\"><div class=\"mtr-cell-content\">Grange Surf's Charm<br>v. Grange Bobbing Sparrow<\/div><\/td><td class=\"column-6 mtr-td-tag\" data-mtr-content=\"Z\u00dcCHTER\"><div class=\"mtr-cell-content\">Lonely Twin<br>Sabine &amp; Peter Buschmann<br>35753 Greifenstein<br><\/div><\/td>\n<\/tr>\n<tr class=\"row-10\">\n\t<td class=\"column-1 mtr-td-tag\" data-mtr-content=\"FOTO\"><div class=\"mtr-cell-content\"><\/div><\/td><td class=\"column-2 mtr-td-tag\" data-mtr-content=\"NAME\"><div class=\"mtr-cell-content\"><b>LONELY TWIN <br>GOLDEN DUSK<\/b><br>DE363630019697<br><br>Hengst<br>Braunschimmel<br>*22.04.1997<br><br><\/div><\/td><td class=\"column-3 mtr-td-tag\" data-mtr-content=\"JAHR\"><div class=\"mtr-cell-content\">1997<\/div><\/td><td class=\"column-4 mtr-td-tag\" data-mtr-content=\"VATER\"><div class=\"mtr-cell-content\">Lonely Twin Golden Dawn<\/div><\/td><td class=\"column-5 mtr-td-tag\" data-mtr-content=\"MUTTER\"><div class=\"mtr-cell-content\">Grange Surf's Charm<br>v. Grange Bobbing Sparrow<\/div><\/td><td class=\"column-6 mtr-td-tag\" data-mtr-content=\"Z\u00dcCHTER\"><div class=\"mtr-cell-content\">Lonely Twin<br>Sabine &amp; Peter Buschmann<br>35753 Greifenstein<br><\/div><\/td>\n<\/tr>\n<tr class=\"row-11\">\n\t<td class=\"column-1 mtr-td-tag\" data-mtr-content=\"FOTO\"><div class=\"mtr-cell-content\"><\/div><\/td><td class=\"column-2 mtr-td-tag\" data-mtr-content=\"NAME\"><div class=\"mtr-cell-content\"><b>PENANCING-BROOK <br>ACCIDENT LAMBADA<\/b><br>DE384840116593<br>HM<br><br>Stute<br>Schimmel<br>1993<br><br><\/div><\/td><td class=\"column-3 mtr-td-tag\" data-mtr-content=\"JAHR\"><div class=\"mtr-cell-content\">1993<\/div><\/td><td class=\"column-4 mtr-td-tag\" data-mtr-content=\"VATER\"><div class=\"mtr-cell-content\">Lonely Twin Golden Dawn<\/div><\/td><td class=\"column-5 mtr-td-tag\" data-mtr-content=\"MUTTER\"><div class=\"mtr-cell-content\">Angie<br>v. May Prince<\/div><\/td><td class=\"column-6 mtr-td-tag\" data-mtr-content=\"Z\u00dcCHTER\"><div class=\"mtr-cell-content\">Penancing-Brook<br>Konrad Weggel<br>94588 Eckersdorf<br><\/div><\/td>\n<\/tr>\n<tr class=\"row-12\">\n\t<td class=\"column-1 mtr-td-tag\" data-mtr-content=\"FOTO\"><div class=\"mtr-cell-content\"><\/div><\/td><td class=\"column-2 mtr-td-tag\" data-mtr-content=\"NAME\"><div class=\"mtr-cell-content\"><b>PENANCING-BROOK <br>ARISTOCRACY DUSTY<\/b><br>DE384840111792<br>LGS 74 EUR (2016)<br><br>Stute<br>Rappe<br>1992<br><br><\/div><\/td><td class=\"column-3 mtr-td-tag\" data-mtr-content=\"JAHR\"><div class=\"mtr-cell-content\">1992<\/div><\/td><td class=\"column-4 mtr-td-tag\" data-mtr-content=\"VATER\"><div class=\"mtr-cell-content\">Lonely Twin Golden Dawn<\/div><\/td><td class=\"column-5 mtr-td-tag\" data-mtr-content=\"MUTTER\"><div class=\"mtr-cell-content\">Atlanta<br>v.  Bengt<\/div><\/td><td class=\"column-6 mtr-td-tag\" data-mtr-content=\"Z\u00dcCHTER\"><div class=\"mtr-cell-content\">Penancing-Brook<br>Konrad Weggel<br>94588 Eckersdorf<br><\/div><\/td>\n<\/tr>\n<tr class=\"row-13\">\n\t<td class=\"column-1 mtr-td-tag\" data-mtr-content=\"FOTO\"><div class=\"mtr-cell-content\"><\/div><\/td><td class=\"column-2 mtr-td-tag\" data-mtr-content=\"NAME\"><div class=\"mtr-cell-content\"><b>PENANCING-BROOK <br>FALLING STAR<\/b><br><br>Stute<br>1992<br><br><\/div><\/td><td class=\"column-3 mtr-td-tag\" data-mtr-content=\"JAHR\"><div class=\"mtr-cell-content\">1992<\/div><\/td><td class=\"column-4 mtr-td-tag\" data-mtr-content=\"VATER\"><div class=\"mtr-cell-content\">Lonely Twin Golden Dawn<\/div><\/td><td class=\"column-5 mtr-td-tag\" data-mtr-content=\"MUTTER\"><div class=\"mtr-cell-content\">Farina<br>v. Bengt a.d. Finess<\/div><\/td><td class=\"column-6 mtr-td-tag\" data-mtr-content=\"Z\u00dcCHTER\"><div class=\"mtr-cell-content\">Penancing-Brook<br>Konrad Weggel<br>94588 Eckersdorf<br><\/div><\/td>\n<\/tr>\n<tr class=\"row-14\">\n\t<td class=\"column-1 mtr-td-tag\" data-mtr-content=\"FOTO\"><div class=\"mtr-cell-content\"><\/div><\/td><td class=\"column-2 mtr-td-tag\" data-mtr-content=\"NAME\"><div class=\"mtr-cell-content\"><b>PENANCING-BROOK <br>GAMBLING DANCER<\/b><br><br>Wallach<br>1993<br><br><\/div><\/td><td class=\"column-3 mtr-td-tag\" data-mtr-content=\"JAHR\"><div class=\"mtr-cell-content\">1993<\/div><\/td><td class=\"column-4 mtr-td-tag\" data-mtr-content=\"VATER\"><div class=\"mtr-cell-content\">Lonely Twin Golden Dawn<\/div><\/td><td class=\"column-5 mtr-td-tag\" data-mtr-content=\"MUTTER\"><div class=\"mtr-cell-content\">Farina<br>v. Bengt a.d. Finess<\/div><\/td><td class=\"column-6 mtr-td-tag\" data-mtr-content=\"Z\u00dcCHTER\"><div class=\"mtr-cell-content\">Penancing-Brook<br>Konrad Weggel<br>94588 Eckersdorf<br><\/div><\/td>\n<\/tr>\n<tr class=\"row-15\">\n\t<td class=\"column-1 mtr-td-tag\" data-mtr-content=\"FOTO\"><div class=\"mtr-cell-content\"><\/div><\/td><td class=\"column-2 mtr-td-tag\" data-mtr-content=\"NAME\"><div class=\"mtr-cell-content\"><b>PENANCING-BROOK <br>GIPSY<\/b><br>GIPSY 239 (FN)<br>DE384840111592<br><br>PARTBRED 50%<br>Stute<br>Braun<br>*16.03.1992<br>138 cm<br><br><\/div><\/td><td class=\"column-3 mtr-td-tag\" data-mtr-content=\"JAHR\"><div class=\"mtr-cell-content\">1992<\/div><\/td><td class=\"column-4 mtr-td-tag\" data-mtr-content=\"VATER\"><div class=\"mtr-cell-content\">Lonely Twin Golden Dawn<\/div><\/td><td class=\"column-5 mtr-td-tag\" data-mtr-content=\"MUTTER\"><div class=\"mtr-cell-content\">Ginger<br>v. Nantesbusch<\/div><\/td><td class=\"column-6 mtr-td-tag\" data-mtr-content=\"Z\u00dcCHTER\"><div class=\"mtr-cell-content\">Penancing-Brook<br>Konrad Weggel<br>94588 Eckersdorf<br><\/div><\/td>\n<\/tr>\n<tr class=\"row-16\">\n\t<td class=\"column-1 mtr-td-tag\" data-mtr-content=\"FOTO\"><div class=\"mtr-cell-content\"><\/div><\/td><td class=\"column-2 mtr-td-tag\" data-mtr-content=\"NAME\"><div class=\"mtr-cell-content\"><b>PENANCING-BROOK <br>GISMORE<\/b><br>GISMORE 6 (FN)<br>DE384840111392<br><br>Wallach<br>Dunkelbraun<br>1992<br><br><\/div><\/td><td class=\"column-3 mtr-td-tag\" data-mtr-content=\"JAHR\"><div class=\"mtr-cell-content\">1992<\/div><\/td><td class=\"column-4 mtr-td-tag\" data-mtr-content=\"VATER\"><div class=\"mtr-cell-content\">Lonely Twin Golden Dawn<\/div><\/td><td class=\"column-5 mtr-td-tag\" data-mtr-content=\"MUTTER\"><div class=\"mtr-cell-content\">Angie<br>v. May Prince<\/div><\/td><td class=\"column-6 mtr-td-tag\" data-mtr-content=\"Z\u00dcCHTER\"><div class=\"mtr-cell-content\">Penancing-Brook<br>Konrad Weggel<br>94588 Eckersdorf<br><\/div><\/td>\n<\/tr>\n<tr class=\"row-17\">\n\t<td class=\"column-1 mtr-td-tag\" data-mtr-content=\"FOTO\"><div class=\"mtr-cell-content\"><\/div><\/td><td class=\"column-2 mtr-td-tag\" data-mtr-content=\"NAME\"><div class=\"mtr-cell-content\"><b>PENANCING-BROOK <br>GLIMMER OF HOPE<\/b><br><br>Wallach<br>Schimmel<br>1993<br><br><\/div><\/td><td class=\"column-3 mtr-td-tag\" data-mtr-content=\"JAHR\"><div class=\"mtr-cell-content\">1993<\/div><\/td><td class=\"column-4 mtr-td-tag\" data-mtr-content=\"VATER\"><div class=\"mtr-cell-content\">Lonely Twin Golden Dawn<\/div><\/td><td class=\"column-5 mtr-td-tag\" data-mtr-content=\"MUTTER\"><div class=\"mtr-cell-content\">Penancing-Brook Fini<br>v. Golden Gori<\/div><\/td><td class=\"column-6 mtr-td-tag\" data-mtr-content=\"Z\u00dcCHTER\"><div class=\"mtr-cell-content\">Penancing-Brook<br>Konrad Weggel<br>94588 Eckersdorf<br><\/div><\/td>\n<\/tr>\n<tr class=\"row-18\">\n\t<td class=\"column-1 mtr-td-tag\" data-mtr-content=\"FOTO\"><div class=\"mtr-cell-content\"><\/div><\/td><td class=\"column-2 mtr-td-tag\" data-mtr-content=\"NAME\"><div class=\"mtr-cell-content\"><b>SARAH<\/b><br>DE384840116993<br><br>Stute<br>Braun<br>1993<br><br><\/div><\/td><td class=\"column-3 mtr-td-tag\" data-mtr-content=\"JAHR\"><div class=\"mtr-cell-content\">1993<\/div><\/td><td class=\"column-4 mtr-td-tag\" data-mtr-content=\"VATER\"><div class=\"mtr-cell-content\">Lonely Twin Golden Dawn<\/div><\/td><td class=\"column-5 mtr-td-tag\" data-mtr-content=\"MUTTER\"><div class=\"mtr-cell-content\">Sue<br>v. Sarsfield 579<\/div><\/td><td class=\"column-6 mtr-td-tag\" data-mtr-content=\"Z\u00dcCHTER\"><div class=\"mtr-cell-content\"><br><br><\/div><\/td>\n<\/tr>\n<tr class=\"row-19\">\n\t<td class=\"column-1 mtr-td-tag\" data-mtr-content=\"FOTO\"><div class=\"mtr-cell-content\"><\/div><\/td><td class=\"column-2 mtr-td-tag\" data-mtr-content=\"NAME\"><div class=\"mtr-cell-content\"><b>URDIKA<\/b><br>DE363630073697<br><br>Stute<br>Fuchsfalbe<br>*21.05.1997<br><br><\/div><\/td><td class=\"column-3 mtr-td-tag\" data-mtr-content=\"JAHR\"><div class=\"mtr-cell-content\">1997<\/div><\/td><td class=\"column-4 mtr-td-tag\" data-mtr-content=\"VATER\"><div class=\"mtr-cell-content\">Lonely Twin Golden Dawn<\/div><\/td><td class=\"column-5 mtr-td-tag\" data-mtr-content=\"MUTTER\"><div class=\"mtr-cell-content\">Urania<br>v. Flashy Lad<\/div><\/td><td class=\"column-6 mtr-td-tag\" data-mtr-content=\"Z\u00dcCHTER\"><div class=\"mtr-cell-content\"><\/div><\/td>\n<\/tr>\n<tr class=\"row-20\">\n\t<td class=\"column-1 mtr-td-tag\" data-mtr-content=\"FOTO\"><div class=\"mtr-cell-content\"><\/div><\/td><td class=\"column-2 mtr-td-tag\" data-mtr-content=\"NAME\"><div class=\"mtr-cell-content\"><b>LANCELOT<\/b><br>LANCELOT 186 (FN)<br>DE384840111992<br><br>Wallach<br>Schwarzbraun<br>1992<br><br><\/div><\/td><td class=\"column-3 mtr-td-tag\" data-mtr-content=\"JAHR\"><div class=\"mtr-cell-content\">1992<\/div><\/td><td class=\"column-4 mtr-td-tag\" data-mtr-content=\"VATER\"><div class=\"mtr-cell-content\">Lonely Twin Golden Dawn<\/div><\/td><td class=\"column-5 mtr-td-tag\" data-mtr-content=\"MUTTER\"><div class=\"mtr-cell-content\">Mona<br>v. Juwel<\/div><\/td><td class=\"column-6 mtr-td-tag\" data-mtr-content=\"Z\u00dcCHTER\"><div class=\"mtr-cell-content\">Limerhof<br>Josef Schmitt<br>91344 Waischenfeld<br><\/div><\/td>\n<\/tr>\n<\/tbody>\n<\/table>\n<!-- #tablepress-18 from cache -->\n","protected":false},"excerpt":{"rendered":"<p>&nbsp; Farbe: Schimmel Hengstbuch: Hessen HB I Geboren: 1987 Leistungspr\u00fcfung: 1992 Erbach, 30 TT, WN 6,95 (Rang 2\/13) Stockma\u00df: 149 cm Tr\u00e4ger des Creme-Faktors: ja R\u00f6hrbein: 18,5 cm Tr\u00e4ger des Fuchsgens: unbekannt Ausgeschieden: kastriert Gek\u00f6rte S\u00f6hne: keine Eingetragene Stuten: 4 <a class=\"more-link\" href=\"https:\/\/www.cpv-ev.com\/?page_id=9378\"><span class=\"screen-reader-text\">  Lonely Twin Golden Dawn<\/span> weiterlesen<span class=\"meta-nav\">&rarr;<\/span><\/a><\/p>\n","protected":false},"author":2,"featured_media":0,"parent":11817,"menu_order":0,"comment_status":"closed","ping_status":"closed","template":"","meta":{"ngg_post_thumbnail":0,"footnotes":""},"class_list":["post-9378","page","type-page","status-publish","hentry"],"_links":{"self":[{"href":"https:\/\/www.cpv-ev.com\/index.php?rest_route=\/wp\/v2\/pages\/9378","targetHints":{"allow":["GET"]}}],"collection":[{"href":"https:\/\/www.cpv-ev.com\/index.php?rest_route=\/wp\/v2\/pages"}],"about":[{"href":"https:\/\/www.cpv-ev.com\/index.php?rest_route=\/wp\/v2\/types\/page"}],"author":[{"embeddable":true,"href":"https:\/\/www.cpv-ev.com\/index.php?rest_route=\/wp\/v2\/users\/2"}],"replies":[{"embeddable":true,"href":"https:\/\/www.cpv-ev.com\/index.php?rest_route=%2Fwp%2Fv2%2Fcomments&post=9378"}],"version-history":[{"count":0,"href":"https:\/\/www.cpv-ev.com\/index.php?rest_route=\/wp\/v2\/pages\/9378\/revisions"}],"up":[{"embeddable":true,"href":"https:\/\/www.cpv-ev.com\/index.php?rest_route=\/wp\/v2\/pages\/11817"}],"wp:attachment":[{"href":"https:\/\/www.cpv-ev.com\/index.php?rest_route=%2Fwp%2Fv2%2Fmedia&parent=9378"}],"curies":[{"name":"wp","href":"https:\/\/api.w.org\/{rel}","templated":true}]}}