{"id":9354,"date":"2014-02-16T20:48:23","date_gmt":"2014-02-16T18:48:23","guid":{"rendered":"https:\/\/www.cpv-ev.com\/?page_id=9354"},"modified":"2016-06-13T12:42:38","modified_gmt":"2016-06-13T10:42:38","slug":"doilin-star","status":"publish","type":"page","link":"https:\/\/www.cpv-ev.com\/?page_id=9354","title":{"rendered":"Doilin Star"},"content":{"rendered":"<p>&nbsp;<\/p>\n<table border=\"1\" cellspacing=\"0\" cellpadding=\"0\">\n<tbody>\n<tr>\n<td valign=\"top\" width=\"359\"><strong>Farbe:<\/strong> Braun<\/td>\n<td valign=\"top\" width=\"359\"><strong>Hengstbuch:<\/strong> 851 CPBS,<br \/>\nin Deutschland nicht gek\u00f6rt<\/td>\n<\/tr>\n<tr>\n<td valign=\"top\" width=\"359\"><strong>Geboren:<\/strong> 1985<\/td>\n<td valign=\"top\" width=\"359\"><strong>Leistungspr\u00fcfung:<\/strong><\/td>\n<\/tr>\n<tr>\n<td valign=\"top\" width=\"359\"><strong>Stockma\u00df: <\/strong>145 cm<strong><br \/>\n<\/strong><\/td>\n<td valign=\"top\" width=\"359\"><strong>Tr\u00e4ger des Creme-Faktors:<\/strong> nein<\/td>\n<\/tr>\n<tr>\n<td valign=\"top\" width=\"359\"><strong>R\u00f6hrbein: <\/strong><strong><br \/>\n<\/strong><\/td>\n<td valign=\"top\" width=\"359\"><strong>Tr\u00e4ger des Fuchsgens:<\/strong> unbekannt<\/td>\n<\/tr>\n<tr>\n<td valign=\"top\" width=\"359\"><strong>Ausgeschieden: <\/strong>kastriert<strong><br \/>\n<\/strong><\/td>\n<td valign=\"top\" width=\"359\"><\/td>\n<\/tr>\n<tr>\n<td valign=\"top\" width=\"359\"><img loading=\"lazy\" decoding=\"async\" class=\"alignnone size-full wp-image-232\" src=\"https:\/\/www.cpv-ev.com\/wp-content\/uploads\/2012\/07\/trans240x10.gif\" alt=\"trans240x10\" width=\"240\" height=\"10\" srcset=\"https:\/\/www.cpv-ev.com\/wp-content\/uploads\/2012\/07\/trans240x10.gif 240w, https:\/\/www.cpv-ev.com\/wp-content\/uploads\/2012\/07\/trans240x10-225x10.gif 225w\" sizes=\"auto, (max-width: 240px) 100vw, 240px\" \/><\/td>\n<td valign=\"top\" width=\"359\"><\/td>\n<\/tr>\n<tr>\n<td valign=\"top\" width=\"359\"><strong>Gek\u00f6rte S\u00f6hne: <\/strong>Coral Strand (IRL)<strong><br \/>\n<\/strong><\/td>\n<td valign=\"top\" width=\"359\"><strong>Eingetragene Stuten: <\/strong>&#8211;<strong><br \/>\n<strong>davon StPrSt: <\/strong><\/strong>&#8211;<strong><strong><br \/>\n<strong>Irland:<\/strong> <\/strong><\/strong>3<\/td>\n<\/tr>\n<tr>\n<td valign=\"top\" width=\"359\"><img loading=\"lazy\" decoding=\"async\" src=\"https:\/\/www.cpv-ev.com\/wp-content\/uploads\/2012\/07\/trans240x10.gif\" alt=\"trans240x10\" width=\"240\" height=\"10\" \/><\/td>\n<td valign=\"top\" width=\"359\"><\/td>\n<\/tr>\n<tr>\n<td valign=\"top\" width=\"359\"><strong>Lebensgewinnsumme:<\/strong> &#8211;<img loading=\"lazy\" decoding=\"async\" class=\"alignnone size-full wp-image-232\" title=\"trans240x10\" src=\"https:\/\/www.cpv-ev.com\/wp-content\/uploads\/2012\/07\/trans240x10.gif\" alt=\"\" width=\"100\" height=\"20\" \/><\/td>\n<td valign=\"top\" width=\"359\"><strong>Nachkommen-LGS: <\/strong>&#8211;<strong><br \/>\n<\/strong><\/td>\n<\/tr>\n<tr>\n<td colspan=\"2\" valign=\"top\" width=\"717\"><img loading=\"lazy\" decoding=\"async\" src=\"https:\/\/www.cpv-ev.com\/wp-content\/uploads\/2012\/07\/trans240x10.gif\" alt=\"trans240x10\" width=\"240\" height=\"10\" \/><\/td>\n<\/tr>\n<tr>\n<td colspan=\"2\" valign=\"top\" width=\"717\"><strong><strong>Z\u00fcchter: <\/strong><\/strong>P. McDonagh, Irland<strong><strong><br \/>\n<\/strong><\/strong><strong>Besitzer: <\/strong>D.J.K. Bonifazhof, Wagh\u00e4usel<strong><br \/>\n<\/strong><\/td>\n<\/tr>\n<tr>\n<td valign=\"top\" width=\"359\"><\/td>\n<td valign=\"top\" width=\"359\"><\/td>\n<\/tr>\n<tr>\n<td colspan=\"2\" valign=\"top\" width=\"717\"><\/td>\n<\/tr>\n<\/tbody>\n<\/table>\n<h5>Pedigree<\/h5>\n<p><img loading=\"lazy\" decoding=\"async\" class=\"alignnone size-full wp-image-11210\" src=\"https:\/\/www.cpv-ev.com\/wp-content\/uploads\/2014\/05\/Doilin-Star.jpg\" alt=\"Doilin Star\" width=\"680\" height=\"320\" srcset=\"https:\/\/www.cpv-ev.com\/wp-content\/uploads\/2014\/05\/Doilin-Star.jpg 680w, https:\/\/www.cpv-ev.com\/wp-content\/uploads\/2014\/05\/Doilin-Star-233x110.jpg 233w, https:\/\/www.cpv-ev.com\/wp-content\/uploads\/2014\/05\/Doilin-Star-300x141.jpg 300w, https:\/\/www.cpv-ev.com\/wp-content\/uploads\/2014\/05\/Doilin-Star-500x235.jpg 500w\" sizes=\"auto, (max-width: 680px) 100vw, 680px\" \/><\/p>\n<h5>Galerie<\/h5>\n<p>&nbsp;<\/p>\n<h5>Nachkommen<\/h5>\n[table \u201c12\u201d not found \/]<br \/>\n\n","protected":false},"excerpt":{"rendered":"<p>&nbsp; Farbe: Braun Hengstbuch: 851 CPBS, in Deutschland nicht gek\u00f6rt Geboren: 1985 Leistungspr\u00fcfung: Stockma\u00df: 145 cm Tr\u00e4ger des Creme-Faktors: nein R\u00f6hrbein: Tr\u00e4ger des Fuchsgens: unbekannt Ausgeschieden: kastriert Gek\u00f6rte S\u00f6hne: Coral Strand (IRL) Eingetragene Stuten: &#8211; davon StPrSt: &#8211; Irland: 3 <a class=\"more-link\" href=\"https:\/\/www.cpv-ev.com\/?page_id=9354\"><span class=\"screen-reader-text\">  Doilin Star<\/span> weiterlesen<span class=\"meta-nav\">&rarr;<\/span><\/a><\/p>\n","protected":false},"author":2,"featured_media":0,"parent":11804,"menu_order":0,"comment_status":"closed","ping_status":"closed","template":"","meta":{"ngg_post_thumbnail":0,"footnotes":""},"class_list":["post-9354","page","type-page","status-publish","hentry"],"_links":{"self":[{"href":"https:\/\/www.cpv-ev.com\/index.php?rest_route=\/wp\/v2\/pages\/9354","targetHints":{"allow":["GET"]}}],"collection":[{"href":"https:\/\/www.cpv-ev.com\/index.php?rest_route=\/wp\/v2\/pages"}],"about":[{"href":"https:\/\/www.cpv-ev.com\/index.php?rest_route=\/wp\/v2\/types\/page"}],"author":[{"embeddable":true,"href":"https:\/\/www.cpv-ev.com\/index.php?rest_route=\/wp\/v2\/users\/2"}],"replies":[{"embeddable":true,"href":"https:\/\/www.cpv-ev.com\/index.php?rest_route=%2Fwp%2Fv2%2Fcomments&post=9354"}],"version-history":[{"count":0,"href":"https:\/\/www.cpv-ev.com\/index.php?rest_route=\/wp\/v2\/pages\/9354\/revisions"}],"up":[{"embeddable":true,"href":"https:\/\/www.cpv-ev.com\/index.php?rest_route=\/wp\/v2\/pages\/11804"}],"wp:attachment":[{"href":"https:\/\/www.cpv-ev.com\/index.php?rest_route=%2Fwp%2Fv2%2Fmedia&parent=9354"}],"curies":[{"name":"wp","href":"https:\/\/api.w.org\/{rel}","templated":true}]}}