{"id":8854,"date":"2014-02-15T20:26:12","date_gmt":"2014-02-15T18:26:12","guid":{"rendered":"https:\/\/www.cpv-ev.com\/?page_id=8854"},"modified":"2021-01-25T15:36:19","modified_gmt":"2021-01-25T13:36:19","slug":"flaneur","status":"publish","type":"page","link":"https:\/\/www.cpv-ev.com\/?page_id=8854","title":{"rendered":"Flaneur"},"content":{"rendered":"<p>&nbsp;<\/p>\n<table cellspacing=\"0\" cellpadding=\"0\" border=\"1\">\n<tbody>\n<tr>\n<td width=\"359\" valign=\"top\"><strong>Farbe:<\/strong> Schimmel<\/td>\n<td width=\"359\" valign=\"top\"><strong>Hengstbuch: <\/strong>Hannover HB I<strong><br \/>\n<\/strong><\/td>\n<\/tr>\n<tr>\n<td width=\"359\" valign=\"top\"><strong>Geboren:<\/strong> 1973<\/td>\n<td width=\"359\" valign=\"top\"><strong>Leistungspr\u00fcfung: <\/strong><strong><br \/>\n<\/strong><\/td>\n<\/tr>\n<tr>\n<td width=\"359\" valign=\"top\"><strong>Stockma\u00df: <\/strong>148 cm<strong><br \/>\n<\/strong><\/td>\n<td width=\"359\" valign=\"top\"><strong>Tr\u00e4ger des Creme-Faktors:<\/strong> unbekannt<\/td>\n<\/tr>\n<tr>\n<td width=\"359\" valign=\"top\"><strong>R\u00f6hrbein: <\/strong>19 cm<strong><br \/>\n<\/strong><\/td>\n<td width=\"359\" valign=\"top\"><strong>Tr\u00e4ger des Fuchsgens:<\/strong> unbekannt<\/td>\n<\/tr>\n<tr>\n<td width=\"359\" valign=\"top\"><strong>Ausgeschieden: <\/strong><strong><br \/>\n<\/strong><\/td>\n<td width=\"359\" valign=\"top\"><\/td>\n<\/tr>\n<tr>\n<td width=\"359\" valign=\"top\"><img loading=\"lazy\" decoding=\"async\" class=\"alignnone size-full wp-image-232\" src=\"https:\/\/www.cpv-ev.com\/wp-content\/uploads\/2012\/07\/trans240x10.gif\" alt=\"trans240x10\" width=\"240\" height=\"10\" srcset=\"https:\/\/www.cpv-ev.com\/wp-content\/uploads\/2012\/07\/trans240x10.gif 240w, https:\/\/www.cpv-ev.com\/wp-content\/uploads\/2012\/07\/trans240x10-225x10.gif 225w\" sizes=\"auto, (max-width: 240px) 100vw, 240px\" \/><\/td>\n<td width=\"359\" valign=\"top\"><\/td>\n<\/tr>\n<tr>\n<td width=\"359\" valign=\"top\"><strong>Gek\u00f6rte S\u00f6hne: <\/strong><strong><br \/>\n<\/strong><\/td>\n<td width=\"359\" valign=\"top\"><strong>Eingetragene Stuten:<\/strong><\/td>\n<\/tr>\n<tr>\n<td width=\"359\" valign=\"top\"><\/td>\n<td width=\"359\" valign=\"top\"><strong>davon StPrSt:<\/strong><\/td>\n<\/tr>\n<tr>\n<td width=\"359\" valign=\"top\"><img loading=\"lazy\" decoding=\"async\" src=\"https:\/\/www.cpv-ev.com\/wp-content\/uploads\/2012\/07\/trans240x10.gif\" alt=\"trans240x10\" width=\"240\" height=\"10\"><\/td>\n<td width=\"359\" valign=\"top\"><\/td>\n<\/tr>\n<tr>\n<td width=\"359\" valign=\"top\"><strong>Lebensgewinnsumme:<\/strong><img loading=\"lazy\" decoding=\"async\" class=\"alignnone size-full wp-image-232\" title=\"trans240x10\" src=\"https:\/\/www.cpv-ev.com\/wp-content\/uploads\/2012\/07\/trans240x10.gif\" alt=\"\" width=\"100\" height=\"20\"><\/td>\n<td width=\"359\" valign=\"top\"><strong>Nachkommen-LGS:<\/strong><\/td>\n<\/tr>\n<tr>\n<td colspan=\"2\" width=\"717\" valign=\"top\"><strong>FN-Register:<\/strong> Flaneur 67<img loading=\"lazy\" decoding=\"async\" src=\"https:\/\/www.cpv-ev.com\/wp-content\/uploads\/2012\/07\/trans240x10.gif\" alt=\"trans240x10\" width=\"240\" height=\"10\"><\/td>\n<\/tr>\n<tr>\n<td colspan=\"2\" width=\"717\" valign=\"top\"><img loading=\"lazy\" decoding=\"async\" src=\"https:\/\/www.cpv-ev.com\/wp-content\/uploads\/2012\/07\/trans240x10.gif\" alt=\"trans240x10\" width=\"240\" height=\"10\"><\/td>\n<\/tr>\n<tr>\n<td colspan=\"2\" width=\"717\" valign=\"top\"><strong><strong>Z\u00fcchter: <\/strong><\/strong>Karl-Heinz Hegemann, Dom\u00e4ne Konradsdorf, Ortenberg<strong><strong><br \/>\n<\/strong><\/strong><strong>Besitzer: <\/strong>Monika Leifholz, Sottrum<strong><br \/>\n<\/strong><\/td>\n<\/tr>\n<\/tbody>\n<\/table>\n<h5>Pedigree<\/h5>\n<p><img loading=\"lazy\" decoding=\"async\" class=\"alignnone size-full wp-image-9246\" src=\"https:\/\/www.cpv-ev.com\/wp-content\/uploads\/2014\/02\/Flaneur.jpg\" alt=\"Flaneur\" width=\"680\" height=\"320\" srcset=\"https:\/\/www.cpv-ev.com\/wp-content\/uploads\/2014\/02\/Flaneur.jpg 680w, https:\/\/www.cpv-ev.com\/wp-content\/uploads\/2014\/02\/Flaneur-233x110.jpg 233w, https:\/\/www.cpv-ev.com\/wp-content\/uploads\/2014\/02\/Flaneur-300x141.jpg 300w, https:\/\/www.cpv-ev.com\/wp-content\/uploads\/2014\/02\/Flaneur-500x235.jpg 500w\" sizes=\"auto, (max-width: 680px) 100vw, 680px\" \/><\/p>\n<h5>Galerie<\/h5>\n<p><a href=\"https:\/\/www.cpv-ev.com\/wp-content\/uploads\/2021\/01\/Flaneur.jpg\"><img loading=\"lazy\" decoding=\"async\" class=\"alignnone size-thumbnail wp-image-25743\" src=\"https:\/\/www.cpv-ev.com\/wp-content\/uploads\/2021\/01\/Flaneur-100x110.jpg\" alt=\"\" width=\"100\" height=\"110\" srcset=\"https:\/\/www.cpv-ev.com\/wp-content\/uploads\/2021\/01\/Flaneur-100x110.jpg 100w, https:\/\/www.cpv-ev.com\/wp-content\/uploads\/2021\/01\/Flaneur-300x331.jpg 300w, https:\/\/www.cpv-ev.com\/wp-content\/uploads\/2021\/01\/Flaneur.jpg 370w\" sizes=\"auto, (max-width: 100px) 100vw, 100px\" \/><\/a><\/p>\n<h5>Nachkommen<\/h5>\n\n<table id=\"tablepress-18\" class=\"tablepress tablepress-id-18 mtr-table mtr-thead-th\">\n<thead>\n<tr class=\"row-1\">\n\t<th class=\"column-1 mtr-th-tag\" data-mtr-content=\"FOTO\"><div class=\"mtr-cell-content\">FOTO<\/div><\/th><th class=\"column-2 mtr-th-tag\" data-mtr-content=\"NAME\"><div class=\"mtr-cell-content\">NAME<\/div><\/th><th class=\"column-3 mtr-th-tag\" data-mtr-content=\"JAHR\"><div class=\"mtr-cell-content\">JAHR<\/div><\/th><th class=\"column-4 mtr-th-tag\" data-mtr-content=\"VATER\"><div class=\"mtr-cell-content\">VATER<\/div><\/th><th class=\"column-5 mtr-th-tag\" data-mtr-content=\"MUTTER\"><div class=\"mtr-cell-content\">MUTTER<\/div><\/th><th class=\"column-6 mtr-th-tag\" data-mtr-content=\"Z\u00dcCHTER\"><div class=\"mtr-cell-content\">Z\u00dcCHTER<\/div><\/th>\n<\/tr>\n<\/thead>\n<tbody class=\"row-striping row-hover\">\n<tr class=\"row-2\">\n\t<td class=\"column-1 mtr-td-tag\" data-mtr-content=\"FOTO\"><div class=\"mtr-cell-content\"><\/div><\/td><td class=\"column-2 mtr-td-tag\" data-mtr-content=\"NAME\"><div class=\"mtr-cell-content\"><b>CISCO BITCHI<\/b><br><br>Wallach<br>Schimmel<br>*31.05.1905<br><br><\/div><\/td><td class=\"column-3 mtr-td-tag\" data-mtr-content=\"JAHR\"><div class=\"mtr-cell-content\">1978<\/div><\/td><td class=\"column-4 mtr-td-tag\" data-mtr-content=\"VATER\"><div class=\"mtr-cell-content\">Flaneur<\/div><\/td><td class=\"column-5 mtr-td-tag\" data-mtr-content=\"MUTTER\"><div class=\"mtr-cell-content\">Bella<br>v. Mac Dara 91<\/div><\/td><td class=\"column-6 mtr-td-tag\" data-mtr-content=\"Z\u00dcCHTER\"><div class=\"mtr-cell-content\">Witthof<br>Margit Trede<br>29575 Altenmedingen<br><\/div><\/td>\n<\/tr>\n<tr class=\"row-3\">\n\t<td class=\"column-1 mtr-td-tag\" data-mtr-content=\"FOTO\"><div class=\"mtr-cell-content\"><\/div><\/td><td class=\"column-2 mtr-td-tag\" data-mtr-content=\"NAME\"><div class=\"mtr-cell-content\"><b>FANCY<\/b><br><br>Stute<br>Schimmel<br>1983<br><br><\/div><\/td><td class=\"column-3 mtr-td-tag\" data-mtr-content=\"JAHR\"><div class=\"mtr-cell-content\">1983<\/div><\/td><td class=\"column-4 mtr-td-tag\" data-mtr-content=\"VATER\"><div class=\"mtr-cell-content\">Flaneur<\/div><\/td><td class=\"column-5 mtr-td-tag\" data-mtr-content=\"MUTTER\"><div class=\"mtr-cell-content\">Folly<br>v. Lambay Bobby<\/div><\/td><td class=\"column-6 mtr-td-tag\" data-mtr-content=\"Z\u00dcCHTER\"><div class=\"mtr-cell-content\"><br><br><\/div><\/td>\n<\/tr>\n<tr class=\"row-4\">\n\t<td class=\"column-1 mtr-td-tag\" data-mtr-content=\"FOTO\"><div class=\"mtr-cell-content\"><\/div><\/td><td class=\"column-2 mtr-td-tag\" data-mtr-content=\"NAME\"><div class=\"mtr-cell-content\"><b>WENDY<\/b><br>DE334346225181<br><br>Stute<br>Dunkelfuchs<br>1981<br><br><\/div><\/td><td class=\"column-3 mtr-td-tag\" data-mtr-content=\"JAHR\"><div class=\"mtr-cell-content\">1981<\/div><\/td><td class=\"column-4 mtr-td-tag\" data-mtr-content=\"VATER\"><div class=\"mtr-cell-content\">Flaneur<\/div><\/td><td class=\"column-5 mtr-td-tag\" data-mtr-content=\"MUTTER\"><div class=\"mtr-cell-content\">Wonder<br>v. Concho<\/div><\/td><td class=\"column-6 mtr-td-tag\" data-mtr-content=\"Z\u00dcCHTER\"><div class=\"mtr-cell-content\">Dreikronen<br>Gertraud &amp; Helmut Hagemann<br>29664 Walsrode<br><\/div><\/td>\n<\/tr>\n<tr class=\"row-5\">\n\t<td class=\"column-1 mtr-td-tag\" data-mtr-content=\"FOTO\"><div class=\"mtr-cell-content\"><\/div><\/td><td class=\"column-2 mtr-td-tag\" data-mtr-content=\"NAME\"><div class=\"mtr-cell-content\"><b>WHIP<\/b><br>DE334346225179<br>NLGS 170 EUR (2016)<br><br>Stute<br>Schimmel<br>1979<br>152 cm<br><br><\/div><\/td><td class=\"column-3 mtr-td-tag\" data-mtr-content=\"JAHR\"><div class=\"mtr-cell-content\">1979<\/div><\/td><td class=\"column-4 mtr-td-tag\" data-mtr-content=\"VATER\"><div class=\"mtr-cell-content\">Flaneur<\/div><\/td><td class=\"column-5 mtr-td-tag\" data-mtr-content=\"MUTTER\"><div class=\"mtr-cell-content\">Mervyn Wintersport<br>v. Strongbow<\/div><\/td><td class=\"column-6 mtr-td-tag\" data-mtr-content=\"Z\u00dcCHTER\"><div class=\"mtr-cell-content\">Dreikronen<br>Gertraud &amp; Helmut Hagemann<br>29664 Walsrode<br><\/div><\/td>\n<\/tr>\n<tr class=\"row-6\">\n\t<td class=\"column-1 mtr-td-tag\" data-mtr-content=\"FOTO\"><div class=\"mtr-cell-content\"><\/div><\/td><td class=\"column-2 mtr-td-tag\" data-mtr-content=\"NAME\"><div class=\"mtr-cell-content\"><b>WHISPER<\/b><br>DE334346225182<br><br>Stute<br>Fuchs<br>1982<br>154 cm<br><br><\/div><\/td><td class=\"column-3 mtr-td-tag\" data-mtr-content=\"JAHR\"><div class=\"mtr-cell-content\">1982<\/div><\/td><td class=\"column-4 mtr-td-tag\" data-mtr-content=\"VATER\"><div class=\"mtr-cell-content\">Flaneur<\/div><\/td><td class=\"column-5 mtr-td-tag\" data-mtr-content=\"MUTTER\"><div class=\"mtr-cell-content\">Mervyn Wintersport<br>v. Strongbow<\/div><\/td><td class=\"column-6 mtr-td-tag\" data-mtr-content=\"Z\u00dcCHTER\"><div class=\"mtr-cell-content\">Dreikronen<br>Gertraud &amp; Helmut Hagemann<br>29664 Walsrode<br><\/div><\/td>\n<\/tr>\n<\/tbody>\n<\/table>\n<!-- #tablepress-18 from cache -->\n","protected":false},"excerpt":{"rendered":"<p>&nbsp; Farbe: Schimmel Hengstbuch: Hannover HB I Geboren: 1973 Leistungspr\u00fcfung: Stockma\u00df: 148 cm Tr\u00e4ger des Creme-Faktors: unbekannt R\u00f6hrbein: 19 cm Tr\u00e4ger des Fuchsgens: unbekannt Ausgeschieden: Gek\u00f6rte S\u00f6hne: Eingetragene Stuten: davon StPrSt: Lebensgewinnsumme: Nachkommen-LGS: FN-Register: Flaneur 67 Z\u00fcchter: Karl-Heinz Hegemann, Dom\u00e4ne <a class=\"more-link\" href=\"https:\/\/www.cpv-ev.com\/?page_id=8854\"><span class=\"screen-reader-text\">  Flaneur<\/span> weiterlesen<span class=\"meta-nav\">&rarr;<\/span><\/a><\/p>\n","protected":false},"author":2,"featured_media":0,"parent":11804,"menu_order":0,"comment_status":"closed","ping_status":"closed","template":"","meta":{"ngg_post_thumbnail":0,"footnotes":""},"class_list":["post-8854","page","type-page","status-publish","hentry"],"_links":{"self":[{"href":"https:\/\/www.cpv-ev.com\/index.php?rest_route=\/wp\/v2\/pages\/8854","targetHints":{"allow":["GET"]}}],"collection":[{"href":"https:\/\/www.cpv-ev.com\/index.php?rest_route=\/wp\/v2\/pages"}],"about":[{"href":"https:\/\/www.cpv-ev.com\/index.php?rest_route=\/wp\/v2\/types\/page"}],"author":[{"embeddable":true,"href":"https:\/\/www.cpv-ev.com\/index.php?rest_route=\/wp\/v2\/users\/2"}],"replies":[{"embeddable":true,"href":"https:\/\/www.cpv-ev.com\/index.php?rest_route=%2Fwp%2Fv2%2Fcomments&post=8854"}],"version-history":[{"count":0,"href":"https:\/\/www.cpv-ev.com\/index.php?rest_route=\/wp\/v2\/pages\/8854\/revisions"}],"up":[{"embeddable":true,"href":"https:\/\/www.cpv-ev.com\/index.php?rest_route=\/wp\/v2\/pages\/11804"}],"wp:attachment":[{"href":"https:\/\/www.cpv-ev.com\/index.php?rest_route=%2Fwp%2Fv2%2Fmedia&parent=8854"}],"curies":[{"name":"wp","href":"https:\/\/api.w.org\/{rel}","templated":true}]}}