{"id":8581,"date":"2014-02-17T11:25:42","date_gmt":"2014-02-17T09:25:42","guid":{"rendered":"https:\/\/www.cpv-ev.com\/?page_id=8581"},"modified":"2015-12-17T23:55:01","modified_gmt":"2015-12-17T21:55:01","slug":"leistungsprufung-2","status":"publish","type":"page","link":"https:\/\/www.cpv-ev.com\/?page_id=8581","title":{"rendered":"Leistungspr\u00fcfung"},"content":{"rendered":"<p>&nbsp;<\/p>\n<p>Die <strong>Leistungspr\u00fcfung<\/strong> der Stuten ist in vielen (nicht allen) Ponyzuchtverb\u00e4nden in Deutschland <strong>Voraussetzung<\/strong> f\u00fcr die Vergabe des Titels &#8222;Staatspr\u00e4mienstute&#8220; (StPrSt).<\/p>\n<p>&nbsp;<\/p>\n<p>zu den <a href=\"https:\/\/www.cpv-ev.com\/?page_id=14564\" target=\"_blank\"><strong>Ergebnissen<\/strong> <\/a><\/p>\n<p>&nbsp;<\/p>\n<p>Es gelten die Besonderen Bestimmungen der Rassen.<\/p>\n<p>&nbsp;<\/p>\n<p><strong>Auszug<\/strong> aus den <a href=\"https:\/\/www.cpv-ev.com\/wp-content\/uploads\/2014\/02\/LP-BV3-Connemara-Pony.pdf\" target=\"_blank\"><strong>Besonderen Bestimmungen<\/strong><\/a> der Rasse Connemara Pony<\/p>\n<p>&nbsp;<\/p>\n<p><strong>\u00a7 503g Zuchtstutenpr\u00fcfungen<\/strong><\/p>\n<p>Die Pr\u00fcfungen werden nach den allgemein anerkannten Regeln des Reitsports durchgef\u00fchrt. Sie sind Leistungspr\u00fcfungen im Sinne des Tierzuchtgesetzes und k\u00f6nnen als Stationspr\u00fcfung, Feldpr\u00fcfung oder als Turniersportpr\u00fcfung durchgef\u00fchrt werden.<\/p>\n<p>&nbsp;<\/p>\n<p><strong>(1) Stations- und Feldpr\u00fcfung<\/strong><\/p>\n<p>Die Zuchtstutenpr\u00fcfungen werden gem\u00e4\u00df der LP-Richtlinien f\u00fcr Leistungspr\u00fcfungen von Hengsten, Stuten und Wallachen aller Pony-, Kleinpferde- und sonstigen Rassen der ZVO durchgef\u00fchrt.<\/p>\n<p>&nbsp;<\/p>\n<p>F\u00fcr die Zuchtstutenpr\u00fcfungen gelten verbindlich die Besonderen Bestimmungen f\u00fcr Stationspr\u00fcfungen, Kurz- und Feldpr\u00fcfungen der LP-Richtlinien f\u00fcr Leistungspr\u00fcfungen von Hengsten, Stuten und Wallachen aller Pony-, Kleinpferde- und sonstigen Rassen.<\/p>\n<p>&nbsp;<\/p>\n<p>F\u00fcr <strong>Stuten<\/strong> der Rasse <strong>Connemara Pony<\/strong> werden folgende <strong>Leistungspr\u00fcfungen<\/strong> der LP-Richtlinie in der jeweils g\u00fcltigen Fassung anerkannt:<\/p>\n<p>\u00b7 Pr\u00fcfung CII &#8211; 14 Tage Stationspr\u00fcfung &#8211; Zuchtrichtung Reiten,<\/p>\n<p>\u00b7 Pr\u00fcfung CIII &#8211; 30 Tage Stationspr\u00fcfung &#8211; Zuchtrichtung Reiten\/Gel\u00e4nde<\/p>\n<p>\u00b7 Pr\u00fcfung CIV &#8211; 14 Tage Stationspr\u00fcfung &#8211; Zuchtrichtung Fahren\/Gel\u00e4nde,<\/p>\n<p>\u00b7 Pr\u00fcfung CV &#8211; 14 Tage Stationspr\u00fcfung &#8211; Zuchtrichtung Fahren,<\/p>\n<p>\u00b7 Pr\u00fcfung EI &#8211; Feldpr\u00fcfung &#8211; Zuchtrichtung Reiten,<\/p>\n<p>\u00b7 Pr\u00fcfung EIV &#8211; Feldpr\u00fcfung &#8211; Zuchtrichtung Fahren sowie<\/p>\n<p>\u00b7 Pr\u00fcfung EV &#8211; Feldpr\u00fcfung &#8211; Zuchtrichtung Fahren\/Gel\u00e4nde.<\/p>\n<p>&nbsp;<\/p>\n<p><img loading=\"lazy\" decoding=\"async\" class=\"alignleft size-thumbnail wp-image-7754\" src=\"https:\/\/www.cpv-ev.com\/wp-content\/uploads\/2014\/01\/Leistungsstutbuch-82x110.jpg\" alt=\"Leistungsstutbuch\" width=\"82\" height=\"110\" srcset=\"https:\/\/www.cpv-ev.com\/wp-content\/uploads\/2014\/01\/Leistungsstutbuch-82x110.jpg 82w, https:\/\/www.cpv-ev.com\/wp-content\/uploads\/2014\/01\/Leistungsstutbuch-300x400.jpg 300w, https:\/\/www.cpv-ev.com\/wp-content\/uploads\/2014\/01\/Leistungsstutbuch-374x500.jpg 374w, https:\/\/www.cpv-ev.com\/wp-content\/uploads\/2014\/01\/Leistungsstutbuch-110x146.jpg 110w, https:\/\/www.cpv-ev.com\/wp-content\/uploads\/2014\/01\/Leistungsstutbuch-225x300.jpg 225w, https:\/\/www.cpv-ev.com\/wp-content\/uploads\/2014\/01\/Leistungsstutbuch.jpg 562w\" sizes=\"auto, (max-width: 82px) 100vw, 82px\" \/> Stuten, die eine <strong>\u00fcberdurchschnittliche Leistungspr\u00fcfung<\/strong> absolviert haben, k\u00f6nnen auf <strong>Antrag<\/strong> in das <a href=\"https:\/\/www.cpv-ev.com\/?page_id=7368\" target=\"_blank\"><strong>Leistungsstutbuch der FN Abteilung A<\/strong> <\/a>eingetragen werden.<\/p>\n<p>&nbsp;<\/p>\n<p>&nbsp;<\/p>\n<p>&nbsp;<\/p>\n<p>&nbsp;<\/p>\n<p>&nbsp;<\/p>\n<p>&nbsp;<\/p>\n<p>&nbsp;<\/p>\n<p><strong>(2) Turniersportpr\u00fcfung<\/strong><\/p>\n<p>Alternativ zur Eigenleistungspr\u00fcfung gilt die Leistungspr\u00fcfung auch dann als abgelegt, wenn die Stuten Erfolge in <strong>Turniersportpr\u00fcfungen<\/strong> nachweisen k\u00f6nnen. Die Turniersportpr\u00fcfung wird in den Disziplinen Dressur, Springen, Vielseitigkeit und Fahren durchgef\u00fchrt.<\/p>\n<p>&nbsp;<\/p>\n<p>Folgende <strong>Turniersportergebnisse<\/strong> werden ber\u00fccksichtigt:<\/p>\n<p>die 5malige nach \u00a7 38 (2) LPO registrierte Platzierung in Aufbau- oder Turniersportpr\u00fcfungen mindestens in<\/p>\n<p>\u00b7 Dressur Kl. A oder<\/p>\n<p>\u00b7 Springen Kl. A oder<\/p>\n<p>\u00b7 Vielseitigkeit Kl. VA oder<\/p>\n<p>\u00b7 im Fahren Kl. A (Einsp\u00e4nner, kombinierte Pr\u00fcfung).<\/p>\n<p>&nbsp;<\/p>\n<p>Dar\u00fcber hinaus wird folgendes Ergebnis beim <strong>Bundesweiten Championat des Freizeitpferdes\/-ponys<\/strong> anerkannt:<\/p>\n<p>\u00b7 das Erreichen einer Mindestgesamtpunktzahl von 65 Punkten.<\/p>\n<p>&nbsp;<\/p>\n<p><img loading=\"lazy\" decoding=\"async\" class=\"alignleft size-thumbnail wp-image-7754\" src=\"https:\/\/www.cpv-ev.com\/wp-content\/uploads\/2014\/01\/Leistungsstutbuch-82x110.jpg\" alt=\"Leistungsstutbuch\" width=\"82\" height=\"110\" srcset=\"https:\/\/www.cpv-ev.com\/wp-content\/uploads\/2014\/01\/Leistungsstutbuch-82x110.jpg 82w, https:\/\/www.cpv-ev.com\/wp-content\/uploads\/2014\/01\/Leistungsstutbuch-300x400.jpg 300w, https:\/\/www.cpv-ev.com\/wp-content\/uploads\/2014\/01\/Leistungsstutbuch-374x500.jpg 374w, https:\/\/www.cpv-ev.com\/wp-content\/uploads\/2014\/01\/Leistungsstutbuch-110x146.jpg 110w, https:\/\/www.cpv-ev.com\/wp-content\/uploads\/2014\/01\/Leistungsstutbuch-225x300.jpg 225w, https:\/\/www.cpv-ev.com\/wp-content\/uploads\/2014\/01\/Leistungsstutbuch.jpg 562w\" sizes=\"auto, (max-width: 82px) 100vw, 82px\" \/>Stuten, die \u00fcber Turniererfolge verf\u00fcgen, k\u00f6nnen auf <strong>Antrag<\/strong> in das <a href=\"https:\/\/www.cpv-ev.com\/?page_id=7368\" target=\"_blank\"><strong>Leistungsstutbuch der FN Abteilung B<\/strong> <\/a>eingetragen werden.<\/p>\n<p>&nbsp;<\/p>\n<p>&nbsp;<\/p>\n<p>&nbsp;<\/p>\n<p>&nbsp;<\/p>\n<p>&nbsp;<\/p>\n<p>&nbsp;<\/p>\n<p>Seit <strong>2014<\/strong> werden die Leistungspr\u00fcfungen nicht mehr von den Landwirtschaftskammern, sondern von den <a href=\"https:\/\/www.cpv-ev.com\/?page_id=187\" target=\"_blank\"><strong>Zuchtverb\u00e4nden<\/strong><\/a> durchgef\u00fchrt. Diese stehen Ihnen mit Informationen als Ansprechpartner zur Verf\u00fcgung.<\/p>\n<p>Die FN hat f\u00fcr die bessere Koordination zwischen den Verb\u00e4nden eine <a href=\"https:\/\/www.pferd-leistungspruefung.de\/hengste-stuten-wallache-ponys-kleinpferde\" target=\"_blank\"><strong>Website<\/strong> <\/a>eingerichtet, die u.a. Termine und Ergebnisse auflistet.<\/p>\n<p>&nbsp;<\/p>\n<p>&nbsp;<\/p>\n<p>&nbsp;<\/p>\n","protected":false},"excerpt":{"rendered":"<p>&nbsp; Die Leistungspr\u00fcfung der Stuten ist in vielen (nicht allen) Ponyzuchtverb\u00e4nden in Deutschland Voraussetzung f\u00fcr die Vergabe des Titels &#8222;Staatspr\u00e4mienstute&#8220; (StPrSt). &nbsp; zu den Ergebnissen &nbsp; Es gelten die Besonderen Bestimmungen der Rassen. &nbsp; Auszug aus den Besonderen Bestimmungen der <a class=\"more-link\" href=\"https:\/\/www.cpv-ev.com\/?page_id=8581\"><span class=\"screen-reader-text\">  Leistungspr\u00fcfung<\/span> weiterlesen<span class=\"meta-nav\">&rarr;<\/span><\/a><\/p>\n","protected":false},"author":2,"featured_media":0,"parent":0,"menu_order":0,"comment_status":"closed","ping_status":"closed","template":"onecolumn-page.php","meta":{"ngg_post_thumbnail":0,"footnotes":""},"class_list":["post-8581","page","type-page","status-publish","hentry"],"_links":{"self":[{"href":"https:\/\/www.cpv-ev.com\/index.php?rest_route=\/wp\/v2\/pages\/8581","targetHints":{"allow":["GET"]}}],"collection":[{"href":"https:\/\/www.cpv-ev.com\/index.php?rest_route=\/wp\/v2\/pages"}],"about":[{"href":"https:\/\/www.cpv-ev.com\/index.php?rest_route=\/wp\/v2\/types\/page"}],"author":[{"embeddable":true,"href":"https:\/\/www.cpv-ev.com\/index.php?rest_route=\/wp\/v2\/users\/2"}],"replies":[{"embeddable":true,"href":"https:\/\/www.cpv-ev.com\/index.php?rest_route=%2Fwp%2Fv2%2Fcomments&post=8581"}],"version-history":[{"count":0,"href":"https:\/\/www.cpv-ev.com\/index.php?rest_route=\/wp\/v2\/pages\/8581\/revisions"}],"wp:attachment":[{"href":"https:\/\/www.cpv-ev.com\/index.php?rest_route=%2Fwp%2Fv2%2Fmedia&parent=8581"}],"curies":[{"name":"wp","href":"https:\/\/api.w.org\/{rel}","templated":true}]}}