{"id":8457,"date":"2014-01-26T21:23:34","date_gmt":"2014-01-26T19:23:34","guid":{"rendered":"https:\/\/www.cpv-ev.com\/?page_id=8457"},"modified":"2021-02-04T10:33:58","modified_gmt":"2021-02-04T08:33:58","slug":"barny","status":"publish","type":"page","link":"https:\/\/www.cpv-ev.com\/?page_id=8457","title":{"rendered":"Barny"},"content":{"rendered":"<p>&nbsp;<\/p>\n<table cellspacing=\"0\" cellpadding=\"0\" border=\"1\">\n<tbody>\n<tr>\n<td width=\"359\" valign=\"top\"><strong>Farbe:<\/strong> Braunfalbe<\/td>\n<td width=\"359\" valign=\"top\"><strong>Hengstbuch:<\/strong> Schleswig-Holstein HB I<\/td>\n<\/tr>\n<tr>\n<td width=\"359\" valign=\"top\"><strong>Geboren:<\/strong> 1997<\/td>\n<td width=\"359\" valign=\"top\"><strong>Leistungspr\u00fcfung: <\/strong>2001 Neustadt-Dosse,<br \/>\n30 TT, WN 7,30 (Rang 24\/33)<strong><br \/>\n<\/strong><\/td>\n<\/tr>\n<tr>\n<td width=\"359\" valign=\"top\"><strong>Stockma\u00df: <\/strong>148 cm<\/td>\n<td width=\"359\" valign=\"top\"><strong>Tr\u00e4ger des Creme-Faktors:<\/strong> ja<\/td>\n<\/tr>\n<tr>\n<td width=\"359\" valign=\"top\"><strong>R\u00f6hrbein: <\/strong><strong><br \/>\n<\/strong><\/td>\n<td width=\"359\" valign=\"top\"><strong>Tr\u00e4ger des Fuchsgens:<\/strong> unbekannt<\/td>\n<\/tr>\n<tr>\n<td width=\"359\" valign=\"top\"><strong>Ausgeschieden: <\/strong>2002 kastriert<strong><br \/>\n<\/strong><\/td>\n<td width=\"359\" valign=\"top\"><\/td>\n<\/tr>\n<tr>\n<td width=\"359\" valign=\"top\"><img loading=\"lazy\" decoding=\"async\" class=\"alignnone size-full wp-image-232\" src=\"https:\/\/www.cpv-ev.com\/wp-content\/uploads\/2012\/07\/trans240x10.gif\" alt=\"trans240x10\" width=\"240\" height=\"10\" srcset=\"https:\/\/www.cpv-ev.com\/wp-content\/uploads\/2012\/07\/trans240x10.gif 240w, https:\/\/www.cpv-ev.com\/wp-content\/uploads\/2012\/07\/trans240x10-225x10.gif 225w\" sizes=\"auto, (max-width: 240px) 100vw, 240px\" \/><\/td>\n<td width=\"359\" valign=\"top\"><\/td>\n<\/tr>\n<tr>\n<td width=\"359\" valign=\"top\"><strong>Gek\u00f6rte S\u00f6hne: <\/strong>keine<strong><br \/>\n<\/strong><\/td>\n<td width=\"359\" valign=\"top\"><strong>Eingetragene Stuten: <\/strong>2<strong><br \/>\n<\/strong><\/td>\n<\/tr>\n<tr>\n<td width=\"359\" valign=\"top\"><\/td>\n<td width=\"359\" valign=\"top\"><strong>davon StPrSt: <\/strong>&#8211;<\/td>\n<\/tr>\n<tr>\n<td width=\"359\" valign=\"top\"><img loading=\"lazy\" decoding=\"async\" src=\"https:\/\/www.cpv-ev.com\/wp-content\/uploads\/2012\/07\/trans240x10.gif\" alt=\"trans240x10\" width=\"240\" height=\"10\"><\/td>\n<td width=\"359\" valign=\"top\"><\/td>\n<\/tr>\n<tr>\n<td width=\"359\" valign=\"top\"><strong>Lebensgewinnsumme:<\/strong> 4.362 EUR (2017)<br \/>\n<strong>FN-Register:<\/strong> Barny 36<img loading=\"lazy\" decoding=\"async\" class=\"alignnone size-full wp-image-232\" title=\"trans240x10\" src=\"https:\/\/www.cpv-ev.com\/wp-content\/uploads\/2012\/07\/trans240x10.gif\" alt=\"\" width=\"100\" height=\"20\"><\/td>\n<td width=\"359\" valign=\"top\"><strong>Nachkommen-LGS: <\/strong>&#8211;<strong><br \/>\n<\/strong><\/td>\n<\/tr>\n<tr>\n<td colspan=\"2\" width=\"717\" valign=\"top\"><img loading=\"lazy\" decoding=\"async\" src=\"https:\/\/www.cpv-ev.com\/wp-content\/uploads\/2012\/07\/trans240x10.gif\" alt=\"trans240x10\" width=\"240\" height=\"10\"><\/td>\n<\/tr>\n<tr>\n<td colspan=\"2\" width=\"717\" valign=\"top\"><strong><strong>Z\u00fcchter: <\/strong><\/strong>Nicole W\u00fcstenberg, 24340 Goosefeld<strong><strong><br \/>\n<\/strong><\/strong><strong>Besitzer: <\/strong>Mona Meyer, 24227 D\u00e4nischenhagen<\/td>\n<\/tr>\n<\/tbody>\n<\/table>\n<h5>Pedigree<\/h5>\n<p><img loading=\"lazy\" decoding=\"async\" class=\"alignnone size-full wp-image-11726\" src=\"https:\/\/www.cpv-ev.com\/wp-content\/uploads\/2014\/06\/Barny-PedN.jpg\" alt=\"Barny PedN\" width=\"680\" height=\"320\" srcset=\"https:\/\/www.cpv-ev.com\/wp-content\/uploads\/2014\/06\/Barny-PedN.jpg 680w, https:\/\/www.cpv-ev.com\/wp-content\/uploads\/2014\/06\/Barny-PedN-233x110.jpg 233w, https:\/\/www.cpv-ev.com\/wp-content\/uploads\/2014\/06\/Barny-PedN-300x141.jpg 300w, https:\/\/www.cpv-ev.com\/wp-content\/uploads\/2014\/06\/Barny-PedN-500x235.jpg 500w\" sizes=\"auto, (max-width: 680px) 100vw, 680px\" \/><\/p>\n<h5>Galerie<\/h5>\n<p><a href=\"https:\/\/www.cpv-ev.com\/wp-content\/uploads\/2014\/08\/Barny.jpg\"><img loading=\"lazy\" decoding=\"async\" class=\"alignnone size-thumbnail wp-image-13754\" src=\"https:\/\/www.cpv-ev.com\/wp-content\/uploads\/2014\/08\/Barny-146x110.jpg\" alt=\"Barny\" width=\"146\" height=\"110\" srcset=\"https:\/\/www.cpv-ev.com\/wp-content\/uploads\/2014\/08\/Barny-146x110.jpg 146w, https:\/\/www.cpv-ev.com\/wp-content\/uploads\/2014\/08\/Barny-300x225.jpg 300w, https:\/\/www.cpv-ev.com\/wp-content\/uploads\/2014\/08\/Barny-500x374.jpg 500w, https:\/\/www.cpv-ev.com\/wp-content\/uploads\/2014\/08\/Barny.jpg 679w\" sizes=\"auto, (max-width: 146px) 100vw, 146px\" \/><\/a>&nbsp; <a href=\"https:\/\/www.cpv-ev.com\/wp-content\/uploads\/2014\/08\/Barny2.jpg\"><img loading=\"lazy\" decoding=\"async\" class=\"alignnone size-thumbnail wp-image-13756\" src=\"https:\/\/www.cpv-ev.com\/wp-content\/uploads\/2014\/08\/Barny2-146x110.jpg\" alt=\"Barny\" width=\"146\" height=\"110\" srcset=\"https:\/\/www.cpv-ev.com\/wp-content\/uploads\/2014\/08\/Barny2-146x110.jpg 146w, https:\/\/www.cpv-ev.com\/wp-content\/uploads\/2014\/08\/Barny2-300x225.jpg 300w, https:\/\/www.cpv-ev.com\/wp-content\/uploads\/2014\/08\/Barny2-500x375.jpg 500w, https:\/\/www.cpv-ev.com\/wp-content\/uploads\/2014\/08\/Barny2.jpg 688w\" sizes=\"auto, (max-width: 146px) 100vw, 146px\" \/>&nbsp; <\/a><a href=\"https:\/\/www.cpv-ev.com\/wp-content\/uploads\/2017\/11\/Barny.jpg\"><img loading=\"lazy\" decoding=\"async\" class=\"alignnone size-thumbnail wp-image-21058\" src=\"https:\/\/www.cpv-ev.com\/wp-content\/uploads\/2017\/11\/Barny-73x110.jpg\" alt=\"\" width=\"73\" height=\"110\" srcset=\"https:\/\/www.cpv-ev.com\/wp-content\/uploads\/2017\/11\/Barny-73x110.jpg 73w, https:\/\/www.cpv-ev.com\/wp-content\/uploads\/2017\/11\/Barny-300x450.jpg 300w, https:\/\/www.cpv-ev.com\/wp-content\/uploads\/2017\/11\/Barny-333x500.jpg 333w, https:\/\/www.cpv-ev.com\/wp-content\/uploads\/2017\/11\/Barny-119x180.jpg 119w, https:\/\/www.cpv-ev.com\/wp-content\/uploads\/2017\/11\/Barny.jpg 640w\" sizes=\"auto, (max-width: 73px) 100vw, 73px\" \/>&nbsp; <\/a><a href=\"https:\/\/www.cpv-ev.com\/wp-content\/uploads\/2021\/02\/Barny.jpg\"><img loading=\"lazy\" decoding=\"async\" class=\"alignnone size-thumbnail wp-image-26339\" src=\"https:\/\/www.cpv-ev.com\/wp-content\/uploads\/2021\/02\/Barny-147x110.jpg\" alt=\"\" width=\"147\" height=\"110\" srcset=\"https:\/\/www.cpv-ev.com\/wp-content\/uploads\/2021\/02\/Barny-147x110.jpg 147w, https:\/\/www.cpv-ev.com\/wp-content\/uploads\/2021\/02\/Barny-300x225.jpg 300w, https:\/\/www.cpv-ev.com\/wp-content\/uploads\/2021\/02\/Barny-500x375.jpg 500w, https:\/\/www.cpv-ev.com\/wp-content\/uploads\/2021\/02\/Barny-146x110.jpg 146w, https:\/\/www.cpv-ev.com\/wp-content\/uploads\/2021\/02\/Barny.jpg 750w\" sizes=\"auto, (max-width: 147px) 100vw, 147px\" \/><\/a><\/p>\n<h5>Nachkommen<\/h5>\n\n<table id=\"tablepress-18\" class=\"tablepress tablepress-id-18 mtr-table mtr-thead-th\">\n<thead>\n<tr class=\"row-1\">\n\t<th class=\"column-1 mtr-th-tag\" data-mtr-content=\"FOTO\"><div class=\"mtr-cell-content\">FOTO<\/div><\/th><th class=\"column-2 mtr-th-tag\" data-mtr-content=\"NAME\"><div class=\"mtr-cell-content\">NAME<\/div><\/th><th class=\"column-3 mtr-th-tag\" data-mtr-content=\"JAHR\"><div class=\"mtr-cell-content\">JAHR<\/div><\/th><th class=\"column-4 mtr-th-tag\" data-mtr-content=\"VATER\"><div class=\"mtr-cell-content\">VATER<\/div><\/th><th class=\"column-5 mtr-th-tag\" data-mtr-content=\"MUTTER\"><div class=\"mtr-cell-content\">MUTTER<\/div><\/th><th class=\"column-6 mtr-th-tag\" data-mtr-content=\"Z\u00dcCHTER\"><div class=\"mtr-cell-content\">Z\u00dcCHTER<\/div><\/th>\n<\/tr>\n<\/thead>\n<tbody class=\"row-striping row-hover\">\n<tr class=\"row-2\">\n\t<td class=\"column-1 mtr-td-tag\" data-mtr-content=\"FOTO\"><div class=\"mtr-cell-content\"><\/div><\/td><td class=\"column-2 mtr-td-tag\" data-mtr-content=\"NAME\"><div class=\"mtr-cell-content\"><b>FINJA<\/b><br>DE422220072501<br><br>Stute<br>Blue Eyed Cream<br>2001<br><br><\/div><\/td><td class=\"column-3 mtr-td-tag\" data-mtr-content=\"JAHR\"><div class=\"mtr-cell-content\">2001<\/div><\/td><td class=\"column-4 mtr-td-tag\" data-mtr-content=\"VATER\"><div class=\"mtr-cell-content\">Barny<\/div><\/td><td class=\"column-5 mtr-td-tag\" data-mtr-content=\"MUTTER\"><div class=\"mtr-cell-content\">Finett<br>v. Bengt<\/div><\/td><td class=\"column-6 mtr-td-tag\" data-mtr-content=\"Z\u00dcCHTER\"><div class=\"mtr-cell-content\">Ernst-August Wilkens<br>24340 Goosefeld<br><\/div><\/td>\n<\/tr>\n<tr class=\"row-3\">\n\t<td class=\"column-1 mtr-td-tag\" data-mtr-content=\"FOTO\"><div class=\"mtr-cell-content\"><\/div><\/td><td class=\"column-2 mtr-td-tag\" data-mtr-content=\"NAME\"><div class=\"mtr-cell-content\"><b>ST GEENA<\/b><br><br>Stute<br>Schimmel<br>*13.05.2002<br><br><\/div><\/td><td class=\"column-3 mtr-td-tag\" data-mtr-content=\"JAHR\"><div class=\"mtr-cell-content\">2002<\/div><\/td><td class=\"column-4 mtr-td-tag\" data-mtr-content=\"VATER\"><div class=\"mtr-cell-content\">Barny<\/div><\/td><td class=\"column-5 mtr-td-tag\" data-mtr-content=\"MUTTER\"><div class=\"mtr-cell-content\">Coosheen Gale<br>v. Matty's Rock<\/div><\/td><td class=\"column-6 mtr-td-tag\" data-mtr-content=\"Z\u00dcCHTER\"><div class=\"mtr-cell-content\">ST<br>J\u00f6rg St\u00f6ben<br>24214 Neuwittenbek<br><\/div><\/td>\n<\/tr>\n<\/tbody>\n<\/table>\n<!-- #tablepress-18 from cache -->\n","protected":false},"excerpt":{"rendered":"<p>&nbsp; Farbe: Braunfalbe Hengstbuch: Schleswig-Holstein HB I Geboren: 1997 Leistungspr\u00fcfung: 2001 Neustadt-Dosse, 30 TT, WN 7,30 (Rang 24\/33) Stockma\u00df: 148 cm Tr\u00e4ger des Creme-Faktors: ja R\u00f6hrbein: Tr\u00e4ger des Fuchsgens: unbekannt Ausgeschieden: 2002 kastriert Gek\u00f6rte S\u00f6hne: keine Eingetragene Stuten: 2 davon <a class=\"more-link\" href=\"https:\/\/www.cpv-ev.com\/?page_id=8457\"><span class=\"screen-reader-text\">  Barny<\/span> weiterlesen<span class=\"meta-nav\">&rarr;<\/span><\/a><\/p>\n","protected":false},"author":2,"featured_media":0,"parent":11809,"menu_order":0,"comment_status":"closed","ping_status":"closed","template":"","meta":{"ngg_post_thumbnail":0,"footnotes":""},"class_list":["post-8457","page","type-page","status-publish","hentry"],"_links":{"self":[{"href":"https:\/\/www.cpv-ev.com\/index.php?rest_route=\/wp\/v2\/pages\/8457","targetHints":{"allow":["GET"]}}],"collection":[{"href":"https:\/\/www.cpv-ev.com\/index.php?rest_route=\/wp\/v2\/pages"}],"about":[{"href":"https:\/\/www.cpv-ev.com\/index.php?rest_route=\/wp\/v2\/types\/page"}],"author":[{"embeddable":true,"href":"https:\/\/www.cpv-ev.com\/index.php?rest_route=\/wp\/v2\/users\/2"}],"replies":[{"embeddable":true,"href":"https:\/\/www.cpv-ev.com\/index.php?rest_route=%2Fwp%2Fv2%2Fcomments&post=8457"}],"version-history":[{"count":0,"href":"https:\/\/www.cpv-ev.com\/index.php?rest_route=\/wp\/v2\/pages\/8457\/revisions"}],"up":[{"embeddable":true,"href":"https:\/\/www.cpv-ev.com\/index.php?rest_route=\/wp\/v2\/pages\/11809"}],"wp:attachment":[{"href":"https:\/\/www.cpv-ev.com\/index.php?rest_route=%2Fwp%2Fv2%2Fmedia&parent=8457"}],"curies":[{"name":"wp","href":"https:\/\/api.w.org\/{rel}","templated":true}]}}