{"id":8290,"date":"2014-02-17T14:48:30","date_gmt":"2014-02-17T12:48:30","guid":{"rendered":"https:\/\/www.cpv-ev.com\/?page_id=8290"},"modified":"2026-04-24T07:43:15","modified_gmt":"2026-04-24T05:43:15","slug":"sternbergs-like-me","status":"publish","type":"page","link":"https:\/\/www.cpv-ev.com\/?page_id=8290","title":{"rendered":"Sternbergs Like Me"},"content":{"rendered":"<table border=\"1\" cellspacing=\"0\" cellpadding=\"0\">\n<tbody>\n<tr>\n<td colspan=\"2\" valign=\"top\" width=\"717\"><img loading=\"lazy\" decoding=\"async\" src=\"https:\/\/www.cpv-ev.com\/wp-content\/uploads\/2012\/07\/trans240x10.gif\" alt=\"trans240x10\" width=\"240\" height=\"10\"><\/td>\n<\/tr>\n<tr>\n<td valign=\"top\" width=\"359\"><strong>Farbe:<\/strong> Schimmel<\/p>\n<p><strong>Geburtsfarbe:<\/strong> Braun<\/td>\n<td valign=\"top\" width=\"359\"><strong>Hengstbuch:<\/strong> Bayern HB I<br \/>\n<strong>Eintragung:<\/strong> 20.10.2013 M\u00fcnchen<\/td>\n<\/tr>\n<tr>\n<td valign=\"top\" width=\"359\"><strong>Geboren:<\/strong> 30.03.2011<\/td>\n<td valign=\"top\" width=\"359\"><strong>Leistungspr\u00fcfung: <\/strong>Ansbach 2014,<br \/>\n2 TT, WN 7,39 (Rang 6\/10)<em><br \/>\n<\/em><\/td>\n<\/tr>\n<tr>\n<td valign=\"top\" width=\"359\"><strong>Stockma\u00df: <\/strong>150 cm<\/td>\n<td valign=\"top\" width=\"359\"><strong>Tr\u00e4ger des Creme-Faktors:<\/strong> unbekannt<\/td>\n<\/tr>\n<tr>\n<td valign=\"top\" width=\"359\"><strong>R\u00f6hrbein: <\/strong>20,5 cm<strong><br \/>\n<\/strong><\/td>\n<td valign=\"top\" width=\"359\"><strong>Tr\u00e4ger des Fuchsgens:<\/strong> unbekannt<\/td>\n<\/tr>\n<tr>\n<td valign=\"top\" width=\"359\"><strong>Ausgeschieden:<\/strong> 2020 ins Ausland verkauft<\/td>\n<\/tr>\n<tr>\n<td colspan=\"2\" valign=\"top\" width=\"717\"><strong style=\"line-height: 24px;\">HWSD-Status: <\/strong>N\/N mit Abstammungs\u00fcberpr\u00fcfung<strong style=\"line-height: 24px;\"><br \/>\n<\/strong><\/td>\n<\/tr>\n<tr>\n<td valign=\"top\" width=\"359\"><img loading=\"lazy\" decoding=\"async\" class=\"alignnone size-full wp-image-232\" src=\"https:\/\/www.cpv-ev.com\/wp-content\/uploads\/2012\/07\/trans240x10.gif\" alt=\"trans240x10\" width=\"240\" height=\"10\" srcset=\"https:\/\/www.cpv-ev.com\/wp-content\/uploads\/2012\/07\/trans240x10.gif 240w, https:\/\/www.cpv-ev.com\/wp-content\/uploads\/2012\/07\/trans240x10-225x10.gif 225w\" sizes=\"auto, (max-width: 240px) 100vw, 240px\" \/><\/td>\n<td valign=\"top\" width=\"359\">&nbsp;<\/td>\n<\/tr>\n<tr>\n<td valign=\"top\" width=\"359\"><strong>Gek\u00f6rte S\u00f6hne: <\/strong>bisher keine<strong><br \/>\n<\/strong><\/td>\n<td valign=\"top\" width=\"359\"><strong>Eingetragene Stuten: <\/strong>&#8211;<strong><br \/>\n<\/strong><\/td>\n<\/tr>\n<tr>\n<td valign=\"top\" width=\"359\">&nbsp;<\/td>\n<td valign=\"top\" width=\"359\"><strong>davon StPrSt: <\/strong>&#8211;<\/td>\n<\/tr>\n<tr>\n<td valign=\"top\" width=\"359\"><img loading=\"lazy\" decoding=\"async\" src=\"https:\/\/www.cpv-ev.com\/wp-content\/uploads\/2012\/07\/trans240x10.gif\" alt=\"trans240x10\" width=\"240\" height=\"10\"><\/td>\n<td valign=\"top\" width=\"359\">&nbsp;<\/td>\n<\/tr>\n<tr>\n<td valign=\"top\" width=\"359\"><strong>Lebensgewinnsumme:<\/strong> 408 EUR (2019)<img loading=\"lazy\" decoding=\"async\" class=\"alignnone size-full wp-image-232\" title=\"trans240x10\" src=\"https:\/\/www.cpv-ev.com\/wp-content\/uploads\/2012\/07\/trans240x10.gif\" alt=\"\" width=\"100\" height=\"20\"><\/td>\n<td valign=\"top\" width=\"359\"><strong>Nachkommen-LGS: <\/strong>&#8211;<\/td>\n<\/tr>\n<tr>\n<td colspan=\"2\" valign=\"top\" width=\"717\"><img loading=\"lazy\" decoding=\"async\" src=\"https:\/\/www.cpv-ev.com\/wp-content\/uploads\/2012\/07\/trans240x10.gif\" alt=\"trans240x10\" width=\"240\" height=\"10\"><\/td>\n<\/tr>\n<tr>\n<td colspan=\"2\" valign=\"top\" width=\"717\"><strong><strong>Z\u00fcchter &amp; <\/strong>Besitzer: <\/strong>Peter Kr\u00e4mer, Gest\u00fct Sternberg, 97529 Sulzheim-V\u00f6gnitz<\/td>\n<\/tr>\n<\/tbody>\n<\/table>\n<h5>Pedigree<\/h5>\n<p><img loading=\"lazy\" decoding=\"async\" class=\"alignnone size-full wp-image-11917\" src=\"https:\/\/www.cpv-ev.com\/wp-content\/uploads\/2014\/06\/Sternbergs-Like-Me.jpg\" alt=\"Sternbergs Like Me\" width=\"680\" height=\"310\" srcset=\"https:\/\/www.cpv-ev.com\/wp-content\/uploads\/2014\/06\/Sternbergs-Like-Me.jpg 680w, https:\/\/www.cpv-ev.com\/wp-content\/uploads\/2014\/06\/Sternbergs-Like-Me-241x110.jpg 241w, https:\/\/www.cpv-ev.com\/wp-content\/uploads\/2014\/06\/Sternbergs-Like-Me-300x136.jpg 300w, https:\/\/www.cpv-ev.com\/wp-content\/uploads\/2014\/06\/Sternbergs-Like-Me-500x227.jpg 500w\" sizes=\"auto, (max-width: 680px) 100vw, 680px\" \/><\/p>\n<p><img loading=\"lazy\" decoding=\"async\" src=\"https:\/\/www.cpv-ev.com\/wp-content\/uploads\/2012\/07\/trans240x10.gif\" alt=\"trans240x10\" width=\"240\" height=\"10\"><\/p>\n<h5>Galerie<\/h5>\n<p><a href=\"https:\/\/www.cpv-ev.com\/wp-content\/uploads\/2014\/02\/Sternbergs-Like-Me1.jpg\"><img loading=\"lazy\" decoding=\"async\" class=\"alignnone size-vs6_thumb wp-image-9483\" src=\"https:\/\/www.cpv-ev.com\/wp-content\/uploads\/2014\/02\/Sternbergs-Like-Me1-150x110.jpg\" alt=\"Sternbergs Like Me1\" width=\"150\" height=\"110\"><\/a>&nbsp; <a href=\"https:\/\/www.cpv-ev.com\/wp-content\/uploads\/2014\/02\/Sternbergs-Like-Me.jpg\"><img loading=\"lazy\" decoding=\"async\" class=\"alignnone size-vs6_thumb wp-image-9482\" src=\"https:\/\/www.cpv-ev.com\/wp-content\/uploads\/2014\/02\/Sternbergs-Like-Me-150x110.jpg\" alt=\"Sternbergs Like Me\" width=\"150\" height=\"110\"><\/a>&nbsp; <a href=\"https:\/\/www.cpv-ev.com\/wp-content\/uploads\/2014\/06\/Sternbergs-Like-Me1.jpg\"><img loading=\"lazy\" decoding=\"async\" class=\"alignnone size-vs6_thumb wp-image-12737\" src=\"https:\/\/www.cpv-ev.com\/wp-content\/uploads\/2014\/06\/Sternbergs-Like-Me1-150x110.jpg\" alt=\"Sternbergs Like Me\" width=\"150\" height=\"110\">&nbsp; <\/a><a href=\"https:\/\/www.cpv-ev.com\/wp-content\/uploads\/2019\/03\/Sternbergs-Like-Me.jpg\"><img loading=\"lazy\" decoding=\"async\" class=\"alignnone size-thumbnail wp-image-23061\" src=\"https:\/\/www.cpv-ev.com\/wp-content\/uploads\/2019\/03\/Sternbergs-Like-Me-147x110.jpg\" alt=\"\" width=\"147\" height=\"110\" srcset=\"https:\/\/www.cpv-ev.com\/wp-content\/uploads\/2019\/03\/Sternbergs-Like-Me-147x110.jpg 147w, https:\/\/www.cpv-ev.com\/wp-content\/uploads\/2019\/03\/Sternbergs-Like-Me-300x225.jpg 300w, https:\/\/www.cpv-ev.com\/wp-content\/uploads\/2019\/03\/Sternbergs-Like-Me-500x375.jpg 500w, https:\/\/www.cpv-ev.com\/wp-content\/uploads\/2019\/03\/Sternbergs-Like-Me-146x110.jpg 146w, https:\/\/www.cpv-ev.com\/wp-content\/uploads\/2019\/03\/Sternbergs-Like-Me.jpg 750w\" sizes=\"auto, (max-width: 147px) 100vw, 147px\" \/><\/a><\/p>\n<h5>Nachkommen<\/h5>\n\n<table id=\"tablepress-18\" class=\"tablepress tablepress-id-18 mtr-table mtr-thead-th\">\n<thead>\n<tr class=\"row-1\">\n\t<th class=\"column-1 mtr-th-tag\" data-mtr-content=\"FOTO\"><div class=\"mtr-cell-content\">FOTO<\/div><\/th><th class=\"column-2 mtr-th-tag\" data-mtr-content=\"NAME\"><div class=\"mtr-cell-content\">NAME<\/div><\/th><th class=\"column-3 mtr-th-tag\" data-mtr-content=\"JAHR\"><div class=\"mtr-cell-content\">JAHR<\/div><\/th><th class=\"column-4 mtr-th-tag\" data-mtr-content=\"VATER\"><div class=\"mtr-cell-content\">VATER<\/div><\/th><th class=\"column-5 mtr-th-tag\" data-mtr-content=\"MUTTER\"><div class=\"mtr-cell-content\">MUTTER<\/div><\/th><th class=\"column-6 mtr-th-tag\" data-mtr-content=\"Z\u00dcCHTER\"><div class=\"mtr-cell-content\">Z\u00dcCHTER<\/div><\/th>\n<\/tr>\n<\/thead>\n<tbody class=\"row-striping row-hover\">\n<tr class=\"row-2\">\n\t<td class=\"column-1 mtr-td-tag\" data-mtr-content=\"FOTO\"><div class=\"mtr-cell-content\"><a href=\"https:\/\/www.cpv-ev.com\/wp-content\/uploads\/2015\/08\/Juli_Galopp-e1438695416364.jpg\"><img loading=\"lazy\" decoding=\"async\" src=\"https:\/\/www.cpv-ev.com\/wp-content\/uploads\/2015\/08\/Juli_Galopp-e1438695416364-110x110.jpg\" alt=\"\" title=\"Birdmountain Karat\" width=\"110\" height=\"110\" class=\"alignnone size-thumbnail wp-image-16264\"><\/a><\/div><\/td><td class=\"column-2 mtr-td-tag\" data-mtr-content=\"NAME\"><div class=\"mtr-cell-content\"><b>BIRDMOUNTAIN <br>KARAT<\/b><br><br>Hengst<br>Falbschimmel<br>*16.04.2015<br><br><\/div><\/td><td class=\"column-3 mtr-td-tag\" data-mtr-content=\"JAHR\"><div class=\"mtr-cell-content\">2015<\/div><\/td><td class=\"column-4 mtr-td-tag\" data-mtr-content=\"VATER\"><div class=\"mtr-cell-content\">Sternbergs Like Me<\/div><\/td><td class=\"column-5 mtr-td-tag\" data-mtr-content=\"MUTTER\"><div class=\"mtr-cell-content\">Fernville Knocknore Mist<br>v. I Love You Melody<\/div><\/td><td class=\"column-6 mtr-td-tag\" data-mtr-content=\"Z\u00dcCHTER\"><div class=\"mtr-cell-content\">Birdmountain<br>ZG M\u00fcller &amp; Dr. Pfeffer <br>35325 M\u00fccke<br><\/div><\/td>\n<\/tr>\n<tr class=\"row-3\">\n\t<td class=\"column-1 mtr-td-tag\" data-mtr-content=\"FOTO\"><div class=\"mtr-cell-content\"><a href=\"https:\/\/www.cpv-ev.com\/wp-content\/uploads\/2016\/06\/2016-M%C3%BChlenhof-Penny-Lane.jpg\"><img loading=\"lazy\" decoding=\"async\" src=\"https:\/\/www.cpv-ev.com\/wp-content\/uploads\/2016\/06\/2016-M%C3%BChlenhof-Penny-Lane-110x110.jpg\" alt=\"\" width=\"110\" height=\"110\" class=\"alignnone size-thumbnail wp-image-18432\" srcset=\"https:\/\/www.cpv-ev.com\/wp-content\/uploads\/2016\/06\/2016-M\u00fchlenhof-Penny-Lane-110x110.jpg 110w, https:\/\/www.cpv-ev.com\/wp-content\/uploads\/2016\/06\/2016-M\u00fchlenhof-Penny-Lane-150x150.jpg 150w\" sizes=\"auto, (max-width: 110px) 100vw, 110px\"><\/a><\/div><\/td><td class=\"column-2 mtr-td-tag\" data-mtr-content=\"NAME\"><div class=\"mtr-cell-content\"><b>M\u00dcHLENHOFS <br>PENNY-LANE<\/b><br>DE484840032016<br>FPG<br><br>Stute<br>Falbe<br>*12.04.2016<br><br><\/div><\/td><td class=\"column-3 mtr-td-tag\" data-mtr-content=\"JAHR\"><div class=\"mtr-cell-content\">2016<\/div><\/td><td class=\"column-4 mtr-td-tag\" data-mtr-content=\"VATER\"><div class=\"mtr-cell-content\">Sternbergs Like Me<\/div><\/td><td class=\"column-5 mtr-td-tag\" data-mtr-content=\"MUTTER\"><div class=\"mtr-cell-content\">Kinzighausen Golden Pearl<br>v. Glaskopf Golden Malcolm<\/div><\/td><td class=\"column-6 mtr-td-tag\" data-mtr-content=\"Z\u00dcCHTER\"><div class=\"mtr-cell-content\">M\u00fchlenhofs<br>Karin und Alfred D\u00f6ll<br>97776 Aschfeld<br><\/div><\/td>\n<\/tr>\n<tr class=\"row-4\">\n\t<td class=\"column-1 mtr-td-tag\" data-mtr-content=\"FOTO\"><div class=\"mtr-cell-content\"><\/div><\/td><td class=\"column-2 mtr-td-tag\" data-mtr-content=\"NAME\"><div class=\"mtr-cell-content\"><b>STERNBERGS <br>JUST LIKE ME<\/b><br>DE484840053518<br><br>Hengst<br>Rappschimmel<br>2018<br>N\/HWSD<br><br><\/div><\/td><td class=\"column-3 mtr-td-tag\" data-mtr-content=\"JAHR\"><div class=\"mtr-cell-content\">2018<\/div><\/td><td class=\"column-4 mtr-td-tag\" data-mtr-content=\"VATER\"><div class=\"mtr-cell-content\">Sternbergs Like Me<\/div><\/td><td class=\"column-5 mtr-td-tag\" data-mtr-content=\"MUTTER\"><div class=\"mtr-cell-content\">Sternbergs Lieke<br> v. Arda's Murphy<\/div><\/td><td class=\"column-6 mtr-td-tag\" data-mtr-content=\"Z\u00dcCHTER\"><div class=\"mtr-cell-content\">Sternbergs<br>Alexandra &amp; Peter Kr\u00e4mer<br>97529 Sulzheim-V\u00f6gnitz<br><\/div><\/td>\n<\/tr>\n<tr class=\"row-5\">\n\t<td class=\"column-1 mtr-td-tag\" data-mtr-content=\"FOTO\"><div class=\"mtr-cell-content\"><\/div><\/td><td class=\"column-2 mtr-td-tag\" data-mtr-content=\"NAME\"><div class=\"mtr-cell-content\"><b>STERNBERGS <br>LIKE A ROCK<\/b><br>DE484840052818<br>FPG WN 8.4<br><br>Hengst<br>Braun<br>*23.02.2018<br>N\/N<br><br><\/div><\/td><td class=\"column-3 mtr-td-tag\" data-mtr-content=\"JAHR\"><div class=\"mtr-cell-content\">2018<\/div><\/td><td class=\"column-4 mtr-td-tag\" data-mtr-content=\"VATER\"><div class=\"mtr-cell-content\">Sternbergs Like Me<\/div><\/td><td class=\"column-5 mtr-td-tag\" data-mtr-content=\"MUTTER\"><div class=\"mtr-cell-content\">Sternbergs Rocket Girl<br>v. Skousboe Morning Rock<\/div><\/td><td class=\"column-6 mtr-td-tag\" data-mtr-content=\"Z\u00dcCHTER\"><div class=\"mtr-cell-content\">Sternbergs<br>Alexandra &amp; Peter Kr\u00e4mer<br>97529 Sulzheim-V\u00f6gnitz<br><\/div><\/td>\n<\/tr>\n<tr class=\"row-6\">\n\t<td class=\"column-1 mtr-td-tag\" data-mtr-content=\"FOTO\"><div class=\"mtr-cell-content\"><a href=\"https:\/\/www.cpv-ev.com\/wp-content\/uploads\/2016\/06\/2016-Sternbergs-Like-NN-v-St-Like-Me-ad-Atl-Deep-Secret.jpg\"><img loading=\"lazy\" decoding=\"async\" src=\"https:\/\/www.cpv-ev.com\/wp-content\/uploads\/2016\/06\/2016-Sternbergs-Like-NN-v-St-Like-Me-ad-Atl-Deep-Secret-110x110.jpg\" alt=\"\" width=\"110\" height=\"110\" class=\"alignnone size-thumbnail wp-image-18445\" srcset=\"https:\/\/www.cpv-ev.com\/wp-content\/uploads\/2016\/06\/2016-Sternbergs-Like-NN-v-St-Like-Me-ad-Atl-Deep-Secret-110x110.jpg 110w, https:\/\/www.cpv-ev.com\/wp-content\/uploads\/2016\/06\/2016-Sternbergs-Like-NN-v-St-Like-Me-ad-Atl-Deep-Secret-150x150.jpg 150w\" sizes=\"auto, (max-width: 110px) 100vw, 110px\"><\/a><\/div><\/td><td class=\"column-2 mtr-td-tag\" data-mtr-content=\"NAME\"><div class=\"mtr-cell-content\"><b>STERNBERGS <br>LIKE A SNOWBALL<\/b><br><br>Hengst<br>*16.03.2016<br><br><\/div><\/td><td class=\"column-3 mtr-td-tag\" data-mtr-content=\"JAHR\"><div class=\"mtr-cell-content\">2016<\/div><\/td><td class=\"column-4 mtr-td-tag\" data-mtr-content=\"VATER\"><div class=\"mtr-cell-content\">Sternbergs Like Me<\/div><\/td><td class=\"column-5 mtr-td-tag\" data-mtr-content=\"MUTTER\"><div class=\"mtr-cell-content\">Atlantic Deep Secret<br>v. Royal Atlantic Star<\/div><\/td><td class=\"column-6 mtr-td-tag\" data-mtr-content=\"Z\u00dcCHTER\"><div class=\"mtr-cell-content\">Sternbergs<br>Alexandra &amp; Peter Kr\u00e4mer<br>97529 Sulzheim-V\u00f6gnitz<br><\/div><\/td>\n<\/tr>\n<tr class=\"row-7\">\n\t<td class=\"column-1 mtr-td-tag\" data-mtr-content=\"FOTO\"><div class=\"mtr-cell-content\"><\/div><\/td><td class=\"column-2 mtr-td-tag\" data-mtr-content=\"NAME\"><div class=\"mtr-cell-content\"><b>STERNBERGS <br>LIKE DIAMONDS<\/b><br><br>Hengst<br>*18.03.2015<br><br><\/div><\/td><td class=\"column-3 mtr-td-tag\" data-mtr-content=\"JAHR\"><div class=\"mtr-cell-content\">2015<\/div><\/td><td class=\"column-4 mtr-td-tag\" data-mtr-content=\"VATER\"><div class=\"mtr-cell-content\">Sternbergs Like Me<\/div><\/td><td class=\"column-5 mtr-td-tag\" data-mtr-content=\"MUTTER\"><div class=\"mtr-cell-content\">Knockferry Snow Flake<br>v. Currachmore Cashel<\/div><\/td><td class=\"column-6 mtr-td-tag\" data-mtr-content=\"Z\u00dcCHTER\"><div class=\"mtr-cell-content\">Sternbergs<br>Alexandra &amp; Peter Kr\u00e4mer<br>97529 Sulzheim-V\u00f6gnitz<br><\/div><\/td>\n<\/tr>\n<tr class=\"row-8\">\n\t<td class=\"column-1 mtr-td-tag\" data-mtr-content=\"FOTO\"><div class=\"mtr-cell-content\"><a href=\"https:\/\/www.cpv-ev.com\/wp-content\/uploads\/2016\/06\/2016-Sternbergs-Like-Fiolina.jpg\"><img loading=\"lazy\" decoding=\"async\" src=\"https:\/\/www.cpv-ev.com\/wp-content\/uploads\/2016\/06\/2016-Sternbergs-Like-Fiolina-110x110.jpg\" alt=\"\" width=\"110\" height=\"110\" class=\"alignnone size-thumbnail wp-image-18444\" srcset=\"https:\/\/www.cpv-ev.com\/wp-content\/uploads\/2016\/06\/2016-Sternbergs-Like-Fiolina-110x110.jpg 110w, https:\/\/www.cpv-ev.com\/wp-content\/uploads\/2016\/06\/2016-Sternbergs-Like-Fiolina-150x150.jpg 150w\" sizes=\"auto, (max-width: 110px) 100vw, 110px\"><\/a><\/div><\/td><td class=\"column-2 mtr-td-tag\" data-mtr-content=\"NAME\"><div class=\"mtr-cell-content\"><b>STERNBERGS <br>LIKE FIOLINA<\/b><br>DE484840042916<br>FP<br><br>Stute<br>Falbschimmel<br>*02.03.2016<br><br><\/div><\/td><td class=\"column-3 mtr-td-tag\" data-mtr-content=\"JAHR\"><div class=\"mtr-cell-content\">2016<\/div><\/td><td class=\"column-4 mtr-td-tag\" data-mtr-content=\"VATER\"><div class=\"mtr-cell-content\">Sternbergs Like Me<\/div><\/td><td class=\"column-5 mtr-td-tag\" data-mtr-content=\"MUTTER\"><div class=\"mtr-cell-content\">Silvergrove Fiona<br>v. Boden Park Finnard<\/div><\/td><td class=\"column-6 mtr-td-tag\" data-mtr-content=\"Z\u00dcCHTER\"><div class=\"mtr-cell-content\">Sternbergs<br>Alexandra &amp; Peter Kr\u00e4mer<br>97529 Sulzheim-V\u00f6gnitz<br><\/div><\/td>\n<\/tr>\n<tr class=\"row-9\">\n\t<td class=\"column-1 mtr-td-tag\" data-mtr-content=\"FOTO\"><div class=\"mtr-cell-content\"><\/div><\/td><td class=\"column-2 mtr-td-tag\" data-mtr-content=\"NAME\"><div class=\"mtr-cell-content\"><b>STERNBERGS <br>WILD FLOWER<\/b><br>DE484840054617<br>FP WN 7.5<br><br>Stute<br>Schwarzbraun<br>*05.04.2017<br>N\/N<br><br><\/div><\/td><td class=\"column-3 mtr-td-tag\" data-mtr-content=\"JAHR\"><div class=\"mtr-cell-content\">2017<\/div><\/td><td class=\"column-4 mtr-td-tag\" data-mtr-content=\"VATER\"><div class=\"mtr-cell-content\">Sternbergs Like Me<\/div><\/td><td class=\"column-5 mtr-td-tag\" data-mtr-content=\"MUTTER\"><div class=\"mtr-cell-content\">Silvergrove Fiona<br>v. Boden Park Finnard<\/div><\/td><td class=\"column-6 mtr-td-tag\" data-mtr-content=\"Z\u00dcCHTER\"><div class=\"mtr-cell-content\">Sternbergs<br>Alexandra &amp; Peter Kr\u00e4mer<br>97529 Sulzheim-V\u00f6gnitz<br><\/div><\/td>\n<\/tr>\n<tr class=\"row-10\">\n\t<td class=\"column-1 mtr-td-tag\" data-mtr-content=\"FOTO\"><div class=\"mtr-cell-content\"><\/div><\/td><td class=\"column-2 mtr-td-tag\" data-mtr-content=\"NAME\"><div class=\"mtr-cell-content\"><b>STERNBERGS <br>LIKE CANDY<\/b><br>DE484840042220<br>FPG WN 8.2<br><br>Stute<br>Dunkelbraunschimmel<br>*13.06.2020<br>N\/N<br><br><\/div><\/td><td class=\"column-3 mtr-td-tag\" data-mtr-content=\"JAHR\"><div class=\"mtr-cell-content\">2020<\/div><\/td><td class=\"column-4 mtr-td-tag\" data-mtr-content=\"VATER\"><div class=\"mtr-cell-content\">Sternbergs Like Me<\/div><\/td><td class=\"column-5 mtr-td-tag\" data-mtr-content=\"MUTTER\"><div class=\"mtr-cell-content\">Sternbergs Silver Catrina<br>v. Clifden Silver<\/div><\/td><td class=\"column-6 mtr-td-tag\" data-mtr-content=\"Z\u00dcCHTER\"><div class=\"mtr-cell-content\">Sternbergs<br>Alexandra &amp; Peter Kr\u00e4mer<br>97529 Sulzheim-V\u00f6gnitz<br><\/div><\/td>\n<\/tr>\n<tr class=\"row-11\">\n\t<td class=\"column-1 mtr-td-tag\" data-mtr-content=\"FOTO\"><div class=\"mtr-cell-content\"><a href=\"https:\/\/www.cpv-ev.com\/wp-content\/uploads\/2019\/12\/5848_Violamboss-Atreyu.jpg\"><img loading=\"lazy\" decoding=\"async\" src=\"https:\/\/www.cpv-ev.com\/wp-content\/uploads\/2019\/12\/5848_Violamboss-Atreyu-110x110.jpg\" alt=\"\" width=\"110\" height=\"110\" class=\"alignnone size-thumbnail wp-image-23739\" srcset=\"https:\/\/www.cpv-ev.com\/wp-content\/uploads\/2019\/12\/5848_Violamboss-Atreyu-110x110.jpg 110w, https:\/\/www.cpv-ev.com\/wp-content\/uploads\/2019\/12\/5848_Violamboss-Atreyu-150x150.jpg 150w\" sizes=\"auto, (max-width: 110px) 100vw, 110px\"><\/a><\/div><\/td><td class=\"column-2 mtr-td-tag\" data-mtr-content=\"NAME\"><div class=\"mtr-cell-content\"><b>VIOLAMBOSS <br>ATREYU<\/b><br>DE410100132418<br>FP<br><br>Hengst<br>Braun<br>2018<br>N\/N<br><br><\/div><\/td><td class=\"column-3 mtr-td-tag\" data-mtr-content=\"JAHR\"><div class=\"mtr-cell-content\">2018<\/div><\/td><td class=\"column-4 mtr-td-tag\" data-mtr-content=\"VATER\"><div class=\"mtr-cell-content\">Sternbergs Like Me<\/div><\/td><td class=\"column-5 mtr-td-tag\" data-mtr-content=\"MUTTER\"><div class=\"mtr-cell-content\">Violamboss Beauty Thalia<br>v. Glaskopf Golden Sailor<\/div><\/td><td class=\"column-6 mtr-td-tag\" data-mtr-content=\"Z\u00dcCHTER\"><div class=\"mtr-cell-content\">Violamboss<br>Anke Lange-Sch\u00fctt<br>21444 Vierh\u00f6fen<br><\/div><\/td>\n<\/tr>\n<tr class=\"row-12\">\n\t<td class=\"column-1 mtr-td-tag\" data-mtr-content=\"FOTO\"><div class=\"mtr-cell-content\"><\/div><\/td><td class=\"column-2 mtr-td-tag\" data-mtr-content=\"NAME\"><div class=\"mtr-cell-content\"><b>VIOLAMBOSS <br>BEAUTY FILINE<\/b><br>DE410100132318<br><br>Stute<br>2018<br>N\/N<br><br><\/div><\/td><td class=\"column-3 mtr-td-tag\" data-mtr-content=\"JAHR\"><div class=\"mtr-cell-content\">2018<\/div><\/td><td class=\"column-4 mtr-td-tag\" data-mtr-content=\"VATER\"><div class=\"mtr-cell-content\">Sternbergs Like Me<\/div><\/td><td class=\"column-5 mtr-td-tag\" data-mtr-content=\"MUTTER\"><div class=\"mtr-cell-content\">Beauty Runa<br>v. Glaskopf Golden Sailor<\/div><\/td><td class=\"column-6 mtr-td-tag\" data-mtr-content=\"Z\u00dcCHTER\"><div class=\"mtr-cell-content\">Violamboss<br>Anke Lange-Sch\u00fctt<br>21444 Vierh\u00f6fen<br><\/div><\/td>\n<\/tr>\n<tr class=\"row-13\">\n\t<td class=\"column-1 mtr-td-tag\" data-mtr-content=\"FOTO\"><div class=\"mtr-cell-content\"><\/div><\/td><td class=\"column-2 mtr-td-tag\" data-mtr-content=\"NAME\"><div class=\"mtr-cell-content\"><b>VIOLAMBOSS <br>BEAUTY GRETCHEN<\/b><br>DE410100555618<br><br>Stute<br>Schimmel<br>*03.06.2018<br>N\/N<br><br><\/div><\/td><td class=\"column-3 mtr-td-tag\" data-mtr-content=\"JAHR\"><div class=\"mtr-cell-content\">2018<\/div><\/td><td class=\"column-4 mtr-td-tag\" data-mtr-content=\"VATER\"><div class=\"mtr-cell-content\">Sternbergs Like Me<\/div><\/td><td class=\"column-5 mtr-td-tag\" data-mtr-content=\"MUTTER\"><div class=\"mtr-cell-content\">Beauty Naemi<br>v. Glaskopf Golden Sailor<\/div><\/td><td class=\"column-6 mtr-td-tag\" data-mtr-content=\"Z\u00dcCHTER\"><div class=\"mtr-cell-content\">Violamboss<br>Anke Lange-Sch\u00fctt<br>21444 Vierh\u00f6fen<br><\/div><\/td>\n<\/tr>\n<tr class=\"row-14\">\n\t<td class=\"column-1 mtr-td-tag\" data-mtr-content=\"FOTO\"><div class=\"mtr-cell-content\"><\/div><\/td><td class=\"column-2 mtr-td-tag\" data-mtr-content=\"NAME\"><div class=\"mtr-cell-content\"><b>VIOLAMBOSS <br>GLAD LAFAJETTE<\/b><br>DE410100132618<br><br>Hengst<br>*24.05.2018<br>N\/N<br><br><\/div><\/td><td class=\"column-3 mtr-td-tag\" data-mtr-content=\"JAHR\"><div class=\"mtr-cell-content\">2018<\/div><\/td><td class=\"column-4 mtr-td-tag\" data-mtr-content=\"VATER\"><div class=\"mtr-cell-content\">Sternbergs Like Me<\/div><\/td><td class=\"column-5 mtr-td-tag\" data-mtr-content=\"MUTTER\"><div class=\"mtr-cell-content\">Beauty Nadja Filine<br>v. Chiltern Thunderburst<\/div><\/td><td class=\"column-6 mtr-td-tag\" data-mtr-content=\"Z\u00dcCHTER\"><div class=\"mtr-cell-content\">Violamboss<br>Anke Lange-Sch\u00fctt<br>21444 Vierh\u00f6fen<br><\/div><\/td>\n<\/tr>\n<tr class=\"row-15\">\n\t<td class=\"column-1 mtr-td-tag\" data-mtr-content=\"FOTO\"><div class=\"mtr-cell-content\"><a href=\"https:\/\/www.cpv-ev.com\/wp-content\/uploads\/2019\/12\/5847_Violamboss-Manico.jpg\"><img loading=\"lazy\" decoding=\"async\" src=\"https:\/\/www.cpv-ev.com\/wp-content\/uploads\/2019\/12\/5847_Violamboss-Manico-110x110.jpg\" alt=\"\" width=\"110\" height=\"110\" class=\"alignnone size-thumbnail wp-image-23738\" srcset=\"https:\/\/www.cpv-ev.com\/wp-content\/uploads\/2019\/12\/5847_Violamboss-Manico-110x110.jpg 110w, https:\/\/www.cpv-ev.com\/wp-content\/uploads\/2019\/12\/5847_Violamboss-Manico-150x150.jpg 150w\" sizes=\"auto, (max-width: 110px) 100vw, 110px\"><\/a><\/div><\/td><td class=\"column-2 mtr-td-tag\" data-mtr-content=\"NAME\"><div class=\"mtr-cell-content\"><b>VIOLAMBOSS <br>MANICO<\/b><br>DE410100556018<br>FP<br><br>Hengst<br>Dunkelbraun<br>*04.05.2018<br>N\/N<br><br><\/div><\/td><td class=\"column-3 mtr-td-tag\" data-mtr-content=\"JAHR\"><div class=\"mtr-cell-content\">2018<\/div><\/td><td class=\"column-4 mtr-td-tag\" data-mtr-content=\"VATER\"><div class=\"mtr-cell-content\">Sternbergs Like Me<\/div><\/td><td class=\"column-5 mtr-td-tag\" data-mtr-content=\"MUTTER\"><div class=\"mtr-cell-content\">Violamboss Beauty Mailin<br>v. Glaskopf Golden Sailor<\/div><\/td><td class=\"column-6 mtr-td-tag\" data-mtr-content=\"Z\u00dcCHTER\"><div class=\"mtr-cell-content\">Violamboss<br>Anke Lange-Sch\u00fctt<br>21444 Vierh\u00f6fen<br><\/div><\/td>\n<\/tr>\n<tr class=\"row-16\">\n\t<td class=\"column-1 mtr-td-tag\" data-mtr-content=\"FOTO\"><div class=\"mtr-cell-content\"><\/div><\/td><td class=\"column-2 mtr-td-tag\" data-mtr-content=\"NAME\"><div class=\"mtr-cell-content\"><b>STERNBERGS <br>LIKE CHOCOLATE<\/b><br>DE484840042120 <br>FPG<br><br>Hengst<br>Dunkelbraun<br>*02.04.2020<br>N\/N<br><br><\/div><\/td><td class=\"column-3 mtr-td-tag\" data-mtr-content=\"JAHR\"><div class=\"mtr-cell-content\">2020<\/div><\/td><td class=\"column-4 mtr-td-tag\" data-mtr-content=\"VATER\"><div class=\"mtr-cell-content\">Sternbergs Like Me<\/div><\/td><td class=\"column-5 mtr-td-tag\" data-mtr-content=\"MUTTER\"><div class=\"mtr-cell-content\">Sternbergs Latisha<br>v. Skousboe Morning Rock<\/div><\/td><td class=\"column-6 mtr-td-tag\" data-mtr-content=\"Z\u00dcCHTER\"><div class=\"mtr-cell-content\">Sternbergs<br>Alexandra &amp; Peter Kr\u00e4mer<br>97529 Sulzheim-V\u00f6gnitz<br><\/div><\/td>\n<\/tr>\n<tr class=\"row-17\">\n\t<td class=\"column-1 mtr-td-tag\" data-mtr-content=\"FOTO\"><div class=\"mtr-cell-content\"><\/div><\/td><td class=\"column-2 mtr-td-tag\" data-mtr-content=\"NAME\"><div class=\"mtr-cell-content\"><b>N.N.<\/b><br>DE410101737217<br><br>Stute<br>2017<br>N\/HWSD<br><br><\/div><\/td><td class=\"column-3 mtr-td-tag\" data-mtr-content=\"JAHR\"><div class=\"mtr-cell-content\">2017<\/div><\/td><td class=\"column-4 mtr-td-tag\" data-mtr-content=\"VATER\"><div class=\"mtr-cell-content\">Sternbergs Like Me<\/div><\/td><td class=\"column-5 mtr-td-tag\" data-mtr-content=\"MUTTER\"><div class=\"mtr-cell-content\"><\/div><\/td><td class=\"column-6 mtr-td-tag\" data-mtr-content=\"Z\u00dcCHTER\"><div class=\"mtr-cell-content\"><\/div><\/td>\n<\/tr>\n<\/tbody>\n<\/table>\n<!-- #tablepress-18 from cache -->\n","protected":false},"excerpt":{"rendered":"<p>Farbe: Schimmel Geburtsfarbe: Braun Hengstbuch: Bayern HB I Eintragung: 20.10.2013 M\u00fcnchen Geboren: 30.03.2011 Leistungspr\u00fcfung: Ansbach 2014, 2 TT, WN 7,39 (Rang 6\/10) Stockma\u00df: 150 cm Tr\u00e4ger des Creme-Faktors: unbekannt R\u00f6hrbein: 20,5 cm Tr\u00e4ger des Fuchsgens: unbekannt Ausgeschieden: 2020 ins Ausland <a class=\"more-link\" href=\"https:\/\/www.cpv-ev.com\/?page_id=8290\"><span class=\"screen-reader-text\">  Sternbergs Like Me<\/span> weiterlesen<span class=\"meta-nav\">&rarr;<\/span><\/a><\/p>\n","protected":false},"author":2,"featured_media":0,"parent":11821,"menu_order":0,"comment_status":"closed","ping_status":"closed","template":"","meta":{"ngg_post_thumbnail":0,"footnotes":""},"class_list":["post-8290","page","type-page","status-publish","hentry"],"_links":{"self":[{"href":"https:\/\/www.cpv-ev.com\/index.php?rest_route=\/wp\/v2\/pages\/8290","targetHints":{"allow":["GET"]}}],"collection":[{"href":"https:\/\/www.cpv-ev.com\/index.php?rest_route=\/wp\/v2\/pages"}],"about":[{"href":"https:\/\/www.cpv-ev.com\/index.php?rest_route=\/wp\/v2\/types\/page"}],"author":[{"embeddable":true,"href":"https:\/\/www.cpv-ev.com\/index.php?rest_route=\/wp\/v2\/users\/2"}],"replies":[{"embeddable":true,"href":"https:\/\/www.cpv-ev.com\/index.php?rest_route=%2Fwp%2Fv2%2Fcomments&post=8290"}],"version-history":[{"count":1,"href":"https:\/\/www.cpv-ev.com\/index.php?rest_route=\/wp\/v2\/pages\/8290\/revisions"}],"predecessor-version":[{"id":30229,"href":"https:\/\/www.cpv-ev.com\/index.php?rest_route=\/wp\/v2\/pages\/8290\/revisions\/30229"}],"up":[{"embeddable":true,"href":"https:\/\/www.cpv-ev.com\/index.php?rest_route=\/wp\/v2\/pages\/11821"}],"wp:attachment":[{"href":"https:\/\/www.cpv-ev.com\/index.php?rest_route=%2Fwp%2Fv2%2Fmedia&parent=8290"}],"curies":[{"name":"wp","href":"https:\/\/api.w.org\/{rel}","templated":true}]}}