{"id":7544,"date":"2014-01-09T15:16:09","date_gmt":"2014-01-09T13:16:09","guid":{"rendered":"https:\/\/www.cpv-ev.com\/?page_id=7544"},"modified":"2021-02-02T17:04:34","modified_gmt":"2021-02-02T15:04:34","slug":"hengste-uber-tg","status":"publish","type":"page","link":"https:\/\/www.cpv-ev.com\/?page_id=7544","title":{"rendered":"Hengste \u00fcber FS &#038; TG"},"content":{"rendered":"<p>&nbsp;<\/p>\n<p>In dieser Liste sind die Hengste verzeichnet, von denen in Deutschland Frischsamen bzw. Tiefgefriersamen zur Verf\u00fcgung steht.<\/p>\n<p>\u00c4nderungen bez\u00fcglich Ihrer Hengste teilen Sie uns bitte per E-Mail an&nbsp;<a href=\"mailto:presse@connemara-pony.de\">presse@connemara-pony.de<\/a> mit.<\/p>\n<p>&nbsp;<\/p>\n<p>&nbsp;<\/p>\n<p><strong>\n<table id=\"tablepress-8\" class=\"tablepress tablepress-id-8 mtr-table mtr-tr-td\">\n<tbody>\n<tr class=\"row-1\">\n\t<td class=\"column-1 mtr-td-tag\" data-mtr-content=\"\"><div class=\"mtr-cell-content\"><a href=\"?page_id=8149\"><img loading=\"lazy\" decoding=\"async\" src=\"https:\/\/www.cpv-ev.com\/wp-content\/uploads\/2022\/02\/Frischsamen.jpg\" alt=\"\" title=\"Frischsamen\" width=\"125\" height=\"160\" class=\"alignnone size-full wp-image-8153\"><\/a><h4><\/h4><\/div><\/td><td class=\"column-2 mtr-td-tag\" data-mtr-content=\"\"><div class=\"mtr-cell-content\"><\/div><\/td><td class=\"column-3 mtr-td-tag\" data-mtr-content=\"\"><div class=\"mtr-cell-content\"><\/div><\/td><td class=\"column-4 mtr-td-tag\" data-mtr-content=\"\n\"><div class=\"mtr-cell-content\"><br>\n<\/div><\/td><td class=\"column-5 mtr-td-tag\" data-mtr-content=\"\"><div class=\"mtr-cell-content\"><\/div><\/td>\n<\/tr>\n<tr class=\"row-2\">\n\t<td class=\"column-1 mtr-td-tag\" data-mtr-content=\"\"><div class=\"mtr-cell-content\"><a href=\"?page_id=8149\"><img loading=\"lazy\" decoding=\"async\" src=\"https:\/\/www.cpv-ev.com\/wp-content\/uploads\/2022\/02\/TG-Samen.jpg\" alt=\"\" title=\"TG Samen\" width=\"125\" height=\"160\" class=\"alignnone size-full wp-image-8153\"><\/a><h4><\/h4><\/div><\/td><td class=\"column-2 mtr-td-tag\" data-mtr-content=\"\"><div class=\"mtr-cell-content\"><\/div><\/td><td class=\"column-3 mtr-td-tag\" data-mtr-content=\"\"><div class=\"mtr-cell-content\"><a href=\"?page_id=22073\"><img loading=\"lazy\" decoding=\"async\" src=\"wp-content\/uploads\/2012\/07\/pattyss-vs.jpg\" alt=\"\" title=\"Pattys Sommartiden\" width=\"125\" height=\"160\" class=\"aligncenter size-full wp-image-128\" srcset=\"https:\/\/www.cpv-ev.com\/wp-content\/uploads\/2012\/07\/pattyss-vs.jpg 125w, https:\/\/www.cpv-ev.com\/wp-content\/uploads\/2012\/07\/pattyss-vs-85x110.jpg 85w\" sizes=\"auto, (max-width: 125px) 100vw, 125px\"><\/a><h4><a href=\"?page_id=22073\">Pattys Sommartiden<\/a><\/h4><\/div><\/td><td class=\"column-4 mtr-td-tag\" data-mtr-content=\"\n\"><div class=\"mtr-cell-content\"><a href=\"?page_id=1722\"><img loading=\"lazy\" decoding=\"async\" src=\"https:\/\/www.cpv-ev.com\/wp-content\/uploads\/2014\/08\/Pattys-Veuve-CosmicK.jpg\" alt=\"\" title=\"Pattys Verve Cosmic\" width=\"125\" height=\"160\" class=\"alignnone size-full wp-image-324\"><\/a><h4><a href=\"?page_id=7735\">Pattys Verve Cosmic<\/a><\/h4><\/div><\/td><td class=\"column-5 mtr-td-tag\" data-mtr-content=\"\"><div class=\"mtr-cell-content\"><a href=\"?page_id=7735\"><img loading=\"lazy\" decoding=\"async\" src=\"https:\/\/www.cpv-ev.com\/wp-content\/uploads\/2012\/07\/rhinstromsmm-vs.jpg\" alt=\"\" title=\"Rhinstr\u00f8ms Mighty Man\" width=\"125\" height=\"160\" class=\"alignnone size-full wp-image-324\" srcset=\"https:\/\/www.cpv-ev.com\/wp-content\/uploads\/2012\/07\/rhinstromsmm-vs.jpg 125w, https:\/\/www.cpv-ev.com\/wp-content\/uploads\/2012\/07\/rhinstromsmm-vs-85x110.jpg 85w\" sizes=\"auto, (max-width: 125px) 100vw, 125px\"><\/a><h4><a href=\"?page_id=7735\">Rhinstr\u00f8ms Mighty Man<\/a><\/h4><\/div><\/td>\n<\/tr>\n<tr class=\"row-3\">\n\t<td class=\"column-1 mtr-td-tag\" data-mtr-content=\"\"><div class=\"mtr-cell-content\"><\/div><\/td><td class=\"column-2 mtr-td-tag\" data-mtr-content=\"\"><div class=\"mtr-cell-content\"><\/div><\/td><td class=\"column-3 mtr-td-tag\" data-mtr-content=\"\"><div class=\"mtr-cell-content\"><\/div><\/td><td class=\"column-4 mtr-td-tag\" data-mtr-content=\"\n\"><div class=\"mtr-cell-content\"><\/div><\/td><td class=\"column-5 mtr-td-tag\" data-mtr-content=\"\"><div class=\"mtr-cell-content\"><\/div><\/td>\n<\/tr>\n<\/tbody>\n<\/table>\n<!-- #tablepress-8 from cache --><\/strong><\/p>\n","protected":false},"excerpt":{"rendered":"<p>&nbsp; In dieser Liste sind die Hengste verzeichnet, von denen in Deutschland Frischsamen bzw. Tiefgefriersamen zur Verf\u00fcgung steht. \u00c4nderungen bez\u00fcglich Ihrer Hengste teilen Sie uns bitte per E-Mail an&nbsp;presse@connemara-pony.de mit. &nbsp; &nbsp;<\/p>\n","protected":false},"author":2,"featured_media":0,"parent":0,"menu_order":0,"comment_status":"closed","ping_status":"closed","template":"onecolumn-page.php","meta":{"ngg_post_thumbnail":0,"footnotes":""},"class_list":["post-7544","page","type-page","status-publish","hentry"],"_links":{"self":[{"href":"https:\/\/www.cpv-ev.com\/index.php?rest_route=\/wp\/v2\/pages\/7544","targetHints":{"allow":["GET"]}}],"collection":[{"href":"https:\/\/www.cpv-ev.com\/index.php?rest_route=\/wp\/v2\/pages"}],"about":[{"href":"https:\/\/www.cpv-ev.com\/index.php?rest_route=\/wp\/v2\/types\/page"}],"author":[{"embeddable":true,"href":"https:\/\/www.cpv-ev.com\/index.php?rest_route=\/wp\/v2\/users\/2"}],"replies":[{"embeddable":true,"href":"https:\/\/www.cpv-ev.com\/index.php?rest_route=%2Fwp%2Fv2%2Fcomments&post=7544"}],"version-history":[{"count":0,"href":"https:\/\/www.cpv-ev.com\/index.php?rest_route=\/wp\/v2\/pages\/7544\/revisions"}],"wp:attachment":[{"href":"https:\/\/www.cpv-ev.com\/index.php?rest_route=%2Fwp%2Fv2%2Fmedia&parent=7544"}],"curies":[{"name":"wp","href":"https:\/\/api.w.org\/{rel}","templated":true}]}}