{"id":7381,"date":"2014-01-24T20:30:18","date_gmt":"2014-01-24T18:30:18","guid":{"rendered":"https:\/\/www.cpv-ev.com\/?page_id=7381"},"modified":"2014-02-17T19:48:24","modified_gmt":"2014-02-17T17:48:24","slug":"stuten","status":"publish","type":"page","link":"https:\/\/www.cpv-ev.com\/?page_id=7381","title":{"rendered":"Stuten"},"content":{"rendered":"<p>&nbsp;<\/p>\n<p>Diese Seite wird zur Zeit \u00fcberarbeitet und erweitert. Bitte nutzen Sie das Men\u00fc f\u00fcr weitere Informationen.<\/p>\n","protected":false},"excerpt":{"rendered":"<p>&nbsp; Diese Seite wird zur Zeit \u00fcberarbeitet und erweitert. Bitte nutzen Sie das Men\u00fc f\u00fcr weitere Informationen.<\/p>\n","protected":false},"author":2,"featured_media":0,"parent":0,"menu_order":0,"comment_status":"closed","ping_status":"closed","template":"onecolumn-page.php","meta":{"ngg_post_thumbnail":0,"footnotes":""},"class_list":["post-7381","page","type-page","status-publish","hentry"],"_links":{"self":[{"href":"https:\/\/www.cpv-ev.com\/index.php?rest_route=\/wp\/v2\/pages\/7381","targetHints":{"allow":["GET"]}}],"collection":[{"href":"https:\/\/www.cpv-ev.com\/index.php?rest_route=\/wp\/v2\/pages"}],"about":[{"href":"https:\/\/www.cpv-ev.com\/index.php?rest_route=\/wp\/v2\/types\/page"}],"author":[{"embeddable":true,"href":"https:\/\/www.cpv-ev.com\/index.php?rest_route=\/wp\/v2\/users\/2"}],"replies":[{"embeddable":true,"href":"https:\/\/www.cpv-ev.com\/index.php?rest_route=%2Fwp%2Fv2%2Fcomments&post=7381"}],"version-history":[{"count":0,"href":"https:\/\/www.cpv-ev.com\/index.php?rest_route=\/wp\/v2\/pages\/7381\/revisions"}],"wp:attachment":[{"href":"https:\/\/www.cpv-ev.com\/index.php?rest_route=%2Fwp%2Fv2%2Fmedia&parent=7381"}],"curies":[{"name":"wp","href":"https:\/\/api.w.org\/{rel}","templated":true}]}}