{"id":7368,"date":"2014-01-11T13:36:55","date_gmt":"2014-01-11T11:36:55","guid":{"rendered":"https:\/\/www.cpv-ev.com\/?page_id=7368"},"modified":"2023-11-27T21:33:49","modified_gmt":"2023-11-27T20:33:49","slug":"leistungsstutbuch-der-fn","status":"publish","type":"page","link":"https:\/\/www.cpv-ev.com\/?page_id=7368","title":{"rendered":"Leistungsstutbuch der FN"},"content":{"rendered":"<p><a href=\"https:\/\/www.cpv-ev.com\/wp-content\/uploads\/2014\/01\/Leistungsstutbuch.jpg\"><img loading=\"lazy\" decoding=\"async\" class=\"alignleft size-thumbnail wp-image-7754\" src=\"https:\/\/www.cpv-ev.com\/wp-content\/uploads\/2014\/01\/Leistungsstutbuch.jpg\" alt=\"Leistungsstutbuch\" width=\"110\" height=\"150\"><\/a>Das Leistungsstutbuch (LStB) wird seit Ende der 70er Jahre vom Bereich Zucht der Deutschen Reiterlichen Vereinigung (FN) gef\u00fchrt. Auf Antrag eines Z\u00fcchters \u00fcber seinen Zuchtverband k\u00f6nnen dort Stuten eingetragen werden, die die Voraussetzungen erf\u00fcllen.<\/p>\n<p>&nbsp;<\/p>\n<p>Das Leistungsstutbuch ist in vier Abteilungen unterteilt:<\/p>\n<p>Die Eintragung in <strong>Abteilung A<\/strong> erfordert eine bestimmte Eigenleistungspr\u00fcfung der Stute. Hat die Stute eigene Turniererfolge aufzuweisen, kann sie in die<strong> Abteilung B<\/strong> eingetragen werden; Turniererfolge der Nachkommen berechtigen zur Eintragung in die <strong>Abteilung C<\/strong>. Grundvoraussetzung f\u00fcr die Eintragung in die Abteilungen A bis C ist, dass die Stute in vier Zuchtjahren mindestens zwei Fohlen gebracht hat. Das Kriterium der <strong>Abteilung D<\/strong> ist die Fruchtbarkeit der Stute.<\/p>\n<p>&nbsp;<\/p>\n<p>Die Eintragungen in die verschiedenen Abteilungen werden allj\u00e4hrlich im Jahrbuch Zucht ver\u00f6ffentlicht.<\/p>\n<p>&nbsp;<\/p>\n<p>&nbsp;<\/p>\n<p><a href=\"https:\/\/www.cpv-ev.com\/wp-content\/uploads\/2014\/01\/Eintragungsbestimmungen_Leistungsstutbuch_2012.pdf\" target=\"_blank\" rel=\"noopener noreferrer\"><strong>Eintragungsbestimmungen in das Leistungsstutbuch (Stand 2012)<\/strong><\/a><\/p>\n<p><strong>&nbsp;<\/strong><\/p>\n<p>&nbsp;<\/p>\n<p><a href=\"https:\/\/www.cpv-ev.com\/wp-content\/uploads\/2014\/01\/Antrag_auf_Eintragung_in_die_Abteilung_A_des_Leistungsstutbuches.pdf\" target=\"_blank\" rel=\"noopener noreferrer\"><strong>Antrag auf Eintragung in das Leistungsstutbuch<\/strong><\/a><\/p>\n<p>&nbsp;<\/p>\n<p>&nbsp;<\/p>\n<p>Sie m\u00f6chten Ihre Stute ins Leistungsstutbuch eintragen lassen, weil sie den Anforderungen einer oder mehrerer Abteilungen entspricht? Drucken Sie die entsprechenden Antragsseiten aus und schicken Sie den Antrag ausgef\u00fcllt an Ihren Zuchtverband. Dort werden die Angaben best\u00e4tigt und an die FN weitergeleitet.<\/p>\n<p>&nbsp;<\/p>\n<p>Die folgenden Stuten sind bereits in das Leistungsstutbuch der FN eingetragen:<\/p>\n<p>&nbsp;<\/p>\n<p><strong>&nbsp;<a href=\"https:\/\/www.cpv-ev.com\/wp-content\/uploads\/2017\/10\/Leistungsstutbuch-FN-2017.jpg\"><img loading=\"lazy\" decoding=\"async\" class=\"alignleft size-full wp-image-20633\" src=\"https:\/\/www.cpv-ev.com\/wp-content\/uploads\/2017\/10\/Leistungsstutbuch-FN-2017.jpg\" alt=\"\" width=\"900\" height=\"912\" srcset=\"https:\/\/www.cpv-ev.com\/wp-content\/uploads\/2017\/10\/Leistungsstutbuch-FN-2017.jpg 900w, https:\/\/www.cpv-ev.com\/wp-content\/uploads\/2017\/10\/Leistungsstutbuch-FN-2017-109x110.jpg 109w, https:\/\/www.cpv-ev.com\/wp-content\/uploads\/2017\/10\/Leistungsstutbuch-FN-2017-300x304.jpg 300w, https:\/\/www.cpv-ev.com\/wp-content\/uploads\/2017\/10\/Leistungsstutbuch-FN-2017-768x778.jpg 768w, https:\/\/www.cpv-ev.com\/wp-content\/uploads\/2017\/10\/Leistungsstutbuch-FN-2017-493x500.jpg 493w, https:\/\/www.cpv-ev.com\/wp-content\/uploads\/2017\/10\/Leistungsstutbuch-FN-2017-110x110.jpg 110w\" sizes=\"auto, (max-width: 900px) 100vw, 900px\" \/><\/a><\/strong><\/p>\n<p>&nbsp;<\/p>\n<p>&nbsp;<\/p>\n<p>&nbsp;<\/p>\n<p>&nbsp;<\/p>\n<p>&nbsp;<\/p>\n<p>&nbsp;<\/p>\n<p>&nbsp;<\/p>\n<p>&nbsp;<\/p>\n<p>&nbsp;<\/p>\n<p>&nbsp;<\/p>\n<p>&nbsp;<\/p>\n<p>&nbsp;<\/p>\n<p>&nbsp;<\/p>\n<p>&nbsp;<\/p>\n<p>&nbsp;<\/p>\n<p>&nbsp;<\/p>\n<p>&nbsp;<\/p>\n<p>&nbsp;<\/p>\n<p>&nbsp;<\/p>\n<p>&nbsp;<\/p>\n<p>&nbsp;<\/p>\n<p>&nbsp;<\/p>\n<p>&nbsp;<\/p>\n<p>&nbsp;<\/p>\n<p>&nbsp;<\/p>\n<p>&nbsp;<\/p>\n<p>&nbsp;<\/p>\n<p>&nbsp;<\/p>\n<p>&nbsp;<\/p>\n<p>&nbsp;<\/p>\n<p>&nbsp;<\/p>\n<p>&nbsp;<\/p>\n<p>&nbsp;<\/p>\n<p>&nbsp;<\/p>\n<p>&nbsp;<\/p>\n<p>&nbsp;<\/p>\n<p>&nbsp;<\/p>\n<p>&nbsp;<\/p>\n<p>&nbsp;<\/p>\n<p>&nbsp;<\/p>\n<p>&nbsp;<\/p>\n<p>&nbsp;<\/p>\n<p>&nbsp;<\/p>\n<p>&nbsp;<\/p>\n<p>&nbsp;<\/p>\n<p>&nbsp;<\/p>\n<p>&nbsp;<\/p>\n","protected":false},"excerpt":{"rendered":"<p>Das Leistungsstutbuch (LStB) wird seit Ende der 70er Jahre vom Bereich Zucht der Deutschen Reiterlichen Vereinigung (FN) gef\u00fchrt. Auf Antrag eines Z\u00fcchters \u00fcber seinen Zuchtverband k\u00f6nnen dort Stuten eingetragen werden, die die Voraussetzungen erf\u00fcllen. &nbsp; Das Leistungsstutbuch ist in vier <a class=\"more-link\" href=\"https:\/\/www.cpv-ev.com\/?page_id=7368\"><span class=\"screen-reader-text\">  Leistungsstutbuch der FN<\/span> weiterlesen<span class=\"meta-nav\">&rarr;<\/span><\/a><\/p>\n","protected":false},"author":2,"featured_media":0,"parent":0,"menu_order":0,"comment_status":"closed","ping_status":"closed","template":"","meta":{"ngg_post_thumbnail":0,"footnotes":""},"class_list":["post-7368","page","type-page","status-publish","hentry"],"_links":{"self":[{"href":"https:\/\/www.cpv-ev.com\/index.php?rest_route=\/wp\/v2\/pages\/7368","targetHints":{"allow":["GET"]}}],"collection":[{"href":"https:\/\/www.cpv-ev.com\/index.php?rest_route=\/wp\/v2\/pages"}],"about":[{"href":"https:\/\/www.cpv-ev.com\/index.php?rest_route=\/wp\/v2\/types\/page"}],"author":[{"embeddable":true,"href":"https:\/\/www.cpv-ev.com\/index.php?rest_route=\/wp\/v2\/users\/2"}],"replies":[{"embeddable":true,"href":"https:\/\/www.cpv-ev.com\/index.php?rest_route=%2Fwp%2Fv2%2Fcomments&post=7368"}],"version-history":[{"count":0,"href":"https:\/\/www.cpv-ev.com\/index.php?rest_route=\/wp\/v2\/pages\/7368\/revisions"}],"wp:attachment":[{"href":"https:\/\/www.cpv-ev.com\/index.php?rest_route=%2Fwp%2Fv2%2Fmedia&parent=7368"}],"curies":[{"name":"wp","href":"https:\/\/api.w.org\/{rel}","templated":true}]}}