{"id":54,"date":"2012-07-09T13:48:10","date_gmt":"2012-07-09T11:48:10","guid":{"rendered":"https:\/\/www.cpv-ev.com?page_id=54"},"modified":"2023-11-27T18:18:30","modified_gmt":"2023-11-27T17:18:30","slug":"shop","status":"publish","type":"page","link":"https:\/\/www.cpv-ev.com\/?page_id=54","title":{"rendered":"F\u00fcr Fans"},"content":{"rendered":"<div style=\"float: right;\"><a href=\"https:\/\/www.loesdau.de\" target=\"_blank\" rel=\"attachment wp-att-19197 noopener noreferrer\"><img loading=\"lazy\" decoding=\"async\" src=\"https:\/\/www.cpv-ev.com\/wp-content\/uploads\/2016\/08\/LOESDAU-logo-160x160-110x110.jpg\" alt=\"LOESDAU-logo-160x160\" width=\"110\" height=\"110\"><\/a><\/div>\n<p><strong><br \/>\nHier finden Liebhaber Artikel rund um das Connemara Pony<\/strong><\/p>\n<p>Bitte erfragen Sie die Versandkosten f\u00fcr Ihre Bestellung vorab per Email. Die in Klammern hinter den Artikeln aufgef\u00fchrten Zahlen geben die Anzahl der vorr\u00e4tigen Artikel an. Sollte ein Artikel vergriffen sein oder nicht in Ihrer Gr\u00f6\u00dfe vorliegen, fragen Sie f\u00fcr Ihre Bestellung bitte einfach an, gerade bei der Bekleidung kann problemlos nachbestellt werden.<\/p>\n<p><strong>Alle Preise zzgl. Versandkosten.<\/strong><\/p>\n<p style=\"clear: both;\">Bitte nutzen Sie f\u00fcr Ihre \u00dcberweisungen das Konto der <strong>Connemarapony Vereinigung e.V.<\/strong><\/p>\n<p style=\"clear: both;\">Sparkasse Unna<\/p>\n<p style=\"clear: both;\">Kontonummer: 501601<\/p>\n<p style=\"clear: both;\">BLZ: 44350060<\/p>\n<p style=\"clear: both;\">IBAN: DE43 4435 0060 0000 5016 01<\/p>\n<p style=\"clear: both;\">BIC: WELADED1UNN<\/p>\n<p><strong>Ihre Bestellungen richten Sie bitte an <a href=\"mailto:shop@connemara-pony.de\">shop@connemara-pony.de<\/a><\/strong><\/p>\n<p style=\"clear: both;\">&nbsp;<\/p>\n\n<table id=\"tablepress-15\" class=\"tablepress tablepress-id-15 mtr-table mtr-thead-th\">\n<thead>\n<tr class=\"row-1\">\n\t<th class=\"column-1 mtr-th-tag\" data-mtr-content=\"BILD\"><div class=\"mtr-cell-content\">BILD<\/div><\/th><th class=\"column-2 mtr-th-tag\" data-mtr-content=\"BESCHREIBUNG\"><div class=\"mtr-cell-content\">BESCHREIBUNG<\/div><\/th><th class=\"column-3 mtr-th-tag\" data-mtr-content=\"PREIS\"><div class=\"mtr-cell-content\">PREIS<\/div><\/th>\n<\/tr>\n<\/thead>\n<tbody class=\"row-striping row-hover\">\n<tr class=\"row-2\">\n\t<td class=\"column-1 mtr-td-tag\" data-mtr-content=\"BILD\"><div class=\"mtr-cell-content\"><a href=\"https:\/\/www.cpv-ev.com\/wp-content\/uploads\/2012\/07\/Schabracke_weiss.jpg\"><img loading=\"lazy\" decoding=\"async\" src=\"https:\/\/www.cpv-ev.com\/wp-content\/uploads\/2012\/07\/Schabracke_weiss-150x150.jpg\" alt=\"\" title=\"SCHABARACKE wei\u00c3\u0178\" width=\"150\" height=\"150\" class=\"alignnone size-thumbnail wp-image-59\" srcset=\"https:\/\/www.cpv-ev.com\/wp-content\/uploads\/2012\/07\/Schabracke_weiss-150x150.jpg 150w, https:\/\/www.cpv-ev.com\/wp-content\/uploads\/2012\/07\/Schabracke_weiss-110x110.jpg 110w\" sizes=\"auto, (max-width: 150px) 100vw, 150px\"><\/a><\/div><\/td><td class=\"column-2 mtr-td-tag\" data-mtr-content=\"BESCHREIBUNG\"><div class=\"mtr-cell-content\">SCHABARACKE wei\u00df mit aufgesticktem Logo<br>\n(auf Bestellung)<\/div><\/td><td class=\"column-3 mtr-td-tag\" data-mtr-content=\"PREIS\"><div class=\"mtr-cell-content\">auf Anfrage<\/div><\/td>\n<\/tr>\n<tr class=\"row-3\">\n\t<td class=\"column-1 mtr-td-tag\" data-mtr-content=\"BILD\"><div class=\"mtr-cell-content\"><a href=\"https:\/\/www.cpv-ev.com\/wp-content\/uploads\/2012\/07\/Schabracke_gruen.jpg\"><img loading=\"lazy\" decoding=\"async\" src=\"https:\/\/www.cpv-ev.com\/wp-content\/uploads\/2012\/07\/Schabracke_gruen-150x150.jpg\" alt=\"\" title=\"Schabracke_gruen\" width=\"150\" height=\"150\" class=\"alignnone size-thumbnail wp-image-84\" srcset=\"https:\/\/www.cpv-ev.com\/wp-content\/uploads\/2012\/07\/Schabracke_gruen-150x150.jpg 150w, https:\/\/www.cpv-ev.com\/wp-content\/uploads\/2012\/07\/Schabracke_gruen-110x110.jpg 110w\" sizes=\"auto, (max-width: 150px) 100vw, 150px\"><\/a><\/div><\/td><td class=\"column-2 mtr-td-tag\" data-mtr-content=\"BESCHREIBUNG\"><div class=\"mtr-cell-content\">SCHABARACKE gr\u00fcn mit aufgesticktem Logo<br>\n(auf Bestellung)<\/div><\/td><td class=\"column-3 mtr-td-tag\" data-mtr-content=\"PREIS\"><div class=\"mtr-cell-content\">auf Anfrage<\/div><\/td>\n<\/tr>\n<tr class=\"row-4\">\n\t<td class=\"column-1 mtr-td-tag\" data-mtr-content=\"BILD\"><div class=\"mtr-cell-content\"><a href=\"https:\/\/www.cpv-ev.com\/wp-content\/uploads\/2012\/07\/Schabracke_orange.jpg\"><img loading=\"lazy\" decoding=\"async\" src=\"https:\/\/www.cpv-ev.com\/wp-content\/uploads\/2012\/07\/Schabracke_orange-150x150.jpg\" alt=\"\" title=\"Schabracke_orange\" width=\"150\" height=\"150\" class=\"alignnone size-thumbnail wp-image-85\" srcset=\"https:\/\/www.cpv-ev.com\/wp-content\/uploads\/2012\/07\/Schabracke_orange-150x150.jpg 150w, https:\/\/www.cpv-ev.com\/wp-content\/uploads\/2012\/07\/Schabracke_orange-110x110.jpg 110w\" sizes=\"auto, (max-width: 150px) 100vw, 150px\"><\/a><\/div><\/td><td class=\"column-2 mtr-td-tag\" data-mtr-content=\"BESCHREIBUNG\"><div class=\"mtr-cell-content\">SCHABARACKE orange mit aufgesticktem Logo<br>\n(auf Bestellung)<\/div><\/td><td class=\"column-3 mtr-td-tag\" data-mtr-content=\"PREIS\"><div class=\"mtr-cell-content\">auf Anfrage<\/div><\/td>\n<\/tr>\n<tr class=\"row-5\">\n\t<td class=\"column-1 mtr-td-tag\" data-mtr-content=\"BILD\"><div class=\"mtr-cell-content\"><a href=\"https:\/\/www.cpv-ev.com\/wp-content\/uploads\/2012\/07\/Halfter.jpg\"><img loading=\"lazy\" decoding=\"async\" src=\"https:\/\/www.cpv-ev.com\/wp-content\/uploads\/2012\/07\/Halfter-150x150.jpg\" alt=\"\" title=\"Halfter\" width=\"150\" height=\"150\" class=\"alignnone size-thumbnail wp-image-70\" srcset=\"https:\/\/www.cpv-ev.com\/wp-content\/uploads\/2012\/07\/Halfter-150x150.jpg 150w, https:\/\/www.cpv-ev.com\/wp-content\/uploads\/2012\/07\/Halfter-110x110.jpg 110w\" sizes=\"auto, (max-width: 150px) 100vw, 150px\"><\/a><\/div><\/td><td class=\"column-2 mtr-td-tag\" data-mtr-content=\"BESCHREIBUNG\"><div class=\"mtr-cell-content\">NYLONHALFTER orange mit gr\u00fcner Bestickung \"Connemara Pony\" (Gr\u00f6\u00dfe Cob oder Vollblut)<\/div><\/td><td class=\"column-3 mtr-td-tag\" data-mtr-content=\"PREIS\"><div class=\"mtr-cell-content\">12,00 \u20ac<\/div><\/td>\n<\/tr>\n<tr class=\"row-6\">\n\t<td class=\"column-1 mtr-td-tag\" data-mtr-content=\"BILD\"><div class=\"mtr-cell-content\"><a href=\"https:\/\/www.cpv-ev.com\/wp-content\/uploads\/2015\/10\/Halfter.jpg\"><img loading=\"lazy\" decoding=\"async\" src=\"https:\/\/www.cpv-ev.com\/wp-content\/uploads\/2015\/10\/Halfter.jpg\" alt=\"Halfter\" width=\"150\" height=\"150\" class=\"alignnone size-thumbnail wp-image-16560\" srcset=\"https:\/\/www.cpv-ev.com\/wp-content\/uploads\/2015\/10\/Halfter.jpg 150w, https:\/\/www.cpv-ev.com\/wp-content\/uploads\/2015\/10\/Halfter-109x110.jpg 109w, https:\/\/www.cpv-ev.com\/wp-content\/uploads\/2015\/10\/Halfter-110x110.jpg 110w\" sizes=\"auto, (max-width: 150px) 100vw, 150px\"><\/a><\/div><\/td><td class=\"column-2 mtr-td-tag\" data-mtr-content=\"BESCHREIBUNG\"><div class=\"mtr-cell-content\">NYLONHALFTER gr\u00fcn mit wei\u00dfer Bestickung \"Connemara Pony\" (Gr\u00f6\u00dfe Cob oder Vollblut)<br>\nZUR ZEIT VERGRIFFEN<\/div><\/td><td class=\"column-3 mtr-td-tag\" data-mtr-content=\"PREIS\"><div class=\"mtr-cell-content\">12,00 \u20ac<\/div><\/td>\n<\/tr>\n<tr class=\"row-7\">\n\t<td class=\"column-1 mtr-td-tag\" data-mtr-content=\"BILD\"><div class=\"mtr-cell-content\"><a href=\"https:\/\/www.cpv-ev.com\/wp-content\/uploads\/2015\/10\/Jacke.jpg\"><img loading=\"lazy\" decoding=\"async\" src=\"https:\/\/www.cpv-ev.com\/wp-content\/uploads\/2015\/10\/Jacke.jpg\" alt=\"\" title=\"Hengstverteilungsplan\" width=\"150\" height=\"150\" class=\"alignnone size-full wp-image-16561\" srcset=\"https:\/\/www.cpv-ev.com\/wp-content\/uploads\/2015\/10\/Jacke.jpg 150w, https:\/\/www.cpv-ev.com\/wp-content\/uploads\/2015\/10\/Jacke-109x110.jpg 109w, https:\/\/www.cpv-ev.com\/wp-content\/uploads\/2015\/10\/Jacke-110x110.jpg 110w\" sizes=\"auto, (max-width: 150px) 100vw, 150px\"><br>\n<br>\n<\/a><\/div><\/td><td class=\"column-2 mtr-td-tag\" data-mtr-content=\"BESCHREIBUNG\"><div class=\"mtr-cell-content\">FLEECEJACKE gr\u00fcn <br>\nFront mit Logo <br>\nDamengr\u00f6\u00dfen tailliert<br>\n(auf Bestellung)<br>\nHerrengr\u00f6\u00dfen Unisex <\/div><\/td><td class=\"column-3 mtr-td-tag\" data-mtr-content=\"PREIS\"><div class=\"mtr-cell-content\">35,00 \u20ac<\/div><\/td>\n<\/tr>\n<tr class=\"row-8\">\n\t<td class=\"column-1 mtr-td-tag\" data-mtr-content=\"BILD\"><div class=\"mtr-cell-content\"><a href=\"https:\/\/www.cpv-ev.com\/wp-content\/uploads\/2012\/07\/T-Shirt_dunkelgruen_20111.jpg\"><img loading=\"lazy\" decoding=\"async\" src=\"https:\/\/www.cpv-ev.com\/wp-content\/uploads\/2012\/07\/T-Shirt_dunkelgruen_20111-150x150.jpg\" alt=\"\" title=\"T-Shirt_dunkelgruen_2011\" width=\"150\" height=\"150\" class=\"alignnone size-thumbnail wp-image-93\" srcset=\"https:\/\/www.cpv-ev.com\/wp-content\/uploads\/2012\/07\/T-Shirt_dunkelgruen_20111-150x150.jpg 150w, https:\/\/www.cpv-ev.com\/wp-content\/uploads\/2012\/07\/T-Shirt_dunkelgruen_20111-110x110.jpg 110w\" sizes=\"auto, (max-width: 150px) 100vw, 150px\"><\/a><\/div><\/td><td class=\"column-2 mtr-td-tag\" data-mtr-content=\"BESCHREIBUNG\"><div class=\"mtr-cell-content\">T-SHIRT <br>\nFront mit Logo, R\u00fccken mit Motiv<br>\nFarben: dunkelgr\u00fcn<br>\nGr\u00f6\u00dfen: S - XXL<br>\nKindergr\u00f6\u00dfen: 116 - 176<\/div><\/td><td class=\"column-3 mtr-td-tag\" data-mtr-content=\"PREIS\"><div class=\"mtr-cell-content\">15,00 \u20ac<\/div><\/td>\n<\/tr>\n<tr class=\"row-9\">\n\t<td class=\"column-1 mtr-td-tag\" data-mtr-content=\"BILD\"><div class=\"mtr-cell-content\"><a href=\"https:\/\/www.cpv-ev.com\/wp-content\/uploads\/2012\/07\/T-Shirt_dunkelgruen.jpg\"><img loading=\"lazy\" decoding=\"async\" src=\"https:\/\/www.cpv-ev.com\/wp-content\/uploads\/2012\/07\/T-Shirt_dunkelgruen-150x150.jpg\" alt=\"\" title=\"T-Shirt_dunkelgruen\" width=\"150\" height=\"150\" class=\"alignnone size-thumbnail wp-image-95\" srcset=\"https:\/\/www.cpv-ev.com\/wp-content\/uploads\/2012\/07\/T-Shirt_dunkelgruen-150x150.jpg 150w, https:\/\/www.cpv-ev.com\/wp-content\/uploads\/2012\/07\/T-Shirt_dunkelgruen-110x110.jpg 110w\" sizes=\"auto, (max-width: 150px) 100vw, 150px\"><\/a><\/div><\/td><td class=\"column-2 mtr-td-tag\" data-mtr-content=\"BESCHREIBUNG\"><div class=\"mtr-cell-content\">T-SHIRT <br>\nFront mit Motiv<br>\nFarben: dunkelgr\u00fcn, wei\u00df, dunkelblau<br>\nGr\u00f6\u00dfen: S - XXL<br>\nKindergr\u00f6\u00dfen: 116 - 176<\/div><\/td><td class=\"column-3 mtr-td-tag\" data-mtr-content=\"PREIS\"><div class=\"mtr-cell-content\">15,00 \u20ac<\/div><\/td>\n<\/tr>\n<tr class=\"row-10\">\n\t<td class=\"column-1 mtr-td-tag\" data-mtr-content=\"BILD\"><div class=\"mtr-cell-content\"><img loading=\"lazy\" decoding=\"async\" src=\"https:\/\/www.cpv-ev.com\/wp-content\/uploads\/2012\/07\/Polo_gruen_Front1-89x110.jpg\" alt=\"Polo_gruen_Front\" width=\"89\" height=\"110\" class=\"alignnone size-thumbnail wp-image-92\" srcset=\"https:\/\/www.cpv-ev.com\/wp-content\/uploads\/2012\/07\/Polo_gruen_Front1-89x110.jpg 89w, https:\/\/www.cpv-ev.com\/wp-content\/uploads\/2012\/07\/Polo_gruen_Front1-300x366.jpg 300w, https:\/\/www.cpv-ev.com\/wp-content\/uploads\/2012\/07\/Polo_gruen_Front1-408x500.jpg 408w, https:\/\/www.cpv-ev.com\/wp-content\/uploads\/2012\/07\/Polo_gruen_Front1.jpg 695w\" sizes=\"auto, (max-width: 89px) 100vw, 89px\"><\/div><\/td><td class=\"column-2 mtr-td-tag\" data-mtr-content=\"BESCHREIBUNG\"><div class=\"mtr-cell-content\">POLOSHIRT <br>\nFront mit Logo, R\u00fccken mit Motiv, Unisex und Damen tailliert<br>\nFarben: dunkelgr\u00fcn<br>\nUnisexgr\u00f6\u00dfen: XS - XL<br>\nDamengr\u00f6\u00dfen: S - XXL<br>\nKindergr\u00f6\u00dfen: 116 - 176 (auf Anfrage)<\/div><\/td><td class=\"column-3 mtr-td-tag\" data-mtr-content=\"PREIS\"><div class=\"mtr-cell-content\">25,00 \u20ac<\/div><\/td>\n<\/tr>\n<tr class=\"row-11\">\n\t<td class=\"column-1 mtr-td-tag\" data-mtr-content=\"BILD\"><div class=\"mtr-cell-content\"><img loading=\"lazy\" decoding=\"async\" src=\"https:\/\/www.cpv-ev.com\/wp-content\/uploads\/2016\/03\/IMG_1206-e1458992483506-83x110.jpg\" alt=\"Polo_orange\" width=\"83\" height=\"110\" class=\"alignnone size-thumbnail wp-image-17752\"><img loading=\"lazy\" decoding=\"async\" src=\"https:\/\/www.cpv-ev.com\/wp-content\/uploads\/2016\/03\/IMG_1208-e1458992527749-83x110.jpg\" alt=\"Polo_orange R\u00fccken\" width=\"83\" height=\"110\" class=\"alignnone size-thumbnail wp-image-17753\"><\/div><\/td><td class=\"column-2 mtr-td-tag\" data-mtr-content=\"BESCHREIBUNG\"><div class=\"mtr-cell-content\">POLOSHIRT <br>\nFront mit Logo, R\u00fccken mit Motiv, tailliert<br>\nFarben: orange<br>\nGr\u00f6\u00dfen: XS - XL<\/div><\/td><td class=\"column-3 mtr-td-tag\" data-mtr-content=\"PREIS\"><div class=\"mtr-cell-content\">25,00 \u20ac<\/div><\/td>\n<\/tr>\n<tr class=\"row-12\">\n\t<td class=\"column-1 mtr-td-tag\" data-mtr-content=\"BILD\"><div class=\"mtr-cell-content\"><a href=\"https:\/\/www.cpv-ev.com\/wp-content\/uploads\/2012\/07\/Polo_weiss.jpg\"><img loading=\"lazy\" decoding=\"async\" src=\"https:\/\/www.cpv-ev.com\/wp-content\/uploads\/2012\/07\/Polo_weiss-150x150.jpg\" alt=\"\" title=\"Polo_weiss\" width=\"150\" height=\"150\" class=\"alignnone size-thumbnail wp-image-96\" srcset=\"https:\/\/www.cpv-ev.com\/wp-content\/uploads\/2012\/07\/Polo_weiss-150x150.jpg 150w, https:\/\/www.cpv-ev.com\/wp-content\/uploads\/2012\/07\/Polo_weiss-110x110.jpg 110w\" sizes=\"auto, (max-width: 150px) 100vw, 150px\"><\/a><\/div><\/td><td class=\"column-2 mtr-td-tag\" data-mtr-content=\"BESCHREIBUNG\"><div class=\"mtr-cell-content\">POLOSHIRT - Langarm<br>\nFront mit Logo, R\u00fccken mit Motiv (tailliert)<br>\nFarben: wei\u00df<br>\nGr\u00f6\u00dfen: XS - XL<\/div><\/td><td class=\"column-3 mtr-td-tag\" data-mtr-content=\"PREIS\"><div class=\"mtr-cell-content\">25,00 \u20ac<\/div><\/td>\n<\/tr>\n<tr class=\"row-13\">\n\t<td class=\"column-1 mtr-td-tag\" data-mtr-content=\"BILD\"><div class=\"mtr-cell-content\"><img loading=\"lazy\" decoding=\"async\" src=\"https:\/\/www.cpv-ev.com\/wp-content\/uploads\/2012\/07\/Sweatshirt-129x110.jpg\" alt=\"Sweatshirt\" width=\"129\" height=\"110\" class=\"alignnone size-thumbnail wp-image-88\" srcset=\"https:\/\/www.cpv-ev.com\/wp-content\/uploads\/2012\/07\/Sweatshirt-129x110.jpg 129w, https:\/\/www.cpv-ev.com\/wp-content\/uploads\/2012\/07\/Sweatshirt-300x254.jpg 300w, https:\/\/www.cpv-ev.com\/wp-content\/uploads\/2012\/07\/Sweatshirt-500x423.jpg 500w, https:\/\/www.cpv-ev.com\/wp-content\/uploads\/2012\/07\/Sweatshirt.jpg 605w\" sizes=\"auto, (max-width: 129px) 100vw, 129px\"><\/div><\/td><td class=\"column-2 mtr-td-tag\" data-mtr-content=\"BESCHREIBUNG\"><div class=\"mtr-cell-content\">SWEATSHIRT ausverkauft<br>\nFront mit Motiv<br>\nFarbe: dunkelgr\u00fcn<br>\n<br>\n<\/div><\/td><td class=\"column-3 mtr-td-tag\" data-mtr-content=\"PREIS\"><div class=\"mtr-cell-content\">30,00 \u20ac<\/div><\/td>\n<\/tr>\n<tr class=\"row-14\">\n\t<td class=\"column-1 mtr-td-tag\" data-mtr-content=\"BILD\"><div class=\"mtr-cell-content\"><a href=\"https:\/\/www.cpv-ev.com\/wp-content\/uploads\/2012\/07\/armycap.jpg\"><img loading=\"lazy\" decoding=\"async\" src=\"https:\/\/www.cpv-ev.com\/wp-content\/uploads\/2012\/07\/armycap-150x150.jpg\" alt=\"\" title=\"armycap\" width=\"150\" height=\"150\" class=\"alignnone size-thumbnail wp-image-63\" srcset=\"https:\/\/www.cpv-ev.com\/wp-content\/uploads\/2012\/07\/armycap-150x150.jpg 150w, https:\/\/www.cpv-ev.com\/wp-content\/uploads\/2012\/07\/armycap-110x110.jpg 110w\" sizes=\"auto, (max-width: 150px) 100vw, 150px\"><\/a><\/div><\/td><td class=\"column-2 mtr-td-tag\" data-mtr-content=\"BESCHREIBUNG\"><div class=\"mtr-cell-content\">BASE CAP ausverkauft<br>\nmit aufgesticktem Logo<br>\nFarben: dunkelgr\u00fcn, grau,<br>\norange<br>\n<br>\nARMY CAP ausverkauft<\/div><\/td><td class=\"column-3 mtr-td-tag\" data-mtr-content=\"PREIS\"><div class=\"mtr-cell-content\">ARMY CAP 15,00 \u20ac<br>\nBASE CAP 12,00 \u20ac<\/div><\/td>\n<\/tr>\n<tr class=\"row-15\">\n\t<td class=\"column-1 mtr-td-tag\" data-mtr-content=\"BILD\"><div class=\"mtr-cell-content\"><a href=\"https:\/\/www.cpv-ev.com\/wp-content\/uploads\/2012\/07\/Aufkleber_transparent.jpg\"><img loading=\"lazy\" decoding=\"async\" src=\"https:\/\/www.cpv-ev.com\/wp-content\/uploads\/2012\/07\/Aufkleber_transparent-150x150.jpg\" alt=\"\" title=\"Aufkleber_transparent\" width=\"150\" height=\"150\" class=\"alignnone size-thumbnail wp-image-64\" srcset=\"https:\/\/www.cpv-ev.com\/wp-content\/uploads\/2012\/07\/Aufkleber_transparent-150x150.jpg 150w, https:\/\/www.cpv-ev.com\/wp-content\/uploads\/2012\/07\/Aufkleber_transparent-110x110.jpg 110w\" sizes=\"auto, (max-width: 150px) 100vw, 150px\"><\/a><\/div><\/td><td class=\"column-2 mtr-td-tag\" data-mtr-content=\"BESCHREIBUNG\"><div class=\"mtr-cell-content\">AUFKLEBER<br>\nTransparentfolie mit Logo in dunkelgr\u00fcn<br>\n<br>\nDurchmesser ca. 40 mm<\/div><\/td><td class=\"column-3 mtr-td-tag\" data-mtr-content=\"PREIS\"><div class=\"mtr-cell-content\">0,50 \u20ac<\/div><\/td>\n<\/tr>\n<tr class=\"row-16\">\n\t<td class=\"column-1 mtr-td-tag\" data-mtr-content=\"BILD\"><div class=\"mtr-cell-content\"><a href=\"https:\/\/www.cpv-ev.com\/wp-content\/uploads\/2012\/07\/Review_Rodgers_2012.jpg\"><img loading=\"lazy\" decoding=\"async\" src=\"https:\/\/www.cpv-ev.com\/wp-content\/uploads\/2012\/07\/Review_Rodgers_2012.jpg\" alt=\"\" title=\"Review_Rodgers_2012\" width=\"113\" height=\"150\" class=\"alignnone size-thumbnail wp-image-83\" srcset=\"https:\/\/www.cpv-ev.com\/wp-content\/uploads\/2012\/07\/Review_Rodgers_2012-110x146.jpg 110w, https:\/\/www.cpv-ev.com\/wp-content\/uploads\/2012\/07\/Review_Rodgers_2012-225x300.jpg 225w\" sizes=\"auto, (max-width: 113px) 100vw, 113px\"><\/a><\/div><\/td><td class=\"column-2 mtr-td-tag\" data-mtr-content=\"BESCHREIBUNG\"><div class=\"mtr-cell-content\">CONNEMARA PONY REVIEW<br>\n<br>\nz.ZT. keine Ausgabe im Shop vorhanden<br>\n<br>\n<br>\n<br>\n<br>\n<br>\nAutor: Ruth Rogers<br>\nSprache: englisch<br>\nFormat A4, 162 Seiten<\/div><\/td><td class=\"column-3 mtr-td-tag\" data-mtr-content=\"PREIS\"><div class=\"mtr-cell-content\">18,00 \u20ac<\/div><\/td>\n<\/tr>\n<tr class=\"row-17\">\n\t<td class=\"column-1 mtr-td-tag\" data-mtr-content=\"BILD\"><div class=\"mtr-cell-content\"><a href=\"https:\/\/www.cpv-ev.com\/wp-content\/uploads\/2015\/04\/Chronicle-2015.jpg\"><img loading=\"lazy\" decoding=\"async\" src=\"https:\/\/www.cpv-ev.com\/wp-content\/uploads\/2015\/04\/Chronicle-2015.jpg\" alt=\"\" title=\"Chronicle\" width=\"113\" height=\"150\" class=\"alignnone size-thumbnail wp-image-15057\" srcset=\"https:\/\/www.cpv-ev.com\/wp-content\/uploads\/2015\/04\/Chronicle-2015-110x146.jpg 110w, https:\/\/www.cpv-ev.com\/wp-content\/uploads\/2015\/04\/Chronicle-2015-225x300.jpg 225w\" sizes=\"auto, (max-width: 113px) 100vw, 113px\"><\/a><\/div><\/td><td class=\"column-2 mtr-td-tag\" data-mtr-content=\"BESCHREIBUNG\"><div class=\"mtr-cell-content\">CONNEMARA CHRONICLE<br>\n(englisches Jahresheft)<br>\nAusgabe 2009 - Vol. 36 <\/div><\/td><td class=\"column-3 mtr-td-tag\" data-mtr-content=\"PREIS\"><div class=\"mtr-cell-content\">10,00 \u20ac<br>\n<\/div><\/td>\n<\/tr>\n<tr class=\"row-18\">\n\t<td class=\"column-1 mtr-td-tag\" data-mtr-content=\"BILD\"><div class=\"mtr-cell-content\"><a href=\"https:\/\/www.cpv-ev.com\/wp-content\/uploads\/2012\/07\/Irische_Stutbuecher.jpg\"><img loading=\"lazy\" decoding=\"async\" src=\"https:\/\/www.cpv-ev.com\/wp-content\/uploads\/2012\/07\/Irische_Stutbuecher.jpg\" alt=\"\" title=\"Irische_Stutbuecher\" width=\"90\" height=\"67\" class=\"alignnone size-full wp-image-72\"><\/a><\/div><\/td><td class=\"column-2 mtr-td-tag\" data-mtr-content=\"BESCHREIBUNG\"><div class=\"mtr-cell-content\">IRISCHE STUTB\u00dcCHER<br>\nXXII und XXIII<br>\n<\/div><\/td><td class=\"column-3 mtr-td-tag\" data-mtr-content=\"PREIS\"><div class=\"mtr-cell-content\">jeweils 22,00 \u20ac<\/div><\/td>\n<\/tr>\n<\/tbody>\n<\/table>\n<!-- #tablepress-15 from cache -->\n","protected":false},"excerpt":{"rendered":"<p>Hier finden Liebhaber Artikel rund um das Connemara Pony Bitte erfragen Sie die Versandkosten f\u00fcr Ihre Bestellung vorab per Email. Die in Klammern hinter den Artikeln aufgef\u00fchrten Zahlen geben die Anzahl der vorr\u00e4tigen Artikel an. Sollte ein Artikel vergriffen sein <a class=\"more-link\" href=\"https:\/\/www.cpv-ev.com\/?page_id=54\"><span class=\"screen-reader-text\">  F\u00fcr Fans<\/span> weiterlesen<span class=\"meta-nav\">&rarr;<\/span><\/a><\/p>\n","protected":false},"author":1,"featured_media":0,"parent":0,"menu_order":0,"comment_status":"closed","ping_status":"open","template":"","meta":{"ngg_post_thumbnail":0,"footnotes":""},"class_list":["post-54","page","type-page","status-publish","hentry"],"_links":{"self":[{"href":"https:\/\/www.cpv-ev.com\/index.php?rest_route=\/wp\/v2\/pages\/54","targetHints":{"allow":["GET"]}}],"collection":[{"href":"https:\/\/www.cpv-ev.com\/index.php?rest_route=\/wp\/v2\/pages"}],"about":[{"href":"https:\/\/www.cpv-ev.com\/index.php?rest_route=\/wp\/v2\/types\/page"}],"author":[{"embeddable":true,"href":"https:\/\/www.cpv-ev.com\/index.php?rest_route=\/wp\/v2\/users\/1"}],"replies":[{"embeddable":true,"href":"https:\/\/www.cpv-ev.com\/index.php?rest_route=%2Fwp%2Fv2%2Fcomments&post=54"}],"version-history":[{"count":0,"href":"https:\/\/www.cpv-ev.com\/index.php?rest_route=\/wp\/v2\/pages\/54\/revisions"}],"wp:attachment":[{"href":"https:\/\/www.cpv-ev.com\/index.php?rest_route=%2Fwp%2Fv2%2Fmedia&parent=54"}],"curies":[{"name":"wp","href":"https:\/\/api.w.org\/{rel}","templated":true}]}}