{"id":509,"date":"2012-07-16T10:41:41","date_gmt":"2012-07-16T08:41:41","guid":{"rendered":"https:\/\/www.cpv-ev.com\/?page_id=509"},"modified":"2018-04-12T19:35:54","modified_gmt":"2018-04-12T17:35:54","slug":"twilight-burning-dundrum","status":"publish","type":"page","link":"https:\/\/www.cpv-ev.com\/?page_id=509","title":{"rendered":"Twilight Burning Dundrum"},"content":{"rendered":"<p>&nbsp;<\/p>\n<table cellspacing=\"0\" cellpadding=\"0\" border=\"1\">\n<tbody>\n<tr>\n<td width=\"359\" valign=\"top\"><strong>Farbe:<\/strong> Falbe<\/td>\n<td width=\"359\" valign=\"top\"><strong>Hengstbuch:<\/strong> ZfdP HB II<\/td>\n<\/tr>\n<tr>\n<td width=\"359\" valign=\"top\"><strong>Geboren:<\/strong> 08.08.2003<\/td>\n<td width=\"359\" valign=\"top\"><strong>Leistungspr\u00fcfung: <\/strong>keine<strong><br \/>\n<\/strong><\/td>\n<\/tr>\n<tr>\n<td width=\"359\" valign=\"top\"><strong>Stockma\u00df: <\/strong>145 cm<\/td>\n<td width=\"359\" valign=\"top\"><strong>Tr\u00e4ger des Creme-Faktors:<\/strong> ja<\/td>\n<\/tr>\n<tr>\n<td width=\"359\" valign=\"top\"><strong>R\u00f6hrbein: <\/strong><strong><br \/>\n<\/strong><\/td>\n<td width=\"359\" valign=\"top\"><strong>Tr\u00e4ger des Fuchsgens:<\/strong> unbekannt<\/td>\n<\/tr>\n<tr>\n<td width=\"359\" valign=\"top\"><strong>Ausgeschieden: <\/strong>2017 kastriert<strong><br \/>\n<\/strong><\/td>\n<td width=\"359\" valign=\"top\">&nbsp;<\/td>\n<\/tr>\n<tr>\n<td width=\"359\" valign=\"top\"><img loading=\"lazy\" decoding=\"async\" class=\"alignnone size-full wp-image-232\" src=\"https:\/\/www.cpv-ev.com\/wp-content\/uploads\/2012\/07\/trans240x10.gif\" alt=\"trans240x10\" width=\"240\" height=\"10\" srcset=\"https:\/\/www.cpv-ev.com\/wp-content\/uploads\/2012\/07\/trans240x10.gif 240w, https:\/\/www.cpv-ev.com\/wp-content\/uploads\/2012\/07\/trans240x10-225x10.gif 225w\" sizes=\"auto, (max-width: 240px) 100vw, 240px\" \/><\/td>\n<td width=\"359\" valign=\"top\">&nbsp;<\/td>\n<\/tr>\n<tr>\n<td width=\"359\" valign=\"top\"><strong>Gek\u00f6rte S\u00f6hne: <\/strong>keine<strong><br \/>\n<\/strong><\/td>\n<td width=\"359\" valign=\"top\"><strong>Eingetragene Stuten: <\/strong>&#8211;<strong><br \/>\n<\/strong><\/td>\n<\/tr>\n<tr>\n<td width=\"359\" valign=\"top\">&nbsp;<\/td>\n<td width=\"359\" valign=\"top\"><strong>davon StPrSt: <\/strong>&#8211;<\/td>\n<\/tr>\n<tr>\n<td width=\"359\" valign=\"top\"><img loading=\"lazy\" decoding=\"async\" src=\"https:\/\/www.cpv-ev.com\/wp-content\/uploads\/2012\/07\/trans240x10.gif\" alt=\"trans240x10\" width=\"240\" height=\"10\"><\/td>\n<td width=\"359\" valign=\"top\">&nbsp;<\/td>\n<\/tr>\n<tr>\n<td width=\"359\" valign=\"top\"><strong>Lebensgewinnsumme:<\/strong> 32 EUR (2017)<img loading=\"lazy\" decoding=\"async\" class=\"alignnone size-full wp-image-232\" title=\"trans240x10\" src=\"https:\/\/www.cpv-ev.com\/wp-content\/uploads\/2012\/07\/trans240x10.gif\" alt=\"\" width=\"100\" height=\"20\"><\/td>\n<td width=\"359\" valign=\"top\"><strong>Nachkommen-LGS: <\/strong>&#8211;<\/td>\n<\/tr>\n<tr>\n<td colspan=\"2\" width=\"717\" valign=\"top\"><img loading=\"lazy\" decoding=\"async\" src=\"https:\/\/www.cpv-ev.com\/wp-content\/uploads\/2012\/07\/trans240x10.gif\" alt=\"trans240x10\" width=\"240\" height=\"10\"><\/td>\n<\/tr>\n<tr>\n<td colspan=\"2\" width=\"717\" valign=\"top\"><strong>Z\u00fcchter &amp; Besitzer:<\/strong>&nbsp;Ulrike Grisard, Gest\u00fct Twilight, 21394 Westergellersen<\/td>\n<\/tr>\n<tr>\n<td width=\"359\" valign=\"top\">&nbsp;<\/td>\n<td width=\"359\" valign=\"top\">&nbsp;<\/td>\n<\/tr>\n<tr>\n<td width=\"307\" valign=\"top\">&nbsp;<\/td>\n<td width=\"307\" valign=\"top\">&nbsp;<\/td>\n<\/tr>\n<\/tbody>\n<\/table>\n<div class=\"clear\">&nbsp;<\/div>\n<h5>Pedigree<\/h5>\n<p><img loading=\"lazy\" decoding=\"async\" class=\"alignnone size-full wp-image-11879\" src=\"https:\/\/www.cpv-ev.com\/wp-content\/uploads\/2014\/06\/Twilight-Burning-Dundrum.jpg\" alt=\"Twilight Burning Dundrum\" width=\"680\" height=\"310\" srcset=\"https:\/\/www.cpv-ev.com\/wp-content\/uploads\/2014\/06\/Twilight-Burning-Dundrum.jpg 680w, https:\/\/www.cpv-ev.com\/wp-content\/uploads\/2014\/06\/Twilight-Burning-Dundrum-241x110.jpg 241w, https:\/\/www.cpv-ev.com\/wp-content\/uploads\/2014\/06\/Twilight-Burning-Dundrum-300x136.jpg 300w, https:\/\/www.cpv-ev.com\/wp-content\/uploads\/2014\/06\/Twilight-Burning-Dundrum-500x227.jpg 500w\" sizes=\"auto, (max-width: 680px) 100vw, 680px\" \/><\/p>\n<h5>Galerie<\/h5>\n<p><a href=\"https:\/\/www.cpv-ev.com\/wp-content\/uploads\/2012\/07\/Twilight_Burning_Dundrum.jpg\"><img loading=\"lazy\" decoding=\"async\" class=\"alignnone size-thumbnail wp-image-1529\" title=\"Twilight Burning Dundrum\" src=\"https:\/\/www.cpv-ev.com\/wp-content\/uploads\/2012\/07\/Twilight_Burning_Dundrum-169x110.jpg\" alt=\"\" width=\"169\" height=\"110\" srcset=\"https:\/\/www.cpv-ev.com\/wp-content\/uploads\/2012\/07\/Twilight_Burning_Dundrum-169x110.jpg 169w, https:\/\/www.cpv-ev.com\/wp-content\/uploads\/2012\/07\/Twilight_Burning_Dundrum-300x194.jpg 300w, https:\/\/www.cpv-ev.com\/wp-content\/uploads\/2012\/07\/Twilight_Burning_Dundrum-500x324.jpg 500w, https:\/\/www.cpv-ev.com\/wp-content\/uploads\/2012\/07\/Twilight_Burning_Dundrum.jpg 750w\" sizes=\"auto, (max-width: 169px) 100vw, 169px\" \/><\/a>&nbsp; &nbsp;<a href=\"https:\/\/www.cpv-ev.com\/wp-content\/uploads\/2012\/07\/Twilight_Burning_Dundrum1.jpg\"><img loading=\"lazy\" decoding=\"async\" class=\"alignnone size-thumbnail wp-image-1530\" title=\"Twilight Burning Dundrum\" src=\"https:\/\/www.cpv-ev.com\/wp-content\/uploads\/2012\/07\/Twilight_Burning_Dundrum1-159x110.jpg\" alt=\"\" width=\"159\" height=\"110\" srcset=\"https:\/\/www.cpv-ev.com\/wp-content\/uploads\/2012\/07\/Twilight_Burning_Dundrum1-159x110.jpg 159w, https:\/\/www.cpv-ev.com\/wp-content\/uploads\/2012\/07\/Twilight_Burning_Dundrum1-300x207.jpg 300w, https:\/\/www.cpv-ev.com\/wp-content\/uploads\/2012\/07\/Twilight_Burning_Dundrum1-500x345.jpg 500w, https:\/\/www.cpv-ev.com\/wp-content\/uploads\/2012\/07\/Twilight_Burning_Dundrum1.jpg 750w\" sizes=\"auto, (max-width: 159px) 100vw, 159px\" \/><\/a>&nbsp; &nbsp;<a href=\"https:\/\/www.cpv-ev.com\/wp-content\/uploads\/2012\/07\/Twilight_Burning_Dundrum2.jpg\"><img loading=\"lazy\" decoding=\"async\" class=\"alignnone size-thumbnail wp-image-1531\" title=\"Twilight Burning Dundrum\" src=\"https:\/\/www.cpv-ev.com\/wp-content\/uploads\/2012\/07\/Twilight_Burning_Dundrum2-79x110.jpg\" alt=\"\" width=\"79\" height=\"110\" srcset=\"https:\/\/www.cpv-ev.com\/wp-content\/uploads\/2012\/07\/Twilight_Burning_Dundrum2-79x110.jpg 79w, https:\/\/www.cpv-ev.com\/wp-content\/uploads\/2012\/07\/Twilight_Burning_Dundrum2-300x415.jpg 300w, https:\/\/www.cpv-ev.com\/wp-content\/uploads\/2012\/07\/Twilight_Burning_Dundrum2-361x500.jpg 361w, https:\/\/www.cpv-ev.com\/wp-content\/uploads\/2012\/07\/Twilight_Burning_Dundrum2.jpg 542w\" sizes=\"auto, (max-width: 79px) 100vw, 79px\" \/><\/a><\/p>\n<h5>Nachkommen<\/h5>\n\n<table id=\"tablepress-18\" class=\"tablepress tablepress-id-18 mtr-table mtr-thead-th\">\n<thead>\n<tr class=\"row-1\">\n\t<th class=\"column-1 mtr-th-tag\" data-mtr-content=\"FOTO\"><div class=\"mtr-cell-content\">FOTO<\/div><\/th><th class=\"column-2 mtr-th-tag\" data-mtr-content=\"NAME\"><div class=\"mtr-cell-content\">NAME<\/div><\/th><th class=\"column-3 mtr-th-tag\" data-mtr-content=\"JAHR\"><div class=\"mtr-cell-content\">JAHR<\/div><\/th><th class=\"column-4 mtr-th-tag\" data-mtr-content=\"VATER\"><div class=\"mtr-cell-content\">VATER<\/div><\/th><th class=\"column-5 mtr-th-tag\" data-mtr-content=\"MUTTER\"><div class=\"mtr-cell-content\">MUTTER<\/div><\/th><th class=\"column-6 mtr-th-tag\" data-mtr-content=\"Z\u00dcCHTER\"><div class=\"mtr-cell-content\">Z\u00dcCHTER<\/div><\/th>\n<\/tr>\n<\/thead>\n<tbody class=\"row-striping row-hover\">\n<tr class=\"row-2\">\n\t<td class=\"column-1 mtr-td-tag\" data-mtr-content=\"FOTO\"><div class=\"mtr-cell-content\"><a href=\"https:\/\/www.cpv-ev.com\/wp-content\/uploads\/2019\/12\/5826_Blue-Moon.jpg\"><img loading=\"lazy\" decoding=\"async\" src=\"https:\/\/www.cpv-ev.com\/wp-content\/uploads\/2019\/12\/5826_Blue-Moon-110x110.jpg\" alt=\"\" width=\"110\" height=\"110\" class=\"alignnone size-thumbnail wp-image-23726\" srcset=\"https:\/\/www.cpv-ev.com\/wp-content\/uploads\/2019\/12\/5826_Blue-Moon-110x110.jpg 110w, https:\/\/www.cpv-ev.com\/wp-content\/uploads\/2019\/12\/5826_Blue-Moon-150x150.jpg 150w\" sizes=\"auto, (max-width: 110px) 100vw, 110px\"><\/a><\/div><\/td><td class=\"column-2 mtr-td-tag\" data-mtr-content=\"NAME\"><div class=\"mtr-cell-content\"><b>TWILIGHTS BLUE MOON<\/b><br>DE410106305113<br><br>Stute<br>Blue Eyed Cream<br>2013<br>145 cm<br><br><\/div><\/td><td class=\"column-3 mtr-td-tag\" data-mtr-content=\"JAHR\"><div class=\"mtr-cell-content\">2013<\/div><\/td><td class=\"column-4 mtr-td-tag\" data-mtr-content=\"VATER\"><div class=\"mtr-cell-content\">Twilight Burning Dundrum<\/div><\/td><td class=\"column-5 mtr-td-tag\" data-mtr-content=\"MUTTER\"><div class=\"mtr-cell-content\">Beauty Amy<br>v. Glaskopf Golden Sailor<\/div><\/td><td class=\"column-6 mtr-td-tag\" data-mtr-content=\"Z\u00dcCHTER\"><div class=\"mtr-cell-content\">Twilight<br>Ulrike Grisard<br>21394 Westergellersen<br><\/div><\/td>\n<\/tr>\n<tr class=\"row-3\">\n\t<td class=\"column-1 mtr-td-tag\" data-mtr-content=\"FOTO\"><div class=\"mtr-cell-content\"><\/div><\/td><td class=\"column-2 mtr-td-tag\" data-mtr-content=\"NAME\"><div class=\"mtr-cell-content\"><b>TWILIGHT <br>BALLAREENA<\/b><br><br>Stute<br>Braunschimmel<br>*25.05.2011<br><br><\/div><\/td><td class=\"column-3 mtr-td-tag\" data-mtr-content=\"JAHR\"><div class=\"mtr-cell-content\">2011<\/div><\/td><td class=\"column-4 mtr-td-tag\" data-mtr-content=\"VATER\"><div class=\"mtr-cell-content\">Twilight Burning Dundrum<\/div><\/td><td class=\"column-5 mtr-td-tag\" data-mtr-content=\"MUTTER\"><div class=\"mtr-cell-content\">Twilights Blossom<br>v. Brento<\/div><\/td><td class=\"column-6 mtr-td-tag\" data-mtr-content=\"Z\u00dcCHTER\"><div class=\"mtr-cell-content\">Twilight<br>Ulrike Grisard<br>21394 Westergellersen<br><\/div><\/td>\n<\/tr>\n<tr class=\"row-4\">\n\t<td class=\"column-1 mtr-td-tag\" data-mtr-content=\"FOTO\"><div class=\"mtr-cell-content\"><\/div><\/td><td class=\"column-2 mtr-td-tag\" data-mtr-content=\"NAME\"><div class=\"mtr-cell-content\"><b>TWILIGHT <br>BURNING AJAN<\/b><br><br>Wallach<br>Falbschimmel<br>*25.04.2013<br>148 cm<br><br><\/div><\/td><td class=\"column-3 mtr-td-tag\" data-mtr-content=\"JAHR\"><div class=\"mtr-cell-content\">2013<\/div><\/td><td class=\"column-4 mtr-td-tag\" data-mtr-content=\"VATER\"><div class=\"mtr-cell-content\">Twilight Burning Dundrum<\/div><\/td><td class=\"column-5 mtr-td-tag\" data-mtr-content=\"MUTTER\"><div class=\"mtr-cell-content\">Scarlets Golden Gwen<br>v. Grange Surf Sparrow<\/div><\/td><td class=\"column-6 mtr-td-tag\" data-mtr-content=\"Z\u00dcCHTER\"><div class=\"mtr-cell-content\">Twilight<br>Ulrike Grisard<br>21394 Westergellersen<br><\/div><\/td>\n<\/tr>\n<tr class=\"row-5\">\n\t<td class=\"column-1 mtr-td-tag\" data-mtr-content=\"FOTO\"><div class=\"mtr-cell-content\"><\/div><\/td><td class=\"column-2 mtr-td-tag\" data-mtr-content=\"NAME\"><div class=\"mtr-cell-content\"><b>TWILIGHT <br>BURNING COOLEY<\/b><br><br>Hengst<br>Braun<br>*25.06.2011<br>145 cm<br><br><\/div><\/td><td class=\"column-3 mtr-td-tag\" data-mtr-content=\"JAHR\"><div class=\"mtr-cell-content\">2011<\/div><\/td><td class=\"column-4 mtr-td-tag\" data-mtr-content=\"VATER\"><div class=\"mtr-cell-content\">Twilight Burning Dundrum<\/div><\/td><td class=\"column-5 mtr-td-tag\" data-mtr-content=\"MUTTER\"><div class=\"mtr-cell-content\">Twilights Silken Lass<br>v. Lone Ranger<\/div><\/td><td class=\"column-6 mtr-td-tag\" data-mtr-content=\"Z\u00dcCHTER\"><div class=\"mtr-cell-content\">Twilight<br>Ulrike Grisard<br>21394 Westergellersen<br><\/div><\/td>\n<\/tr>\n<tr class=\"row-6\">\n\t<td class=\"column-1 mtr-td-tag\" data-mtr-content=\"FOTO\"><div class=\"mtr-cell-content\"><\/div><\/td><td class=\"column-2 mtr-td-tag\" data-mtr-content=\"NAME\"><div class=\"mtr-cell-content\"><b>TWILIGHT <br>BURNING FION<\/b><br><br>Wallach<br>Falbschimmel<br>*06.10.2008<br>143 cm<br><br><\/div><\/td><td class=\"column-3 mtr-td-tag\" data-mtr-content=\"JAHR\"><div class=\"mtr-cell-content\">2008<\/div><\/td><td class=\"column-4 mtr-td-tag\" data-mtr-content=\"VATER\"><div class=\"mtr-cell-content\">Twilight Burning Dundrum<\/div><\/td><td class=\"column-5 mtr-td-tag\" data-mtr-content=\"MUTTER\"><div class=\"mtr-cell-content\">Twilights Blossom<br>v. Brento<\/div><\/td><td class=\"column-6 mtr-td-tag\" data-mtr-content=\"Z\u00dcCHTER\"><div class=\"mtr-cell-content\">Twilight<br>Ulrike Grisard<br>21394 Westergellersen<br><\/div><\/td>\n<\/tr>\n<tr class=\"row-7\">\n\t<td class=\"column-1 mtr-td-tag\" data-mtr-content=\"FOTO\"><div class=\"mtr-cell-content\"><\/div><\/td><td class=\"column-2 mtr-td-tag\" data-mtr-content=\"NAME\"><div class=\"mtr-cell-content\"><b>TWILIGHT'S <br>BALLY BELLE<\/b><br><br>Stute<br>Falbe<br>*20.04.2010<br><br><\/div><\/td><td class=\"column-3 mtr-td-tag\" data-mtr-content=\"JAHR\"><div class=\"mtr-cell-content\">2010<\/div><\/td><td class=\"column-4 mtr-td-tag\" data-mtr-content=\"VATER\"><div class=\"mtr-cell-content\">Twilight Burning Dundrum<\/div><\/td><td class=\"column-5 mtr-td-tag\" data-mtr-content=\"MUTTER\"><div class=\"mtr-cell-content\">Twilights Blossom<br>v. Brento<\/div><\/td><td class=\"column-6 mtr-td-tag\" data-mtr-content=\"Z\u00dcCHTER\"><div class=\"mtr-cell-content\">Twilight<br>Ulrike Grisard<br>21394 Westergellersen<br><\/div><\/td>\n<\/tr>\n<tr class=\"row-8\">\n\t<td class=\"column-1 mtr-td-tag\" data-mtr-content=\"FOTO\"><div class=\"mtr-cell-content\"><\/div><\/td><td class=\"column-2 mtr-td-tag\" data-mtr-content=\"NAME\"><div class=\"mtr-cell-content\"><b>TWILIGHT'S <br>GOLDEN GILLIAN<\/b><br><br>Stute<br>Braun<br>2014<br><br><\/div><\/td><td class=\"column-3 mtr-td-tag\" data-mtr-content=\"JAHR\"><div class=\"mtr-cell-content\">2014<\/div><\/td><td class=\"column-4 mtr-td-tag\" data-mtr-content=\"VATER\"><div class=\"mtr-cell-content\">Twilight Burning Dundrum<\/div><\/td><td class=\"column-5 mtr-td-tag\" data-mtr-content=\"MUTTER\"><div class=\"mtr-cell-content\">Scarlets Golden Gwen<br>v. Grange Surf Sparrow<\/div><\/td><td class=\"column-6 mtr-td-tag\" data-mtr-content=\"Z\u00dcCHTER\"><div class=\"mtr-cell-content\">Twilight<br>Ulrike Grisard<br>21394 Westergellersen<br><\/div><\/td>\n<\/tr>\n<tr class=\"row-9\">\n\t<td class=\"column-1 mtr-td-tag\" data-mtr-content=\"FOTO\"><div class=\"mtr-cell-content\"><\/div><\/td><td class=\"column-2 mtr-td-tag\" data-mtr-content=\"NAME\"><div class=\"mtr-cell-content\"><b>TWILIGHTS <br>SILKEN FIONA<\/b><br><br>Stute<br>Falbe (k.Sch.w.)<br>*17.04.2009<br><br><\/div><\/td><td class=\"column-3 mtr-td-tag\" data-mtr-content=\"JAHR\"><div class=\"mtr-cell-content\">2009<\/div><\/td><td class=\"column-4 mtr-td-tag\" data-mtr-content=\"VATER\"><div class=\"mtr-cell-content\">Twilight Burning Dundrum<\/div><\/td><td class=\"column-5 mtr-td-tag\" data-mtr-content=\"MUTTER\"><div class=\"mtr-cell-content\">Twilights Silken Lass<br>v. Lone Ranger<\/div><\/td><td class=\"column-6 mtr-td-tag\" data-mtr-content=\"Z\u00dcCHTER\"><div class=\"mtr-cell-content\">Twilight<br>Ulrike Grisard<br>21394 Westergellersen<br><\/div><\/td>\n<\/tr>\n<tr class=\"row-10\">\n\t<td class=\"column-1 mtr-td-tag\" data-mtr-content=\"FOTO\"><div class=\"mtr-cell-content\"><\/div><\/td><td class=\"column-2 mtr-td-tag\" data-mtr-content=\"NAME\"><div class=\"mtr-cell-content\"><b>TWILIGHT'S <br>SILKEN PHOEBE<\/b><br><br>Stute<br>Falbe<br>*04.05.2008<br><br><\/div><\/td><td class=\"column-3 mtr-td-tag\" data-mtr-content=\"JAHR\"><div class=\"mtr-cell-content\">2008<\/div><\/td><td class=\"column-4 mtr-td-tag\" data-mtr-content=\"VATER\"><div class=\"mtr-cell-content\">Twilight Burning Dundrum<\/div><\/td><td class=\"column-5 mtr-td-tag\" data-mtr-content=\"MUTTER\"><div class=\"mtr-cell-content\">Twilights Silken Rosaleen<br>v. Twilight Burning Twice<\/div><\/td><td class=\"column-6 mtr-td-tag\" data-mtr-content=\"Z\u00dcCHTER\"><div class=\"mtr-cell-content\">Twilight<br>Ulrike Grisard<br>21394 Westergellersen<br><\/div><\/td>\n<\/tr>\n<\/tbody>\n<\/table>\n<!-- #tablepress-18 from cache -->\n","protected":false},"excerpt":{"rendered":"<p>&nbsp; Farbe: Falbe Hengstbuch: ZfdP HB II Geboren: 08.08.2003 Leistungspr\u00fcfung: keine Stockma\u00df: 145 cm Tr\u00e4ger des Creme-Faktors: ja R\u00f6hrbein: Tr\u00e4ger des Fuchsgens: unbekannt Ausgeschieden: 2017 kastriert &nbsp; &nbsp; Gek\u00f6rte S\u00f6hne: keine Eingetragene Stuten: &#8211; &nbsp; davon StPrSt: &#8211; &nbsp; Lebensgewinnsumme: <a class=\"more-link\" href=\"https:\/\/www.cpv-ev.com\/?page_id=509\"><span class=\"screen-reader-text\">  Twilight Burning Dundrum<\/span> weiterlesen<span class=\"meta-nav\">&rarr;<\/span><\/a><\/p>\n","protected":false},"author":1,"featured_media":0,"parent":11823,"menu_order":0,"comment_status":"closed","ping_status":"open","template":"","meta":{"ngg_post_thumbnail":0,"footnotes":""},"class_list":["post-509","page","type-page","status-publish","hentry"],"_links":{"self":[{"href":"https:\/\/www.cpv-ev.com\/index.php?rest_route=\/wp\/v2\/pages\/509","targetHints":{"allow":["GET"]}}],"collection":[{"href":"https:\/\/www.cpv-ev.com\/index.php?rest_route=\/wp\/v2\/pages"}],"about":[{"href":"https:\/\/www.cpv-ev.com\/index.php?rest_route=\/wp\/v2\/types\/page"}],"author":[{"embeddable":true,"href":"https:\/\/www.cpv-ev.com\/index.php?rest_route=\/wp\/v2\/users\/1"}],"replies":[{"embeddable":true,"href":"https:\/\/www.cpv-ev.com\/index.php?rest_route=%2Fwp%2Fv2%2Fcomments&post=509"}],"version-history":[{"count":0,"href":"https:\/\/www.cpv-ev.com\/index.php?rest_route=\/wp\/v2\/pages\/509\/revisions"}],"up":[{"embeddable":true,"href":"https:\/\/www.cpv-ev.com\/index.php?rest_route=\/wp\/v2\/pages\/11823"}],"wp:attachment":[{"href":"https:\/\/www.cpv-ev.com\/index.php?rest_route=%2Fwp%2Fv2%2Fmedia&parent=509"}],"curies":[{"name":"wp","href":"https:\/\/api.w.org\/{rel}","templated":true}]}}