{"id":499,"date":"2012-07-16T10:40:10","date_gmt":"2012-07-16T08:40:10","guid":{"rendered":"https:\/\/www.cpv-ev.com\/?page_id=499"},"modified":"2025-08-08T12:09:23","modified_gmt":"2025-08-08T10:09:23","slug":"tc-mckinley","status":"publish","type":"page","link":"https:\/\/www.cpv-ev.com\/?page_id=499","title":{"rendered":"TC McKinley"},"content":{"rendered":"<table border=\"1\" cellspacing=\"0\" cellpadding=\"0\">\n<tbody>\n<tr>\n<td colspan=\"2\" valign=\"top\" width=\"717\"><img loading=\"lazy\" decoding=\"async\" src=\"https:\/\/www.cpv-ev.com\/wp-content\/uploads\/2012\/07\/trans240x10.gif\" alt=\"trans240x10\" width=\"240\" height=\"10\"><\/td>\n<\/tr>\n<tr>\n<td valign=\"top\" width=\"359\"><strong>Farbe:<\/strong> Schimmel<br \/>\n<strong>Geburtsfarbe:<\/strong> Braun<\/td>\n<td valign=\"top\" width=\"359\"><strong>Hengstbuch:<\/strong> Rheinland HB I<br \/>\n<strong>K\u00f6rung:<\/strong> 05.11.2005 Wickrath<\/td>\n<\/tr>\n<tr>\n<td valign=\"top\" width=\"359\"><strong>Geboren:<\/strong> 2003<\/td>\n<td valign=\"top\" width=\"359\"><strong>Leistungspr\u00fcfung: <\/strong>2009 Neustadt\/Dosse,<br \/>\n30 TT, WN 7,24 (Rang 19\/19)<strong><em><br \/>\n<\/em><\/strong><\/td>\n<\/tr>\n<tr>\n<td valign=\"top\" width=\"359\"><strong>Stockma\u00df: <\/strong>146 cm<\/td>\n<td valign=\"top\" width=\"359\"><strong>Tr\u00e4ger des Creme-Faktors:<\/strong> nein<\/td>\n<\/tr>\n<tr>\n<td valign=\"top\" width=\"359\"><strong>R\u00f6hrbein: <\/strong>19,5 cm<\/td>\n<td valign=\"top\" width=\"359\"><strong>Tr\u00e4ger des Fuchsgens:<\/strong> unbekannt<\/td>\n<\/tr>\n<tr>\n<td valign=\"top\" width=\"359\"><strong style=\"line-height: 24px;\">Deckbedingungen: <\/strong>auf Anfrage<\/td>\n<td valign=\"top\" width=\"359\"><strong>Decktaxe:<\/strong> 70,- Euro bei Anlieferung,<br \/>\n250,- Euro bei Lebendabfohlung<\/td>\n<\/tr>\n<tr>\n<td valign=\"top\" width=\"359\"><img loading=\"lazy\" decoding=\"async\" class=\"alignnone size-full wp-image-232\" src=\"https:\/\/www.cpv-ev.com\/wp-content\/uploads\/2012\/07\/trans240x10.gif\" alt=\"trans240x10\" width=\"240\" height=\"10\" srcset=\"https:\/\/www.cpv-ev.com\/wp-content\/uploads\/2012\/07\/trans240x10.gif 240w, https:\/\/www.cpv-ev.com\/wp-content\/uploads\/2012\/07\/trans240x10-225x10.gif 225w\" sizes=\"auto, (max-width: 240px) 100vw, 240px\" \/><\/td>\n<td valign=\"top\" width=\"359\">&nbsp;<\/td>\n<\/tr>\n<tr>\n<td valign=\"top\" width=\"359\"><strong>Gek\u00f6rte S\u00f6hne: <\/strong>bisher keine<\/td>\n<td valign=\"top\" width=\"359\"><strong>Eingetragene Stuten:<\/strong>&nbsp;2<strong><br \/>\n<\/strong><\/td>\n<\/tr>\n<tr>\n<td valign=\"top\" width=\"359\">&nbsp;<\/td>\n<td valign=\"top\" width=\"359\"><strong>davon StPrSt: <\/strong>2<strong><br \/>\n<\/strong><\/td>\n<\/tr>\n<tr>\n<td valign=\"top\" width=\"359\"><img loading=\"lazy\" decoding=\"async\" src=\"https:\/\/www.cpv-ev.com\/wp-content\/uploads\/2012\/07\/trans240x10.gif\" alt=\"trans240x10\" width=\"240\" height=\"10\"><\/td>\n<td valign=\"top\" width=\"359\">&nbsp;<\/td>\n<\/tr>\n<tr>\n<td valign=\"top\" width=\"359\"><strong>Lebensgewinnsumme:<\/strong> 50 Euro (2021)<img loading=\"lazy\" decoding=\"async\" class=\"alignnone size-full wp-image-232\" title=\"trans240x10\" src=\"https:\/\/www.cpv-ev.com\/wp-content\/uploads\/2012\/07\/trans240x10.gif\" alt=\"\" width=\"100\" height=\"20\"><\/td>\n<td valign=\"top\" width=\"359\"><strong>Nachkommen-LGS: <\/strong>&#8211;<strong><br \/>\n<\/strong><\/td>\n<\/tr>\n<tr>\n<td colspan=\"2\" valign=\"top\" width=\"717\"><img loading=\"lazy\" decoding=\"async\" src=\"https:\/\/www.cpv-ev.com\/wp-content\/uploads\/2012\/07\/trans240x10.gif\" alt=\"trans240x10\" width=\"240\" height=\"10\"><\/td>\n<\/tr>\n<tr>\n<td colspan=\"2\" valign=\"top\" width=\"717\"><strong>Z\u00fcchter &amp; Besitzer:<\/strong>&nbsp;Ulrike Schmitt, Stall TraCon, Fuchskuhlenweg 68, 41199 M\u00f6nchengladbach<\/td>\n<\/tr>\n<tr>\n<td valign=\"top\" width=\"359\">Telefon:<\/td>\n<td valign=\"top\" width=\"359\">Mobil: 0177-3554880<\/td>\n<\/tr>\n<tr>\n<td valign=\"top\" width=\"307\">Email: <a href=\"mailto:tracon@gmx.de\">tracon@gmx.de<\/a><\/td>\n<td valign=\"top\" width=\"307\">Website: <a href=\"https:\/\/www.stall-tracon.de\" target=\"_blank\" rel=\"noopener noreferrer\">www.stall-tracon.de<\/a><\/td>\n<\/tr>\n<\/tbody>\n<\/table>\n<h5>Pedigree<\/h5>\n<p><img loading=\"lazy\" decoding=\"async\" class=\"alignnone size-full wp-image-1922\" title=\"TC McKinley\" src=\"https:\/\/www.cpv-ev.com\/wp-content\/uploads\/2012\/07\/tc-mck_ped.jpg\" alt=\"\" width=\"685\" height=\"312\" srcset=\"https:\/\/www.cpv-ev.com\/wp-content\/uploads\/2012\/07\/tc-mck_ped.jpg 685w, https:\/\/www.cpv-ev.com\/wp-content\/uploads\/2012\/07\/tc-mck_ped-241x110.jpg 241w, https:\/\/www.cpv-ev.com\/wp-content\/uploads\/2012\/07\/tc-mck_ped-300x136.jpg 300w, https:\/\/www.cpv-ev.com\/wp-content\/uploads\/2012\/07\/tc-mck_ped-500x227.jpg 500w, https:\/\/www.cpv-ev.com\/wp-content\/uploads\/2012\/07\/tc-mck_ped-680x310.jpg 680w\" sizes=\"auto, (max-width: 685px) 100vw, 685px\" \/><br \/>\n&nbsp;<\/p>\n<h5>Galerie<\/h5>\n<p><a href=\"https:\/\/www.cpv-ev.com\/wp-content\/uploads\/2012\/07\/TC_McKinley.jpg\"><img loading=\"lazy\" decoding=\"async\" class=\"alignnone size-thumbnail wp-image-1502\" title=\"TC McKinley\" src=\"https:\/\/www.cpv-ev.com\/wp-content\/uploads\/2012\/07\/TC_McKinley-81x110.jpg\" alt=\"\" width=\"81\" height=\"110\" srcset=\"https:\/\/www.cpv-ev.com\/wp-content\/uploads\/2012\/07\/TC_McKinley-81x110.jpg 81w, https:\/\/www.cpv-ev.com\/wp-content\/uploads\/2012\/07\/TC_McKinley-300x403.jpg 300w, https:\/\/www.cpv-ev.com\/wp-content\/uploads\/2012\/07\/TC_McKinley-372x500.jpg 372w, https:\/\/www.cpv-ev.com\/wp-content\/uploads\/2012\/07\/TC_McKinley-110x150.jpg 110w, https:\/\/www.cpv-ev.com\/wp-content\/uploads\/2012\/07\/TC_McKinley.jpg 558w\" sizes=\"auto, (max-width: 81px) 100vw, 81px\" \/><\/a>&nbsp; &nbsp;<a href=\"https:\/\/www.cpv-ev.com\/wp-content\/uploads\/2012\/07\/TC_McKinley1.jpg\"><img loading=\"lazy\" decoding=\"async\" class=\"alignnone size-thumbnail wp-image-1503\" title=\"TC McKinley\" src=\"https:\/\/www.cpv-ev.com\/wp-content\/uploads\/2012\/07\/TC_McKinley1-74x110.jpg\" alt=\"\" width=\"74\" height=\"110\" srcset=\"https:\/\/www.cpv-ev.com\/wp-content\/uploads\/2012\/07\/TC_McKinley1-74x110.jpg 74w, https:\/\/www.cpv-ev.com\/wp-content\/uploads\/2012\/07\/TC_McKinley1-300x442.jpg 300w, https:\/\/www.cpv-ev.com\/wp-content\/uploads\/2012\/07\/TC_McKinley1-339x500.jpg 339w, https:\/\/www.cpv-ev.com\/wp-content\/uploads\/2012\/07\/TC_McKinley1.jpg 509w\" sizes=\"auto, (max-width: 74px) 100vw, 74px\" \/><\/a>&nbsp; &nbsp;<a href=\"https:\/\/www.cpv-ev.com\/wp-content\/uploads\/2012\/07\/TC_McKinley2.jpg\"><img loading=\"lazy\" decoding=\"async\" class=\"alignnone size-thumbnail wp-image-1504\" title=\"TC McKinley\" src=\"https:\/\/www.cpv-ev.com\/wp-content\/uploads\/2012\/07\/TC_McKinley2-165x110.jpg\" alt=\"\" width=\"165\" height=\"110\" srcset=\"https:\/\/www.cpv-ev.com\/wp-content\/uploads\/2012\/07\/TC_McKinley2-165x110.jpg 165w, https:\/\/www.cpv-ev.com\/wp-content\/uploads\/2012\/07\/TC_McKinley2-300x198.jpg 300w, https:\/\/www.cpv-ev.com\/wp-content\/uploads\/2012\/07\/TC_McKinley2-500x331.jpg 500w, https:\/\/www.cpv-ev.com\/wp-content\/uploads\/2012\/07\/TC_McKinley2.jpg 750w\" sizes=\"auto, (max-width: 165px) 100vw, 165px\" \/><\/a>&nbsp; &nbsp;<a href=\"https:\/\/www.cpv-ev.com\/wp-content\/uploads\/2012\/07\/TC_McKinley3.jpg\"><img loading=\"lazy\" decoding=\"async\" class=\"alignnone size-thumbnail wp-image-1505\" title=\"TC McKinley\" src=\"https:\/\/www.cpv-ev.com\/wp-content\/uploads\/2012\/07\/TC_McKinley3-82x110.jpg\" alt=\"\" width=\"82\" height=\"110\" srcset=\"https:\/\/www.cpv-ev.com\/wp-content\/uploads\/2012\/07\/TC_McKinley3-82x110.jpg 82w, https:\/\/www.cpv-ev.com\/wp-content\/uploads\/2012\/07\/TC_McKinley3-300x400.jpg 300w, https:\/\/www.cpv-ev.com\/wp-content\/uploads\/2012\/07\/TC_McKinley3-374x500.jpg 374w, https:\/\/www.cpv-ev.com\/wp-content\/uploads\/2012\/07\/TC_McKinley3-110x146.jpg 110w, https:\/\/www.cpv-ev.com\/wp-content\/uploads\/2012\/07\/TC_McKinley3-225x300.jpg 225w, https:\/\/www.cpv-ev.com\/wp-content\/uploads\/2012\/07\/TC_McKinley3.jpg 562w\" sizes=\"auto, (max-width: 82px) 100vw, 82px\" \/><\/a> &nbsp; <a href=\"https:\/\/www.cpv-ev.com\/wp-content\/uploads\/2014\/06\/TC-McKinley2.jpg\"><img loading=\"lazy\" decoding=\"async\" class=\"alignnone size-thumbnail wp-image-12729\" src=\"https:\/\/www.cpv-ev.com\/wp-content\/uploads\/2014\/06\/TC-McKinley2-146x110.jpg\" alt=\"TC McKinley\" width=\"146\" height=\"110\" srcset=\"https:\/\/www.cpv-ev.com\/wp-content\/uploads\/2014\/06\/TC-McKinley2-146x110.jpg 146w, https:\/\/www.cpv-ev.com\/wp-content\/uploads\/2014\/06\/TC-McKinley2-300x225.jpg 300w, https:\/\/www.cpv-ev.com\/wp-content\/uploads\/2014\/06\/TC-McKinley2-500x375.jpg 500w, https:\/\/www.cpv-ev.com\/wp-content\/uploads\/2014\/06\/TC-McKinley2.jpg 750w\" sizes=\"auto, (max-width: 146px) 100vw, 146px\" \/><\/a>&nbsp; <a href=\"https:\/\/www.cpv-ev.com\/wp-content\/uploads\/2014\/06\/TC-McKinley1.jpg\"><img loading=\"lazy\" decoding=\"async\" class=\"alignnone size-thumbnail wp-image-12728\" src=\"https:\/\/www.cpv-ev.com\/wp-content\/uploads\/2014\/06\/TC-McKinley1-82x110.jpg\" alt=\"TC McKinley\" width=\"82\" height=\"110\" srcset=\"https:\/\/www.cpv-ev.com\/wp-content\/uploads\/2014\/06\/TC-McKinley1-82x110.jpg 82w, https:\/\/www.cpv-ev.com\/wp-content\/uploads\/2014\/06\/TC-McKinley1-300x399.jpg 300w, https:\/\/www.cpv-ev.com\/wp-content\/uploads\/2014\/06\/TC-McKinley1-375x500.jpg 375w, https:\/\/www.cpv-ev.com\/wp-content\/uploads\/2014\/06\/TC-McKinley1-110x146.jpg 110w, https:\/\/www.cpv-ev.com\/wp-content\/uploads\/2014\/06\/TC-McKinley1-225x300.jpg 225w, https:\/\/www.cpv-ev.com\/wp-content\/uploads\/2014\/06\/TC-McKinley1.jpg 563w\" sizes=\"auto, (max-width: 82px) 100vw, 82px\" \/><\/a> &nbsp; <a href=\"https:\/\/www.cpv-ev.com\/wp-content\/uploads\/2014\/06\/TC-McKinley.jpg\"><img loading=\"lazy\" decoding=\"async\" class=\"alignnone size-vs6_thumb wp-image-12727\" src=\"https:\/\/www.cpv-ev.com\/wp-content\/uploads\/2014\/06\/TC-McKinley-150x110.jpg\" alt=\"TC McKinley\" width=\"150\" height=\"110\"><\/a><\/p>\n<h5>Nachkommen<\/h5>\n\n<table id=\"tablepress-18\" class=\"tablepress tablepress-id-18 mtr-table mtr-thead-th\">\n<thead>\n<tr class=\"row-1\">\n\t<th class=\"column-1 mtr-th-tag\" data-mtr-content=\"FOTO\"><div class=\"mtr-cell-content\">FOTO<\/div><\/th><th class=\"column-2 mtr-th-tag\" data-mtr-content=\"NAME\"><div class=\"mtr-cell-content\">NAME<\/div><\/th><th class=\"column-3 mtr-th-tag\" data-mtr-content=\"JAHR\"><div class=\"mtr-cell-content\">JAHR<\/div><\/th><th class=\"column-4 mtr-th-tag\" data-mtr-content=\"VATER\"><div class=\"mtr-cell-content\">VATER<\/div><\/th><th class=\"column-5 mtr-th-tag\" data-mtr-content=\"MUTTER\"><div class=\"mtr-cell-content\">MUTTER<\/div><\/th><th class=\"column-6 mtr-th-tag\" data-mtr-content=\"Z\u00dcCHTER\"><div class=\"mtr-cell-content\">Z\u00dcCHTER<\/div><\/th>\n<\/tr>\n<\/thead>\n<tbody class=\"row-striping row-hover\">\n<tr class=\"row-2\">\n\t<td class=\"column-1 mtr-td-tag\" data-mtr-content=\"FOTO\"><div class=\"mtr-cell-content\"><\/div><\/td><td class=\"column-2 mtr-td-tag\" data-mtr-content=\"NAME\"><div class=\"mtr-cell-content\"><b>CLAIRE MC ELSEN<\/b><br>DE443430804210<br><br>Stute<br>Braun<br>*08.05.2010<br><br><\/div><\/td><td class=\"column-3 mtr-td-tag\" data-mtr-content=\"JAHR\"><div class=\"mtr-cell-content\">2010<\/div><\/td><td class=\"column-4 mtr-td-tag\" data-mtr-content=\"VATER\"><div class=\"mtr-cell-content\">TC McKinley<\/div><\/td><td class=\"column-5 mtr-td-tag\" data-mtr-content=\"MUTTER\"><div class=\"mtr-cell-content\">Curragh<br>v. Sassan S<\/div><\/td><td class=\"column-6 mtr-td-tag\" data-mtr-content=\"Z\u00dcCHTER\"><div class=\"mtr-cell-content\">Hans-Peter Elsen<br>41564 Kaarst<br><\/div><\/td>\n<\/tr>\n<tr class=\"row-3\">\n\t<td class=\"column-1 mtr-td-tag\" data-mtr-content=\"FOTO\"><div class=\"mtr-cell-content\"><\/div><\/td><td class=\"column-2 mtr-td-tag\" data-mtr-content=\"NAME\"><div class=\"mtr-cell-content\"><b>TC KILKENNY<\/b><br><br>Hengst<br>Dunkelbraunschimmel<br>*04.06.2009<br><br><\/div><\/td><td class=\"column-3 mtr-td-tag\" data-mtr-content=\"JAHR\"><div class=\"mtr-cell-content\">2009<\/div><\/td><td class=\"column-4 mtr-td-tag\" data-mtr-content=\"VATER\"><div class=\"mtr-cell-content\">TC McKinley<\/div><\/td><td class=\"column-5 mtr-td-tag\" data-mtr-content=\"MUTTER\"><div class=\"mtr-cell-content\">Caja van de Leliaard<br>v. Brimstone van Graaf Janshof<\/div><\/td><td class=\"column-6 mtr-td-tag\" data-mtr-content=\"Z\u00dcCHTER\"><div class=\"mtr-cell-content\">TC (TraCon)<br>Ulrike Schmitt<br>41999 M\u00f6nchengladbach<br><\/div><\/td>\n<\/tr>\n<tr class=\"row-4\">\n\t<td class=\"column-1 mtr-td-tag\" data-mtr-content=\"FOTO\"><div class=\"mtr-cell-content\"><\/div><\/td><td class=\"column-2 mtr-td-tag\" data-mtr-content=\"NAME\"><div class=\"mtr-cell-content\"><b>TC LIBERTY<\/b><br><br>Stute<br>Rappschimmel<br>*24.04.2007<br><br><\/div><\/td><td class=\"column-3 mtr-td-tag\" data-mtr-content=\"JAHR\"><div class=\"mtr-cell-content\">2007<\/div><\/td><td class=\"column-4 mtr-td-tag\" data-mtr-content=\"VATER\"><div class=\"mtr-cell-content\">TC McKinley<\/div><\/td><td class=\"column-5 mtr-td-tag\" data-mtr-content=\"MUTTER\"><div class=\"mtr-cell-content\">Stutenhofs Lynn<br>v. Lincoln<\/div><\/td><td class=\"column-6 mtr-td-tag\" data-mtr-content=\"Z\u00dcCHTER\"><div class=\"mtr-cell-content\">TC (TraCon)<br>Ulrike Schmitt<br>41999 M\u00f6nchengladbach<br><\/div><\/td>\n<\/tr>\n<\/tbody>\n<\/table>\n<!-- #tablepress-18 from cache -->\n","protected":false},"excerpt":{"rendered":"<p>Farbe: Schimmel Geburtsfarbe: Braun Hengstbuch: Rheinland HB I K\u00f6rung: 05.11.2005 Wickrath Geboren: 2003 Leistungspr\u00fcfung: 2009 Neustadt\/Dosse, 30 TT, WN 7,24 (Rang 19\/19) Stockma\u00df: 146 cm Tr\u00e4ger des Creme-Faktors: nein R\u00f6hrbein: 19,5 cm Tr\u00e4ger des Fuchsgens: unbekannt Deckbedingungen: auf Anfrage Decktaxe: <a class=\"more-link\" href=\"https:\/\/www.cpv-ev.com\/?page_id=499\"><span class=\"screen-reader-text\">  TC McKinley<\/span> weiterlesen<span class=\"meta-nav\">&rarr;<\/span><\/a><\/p>\n","protected":false},"author":1,"featured_media":0,"parent":97,"menu_order":0,"comment_status":"closed","ping_status":"open","template":"","meta":{"ngg_post_thumbnail":0,"footnotes":""},"class_list":["post-499","page","type-page","status-publish","hentry"],"_links":{"self":[{"href":"https:\/\/www.cpv-ev.com\/index.php?rest_route=\/wp\/v2\/pages\/499","targetHints":{"allow":["GET"]}}],"collection":[{"href":"https:\/\/www.cpv-ev.com\/index.php?rest_route=\/wp\/v2\/pages"}],"about":[{"href":"https:\/\/www.cpv-ev.com\/index.php?rest_route=\/wp\/v2\/types\/page"}],"author":[{"embeddable":true,"href":"https:\/\/www.cpv-ev.com\/index.php?rest_route=\/wp\/v2\/users\/1"}],"replies":[{"embeddable":true,"href":"https:\/\/www.cpv-ev.com\/index.php?rest_route=%2Fwp%2Fv2%2Fcomments&post=499"}],"version-history":[{"count":3,"href":"https:\/\/www.cpv-ev.com\/index.php?rest_route=\/wp\/v2\/pages\/499\/revisions"}],"predecessor-version":[{"id":29414,"href":"https:\/\/www.cpv-ev.com\/index.php?rest_route=\/wp\/v2\/pages\/499\/revisions\/29414"}],"up":[{"embeddable":true,"href":"https:\/\/www.cpv-ev.com\/index.php?rest_route=\/wp\/v2\/pages\/97"}],"wp:attachment":[{"href":"https:\/\/www.cpv-ev.com\/index.php?rest_route=%2Fwp%2Fv2%2Fmedia&parent=499"}],"curies":[{"name":"wp","href":"https:\/\/api.w.org\/{rel}","templated":true}]}}