{"id":497,"date":"2012-07-16T10:39:39","date_gmt":"2012-07-16T08:39:39","guid":{"rendered":"https:\/\/www.cpv-ev.com\/?page_id=497"},"modified":"2022-07-03T23:36:26","modified_gmt":"2022-07-03T21:36:26","slug":"tc-cracker","status":"publish","type":"page","link":"https:\/\/www.cpv-ev.com\/?page_id=497","title":{"rendered":"TC Cracker"},"content":{"rendered":"<table cellspacing=\"0\" cellpadding=\"0\" border=\"1\">\n<tbody>\n<tr>\n<td colspan=\"2\" width=\"717\" valign=\"top\"><img loading=\"lazy\" decoding=\"async\" src=\"https:\/\/www.cpv-ev.com\/wp-content\/uploads\/2012\/07\/trans240x10.gif\" alt=\"trans240x10\" width=\"240\" height=\"10\"><\/td>\n<\/tr>\n<tr>\n<td width=\"359\" valign=\"top\"><strong>Farbe:<\/strong> Braun<\/td>\n<td width=\"359\" valign=\"top\"><strong>Hengstbuch:<\/strong> Rheinland HB I<br \/>\n<strong>K\u00f6rung:<\/strong> 06.11.2004 Wickrath<\/td>\n<\/tr>\n<tr>\n<td width=\"359\" valign=\"top\"><strong>Geboren:<\/strong> 2002<\/td>\n<td width=\"359\" valign=\"top\"><strong>Leistungspr\u00fcfung: <\/strong>2009 Neustadt\/Dosse,<br \/>\n30 TT, WN 8,05 (Rang 8\/19)<strong><em><br \/>\n<\/em><\/strong><\/td>\n<\/tr>\n<tr>\n<td width=\"359\" valign=\"top\"><strong>Stockma\u00df: <\/strong>147 cm<\/td>\n<td width=\"359\" valign=\"top\"><strong>Tr\u00e4ger des Creme-Faktors:<\/strong> nein<\/td>\n<\/tr>\n<tr>\n<td width=\"359\" valign=\"top\"><strong>R\u00f6hrbein: <\/strong>18 cm<\/td>\n<td width=\"359\" valign=\"top\"><strong>Tr\u00e4ger des Fuchsgens:<\/strong> ja<\/td>\n<\/tr>\n<tr>\n<td width=\"359\" valign=\"top\"><strong style=\"line-height: 24px;\">Deckbedingungen: <\/strong>auf Anfrage<\/td>\n<td width=\"359\" valign=\"top\"><strong>Decktaxe:<\/strong> 70,- Euro bei Anlieferung,<br \/>\n250,- Euro bei Lebendabfohlung<\/td>\n<\/tr>\n<tr>\n<td width=\"359\" valign=\"top\"><img loading=\"lazy\" decoding=\"async\" class=\"alignnone size-full wp-image-232\" src=\"https:\/\/www.cpv-ev.com\/wp-content\/uploads\/2012\/07\/trans240x10.gif\" alt=\"trans240x10\" width=\"240\" height=\"10\" srcset=\"https:\/\/www.cpv-ev.com\/wp-content\/uploads\/2012\/07\/trans240x10.gif 240w, https:\/\/www.cpv-ev.com\/wp-content\/uploads\/2012\/07\/trans240x10-225x10.gif 225w\" sizes=\"auto, (max-width: 240px) 100vw, 240px\" \/><\/td>\n<td width=\"359\" valign=\"top\"><\/td>\n<\/tr>\n<tr>\n<td width=\"359\" valign=\"top\"><strong>Gek\u00f6rte S\u00f6hne: <\/strong>Nemo Castri (BEL)<\/td>\n<td width=\"359\" valign=\"top\"><strong>Eingetragene Stuten:<\/strong> 2<strong><br \/>\n<\/strong><\/td>\n<\/tr>\n<tr>\n<td width=\"359\" valign=\"top\"><\/td>\n<td width=\"359\" valign=\"top\"><strong>davon StPrSt: <\/strong>1<strong><br \/>\n<\/strong><\/td>\n<\/tr>\n<tr>\n<td width=\"359\" valign=\"top\"><img loading=\"lazy\" decoding=\"async\" src=\"https:\/\/www.cpv-ev.com\/wp-content\/uploads\/2012\/07\/trans240x10.gif\" alt=\"trans240x10\" width=\"240\" height=\"10\"><\/td>\n<td width=\"359\" valign=\"top\"><\/td>\n<\/tr>\n<tr>\n<td width=\"359\" valign=\"top\"><strong>Lebensgewinnsumme:<\/strong> 22 Euro (2021)<img loading=\"lazy\" decoding=\"async\" class=\"alignnone size-full wp-image-232\" title=\"trans240x10\" src=\"https:\/\/www.cpv-ev.com\/wp-content\/uploads\/2012\/07\/trans240x10.gif\" alt=\"\" width=\"100\" height=\"20\"><\/td>\n<td width=\"359\" valign=\"top\"><strong>Nachkommen-LGS: <\/strong>&#8211;<strong><br \/>\n<\/strong><\/td>\n<\/tr>\n<tr>\n<td colspan=\"2\" width=\"717\" valign=\"top\"><img loading=\"lazy\" decoding=\"async\" src=\"https:\/\/www.cpv-ev.com\/wp-content\/uploads\/2012\/07\/trans240x10.gif\" alt=\"trans240x10\" width=\"240\" height=\"10\"><\/td>\n<\/tr>\n<tr>\n<td colspan=\"2\" width=\"717\" valign=\"top\"><strong>Z\u00fcchter &amp; Besitzer:<\/strong>&nbsp;Ulrike Schmitt, Stall TraCon, Fuchskuhlenweg 68, 41199 M\u00f6nchengladbach<\/td>\n<\/tr>\n<tr>\n<td width=\"359\" valign=\"top\">Telefon:<\/td>\n<td width=\"359\" valign=\"top\">Mobil: 0177-3554880<\/td>\n<\/tr>\n<tr>\n<td width=\"307\" valign=\"top\">Email: <a href=\"mailto:tracon@gmx.de\">tracon@gmx.de<\/a><\/td>\n<td width=\"307\" valign=\"top\">Website: <a href=\"https:\/\/www.stall-tracon.de\" target=\"_blank\" rel=\"noopener noreferrer\">www.stall-tracon.de<\/a><\/td>\n<\/tr>\n<\/tbody>\n<\/table>\n<h5>Pedigree<\/h5>\n<p><img loading=\"lazy\" decoding=\"async\" class=\"alignnone size-full wp-image-1920\" title=\"TC Cracker\" src=\"https:\/\/www.cpv-ev.com\/wp-content\/uploads\/2012\/07\/tc-cracker_ped.jpg\" alt=\"\" width=\"685\" height=\"312\" srcset=\"https:\/\/www.cpv-ev.com\/wp-content\/uploads\/2012\/07\/tc-cracker_ped.jpg 685w, https:\/\/www.cpv-ev.com\/wp-content\/uploads\/2012\/07\/tc-cracker_ped-241x110.jpg 241w, https:\/\/www.cpv-ev.com\/wp-content\/uploads\/2012\/07\/tc-cracker_ped-300x136.jpg 300w, https:\/\/www.cpv-ev.com\/wp-content\/uploads\/2012\/07\/tc-cracker_ped-500x227.jpg 500w, https:\/\/www.cpv-ev.com\/wp-content\/uploads\/2012\/07\/tc-cracker_ped-680x310.jpg 680w\" sizes=\"auto, (max-width: 685px) 100vw, 685px\" \/><br \/>\n&nbsp;<\/p>\n<h5>Galerie<\/h5>\n<p><a href=\"https:\/\/www.cpv-ev.com\/wp-content\/uploads\/2012\/07\/TC_Cracker.jpg\"><img loading=\"lazy\" decoding=\"async\" class=\"alignnone size-thumbnail wp-image-1495\" title=\"TC Cracker\" src=\"https:\/\/www.cpv-ev.com\/wp-content\/uploads\/2012\/07\/TC_Cracker-81x110.jpg\" alt=\"\" width=\"81\" height=\"110\" srcset=\"https:\/\/www.cpv-ev.com\/wp-content\/uploads\/2012\/07\/TC_Cracker-81x110.jpg 81w, https:\/\/www.cpv-ev.com\/wp-content\/uploads\/2012\/07\/TC_Cracker-300x404.jpg 300w, https:\/\/www.cpv-ev.com\/wp-content\/uploads\/2012\/07\/TC_Cracker-370x500.jpg 370w, https:\/\/www.cpv-ev.com\/wp-content\/uploads\/2012\/07\/TC_Cracker-110x150.jpg 110w, https:\/\/www.cpv-ev.com\/wp-content\/uploads\/2012\/07\/TC_Cracker.jpg 556w\" sizes=\"auto, (max-width: 81px) 100vw, 81px\" \/><\/a>&nbsp; &nbsp;<a href=\"https:\/\/www.cpv-ev.com\/wp-content\/uploads\/2012\/07\/TC_Cracker1.jpg\"><img loading=\"lazy\" decoding=\"async\" class=\"alignnone size-thumbnail wp-image-1496\" title=\"TC Cracker\" src=\"https:\/\/www.cpv-ev.com\/wp-content\/uploads\/2012\/07\/TC_Cracker1-146x110.jpg\" alt=\"\" width=\"146\" height=\"110\" srcset=\"https:\/\/www.cpv-ev.com\/wp-content\/uploads\/2012\/07\/TC_Cracker1-146x110.jpg 146w, https:\/\/www.cpv-ev.com\/wp-content\/uploads\/2012\/07\/TC_Cracker1-300x225.jpg 300w, https:\/\/www.cpv-ev.com\/wp-content\/uploads\/2012\/07\/TC_Cracker1-500x374.jpg 500w, https:\/\/www.cpv-ev.com\/wp-content\/uploads\/2012\/07\/TC_Cracker1.jpg 750w\" sizes=\"auto, (max-width: 146px) 100vw, 146px\" \/><\/a>&nbsp; &nbsp;<a href=\"https:\/\/www.cpv-ev.com\/wp-content\/uploads\/2012\/07\/TC_Cracker2.jpg\"><img loading=\"lazy\" decoding=\"async\" class=\"alignnone size-thumbnail wp-image-1497\" title=\"TC Cracker\" src=\"https:\/\/www.cpv-ev.com\/wp-content\/uploads\/2012\/07\/TC_Cracker2-150x110.jpg\" alt=\"\" width=\"150\" height=\"110\" srcset=\"https:\/\/www.cpv-ev.com\/wp-content\/uploads\/2012\/07\/TC_Cracker2-150x110.jpg 150w, https:\/\/www.cpv-ev.com\/wp-content\/uploads\/2012\/07\/TC_Cracker2-300x219.jpg 300w, https:\/\/www.cpv-ev.com\/wp-content\/uploads\/2012\/07\/TC_Cracker2-500x366.jpg 500w, https:\/\/www.cpv-ev.com\/wp-content\/uploads\/2012\/07\/TC_Cracker2.jpg 750w\" sizes=\"auto, (max-width: 150px) 100vw, 150px\" \/><\/a>&nbsp; &nbsp;<a href=\"https:\/\/www.cpv-ev.com\/wp-content\/uploads\/2012\/07\/TC_Cracker3.jpg\"><img loading=\"lazy\" decoding=\"async\" class=\"alignnone size-thumbnail wp-image-1498\" title=\"TC Cracker\" src=\"https:\/\/www.cpv-ev.com\/wp-content\/uploads\/2012\/07\/TC_Cracker3-146x110.jpg\" alt=\"\" width=\"146\" height=\"110\" srcset=\"https:\/\/www.cpv-ev.com\/wp-content\/uploads\/2012\/07\/TC_Cracker3-146x110.jpg 146w, https:\/\/www.cpv-ev.com\/wp-content\/uploads\/2012\/07\/TC_Cracker3-300x225.jpg 300w, https:\/\/www.cpv-ev.com\/wp-content\/uploads\/2012\/07\/TC_Cracker3-500x374.jpg 500w, https:\/\/www.cpv-ev.com\/wp-content\/uploads\/2012\/07\/TC_Cracker3.jpg 750w\" sizes=\"auto, (max-width: 146px) 100vw, 146px\" \/><\/a>&nbsp; <a href=\"https:\/\/www.cpv-ev.com\/wp-content\/uploads\/2014\/06\/TC-Cracker1.jpg\"><img loading=\"lazy\" decoding=\"async\" class=\"alignnone size-vs6_thumb wp-image-12712\" src=\"https:\/\/www.cpv-ev.com\/wp-content\/uploads\/2014\/06\/TC-Cracker1-150x110.jpg\" alt=\"TC Cracker\" width=\"150\" height=\"110\"><\/a>&nbsp; <a href=\"https:\/\/www.cpv-ev.com\/wp-content\/uploads\/2014\/06\/TC-Cracker.jpg\"><img loading=\"lazy\" decoding=\"async\" class=\"alignnone size-vs6_thumb wp-image-12711\" src=\"https:\/\/www.cpv-ev.com\/wp-content\/uploads\/2014\/06\/TC-Cracker-150x110.jpg\" alt=\"TC Cracker\" width=\"150\" height=\"110\"><\/a><\/p>\n<h5>Nachkommen<\/h5>\n\n<table id=\"tablepress-18\" class=\"tablepress tablepress-id-18 mtr-table mtr-thead-th\">\n<thead>\n<tr class=\"row-1\">\n\t<th class=\"column-1 mtr-th-tag\" data-mtr-content=\"FOTO\"><div class=\"mtr-cell-content\">FOTO<\/div><\/th><th class=\"column-2 mtr-th-tag\" data-mtr-content=\"NAME\"><div class=\"mtr-cell-content\">NAME<\/div><\/th><th class=\"column-3 mtr-th-tag\" data-mtr-content=\"JAHR\"><div class=\"mtr-cell-content\">JAHR<\/div><\/th><th class=\"column-4 mtr-th-tag\" data-mtr-content=\"VATER\"><div class=\"mtr-cell-content\">VATER<\/div><\/th><th class=\"column-5 mtr-th-tag\" data-mtr-content=\"MUTTER\"><div class=\"mtr-cell-content\">MUTTER<\/div><\/th><th class=\"column-6 mtr-th-tag\" data-mtr-content=\"Z\u00dcCHTER\"><div class=\"mtr-cell-content\">Z\u00dcCHTER<\/div><\/th>\n<\/tr>\n<\/thead>\n<tbody class=\"row-striping row-hover\">\n<tr class=\"row-2\">\n\t<td class=\"column-1 mtr-td-tag\" data-mtr-content=\"FOTO\"><div class=\"mtr-cell-content\"><a href=\"https:\/\/www.cpv-ev.com\/wp-content\/uploads\/2012\/07\/Copy_of_Henry_S.jpg\"><img loading=\"lazy\" decoding=\"async\" src=\"https:\/\/www.cpv-ev.com\/wp-content\/uploads\/2012\/07\/Copy_of_Henry_S-150x150.jpg\" alt=\"\" title=\"Copy of Henry S\" width=\"110\" height=\"110\" class=\"alignnone size-thumbnail wp-image-722\" srcset=\"https:\/\/www.cpv-ev.com\/wp-content\/uploads\/2012\/07\/Copy_of_Henry_S-150x150.jpg 150w, https:\/\/www.cpv-ev.com\/wp-content\/uploads\/2012\/07\/Copy_of_Henry_S-110x110.jpg 110w\" sizes=\"auto, (max-width: 110px) 100vw, 110px\"><\/a><\/div><\/td><td class=\"column-2 mtr-td-tag\" data-mtr-content=\"NAME\"><div class=\"mtr-cell-content\"><b>COPY OF HENRY S<\/b><br>FP<br><br>Hengst<br>Fuchs<br>*12.04.2011<br><br><\/div><\/td><td class=\"column-3 mtr-td-tag\" data-mtr-content=\"JAHR\"><div class=\"mtr-cell-content\">2011<\/div><\/td><td class=\"column-4 mtr-td-tag\" data-mtr-content=\"VATER\"><div class=\"mtr-cell-content\">TC Cracker<\/div><\/td><td class=\"column-5 mtr-td-tag\" data-mtr-content=\"MUTTER\"><div class=\"mtr-cell-content\">Jingle S<br>v. Sir Henry<\/div><\/td><td class=\"column-6 mtr-td-tag\" data-mtr-content=\"Z\u00dcCHTER\"><div class=\"mtr-cell-content\">Rita Otten<br>41169 M\u00f6nchengladbach<br><\/div><\/td>\n<\/tr>\n<tr class=\"row-3\">\n\t<td class=\"column-1 mtr-td-tag\" data-mtr-content=\"FOTO\"><div class=\"mtr-cell-content\"><\/div><\/td><td class=\"column-2 mtr-td-tag\" data-mtr-content=\"NAME\"><div class=\"mtr-cell-content\"><b>MUIREANN<\/b><br>DE443430804310<br><br>Stute<br>Dunkelbraun<br>*08.05.2010<br><br><\/div><\/td><td class=\"column-3 mtr-td-tag\" data-mtr-content=\"JAHR\"><div class=\"mtr-cell-content\">2010<\/div><\/td><td class=\"column-4 mtr-td-tag\" data-mtr-content=\"VATER\"><div class=\"mtr-cell-content\">TC Cracker<\/div><\/td><td class=\"column-5 mtr-td-tag\" data-mtr-content=\"MUTTER\"><div class=\"mtr-cell-content\">Morgan<br>v. Sassan S<\/div><\/td><td class=\"column-6 mtr-td-tag\" data-mtr-content=\"Z\u00dcCHTER\"><div class=\"mtr-cell-content\">Hans-Peter Elsen<br>41564 Kaarst<br><\/div><\/td>\n<\/tr>\n<tr class=\"row-4\">\n\t<td class=\"column-1 mtr-td-tag\" data-mtr-content=\"FOTO\"><div class=\"mtr-cell-content\"><\/div><\/td><td class=\"column-2 mtr-td-tag\" data-mtr-content=\"NAME\"><div class=\"mtr-cell-content\"><b>TC BACCARDI<\/b><br><br>Stute<br>Braun<br>*02.05.2007<br><br><\/div><\/td><td class=\"column-3 mtr-td-tag\" data-mtr-content=\"JAHR\"><div class=\"mtr-cell-content\">2007<\/div><\/td><td class=\"column-4 mtr-td-tag\" data-mtr-content=\"VATER\"><div class=\"mtr-cell-content\">TC Cracker<\/div><\/td><td class=\"column-5 mtr-td-tag\" data-mtr-content=\"MUTTER\"><div class=\"mtr-cell-content\">Brandy (Laura)<br>v. Ladylover<\/div><\/td><td class=\"column-6 mtr-td-tag\" data-mtr-content=\"Z\u00dcCHTER\"><div class=\"mtr-cell-content\">TC (TraCon)<br>Ulrike Schmitt<br>41999 M\u00f6nchengladbach<br><\/div><\/td>\n<\/tr>\n<\/tbody>\n<\/table>\n<!-- #tablepress-18 from cache -->\n","protected":false},"excerpt":{"rendered":"<p>Farbe: Braun Hengstbuch: Rheinland HB I K\u00f6rung: 06.11.2004 Wickrath Geboren: 2002 Leistungspr\u00fcfung: 2009 Neustadt\/Dosse, 30 TT, WN 8,05 (Rang 8\/19) Stockma\u00df: 147 cm Tr\u00e4ger des Creme-Faktors: nein R\u00f6hrbein: 18 cm Tr\u00e4ger des Fuchsgens: ja Deckbedingungen: auf Anfrage Decktaxe: 70,- Euro <a class=\"more-link\" href=\"https:\/\/www.cpv-ev.com\/?page_id=497\"><span class=\"screen-reader-text\">  TC Cracker<\/span> weiterlesen<span class=\"meta-nav\">&rarr;<\/span><\/a><\/p>\n","protected":false},"author":1,"featured_media":0,"parent":97,"menu_order":0,"comment_status":"closed","ping_status":"open","template":"","meta":{"ngg_post_thumbnail":0,"footnotes":""},"class_list":["post-497","page","type-page","status-publish","hentry"],"_links":{"self":[{"href":"https:\/\/www.cpv-ev.com\/index.php?rest_route=\/wp\/v2\/pages\/497","targetHints":{"allow":["GET"]}}],"collection":[{"href":"https:\/\/www.cpv-ev.com\/index.php?rest_route=\/wp\/v2\/pages"}],"about":[{"href":"https:\/\/www.cpv-ev.com\/index.php?rest_route=\/wp\/v2\/types\/page"}],"author":[{"embeddable":true,"href":"https:\/\/www.cpv-ev.com\/index.php?rest_route=\/wp\/v2\/users\/1"}],"replies":[{"embeddable":true,"href":"https:\/\/www.cpv-ev.com\/index.php?rest_route=%2Fwp%2Fv2%2Fcomments&post=497"}],"version-history":[{"count":0,"href":"https:\/\/www.cpv-ev.com\/index.php?rest_route=\/wp\/v2\/pages\/497\/revisions"}],"up":[{"embeddable":true,"href":"https:\/\/www.cpv-ev.com\/index.php?rest_route=\/wp\/v2\/pages\/97"}],"wp:attachment":[{"href":"https:\/\/www.cpv-ev.com\/index.php?rest_route=%2Fwp%2Fv2%2Fmedia&parent=497"}],"curies":[{"name":"wp","href":"https:\/\/api.w.org\/{rel}","templated":true}]}}