{"id":489,"date":"2012-07-16T10:38:03","date_gmt":"2012-07-16T08:38:03","guid":{"rendered":"https:\/\/www.cpv-ev.com\/?page_id=489"},"modified":"2021-01-29T17:36:03","modified_gmt":"2021-01-29T15:36:03","slug":"sternbergs-silver-sam","status":"publish","type":"page","link":"https:\/\/www.cpv-ev.com\/?page_id=489","title":{"rendered":"Sternbergs Silver Sam"},"content":{"rendered":"<p>&nbsp;<\/p>\n<table cellspacing=\"0\" cellpadding=\"0\" border=\"1\">\n<tbody>\n<tr>\n<td width=\"359\" valign=\"top\"><strong>Farbe:<\/strong> Schimmel<br \/>\n<strong>Geburtsfarbe:<\/strong> Braun<\/td>\n<td width=\"359\" valign=\"top\"><strong>Hengstbuch:<\/strong> Bayern HB I,<br \/>\nzugelassen f\u00fcr Dt. Reitponys<\/td>\n<\/tr>\n<tr>\n<td width=\"359\" valign=\"top\"><strong>Geboren:<\/strong> 25.02.2009<\/td>\n<td width=\"359\" valign=\"top\"><strong>Leistungspr\u00fcfung: <\/strong>2013 Ansbach,<br \/>\n2 TT, WN 7,05 (Rang 1\/2)<em><br \/>\n<\/em><\/td>\n<\/tr>\n<tr>\n<td width=\"359\" valign=\"top\"><strong>Stockma\u00df: <\/strong>145,5 cm<\/td>\n<td width=\"359\" valign=\"top\"><strong>Tr\u00e4ger des Creme-Faktors:<\/strong> nein<\/td>\n<\/tr>\n<tr>\n<td width=\"359\" valign=\"top\"><strong>R\u00f6hrbein: <\/strong>20 cm<strong><br \/>\n<\/strong><\/td>\n<td width=\"359\" valign=\"top\"><strong>Tr\u00e4ger des Fuchsgens:<\/strong> nein<\/td>\n<\/tr>\n<tr>\n<td width=\"359\" valign=\"top\"><strong style=\"line-height: 24px;\">Ausgeschieden: <\/strong>2018 eingegangen<\/td>\n<td width=\"359\" valign=\"top\"><\/td>\n<\/tr>\n<tr>\n<td width=\"359\" valign=\"top\"><img loading=\"lazy\" decoding=\"async\" class=\"alignnone size-full wp-image-232\" src=\"https:\/\/www.cpv-ev.com\/wp-content\/uploads\/2012\/07\/trans240x10.gif\" alt=\"trans240x10\" width=\"240\" height=\"10\" srcset=\"https:\/\/www.cpv-ev.com\/wp-content\/uploads\/2012\/07\/trans240x10.gif 240w, https:\/\/www.cpv-ev.com\/wp-content\/uploads\/2012\/07\/trans240x10-225x10.gif 225w\" sizes=\"auto, (max-width: 240px) 100vw, 240px\" \/><\/td>\n<td width=\"359\" valign=\"top\"><\/td>\n<\/tr>\n<tr>\n<td width=\"359\" valign=\"top\"><strong>Gek\u00f6rte S\u00f6hne: <\/strong>bisher keine<\/td>\n<td width=\"359\" valign=\"top\"><strong>Eingetragene Stuten: <\/strong>&#8211;<strong><br \/>\n<\/strong><\/td>\n<\/tr>\n<tr>\n<td width=\"359\" valign=\"top\"><\/td>\n<td width=\"359\" valign=\"top\"><strong>davon StPrSt: <\/strong>&#8211;<strong><br \/>\n<\/strong><\/td>\n<\/tr>\n<tr>\n<td width=\"359\" valign=\"top\"><img loading=\"lazy\" decoding=\"async\" src=\"https:\/\/www.cpv-ev.com\/wp-content\/uploads\/2012\/07\/trans240x10.gif\" alt=\"trans240x10\" width=\"240\" height=\"10\"><\/td>\n<td width=\"359\" valign=\"top\"><\/td>\n<\/tr>\n<tr>\n<td width=\"359\" valign=\"top\"><strong>Lebensgewinnsumme:<\/strong> 501 EUR (2017)<img loading=\"lazy\" decoding=\"async\" class=\"alignnone size-full wp-image-232\" title=\"trans240x10\" src=\"https:\/\/www.cpv-ev.com\/wp-content\/uploads\/2012\/07\/trans240x10.gif\" alt=\"\" width=\"100\" height=\"20\"><\/td>\n<td width=\"359\" valign=\"top\"><strong>Nachkommen-LGS: <\/strong>&#8211;<strong><br \/>\n<\/strong><\/td>\n<\/tr>\n<tr>\n<td colspan=\"2\" width=\"717\" valign=\"top\"><strong><strong>Z\u00fcchter: <\/strong><\/strong>Peter Kr\u00e4mer, Gest\u00fct Sternberg, 97529 Sulzheim-V\u00f6gnitz<strong><strong><br \/>\n<\/strong><\/strong><strong>Besitzer:&nbsp;<\/strong>Christina Reuss, 70329 Stuttgart<\/td>\n<\/tr>\n<\/tbody>\n<\/table>\n<h5>Pedigree<\/h5>\n<p><img loading=\"lazy\" decoding=\"async\" class=\"alignnone size-full wp-image-1912\" title=\"Sternbergs Silver Sam\" src=\"https:\/\/www.cpv-ev.com\/wp-content\/uploads\/2012\/07\/sternbergs-ss_ped.jpg\" alt=\"\" width=\"685\" height=\"312\" srcset=\"https:\/\/www.cpv-ev.com\/wp-content\/uploads\/2012\/07\/sternbergs-ss_ped.jpg 685w, https:\/\/www.cpv-ev.com\/wp-content\/uploads\/2012\/07\/sternbergs-ss_ped-241x110.jpg 241w, https:\/\/www.cpv-ev.com\/wp-content\/uploads\/2012\/07\/sternbergs-ss_ped-300x136.jpg 300w, https:\/\/www.cpv-ev.com\/wp-content\/uploads\/2012\/07\/sternbergs-ss_ped-500x227.jpg 500w, https:\/\/www.cpv-ev.com\/wp-content\/uploads\/2012\/07\/sternbergs-ss_ped-680x310.jpg 680w\" sizes=\"auto, (max-width: 685px) 100vw, 685px\" \/><\/p>\n<h5>Galerie<\/h5>\n<p><a href=\"https:\/\/www.cpv-ev.com\/wp-content\/uploads\/2015\/12\/Silver-Sam-3.jpg\"><img loading=\"lazy\" decoding=\"async\" class=\"alignnone size-thumbnail wp-image-16734\" src=\"https:\/\/www.cpv-ev.com\/wp-content\/uploads\/2015\/12\/Silver-Sam-3-164x110.jpg\" alt=\"Silver Sam 3\" width=\"164\" height=\"110\" srcset=\"https:\/\/www.cpv-ev.com\/wp-content\/uploads\/2015\/12\/Silver-Sam-3-164x110.jpg 164w, https:\/\/www.cpv-ev.com\/wp-content\/uploads\/2015\/12\/Silver-Sam-3-300x200.jpg 300w, https:\/\/www.cpv-ev.com\/wp-content\/uploads\/2015\/12\/Silver-Sam-3-500x333.jpg 500w, https:\/\/www.cpv-ev.com\/wp-content\/uploads\/2015\/12\/Silver-Sam-3.jpg 800w\" sizes=\"auto, (max-width: 164px) 100vw, 164px\" \/><\/a> &nbsp;<a href=\"https:\/\/www.cpv-ev.com\/wp-content\/uploads\/2015\/12\/Silver-Sam-4.jpg\"><img loading=\"lazy\" decoding=\"async\" class=\"alignnone size-thumbnail wp-image-16735\" src=\"https:\/\/www.cpv-ev.com\/wp-content\/uploads\/2015\/12\/Silver-Sam-4-73x110.jpg\" alt=\"Silver Sam 4\" width=\"73\" height=\"110\" srcset=\"https:\/\/www.cpv-ev.com\/wp-content\/uploads\/2015\/12\/Silver-Sam-4-73x110.jpg 73w, https:\/\/www.cpv-ev.com\/wp-content\/uploads\/2015\/12\/Silver-Sam-4-300x449.jpg 300w, https:\/\/www.cpv-ev.com\/wp-content\/uploads\/2015\/12\/Silver-Sam-4-333x500.jpg 333w, https:\/\/www.cpv-ev.com\/wp-content\/uploads\/2015\/12\/Silver-Sam-4-119x180.jpg 119w, https:\/\/www.cpv-ev.com\/wp-content\/uploads\/2015\/12\/Silver-Sam-4.jpg 534w\" sizes=\"auto, (max-width: 73px) 100vw, 73px\" \/><\/a> &nbsp;<a href=\"https:\/\/www.cpv-ev.com\/wp-content\/uploads\/2015\/12\/Silver-Sam-5.jpg\"><img loading=\"lazy\" decoding=\"async\" class=\"alignnone size-thumbnail wp-image-16736\" src=\"https:\/\/www.cpv-ev.com\/wp-content\/uploads\/2015\/12\/Silver-Sam-5-164x110.jpg\" alt=\"Silver Sam 5\" width=\"164\" height=\"110\" srcset=\"https:\/\/www.cpv-ev.com\/wp-content\/uploads\/2015\/12\/Silver-Sam-5-164x110.jpg 164w, https:\/\/www.cpv-ev.com\/wp-content\/uploads\/2015\/12\/Silver-Sam-5-300x200.jpg 300w, https:\/\/www.cpv-ev.com\/wp-content\/uploads\/2015\/12\/Silver-Sam-5-500x333.jpg 500w, https:\/\/www.cpv-ev.com\/wp-content\/uploads\/2015\/12\/Silver-Sam-5.jpg 700w\" sizes=\"auto, (max-width: 164px) 100vw, 164px\" \/><\/a> &nbsp;<a href=\"https:\/\/www.cpv-ev.com\/wp-content\/uploads\/2015\/12\/Silver-Sam-6.jpg\"><img loading=\"lazy\" decoding=\"async\" class=\"alignnone size-thumbnail wp-image-16737\" src=\"https:\/\/www.cpv-ev.com\/wp-content\/uploads\/2015\/12\/Silver-Sam-6-165x110.jpg\" alt=\"Silver Sam 6\" width=\"165\" height=\"110\" srcset=\"https:\/\/www.cpv-ev.com\/wp-content\/uploads\/2015\/12\/Silver-Sam-6-165x110.jpg 165w, https:\/\/www.cpv-ev.com\/wp-content\/uploads\/2015\/12\/Silver-Sam-6-300x200.jpg 300w, https:\/\/www.cpv-ev.com\/wp-content\/uploads\/2015\/12\/Silver-Sam-6-500x333.jpg 500w, https:\/\/www.cpv-ev.com\/wp-content\/uploads\/2015\/12\/Silver-Sam-6.jpg 960w\" sizes=\"auto, (max-width: 165px) 100vw, 165px\" \/><\/a> &nbsp;<a href=\"https:\/\/www.cpv-ev.com\/wp-content\/uploads\/2015\/12\/Silver-Sam-8.jpg\"><img loading=\"lazy\" decoding=\"async\" class=\"alignnone size-thumbnail wp-image-16738\" src=\"https:\/\/www.cpv-ev.com\/wp-content\/uploads\/2015\/12\/Silver-Sam-8-165x110.jpg\" alt=\"Silver Sam 8\" width=\"165\" height=\"110\" srcset=\"https:\/\/www.cpv-ev.com\/wp-content\/uploads\/2015\/12\/Silver-Sam-8-165x110.jpg 165w, https:\/\/www.cpv-ev.com\/wp-content\/uploads\/2015\/12\/Silver-Sam-8-300x200.jpg 300w, https:\/\/www.cpv-ev.com\/wp-content\/uploads\/2015\/12\/Silver-Sam-8-500x333.jpg 500w, https:\/\/www.cpv-ev.com\/wp-content\/uploads\/2015\/12\/Silver-Sam-8.jpg 960w\" sizes=\"auto, (max-width: 165px) 100vw, 165px\" \/><\/a> &nbsp;<a href=\"https:\/\/www.cpv-ev.com\/wp-content\/uploads\/2015\/12\/Silver-Sam1.jpg\"><img loading=\"lazy\" decoding=\"async\" class=\"alignnone size-thumbnail wp-image-16739\" src=\"https:\/\/www.cpv-ev.com\/wp-content\/uploads\/2015\/12\/Silver-Sam1-165x110.jpg\" alt=\"Silver Sam1\" width=\"165\" height=\"110\" srcset=\"https:\/\/www.cpv-ev.com\/wp-content\/uploads\/2015\/12\/Silver-Sam1-165x110.jpg 165w, https:\/\/www.cpv-ev.com\/wp-content\/uploads\/2015\/12\/Silver-Sam1-300x199.jpg 300w, https:\/\/www.cpv-ev.com\/wp-content\/uploads\/2015\/12\/Silver-Sam1-500x333.jpg 500w, https:\/\/www.cpv-ev.com\/wp-content\/uploads\/2015\/12\/Silver-Sam1.jpg 800w\" sizes=\"auto, (max-width: 165px) 100vw, 165px\" \/><\/a> &nbsp;<a href=\"https:\/\/www.cpv-ev.com\/wp-content\/uploads\/2015\/12\/Silver-Sam2.jpg\"><img loading=\"lazy\" decoding=\"async\" class=\"alignnone size-thumbnail wp-image-16740\" src=\"https:\/\/www.cpv-ev.com\/wp-content\/uploads\/2015\/12\/Silver-Sam2-165x110.jpg\" alt=\"Silver Sam2\" width=\"165\" height=\"110\" srcset=\"https:\/\/www.cpv-ev.com\/wp-content\/uploads\/2015\/12\/Silver-Sam2-165x110.jpg 165w, https:\/\/www.cpv-ev.com\/wp-content\/uploads\/2015\/12\/Silver-Sam2-300x199.jpg 300w, https:\/\/www.cpv-ev.com\/wp-content\/uploads\/2015\/12\/Silver-Sam2-500x333.jpg 500w, https:\/\/www.cpv-ev.com\/wp-content\/uploads\/2015\/12\/Silver-Sam2.jpg 800w\" sizes=\"auto, (max-width: 165px) 100vw, 165px\" \/><\/a> &nbsp;<a href=\"https:\/\/www.cpv-ev.com\/wp-content\/uploads\/2015\/12\/Silver-Sam7.jpg\"><img loading=\"lazy\" decoding=\"async\" class=\"alignnone size-thumbnail wp-image-16741\" src=\"https:\/\/www.cpv-ev.com\/wp-content\/uploads\/2015\/12\/Silver-Sam7-165x110.jpg\" alt=\"Silver Sam7\" width=\"165\" height=\"110\" srcset=\"https:\/\/www.cpv-ev.com\/wp-content\/uploads\/2015\/12\/Silver-Sam7-165x110.jpg 165w, https:\/\/www.cpv-ev.com\/wp-content\/uploads\/2015\/12\/Silver-Sam7-300x199.jpg 300w, https:\/\/www.cpv-ev.com\/wp-content\/uploads\/2015\/12\/Silver-Sam7-500x332.jpg 500w, https:\/\/www.cpv-ev.com\/wp-content\/uploads\/2015\/12\/Silver-Sam7.jpg 700w\" sizes=\"auto, (max-width: 165px) 100vw, 165px\" \/>&nbsp; <\/a><a href=\"https:\/\/www.cpv-ev.com\/wp-content\/uploads\/2016\/03\/Sternbergs-Silver-Sam.jpg\" rel=\"attachment wp-att-17729\"><img loading=\"lazy\" decoding=\"async\" class=\"alignnone size-thumbnail wp-image-17729\" src=\"https:\/\/www.cpv-ev.com\/wp-content\/uploads\/2016\/03\/Sternbergs-Silver-Sam-110x110.jpg\" alt=\"Sternbergs Silver Sam\" width=\"110\" height=\"110\" srcset=\"https:\/\/www.cpv-ev.com\/wp-content\/uploads\/2016\/03\/Sternbergs-Silver-Sam-110x110.jpg 110w, https:\/\/www.cpv-ev.com\/wp-content\/uploads\/2016\/03\/Sternbergs-Silver-Sam-300x300.jpg 300w, https:\/\/www.cpv-ev.com\/wp-content\/uploads\/2016\/03\/Sternbergs-Silver-Sam-500x500.jpg 500w, https:\/\/www.cpv-ev.com\/wp-content\/uploads\/2016\/03\/Sternbergs-Silver-Sam-150x150.jpg 150w, https:\/\/www.cpv-ev.com\/wp-content\/uploads\/2016\/03\/Sternbergs-Silver-Sam.jpg 695w\" sizes=\"auto, (max-width: 110px) 100vw, 110px\" \/>&nbsp; <\/a><a href=\"https:\/\/www.cpv-ev.com\/wp-content\/uploads\/2021\/01\/Sternbergs-Silver-Sam.jpg\"><img loading=\"lazy\" decoding=\"async\" class=\"alignnone size-thumbnail wp-image-25929\" src=\"https:\/\/www.cpv-ev.com\/wp-content\/uploads\/2021\/01\/Sternbergs-Silver-Sam-146x110.jpg\" alt=\"\" width=\"146\" height=\"110\" srcset=\"https:\/\/www.cpv-ev.com\/wp-content\/uploads\/2021\/01\/Sternbergs-Silver-Sam-146x110.jpg 146w, https:\/\/www.cpv-ev.com\/wp-content\/uploads\/2021\/01\/Sternbergs-Silver-Sam-300x225.jpg 300w, https:\/\/www.cpv-ev.com\/wp-content\/uploads\/2021\/01\/Sternbergs-Silver-Sam-500x376.jpg 500w, https:\/\/www.cpv-ev.com\/wp-content\/uploads\/2021\/01\/Sternbergs-Silver-Sam.jpg 600w\" sizes=\"auto, (max-width: 146px) 100vw, 146px\" \/><\/a><\/p>\n<h5>Nachkommen<\/h5>\n\n<table id=\"tablepress-18\" class=\"tablepress tablepress-id-18 mtr-table mtr-thead-th\">\n<thead>\n<tr class=\"row-1\">\n\t<th class=\"column-1 mtr-th-tag\" data-mtr-content=\"FOTO\"><div class=\"mtr-cell-content\">FOTO<\/div><\/th><th class=\"column-2 mtr-th-tag\" data-mtr-content=\"NAME\"><div class=\"mtr-cell-content\">NAME<\/div><\/th><th class=\"column-3 mtr-th-tag\" data-mtr-content=\"JAHR\"><div class=\"mtr-cell-content\">JAHR<\/div><\/th><th class=\"column-4 mtr-th-tag\" data-mtr-content=\"VATER\"><div class=\"mtr-cell-content\">VATER<\/div><\/th><th class=\"column-5 mtr-th-tag\" data-mtr-content=\"MUTTER\"><div class=\"mtr-cell-content\">MUTTER<\/div><\/th><th class=\"column-6 mtr-th-tag\" data-mtr-content=\"Z\u00dcCHTER\"><div class=\"mtr-cell-content\">Z\u00dcCHTER<\/div><\/th>\n<\/tr>\n<\/thead>\n<tbody class=\"row-striping row-hover\">\n<tr class=\"row-2\">\n\t<td class=\"column-1 mtr-td-tag\" data-mtr-content=\"FOTO\"><div class=\"mtr-cell-content\"><a href=\"https:\/\/www.cpv-ev.com\/wp-content\/uploads\/2019\/12\/5974_Daydream.jpg\"><img loading=\"lazy\" decoding=\"async\" src=\"https:\/\/www.cpv-ev.com\/wp-content\/uploads\/2019\/12\/5974_Daydream-110x110.jpg\" alt=\"\" width=\"110\" height=\"110\" class=\"alignnone size-thumbnail wp-image-24005\" srcset=\"https:\/\/www.cpv-ev.com\/wp-content\/uploads\/2019\/12\/5974_Daydream-110x110.jpg 110w, https:\/\/www.cpv-ev.com\/wp-content\/uploads\/2019\/12\/5974_Daydream-150x150.jpg 150w\" sizes=\"auto, (max-width: 110px) 100vw, 110px\"><\/a><\/div><\/td><td class=\"column-2 mtr-td-tag\" data-mtr-content=\"NAME\"><div class=\"mtr-cell-content\"><b>DAYDREAM<\/b><br>DE484840056619<br>FPG WN 8.0<br><br>Stute<br>Rappschimmel<br>*08.06.2019<br>N\/N<br><br><\/div><\/td><td class=\"column-3 mtr-td-tag\" data-mtr-content=\"JAHR\"><div class=\"mtr-cell-content\">2019<\/div><\/td><td class=\"column-4 mtr-td-tag\" data-mtr-content=\"VATER\"><div class=\"mtr-cell-content\">Sternbergs Silver Sam<\/div><\/td><td class=\"column-5 mtr-td-tag\" data-mtr-content=\"MUTTER\"><div class=\"mtr-cell-content\">Maguirestables Dancing Maid<br>v. Rory Rasputin<\/div><\/td><td class=\"column-6 mtr-td-tag\" data-mtr-content=\"Z\u00dcCHTER\"><div class=\"mtr-cell-content\">Ulrike Hinz<br>Kornwestheim<\/div><\/td>\n<\/tr>\n<tr class=\"row-3\">\n\t<td class=\"column-1 mtr-td-tag\" data-mtr-content=\"FOTO\"><div class=\"mtr-cell-content\"><\/div><\/td><td class=\"column-2 mtr-td-tag\" data-mtr-content=\"NAME\"><div class=\"mtr-cell-content\"><b>PATRIKS <br>SILVER SKYLIGHT<\/b><br>DE484840025219<br>FP WN 7.4<br><br>Hengst<br>2019<br>N\/N<br><br><\/div><\/td><td class=\"column-3 mtr-td-tag\" data-mtr-content=\"JAHR\"><div class=\"mtr-cell-content\">2019<\/div><\/td><td class=\"column-4 mtr-td-tag\" data-mtr-content=\"VATER\"><div class=\"mtr-cell-content\">Sternbergs Silver Sam<\/div><\/td><td class=\"column-5 mtr-td-tag\" data-mtr-content=\"MUTTER\"><div class=\"mtr-cell-content\">Patriks F\u00e9ileac\u00e1n<br>v. Patriks Meirliun<\/div><\/td><td class=\"column-6 mtr-td-tag\" data-mtr-content=\"Z\u00dcCHTER\"><div class=\"mtr-cell-content\">Patriks<br>Ulrike und Eric Kr\u00fcger<br>95466 Weidenberg<br><\/div><\/td>\n<\/tr>\n<tr class=\"row-4\">\n\t<td class=\"column-1 mtr-td-tag\" data-mtr-content=\"FOTO\"><div class=\"mtr-cell-content\"><\/div><\/td><td class=\"column-2 mtr-td-tag\" data-mtr-content=\"NAME\"><div class=\"mtr-cell-content\"><b>PATRIKS SILVER SWEENEY<\/b><br>DE494940025319<br>FPG WN 8.2<br><br>Hengst<br>Schimmel<br>2019<br>N\/N<br><br><\/div><\/td><td class=\"column-3 mtr-td-tag\" data-mtr-content=\"JAHR\"><div class=\"mtr-cell-content\">2019<\/div><\/td><td class=\"column-4 mtr-td-tag\" data-mtr-content=\"VATER\"><div class=\"mtr-cell-content\">Sternbergs Silver Sam<\/div><\/td><td class=\"column-5 mtr-td-tag\" data-mtr-content=\"MUTTER\"><div class=\"mtr-cell-content\">Patriks Fiona<br>v. Penancing-Brook Hazy Smart Boy<\/div><\/td><td class=\"column-6 mtr-td-tag\" data-mtr-content=\"Z\u00dcCHTER\"><div class=\"mtr-cell-content\">Patriks<br>Ulrike und Eric Kr\u00fcger<br>95466 Weidenberg<br><\/div><\/td>\n<\/tr>\n<tr class=\"row-5\">\n\t<td class=\"column-1 mtr-td-tag\" data-mtr-content=\"FOTO\"><div class=\"mtr-cell-content\"><\/div><\/td><td class=\"column-2 mtr-td-tag\" data-mtr-content=\"NAME\"><div class=\"mtr-cell-content\"><b>SANTO DOMINGO<\/b><br>DE456560060314<br><br>Hengst<br>Schimmel<br>*06.04.2014<br><br><\/div><\/td><td class=\"column-3 mtr-td-tag\" data-mtr-content=\"JAHR\"><div class=\"mtr-cell-content\">2014<\/div><\/td><td class=\"column-4 mtr-td-tag\" data-mtr-content=\"VATER\"><div class=\"mtr-cell-content\">Sternbergs Silver Sam<\/div><\/td><td class=\"column-5 mtr-td-tag\" data-mtr-content=\"MUTTER\"><div class=\"mtr-cell-content\">Scarlet<br>v. El Larry II<\/div><\/td><td class=\"column-6 mtr-td-tag\" data-mtr-content=\"Z\u00dcCHTER\"><div class=\"mtr-cell-content\">Brit Gese<br>06632 Freyburg<\/div><\/td>\n<\/tr>\n<tr class=\"row-6\">\n\t<td class=\"column-1 mtr-td-tag\" data-mtr-content=\"FOTO\"><div class=\"mtr-cell-content\"><\/div><\/td><td class=\"column-2 mtr-td-tag\" data-mtr-content=\"NAME\"><div class=\"mtr-cell-content\"><b>SILVER SUE<\/b><br>DE473730511119<br><br>Stute<br>2019<br>N\/N<br><br><\/div><\/td><td class=\"column-3 mtr-td-tag\" data-mtr-content=\"JAHR\"><div class=\"mtr-cell-content\">2019<\/div><\/td><td class=\"column-4 mtr-td-tag\" data-mtr-content=\"VATER\"><div class=\"mtr-cell-content\">Sternbergs Silver Sam<\/div><\/td><td class=\"column-5 mtr-td-tag\" data-mtr-content=\"MUTTER\"><div class=\"mtr-cell-content\"><\/div><\/td><td class=\"column-6 mtr-td-tag\" data-mtr-content=\"Z\u00dcCHTER\"><div class=\"mtr-cell-content\"><\/div><\/td>\n<\/tr>\n<tr class=\"row-7\">\n\t<td class=\"column-1 mtr-td-tag\" data-mtr-content=\"FOTO\"><div class=\"mtr-cell-content\"><\/div><\/td><td class=\"column-2 mtr-td-tag\" data-mtr-content=\"NAME\"><div class=\"mtr-cell-content\"><b>STERNBERGS <br>SILVER MIRACLE<\/b><br>DE484840201815<br>FPG WN 8.2<br><br>Stute<br>Braunschimmel<br>*01.03.2015<br><br><\/div><\/td><td class=\"column-3 mtr-td-tag\" data-mtr-content=\"JAHR\"><div class=\"mtr-cell-content\">2015<\/div><\/td><td class=\"column-4 mtr-td-tag\" data-mtr-content=\"VATER\"><div class=\"mtr-cell-content\">Sternbergs Silver Sam<\/div><\/td><td class=\"column-5 mtr-td-tag\" data-mtr-content=\"MUTTER\"><div class=\"mtr-cell-content\">Sternbergs Mandy<br>v. El Larry II<\/div><\/td><td class=\"column-6 mtr-td-tag\" data-mtr-content=\"Z\u00dcCHTER\"><div class=\"mtr-cell-content\">Sternbergs<br>Alexandra &amp; Peter Kr\u00e4mer<br>97529 Sulzheim-V\u00f6gnitz<br><\/div><\/td>\n<\/tr>\n<tr class=\"row-8\">\n\t<td class=\"column-1 mtr-td-tag\" data-mtr-content=\"FOTO\"><div class=\"mtr-cell-content\"><\/div><\/td><td class=\"column-2 mtr-td-tag\" data-mtr-content=\"NAME\"><div class=\"mtr-cell-content\"><b>STERNBERGS <br>SILVER STAN<\/b><br><br>Hengst<br>Braunschimmel<br>*05.04.2013<br><br><\/div><\/td><td class=\"column-3 mtr-td-tag\" data-mtr-content=\"JAHR\"><div class=\"mtr-cell-content\">2013<\/div><\/td><td class=\"column-4 mtr-td-tag\" data-mtr-content=\"VATER\"><div class=\"mtr-cell-content\">Sternbergs Silver Sam<\/div><\/td><td class=\"column-5 mtr-td-tag\" data-mtr-content=\"MUTTER\"><div class=\"mtr-cell-content\">Sternbergs Sarina<br>v. El Larry II<\/div><\/td><td class=\"column-6 mtr-td-tag\" data-mtr-content=\"Z\u00dcCHTER\"><div class=\"mtr-cell-content\">Sternbergs<br>Alexandra &amp; Peter Kr\u00e4mer<br>97529 Sulzheim-V\u00f6gnitz<br><\/div><\/td>\n<\/tr>\n<tr class=\"row-9\">\n\t<td class=\"column-1 mtr-td-tag\" data-mtr-content=\"FOTO\"><div class=\"mtr-cell-content\"><a href=\"https:\/\/www.cpv-ev.com\/wp-content\/uploads\/2019\/12\/5828_HF-Cuzco.jpg\"><img loading=\"lazy\" decoding=\"async\" src=\"https:\/\/www.cpv-ev.com\/wp-content\/uploads\/2019\/12\/5828_HF-Cuzco-110x110.jpg\" alt=\"\" width=\"110\" height=\"110\" class=\"alignnone size-thumbnail wp-image-23755\" srcset=\"https:\/\/www.cpv-ev.com\/wp-content\/uploads\/2019\/12\/5828_HF-Cuzco-110x110.jpg 110w, https:\/\/www.cpv-ev.com\/wp-content\/uploads\/2019\/12\/5828_HF-Cuzco-150x150.jpg 150w\" sizes=\"auto, (max-width: 110px) 100vw, 110px\"><\/a><\/div><\/td><td class=\"column-2 mtr-td-tag\" data-mtr-content=\"NAME\"><div class=\"mtr-cell-content\"><b>WOLLOMARAS <br>CUZCO<\/b><br>DE484840027919<br>FP WN 7.6<br><br>Hengst<br>Braunschimmel<br>*07.05.2019<br>N\/N<br><br><\/div><\/td><td class=\"column-3 mtr-td-tag\" data-mtr-content=\"JAHR\"><div class=\"mtr-cell-content\">2019<\/div><\/td><td class=\"column-4 mtr-td-tag\" data-mtr-content=\"VATER\"><div class=\"mtr-cell-content\">Caherlistrane Con<\/div><\/td><td class=\"column-5 mtr-td-tag\" data-mtr-content=\"MUTTER\"><div class=\"mtr-cell-content\">Sternbergs Silver Miracle<br>v. Sternbergs Silver Sam<\/div><\/td><td class=\"column-6 mtr-td-tag\" data-mtr-content=\"Z\u00dcCHTER\"><div class=\"mtr-cell-content\">ZG Corinna Oppitz &amp; Bernd Wolfsteiner<br>Friedberg<\/div><\/td>\n<\/tr>\n<\/tbody>\n<\/table>\n<!-- #tablepress-18 from cache -->\n","protected":false},"excerpt":{"rendered":"<p>&nbsp; Farbe: Schimmel Geburtsfarbe: Braun Hengstbuch: Bayern HB I, zugelassen f\u00fcr Dt. Reitponys Geboren: 25.02.2009 Leistungspr\u00fcfung: 2013 Ansbach, 2 TT, WN 7,05 (Rang 1\/2) Stockma\u00df: 145,5 cm Tr\u00e4ger des Creme-Faktors: nein R\u00f6hrbein: 20 cm Tr\u00e4ger des Fuchsgens: nein Ausgeschieden: 2018 <a class=\"more-link\" href=\"https:\/\/www.cpv-ev.com\/?page_id=489\"><span class=\"screen-reader-text\">  Sternbergs Silver Sam<\/span> weiterlesen<span class=\"meta-nav\">&rarr;<\/span><\/a><\/p>\n","protected":false},"author":1,"featured_media":0,"parent":11821,"menu_order":0,"comment_status":"closed","ping_status":"open","template":"","meta":{"ngg_post_thumbnail":0,"footnotes":""},"class_list":["post-489","page","type-page","status-publish","hentry"],"_links":{"self":[{"href":"https:\/\/www.cpv-ev.com\/index.php?rest_route=\/wp\/v2\/pages\/489","targetHints":{"allow":["GET"]}}],"collection":[{"href":"https:\/\/www.cpv-ev.com\/index.php?rest_route=\/wp\/v2\/pages"}],"about":[{"href":"https:\/\/www.cpv-ev.com\/index.php?rest_route=\/wp\/v2\/types\/page"}],"author":[{"embeddable":true,"href":"https:\/\/www.cpv-ev.com\/index.php?rest_route=\/wp\/v2\/users\/1"}],"replies":[{"embeddable":true,"href":"https:\/\/www.cpv-ev.com\/index.php?rest_route=%2Fwp%2Fv2%2Fcomments&post=489"}],"version-history":[{"count":0,"href":"https:\/\/www.cpv-ev.com\/index.php?rest_route=\/wp\/v2\/pages\/489\/revisions"}],"up":[{"embeddable":true,"href":"https:\/\/www.cpv-ev.com\/index.php?rest_route=\/wp\/v2\/pages\/11821"}],"wp:attachment":[{"href":"https:\/\/www.cpv-ev.com\/index.php?rest_route=%2Fwp%2Fv2%2Fmedia&parent=489"}],"curies":[{"name":"wp","href":"https:\/\/api.w.org\/{rel}","templated":true}]}}