{"id":485,"date":"2012-07-16T10:37:21","date_gmt":"2012-07-16T08:37:21","guid":{"rendered":"https:\/\/www.cpv-ev.com\/?page_id=485"},"modified":"2018-05-02T09:28:26","modified_gmt":"2018-05-02T07:28:26","slug":"skaergardens-first-night","status":"publish","type":"page","link":"https:\/\/www.cpv-ev.com\/?page_id=485","title":{"rendered":"Sk\u00e6rg\u00e5rdens First Night"},"content":{"rendered":"<p>&nbsp;<\/p>\n<table cellspacing=\"0\" cellpadding=\"0\" border=\"1\">\n<tbody>\n<tr>\n<td width=\"359\" valign=\"top\"><strong>Farbe:<\/strong> Dunkelfuchs<\/td>\n<td width=\"359\" valign=\"top\"><strong>Hengstbuch:<\/strong> Schleswig-Holstein\/ Hamburg HB I<\/td>\n<\/tr>\n<tr>\n<td width=\"359\" valign=\"top\"><strong>Geboren:<\/strong> 2005<\/td>\n<td width=\"359\" valign=\"top\"><strong>Leistungspr\u00fcfung: <\/strong>2009 Neustadt\/Dosse,<br \/>\n30 TT, WN 8,13 (Rang 7\/19)<strong><em><br \/>\n<\/em><\/strong><\/td>\n<\/tr>\n<tr>\n<td width=\"359\" valign=\"top\"><strong>Stockma\u00df: <\/strong>148 cm<\/td>\n<td width=\"359\" valign=\"top\"><strong>Tr\u00e4ger des Creme-Faktors:<\/strong> unbekannt<\/td>\n<\/tr>\n<tr>\n<td width=\"359\" valign=\"top\"><strong>R\u00f6hrbein: <\/strong><strong><br \/>\n<\/strong><\/td>\n<td width=\"359\" valign=\"top\"><strong>Tr\u00e4ger des Fuchsgens:<\/strong> ja<\/td>\n<\/tr>\n<tr>\n<td width=\"359\" valign=\"top\"><strong>Ausgeschieden:<\/strong> in D\u00e4nemark stationiert<strong><br \/>\n<\/strong><\/td>\n<td width=\"359\" valign=\"top\">&nbsp;<\/td>\n<\/tr>\n<tr>\n<td width=\"359\" valign=\"top\"><img loading=\"lazy\" decoding=\"async\" class=\"alignnone size-full wp-image-232\" src=\"https:\/\/www.cpv-ev.com\/wp-content\/uploads\/2012\/07\/trans240x10.gif\" alt=\"trans240x10\" width=\"240\" height=\"10\" srcset=\"https:\/\/www.cpv-ev.com\/wp-content\/uploads\/2012\/07\/trans240x10.gif 240w, https:\/\/www.cpv-ev.com\/wp-content\/uploads\/2012\/07\/trans240x10-225x10.gif 225w\" sizes=\"auto, (max-width: 240px) 100vw, 240px\" \/><\/td>\n<td width=\"359\" valign=\"top\">&nbsp;<\/td>\n<\/tr>\n<tr>\n<td width=\"359\" valign=\"top\"><strong>Gek\u00f6rte S\u00f6hne: <\/strong>bisher keine<strong><br \/>\n<\/strong><\/td>\n<td width=\"359\" valign=\"top\"><strong>Eingetragene Stuten: <\/strong>&#8211;<strong><br \/>\n<\/strong><\/td>\n<\/tr>\n<tr>\n<td width=\"359\" valign=\"top\">&nbsp;<\/td>\n<td width=\"359\" valign=\"top\"><strong>davon StPrSt: <\/strong>&#8211;<\/td>\n<\/tr>\n<tr>\n<td width=\"359\" valign=\"top\"><img loading=\"lazy\" decoding=\"async\" src=\"https:\/\/www.cpv-ev.com\/wp-content\/uploads\/2012\/07\/trans240x10.gif\" alt=\"trans240x10\" width=\"240\" height=\"10\"><\/td>\n<td width=\"359\" valign=\"top\">&nbsp;<\/td>\n<\/tr>\n<tr>\n<td width=\"359\" valign=\"top\"><strong>Lebensgewinnsumme:<\/strong> &#8211;<img loading=\"lazy\" decoding=\"async\" class=\"alignnone size-full wp-image-232\" title=\"trans240x10\" src=\"https:\/\/www.cpv-ev.com\/wp-content\/uploads\/2012\/07\/trans240x10.gif\" alt=\"\" width=\"100\" height=\"20\"><\/td>\n<td width=\"359\" valign=\"top\"><strong>Nachkommen-LGS: <\/strong>&#8211;<strong><br \/>\n<\/strong><\/td>\n<\/tr>\n<tr>\n<td colspan=\"2\" width=\"717\" valign=\"top\"><img loading=\"lazy\" decoding=\"async\" src=\"https:\/\/www.cpv-ev.com\/wp-content\/uploads\/2012\/07\/trans240x10.gif\" alt=\"trans240x10\" width=\"240\" height=\"10\"><\/td>\n<\/tr>\n<tr>\n<td colspan=\"2\" width=\"717\" valign=\"top\"><strong><strong>Z\u00fcchter: <\/strong><\/strong>Brigitte G\u00f8tske, 6040 Egteved, D\u00e4nemark<strong><strong><br \/>\n<\/strong><\/strong><strong>Besitzer: <\/strong>Brigitte und Anna Kyhl G\u00f8tske, 6040 Egteved, D\u00e4nemark<\/td>\n<\/tr>\n<tr>\n<td width=\"307\" valign=\"top\">Telefon: 0045-75550164<\/td>\n<td width=\"307\" valign=\"top\">oder 0045-40213161<\/td>\n<\/tr>\n<tr>\n<td width=\"307\" valign=\"top\">Email: <a href=\"mailto:info@skaergaarden.dk\">info@skaergaarden.dk<\/a><\/td>\n<td width=\"307\" valign=\"top\">Website: <a href=\"https:\/\/www.skaergaarden.dk\/\" target=\"_blank\" rel=\"noopener noreferrer\">www.skaergaarden.dk<\/a><\/td>\n<\/tr>\n<\/tbody>\n<\/table>\n<h5>Pedigree<\/h5>\n<p><img loading=\"lazy\" decoding=\"async\" class=\"alignnone size-full wp-image-1887\" title=\"Sk\u00e6rg\u00e5rdens First Night\" src=\"https:\/\/www.cpv-ev.com\/wp-content\/uploads\/2012\/07\/skaergarden-fn_ped.jpg\" alt=\"\" width=\"685\" height=\"312\" srcset=\"https:\/\/www.cpv-ev.com\/wp-content\/uploads\/2012\/07\/skaergarden-fn_ped.jpg 685w, https:\/\/www.cpv-ev.com\/wp-content\/uploads\/2012\/07\/skaergarden-fn_ped-241x110.jpg 241w, https:\/\/www.cpv-ev.com\/wp-content\/uploads\/2012\/07\/skaergarden-fn_ped-300x136.jpg 300w, https:\/\/www.cpv-ev.com\/wp-content\/uploads\/2012\/07\/skaergarden-fn_ped-500x227.jpg 500w, https:\/\/www.cpv-ev.com\/wp-content\/uploads\/2012\/07\/skaergarden-fn_ped-680x310.jpg 680w\" sizes=\"auto, (max-width: 685px) 100vw, 685px\" \/><\/p>\n<h5>Galerie<\/h5>\n<p><a href=\"https:\/\/www.cpv-ev.com\/wp-content\/uploads\/2012\/07\/Skaergarardens_First_Night.jpg\"><img loading=\"lazy\" decoding=\"async\" class=\"alignnone size-thumbnail wp-image-1454\" title=\"Sk\u00e6rg\u00e5rdens First Night\" src=\"https:\/\/www.cpv-ev.com\/wp-content\/uploads\/2012\/07\/Skaergarardens_First_Night-133x110.jpg\" alt=\"\" width=\"133\" height=\"110\" srcset=\"https:\/\/www.cpv-ev.com\/wp-content\/uploads\/2012\/07\/Skaergarardens_First_Night-133x110.jpg 133w, https:\/\/www.cpv-ev.com\/wp-content\/uploads\/2012\/07\/Skaergarardens_First_Night-300x246.jpg 300w, https:\/\/www.cpv-ev.com\/wp-content\/uploads\/2012\/07\/Skaergarardens_First_Night-500x410.jpg 500w, https:\/\/www.cpv-ev.com\/wp-content\/uploads\/2012\/07\/Skaergarardens_First_Night.jpg 750w\" sizes=\"auto, (max-width: 133px) 100vw, 133px\" \/><\/a>&nbsp; &nbsp;<a href=\"https:\/\/www.cpv-ev.com\/wp-content\/uploads\/2012\/07\/Skaergarardens_First_Night1.jpg\"><img loading=\"lazy\" decoding=\"async\" class=\"alignnone size-thumbnail wp-image-1455\" title=\"Sk\u00e6rg\u00e5rdens First Night\" src=\"https:\/\/www.cpv-ev.com\/wp-content\/uploads\/2012\/07\/Skaergarardens_First_Night1-153x110.jpg\" alt=\"\" width=\"153\" height=\"110\" srcset=\"https:\/\/www.cpv-ev.com\/wp-content\/uploads\/2012\/07\/Skaergarardens_First_Night1-153x110.jpg 153w, https:\/\/www.cpv-ev.com\/wp-content\/uploads\/2012\/07\/Skaergarardens_First_Night1-300x214.jpg 300w, https:\/\/www.cpv-ev.com\/wp-content\/uploads\/2012\/07\/Skaergarardens_First_Night1-500x357.jpg 500w, https:\/\/www.cpv-ev.com\/wp-content\/uploads\/2012\/07\/Skaergarardens_First_Night1.jpg 750w\" sizes=\"auto, (max-width: 153px) 100vw, 153px\" \/><\/a>&nbsp; &nbsp;<a href=\"https:\/\/www.cpv-ev.com\/wp-content\/uploads\/2012\/07\/Skaergarardens_First_Night2.jpg\"><img loading=\"lazy\" decoding=\"async\" class=\"alignnone size-thumbnail wp-image-1456\" title=\"Sk\u00e6rg\u00e5rdens First Night\" src=\"https:\/\/www.cpv-ev.com\/wp-content\/uploads\/2012\/07\/Skaergarardens_First_Night2-146x110.jpg\" alt=\"\" width=\"146\" height=\"110\" srcset=\"https:\/\/www.cpv-ev.com\/wp-content\/uploads\/2012\/07\/Skaergarardens_First_Night2-146x110.jpg 146w, https:\/\/www.cpv-ev.com\/wp-content\/uploads\/2012\/07\/Skaergarardens_First_Night2-300x225.jpg 300w, https:\/\/www.cpv-ev.com\/wp-content\/uploads\/2012\/07\/Skaergarardens_First_Night2-500x375.jpg 500w, https:\/\/www.cpv-ev.com\/wp-content\/uploads\/2012\/07\/Skaergarardens_First_Night2.jpg 750w\" sizes=\"auto, (max-width: 146px) 100vw, 146px\" \/><\/a>&nbsp; &nbsp;<a href=\"https:\/\/www.cpv-ev.com\/wp-content\/uploads\/2012\/07\/Skaergarardens_First_Night3.jpg\"><img loading=\"lazy\" decoding=\"async\" class=\"alignnone size-thumbnail wp-image-1457\" title=\"Sk\u00e6rg\u00e5rdens First Night\" src=\"https:\/\/www.cpv-ev.com\/wp-content\/uploads\/2012\/07\/Skaergarardens_First_Night3-79x110.jpg\" alt=\"\" width=\"79\" height=\"110\" srcset=\"https:\/\/www.cpv-ev.com\/wp-content\/uploads\/2012\/07\/Skaergarardens_First_Night3-79x110.jpg 79w, https:\/\/www.cpv-ev.com\/wp-content\/uploads\/2012\/07\/Skaergarardens_First_Night3-300x414.jpg 300w, https:\/\/www.cpv-ev.com\/wp-content\/uploads\/2012\/07\/Skaergarardens_First_Night3-362x500.jpg 362w, https:\/\/www.cpv-ev.com\/wp-content\/uploads\/2012\/07\/Skaergarardens_First_Night3.jpg 543w\" sizes=\"auto, (max-width: 79px) 100vw, 79px\" \/><\/a><\/p>\n<h5>Nachkommen<\/h5>\n\n<table id=\"tablepress-18\" class=\"tablepress tablepress-id-18\">\n<thead>\n<tr class=\"row-1\">\n\t<th class=\"column-1\">FOTO<\/th><th class=\"column-2\">NAME<\/th><th class=\"column-3\">JAHR<\/th><th class=\"column-4\">VATER<\/th><th class=\"column-5\">MUTTER<\/th><th class=\"column-6\">Z\u00dcCHTER<\/th>\n<\/tr>\n<\/thead>\n<tbody class=\"row-striping row-hover\">\n<\/tbody>\n<\/table>\n<!-- #tablepress-18 from cache -->\n","protected":false},"excerpt":{"rendered":"<p>&nbsp; Farbe: Dunkelfuchs Hengstbuch: Schleswig-Holstein\/ Hamburg HB I Geboren: 2005 Leistungspr\u00fcfung: 2009 Neustadt\/Dosse, 30 TT, WN 8,13 (Rang 7\/19) Stockma\u00df: 148 cm Tr\u00e4ger des Creme-Faktors: unbekannt R\u00f6hrbein: Tr\u00e4ger des Fuchsgens: ja Ausgeschieden: in D\u00e4nemark stationiert &nbsp; &nbsp; Gek\u00f6rte S\u00f6hne: bisher <a class=\"more-link\" href=\"https:\/\/www.cpv-ev.com\/?page_id=485\"><span class=\"screen-reader-text\">  Sk\u00e6rg\u00e5rdens First Night<\/span> weiterlesen<span class=\"meta-nav\">&rarr;<\/span><\/a><\/p>\n","protected":false},"author":1,"featured_media":0,"parent":11821,"menu_order":0,"comment_status":"closed","ping_status":"open","template":"","meta":{"ngg_post_thumbnail":0,"footnotes":""},"class_list":["post-485","page","type-page","status-publish","hentry"],"_links":{"self":[{"href":"https:\/\/www.cpv-ev.com\/index.php?rest_route=\/wp\/v2\/pages\/485","targetHints":{"allow":["GET"]}}],"collection":[{"href":"https:\/\/www.cpv-ev.com\/index.php?rest_route=\/wp\/v2\/pages"}],"about":[{"href":"https:\/\/www.cpv-ev.com\/index.php?rest_route=\/wp\/v2\/types\/page"}],"author":[{"embeddable":true,"href":"https:\/\/www.cpv-ev.com\/index.php?rest_route=\/wp\/v2\/users\/1"}],"replies":[{"embeddable":true,"href":"https:\/\/www.cpv-ev.com\/index.php?rest_route=%2Fwp%2Fv2%2Fcomments&post=485"}],"version-history":[{"count":0,"href":"https:\/\/www.cpv-ev.com\/index.php?rest_route=\/wp\/v2\/pages\/485\/revisions"}],"up":[{"embeddable":true,"href":"https:\/\/www.cpv-ev.com\/index.php?rest_route=\/wp\/v2\/pages\/11821"}],"wp:attachment":[{"href":"https:\/\/www.cpv-ev.com\/index.php?rest_route=%2Fwp%2Fv2%2Fmedia&parent=485"}],"curies":[{"name":"wp","href":"https:\/\/api.w.org\/{rel}","templated":true}]}}