{"id":473,"date":"2012-07-16T10:34:59","date_gmt":"2012-07-16T08:34:59","guid":{"rendered":"https:\/\/www.cpv-ev.com\/?page_id=473"},"modified":"2023-11-14T21:22:52","modified_gmt":"2023-11-14T19:22:52","slug":"penancing-brook-hazy-marshall","status":"publish","type":"page","link":"https:\/\/www.cpv-ev.com\/?page_id=473","title":{"rendered":"Penancing-Brook Hazy Marschall"},"content":{"rendered":"<table border=\"1\" cellspacing=\"0\" cellpadding=\"0\">\n<tbody>\n<tr>\n<td colspan=\"2\" valign=\"top\" width=\"717\"><img loading=\"lazy\" decoding=\"async\" src=\"https:\/\/www.cpv-ev.com\/wp-content\/uploads\/2012\/07\/trans240x10.gif\" alt=\"trans240x10\" width=\"240\" height=\"10\" \/><\/td>\n<\/tr>\n<tr>\n<td valign=\"top\" width=\"359\"><strong>Farbe:<\/strong> Braun<\/td>\n<td valign=\"top\" width=\"359\"><strong>Hengstbuch:<\/strong> Bayern HB I, S\u00fcddeutsch<br \/>\ngek\u00f6rt, Pr\u00e4mienhengst, Leistungshengst,<br \/>\nzugelassen f\u00fcr Deutsche Reitponys<br \/>\n<strong>K\u00f6rung:<\/strong> 04.10.2008 Alsfeld<\/td>\n<\/tr>\n<tr>\n<td valign=\"top\" width=\"359\"><strong>Geboren:<\/strong> 22.04.2003<\/td>\n<td valign=\"top\" width=\"359\"><strong>Leistungspr\u00fcfung: <\/strong>2007 M\u00fcnchen-Riem,<br \/>\n30 TT, WN 7,94 (Rang 2\/5)<strong><em><br \/>\n<\/em><\/strong><\/td>\n<\/tr>\n<tr>\n<td valign=\"top\" width=\"359\"><strong>Stockma\u00df: <\/strong>145 cm<\/td>\n<td valign=\"top\" width=\"359\"><strong>Tr\u00e4ger des Creme-Faktors:<\/strong> nein<\/td>\n<\/tr>\n<tr>\n<td valign=\"top\" width=\"359\"><strong>R\u00f6hrbein: <\/strong><strong><br \/>\n<\/strong><\/td>\n<td valign=\"top\" width=\"359\"><strong>Tr\u00e4ger des Fuchsgens:<\/strong> ja<\/td>\n<\/tr>\n<tr>\n<td valign=\"top\" width=\"359\"><strong style=\"line-height: 24px;\">Deckbedingungen: <\/strong>auf Anfrage<\/td>\n<td valign=\"top\" width=\"359\"><strong>Decktaxe:<\/strong> auf Anfrage<\/td>\n<\/tr>\n<tr>\n<td valign=\"top\" width=\"359\"><img loading=\"lazy\" decoding=\"async\" class=\"alignnone size-full wp-image-232\" src=\"https:\/\/www.cpv-ev.com\/wp-content\/uploads\/2012\/07\/trans240x10.gif\" alt=\"trans240x10\" width=\"240\" height=\"10\" srcset=\"https:\/\/www.cpv-ev.com\/wp-content\/uploads\/2012\/07\/trans240x10.gif 240w, https:\/\/www.cpv-ev.com\/wp-content\/uploads\/2012\/07\/trans240x10-225x10.gif 225w\" sizes=\"auto, (max-width: 240px) 100vw, 240px\" \/><\/td>\n<td valign=\"top\" width=\"359\"><\/td>\n<\/tr>\n<tr>\n<td valign=\"top\" width=\"359\"><strong>Gek\u00f6rte S\u00f6hne: <\/strong><a href=\"https:\/\/www.cpv-ev.com\/?page_id=4792\" target=\"_blank\" rel=\"noopener noreferrer\">Penancing-Brook Maddox<\/a><br \/>\n<strong>Hengste in HB II:<\/strong> <a href=\"https:\/\/www.cpv-ev.com\/?page_id=1729\" target=\"_blank\" rel=\"noopener noreferrer\">Penancing-Brook Hazy Mycado<\/a><\/td>\n<td valign=\"top\" width=\"359\"><strong>Eingetragene Stuten:<\/strong> 8<br \/>\n<strong>davon StPrSt: <\/strong>1<strong><br \/>\n<\/strong><\/td>\n<\/tr>\n<tr>\n<td valign=\"top\" width=\"359\"><img loading=\"lazy\" decoding=\"async\" src=\"https:\/\/www.cpv-ev.com\/wp-content\/uploads\/2012\/07\/trans240x10.gif\" alt=\"trans240x10\" width=\"240\" height=\"10\" \/><\/td>\n<td valign=\"top\" width=\"359\"><\/td>\n<\/tr>\n<tr>\n<td valign=\"top\" width=\"359\"><strong>Lebensgewinnsumme:<\/strong> 38 EUR<img loading=\"lazy\" decoding=\"async\" class=\"alignnone size-full wp-image-232\" title=\"trans240x10\" src=\"https:\/\/www.cpv-ev.com\/wp-content\/uploads\/2012\/07\/trans240x10.gif\" alt=\"\" width=\"100\" height=\"20\" \/><\/td>\n<td valign=\"top\" width=\"359\"><strong>Nachkommen-LGS: <\/strong>1.014 EUR (2022)<strong><br \/>\n<\/strong><\/td>\n<\/tr>\n<tr>\n<td colspan=\"2\" valign=\"top\" width=\"717\"><img loading=\"lazy\" decoding=\"async\" src=\"https:\/\/www.cpv-ev.com\/wp-content\/uploads\/2012\/07\/trans240x10.gif\" alt=\"trans240x10\" width=\"240\" height=\"10\" \/><\/td>\n<\/tr>\n<tr>\n<td colspan=\"2\" valign=\"top\" width=\"717\"><strong>Z\u00fcchter &amp;<strong> Besitzer<\/strong>:<\/strong>\u00a0Konrad Weggel, Gest\u00fct Penancing-Brook, 95488 Eckersdorf <em><strong><br \/>\n<\/strong><\/em><\/td>\n<\/tr>\n<tr>\n<td valign=\"top\" width=\"359\">Telefon: 09206-232<\/td>\n<td valign=\"top\" width=\"359\">Mobil: 0160-2080387<\/td>\n<\/tr>\n<tr>\n<td valign=\"top\" width=\"307\">Email: <a href=\"mailto:penancing-brook-info@web.de\">penancing-brook-info@web.de<\/a><\/td>\n<td valign=\"top\" width=\"307\">Website: <a href=\"www.connemara-gestuet-penancing-brook.de\" target=\"_blank\" rel=\"noopener noreferrer\">www.connemara-gestuet-penancing-brook.de<\/a><\/td>\n<\/tr>\n<\/tbody>\n<\/table>\n<h5>Pedigree<\/h5>\n<p><img loading=\"lazy\" decoding=\"async\" class=\"alignnone size-full wp-image-1898\" title=\"Penancing-Brook Hazy Marshall\" src=\"https:\/\/www.cpv-ev.com\/wp-content\/uploads\/2012\/07\/pb-hazy-marshall_ped.jpg\" alt=\"\" width=\"685\" height=\"312\" srcset=\"https:\/\/www.cpv-ev.com\/wp-content\/uploads\/2012\/07\/pb-hazy-marshall_ped.jpg 685w, https:\/\/www.cpv-ev.com\/wp-content\/uploads\/2012\/07\/pb-hazy-marshall_ped-241x110.jpg 241w, https:\/\/www.cpv-ev.com\/wp-content\/uploads\/2012\/07\/pb-hazy-marshall_ped-300x136.jpg 300w, https:\/\/www.cpv-ev.com\/wp-content\/uploads\/2012\/07\/pb-hazy-marshall_ped-500x227.jpg 500w, https:\/\/www.cpv-ev.com\/wp-content\/uploads\/2012\/07\/pb-hazy-marshall_ped-680x310.jpg 680w\" sizes=\"auto, (max-width: 685px) 100vw, 685px\" \/><\/p>\n<h5>Galerie<\/h5>\n<p><a href=\"https:\/\/www.cpv-ev.com\/wp-content\/uploads\/2012\/07\/P-B_Hazy_Marshall1.jpg\"><img loading=\"lazy\" decoding=\"async\" class=\"alignnone size-thumbnail wp-image-1412\" title=\"Penancing-Brook Hazy Marshall \" src=\"https:\/\/www.cpv-ev.com\/wp-content\/uploads\/2012\/07\/P-B_Hazy_Marshall1-96x110.jpg\" alt=\"\" width=\"96\" height=\"110\" srcset=\"https:\/\/www.cpv-ev.com\/wp-content\/uploads\/2012\/07\/P-B_Hazy_Marshall1-96x110.jpg 96w, https:\/\/www.cpv-ev.com\/wp-content\/uploads\/2012\/07\/P-B_Hazy_Marshall1-300x340.jpg 300w, https:\/\/www.cpv-ev.com\/wp-content\/uploads\/2012\/07\/P-B_Hazy_Marshall1-440x500.jpg 440w, https:\/\/www.cpv-ev.com\/wp-content\/uploads\/2012\/07\/P-B_Hazy_Marshall1.jpg 661w\" sizes=\"auto, (max-width: 96px) 100vw, 96px\" \/><\/a>\u00a0 \u00a0 <a href=\"https:\/\/www.cpv-ev.com\/wp-content\/uploads\/2014\/08\/Penancing-Brook-Hazy-Marshall3.jpg\"><img loading=\"lazy\" decoding=\"async\" class=\"alignnone size-thumbnail wp-image-13930\" src=\"https:\/\/www.cpv-ev.com\/wp-content\/uploads\/2014\/08\/Penancing-Brook-Hazy-Marshall3-146x110.jpg\" alt=\"Penancing-Brook Hazy Marshall3\" width=\"146\" height=\"110\" srcset=\"https:\/\/www.cpv-ev.com\/wp-content\/uploads\/2014\/08\/Penancing-Brook-Hazy-Marshall3-146x110.jpg 146w, https:\/\/www.cpv-ev.com\/wp-content\/uploads\/2014\/08\/Penancing-Brook-Hazy-Marshall3-300x225.jpg 300w, https:\/\/www.cpv-ev.com\/wp-content\/uploads\/2014\/08\/Penancing-Brook-Hazy-Marshall3-500x375.jpg 500w, https:\/\/www.cpv-ev.com\/wp-content\/uploads\/2014\/08\/Penancing-Brook-Hazy-Marshall3.jpg 750w\" sizes=\"auto, (max-width: 146px) 100vw, 146px\" \/><\/a> \u00a0<a href=\"https:\/\/www.cpv-ev.com\/wp-content\/uploads\/2014\/08\/Penancing-Brook-Hazy-Marshal2.jpg\"><img loading=\"lazy\" decoding=\"async\" class=\"alignnone size-thumbnail wp-image-13927\" src=\"https:\/\/www.cpv-ev.com\/wp-content\/uploads\/2014\/08\/Penancing-Brook-Hazy-Marshal2-146x110.jpg\" alt=\"Penancing-Brook Hazy Marshal2\" width=\"146\" height=\"110\" srcset=\"https:\/\/www.cpv-ev.com\/wp-content\/uploads\/2014\/08\/Penancing-Brook-Hazy-Marshal2-146x110.jpg 146w, https:\/\/www.cpv-ev.com\/wp-content\/uploads\/2014\/08\/Penancing-Brook-Hazy-Marshal2-300x225.jpg 300w, https:\/\/www.cpv-ev.com\/wp-content\/uploads\/2014\/08\/Penancing-Brook-Hazy-Marshal2-500x375.jpg 500w, https:\/\/www.cpv-ev.com\/wp-content\/uploads\/2014\/08\/Penancing-Brook-Hazy-Marshal2.jpg 750w\" sizes=\"auto, (max-width: 146px) 100vw, 146px\" \/><\/a> \u00a0\u00a0 <a href=\"https:\/\/www.cpv-ev.com\/wp-content\/uploads\/2014\/01\/Penancing-Brook-Hazy-Marschall.jpg\"><img loading=\"lazy\" decoding=\"async\" class=\"alignnone size-thumbnail wp-image-8044\" src=\"https:\/\/www.cpv-ev.com\/wp-content\/uploads\/2014\/01\/Penancing-Brook-Hazy-Marschall-146x110.jpg\" alt=\"Penancing-Brook Hazy Marschall\" width=\"146\" height=\"110\" srcset=\"https:\/\/www.cpv-ev.com\/wp-content\/uploads\/2014\/01\/Penancing-Brook-Hazy-Marschall-146x110.jpg 146w, https:\/\/www.cpv-ev.com\/wp-content\/uploads\/2014\/01\/Penancing-Brook-Hazy-Marschall-300x225.jpg 300w, https:\/\/www.cpv-ev.com\/wp-content\/uploads\/2014\/01\/Penancing-Brook-Hazy-Marschall-500x375.jpg 500w, https:\/\/www.cpv-ev.com\/wp-content\/uploads\/2014\/01\/Penancing-Brook-Hazy-Marschall.jpg 750w\" sizes=\"auto, (max-width: 146px) 100vw, 146px\" \/><\/a>\u00a0 <a href=\"https:\/\/www.cpv-ev.com\/wp-content\/uploads\/2012\/11\/Penancing-Brook-Hazy-Marschall..jpg\"><img loading=\"lazy\" decoding=\"async\" class=\"alignnone size-thumbnail wp-image-5670\" src=\"https:\/\/www.cpv-ev.com\/wp-content\/uploads\/2012\/11\/Penancing-Brook-Hazy-Marschall.-146x110.jpg\" alt=\"Penancing Brook Hazy Marschall\" width=\"146\" height=\"110\" srcset=\"https:\/\/www.cpv-ev.com\/wp-content\/uploads\/2012\/11\/Penancing-Brook-Hazy-Marschall.-146x110.jpg 146w, https:\/\/www.cpv-ev.com\/wp-content\/uploads\/2012\/11\/Penancing-Brook-Hazy-Marschall.-300x225.jpg 300w, https:\/\/www.cpv-ev.com\/wp-content\/uploads\/2012\/11\/Penancing-Brook-Hazy-Marschall..jpg 470w\" sizes=\"auto, (max-width: 146px) 100vw, 146px\" \/>\u00a0 <\/a><a href=\"https:\/\/www.cpv-ev.com\/wp-content\/uploads\/2016\/03\/Penancing-Brook-Hazy-Marschall.jpg\" rel=\"attachment wp-att-17698\"><img loading=\"lazy\" decoding=\"async\" class=\"alignnone size-thumbnail wp-image-17698\" src=\"https:\/\/www.cpv-ev.com\/wp-content\/uploads\/2016\/03\/Penancing-Brook-Hazy-Marschall-147x110.jpg\" alt=\"Penancing-Brook Hazy Marschall\" width=\"147\" height=\"110\" srcset=\"https:\/\/www.cpv-ev.com\/wp-content\/uploads\/2016\/03\/Penancing-Brook-Hazy-Marschall-147x110.jpg 147w, https:\/\/www.cpv-ev.com\/wp-content\/uploads\/2016\/03\/Penancing-Brook-Hazy-Marschall-300x225.jpg 300w, https:\/\/www.cpv-ev.com\/wp-content\/uploads\/2016\/03\/Penancing-Brook-Hazy-Marschall-500x375.jpg 500w, https:\/\/www.cpv-ev.com\/wp-content\/uploads\/2016\/03\/Penancing-Brook-Hazy-Marschall-146x110.jpg 146w, https:\/\/www.cpv-ev.com\/wp-content\/uploads\/2016\/03\/Penancing-Brook-Hazy-Marschall.jpg 532w\" sizes=\"auto, (max-width: 147px) 100vw, 147px\" \/>\u00a0 <\/a><a href=\"https:\/\/www.cpv-ev.com\/wp-content\/uploads\/2017\/04\/Penancing-Brook-Hazy-Marschall.jpg\"><img loading=\"lazy\" decoding=\"async\" class=\"alignnone size-thumbnail wp-image-19853\" src=\"https:\/\/www.cpv-ev.com\/wp-content\/uploads\/2017\/04\/Penancing-Brook-Hazy-Marschall-111x110.jpg\" alt=\"\" width=\"111\" height=\"110\" srcset=\"https:\/\/www.cpv-ev.com\/wp-content\/uploads\/2017\/04\/Penancing-Brook-Hazy-Marschall-111x110.jpg 111w, https:\/\/www.cpv-ev.com\/wp-content\/uploads\/2017\/04\/Penancing-Brook-Hazy-Marschall-300x297.jpg 300w, https:\/\/www.cpv-ev.com\/wp-content\/uploads\/2017\/04\/Penancing-Brook-Hazy-Marschall-500x494.jpg 500w, https:\/\/www.cpv-ev.com\/wp-content\/uploads\/2017\/04\/Penancing-Brook-Hazy-Marschall-150x150.jpg 150w, https:\/\/www.cpv-ev.com\/wp-content\/uploads\/2017\/04\/Penancing-Brook-Hazy-Marschall-110x110.jpg 110w, https:\/\/www.cpv-ev.com\/wp-content\/uploads\/2017\/04\/Penancing-Brook-Hazy-Marschall.jpg 606w\" sizes=\"auto, (max-width: 111px) 100vw, 111px\" \/>\u00a0 <\/a><a href=\"https:\/\/www.cpv-ev.com\/wp-content\/uploads\/2019\/03\/Penancing-Brook-Hazy-Marschall.jpg\"><img loading=\"lazy\" decoding=\"async\" class=\"alignnone size-thumbnail wp-image-23059\" src=\"https:\/\/www.cpv-ev.com\/wp-content\/uploads\/2019\/03\/Penancing-Brook-Hazy-Marschall-82x110.jpg\" alt=\"\" width=\"82\" height=\"110\" srcset=\"https:\/\/www.cpv-ev.com\/wp-content\/uploads\/2019\/03\/Penancing-Brook-Hazy-Marschall-82x110.jpg 82w, https:\/\/www.cpv-ev.com\/wp-content\/uploads\/2019\/03\/Penancing-Brook-Hazy-Marschall-300x400.jpg 300w, https:\/\/www.cpv-ev.com\/wp-content\/uploads\/2019\/03\/Penancing-Brook-Hazy-Marschall-375x500.jpg 375w, https:\/\/www.cpv-ev.com\/wp-content\/uploads\/2019\/03\/Penancing-Brook-Hazy-Marschall-110x146.jpg 110w, https:\/\/www.cpv-ev.com\/wp-content\/uploads\/2019\/03\/Penancing-Brook-Hazy-Marschall-225x300.jpg 225w, https:\/\/www.cpv-ev.com\/wp-content\/uploads\/2019\/03\/Penancing-Brook-Hazy-Marschall.jpg 562w\" sizes=\"auto, (max-width: 82px) 100vw, 82px\" \/><\/a><\/p>\n<h5>Nachkommen<\/h5>\n\n<table id=\"tablepress-18\" class=\"tablepress tablepress-id-18\">\n<thead>\n<tr class=\"row-1\">\n\t<th class=\"column-1\">FOTO<\/th><th class=\"column-2\">NAME<\/th><th class=\"column-3\">JAHR<\/th><th class=\"column-4\">VATER<\/th><th class=\"column-5\">MUTTER<\/th><th class=\"column-6\">Z\u00dcCHTER<\/th>\n<\/tr>\n<\/thead>\n<tbody class=\"row-striping row-hover\">\n<\/tbody>\n<\/table>\n<!-- #tablepress-18 from cache -->\n","protected":false},"excerpt":{"rendered":"<p>Farbe: Braun Hengstbuch: Bayern HB I, S\u00fcddeutsch gek\u00f6rt, Pr\u00e4mienhengst, Leistungshengst, zugelassen f\u00fcr Deutsche Reitponys K\u00f6rung: 04.10.2008 Alsfeld Geboren: 22.04.2003 Leistungspr\u00fcfung: 2007 M\u00fcnchen-Riem, 30 TT, WN 7,94 (Rang 2\/5) Stockma\u00df: 145 cm Tr\u00e4ger des Creme-Faktors: nein R\u00f6hrbein: Tr\u00e4ger des Fuchsgens: ja <a class=\"more-link\" href=\"https:\/\/www.cpv-ev.com\/?page_id=473\"><span class=\"screen-reader-text\">  Penancing-Brook Hazy Marschall<\/span> weiterlesen<span class=\"meta-nav\">&rarr;<\/span><\/a><\/p>\n","protected":false},"author":1,"featured_media":0,"parent":97,"menu_order":0,"comment_status":"closed","ping_status":"open","template":"","meta":{"ngg_post_thumbnail":0,"footnotes":""},"class_list":["post-473","page","type-page","status-publish","hentry"],"_links":{"self":[{"href":"https:\/\/www.cpv-ev.com\/index.php?rest_route=\/wp\/v2\/pages\/473","targetHints":{"allow":["GET"]}}],"collection":[{"href":"https:\/\/www.cpv-ev.com\/index.php?rest_route=\/wp\/v2\/pages"}],"about":[{"href":"https:\/\/www.cpv-ev.com\/index.php?rest_route=\/wp\/v2\/types\/page"}],"author":[{"embeddable":true,"href":"https:\/\/www.cpv-ev.com\/index.php?rest_route=\/wp\/v2\/users\/1"}],"replies":[{"embeddable":true,"href":"https:\/\/www.cpv-ev.com\/index.php?rest_route=%2Fwp%2Fv2%2Fcomments&post=473"}],"version-history":[{"count":0,"href":"https:\/\/www.cpv-ev.com\/index.php?rest_route=\/wp\/v2\/pages\/473\/revisions"}],"up":[{"embeddable":true,"href":"https:\/\/www.cpv-ev.com\/index.php?rest_route=\/wp\/v2\/pages\/97"}],"wp:attachment":[{"href":"https:\/\/www.cpv-ev.com\/index.php?rest_route=%2Fwp%2Fv2%2Fmedia&parent=473"}],"curies":[{"name":"wp","href":"https:\/\/api.w.org\/{rel}","templated":true}]}}