{"id":471,"date":"2012-07-16T10:34:40","date_gmt":"2012-07-16T08:34:40","guid":{"rendered":"https:\/\/www.cpv-ev.com\/?page_id=471"},"modified":"2021-02-17T11:53:05","modified_gmt":"2021-02-17T09:53:05","slug":"pattys-sommartiden","status":"publish","type":"page","link":"https:\/\/www.cpv-ev.com\/?page_id=471","title":{"rendered":"Pattys Sommartiden"},"content":{"rendered":"<p>&nbsp;<\/p>\n<table cellspacing=\"0\" cellpadding=\"0\" border=\"1\">\n<tbody>\n<tr>\n<td width=\"359\" valign=\"top\"><strong>Farbe:<\/strong> Braunschimmel<\/td>\n<td width=\"359\" valign=\"top\"><strong>Hengstbuch:<\/strong> Hannover HB I, Pr\u00e4mienhengst<\/td>\n<\/tr>\n<tr>\n<td width=\"359\" valign=\"top\"><strong>Geboren:<\/strong> 2006<\/td>\n<td width=\"359\" valign=\"top\"><strong>Leistungspr\u00fcfung: <\/strong>2010 Prussendorf,<br \/>\n30 TT (Note 7,66 &#8211; Rang 13\/21)<\/td>\n<\/tr>\n<tr>\n<td width=\"359\" valign=\"top\"><strong>Stockma\u00df: <\/strong>147 cm<\/td>\n<td width=\"359\" valign=\"top\"><strong>Tr\u00e4ger des Creme-Faktors:<\/strong> nein<\/td>\n<\/tr>\n<tr>\n<td width=\"359\" valign=\"top\"><strong>R\u00f6hrbein: <\/strong><strong><br \/>\n<\/strong><\/td>\n<td width=\"359\" valign=\"top\"><strong>Tr\u00e4ger des Fuchsgens:<\/strong> unbekannt<\/td>\n<\/tr>\n<tr>\n<td width=\"359\" valign=\"top\"><strong>Ausgeschieden:<\/strong> 2013 verkauft, 2017 kastriert<\/td>\n<td width=\"359\" valign=\"top\"><\/td>\n<\/tr>\n<tr>\n<td colspan=\"2\" width=\"717\" valign=\"top\"><strong style=\"line-height: 24px;\">HWSD-Status: <\/strong>N\/N mit Abstammungs\u00fcberpr\u00fcfung<strong style=\"line-height: 24px;\"><br \/>\n<\/strong><\/td>\n<\/tr>\n<tr>\n<td width=\"359\" valign=\"top\"><img loading=\"lazy\" decoding=\"async\" class=\"alignnone size-full wp-image-232\" src=\"https:\/\/www.cpv-ev.com\/wp-content\/uploads\/2012\/07\/trans240x10.gif\" alt=\"trans240x10\" width=\"240\" height=\"10\" srcset=\"https:\/\/www.cpv-ev.com\/wp-content\/uploads\/2012\/07\/trans240x10.gif 240w, https:\/\/www.cpv-ev.com\/wp-content\/uploads\/2012\/07\/trans240x10-225x10.gif 225w\" sizes=\"auto, (max-width: 240px) 100vw, 240px\" \/><\/td>\n<td width=\"359\" valign=\"top\"><\/td>\n<\/tr>\n<tr>\n<td width=\"359\" valign=\"top\"><strong>Gek\u00f6rte S\u00f6hne:<\/strong> bisher keine<\/td>\n<td width=\"359\" valign=\"top\"><strong>Eingetragene Stuten: <\/strong>&#8211;<strong><br \/>\n<\/strong><\/td>\n<\/tr>\n<tr>\n<td width=\"359\" valign=\"top\"><\/td>\n<td width=\"359\" valign=\"top\"><strong>davon StPrSt: <\/strong>&#8211;<\/td>\n<\/tr>\n<tr>\n<td width=\"359\" valign=\"top\"><img loading=\"lazy\" decoding=\"async\" src=\"https:\/\/www.cpv-ev.com\/wp-content\/uploads\/2012\/07\/trans240x10.gif\" alt=\"trans240x10\" width=\"240\" height=\"10\"><\/td>\n<td width=\"359\" valign=\"top\"><\/td>\n<\/tr>\n<tr>\n<td width=\"359\" valign=\"top\"><strong>Lebensgewinnsumme:<\/strong> 1.911 EUR <img loading=\"lazy\" decoding=\"async\" class=\"alignnone size-full wp-image-232\" title=\"trans240x10\" src=\"https:\/\/www.cpv-ev.com\/wp-content\/uploads\/2012\/07\/trans240x10.gif\" alt=\"\" width=\"100\" height=\"20\"><\/td>\n<td width=\"359\" valign=\"top\"><strong>Nachkommen-LGS: <\/strong>938 EUR (2020)<\/td>\n<\/tr>\n<tr>\n<td colspan=\"2\" width=\"717\" valign=\"top\"><img loading=\"lazy\" decoding=\"async\" src=\"https:\/\/www.cpv-ev.com\/wp-content\/uploads\/2012\/07\/trans240x10.gif\" alt=\"trans240x10\" width=\"240\" height=\"10\"><\/td>\n<\/tr>\n<tr>\n<td colspan=\"2\" width=\"717\" valign=\"top\"><strong><strong>Z\u00fcchter: <\/strong><\/strong>Patricia Schmidt, Gest\u00fct Pattys, 31311 Uetze<strong><strong><br \/>\n<\/strong><\/strong><strong>Besitzer: <\/strong><strong><br \/>\n<\/strong><\/td>\n<\/tr>\n<\/tbody>\n<\/table>\n<h5>Pedigree<\/h5>\n<p><img loading=\"lazy\" decoding=\"async\" class=\"alignnone size-full wp-image-1896\" title=\"Pattys Sommartiden\" src=\"https:\/\/www.cpv-ev.com\/wp-content\/uploads\/2012\/07\/pattys-sommartiden_ped.jpg\" alt=\"\" width=\"685\" height=\"312\" srcset=\"https:\/\/www.cpv-ev.com\/wp-content\/uploads\/2012\/07\/pattys-sommartiden_ped.jpg 685w, https:\/\/www.cpv-ev.com\/wp-content\/uploads\/2012\/07\/pattys-sommartiden_ped-241x110.jpg 241w, https:\/\/www.cpv-ev.com\/wp-content\/uploads\/2012\/07\/pattys-sommartiden_ped-300x136.jpg 300w, https:\/\/www.cpv-ev.com\/wp-content\/uploads\/2012\/07\/pattys-sommartiden_ped-500x227.jpg 500w, https:\/\/www.cpv-ev.com\/wp-content\/uploads\/2012\/07\/pattys-sommartiden_ped-680x310.jpg 680w\" sizes=\"auto, (max-width: 685px) 100vw, 685px\" \/><\/p>\n<h5>Galerie<\/h5>\n<p><a href=\"https:\/\/www.cpv-ev.com\/wp-content\/uploads\/2012\/07\/Pattys_Sommartiden.jpg\"><img loading=\"lazy\" decoding=\"async\" class=\"alignnone size-thumbnail wp-image-1403\" title=\"Pattys Sommartiden\" src=\"https:\/\/www.cpv-ev.com\/wp-content\/uploads\/2012\/07\/Pattys_Sommartiden-165x110.jpg\" alt=\"\" width=\"165\" height=\"110\" srcset=\"https:\/\/www.cpv-ev.com\/wp-content\/uploads\/2012\/07\/Pattys_Sommartiden-165x110.jpg 165w, https:\/\/www.cpv-ev.com\/wp-content\/uploads\/2012\/07\/Pattys_Sommartiden-300x200.jpg 300w, https:\/\/www.cpv-ev.com\/wp-content\/uploads\/2012\/07\/Pattys_Sommartiden-500x333.jpg 500w, https:\/\/www.cpv-ev.com\/wp-content\/uploads\/2012\/07\/Pattys_Sommartiden.jpg 750w\" sizes=\"auto, (max-width: 165px) 100vw, 165px\" \/><\/a>&nbsp; &nbsp;<a href=\"https:\/\/www.cpv-ev.com\/wp-content\/uploads\/2012\/07\/Pattys_Sommartiden3.jpg\"><img loading=\"lazy\" decoding=\"async\" class=\"alignnone size-thumbnail wp-image-1410\" title=\"Pattys Sommartiden\" src=\"https:\/\/www.cpv-ev.com\/wp-content\/uploads\/2012\/07\/Pattys_Sommartiden3-161x110.jpg\" alt=\"\" width=\"161\" height=\"110\" srcset=\"https:\/\/www.cpv-ev.com\/wp-content\/uploads\/2012\/07\/Pattys_Sommartiden3-161x110.jpg 161w, https:\/\/www.cpv-ev.com\/wp-content\/uploads\/2012\/07\/Pattys_Sommartiden3-300x204.jpg 300w, https:\/\/www.cpv-ev.com\/wp-content\/uploads\/2012\/07\/Pattys_Sommartiden3-500x341.jpg 500w, https:\/\/www.cpv-ev.com\/wp-content\/uploads\/2012\/07\/Pattys_Sommartiden3.jpg 750w\" sizes=\"auto, (max-width: 161px) 100vw, 161px\" \/><\/a>&nbsp; &nbsp;<a href=\"https:\/\/www.cpv-ev.com\/wp-content\/uploads\/2012\/07\/Pattys_Sommartiden1.jpg\"><img loading=\"lazy\" decoding=\"async\" class=\"alignnone size-thumbnail wp-image-1404\" title=\"Pattys Sommartiden\" src=\"https:\/\/www.cpv-ev.com\/wp-content\/uploads\/2012\/07\/Pattys_Sommartiden1-156x110.jpg\" alt=\"\" width=\"156\" height=\"110\" srcset=\"https:\/\/www.cpv-ev.com\/wp-content\/uploads\/2012\/07\/Pattys_Sommartiden1-156x110.jpg 156w, https:\/\/www.cpv-ev.com\/wp-content\/uploads\/2012\/07\/Pattys_Sommartiden1-300x210.jpg 300w, https:\/\/www.cpv-ev.com\/wp-content\/uploads\/2012\/07\/Pattys_Sommartiden1.jpg 388w\" sizes=\"auto, (max-width: 156px) 100vw, 156px\" \/><\/a>&nbsp; &nbsp;<a href=\"https:\/\/www.cpv-ev.com\/wp-content\/uploads\/2012\/07\/Pattys_Sommartiden2.jpg\"><img loading=\"lazy\" decoding=\"async\" class=\"alignnone size-thumbnail wp-image-1405\" title=\"Pattys Sommartiden\" src=\"https:\/\/www.cpv-ev.com\/wp-content\/uploads\/2012\/07\/Pattys_Sommartiden2-148x110.jpg\" alt=\"\" width=\"148\" height=\"110\" srcset=\"https:\/\/www.cpv-ev.com\/wp-content\/uploads\/2012\/07\/Pattys_Sommartiden2-148x110.jpg 148w, https:\/\/www.cpv-ev.com\/wp-content\/uploads\/2012\/07\/Pattys_Sommartiden2-300x225.jpg 300w, https:\/\/www.cpv-ev.com\/wp-content\/uploads\/2012\/07\/Pattys_Sommartiden2-146x110.jpg 146w, https:\/\/www.cpv-ev.com\/wp-content\/uploads\/2012\/07\/Pattys_Sommartiden2-150x110.jpg 150w, https:\/\/www.cpv-ev.com\/wp-content\/uploads\/2012\/07\/Pattys_Sommartiden2.jpg 391w\" sizes=\"auto, (max-width: 148px) 100vw, 148px\" \/><\/a><\/p>\n<h5>Nachkommen<\/h5>\n\n<table id=\"tablepress-18\" class=\"tablepress tablepress-id-18 mtr-table mtr-thead-th\">\n<thead>\n<tr class=\"row-1\">\n\t<th class=\"column-1 mtr-th-tag\" data-mtr-content=\"FOTO\"><div class=\"mtr-cell-content\">FOTO<\/div><\/th><th class=\"column-2 mtr-th-tag\" data-mtr-content=\"NAME\"><div class=\"mtr-cell-content\">NAME<\/div><\/th><th class=\"column-3 mtr-th-tag\" data-mtr-content=\"JAHR\"><div class=\"mtr-cell-content\">JAHR<\/div><\/th><th class=\"column-4 mtr-th-tag\" data-mtr-content=\"VATER\"><div class=\"mtr-cell-content\">VATER<\/div><\/th><th class=\"column-5 mtr-th-tag\" data-mtr-content=\"MUTTER\"><div class=\"mtr-cell-content\">MUTTER<\/div><\/th><th class=\"column-6 mtr-th-tag\" data-mtr-content=\"Z\u00dcCHTER\"><div class=\"mtr-cell-content\">Z\u00dcCHTER<\/div><\/th>\n<\/tr>\n<\/thead>\n<tbody class=\"row-striping row-hover\">\n<tr class=\"row-2\">\n\t<td class=\"column-1 mtr-td-tag\" data-mtr-content=\"FOTO\"><div class=\"mtr-cell-content\"><\/div><\/td><td class=\"column-2 mtr-td-tag\" data-mtr-content=\"NAME\"><div class=\"mtr-cell-content\"><b>BIRDMOUNTAIN <br>SOMMELIER<\/b><br>DE463630023020<br><br>Hengst<br>Braunschimmel<br>*29.05.2020<br>N\/N<br><br><\/div><\/td><td class=\"column-3 mtr-td-tag\" data-mtr-content=\"JAHR\"><div class=\"mtr-cell-content\">2020<\/div><\/td><td class=\"column-4 mtr-td-tag\" data-mtr-content=\"VATER\"><div class=\"mtr-cell-content\">Pattys Sommartiden<\/div><\/td><td class=\"column-5 mtr-td-tag\" data-mtr-content=\"MUTTER\"><div class=\"mtr-cell-content\">Sternbergs Salut<br>v. El Larry II<\/div><\/td><td class=\"column-6 mtr-td-tag\" data-mtr-content=\"Z\u00dcCHTER\"><div class=\"mtr-cell-content\">Birdmountain<br>ZG M\u00fcller &amp; Dr. Pfeffer <br>35325 M\u00fccke<br><\/div><\/td>\n<\/tr>\n<tr class=\"row-3\">\n\t<td class=\"column-1 mtr-td-tag\" data-mtr-content=\"FOTO\"><div class=\"mtr-cell-content\"><\/div><\/td><td class=\"column-2 mtr-td-tag\" data-mtr-content=\"NAME\"><div class=\"mtr-cell-content\"><b>LISBERGS <br>SWEET AS CANDY<\/b><br><br>Stute<br>Dunkelbraunschimmel<br>*13.04.2017<br><br><\/div><\/td><td class=\"column-3 mtr-td-tag\" data-mtr-content=\"JAHR\"><div class=\"mtr-cell-content\">2017<\/div><\/td><td class=\"column-4 mtr-td-tag\" data-mtr-content=\"VATER\"><div class=\"mtr-cell-content\">Pattys Sommartiden<\/div><\/td><td class=\"column-5 mtr-td-tag\" data-mtr-content=\"MUTTER\"><div class=\"mtr-cell-content\">Cree Lady<br>v. Leag<\/div><\/td><td class=\"column-6 mtr-td-tag\" data-mtr-content=\"Z\u00dcCHTER\"><div class=\"mtr-cell-content\">Lisbergs<br>Lucie Lang<br>96170 Lisberg<\/div><\/td>\n<\/tr>\n<tr class=\"row-4\">\n\t<td class=\"column-1 mtr-td-tag\" data-mtr-content=\"FOTO\"><div class=\"mtr-cell-content\"><\/div><\/td><td class=\"column-2 mtr-td-tag\" data-mtr-content=\"NAME\"><div class=\"mtr-cell-content\"><b>LONELY TWIN <br>LOVIS<\/b><br>DE463630071918<br><br>Stute<br>Braun<br>*12.05.2018<br>N\/N<br><br><\/div><\/td><td class=\"column-3 mtr-td-tag\" data-mtr-content=\"JAHR\"><div class=\"mtr-cell-content\">2018<\/div><\/td><td class=\"column-4 mtr-td-tag\" data-mtr-content=\"VATER\"><div class=\"mtr-cell-content\">Pattys Sommartiden<\/div><\/td><td class=\"column-5 mtr-td-tag\" data-mtr-content=\"MUTTER\"><div class=\"mtr-cell-content\">Sternbergs Liara<br>v. El Larry II<\/div><\/td><td class=\"column-6 mtr-td-tag\" data-mtr-content=\"Z\u00dcCHTER\"><div class=\"mtr-cell-content\">Lonely Twin<br>Sabine &amp; Peter Buschmann<br>35753 Greifenstein<br><\/div><\/td>\n<\/tr>\n<tr class=\"row-5\">\n\t<td class=\"column-1 mtr-td-tag\" data-mtr-content=\"FOTO\"><div class=\"mtr-cell-content\"><\/div><\/td><td class=\"column-2 mtr-td-tag\" data-mtr-content=\"NAME\"><div class=\"mtr-cell-content\"><b>PATTYS STABLEFORD CHALLENGE<\/b><br>DE434348888910<br>LGS 938 EUR (2020)<br><br>Hengst<br>Braun<br>*06.07.2010<br><br><\/div><\/td><td class=\"column-3 mtr-td-tag\" data-mtr-content=\"JAHR\"><div class=\"mtr-cell-content\">2010<\/div><\/td><td class=\"column-4 mtr-td-tag\" data-mtr-content=\"VATER\"><div class=\"mtr-cell-content\">Pattys Sommartiden<\/div><\/td><td class=\"column-5 mtr-td-tag\" data-mtr-content=\"MUTTER\"><div class=\"mtr-cell-content\">Jacobsdal Blue Bell<br>v. Rolls Royce<\/div><\/td><td class=\"column-6 mtr-td-tag\" data-mtr-content=\"Z\u00dcCHTER\"><div class=\"mtr-cell-content\">Pattys<br>Patricia Schmidt<br>31311 Uetze<br><\/div><\/td>\n<\/tr>\n<tr class=\"row-6\">\n\t<td class=\"column-1 mtr-td-tag\" data-mtr-content=\"FOTO\"><div class=\"mtr-cell-content\"><\/div><\/td><td class=\"column-2 mtr-td-tag\" data-mtr-content=\"NAME\"><div class=\"mtr-cell-content\"><b>PATTYS STELLARIS<\/b><br>FP WN 7.5<br><br>Hengst<br>Schimmel<br>2017<br><br><\/div><\/td><td class=\"column-3 mtr-td-tag\" data-mtr-content=\"JAHR\"><div class=\"mtr-cell-content\">2017<\/div><\/td><td class=\"column-4 mtr-td-tag\" data-mtr-content=\"VATER\"><div class=\"mtr-cell-content\">Pattys Sommartiden<\/div><\/td><td class=\"column-5 mtr-td-tag\" data-mtr-content=\"MUTTER\"><div class=\"mtr-cell-content\">Pattys Jazz N'Blues<br>v. Pattys Veuve Cosmic<\/div><\/td><td class=\"column-6 mtr-td-tag\" data-mtr-content=\"Z\u00dcCHTER\"><div class=\"mtr-cell-content\">Pattys<br>Patricia Schmidt<br>31311 Uetze<br><\/div><\/td>\n<\/tr>\n<\/tbody>\n<\/table>\n<!-- #tablepress-18 from cache -->\n","protected":false},"excerpt":{"rendered":"<p>&nbsp; Farbe: Braunschimmel Hengstbuch: Hannover HB I, Pr\u00e4mienhengst Geboren: 2006 Leistungspr\u00fcfung: 2010 Prussendorf, 30 TT (Note 7,66 &#8211; Rang 13\/21) Stockma\u00df: 147 cm Tr\u00e4ger des Creme-Faktors: nein R\u00f6hrbein: Tr\u00e4ger des Fuchsgens: unbekannt Ausgeschieden: 2013 verkauft, 2017 kastriert HWSD-Status: N\/N mit <a class=\"more-link\" href=\"https:\/\/www.cpv-ev.com\/?page_id=471\"><span class=\"screen-reader-text\">  Pattys Sommartiden<\/span> weiterlesen<span class=\"meta-nav\">&rarr;<\/span><\/a><\/p>\n","protected":false},"author":1,"featured_media":0,"parent":11819,"menu_order":0,"comment_status":"closed","ping_status":"open","template":"","meta":{"ngg_post_thumbnail":0,"footnotes":""},"class_list":["post-471","page","type-page","status-publish","hentry"],"_links":{"self":[{"href":"https:\/\/www.cpv-ev.com\/index.php?rest_route=\/wp\/v2\/pages\/471","targetHints":{"allow":["GET"]}}],"collection":[{"href":"https:\/\/www.cpv-ev.com\/index.php?rest_route=\/wp\/v2\/pages"}],"about":[{"href":"https:\/\/www.cpv-ev.com\/index.php?rest_route=\/wp\/v2\/types\/page"}],"author":[{"embeddable":true,"href":"https:\/\/www.cpv-ev.com\/index.php?rest_route=\/wp\/v2\/users\/1"}],"replies":[{"embeddable":true,"href":"https:\/\/www.cpv-ev.com\/index.php?rest_route=%2Fwp%2Fv2%2Fcomments&post=471"}],"version-history":[{"count":0,"href":"https:\/\/www.cpv-ev.com\/index.php?rest_route=\/wp\/v2\/pages\/471\/revisions"}],"up":[{"embeddable":true,"href":"https:\/\/www.cpv-ev.com\/index.php?rest_route=\/wp\/v2\/pages\/11819"}],"wp:attachment":[{"href":"https:\/\/www.cpv-ev.com\/index.php?rest_route=%2Fwp%2Fv2%2Fmedia&parent=471"}],"curies":[{"name":"wp","href":"https:\/\/api.w.org\/{rel}","templated":true}]}}