{"id":446,"date":"2012-07-16T10:27:23","date_gmt":"2012-07-16T08:27:23","guid":{"rendered":"https:\/\/www.cpv-ev.com\/?page_id=446"},"modified":"2023-11-14T21:11:23","modified_gmt":"2023-11-14T19:11:23","slug":"kinzighausen-hazy-majesto","status":"publish","type":"page","link":"https:\/\/www.cpv-ev.com\/?page_id=446","title":{"rendered":"Kinzighausen Hazy Majesto"},"content":{"rendered":"<table border=\"1\" cellspacing=\"0\" cellpadding=\"0\">\n<tbody>\n<tr>\n<td colspan=\"2\" valign=\"top\" width=\"717\"><img loading=\"lazy\" decoding=\"async\" src=\"https:\/\/www.cpv-ev.com\/wp-content\/uploads\/2012\/07\/trans240x10.gif\" alt=\"trans240x10\" width=\"240\" height=\"10\" \/><\/td>\n<\/tr>\n<tr>\n<td valign=\"top\" width=\"359\"><strong>Farbe:<\/strong> Schimmel<br \/>\n<strong>Geburtsfarbe:<\/strong> Dunkelbraun<\/td>\n<td valign=\"top\" width=\"359\"><strong>Hengstbuch:<\/strong> Hessen HB I,<br \/>\nLeistungshengst<br \/>\n<strong>K\u00f6rung:<\/strong> 10.03.2012 Alsfeld<\/td>\n<\/tr>\n<tr>\n<td valign=\"top\" width=\"359\"><strong>Geboren:<\/strong> 2009<\/td>\n<td valign=\"top\" width=\"359\"><strong>Leistungspr\u00fcfung: <\/strong>Neustadt-Dosse 2015,<br \/>\n30 TT, WN 7,50 (Rang 13\/18)<em><br \/>\n<\/em><\/td>\n<\/tr>\n<tr>\n<td valign=\"top\" width=\"359\"><strong>Stockma\u00df: <\/strong>147 cm<\/td>\n<td valign=\"top\" width=\"359\"><strong>Tr\u00e4ger des Creme-Faktors:<\/strong> nein<\/td>\n<\/tr>\n<tr>\n<td valign=\"top\" width=\"359\"><strong>R\u00f6hrbein: <\/strong><strong><br \/>\n<\/strong><\/td>\n<td valign=\"top\" width=\"359\"><strong>Tr\u00e4ger des Fuchsgens:<\/strong> unbekannt<\/td>\n<\/tr>\n<tr>\n<td valign=\"top\" width=\"359\"><strong style=\"line-height: 24px;\">Deckbedingungen: <\/strong>auf Anfrage<\/td>\n<td valign=\"top\" width=\"359\"><strong>Decktaxe: <\/strong>300,- Euro<\/td>\n<\/tr>\n<tr>\n<td valign=\"top\" width=\"359\"><strong style=\"line-height: 24px;\">HWSD-Status: <\/strong>N\/N mit Abstammungs\u00fcberpr\u00fcfung<strong style=\"line-height: 24px;\"><br \/>\n<\/strong><\/td>\n<\/tr>\n<tr>\n<td valign=\"top\" width=\"359\"><img loading=\"lazy\" decoding=\"async\" class=\"alignnone size-full wp-image-232\" src=\"https:\/\/www.cpv-ev.com\/wp-content\/uploads\/2012\/07\/trans240x10.gif\" alt=\"trans240x10\" width=\"240\" height=\"10\" srcset=\"https:\/\/www.cpv-ev.com\/wp-content\/uploads\/2012\/07\/trans240x10.gif 240w, https:\/\/www.cpv-ev.com\/wp-content\/uploads\/2012\/07\/trans240x10-225x10.gif 225w\" sizes=\"auto, (max-width: 240px) 100vw, 240px\" \/><\/td>\n<td valign=\"top\" width=\"359\"><\/td>\n<\/tr>\n<tr>\n<td valign=\"top\" width=\"359\"><strong>Gek\u00f6rte S\u00f6hne: <\/strong><a href=\"https:\/\/www.cpv-ev.com\/?page_id=17627\" target=\"_blank\" rel=\"noopener noreferrer\">Kinzighausen Hazy Mozart, <\/a><a href=\"https:\/\/www.cpv-ev.com\/?page_id=22891\" target=\"_blank\" rel=\"noopener noreferrer\">Kinzighausen Hazy Miramis<\/a><\/td>\n<td valign=\"top\" width=\"359\"><strong>Eingetragene Stuten: <\/strong>3<strong><br \/>\n<\/strong><\/td>\n<\/tr>\n<tr>\n<td valign=\"top\" width=\"359\"><\/td>\n<td valign=\"top\" width=\"359\"><strong>davon StPrSt: <\/strong>&#8211;<strong><br \/>\n<\/strong><\/td>\n<\/tr>\n<tr>\n<td valign=\"top\" width=\"359\"><img loading=\"lazy\" decoding=\"async\" src=\"https:\/\/www.cpv-ev.com\/wp-content\/uploads\/2012\/07\/trans240x10.gif\" alt=\"trans240x10\" width=\"240\" height=\"10\" \/><\/td>\n<td valign=\"top\" width=\"359\"><\/td>\n<\/tr>\n<tr>\n<td valign=\"top\" width=\"359\"><strong>Lebensgewinnsumme:<\/strong>\u00a0365 EUR (2022)<img loading=\"lazy\" decoding=\"async\" class=\"alignnone size-full wp-image-232\" title=\"trans240x10\" src=\"https:\/\/www.cpv-ev.com\/wp-content\/uploads\/2012\/07\/trans240x10.gif\" alt=\"\" width=\"100\" height=\"20\" \/><\/td>\n<td valign=\"top\" width=\"359\"><strong>Nachkommen-LGS: <\/strong>&#8211;<strong><br \/>\n<\/strong><\/td>\n<\/tr>\n<tr>\n<td colspan=\"2\" valign=\"top\" width=\"717\"><img loading=\"lazy\" decoding=\"async\" src=\"https:\/\/www.cpv-ev.com\/wp-content\/uploads\/2012\/07\/trans240x10.gif\" alt=\"trans240x10\" width=\"240\" height=\"10\" \/><\/td>\n<\/tr>\n<tr>\n<td colspan=\"2\" valign=\"top\" width=\"717\"><strong>Z\u00fcchter &amp;<strong> Besitzer<\/strong>:<\/strong>\u00a0Michael Jaczak und Sissi Wirth, Gest\u00fct Kinzighausen, Kinzighausen 2, 63607 W\u00e4chtersbach<\/td>\n<\/tr>\n<tr>\n<td valign=\"top\" width=\"359\">Telefon: 06053-5558<br \/>\nFax: 06053-5558<\/td>\n<td valign=\"top\" width=\"359\">Mobil: 0172-6758323<\/td>\n<\/tr>\n<tr>\n<td valign=\"top\" width=\"307\">Email: <a href=\"mailto:email@kinzighausen.de\">email@kinzighausen.de<\/a><\/td>\n<td valign=\"top\" width=\"307\">Website: <a href=\"www.kinzighausen.de\" target=\"_blank\" rel=\"noopener noreferrer\">www.kinzighausen.de<\/a><\/td>\n<\/tr>\n<\/tbody>\n<\/table>\n<h5>Pedigree<\/h5>\n<p><img loading=\"lazy\" decoding=\"async\" class=\"alignnone size-full wp-image-11915\" src=\"https:\/\/www.cpv-ev.com\/wp-content\/uploads\/2014\/06\/Kinzighausen-Hazy-Majesto.jpg\" alt=\"Kinzighausen Hazy Majesto\" width=\"680\" height=\"310\" srcset=\"https:\/\/www.cpv-ev.com\/wp-content\/uploads\/2014\/06\/Kinzighausen-Hazy-Majesto.jpg 680w, https:\/\/www.cpv-ev.com\/wp-content\/uploads\/2014\/06\/Kinzighausen-Hazy-Majesto-241x110.jpg 241w, https:\/\/www.cpv-ev.com\/wp-content\/uploads\/2014\/06\/Kinzighausen-Hazy-Majesto-300x136.jpg 300w, https:\/\/www.cpv-ev.com\/wp-content\/uploads\/2014\/06\/Kinzighausen-Hazy-Majesto-500x227.jpg 500w\" sizes=\"auto, (max-width: 680px) 100vw, 680px\" \/><\/p>\n<h5>Galerie<\/h5>\n<p><a href=\"https:\/\/www.cpv-ev.com\/wp-content\/uploads\/2012\/07\/Kinz_Hazy_Majesto.jpg\"><img loading=\"lazy\" decoding=\"async\" class=\"alignnone size-thumbnail wp-image-1316\" title=\"Kinzighausen Hazy Majesto \" src=\"https:\/\/www.cpv-ev.com\/wp-content\/uploads\/2012\/07\/Kinz_Hazy_Majesto-150x110.jpg\" alt=\"\" width=\"150\" height=\"110\" srcset=\"https:\/\/www.cpv-ev.com\/wp-content\/uploads\/2012\/07\/Kinz_Hazy_Majesto-150x110.jpg 150w, https:\/\/www.cpv-ev.com\/wp-content\/uploads\/2012\/07\/Kinz_Hazy_Majesto-149x110.jpg 149w, https:\/\/www.cpv-ev.com\/wp-content\/uploads\/2012\/07\/Kinz_Hazy_Majesto-300x220.jpg 300w, https:\/\/www.cpv-ev.com\/wp-content\/uploads\/2012\/07\/Kinz_Hazy_Majesto-500x367.jpg 500w, https:\/\/www.cpv-ev.com\/wp-content\/uploads\/2012\/07\/Kinz_Hazy_Majesto.jpg 750w\" sizes=\"auto, (max-width: 150px) 100vw, 150px\" \/><\/a>\u00a0 <a href=\"https:\/\/www.cpv-ev.com\/wp-content\/uploads\/2012\/07\/Kinz_Hazy_Majesto2.jpg\"><img loading=\"lazy\" decoding=\"async\" class=\"alignnone size-thumbnail wp-image-1318\" title=\"Kinzighausen Hazy Majesto \" src=\"https:\/\/www.cpv-ev.com\/wp-content\/uploads\/2012\/07\/Kinz_Hazy_Majesto2-150x110.jpg\" alt=\"\" width=\"150\" height=\"110\" \/><\/a>\u00a0 <a href=\"https:\/\/www.cpv-ev.com\/wp-content\/uploads\/2015\/12\/Kinzighausen-Hazy-Majesto-HLP-Dr.jpg\"><img loading=\"lazy\" decoding=\"async\" class=\"alignnone size-thumbnail wp-image-16700\" src=\"https:\/\/www.cpv-ev.com\/wp-content\/uploads\/2015\/12\/Kinzighausen-Hazy-Majesto-HLP-Dr-148x110.jpg\" alt=\"Kinzighausen Hazy Majesto HLP Dr\" width=\"148\" height=\"110\" srcset=\"https:\/\/www.cpv-ev.com\/wp-content\/uploads\/2015\/12\/Kinzighausen-Hazy-Majesto-HLP-Dr-148x110.jpg 148w, https:\/\/www.cpv-ev.com\/wp-content\/uploads\/2015\/12\/Kinzighausen-Hazy-Majesto-HLP-Dr-300x225.jpg 300w, https:\/\/www.cpv-ev.com\/wp-content\/uploads\/2015\/12\/Kinzighausen-Hazy-Majesto-HLP-Dr-500x369.jpg 500w, https:\/\/www.cpv-ev.com\/wp-content\/uploads\/2015\/12\/Kinzighausen-Hazy-Majesto-HLP-Dr-146x110.jpg 146w, https:\/\/www.cpv-ev.com\/wp-content\/uploads\/2015\/12\/Kinzighausen-Hazy-Majesto-HLP-Dr-150x110.jpg 150w, https:\/\/www.cpv-ev.com\/wp-content\/uploads\/2015\/12\/Kinzighausen-Hazy-Majesto-HLP-Dr.jpg 576w\" sizes=\"auto, (max-width: 148px) 100vw, 148px\" \/><\/a>\u00a0 <a href=\"https:\/\/www.cpv-ev.com\/wp-content\/uploads\/2015\/12\/Kinzighausen-Hazy-Majesto-HLP-Spr.jpg\"><img loading=\"lazy\" decoding=\"async\" class=\"alignnone size-thumbnail wp-image-16702\" src=\"https:\/\/www.cpv-ev.com\/wp-content\/uploads\/2015\/12\/Kinzighausen-Hazy-Majesto-HLP-Spr-122x110.jpg\" alt=\"Kinzighausen Hazy Majesto HLP Spr\" width=\"122\" height=\"110\" srcset=\"https:\/\/www.cpv-ev.com\/wp-content\/uploads\/2015\/12\/Kinzighausen-Hazy-Majesto-HLP-Spr-122x110.jpg 122w, https:\/\/www.cpv-ev.com\/wp-content\/uploads\/2015\/12\/Kinzighausen-Hazy-Majesto-HLP-Spr-300x270.jpg 300w, https:\/\/www.cpv-ev.com\/wp-content\/uploads\/2015\/12\/Kinzighausen-Hazy-Majesto-HLP-Spr-500x450.jpg 500w, https:\/\/www.cpv-ev.com\/wp-content\/uploads\/2015\/12\/Kinzighausen-Hazy-Majesto-HLP-Spr.jpg 521w\" sizes=\"auto, (max-width: 122px) 100vw, 122px\" \/><\/a> \u00a0 <a href=\"https:\/\/www.cpv-ev.com\/wp-content\/uploads\/2015\/12\/Kinzighausen-Hazy-Majesto-HLP-Gel.jpg\"><img loading=\"lazy\" decoding=\"async\" class=\"alignnone size-thumbnail wp-image-16701\" src=\"https:\/\/www.cpv-ev.com\/wp-content\/uploads\/2015\/12\/Kinzighausen-Hazy-Majesto-HLP-Gel-144x110.jpg\" alt=\"Kinzighausen Hazy Majesto HLP Gel\" width=\"144\" height=\"110\" srcset=\"https:\/\/www.cpv-ev.com\/wp-content\/uploads\/2015\/12\/Kinzighausen-Hazy-Majesto-HLP-Gel-144x110.jpg 144w, https:\/\/www.cpv-ev.com\/wp-content\/uploads\/2015\/12\/Kinzighausen-Hazy-Majesto-HLP-Gel-300x227.jpg 300w, https:\/\/www.cpv-ev.com\/wp-content\/uploads\/2015\/12\/Kinzighausen-Hazy-Majesto-HLP-Gel-500x379.jpg 500w, https:\/\/www.cpv-ev.com\/wp-content\/uploads\/2015\/12\/Kinzighausen-Hazy-Majesto-HLP-Gel.jpg 594w\" sizes=\"auto, (max-width: 144px) 100vw, 144px\" \/>\u00a0 <\/a><a href=\"https:\/\/www.cpv-ev.com\/wp-content\/uploads\/2016\/03\/Kinzighausen-Hazy-Majesto.jpg\" rel=\"attachment wp-att-17645\"><img loading=\"lazy\" decoding=\"async\" class=\"alignnone size-thumbnail wp-image-17645\" src=\"https:\/\/www.cpv-ev.com\/wp-content\/uploads\/2016\/03\/Kinzighausen-Hazy-Majesto-147x110.jpg\" alt=\"Kinzighausen Hazy Majesto\" width=\"147\" height=\"110\" srcset=\"https:\/\/www.cpv-ev.com\/wp-content\/uploads\/2016\/03\/Kinzighausen-Hazy-Majesto-147x110.jpg 147w, https:\/\/www.cpv-ev.com\/wp-content\/uploads\/2016\/03\/Kinzighausen-Hazy-Majesto-300x225.jpg 300w, https:\/\/www.cpv-ev.com\/wp-content\/uploads\/2016\/03\/Kinzighausen-Hazy-Majesto-500x375.jpg 500w, https:\/\/www.cpv-ev.com\/wp-content\/uploads\/2016\/03\/Kinzighausen-Hazy-Majesto-146x110.jpg 146w, https:\/\/www.cpv-ev.com\/wp-content\/uploads\/2016\/03\/Kinzighausen-Hazy-Majesto.jpg 633w\" sizes=\"auto, (max-width: 147px) 100vw, 147px\" \/>\u00a0 <\/a><a href=\"https:\/\/www.cpv-ev.com\/wp-content\/uploads\/2017\/04\/Kinzighausen-Hazy-Majesto.jpg\"><img loading=\"lazy\" decoding=\"async\" class=\"alignnone size-thumbnail wp-image-19850\" src=\"https:\/\/www.cpv-ev.com\/wp-content\/uploads\/2017\/04\/Kinzighausen-Hazy-Majesto-147x110.jpg\" alt=\"\" width=\"147\" height=\"110\" srcset=\"https:\/\/www.cpv-ev.com\/wp-content\/uploads\/2017\/04\/Kinzighausen-Hazy-Majesto-147x110.jpg 147w, https:\/\/www.cpv-ev.com\/wp-content\/uploads\/2017\/04\/Kinzighausen-Hazy-Majesto-300x225.jpg 300w, https:\/\/www.cpv-ev.com\/wp-content\/uploads\/2017\/04\/Kinzighausen-Hazy-Majesto-500x375.jpg 500w, https:\/\/www.cpv-ev.com\/wp-content\/uploads\/2017\/04\/Kinzighausen-Hazy-Majesto-146x110.jpg 146w, https:\/\/www.cpv-ev.com\/wp-content\/uploads\/2017\/04\/Kinzighausen-Hazy-Majesto.jpg 750w\" sizes=\"auto, (max-width: 147px) 100vw, 147px\" \/>\u00a0 <\/a><a href=\"https:\/\/www.cpv-ev.com\/wp-content\/uploads\/2019\/03\/Kinzighausen-Hazy-Majesto.jpg\"><img loading=\"lazy\" decoding=\"async\" class=\"alignnone size-thumbnail wp-image-23006\" src=\"https:\/\/www.cpv-ev.com\/wp-content\/uploads\/2019\/03\/Kinzighausen-Hazy-Majesto-147x110.jpg\" alt=\"\" width=\"147\" height=\"110\" srcset=\"https:\/\/www.cpv-ev.com\/wp-content\/uploads\/2019\/03\/Kinzighausen-Hazy-Majesto-147x110.jpg 147w, https:\/\/www.cpv-ev.com\/wp-content\/uploads\/2019\/03\/Kinzighausen-Hazy-Majesto-300x225.jpg 300w, https:\/\/www.cpv-ev.com\/wp-content\/uploads\/2019\/03\/Kinzighausen-Hazy-Majesto-500x375.jpg 500w, https:\/\/www.cpv-ev.com\/wp-content\/uploads\/2019\/03\/Kinzighausen-Hazy-Majesto-146x110.jpg 146w, https:\/\/www.cpv-ev.com\/wp-content\/uploads\/2019\/03\/Kinzighausen-Hazy-Majesto.jpg 750w\" sizes=\"auto, (max-width: 147px) 100vw, 147px\" \/>\u00a0 <\/a><a href=\"https:\/\/www.cpv-ev.com\/wp-content\/uploads\/2019\/03\/Kinzighausen-Hazy-Majesto-T.jpg\"><img loading=\"lazy\" decoding=\"async\" class=\"alignnone size-thumbnail wp-image-23005\" src=\"https:\/\/www.cpv-ev.com\/wp-content\/uploads\/2019\/03\/Kinzighausen-Hazy-Majesto-T-147x110.jpg\" alt=\"\" width=\"147\" height=\"110\" srcset=\"https:\/\/www.cpv-ev.com\/wp-content\/uploads\/2019\/03\/Kinzighausen-Hazy-Majesto-T-147x110.jpg 147w, https:\/\/www.cpv-ev.com\/wp-content\/uploads\/2019\/03\/Kinzighausen-Hazy-Majesto-T-300x225.jpg 300w, https:\/\/www.cpv-ev.com\/wp-content\/uploads\/2019\/03\/Kinzighausen-Hazy-Majesto-T-500x375.jpg 500w, https:\/\/www.cpv-ev.com\/wp-content\/uploads\/2019\/03\/Kinzighausen-Hazy-Majesto-T-146x110.jpg 146w, https:\/\/www.cpv-ev.com\/wp-content\/uploads\/2019\/03\/Kinzighausen-Hazy-Majesto-T.jpg 750w\" sizes=\"auto, (max-width: 147px) 100vw, 147px\" \/><\/a><\/p>\n<h5>Nachkommen<\/h5>\n\n<table id=\"tablepress-18\" class=\"tablepress tablepress-id-18 mtr-table mtr-thead-th\">\n<thead>\n<tr class=\"row-1\">\n\t<th class=\"column-1 mtr-th-tag\" data-mtr-content=\"FOTO\"><div class=\"mtr-cell-content\">FOTO<\/div><\/th><th class=\"column-2 mtr-th-tag\" data-mtr-content=\"NAME\"><div class=\"mtr-cell-content\">NAME<\/div><\/th><th class=\"column-3 mtr-th-tag\" data-mtr-content=\"JAHR\"><div class=\"mtr-cell-content\">JAHR<\/div><\/th><th class=\"column-4 mtr-th-tag\" data-mtr-content=\"VATER\"><div class=\"mtr-cell-content\">VATER<\/div><\/th><th class=\"column-5 mtr-th-tag\" data-mtr-content=\"MUTTER\"><div class=\"mtr-cell-content\">MUTTER<\/div><\/th><th class=\"column-6 mtr-th-tag\" data-mtr-content=\"Z\u00dcCHTER\"><div class=\"mtr-cell-content\">Z\u00dcCHTER<\/div><\/th>\n<\/tr>\n<\/thead>\n<tbody class=\"row-striping row-hover\">\n<tr class=\"row-2\">\n\t<td class=\"column-1 mtr-td-tag\" data-mtr-content=\"FOTO\"><div class=\"mtr-cell-content\"><\/div><\/td><td class=\"column-2 mtr-td-tag\" data-mtr-content=\"NAME\"><div class=\"mtr-cell-content\"><b>KINZIGHAUSEN <br>HAZY CASSIOPEIA<\/b><br><br>Stute<br>Dunkelbraunschimmel<br>*22.05.2013<br>145 cm<br><br><\/div><\/td><td class=\"column-3 mtr-td-tag\" data-mtr-content=\"JAHR\"><div class=\"mtr-cell-content\">2013<\/div><\/td><td class=\"column-4 mtr-td-tag\" data-mtr-content=\"VATER\"><div class=\"mtr-cell-content\">Kinzighausen Hazy Majesto<\/div><\/td><td class=\"column-5 mtr-td-tag\" data-mtr-content=\"MUTTER\"><div class=\"mtr-cell-content\">Carragh Lass<br>v. Fort Dara<\/div><\/td><td class=\"column-6 mtr-td-tag\" data-mtr-content=\"Z\u00dcCHTER\"><div class=\"mtr-cell-content\">Kinzighausen<br>Michael Jaczak &amp; Sissi Wirth <br>63607 W\u00e4chtersbach<br><\/div><\/td>\n<\/tr>\n<tr class=\"row-3\">\n\t<td class=\"column-1 mtr-td-tag\" data-mtr-content=\"FOTO\"><div class=\"mtr-cell-content\"><\/div><\/td><td class=\"column-2 mtr-td-tag\" data-mtr-content=\"NAME\"><div class=\"mtr-cell-content\"><b>KINZIGHAUSEN <br>HAZY CATALINA<\/b><br><br>Stute<br>Braun<br>*13.04.2013<br>143 cm<br><br><\/div><\/td><td class=\"column-3 mtr-td-tag\" data-mtr-content=\"JAHR\"><div class=\"mtr-cell-content\">2013<\/div><\/td><td class=\"column-4 mtr-td-tag\" data-mtr-content=\"VATER\"><div class=\"mtr-cell-content\">Kinzighausen Hazy Majesto<\/div><\/td><td class=\"column-5 mtr-td-tag\" data-mtr-content=\"MUTTER\"><div class=\"mtr-cell-content\">Kinzighausen Golden Caraluna<br>v. Glaskopf Golden Malcolm<\/div><\/td><td class=\"column-6 mtr-td-tag\" data-mtr-content=\"Z\u00dcCHTER\"><div class=\"mtr-cell-content\">Kinzighausen<br>Michael Jaczak &amp; Sissi Wirth <br>63607 W\u00e4chtersbach<br><\/div><\/td>\n<\/tr>\n<tr class=\"row-4\">\n\t<td class=\"column-1 mtr-td-tag\" data-mtr-content=\"FOTO\"><div class=\"mtr-cell-content\"><\/div><\/td><td class=\"column-2 mtr-td-tag\" data-mtr-content=\"NAME\"><div class=\"mtr-cell-content\"><b>KINZIGHAUSEN <br>HAZY CEBELLE<\/b><br><br>Stute<br>Schimmel<br>*20.03.2016<br><br><\/div><\/td><td class=\"column-3 mtr-td-tag\" data-mtr-content=\"JAHR\"><div class=\"mtr-cell-content\">2016<\/div><\/td><td class=\"column-4 mtr-td-tag\" data-mtr-content=\"VATER\"><div class=\"mtr-cell-content\">Kinzighausen Hazy Majesto<\/div><\/td><td class=\"column-5 mtr-td-tag\" data-mtr-content=\"MUTTER\"><div class=\"mtr-cell-content\">Monaghanstown Connie<br>v. Ard Conneely<\/div><\/td><td class=\"column-6 mtr-td-tag\" data-mtr-content=\"Z\u00dcCHTER\"><div class=\"mtr-cell-content\">Kinzighausen<br>Michael Jaczak &amp; Sissi Wirth <br>63607 W\u00e4chtersbach<br><\/div><\/td>\n<\/tr>\n<tr class=\"row-5\">\n\t<td class=\"column-1 mtr-td-tag\" data-mtr-content=\"FOTO\"><div class=\"mtr-cell-content\"><a href=\"https:\/\/www.cpv-ev.com\/wp-content\/uploads\/2016\/07\/2015-Kinzighausen-Hazy-Malaja.jpg\"><img loading=\"lazy\" decoding=\"async\" src=\"https:\/\/www.cpv-ev.com\/wp-content\/uploads\/2016\/07\/2015-Kinzighausen-Hazy-Malaja-110x110.jpg\" alt=\"\" width=\"110\" height=\"110\" class=\"alignnone size-thumbnail wp-image-19083\" srcset=\"https:\/\/www.cpv-ev.com\/wp-content\/uploads\/2016\/07\/2015-Kinzighausen-Hazy-Malaja-110x110.jpg 110w, https:\/\/www.cpv-ev.com\/wp-content\/uploads\/2016\/07\/2015-Kinzighausen-Hazy-Malaja-150x150.jpg 150w\" sizes=\"auto, (max-width: 110px) 100vw, 110px\"><\/a><\/div><\/td><td class=\"column-2 mtr-td-tag\" data-mtr-content=\"NAME\"><div class=\"mtr-cell-content\"><b>KINZIGHAUSEN <br>HAZY MALAJA<\/b><br>DE463630047715<br>FP WN 8.0<br><br>Stute<br>Fuchsschimmel<br>*05.06.2015<br><br><\/div><\/td><td class=\"column-3 mtr-td-tag\" data-mtr-content=\"JAHR\"><div class=\"mtr-cell-content\">2015<\/div><\/td><td class=\"column-4 mtr-td-tag\" data-mtr-content=\"VATER\"><div class=\"mtr-cell-content\">Kinzighausen Hazy Majesto<\/div><\/td><td class=\"column-5 mtr-td-tag\" data-mtr-content=\"MUTTER\"><div class=\"mtr-cell-content\">Kinzighausen Hazy Manderley<br>v. Frederiksminde Hazy Marvel<\/div><\/td><td class=\"column-6 mtr-td-tag\" data-mtr-content=\"Z\u00dcCHTER\"><div class=\"mtr-cell-content\">Kinzighausen<br>Michael Jaczak &amp; Sissi Wirth <br>63607 W\u00e4chtersbach<br><\/div><\/td>\n<\/tr>\n<tr class=\"row-6\">\n\t<td class=\"column-1 mtr-td-tag\" data-mtr-content=\"FOTO\"><div class=\"mtr-cell-content\"><\/div><\/td><td class=\"column-2 mtr-td-tag\" data-mtr-content=\"NAME\"><div class=\"mtr-cell-content\"><b>KINZIGHAUSEN <br>HAZY MALIAH<\/b><br>DE463630031714<br>FP<br><br>Stute<br>Braunschimmel<br>*23.05.2014<br>143 cm<br><br><\/div><\/td><td class=\"column-3 mtr-td-tag\" data-mtr-content=\"JAHR\"><div class=\"mtr-cell-content\">2014<\/div><\/td><td class=\"column-4 mtr-td-tag\" data-mtr-content=\"VATER\"><div class=\"mtr-cell-content\">Kinzighausen Hazy Majesto<\/div><\/td><td class=\"column-5 mtr-td-tag\" data-mtr-content=\"MUTTER\"><div class=\"mtr-cell-content\">Kinzighausen Momo<br>v. Grange Surf Sparrow<\/div><\/td><td class=\"column-6 mtr-td-tag\" data-mtr-content=\"Z\u00dcCHTER\"><div class=\"mtr-cell-content\">Kinzighausen<br>Michael Jaczak &amp; Sissi Wirth <br>63607 W\u00e4chtersbach<br><\/div><\/td>\n<\/tr>\n<tr class=\"row-7\">\n\t<td class=\"column-1 mtr-td-tag\" data-mtr-content=\"FOTO\"><div class=\"mtr-cell-content\"><\/div><\/td><td class=\"column-2 mtr-td-tag\" data-mtr-content=\"NAME\"><div class=\"mtr-cell-content\"><b>KINZIGHAUSEN <br>HAZY MIRAMIS(*)<\/b><br>DE463630053216<br>\u00bb <a href=\"https:\/\/www.cpv-ev.com\/?page_id=22891\">Details<\/a><br><br>Hengst<br>Falbschimmel<br>*30.03.2016<br>N\/HWSD<br><br><\/div><\/td><td class=\"column-3 mtr-td-tag\" data-mtr-content=\"JAHR\"><div class=\"mtr-cell-content\">2016<\/div><\/td><td class=\"column-4 mtr-td-tag\" data-mtr-content=\"VATER\"><div class=\"mtr-cell-content\">Kinzighausen Hazy Majesto<\/div><\/td><td class=\"column-5 mtr-td-tag\" data-mtr-content=\"MUTTER\"><div class=\"mtr-cell-content\">Kinzighausen Golden Glory<br>v. Glaskopf Golden Malcolm<\/div><\/td><td class=\"column-6 mtr-td-tag\" data-mtr-content=\"Z\u00dcCHTER\"><div class=\"mtr-cell-content\">Kinzighausen<br>Michael Jaczak &amp; Sissi Wirth <br>63607 W\u00e4chtersbach<br><\/div><\/td>\n<\/tr>\n<tr class=\"row-8\">\n\t<td class=\"column-1 mtr-td-tag\" data-mtr-content=\"FOTO\"><div class=\"mtr-cell-content\"><\/div><\/td><td class=\"column-2 mtr-td-tag\" data-mtr-content=\"NAME\"><div class=\"mtr-cell-content\"><b>KINZIGHAUSEN <br>HAZY MOZART(*)<\/b><br>\u00bb <a href=\"https:\/\/www.cpv-ev.com\/?page_id=17627\">Details<\/a><br><br>Hengst<br>Braunschimmel<br>*13.05.2013<br><br><\/div><\/td><td class=\"column-3 mtr-td-tag\" data-mtr-content=\"JAHR\"><div class=\"mtr-cell-content\">2013<\/div><\/td><td class=\"column-4 mtr-td-tag\" data-mtr-content=\"VATER\"><div class=\"mtr-cell-content\">Kinzighausen Hazy Majesto<\/div><\/td><td class=\"column-5 mtr-td-tag\" data-mtr-content=\"MUTTER\"><div class=\"mtr-cell-content\">Kinzighausen Golden Glory<br>v. Glaskopf Golden Malcolm<\/div><\/td><td class=\"column-6 mtr-td-tag\" data-mtr-content=\"Z\u00dcCHTER\"><div class=\"mtr-cell-content\">Kinzighausen<br>Michael Jaczak &amp; Sissi Wirth <br>63607 W\u00e4chtersbach<br><\/div><\/td>\n<\/tr>\n<\/tbody>\n<\/table>\n<!-- #tablepress-18 from cache -->\n","protected":false},"excerpt":{"rendered":"<p>Farbe: Schimmel Geburtsfarbe: Dunkelbraun Hengstbuch: Hessen HB I, Leistungshengst K\u00f6rung: 10.03.2012 Alsfeld Geboren: 2009 Leistungspr\u00fcfung: Neustadt-Dosse 2015, 30 TT, WN 7,50 (Rang 13\/18) Stockma\u00df: 147 cm Tr\u00e4ger des Creme-Faktors: nein R\u00f6hrbein: Tr\u00e4ger des Fuchsgens: unbekannt Deckbedingungen: auf Anfrage Decktaxe: 300,- <a class=\"more-link\" href=\"https:\/\/www.cpv-ev.com\/?page_id=446\"><span class=\"screen-reader-text\">  Kinzighausen Hazy Majesto<\/span> weiterlesen<span class=\"meta-nav\">&rarr;<\/span><\/a><\/p>\n","protected":false},"author":1,"featured_media":0,"parent":97,"menu_order":0,"comment_status":"closed","ping_status":"open","template":"","meta":{"ngg_post_thumbnail":0,"footnotes":""},"class_list":["post-446","page","type-page","status-publish","hentry"],"_links":{"self":[{"href":"https:\/\/www.cpv-ev.com\/index.php?rest_route=\/wp\/v2\/pages\/446","targetHints":{"allow":["GET"]}}],"collection":[{"href":"https:\/\/www.cpv-ev.com\/index.php?rest_route=\/wp\/v2\/pages"}],"about":[{"href":"https:\/\/www.cpv-ev.com\/index.php?rest_route=\/wp\/v2\/types\/page"}],"author":[{"embeddable":true,"href":"https:\/\/www.cpv-ev.com\/index.php?rest_route=\/wp\/v2\/users\/1"}],"replies":[{"embeddable":true,"href":"https:\/\/www.cpv-ev.com\/index.php?rest_route=%2Fwp%2Fv2%2Fcomments&post=446"}],"version-history":[{"count":0,"href":"https:\/\/www.cpv-ev.com\/index.php?rest_route=\/wp\/v2\/pages\/446\/revisions"}],"up":[{"embeddable":true,"href":"https:\/\/www.cpv-ev.com\/index.php?rest_route=\/wp\/v2\/pages\/97"}],"wp:attachment":[{"href":"https:\/\/www.cpv-ev.com\/index.php?rest_route=%2Fwp%2Fv2%2Fmedia&parent=446"}],"curies":[{"name":"wp","href":"https:\/\/api.w.org\/{rel}","templated":true}]}}