{"id":417,"date":"2012-07-16T10:20:37","date_gmt":"2012-07-16T08:20:37","guid":{"rendered":"https:\/\/www.cpv-ev.com\/?page_id=417"},"modified":"2026-04-23T14:30:19","modified_gmt":"2026-04-23T12:30:19","slug":"gaeltacht-fame","status":"publish","type":"page","link":"https:\/\/www.cpv-ev.com\/?page_id=417","title":{"rendered":"Gaeltacht Fame"},"content":{"rendered":"<p>&nbsp;<\/p>\n<table border=\"1\" cellspacing=\"0\" cellpadding=\"0\">\n<tbody>\n<tr>\n<td valign=\"top\" width=\"359\"><strong>Farbe:<\/strong> Schimmel<br \/>\n<strong>Geburtsfarbe:<\/strong> Braunfalbe<\/td>\n<td valign=\"top\" width=\"359\"><strong>Hengstbuch:<\/strong> Rheinland-Pfalz-Saar HB II<br \/>\n<strong>K\u00f6rung:<\/strong> 16.06.1999 Standenb\u00fchl<\/td>\n<\/tr>\n<tr>\n<td valign=\"top\" width=\"359\"><strong>Geboren:<\/strong> 1996<\/td>\n<td valign=\"top\" width=\"359\"><strong>Leistungspr\u00fcfung: <\/strong>bisher keine<strong><br \/>\n<\/strong><\/td>\n<\/tr>\n<tr>\n<td valign=\"top\" width=\"359\"><strong>Stockma\u00df: <\/strong>149 cm<\/td>\n<td valign=\"top\" width=\"359\"><strong>Tr\u00e4ger des Creme-Faktors:<\/strong> ja<\/td>\n<\/tr>\n<tr>\n<td valign=\"top\" width=\"359\"><strong>R\u00f6hrbein: <\/strong>22 cm<strong><br \/>\n<\/strong><\/td>\n<td valign=\"top\" width=\"359\"><strong>Tr\u00e4ger des Fuchsgens:<\/strong> ja<\/td>\n<\/tr>\n<tr>\n<td valign=\"top\" width=\"359\"><strong style=\"line-height: 24px;\">Deckbedingungen: <\/strong>auf Anfrage<\/td>\n<td valign=\"top\" width=\"359\"><strong>Decktaxe:<\/strong> auf Anfrage<\/td>\n<\/tr>\n<tr>\n<td valign=\"top\" width=\"359\"><img loading=\"lazy\" decoding=\"async\" class=\"alignnone size-full wp-image-232\" src=\"https:\/\/www.cpv-ev.com\/wp-content\/uploads\/2012\/07\/trans240x10.gif\" alt=\"trans240x10\" width=\"240\" height=\"10\" srcset=\"https:\/\/www.cpv-ev.com\/wp-content\/uploads\/2012\/07\/trans240x10.gif 240w, https:\/\/www.cpv-ev.com\/wp-content\/uploads\/2012\/07\/trans240x10-225x10.gif 225w\" sizes=\"auto, (max-width: 240px) 100vw, 240px\" \/><\/td>\n<td valign=\"top\" width=\"359\">&nbsp;<\/td>\n<\/tr>\n<tr>\n<td valign=\"top\" width=\"359\"><strong>Gek\u00f6rte S\u00f6hne: <\/strong>bisher keine<\/td>\n<td valign=\"top\" width=\"359\"><strong>Eingetragene Stuten:<\/strong> 2<strong><br \/>\n<\/strong><\/td>\n<\/tr>\n<tr>\n<td valign=\"top\" width=\"359\">&nbsp;<\/td>\n<td valign=\"top\" width=\"359\"><strong>davon StPrSt: <\/strong>&#8211;<strong><br \/>\n<\/strong><\/td>\n<\/tr>\n<tr>\n<td valign=\"top\" width=\"359\"><img loading=\"lazy\" decoding=\"async\" src=\"https:\/\/www.cpv-ev.com\/wp-content\/uploads\/2012\/07\/trans240x10.gif\" alt=\"trans240x10\" width=\"240\" height=\"10\"><\/td>\n<td valign=\"top\" width=\"359\">&nbsp;<\/td>\n<\/tr>\n<tr>\n<td valign=\"top\" width=\"359\"><strong>Lebensgewinnsumme:<\/strong> &#8211;<img loading=\"lazy\" decoding=\"async\" class=\"alignnone size-full wp-image-232\" title=\"trans240x10\" src=\"https:\/\/www.cpv-ev.com\/wp-content\/uploads\/2012\/07\/trans240x10.gif\" alt=\"\" width=\"100\" height=\"20\"><\/td>\n<td valign=\"top\" width=\"359\"><strong>Nachkommen-LGS: <\/strong>&#8211;<strong><br \/>\n<\/strong><\/td>\n<\/tr>\n<tr>\n<td colspan=\"2\" valign=\"top\" width=\"717\"><img loading=\"lazy\" decoding=\"async\" src=\"https:\/\/www.cpv-ev.com\/wp-content\/uploads\/2012\/07\/trans240x10.gif\" alt=\"trans240x10\" width=\"240\" height=\"10\"><\/td>\n<\/tr>\n<tr>\n<td colspan=\"2\" valign=\"top\" width=\"717\"><strong>Z\u00fcchter &amp; Besitzer:<\/strong> Elke Wendel-Lander, Gest\u00fct Gaeltacht,Randeckerhof 3, 67680 Neuhemsbach<\/td>\n<\/tr>\n<tr>\n<td valign=\"top\" width=\"359\">Telefon: 06303-2221<\/td>\n<td valign=\"top\" width=\"359\">Mobil: 0172-6594702<\/td>\n<\/tr>\n<tr>\n<td valign=\"top\" width=\"307\">Email: <a href=\"mailto:elkelander@web.de\">elkelander@web.de<\/a><em><strong><br \/>\n<\/strong><\/em><\/td>\n<td valign=\"top\" width=\"307\">Website:<\/td>\n<\/tr>\n<\/tbody>\n<\/table>\n<h5>Pedigree<\/h5>\n<p><img loading=\"lazy\" decoding=\"async\" class=\"alignnone size-full wp-image-1834\" title=\"Gaeltacht Fame\" src=\"https:\/\/www.cpv-ev.com\/wp-content\/uploads\/2012\/07\/gaeltacht-fame_ped.jpg\" alt=\"\" width=\"685\" height=\"312\" srcset=\"https:\/\/www.cpv-ev.com\/wp-content\/uploads\/2012\/07\/gaeltacht-fame_ped.jpg 685w, https:\/\/www.cpv-ev.com\/wp-content\/uploads\/2012\/07\/gaeltacht-fame_ped-241x110.jpg 241w, https:\/\/www.cpv-ev.com\/wp-content\/uploads\/2012\/07\/gaeltacht-fame_ped-300x136.jpg 300w, https:\/\/www.cpv-ev.com\/wp-content\/uploads\/2012\/07\/gaeltacht-fame_ped-500x227.jpg 500w, https:\/\/www.cpv-ev.com\/wp-content\/uploads\/2012\/07\/gaeltacht-fame_ped-680x310.jpg 680w\" sizes=\"auto, (max-width: 685px) 100vw, 685px\" \/><br \/>\n&nbsp;<\/p>\n<h5>Galerie<\/h5>\n<p><a href=\"https:\/\/www.cpv-ev.com\/wp-content\/uploads\/2012\/07\/Gaeltacht_Fame.jpg\"><img loading=\"lazy\" decoding=\"async\" class=\"alignnone size-thumbnail wp-image-1214\" title=\"Gaeltacht Fame\" src=\"https:\/\/www.cpv-ev.com\/wp-content\/uploads\/2012\/07\/Gaeltacht_Fame-150x110.jpg\" alt=\"\" width=\"150\" height=\"110\" srcset=\"https:\/\/www.cpv-ev.com\/wp-content\/uploads\/2012\/07\/Gaeltacht_Fame-150x110.jpg 150w, https:\/\/www.cpv-ev.com\/wp-content\/uploads\/2012\/07\/Gaeltacht_Fame-152x110.jpg 152w\" sizes=\"auto, (max-width: 150px) 100vw, 150px\" \/><\/a>&nbsp; &nbsp;<a href=\"https:\/\/www.cpv-ev.com\/wp-content\/uploads\/2012\/07\/Gaeltacht_Fame1.jpg\"><img loading=\"lazy\" decoding=\"async\" class=\"alignnone size-thumbnail wp-image-1215\" title=\"Gaeltacht Fame\" src=\"https:\/\/www.cpv-ev.com\/wp-content\/uploads\/2012\/07\/Gaeltacht_Fame1-150x110.jpg\" alt=\"\" width=\"150\" height=\"110\"><\/a>&nbsp; &nbsp;<a href=\"https:\/\/www.cpv-ev.com\/wp-content\/uploads\/2012\/07\/Gaeltacht_Fame2.jpg\"><img loading=\"lazy\" decoding=\"async\" class=\"alignnone size-thumbnail wp-image-1216\" title=\"Gaeltacht Fame\" src=\"https:\/\/www.cpv-ev.com\/wp-content\/uploads\/2012\/07\/Gaeltacht_Fame2-150x110.jpg\" alt=\"\" width=\"150\" height=\"110\">&nbsp; <\/a><a href=\"https:\/\/www.cpv-ev.com\/wp-content\/uploads\/2019\/03\/Gaeltacht-Fame.jpg\"><img loading=\"lazy\" decoding=\"async\" class=\"alignnone size-thumbnail wp-image-23053\" src=\"https:\/\/www.cpv-ev.com\/wp-content\/uploads\/2019\/03\/Gaeltacht-Fame-147x110.jpg\" alt=\"\" width=\"147\" height=\"110\" srcset=\"https:\/\/www.cpv-ev.com\/wp-content\/uploads\/2019\/03\/Gaeltacht-Fame-147x110.jpg 147w, https:\/\/www.cpv-ev.com\/wp-content\/uploads\/2019\/03\/Gaeltacht-Fame-300x225.jpg 300w, https:\/\/www.cpv-ev.com\/wp-content\/uploads\/2019\/03\/Gaeltacht-Fame-500x375.jpg 500w, https:\/\/www.cpv-ev.com\/wp-content\/uploads\/2019\/03\/Gaeltacht-Fame-146x110.jpg 146w, https:\/\/www.cpv-ev.com\/wp-content\/uploads\/2019\/03\/Gaeltacht-Fame.jpg 747w\" sizes=\"auto, (max-width: 147px) 100vw, 147px\" \/><\/a><\/p>\n<h5>Nachkommen<\/h5>\n\n<table id=\"tablepress-18\" class=\"tablepress tablepress-id-18 mtr-table mtr-thead-th\">\n<thead>\n<tr class=\"row-1\">\n\t<th class=\"column-1 mtr-th-tag\" data-mtr-content=\"FOTO\"><div class=\"mtr-cell-content\">FOTO<\/div><\/th><th class=\"column-2 mtr-th-tag\" data-mtr-content=\"NAME\"><div class=\"mtr-cell-content\">NAME<\/div><\/th><th class=\"column-3 mtr-th-tag\" data-mtr-content=\"JAHR\"><div class=\"mtr-cell-content\">JAHR<\/div><\/th><th class=\"column-4 mtr-th-tag\" data-mtr-content=\"VATER\"><div class=\"mtr-cell-content\">VATER<\/div><\/th><th class=\"column-5 mtr-th-tag\" data-mtr-content=\"MUTTER\"><div class=\"mtr-cell-content\">MUTTER<\/div><\/th><th class=\"column-6 mtr-th-tag\" data-mtr-content=\"Z\u00dcCHTER\"><div class=\"mtr-cell-content\">Z\u00dcCHTER<\/div><\/th>\n<\/tr>\n<\/thead>\n<tbody class=\"row-striping row-hover\">\n<tr class=\"row-2\">\n\t<td class=\"column-1 mtr-td-tag\" data-mtr-content=\"FOTO\"><div class=\"mtr-cell-content\"><a href=\"https:\/\/www.cpv-ev.com\/wp-content\/uploads\/2013\/11\/Gaeltacht-Barnaby.jpg\"><img loading=\"lazy\" decoding=\"async\" src=\"https:\/\/www.cpv-ev.com\/wp-content\/uploads\/2013\/11\/Gaeltacht-Barnaby-110x110.jpg\" alt=\"\" width=\"110\" height=\"110\" class=\"alignnone size-thumbnail wp-image-6814\" srcset=\"https:\/\/www.cpv-ev.com\/wp-content\/uploads\/2013\/11\/Gaeltacht-Barnaby-110x110.jpg 110w, https:\/\/www.cpv-ev.com\/wp-content\/uploads\/2013\/11\/Gaeltacht-Barnaby-150x150.jpg 150w\" sizes=\"auto, (max-width: 110px) 100vw, 110px\"><\/a><\/div><\/td><td class=\"column-2 mtr-td-tag\" data-mtr-content=\"NAME\"><div class=\"mtr-cell-content\"><b>GAELTACHT <br>BARNABY<\/b><br><br>Hengst<br>Falbe<br>2004<br><br><\/div><\/td><td class=\"column-3 mtr-td-tag\" data-mtr-content=\"JAHR\"><div class=\"mtr-cell-content\">2004<\/div><\/td><td class=\"column-4 mtr-td-tag\" data-mtr-content=\"VATER\"><div class=\"mtr-cell-content\">Gaeltacht Fame<\/div><\/td><td class=\"column-5 mtr-td-tag\" data-mtr-content=\"MUTTER\"><div class=\"mtr-cell-content\">Gaeltacht Lilian<br>v. Grey Rock Bonner<\/div><\/td><td class=\"column-6 mtr-td-tag\" data-mtr-content=\"Z\u00dcCHTER\"><div class=\"mtr-cell-content\">Gaeltacht<br>Elke Wendel-Lander<br>67680 Neuhemsbach<br><\/div><\/td>\n<\/tr>\n<tr class=\"row-3\">\n\t<td class=\"column-1 mtr-td-tag\" data-mtr-content=\"FOTO\"><div class=\"mtr-cell-content\"><\/div><\/td><td class=\"column-2 mtr-td-tag\" data-mtr-content=\"NAME\"><div class=\"mtr-cell-content\"><b>GAELTACHT <br>BHAILINTIN<\/b><br><br>Hengst<br>Braunschimmel<br>2002<br><br><\/div><\/td><td class=\"column-3 mtr-td-tag\" data-mtr-content=\"JAHR\"><div class=\"mtr-cell-content\">2002<\/div><\/td><td class=\"column-4 mtr-td-tag\" data-mtr-content=\"VATER\"><div class=\"mtr-cell-content\">Gaeltacht Fame<\/div><\/td><td class=\"column-5 mtr-td-tag\" data-mtr-content=\"MUTTER\"><div class=\"mtr-cell-content\">Meavis van Graaf Janshof<br>v. Abbeyleix Finn<\/div><\/td><td class=\"column-6 mtr-td-tag\" data-mtr-content=\"Z\u00dcCHTER\"><div class=\"mtr-cell-content\">Gaeltacht<br>Elke Wendel-Lander<br>67680 Neuhemsbach<br><\/div><\/td>\n<\/tr>\n<tr class=\"row-4\">\n\t<td class=\"column-1 mtr-td-tag\" data-mtr-content=\"FOTO\"><div class=\"mtr-cell-content\"><a href=\"https:\/\/www.cpv-ev.com\/wp-content\/uploads\/2012\/07\/Gaeltacht_Chieftain.jpg\"><img loading=\"lazy\" decoding=\"async\" src=\"https:\/\/www.cpv-ev.com\/wp-content\/uploads\/2012\/07\/Gaeltacht_Chieftain-110x110.jpg\" alt=\"\" title=\"Gaeltacht Chieftain\" width=\"110\" height=\"110\" class=\"alignnone size-thumbnail wp-image-996\" srcset=\"https:\/\/www.cpv-ev.com\/wp-content\/uploads\/2012\/07\/Gaeltacht_Chieftain-110x110.jpg 110w, https:\/\/www.cpv-ev.com\/wp-content\/uploads\/2012\/07\/Gaeltacht_Chieftain-150x150.jpg 150w\" sizes=\"auto, (max-width: 110px) 100vw, 110px\"><\/a><\/div><\/td><td class=\"column-2 mtr-td-tag\" data-mtr-content=\"NAME\"><div class=\"mtr-cell-content\"><b>GAELTACHT <br>CHIEFTAIN<\/b><br><br>Hengst<br>Braunschimmel<br>2008<br><br><\/div><\/td><td class=\"column-3 mtr-td-tag\" data-mtr-content=\"JAHR\"><div class=\"mtr-cell-content\">2008<\/div><\/td><td class=\"column-4 mtr-td-tag\" data-mtr-content=\"VATER\"><div class=\"mtr-cell-content\">Gaeltacht Fame<\/div><\/td><td class=\"column-5 mtr-td-tag\" data-mtr-content=\"MUTTER\"><div class=\"mtr-cell-content\">Potter's Laughing Maeve Na'm Ban<br>v. Atlantic Cliff<\/div><\/td><td class=\"column-6 mtr-td-tag\" data-mtr-content=\"Z\u00dcCHTER\"><div class=\"mtr-cell-content\">Gaeltacht<br>Elke Wendel-Lander<br>67680 Neuhemsbach<br><\/div><\/td>\n<\/tr>\n<tr class=\"row-5\">\n\t<td class=\"column-1 mtr-td-tag\" data-mtr-content=\"FOTO\"><div class=\"mtr-cell-content\"><a href=\"https:\/\/www.cpv-ev.com\/wp-content\/uploads\/2012\/07\/Gaeltacht_Doubhlainn.jpg\"><img loading=\"lazy\" decoding=\"async\" src=\"https:\/\/www.cpv-ev.com\/wp-content\/uploads\/2012\/07\/Gaeltacht_Doubhlainn-110x110.jpg\" alt=\"\" title=\"Gaeltacht Doubhlainn\" width=\"110\" height=\"110\" class=\"alignnone size-thumbnail wp-image-997\" srcset=\"https:\/\/www.cpv-ev.com\/wp-content\/uploads\/2012\/07\/Gaeltacht_Doubhlainn-110x110.jpg 110w, https:\/\/www.cpv-ev.com\/wp-content\/uploads\/2012\/07\/Gaeltacht_Doubhlainn-150x150.jpg 150w\" sizes=\"auto, (max-width: 110px) 100vw, 110px\"><\/a><\/div><\/td><td class=\"column-2 mtr-td-tag\" data-mtr-content=\"NAME\"><div class=\"mtr-cell-content\"><b>GAELTACHT <br>DOUBHLINN<\/b><br><br>Hengst<br>Rappschimmel<br>2008<br><br><\/div><\/td><td class=\"column-3 mtr-td-tag\" data-mtr-content=\"JAHR\"><div class=\"mtr-cell-content\">2008<\/div><\/td><td class=\"column-4 mtr-td-tag\" data-mtr-content=\"VATER\"><div class=\"mtr-cell-content\">Gaeltacht Fame<\/div><\/td><td class=\"column-5 mtr-td-tag\" data-mtr-content=\"MUTTER\"><div class=\"mtr-cell-content\">Gaeltacht Lilian<br>v. Grey Rock Bonner<\/div><\/td><td class=\"column-6 mtr-td-tag\" data-mtr-content=\"Z\u00dcCHTER\"><div class=\"mtr-cell-content\">Gaeltacht<br>Elke Wendel-Lander<br>67680 Neuhemsbach<br><\/div><\/td>\n<\/tr>\n<tr class=\"row-6\">\n\t<td class=\"column-1 mtr-td-tag\" data-mtr-content=\"FOTO\"><div class=\"mtr-cell-content\"><\/div><\/td><td class=\"column-2 mtr-td-tag\" data-mtr-content=\"NAME\"><div class=\"mtr-cell-content\"><b>GAELTACHT <br>DUNCAN<\/b><br><br>Hengst<br>Braunfalbe<br>2010<br><br><\/div><\/td><td class=\"column-3 mtr-td-tag\" data-mtr-content=\"JAHR\"><div class=\"mtr-cell-content\">2010<\/div><\/td><td class=\"column-4 mtr-td-tag\" data-mtr-content=\"VATER\"><div class=\"mtr-cell-content\">Gaeltacht Fame<\/div><\/td><td class=\"column-5 mtr-td-tag\" data-mtr-content=\"MUTTER\"><div class=\"mtr-cell-content\">Gaeltacht Lilian<br>v. Grey Rock Bonner<\/div><\/td><td class=\"column-6 mtr-td-tag\" data-mtr-content=\"Z\u00dcCHTER\"><div class=\"mtr-cell-content\">Gaeltacht<br>Elke Wendel-Lander<br>67680 Neuhemsbach<br><\/div><\/td>\n<\/tr>\n<tr class=\"row-7\">\n\t<td class=\"column-1 mtr-td-tag\" data-mtr-content=\"FOTO\"><div class=\"mtr-cell-content\"><\/div><\/td><td class=\"column-2 mtr-td-tag\" data-mtr-content=\"NAME\"><div class=\"mtr-cell-content\"><b>GAELTACHT <br>GAVIN<\/b><br><br>Hengst<br>Schimmel<br>2009<br><br><\/div><\/td><td class=\"column-3 mtr-td-tag\" data-mtr-content=\"JAHR\"><div class=\"mtr-cell-content\">2009<\/div><\/td><td class=\"column-4 mtr-td-tag\" data-mtr-content=\"VATER\"><div class=\"mtr-cell-content\">Gaeltacht Fame<\/div><\/td><td class=\"column-5 mtr-td-tag\" data-mtr-content=\"MUTTER\"><div class=\"mtr-cell-content\">Potter's Laughing Maeve Na'm Ban<br>v. Atlantic Cliff<\/div><\/td><td class=\"column-6 mtr-td-tag\" data-mtr-content=\"Z\u00dcCHTER\"><div class=\"mtr-cell-content\">Gaeltacht<br>Elke Wendel-Lander<br>67680 Neuhemsbach<br><\/div><\/td>\n<\/tr>\n<tr class=\"row-8\">\n\t<td class=\"column-1 mtr-td-tag\" data-mtr-content=\"FOTO\"><div class=\"mtr-cell-content\"><a href=\"https:\/\/www.cpv-ev.com\/wp-content\/uploads\/2013\/11\/Gaeltacht-Gillian.jpg\"><img loading=\"lazy\" decoding=\"async\" src=\"https:\/\/www.cpv-ev.com\/wp-content\/uploads\/2013\/11\/Gaeltacht-Gillian-110x110.jpg\" alt=\"\" width=\"110\" height=\"110\" class=\"alignnone size-thumbnail wp-image-7210\" srcset=\"https:\/\/www.cpv-ev.com\/wp-content\/uploads\/2013\/11\/Gaeltacht-Gillian-110x110.jpg 110w, https:\/\/www.cpv-ev.com\/wp-content\/uploads\/2013\/11\/Gaeltacht-Gillian-150x150.jpg 150w\" sizes=\"auto, (max-width: 110px) 100vw, 110px\"><\/a><\/div><\/td><td class=\"column-2 mtr-td-tag\" data-mtr-content=\"NAME\"><div class=\"mtr-cell-content\"><b>GAELTACHT <br>GILLIAN<\/b><br>DE451510096702<br><br>Stute<br>Braunschimmel<br>2002<br><br><\/div><\/td><td class=\"column-3 mtr-td-tag\" data-mtr-content=\"JAHR\"><div class=\"mtr-cell-content\">2002<\/div><\/td><td class=\"column-4 mtr-td-tag\" data-mtr-content=\"VATER\"><div class=\"mtr-cell-content\">Gaeltacht Fame<\/div><\/td><td class=\"column-5 mtr-td-tag\" data-mtr-content=\"MUTTER\"><div class=\"mtr-cell-content\">Gaeltacht Lilian<br>v. Grey Rock Bonner<\/div><\/td><td class=\"column-6 mtr-td-tag\" data-mtr-content=\"Z\u00dcCHTER\"><div class=\"mtr-cell-content\">Gaeltacht<br>Elke Wendel-Lander<br>67680 Neuhemsbach<br><\/div><\/td>\n<\/tr>\n<tr class=\"row-9\">\n\t<td class=\"column-1 mtr-td-tag\" data-mtr-content=\"FOTO\"><div class=\"mtr-cell-content\"><\/div><\/td><td class=\"column-2 mtr-td-tag\" data-mtr-content=\"NAME\"><div class=\"mtr-cell-content\"><b>GAELTACHT <br>LOUBHLAINN<\/b><br>VbPrSt<br><br>Stute<br>Schimmel<br>2009<br><br><\/div><\/td><td class=\"column-3 mtr-td-tag\" data-mtr-content=\"JAHR\"><div class=\"mtr-cell-content\">2009<\/div><\/td><td class=\"column-4 mtr-td-tag\" data-mtr-content=\"VATER\"><div class=\"mtr-cell-content\">Gaeltacht Fame<\/div><\/td><td class=\"column-5 mtr-td-tag\" data-mtr-content=\"MUTTER\"><div class=\"mtr-cell-content\">Gaeltacht Lilian<br>v. Grey Rock Bonner<\/div><\/td><td class=\"column-6 mtr-td-tag\" data-mtr-content=\"Z\u00dcCHTER\"><div class=\"mtr-cell-content\">Gaeltacht<br>Elke Wendel-Lander<br>67680 Neuhemsbach<br><\/div><\/td>\n<\/tr>\n<tr class=\"row-10\">\n\t<td class=\"column-1 mtr-td-tag\" data-mtr-content=\"FOTO\"><div class=\"mtr-cell-content\"><a href=\"https:\/\/www.cpv-ev.com\/wp-content\/uploads\/2012\/11\/Gaeltacht_Loulou.jpg\"><img loading=\"lazy\" decoding=\"async\" src=\"https:\/\/www.cpv-ev.com\/wp-content\/uploads\/2012\/11\/Gaeltacht_Loulou-110x110.jpg\" alt=\"\" title=\"Gaeltacht Loulou\" width=\"110\" height=\"110\" class=\"alignnone size-thumbnail wp-image-5487\" srcset=\"https:\/\/www.cpv-ev.com\/wp-content\/uploads\/2012\/11\/Gaeltacht_Loulou-110x110.jpg 110w, https:\/\/www.cpv-ev.com\/wp-content\/uploads\/2012\/11\/Gaeltacht_Loulou-150x150.jpg 150w\" sizes=\"auto, (max-width: 110px) 100vw, 110px\"><\/a><\/div><\/td><td class=\"column-2 mtr-td-tag\" data-mtr-content=\"NAME\"><div class=\"mtr-cell-content\"><b>GAELTACHT <br>LOULOU<\/b><br><br>Stute<br>Braun<br>2005<br><br><\/div><\/td><td class=\"column-3 mtr-td-tag\" data-mtr-content=\"JAHR\"><div class=\"mtr-cell-content\">2005<\/div><\/td><td class=\"column-4 mtr-td-tag\" data-mtr-content=\"VATER\"><div class=\"mtr-cell-content\">Gaeltacht Fame<\/div><\/td><td class=\"column-5 mtr-td-tag\" data-mtr-content=\"MUTTER\"><div class=\"mtr-cell-content\">Gaeltacht Lilian<br>v. Grey Rock Bonner<\/div><\/td><td class=\"column-6 mtr-td-tag\" data-mtr-content=\"Z\u00dcCHTER\"><div class=\"mtr-cell-content\">Gaeltacht<br>Elke Wendel-Lander<br>67680 Neuhemsbach<br><\/div><\/td>\n<\/tr>\n<tr class=\"row-11\">\n\t<td class=\"column-1 mtr-td-tag\" data-mtr-content=\"FOTO\"><div class=\"mtr-cell-content\"><a href=\"https:\/\/www.cpv-ev.com\/wp-content\/uploads\/2013\/11\/Gaeltacht-Mary-Rose.jpg\"><img loading=\"lazy\" decoding=\"async\" src=\"https:\/\/www.cpv-ev.com\/wp-content\/uploads\/2013\/11\/Gaeltacht-Mary-Rose-e1384266909695-110x110.jpg\" alt=\"\" width=\"110\" height=\"110\" class=\"alignnone size-thumbnail wp-image-6924\"><\/a><\/div><\/td><td class=\"column-2 mtr-td-tag\" data-mtr-content=\"NAME\"><div class=\"mtr-cell-content\"><b>GAELTACHT <br>MARY ROSE<\/b><br><br>Stute<br>Palominoschimmel<br>2003<br><br><\/div><\/td><td class=\"column-3 mtr-td-tag\" data-mtr-content=\"JAHR\"><div class=\"mtr-cell-content\">2003<\/div><\/td><td class=\"column-4 mtr-td-tag\" data-mtr-content=\"VATER\"><div class=\"mtr-cell-content\">Gaeltacht Fame<\/div><\/td><td class=\"column-5 mtr-td-tag\" data-mtr-content=\"MUTTER\"><div class=\"mtr-cell-content\">Meavis van Graaf Janshof<br>v. Abbeyleix Finn<\/div><\/td><td class=\"column-6 mtr-td-tag\" data-mtr-content=\"Z\u00dcCHTER\"><div class=\"mtr-cell-content\">Gaeltacht<br>Elke Wendel-Lander<br>67680 Neuhemsbach<br><\/div><\/td>\n<\/tr>\n<tr class=\"row-12\">\n\t<td class=\"column-1 mtr-td-tag\" data-mtr-content=\"FOTO\"><div class=\"mtr-cell-content\"><a href=\"https:\/\/www.cpv-ev.com\/wp-content\/uploads\/2013\/11\/Gaeltacht-Pauline1.jpg\"><img loading=\"lazy\" decoding=\"async\" src=\"https:\/\/www.cpv-ev.com\/wp-content\/uploads\/2013\/11\/Gaeltacht-Pauline1-110x110.jpg\" alt=\"\" width=\"110\" height=\"110\" class=\"alignnone size-thumbnail wp-image-6872\" srcset=\"https:\/\/www.cpv-ev.com\/wp-content\/uploads\/2013\/11\/Gaeltacht-Pauline1-110x110.jpg 110w, https:\/\/www.cpv-ev.com\/wp-content\/uploads\/2013\/11\/Gaeltacht-Pauline1-150x150.jpg 150w\" sizes=\"auto, (max-width: 110px) 100vw, 110px\"><\/a><\/div><\/td><td class=\"column-2 mtr-td-tag\" data-mtr-content=\"NAME\"><div class=\"mtr-cell-content\"><b>GAELTACHT <br>PAULINE<\/b><br><br>Stute<br>Falbschimmel<br>2004<br><br><\/div><\/td><td class=\"column-3 mtr-td-tag\" data-mtr-content=\"JAHR\"><div class=\"mtr-cell-content\">2004<\/div><\/td><td class=\"column-4 mtr-td-tag\" data-mtr-content=\"VATER\"><div class=\"mtr-cell-content\">Gaeltacht Fame<\/div><\/td><td class=\"column-5 mtr-td-tag\" data-mtr-content=\"MUTTER\"><div class=\"mtr-cell-content\">Potter's Laughing Maeve Na'm Ban<br>v. Atlantic Cliff<\/div><\/td><td class=\"column-6 mtr-td-tag\" data-mtr-content=\"Z\u00dcCHTER\"><div class=\"mtr-cell-content\">Gaeltacht<br>Elke Wendel-Lander<br>67680 Neuhemsbach<br><\/div><\/td>\n<\/tr>\n<tr class=\"row-13\">\n\t<td class=\"column-1 mtr-td-tag\" data-mtr-content=\"FOTO\"><div class=\"mtr-cell-content\"><\/div><\/td><td class=\"column-2 mtr-td-tag\" data-mtr-content=\"NAME\"><div class=\"mtr-cell-content\"><b>GAELTACHT <br>PEBBLES<\/b><br><br>Stute<br>Schimmel<br>2007<br><br><\/div><\/td><td class=\"column-3 mtr-td-tag\" data-mtr-content=\"JAHR\"><div class=\"mtr-cell-content\">2007<\/div><\/td><td class=\"column-4 mtr-td-tag\" data-mtr-content=\"VATER\"><div class=\"mtr-cell-content\">Gaeltacht Fame<\/div><\/td><td class=\"column-5 mtr-td-tag\" data-mtr-content=\"MUTTER\"><div class=\"mtr-cell-content\">Potter's Laughing Maeve Na'm Ban<br>v. Atlantic Cliff<\/div><\/td><td class=\"column-6 mtr-td-tag\" data-mtr-content=\"Z\u00dcCHTER\"><div class=\"mtr-cell-content\">Gaeltacht<br>Elke Wendel-Lander<br>67680 Neuhemsbach<br><\/div><\/td>\n<\/tr>\n<tr class=\"row-14\">\n\t<td class=\"column-1 mtr-td-tag\" data-mtr-content=\"FOTO\"><div class=\"mtr-cell-content\"><\/div><\/td><td class=\"column-2 mtr-td-tag\" data-mtr-content=\"NAME\"><div class=\"mtr-cell-content\"><b>GAELTACHT <br>PENELOPE<\/b><br><br>Stute<br>Schimmel<br>2005<br><br><\/div><\/td><td class=\"column-3 mtr-td-tag\" data-mtr-content=\"JAHR\"><div class=\"mtr-cell-content\">2005<\/div><\/td><td class=\"column-4 mtr-td-tag\" data-mtr-content=\"VATER\"><div class=\"mtr-cell-content\">Gaeltacht Fame<\/div><\/td><td class=\"column-5 mtr-td-tag\" data-mtr-content=\"MUTTER\"><div class=\"mtr-cell-content\">Potter's Laughing Maeve Na'm Ban<br>v. Atlantic Cliff<\/div><\/td><td class=\"column-6 mtr-td-tag\" data-mtr-content=\"Z\u00dcCHTER\"><div class=\"mtr-cell-content\">Gaeltacht<br>Elke Wendel-Lander<br>67680 Neuhemsbach<br><\/div><\/td>\n<\/tr>\n<\/tbody>\n<\/table>\n<!-- #tablepress-18 from cache -->\n","protected":false},"excerpt":{"rendered":"<p>&nbsp; Farbe: Schimmel Geburtsfarbe: Braunfalbe Hengstbuch: Rheinland-Pfalz-Saar HB II K\u00f6rung: 16.06.1999 Standenb\u00fchl Geboren: 1996 Leistungspr\u00fcfung: bisher keine Stockma\u00df: 149 cm Tr\u00e4ger des Creme-Faktors: ja R\u00f6hrbein: 22 cm Tr\u00e4ger des Fuchsgens: ja Deckbedingungen: auf Anfrage Decktaxe: auf Anfrage &nbsp; Gek\u00f6rte S\u00f6hne: <a class=\"more-link\" href=\"https:\/\/www.cpv-ev.com\/?page_id=417\"><span class=\"screen-reader-text\">  Gaeltacht Fame<\/span> weiterlesen<span class=\"meta-nav\">&rarr;<\/span><\/a><\/p>\n","protected":false},"author":1,"featured_media":0,"parent":97,"menu_order":0,"comment_status":"closed","ping_status":"open","template":"","meta":{"ngg_post_thumbnail":0,"footnotes":""},"class_list":["post-417","page","type-page","status-publish","hentry"],"_links":{"self":[{"href":"https:\/\/www.cpv-ev.com\/index.php?rest_route=\/wp\/v2\/pages\/417","targetHints":{"allow":["GET"]}}],"collection":[{"href":"https:\/\/www.cpv-ev.com\/index.php?rest_route=\/wp\/v2\/pages"}],"about":[{"href":"https:\/\/www.cpv-ev.com\/index.php?rest_route=\/wp\/v2\/types\/page"}],"author":[{"embeddable":true,"href":"https:\/\/www.cpv-ev.com\/index.php?rest_route=\/wp\/v2\/users\/1"}],"replies":[{"embeddable":true,"href":"https:\/\/www.cpv-ev.com\/index.php?rest_route=%2Fwp%2Fv2%2Fcomments&post=417"}],"version-history":[{"count":1,"href":"https:\/\/www.cpv-ev.com\/index.php?rest_route=\/wp\/v2\/pages\/417\/revisions"}],"predecessor-version":[{"id":30146,"href":"https:\/\/www.cpv-ev.com\/index.php?rest_route=\/wp\/v2\/pages\/417\/revisions\/30146"}],"up":[{"embeddable":true,"href":"https:\/\/www.cpv-ev.com\/index.php?rest_route=\/wp\/v2\/pages\/97"}],"wp:attachment":[{"href":"https:\/\/www.cpv-ev.com\/index.php?rest_route=%2Fwp%2Fv2%2Fmedia&parent=417"}],"curies":[{"name":"wp","href":"https:\/\/api.w.org\/{rel}","templated":true}]}}