{"id":405,"date":"2012-07-16T10:18:48","date_gmt":"2012-07-16T08:18:48","guid":{"rendered":"https:\/\/www.cpv-ev.com\/?page_id=405"},"modified":"2018-04-10T09:11:12","modified_gmt":"2018-04-10T07:11:12","slug":"doneen-fionn","status":"publish","type":"page","link":"https:\/\/www.cpv-ev.com\/?page_id=405","title":{"rendered":"Dooneen Fionn"},"content":{"rendered":"<p>&nbsp;<\/p>\n<table cellspacing=\"0\" cellpadding=\"0\" border=\"1\">\n<tbody>\n<tr>\n<td width=\"359\" valign=\"top\"><strong>Farbe:<\/strong> Falbe<\/td>\n<td width=\"359\" valign=\"top\"><strong>Hengstbuch:<\/strong> ZfdP HB I<\/td>\n<\/tr>\n<tr>\n<td width=\"359\" valign=\"top\"><strong>Geboren:<\/strong> 2007<\/td>\n<td width=\"359\" valign=\"top\"><strong>Leistungspr\u00fcfung: <\/strong>keine<strong><br \/>\n<\/strong><\/td>\n<\/tr>\n<tr>\n<td width=\"359\" valign=\"top\"><strong>Stockma\u00df: <\/strong>146 cm<\/td>\n<td width=\"359\" valign=\"top\"><strong>Tr\u00e4ger des Creme-Faktors:<\/strong> ja<\/td>\n<\/tr>\n<tr>\n<td width=\"359\" valign=\"top\"><strong>R\u00f6hrbein: <\/strong><strong><br \/>\n<\/strong><\/td>\n<td width=\"359\" valign=\"top\"><strong>Tr\u00e4ger des Fuchsgens:<\/strong> unbekannt<\/td>\n<\/tr>\n<tr>\n<td width=\"359\" valign=\"top\"><strong>Ausgeschieden: <\/strong>kastriert<strong><br \/>\n<\/strong><\/td>\n<td width=\"359\" valign=\"top\">&nbsp;<\/td>\n<\/tr>\n<tr>\n<td width=\"359\" valign=\"top\"><img loading=\"lazy\" decoding=\"async\" class=\"alignnone size-full wp-image-232\" src=\"https:\/\/www.cpv-ev.com\/wp-content\/uploads\/2012\/07\/trans240x10.gif\" alt=\"trans240x10\" width=\"240\" height=\"10\" srcset=\"https:\/\/www.cpv-ev.com\/wp-content\/uploads\/2012\/07\/trans240x10.gif 240w, https:\/\/www.cpv-ev.com\/wp-content\/uploads\/2012\/07\/trans240x10-225x10.gif 225w\" sizes=\"auto, (max-width: 240px) 100vw, 240px\" \/><\/td>\n<td width=\"359\" valign=\"top\">&nbsp;<\/td>\n<\/tr>\n<tr>\n<td width=\"359\" valign=\"top\"><strong>Gek\u00f6rte S\u00f6hne: <\/strong>keine<strong><br \/>\n<\/strong><\/td>\n<td width=\"359\" valign=\"top\"><strong>Eingetragene Stuten: <\/strong>&#8211;<strong><br \/>\n<\/strong><\/td>\n<\/tr>\n<tr>\n<td width=\"359\" valign=\"top\">&nbsp;<\/td>\n<td width=\"359\" valign=\"top\"><strong>davon StPrSt: <\/strong>&#8211;<\/td>\n<\/tr>\n<tr>\n<td width=\"359\" valign=\"top\"><img loading=\"lazy\" decoding=\"async\" src=\"https:\/\/www.cpv-ev.com\/wp-content\/uploads\/2012\/07\/trans240x10.gif\" alt=\"trans240x10\" width=\"240\" height=\"10\"><\/td>\n<td width=\"359\" valign=\"top\">&nbsp;<\/td>\n<\/tr>\n<tr>\n<td width=\"359\" valign=\"top\"><strong>Lebensgewinnsumme:<\/strong> &#8211;<img loading=\"lazy\" decoding=\"async\" class=\"alignnone size-full wp-image-232\" title=\"trans240x10\" src=\"https:\/\/www.cpv-ev.com\/wp-content\/uploads\/2012\/07\/trans240x10.gif\" alt=\"\" width=\"100\" height=\"20\"><\/td>\n<td width=\"359\" valign=\"top\"><strong>Nachkommen-LGS: <\/strong>&#8211;<strong><br \/>\n<\/strong><\/td>\n<\/tr>\n<tr>\n<td colspan=\"2\" width=\"717\" valign=\"top\"><img loading=\"lazy\" decoding=\"async\" src=\"https:\/\/www.cpv-ev.com\/wp-content\/uploads\/2012\/07\/trans240x10.gif\" alt=\"trans240x10\" width=\"240\" height=\"10\"><\/td>\n<\/tr>\n<tr>\n<td colspan=\"2\" width=\"717\" valign=\"top\"><strong><strong>Z\u00fcchter: <\/strong><\/strong>Peter Molloy, Irland<strong><strong><br \/>\n<\/strong><\/strong><strong>Besitzer: <\/strong>Elisabeth &amp; Bernd Lindemann, Gest\u00fct Springfield, 29640 Schneverdingen<\/td>\n<\/tr>\n<tr>\n<td width=\"359\" valign=\"top\">&nbsp;<\/td>\n<td width=\"359\" valign=\"top\">&nbsp;<\/td>\n<\/tr>\n<tr>\n<td colspan=\"2\" width=\"717\" valign=\"top\">&nbsp;<\/td>\n<\/tr>\n<\/tbody>\n<\/table>\n<h5>Pedigree<\/h5>\n<p><img loading=\"lazy\" decoding=\"async\" class=\"alignnone size-full wp-image-1822\" title=\"Doneen Fionn\" src=\"https:\/\/www.cpv-ev.com\/wp-content\/uploads\/2012\/07\/Doneen-Fionn_ped.jpg\" alt=\"\" width=\"685\" height=\"312\" srcset=\"https:\/\/www.cpv-ev.com\/wp-content\/uploads\/2012\/07\/Doneen-Fionn_ped.jpg 685w, https:\/\/www.cpv-ev.com\/wp-content\/uploads\/2012\/07\/Doneen-Fionn_ped-241x110.jpg 241w, https:\/\/www.cpv-ev.com\/wp-content\/uploads\/2012\/07\/Doneen-Fionn_ped-300x136.jpg 300w, https:\/\/www.cpv-ev.com\/wp-content\/uploads\/2012\/07\/Doneen-Fionn_ped-500x227.jpg 500w, https:\/\/www.cpv-ev.com\/wp-content\/uploads\/2012\/07\/Doneen-Fionn_ped-680x310.jpg 680w\" sizes=\"auto, (max-width: 685px) 100vw, 685px\" \/><\/p>\n<h5>Galerie<\/h5>\n<p><a href=\"https:\/\/www.cpv-ev.com\/wp-content\/uploads\/2012\/07\/Dooneen_Fionn.jpg\"><img loading=\"lazy\" decoding=\"async\" class=\"alignnone size-thumbnail wp-image-1121\" title=\"Dooneen Fionn\" src=\"https:\/\/www.cpv-ev.com\/wp-content\/uploads\/2012\/07\/Dooneen_Fionn-150x110.jpg\" alt=\"\" width=\"150\" height=\"110\"><\/a>&nbsp; &nbsp;<a href=\"https:\/\/www.cpv-ev.com\/wp-content\/uploads\/2012\/07\/Dooneen_Fionn4.jpg\"><img loading=\"lazy\" decoding=\"async\" class=\"alignnone size-thumbnail wp-image-1122\" title=\"Dooneen Fionn\" src=\"https:\/\/www.cpv-ev.com\/wp-content\/uploads\/2012\/07\/Dooneen_Fionn4-150x110.jpg\" alt=\"\" width=\"130\" height=\"110\"><\/a>&nbsp; &nbsp;<a href=\"https:\/\/www.cpv-ev.com\/wp-content\/uploads\/2012\/07\/Dooneen_Fionn1.jpg\"><img loading=\"lazy\" decoding=\"async\" class=\"alignnone size-thumbnail wp-image-1123\" title=\"Dooneen Fionn\" src=\"https:\/\/www.cpv-ev.com\/wp-content\/uploads\/2012\/07\/Dooneen_Fionn1-110x110.jpg\" alt=\"\" width=\"110\" height=\"110\" srcset=\"https:\/\/www.cpv-ev.com\/wp-content\/uploads\/2012\/07\/Dooneen_Fionn1-110x110.jpg 110w, https:\/\/www.cpv-ev.com\/wp-content\/uploads\/2012\/07\/Dooneen_Fionn1-150x150.jpg 150w\" sizes=\"auto, (max-width: 110px) 100vw, 110px\" \/><\/a>&nbsp; &nbsp;<a href=\"https:\/\/www.cpv-ev.com\/wp-content\/uploads\/2012\/07\/Dooneen_Fionn2.jpg\"><img loading=\"lazy\" decoding=\"async\" class=\"alignnone size-thumbnail wp-image-1124\" title=\"Dooneen Fionn\" src=\"https:\/\/www.cpv-ev.com\/wp-content\/uploads\/2012\/07\/Dooneen_Fionn2-110x110.jpg\" alt=\"\" width=\"110\" height=\"110\" srcset=\"https:\/\/www.cpv-ev.com\/wp-content\/uploads\/2012\/07\/Dooneen_Fionn2-110x110.jpg 110w, https:\/\/www.cpv-ev.com\/wp-content\/uploads\/2012\/07\/Dooneen_Fionn2-150x150.jpg 150w\" sizes=\"auto, (max-width: 110px) 100vw, 110px\" \/><\/a>&nbsp; &nbsp;<a href=\"https:\/\/www.cpv-ev.com\/wp-content\/uploads\/2012\/07\/Dooneen_Fionn3.jpg\"><img loading=\"lazy\" decoding=\"async\" class=\"alignnone size-thumbnail wp-image-1125\" title=\"Dooneen Fionn\" src=\"https:\/\/www.cpv-ev.com\/wp-content\/uploads\/2012\/07\/Dooneen_Fionn3-110x110.jpg\" alt=\"\" width=\"110\" height=\"110\" srcset=\"https:\/\/www.cpv-ev.com\/wp-content\/uploads\/2012\/07\/Dooneen_Fionn3-110x110.jpg 110w, https:\/\/www.cpv-ev.com\/wp-content\/uploads\/2012\/07\/Dooneen_Fionn3-150x150.jpg 150w\" sizes=\"auto, (max-width: 110px) 100vw, 110px\" \/><\/a><\/p>\n<h5>Nachkommen<\/h5>\n\n<table id=\"tablepress-18\" class=\"tablepress tablepress-id-18 mtr-table mtr-thead-th\">\n<thead>\n<tr class=\"row-1\">\n\t<th class=\"column-1 mtr-th-tag\" data-mtr-content=\"FOTO\"><div class=\"mtr-cell-content\">FOTO<\/div><\/th><th class=\"column-2 mtr-th-tag\" data-mtr-content=\"NAME\"><div class=\"mtr-cell-content\">NAME<\/div><\/th><th class=\"column-3 mtr-th-tag\" data-mtr-content=\"JAHR\"><div class=\"mtr-cell-content\">JAHR<\/div><\/th><th class=\"column-4 mtr-th-tag\" data-mtr-content=\"VATER\"><div class=\"mtr-cell-content\">VATER<\/div><\/th><th class=\"column-5 mtr-th-tag\" data-mtr-content=\"MUTTER\"><div class=\"mtr-cell-content\">MUTTER<\/div><\/th><th class=\"column-6 mtr-th-tag\" data-mtr-content=\"Z\u00dcCHTER\"><div class=\"mtr-cell-content\">Z\u00dcCHTER<\/div><\/th>\n<\/tr>\n<\/thead>\n<tbody class=\"row-striping row-hover\">\n<tr class=\"row-2\">\n\t<td class=\"column-1 mtr-td-tag\" data-mtr-content=\"FOTO\"><div class=\"mtr-cell-content\"><\/div><\/td><td class=\"column-2 mtr-td-tag\" data-mtr-content=\"NAME\"><div class=\"mtr-cell-content\"><b>SPRINGFIELD <br>KATIE<\/b><br>DE410100737913<br><br>Stute<br>Braun<br>*30.04.2013<br><br><\/div><\/td><td class=\"column-3 mtr-td-tag\" data-mtr-content=\"JAHR\"><div class=\"mtr-cell-content\">2013<\/div><\/td><td class=\"column-4 mtr-td-tag\" data-mtr-content=\"VATER\"><div class=\"mtr-cell-content\">Dooneen Fionn<\/div><\/td><td class=\"column-5 mtr-td-tag\" data-mtr-content=\"MUTTER\"><div class=\"mtr-cell-content\">Springfield Linnet<br>v. Ermelo Schueracher<\/div><\/td><td class=\"column-6 mtr-td-tag\" data-mtr-content=\"Z\u00dcCHTER\"><div class=\"mtr-cell-content\">Springfield<br>Elisabeth &amp; Bernd Lindemann<br>29640 Schneverdingen<br><\/div><\/td>\n<\/tr>\n<\/tbody>\n<\/table>\n<!-- #tablepress-18 from cache -->\n","protected":false},"excerpt":{"rendered":"<p>&nbsp; Farbe: Falbe Hengstbuch: ZfdP HB I Geboren: 2007 Leistungspr\u00fcfung: keine Stockma\u00df: 146 cm Tr\u00e4ger des Creme-Faktors: ja R\u00f6hrbein: Tr\u00e4ger des Fuchsgens: unbekannt Ausgeschieden: kastriert &nbsp; &nbsp; Gek\u00f6rte S\u00f6hne: keine Eingetragene Stuten: &#8211; &nbsp; davon StPrSt: &#8211; &nbsp; Lebensgewinnsumme: &#8211; <a class=\"more-link\" href=\"https:\/\/www.cpv-ev.com\/?page_id=405\"><span class=\"screen-reader-text\">  Dooneen Fionn<\/span> weiterlesen<span class=\"meta-nav\">&rarr;<\/span><\/a><\/p>\n","protected":false},"author":1,"featured_media":0,"parent":11804,"menu_order":0,"comment_status":"closed","ping_status":"open","template":"","meta":{"ngg_post_thumbnail":0,"footnotes":""},"class_list":["post-405","page","type-page","status-publish","hentry"],"_links":{"self":[{"href":"https:\/\/www.cpv-ev.com\/index.php?rest_route=\/wp\/v2\/pages\/405","targetHints":{"allow":["GET"]}}],"collection":[{"href":"https:\/\/www.cpv-ev.com\/index.php?rest_route=\/wp\/v2\/pages"}],"about":[{"href":"https:\/\/www.cpv-ev.com\/index.php?rest_route=\/wp\/v2\/types\/page"}],"author":[{"embeddable":true,"href":"https:\/\/www.cpv-ev.com\/index.php?rest_route=\/wp\/v2\/users\/1"}],"replies":[{"embeddable":true,"href":"https:\/\/www.cpv-ev.com\/index.php?rest_route=%2Fwp%2Fv2%2Fcomments&post=405"}],"version-history":[{"count":0,"href":"https:\/\/www.cpv-ev.com\/index.php?rest_route=\/wp\/v2\/pages\/405\/revisions"}],"up":[{"embeddable":true,"href":"https:\/\/www.cpv-ev.com\/index.php?rest_route=\/wp\/v2\/pages\/11804"}],"wp:attachment":[{"href":"https:\/\/www.cpv-ev.com\/index.php?rest_route=%2Fwp%2Fv2%2Fmedia&parent=405"}],"curies":[{"name":"wp","href":"https:\/\/api.w.org\/{rel}","templated":true}]}}