{"id":3849,"date":"2012-08-06T11:54:23","date_gmt":"2012-08-06T09:54:23","guid":{"rendered":"https:\/\/www.cpv-ev.com\/?page_id=3849"},"modified":"2012-08-06T12:01:21","modified_gmt":"2012-08-06T10:01:21","slug":"galerie-sommerfest-wickrath-2010","status":"publish","type":"page","link":"https:\/\/www.cpv-ev.com\/?page_id=3849","title":{"rendered":"G &#8211; Sommerfest Wickrath 2010"},"content":{"rendered":"<h5 class=\"art-archive\">Sommerfest Wickrath 2010&#8243;<\/h5>\n<p>&nbsp;<\/p>\n<p><strong>Ein herzliches Dankesch\u00f6n f\u00fcr den Einsatz geht an:<\/strong><\/p>\n<p>Rosi Kranz mit Smaragaid Heaven<br \/>\nJulia St\u00fcmges und ihren Schimmel Arrow<br \/>\nHeinz Lottenburger mit Gespann Leondor und Bennett und deren Beifahrer<br \/>\nEva Fluck und Surprise<br \/>\nHannah Brab und Wirthsm\u00fchle Lian<br \/>\nAnnette Breuer und Fino<br \/>\nDie Bilder der Crew machte Ann Brab, das Video Yasmin Bu\u00dfmann! Vielen Dank!<\/p>\n<p>&nbsp;<\/p>\nngg_shortcode_0_placeholder\n<p>&nbsp;<\/p>\n<div>\n<div id=\"content\">\n<p><a href=\"https:\/\/www.pferdemedia.de\/foto---service\/online-events--2010\/216---mg-wickrath--fest--am--see--2010.htm\" target=\"_blank\"><strong>\u00bb\u00a0Weitere Fotos der kompletten Veranstaltung zum Bestellen<\/strong><\/a><\/p>\n<p>&nbsp;<\/p>\n<p>&nbsp;<\/p>\n<p><iframe loading=\"lazy\" src=\"https:\/\/www.youtube.com\/embed\/-ElgL3TFoPE?wmode=transparent\" frameborder=\"0\" width=\"640\" height=\"360\"><\/iframe><\/p>\n<p>&nbsp;<\/p>\n<p>&nbsp;<\/p>\n<\/div>\n<\/div>\n","protected":false},"excerpt":{"rendered":"<p>Sommerfest Wickrath 2010&#8243; &nbsp; Ein herzliches Dankesch\u00f6n f\u00fcr den Einsatz geht an: Rosi Kranz mit Smaragaid Heaven Julia St\u00fcmges und ihren Schimmel Arrow Heinz Lottenburger mit Gespann Leondor und Bennett und deren Beifahrer Eva Fluck und Surprise Hannah Brab und <a class=\"more-link\" href=\"https:\/\/www.cpv-ev.com\/?page_id=3849\"><span class=\"screen-reader-text\">  G &#8211; Sommerfest Wickrath 2010<\/span> weiterlesen<span class=\"meta-nav\">&rarr;<\/span><\/a><\/p>\n","protected":false},"author":1,"featured_media":0,"parent":0,"menu_order":0,"comment_status":"closed","ping_status":"closed","template":"","meta":{"ngg_post_thumbnail":0,"footnotes":""},"class_list":["post-3849","page","type-page","status-publish","hentry"],"_links":{"self":[{"href":"https:\/\/www.cpv-ev.com\/index.php?rest_route=\/wp\/v2\/pages\/3849","targetHints":{"allow":["GET"]}}],"collection":[{"href":"https:\/\/www.cpv-ev.com\/index.php?rest_route=\/wp\/v2\/pages"}],"about":[{"href":"https:\/\/www.cpv-ev.com\/index.php?rest_route=\/wp\/v2\/types\/page"}],"author":[{"embeddable":true,"href":"https:\/\/www.cpv-ev.com\/index.php?rest_route=\/wp\/v2\/users\/1"}],"replies":[{"embeddable":true,"href":"https:\/\/www.cpv-ev.com\/index.php?rest_route=%2Fwp%2Fv2%2Fcomments&post=3849"}],"version-history":[{"count":0,"href":"https:\/\/www.cpv-ev.com\/index.php?rest_route=\/wp\/v2\/pages\/3849\/revisions"}],"wp:attachment":[{"href":"https:\/\/www.cpv-ev.com\/index.php?rest_route=%2Fwp%2Fv2%2Fmedia&parent=3849"}],"curies":[{"name":"wp","href":"https:\/\/api.w.org\/{rel}","templated":true}]}}