{"id":351,"date":"2012-07-12T14:19:59","date_gmt":"2012-07-12T12:19:59","guid":{"rendered":"https:\/\/www.cpv-ev.com\/?page_id=351"},"modified":"2023-11-27T18:01:03","modified_gmt":"2023-11-27T17:01:03","slug":"verkauf","status":"publish","type":"page","link":"https:\/\/www.cpv-ev.com\/?page_id=351","title":{"rendered":"Verkaufsponys"},"content":{"rendered":"<p>Interessieren Sie sich f\u00fcr den Erwerb eines Connemara Ponys oder m\u00f6chten Sie Ihr Pony auf unserer Website zum Verkauf anbieten?<\/p>\n<p>Dann schreiben Sie bitte eine E-Mail an <a href=\"mailto:verkaufsliste@connemara-pony.de\">verkaufsliste@connemara-pony.de<\/a><\/p>\n<p>&nbsp;<\/p>\n<p>Bitte teilen Sie uns auch mit, wenn Ihr Pony verkauft wurde!<\/p>\n<p>&nbsp;<\/p>\n<p>Ab Mai 2016 behalten wir uns vor f\u00fcr die Annonce eines Verkaufsponys von Nichtmitgliedern eine Geb\u00fchr in H\u00f6he von 5\u20ac zu erheben. Die Geb\u00fchr ist im Voraus auf das Vereinskonto der CPV e.V. zu entrichten:<\/p>\n<p>IBAN&nbsp; DE43 4435 0060 0000 5016 01<\/p>\n<p>BIC: WELADED1UNN<\/p>\n<p>&nbsp;<\/p>\n<p>&nbsp;<\/p>\n<p><span style=\"text-decoration: underline;\"><strong>Verkaufs-Rubriken<\/strong><\/span><\/p>\n<p>&nbsp;<\/p>\n<p><a href=\"?cat=11\"><img loading=\"lazy\" decoding=\"async\" class=\"alignnone size-thumbnail wp-image-3762\" title=\"Fohlen\" src=\"https:\/\/www.cpv-ev.com\/wp-content\/uploads\/2012\/08\/foals-vs-141x110.jpg\" alt=\"\" width=\"141\" height=\"110\" srcset=\"https:\/\/www.cpv-ev.com\/wp-content\/uploads\/2012\/08\/foals-vs-141x110.jpg 141w, https:\/\/www.cpv-ev.com\/wp-content\/uploads\/2012\/08\/foals-vs.jpg 180w\" sizes=\"auto, (max-width: 141px) 100vw, 141px\" \/><\/a>&nbsp; &nbsp; &nbsp; &nbsp; &nbsp;<a href=\"?cat=18\"><img loading=\"lazy\" decoding=\"async\" class=\"alignnone size-thumbnail wp-image-4422\" title=\"Youngster (1 &amp; 2j\u00e4hrig)\" src=\"https:\/\/www.cpv-ev.com\/wp-content\/uploads\/2012\/09\/Youngster-146x110.jpg\" alt=\"\" width=\"146\" height=\"110\" srcset=\"https:\/\/www.cpv-ev.com\/wp-content\/uploads\/2012\/09\/Youngster-146x110.jpg 146w, https:\/\/www.cpv-ev.com\/wp-content\/uploads\/2012\/09\/Youngster-300x225.jpg 300w, https:\/\/www.cpv-ev.com\/wp-content\/uploads\/2012\/09\/Youngster-500x374.jpg 500w, https:\/\/www.cpv-ev.com\/wp-content\/uploads\/2012\/09\/Youngster.jpg 750w\" sizes=\"auto, (max-width: 146px) 100vw, 146px\" \/><\/a>&nbsp; &nbsp; &nbsp; &nbsp;&nbsp;<a href=\"?cat=12\"><img loading=\"lazy\" decoding=\"async\" class=\"alignnone size-thumbnail wp-image-3763\" title=\"Stuten\" src=\"https:\/\/www.cpv-ev.com\/wp-content\/uploads\/2012\/08\/mares-vs-141x110.jpg\" alt=\"\" width=\"141\" height=\"110\" srcset=\"https:\/\/www.cpv-ev.com\/wp-content\/uploads\/2012\/08\/mares-vs-141x110.jpg 141w, https:\/\/www.cpv-ev.com\/wp-content\/uploads\/2012\/08\/mares-vs.jpg 180w\" sizes=\"auto, (max-width: 141px) 100vw, 141px\" \/><\/a>&nbsp; &nbsp;&nbsp; &nbsp; &nbsp;<a href=\"?cat=13\"><img loading=\"lazy\" decoding=\"async\" class=\"alignnone size-thumbnail wp-image-3761\" title=\"Hengste\" src=\"https:\/\/www.cpv-ev.com\/wp-content\/uploads\/2012\/08\/colts-vs-141x110.jpg\" alt=\"\" width=\"141\" height=\"110\" srcset=\"https:\/\/www.cpv-ev.com\/wp-content\/uploads\/2012\/08\/colts-vs-141x110.jpg 141w, https:\/\/www.cpv-ev.com\/wp-content\/uploads\/2012\/08\/colts-vs.jpg 180w\" sizes=\"auto, (max-width: 141px) 100vw, 141px\" \/><\/a>&nbsp; &nbsp; &nbsp; &nbsp;&nbsp;<a href=\"?cat=14\"><img loading=\"lazy\" decoding=\"async\" class=\"alignnone size-thumbnail wp-image-3760\" title=\"Wallache\" src=\"https:\/\/www.cpv-ev.com\/wp-content\/uploads\/2012\/08\/sportponys-vs-141x110.jpg\" alt=\"\" width=\"141\" height=\"110\" srcset=\"https:\/\/www.cpv-ev.com\/wp-content\/uploads\/2012\/08\/sportponys-vs-141x110.jpg 141w, https:\/\/www.cpv-ev.com\/wp-content\/uploads\/2012\/08\/sportponys-vs.jpg 180w\" sizes=\"auto, (max-width: 141px) 100vw, 141px\" \/><\/a><\/p>\n<p><strong>&nbsp; &nbsp; &nbsp; &nbsp; &nbsp; &nbsp;<a href=\"?cat=11\">Fohlen<\/a> &nbsp; &nbsp; &nbsp; &nbsp; &nbsp; &nbsp; &nbsp; &nbsp; &nbsp; &nbsp;<a href=\"?cat=18\">Youngster (1 &amp; 2j\u00e4hrig)<\/a> &nbsp; &nbsp; &nbsp; &nbsp; &nbsp; &nbsp; &nbsp; &nbsp; &nbsp; <a href=\"?cat=12\">Stuten<\/a> &nbsp; &nbsp; &nbsp; &nbsp; &nbsp; &nbsp; &nbsp; &nbsp; &nbsp; &nbsp; &nbsp; &nbsp; &nbsp; &nbsp; &nbsp; &nbsp;<a href=\"?cat=13\">Hengste<\/a> &nbsp; &nbsp; &nbsp; &nbsp; &nbsp; &nbsp; &nbsp; &nbsp; &nbsp; &nbsp; &nbsp; &nbsp; &nbsp; &nbsp;<a href=\"?cat=14\">Wallache<\/a><\/strong><\/p>\n<p>&nbsp;<\/p>\n<p>&nbsp;<\/p>\n<p><span style=\"text-decoration: underline;\"><strong>Suchanzeigen<\/strong><\/span><\/p>\n<p>&nbsp;<\/p>\n<p>M\u00f6chten Sie ein Ponykaufgesuch aufgeben? Dann schicken Sie einfach eine E-Mail an&nbsp;<a href=\"mailto:verkaufsliste@connemara-pony.de\">verkaufsliste@connemara-pony.de<\/a><\/p>\n<p>&nbsp;<\/p>\n<p><a href=\"?cat=15\"><strong>\u00bb Suchanzeigen<\/strong><\/a><\/p>\n","protected":false},"excerpt":{"rendered":"<p>Interessieren Sie sich f\u00fcr den Erwerb eines Connemara Ponys oder m\u00f6chten Sie Ihr Pony auf unserer Website zum Verkauf anbieten? Dann schreiben Sie bitte eine E-Mail an verkaufsliste@connemara-pony.de &nbsp; Bitte teilen Sie uns auch mit, wenn Ihr Pony verkauft wurde! <a class=\"more-link\" href=\"https:\/\/www.cpv-ev.com\/?page_id=351\"><span class=\"screen-reader-text\">  Verkaufsponys<\/span> weiterlesen<span class=\"meta-nav\">&rarr;<\/span><\/a><\/p>\n","protected":false},"author":1,"featured_media":0,"parent":0,"menu_order":0,"comment_status":"closed","ping_status":"open","template":"","meta":{"ngg_post_thumbnail":0,"footnotes":""},"class_list":["post-351","page","type-page","status-publish","hentry"],"_links":{"self":[{"href":"https:\/\/www.cpv-ev.com\/index.php?rest_route=\/wp\/v2\/pages\/351","targetHints":{"allow":["GET"]}}],"collection":[{"href":"https:\/\/www.cpv-ev.com\/index.php?rest_route=\/wp\/v2\/pages"}],"about":[{"href":"https:\/\/www.cpv-ev.com\/index.php?rest_route=\/wp\/v2\/types\/page"}],"author":[{"embeddable":true,"href":"https:\/\/www.cpv-ev.com\/index.php?rest_route=\/wp\/v2\/users\/1"}],"replies":[{"embeddable":true,"href":"https:\/\/www.cpv-ev.com\/index.php?rest_route=%2Fwp%2Fv2%2Fcomments&post=351"}],"version-history":[{"count":0,"href":"https:\/\/www.cpv-ev.com\/index.php?rest_route=\/wp\/v2\/pages\/351\/revisions"}],"wp:attachment":[{"href":"https:\/\/www.cpv-ev.com\/index.php?rest_route=%2Fwp%2Fv2%2Fmedia&parent=351"}],"curies":[{"name":"wp","href":"https:\/\/api.w.org\/{rel}","templated":true}]}}