{"id":30293,"date":"2026-04-29T10:13:16","date_gmt":"2026-04-29T08:13:16","guid":{"rendered":"https:\/\/www.cpv-ev.com\/?page_id=30293"},"modified":"2026-04-29T10:25:14","modified_gmt":"2026-04-29T08:25:14","slug":"rheingold-momentmal","status":"publish","type":"page","link":"https:\/\/www.cpv-ev.com\/?page_id=30293","title":{"rendered":"Rheingold Momentmal"},"content":{"rendered":"<table border=\"1\" cellspacing=\"0\" cellpadding=\"0\">\n<tbody>\n<tr>\n<td colspan=\"2\" valign=\"top\" width=\"717\"><img loading=\"lazy\" decoding=\"async\" src=\"https:\/\/www.cpv-ev.com\/wp-content\/uploads\/2012\/07\/trans240x10.gif\" alt=\"trans240x10\" width=\"240\" height=\"10\"><\/td>\n<\/tr>\n<tr>\n<td valign=\"top\" width=\"359\"><strong>Farbe:<\/strong> Buckskin Roan<br \/>\n<strong>Geburtsfarbe:<\/strong> &#8211;<\/td>\n<td valign=\"top\" width=\"359\"><strong>Hengstbuch:<\/strong> ZfdP HB II<br \/>\n<strong>K\u00f6rung:<\/strong> 02.02.2025 Darmstadt-Kranichstein<\/td>\n<\/tr>\n<tr>\n<td valign=\"top\" width=\"359\"><strong>Geboren:<\/strong> 05.06.2022<\/td>\n<td valign=\"top\" width=\"359\"><strong>Leistungspr\u00fcfung:<\/strong><strong><br \/>\n<\/strong><\/td>\n<\/tr>\n<tr>\n<td valign=\"top\" width=\"359\"><strong>Stockma\u00df: <\/strong>139 cm<\/td>\n<td valign=\"top\" width=\"359\"><strong>Tr\u00e4ger des Creme-Faktors:<\/strong> ja<\/td>\n<\/tr>\n<tr>\n<td valign=\"top\" width=\"359\"><strong>R\u00f6hrbein: <\/strong><strong><br \/>\n<\/strong><\/td>\n<td valign=\"top\" width=\"359\"><strong>Tr\u00e4ger des Fuchsgens:<\/strong> unbekannt<\/td>\n<\/tr>\n<tr>\n<td valign=\"top\" width=\"359\"><strong style=\"line-height: 24px;\">Ausgeschieden: <\/strong>2025 kastriert<\/td>\n<td valign=\"top\" width=\"359\">&nbsp;<\/td>\n<\/tr>\n<tr>\n<td valign=\"top\" width=\"359\"><strong style=\"line-height: 24px;\">HWSD-Status: <\/strong>N\/N Eltern frei<strong style=\"line-height: 24px;\"><br \/>\n<\/strong><\/td>\n<\/tr>\n<tr>\n<td valign=\"top\" width=\"359\"><img loading=\"lazy\" decoding=\"async\" class=\"alignnone size-full wp-image-232\" src=\"https:\/\/www.cpv-ev.com\/wp-content\/uploads\/2012\/07\/trans240x10.gif\" alt=\"trans240x10\" width=\"240\" height=\"10\" srcset=\"https:\/\/www.cpv-ev.com\/wp-content\/uploads\/2012\/07\/trans240x10.gif 240w, https:\/\/www.cpv-ev.com\/wp-content\/uploads\/2012\/07\/trans240x10-225x10.gif 225w\" sizes=\"auto, (max-width: 240px) 100vw, 240px\" \/><\/td>\n<td valign=\"top\" width=\"359\">&nbsp;<\/td>\n<\/tr>\n<tr>\n<td valign=\"top\" width=\"359\"><strong>Gek\u00f6rte S\u00f6hne: <\/strong>bisher keine<\/td>\n<td valign=\"top\" width=\"359\"><strong>Eingetragene Stuten:<\/strong> &#8211;<strong><br \/>\n<\/strong><\/td>\n<\/tr>\n<tr>\n<td valign=\"top\" width=\"359\">&nbsp;<\/td>\n<td valign=\"top\" width=\"359\"><strong>davon StPrSt: <\/strong>&#8211;<strong><br \/>\n<\/strong><\/td>\n<\/tr>\n<tr>\n<td valign=\"top\" width=\"359\"><img loading=\"lazy\" decoding=\"async\" src=\"https:\/\/www.cpv-ev.com\/wp-content\/uploads\/2012\/07\/trans240x10.gif\" alt=\"trans240x10\" width=\"240\" height=\"10\"><\/td>\n<td valign=\"top\" width=\"359\">&nbsp;<\/td>\n<\/tr>\n<tr>\n<td valign=\"top\" width=\"359\"><strong>Lebensgewinnsumme:<\/strong> &#8211;<img loading=\"lazy\" decoding=\"async\" class=\"alignnone size-full wp-image-232\" title=\"trans240x10\" src=\"https:\/\/www.cpv-ev.com\/wp-content\/uploads\/2012\/07\/trans240x10.gif\" alt=\"\" width=\"100\" height=\"20\"><\/td>\n<td valign=\"top\" width=\"359\"><strong>Nachkommen-LGS: <\/strong>&#8211;<strong><br \/>\n<\/strong><\/td>\n<\/tr>\n<tr>\n<td colspan=\"2\" valign=\"top\" width=\"717\"><img loading=\"lazy\" decoding=\"async\" src=\"https:\/\/www.cpv-ev.com\/wp-content\/uploads\/2012\/07\/trans240x10.gif\" alt=\"trans240x10\" width=\"240\" height=\"10\"><\/td>\n<\/tr>\n<tr>\n<td colspan=\"2\" valign=\"top\" width=\"717\"><strong><strong>Z\u00fcchter: <\/strong><\/strong>Benno Hellwig<strong><strong><br \/>\n<\/strong><\/strong><strong>Besitzer: <\/strong>Rheingold Connemaras, Benno Hellwig, 56154 Boppard<\/td>\n<\/tr>\n<tr>\n<td valign=\"top\" width=\"359\">&nbsp;<\/td>\n<td valign=\"top\" width=\"359\">&nbsp;<\/td>\n<\/tr>\n<tr>\n<td valign=\"top\" width=\"307\">&nbsp;<\/td>\n<td valign=\"top\" width=\"307\">&nbsp;<\/td>\n<\/tr>\n<\/tbody>\n<\/table>\n<h5>Pedigree<\/h5>\n<p><a href=\"https:\/\/www.cpv-ev.com\/wp-content\/uploads\/2026\/02\/Predigree-Rheingold-Mian.jpg\"><img loading=\"lazy\" decoding=\"async\" class=\"alignleft size-thumbnail wp-image-30005\" src=\"https:\/\/www.cpv-ev.com\/wp-content\/uploads\/2026\/02\/Predigree-Rheingold-Mian-240x110.jpg\" alt=\"\" width=\"240\" height=\"110\" srcset=\"https:\/\/www.cpv-ev.com\/wp-content\/uploads\/2026\/02\/Predigree-Rheingold-Mian-240x110.jpg 240w, https:\/\/www.cpv-ev.com\/wp-content\/uploads\/2026\/02\/Predigree-Rheingold-Mian-300x137.jpg 300w, https:\/\/www.cpv-ev.com\/wp-content\/uploads\/2026\/02\/Predigree-Rheingold-Mian-500x229.jpg 500w, https:\/\/www.cpv-ev.com\/wp-content\/uploads\/2026\/02\/Predigree-Rheingold-Mian-768x351.jpg 768w, https:\/\/www.cpv-ev.com\/wp-content\/uploads\/2026\/02\/Predigree-Rheingold-Mian.jpg 1080w\" sizes=\"auto, (max-width: 240px) 100vw, 240px\" \/><\/a><\/p>\n<h5>Galerie<\/h5>\n<p><a href=\"https:\/\/www.cpv-ev.com\/wp-content\/uploads\/2026\/02\/Rheingold-Main-o2.jpg\"><img loading=\"lazy\" decoding=\"async\" class=\"alignleft size-thumbnail wp-image-30003\" src=\"https:\/\/www.cpv-ev.com\/wp-content\/uploads\/2026\/02\/Rheingold-Main-o2-67x110.jpg\" alt=\"\" width=\"67\" height=\"110\" srcset=\"https:\/\/www.cpv-ev.com\/wp-content\/uploads\/2026\/02\/Rheingold-Main-o2-67x110.jpg 67w, https:\/\/www.cpv-ev.com\/wp-content\/uploads\/2026\/02\/Rheingold-Main-o2-300x492.jpg 300w, https:\/\/www.cpv-ev.com\/wp-content\/uploads\/2026\/02\/Rheingold-Main-o2-305x500.jpg 305w, https:\/\/www.cpv-ev.com\/wp-content\/uploads\/2026\/02\/Rheingold-Main-o2-768x1259.jpg 768w, https:\/\/www.cpv-ev.com\/wp-content\/uploads\/2026\/02\/Rheingold-Main-o2-937x1536.jpg 937w, https:\/\/www.cpv-ev.com\/wp-content\/uploads\/2026\/02\/Rheingold-Main-o2.jpg 1080w\" sizes=\"auto, (max-width: 67px) 100vw, 67px\" \/><\/a>&nbsp;<\/p>\n<h5>Nachkommen<\/h5>\n\n<table id=\"tablepress-18\" class=\"tablepress tablepress-id-18\">\n<thead>\n<tr class=\"row-1\">\n\t<th class=\"column-1\">FOTO<\/th><th class=\"column-2\">NAME<\/th><th class=\"column-3\">JAHR<\/th><th class=\"column-4\">VATER<\/th><th class=\"column-5\">MUTTER<\/th><th class=\"column-6\">Z\u00dcCHTER<\/th>\n<\/tr>\n<\/thead>\n<tbody class=\"row-striping row-hover\">\n<\/tbody>\n<\/table>\n<!-- #tablepress-18 from cache -->\n","protected":false},"excerpt":{"rendered":"<p>Farbe: Buckskin Roan Geburtsfarbe: &#8211; Hengstbuch: ZfdP HB II K\u00f6rung: 02.02.2025 Darmstadt-Kranichstein Geboren: 05.06.2022 Leistungspr\u00fcfung: Stockma\u00df: 139 cm Tr\u00e4ger des Creme-Faktors: ja R\u00f6hrbein: Tr\u00e4ger des Fuchsgens: unbekannt Ausgeschieden: 2025 kastriert &nbsp; HWSD-Status: N\/N Eltern frei &nbsp; Gek\u00f6rte S\u00f6hne: bisher keine <a class=\"more-link\" href=\"https:\/\/www.cpv-ev.com\/?page_id=30293\"><span class=\"screen-reader-text\">  Rheingold Momentmal<\/span> weiterlesen<span class=\"meta-nav\">&rarr;<\/span><\/a><\/p>\n","protected":false},"author":5,"featured_media":0,"parent":11821,"menu_order":0,"comment_status":"closed","ping_status":"closed","template":"","meta":{"ngg_post_thumbnail":0,"footnotes":""},"class_list":["post-30293","page","type-page","status-publish","hentry"],"_links":{"self":[{"href":"https:\/\/www.cpv-ev.com\/index.php?rest_route=\/wp\/v2\/pages\/30293","targetHints":{"allow":["GET"]}}],"collection":[{"href":"https:\/\/www.cpv-ev.com\/index.php?rest_route=\/wp\/v2\/pages"}],"about":[{"href":"https:\/\/www.cpv-ev.com\/index.php?rest_route=\/wp\/v2\/types\/page"}],"author":[{"embeddable":true,"href":"https:\/\/www.cpv-ev.com\/index.php?rest_route=\/wp\/v2\/users\/5"}],"replies":[{"embeddable":true,"href":"https:\/\/www.cpv-ev.com\/index.php?rest_route=%2Fwp%2Fv2%2Fcomments&post=30293"}],"version-history":[{"count":3,"href":"https:\/\/www.cpv-ev.com\/index.php?rest_route=\/wp\/v2\/pages\/30293\/revisions"}],"predecessor-version":[{"id":30303,"href":"https:\/\/www.cpv-ev.com\/index.php?rest_route=\/wp\/v2\/pages\/30293\/revisions\/30303"}],"up":[{"embeddable":true,"href":"https:\/\/www.cpv-ev.com\/index.php?rest_route=\/wp\/v2\/pages\/11821"}],"wp:attachment":[{"href":"https:\/\/www.cpv-ev.com\/index.php?rest_route=%2Fwp%2Fv2%2Fmedia&parent=30293"}],"curies":[{"name":"wp","href":"https:\/\/api.w.org\/{rel}","templated":true}]}}