{"id":30067,"date":"2026-04-21T11:45:23","date_gmt":"2026-04-21T09:45:23","guid":{"rendered":"https:\/\/www.cpv-ev.com\/?page_id=30067"},"modified":"2026-04-24T07:20:09","modified_gmt":"2026-04-24T05:20:09","slug":"birdmountain-younique","status":"publish","type":"page","link":"https:\/\/www.cpv-ev.com\/?page_id=30067","title":{"rendered":"Birdmountain Younique"},"content":{"rendered":"<table border=\"1\" cellspacing=\"0\" cellpadding=\"0\">\n<tbody>\n<tr>\n<td colspan=\"2\" valign=\"top\" width=\"717\"><img loading=\"lazy\" decoding=\"async\" src=\"https:\/\/www.cpv-ev.com\/wp-content\/uploads\/2012\/07\/trans240x10.gif\" alt=\"trans240x10\" width=\"240\" height=\"10\"><\/td>\n<\/tr>\n<tr>\n<td valign=\"top\" width=\"359\"><strong>Farbe:<\/strong> Rappschimmel<\/td>\n<td valign=\"top\" width=\"359\"><strong>Hengstbuch:<\/strong> ZfdP HB I<br \/>\n<strong>K\u00f6rung:<\/strong> 28.04.2023 Altenstadt\/Hessen<\/td>\n<\/tr>\n<tr>\n<td valign=\"top\" width=\"359\"><strong>Geboren:<\/strong> 03.04.2020<\/td>\n<td valign=\"top\" width=\"359\"><strong>Leistungspr\u00fcfung: &#8211;<\/strong><\/p>\n<p>&nbsp;<\/td>\n<\/tr>\n<tr>\n<td valign=\"top\" width=\"359\"><strong>Stockma\u00df: <\/strong>145 cm<\/td>\n<td valign=\"top\" width=\"359\"><strong>Tr\u00e4ger des Creme-Faktors:<\/strong> unbekannt<\/td>\n<\/tr>\n<tr>\n<td valign=\"top\" width=\"359\"><strong>R\u00f6hrbein: &#8211;<\/strong><strong><br \/>\n<\/strong><\/td>\n<td valign=\"top\" width=\"359\"><strong>Tr\u00e4ger des Fuchsgens:<\/strong> unbekannt<\/td>\n<\/tr>\n<tr>\n<td valign=\"top\" width=\"359\"><strong style=\"line-height: 24px;\">Deckbedingungen: <\/strong>auf Anfrage<\/td>\n<td valign=\"top\" width=\"359\"><strong>Decktaxe: <\/strong>auf Anfrage<strong><br \/>\n<\/strong><\/td>\n<\/tr>\n<tr>\n<td valign=\"top\" width=\"359\"><strong style=\"line-height: 24px;\">HWSD-Status: <\/strong>N\/N mit Abstammungs\u00fcberpr\u00fcfung<strong style=\"line-height: 24px;\"><br \/>\n<\/strong><\/td>\n<td valign=\"top\" width=\"359\"><strong style=\"line-height: 24px;\">&nbsp;<\/strong><\/td>\n<\/tr>\n<tr>\n<td valign=\"top\" width=\"359\"><img loading=\"lazy\" decoding=\"async\" class=\"alignnone size-full wp-image-232\" src=\"https:\/\/www.cpv-ev.com\/wp-content\/uploads\/2012\/07\/trans240x10.gif\" alt=\"trans240x10\" width=\"240\" height=\"10\" srcset=\"https:\/\/www.cpv-ev.com\/wp-content\/uploads\/2012\/07\/trans240x10.gif 240w, https:\/\/www.cpv-ev.com\/wp-content\/uploads\/2012\/07\/trans240x10-225x10.gif 225w\" sizes=\"auto, (max-width: 240px) 100vw, 240px\" \/><\/td>\n<td valign=\"top\" width=\"359\">&nbsp;<\/td>\n<\/tr>\n<tr>\n<td valign=\"top\" width=\"359\"><strong>Gek\u00f6rte S\u00f6hne: <\/strong>&#8211;<strong><br \/>\n<\/strong><\/td>\n<td valign=\"top\" width=\"359\"><strong>Eingetragene Stuten: <\/strong>&#8211;<br \/>\n<strong>davon StPrSt: <\/strong>&#8211;<\/td>\n<\/tr>\n<tr>\n<td valign=\"top\" width=\"359\"><img loading=\"lazy\" decoding=\"async\" src=\"https:\/\/www.cpv-ev.com\/wp-content\/uploads\/2012\/07\/trans240x10.gif\" alt=\"trans240x10\" width=\"240\" height=\"10\"><\/td>\n<td valign=\"top\" width=\"359\">&nbsp;<\/td>\n<\/tr>\n<tr>\n<td valign=\"top\" width=\"359\"><strong>Lebensgewinnsumme:<\/strong> &#8211;<img loading=\"lazy\" decoding=\"async\" class=\"alignnone size-full wp-image-232\" title=\"trans240x10\" src=\"https:\/\/www.cpv-ev.com\/wp-content\/uploads\/2012\/07\/trans240x10.gif\" alt=\"\" width=\"100\" height=\"20\"><\/td>\n<td valign=\"top\" width=\"359\"><strong>Nachkommen-LGS: <\/strong>&#8211;<\/td>\n<\/tr>\n<tr>\n<td colspan=\"2\" valign=\"top\" width=\"717\"><img loading=\"lazy\" decoding=\"async\" src=\"https:\/\/www.cpv-ev.com\/wp-content\/uploads\/2012\/07\/trans240x10.gif\" alt=\"trans240x10\" width=\"240\" height=\"10\"><\/td>\n<\/tr>\n<tr>\n<td colspan=\"2\" valign=\"top\" width=\"717\"><strong><strong>Z\u00fcchter:<\/strong><\/strong> Connemaragest\u00fct Birdmountain, Dr. Sabine Pfeffer, 35305 Gr\u00fcnberg<br \/>\n<strong>Besitzer:<\/strong> Dr. Michael Gasser, Connemaragest\u00fct Badger\u00b4s Hill Ranch, 79875 Dachsberg<\/td>\n<\/tr>\n<tr>\n<td valign=\"top\" width=\"359\">Telefon:&nbsp;<span id=\"sobi2Details_field_phone\">&#8211;<\/span><\/td>\n<td valign=\"top\" width=\"359\">Mobil: 01567-9593218<\/td>\n<\/tr>\n<tr>\n<td valign=\"top\" width=\"307\">Email: <a href=\"mailto:badgershillranch@gmail.com\">badgershillranch@gmail.com<\/a><\/td>\n<td valign=\"top\" width=\"307\">Website: <a href=\"http:\/\/www.badgershillranch.de\">www.badgershillranch.de<\/a><\/td>\n<\/tr>\n<\/tbody>\n<\/table>\n<h5>Pedigree<\/h5>\n<p><a href=\"https:\/\/www.cpv-ev.com\/wp-content\/uploads\/2026\/04\/Birdmountain-Younique.jpg\"><img loading=\"lazy\" decoding=\"async\" class=\"alignleft size-thumbnail wp-image-30193\" src=\"https:\/\/www.cpv-ev.com\/wp-content\/uploads\/2026\/04\/Birdmountain-Younique-239x110.jpg\" alt=\"\" width=\"239\" height=\"110\" srcset=\"https:\/\/www.cpv-ev.com\/wp-content\/uploads\/2026\/04\/Birdmountain-Younique-239x110.jpg 239w, https:\/\/www.cpv-ev.com\/wp-content\/uploads\/2026\/04\/Birdmountain-Younique-300x138.jpg 300w, https:\/\/www.cpv-ev.com\/wp-content\/uploads\/2026\/04\/Birdmountain-Younique-500x230.jpg 500w, https:\/\/www.cpv-ev.com\/wp-content\/uploads\/2026\/04\/Birdmountain-Younique-768x353.jpg 768w, https:\/\/www.cpv-ev.com\/wp-content\/uploads\/2026\/04\/Birdmountain-Younique.jpg 1439w\" sizes=\"auto, (max-width: 239px) 100vw, 239px\" \/><\/a><\/p>\n<p><img loading=\"lazy\" decoding=\"async\" src=\"https:\/\/www.cpv-ev.com\/wp-content\/uploads\/2012\/07\/trans240x10.gif\" alt=\"trans240x10\" width=\"240\" height=\"10\"><\/p>\n<h5>Galerie<\/h5>\n<p><a href=\"https:\/\/www.cpv-ev.com\/wp-content\/uploads\/2026\/04\/IMG_2396-scaled.jpg\"><img loading=\"lazy\" decoding=\"async\" class=\"alignleft size-thumbnail wp-image-30196\" src=\"https:\/\/www.cpv-ev.com\/wp-content\/uploads\/2026\/04\/IMG_2396-165x110.jpg\" alt=\"\" width=\"165\" height=\"110\" srcset=\"https:\/\/www.cpv-ev.com\/wp-content\/uploads\/2026\/04\/IMG_2396-165x110.jpg 165w, https:\/\/www.cpv-ev.com\/wp-content\/uploads\/2026\/04\/IMG_2396-300x200.jpg 300w, https:\/\/www.cpv-ev.com\/wp-content\/uploads\/2026\/04\/IMG_2396-500x333.jpg 500w, https:\/\/www.cpv-ev.com\/wp-content\/uploads\/2026\/04\/IMG_2396-768x512.jpg 768w, https:\/\/www.cpv-ev.com\/wp-content\/uploads\/2026\/04\/IMG_2396-1536x1024.jpg 1536w, https:\/\/www.cpv-ev.com\/wp-content\/uploads\/2026\/04\/IMG_2396-2048x1365.jpg 2048w\" sizes=\"auto, (max-width: 165px) 100vw, 165px\" \/><\/a><a href=\"https:\/\/www.cpv-ev.com\/wp-content\/uploads\/2026\/04\/IMG_2400-scaled.jpg\"><img loading=\"lazy\" decoding=\"async\" class=\"alignleft size-thumbnail wp-image-30200\" src=\"https:\/\/www.cpv-ev.com\/wp-content\/uploads\/2026\/04\/IMG_2400-165x110.jpg\" alt=\"\" width=\"165\" height=\"110\" srcset=\"https:\/\/www.cpv-ev.com\/wp-content\/uploads\/2026\/04\/IMG_2400-165x110.jpg 165w, https:\/\/www.cpv-ev.com\/wp-content\/uploads\/2026\/04\/IMG_2400-300x200.jpg 300w, https:\/\/www.cpv-ev.com\/wp-content\/uploads\/2026\/04\/IMG_2400-500x333.jpg 500w, https:\/\/www.cpv-ev.com\/wp-content\/uploads\/2026\/04\/IMG_2400-768x512.jpg 768w, https:\/\/www.cpv-ev.com\/wp-content\/uploads\/2026\/04\/IMG_2400-1536x1024.jpg 1536w, https:\/\/www.cpv-ev.com\/wp-content\/uploads\/2026\/04\/IMG_2400-2048x1365.jpg 2048w\" sizes=\"auto, (max-width: 165px) 100vw, 165px\" \/><\/a><a href=\"https:\/\/www.cpv-ev.com\/wp-content\/uploads\/2026\/04\/IMG_1978.jpg\"><img loading=\"lazy\" decoding=\"async\" class=\"alignleft size-thumbnail wp-image-30195\" src=\"https:\/\/www.cpv-ev.com\/wp-content\/uploads\/2026\/04\/IMG_1978-188x110.jpg\" alt=\"\" width=\"188\" height=\"110\" srcset=\"https:\/\/www.cpv-ev.com\/wp-content\/uploads\/2026\/04\/IMG_1978-188x110.jpg 188w, https:\/\/www.cpv-ev.com\/wp-content\/uploads\/2026\/04\/IMG_1978-300x176.jpg 300w, https:\/\/www.cpv-ev.com\/wp-content\/uploads\/2026\/04\/IMG_1978.jpg 500w\" sizes=\"auto, (max-width: 188px) 100vw, 188px\" \/><\/a><a href=\"https:\/\/www.cpv-ev.com\/wp-content\/uploads\/2026\/04\/IMG_2397-scaled.jpg\"><img loading=\"lazy\" decoding=\"async\" class=\"alignleft size-thumbnail wp-image-30197\" src=\"https:\/\/www.cpv-ev.com\/wp-content\/uploads\/2026\/04\/IMG_2397-165x110.jpg\" alt=\"\" width=\"165\" height=\"110\" srcset=\"https:\/\/www.cpv-ev.com\/wp-content\/uploads\/2026\/04\/IMG_2397-165x110.jpg 165w, https:\/\/www.cpv-ev.com\/wp-content\/uploads\/2026\/04\/IMG_2397-300x200.jpg 300w, https:\/\/www.cpv-ev.com\/wp-content\/uploads\/2026\/04\/IMG_2397-500x333.jpg 500w, https:\/\/www.cpv-ev.com\/wp-content\/uploads\/2026\/04\/IMG_2397-768x512.jpg 768w, https:\/\/www.cpv-ev.com\/wp-content\/uploads\/2026\/04\/IMG_2397-1536x1024.jpg 1536w, https:\/\/www.cpv-ev.com\/wp-content\/uploads\/2026\/04\/IMG_2397-2048x1365.jpg 2048w\" sizes=\"auto, (max-width: 165px) 100vw, 165px\" \/><\/a><a href=\"https:\/\/www.cpv-ev.com\/wp-content\/uploads\/2026\/04\/IMG_2398-scaled.jpg\"><img loading=\"lazy\" decoding=\"async\" class=\"alignleft size-thumbnail wp-image-30198\" src=\"https:\/\/www.cpv-ev.com\/wp-content\/uploads\/2026\/04\/IMG_2398-165x110.jpg\" alt=\"\" width=\"165\" height=\"110\" srcset=\"https:\/\/www.cpv-ev.com\/wp-content\/uploads\/2026\/04\/IMG_2398-165x110.jpg 165w, https:\/\/www.cpv-ev.com\/wp-content\/uploads\/2026\/04\/IMG_2398-300x200.jpg 300w, https:\/\/www.cpv-ev.com\/wp-content\/uploads\/2026\/04\/IMG_2398-500x333.jpg 500w, https:\/\/www.cpv-ev.com\/wp-content\/uploads\/2026\/04\/IMG_2398-768x512.jpg 768w, https:\/\/www.cpv-ev.com\/wp-content\/uploads\/2026\/04\/IMG_2398-1536x1024.jpg 1536w, https:\/\/www.cpv-ev.com\/wp-content\/uploads\/2026\/04\/IMG_2398-2048x1365.jpg 2048w\" sizes=\"auto, (max-width: 165px) 100vw, 165px\" \/><\/a><a href=\"https:\/\/www.cpv-ev.com\/wp-content\/uploads\/2026\/04\/IMG_2399-scaled.jpg\"><img loading=\"lazy\" decoding=\"async\" class=\"alignleft size-thumbnail wp-image-30199\" src=\"https:\/\/www.cpv-ev.com\/wp-content\/uploads\/2026\/04\/IMG_2399-165x110.jpg\" alt=\"\" width=\"165\" height=\"110\" srcset=\"https:\/\/www.cpv-ev.com\/wp-content\/uploads\/2026\/04\/IMG_2399-165x110.jpg 165w, https:\/\/www.cpv-ev.com\/wp-content\/uploads\/2026\/04\/IMG_2399-300x200.jpg 300w, https:\/\/www.cpv-ev.com\/wp-content\/uploads\/2026\/04\/IMG_2399-500x333.jpg 500w, https:\/\/www.cpv-ev.com\/wp-content\/uploads\/2026\/04\/IMG_2399-768x512.jpg 768w, https:\/\/www.cpv-ev.com\/wp-content\/uploads\/2026\/04\/IMG_2399-1536x1024.jpg 1536w, https:\/\/www.cpv-ev.com\/wp-content\/uploads\/2026\/04\/IMG_2399-2048x1365.jpg 2048w\" sizes=\"auto, (max-width: 165px) 100vw, 165px\" \/><\/a><a href=\"https:\/\/www.cpv-ev.com\/wp-content\/uploads\/2026\/04\/IMG_2411-scaled.jpg\"><img loading=\"lazy\" decoding=\"async\" class=\"alignleft size-thumbnail wp-image-30209\" src=\"https:\/\/www.cpv-ev.com\/wp-content\/uploads\/2026\/04\/IMG_2411-147x110.jpg\" alt=\"\" width=\"147\" height=\"110\" srcset=\"https:\/\/www.cpv-ev.com\/wp-content\/uploads\/2026\/04\/IMG_2411-147x110.jpg 147w, https:\/\/www.cpv-ev.com\/wp-content\/uploads\/2026\/04\/IMG_2411-300x225.jpg 300w, https:\/\/www.cpv-ev.com\/wp-content\/uploads\/2026\/04\/IMG_2411-500x375.jpg 500w, https:\/\/www.cpv-ev.com\/wp-content\/uploads\/2026\/04\/IMG_2411-768x576.jpg 768w, https:\/\/www.cpv-ev.com\/wp-content\/uploads\/2026\/04\/IMG_2411-1536x1152.jpg 1536w, https:\/\/www.cpv-ev.com\/wp-content\/uploads\/2026\/04\/IMG_2411-2048x1536.jpg 2048w\" sizes=\"auto, (max-width: 147px) 100vw, 147px\" \/><\/a><a href=\"https:\/\/www.cpv-ev.com\/wp-content\/uploads\/2026\/04\/IMG_2410-scaled.jpg\"><img loading=\"lazy\" decoding=\"async\" class=\"size-thumbnail wp-image-30208 alignnone\" src=\"https:\/\/www.cpv-ev.com\/wp-content\/uploads\/2026\/04\/IMG_2410-147x110.jpg\" alt=\"\" width=\"147\" height=\"110\" srcset=\"https:\/\/www.cpv-ev.com\/wp-content\/uploads\/2026\/04\/IMG_2410-147x110.jpg 147w, https:\/\/www.cpv-ev.com\/wp-content\/uploads\/2026\/04\/IMG_2410-300x225.jpg 300w, https:\/\/www.cpv-ev.com\/wp-content\/uploads\/2026\/04\/IMG_2410-500x375.jpg 500w, https:\/\/www.cpv-ev.com\/wp-content\/uploads\/2026\/04\/IMG_2410-768x576.jpg 768w, https:\/\/www.cpv-ev.com\/wp-content\/uploads\/2026\/04\/IMG_2410-1536x1152.jpg 1536w, https:\/\/www.cpv-ev.com\/wp-content\/uploads\/2026\/04\/IMG_2410-2048x1536.jpg 2048w\" sizes=\"auto, (max-width: 147px) 100vw, 147px\" \/><\/a><a href=\"https:\/\/www.cpv-ev.com\/wp-content\/uploads\/2026\/04\/IMG_2409-scaled.jpg\"><img loading=\"lazy\" decoding=\"async\" class=\"alignleft size-thumbnail wp-image-30207\" src=\"https:\/\/www.cpv-ev.com\/wp-content\/uploads\/2026\/04\/IMG_2409-147x110.jpg\" alt=\"\" width=\"147\" height=\"110\" srcset=\"https:\/\/www.cpv-ev.com\/wp-content\/uploads\/2026\/04\/IMG_2409-147x110.jpg 147w, https:\/\/www.cpv-ev.com\/wp-content\/uploads\/2026\/04\/IMG_2409-300x225.jpg 300w, https:\/\/www.cpv-ev.com\/wp-content\/uploads\/2026\/04\/IMG_2409-500x375.jpg 500w, https:\/\/www.cpv-ev.com\/wp-content\/uploads\/2026\/04\/IMG_2409-768x576.jpg 768w, https:\/\/www.cpv-ev.com\/wp-content\/uploads\/2026\/04\/IMG_2409-1536x1152.jpg 1536w, https:\/\/www.cpv-ev.com\/wp-content\/uploads\/2026\/04\/IMG_2409-2048x1536.jpg 2048w\" sizes=\"auto, (max-width: 147px) 100vw, 147px\" \/><\/a><a href=\"https:\/\/www.cpv-ev.com\/wp-content\/uploads\/2026\/04\/IMG_2405-scaled.jpg\"><img loading=\"lazy\" decoding=\"async\" class=\"alignleft size-thumbnail wp-image-30204\" src=\"https:\/\/www.cpv-ev.com\/wp-content\/uploads\/2026\/04\/IMG_2405-165x110.jpg\" alt=\"\" width=\"165\" height=\"110\" srcset=\"https:\/\/www.cpv-ev.com\/wp-content\/uploads\/2026\/04\/IMG_2405-165x110.jpg 165w, https:\/\/www.cpv-ev.com\/wp-content\/uploads\/2026\/04\/IMG_2405-300x200.jpg 300w, https:\/\/www.cpv-ev.com\/wp-content\/uploads\/2026\/04\/IMG_2405-500x333.jpg 500w, https:\/\/www.cpv-ev.com\/wp-content\/uploads\/2026\/04\/IMG_2405-768x512.jpg 768w, https:\/\/www.cpv-ev.com\/wp-content\/uploads\/2026\/04\/IMG_2405-1536x1024.jpg 1536w, https:\/\/www.cpv-ev.com\/wp-content\/uploads\/2026\/04\/IMG_2405-2048x1365.jpg 2048w\" sizes=\"auto, (max-width: 165px) 100vw, 165px\" \/><\/a><a href=\"https:\/\/www.cpv-ev.com\/wp-content\/uploads\/2026\/04\/IMG_2403-scaled.jpg\"><img loading=\"lazy\" decoding=\"async\" class=\"alignleft size-thumbnail wp-image-30203\" src=\"https:\/\/www.cpv-ev.com\/wp-content\/uploads\/2026\/04\/IMG_2403-147x110.jpg\" alt=\"\" width=\"147\" height=\"110\" srcset=\"https:\/\/www.cpv-ev.com\/wp-content\/uploads\/2026\/04\/IMG_2403-147x110.jpg 147w, https:\/\/www.cpv-ev.com\/wp-content\/uploads\/2026\/04\/IMG_2403-300x225.jpg 300w, https:\/\/www.cpv-ev.com\/wp-content\/uploads\/2026\/04\/IMG_2403-500x375.jpg 500w, https:\/\/www.cpv-ev.com\/wp-content\/uploads\/2026\/04\/IMG_2403-768x576.jpg 768w, https:\/\/www.cpv-ev.com\/wp-content\/uploads\/2026\/04\/IMG_2403-1536x1152.jpg 1536w, https:\/\/www.cpv-ev.com\/wp-content\/uploads\/2026\/04\/IMG_2403-2048x1536.jpg 2048w\" sizes=\"auto, (max-width: 147px) 100vw, 147px\" \/><\/a><a href=\"https:\/\/www.cpv-ev.com\/wp-content\/uploads\/2026\/04\/IMG_2412-scaled.jpg\"><img loading=\"lazy\" decoding=\"async\" class=\"alignleft size-thumbnail wp-image-30210\" src=\"https:\/\/www.cpv-ev.com\/wp-content\/uploads\/2026\/04\/IMG_2412-110x110.jpg\" alt=\"\" width=\"110\" height=\"110\" srcset=\"https:\/\/www.cpv-ev.com\/wp-content\/uploads\/2026\/04\/IMG_2412-110x110.jpg 110w, https:\/\/www.cpv-ev.com\/wp-content\/uploads\/2026\/04\/IMG_2412-300x300.jpg 300w, https:\/\/www.cpv-ev.com\/wp-content\/uploads\/2026\/04\/IMG_2412-500x500.jpg 500w, https:\/\/www.cpv-ev.com\/wp-content\/uploads\/2026\/04\/IMG_2412-768x769.jpg 768w, https:\/\/www.cpv-ev.com\/wp-content\/uploads\/2026\/04\/IMG_2412-1536x1536.jpg 1536w, https:\/\/www.cpv-ev.com\/wp-content\/uploads\/2026\/04\/IMG_2412-2046x2048.jpg 2046w\" sizes=\"auto, (max-width: 110px) 100vw, 110px\" \/><\/a><a href=\"https:\/\/www.cpv-ev.com\/wp-content\/uploads\/2026\/04\/IMG_2408.jpg\"><img loading=\"lazy\" decoding=\"async\" class=\"alignleft size-thumbnail wp-image-30206\" src=\"https:\/\/www.cpv-ev.com\/wp-content\/uploads\/2026\/04\/IMG_2408-147x110.jpg\" alt=\"\" width=\"147\" height=\"110\" srcset=\"https:\/\/www.cpv-ev.com\/wp-content\/uploads\/2026\/04\/IMG_2408-147x110.jpg 147w, https:\/\/www.cpv-ev.com\/wp-content\/uploads\/2026\/04\/IMG_2408-300x225.jpg 300w, https:\/\/www.cpv-ev.com\/wp-content\/uploads\/2026\/04\/IMG_2408-500x375.jpg 500w, https:\/\/www.cpv-ev.com\/wp-content\/uploads\/2026\/04\/IMG_2408-768x576.jpg 768w, https:\/\/www.cpv-ev.com\/wp-content\/uploads\/2026\/04\/IMG_2408.jpg 1504w\" sizes=\"auto, (max-width: 147px) 100vw, 147px\" \/><\/a><a href=\"https:\/\/www.cpv-ev.com\/wp-content\/uploads\/2026\/04\/IMG_2407.jpg\"><img loading=\"lazy\" decoding=\"async\" class=\"alignleft size-thumbnail wp-image-30205\" src=\"https:\/\/www.cpv-ev.com\/wp-content\/uploads\/2026\/04\/IMG_2407-147x110.jpg\" alt=\"\" width=\"147\" height=\"110\" srcset=\"https:\/\/www.cpv-ev.com\/wp-content\/uploads\/2026\/04\/IMG_2407-147x110.jpg 147w, https:\/\/www.cpv-ev.com\/wp-content\/uploads\/2026\/04\/IMG_2407-300x225.jpg 300w, https:\/\/www.cpv-ev.com\/wp-content\/uploads\/2026\/04\/IMG_2407-500x375.jpg 500w, https:\/\/www.cpv-ev.com\/wp-content\/uploads\/2026\/04\/IMG_2407-768x576.jpg 768w, https:\/\/www.cpv-ev.com\/wp-content\/uploads\/2026\/04\/IMG_2407-1536x1152.jpg 1536w, https:\/\/www.cpv-ev.com\/wp-content\/uploads\/2026\/04\/IMG_2407.jpg 1823w\" sizes=\"auto, (max-width: 147px) 100vw, 147px\" \/><\/a><a href=\"https:\/\/www.cpv-ev.com\/wp-content\/uploads\/2026\/04\/IMG_2402-scaled.jpg\"><img loading=\"lazy\" decoding=\"async\" class=\"alignleft size-thumbnail wp-image-30202\" src=\"https:\/\/www.cpv-ev.com\/wp-content\/uploads\/2026\/04\/IMG_2402-147x110.jpg\" alt=\"\" width=\"147\" height=\"110\" srcset=\"https:\/\/www.cpv-ev.com\/wp-content\/uploads\/2026\/04\/IMG_2402-147x110.jpg 147w, https:\/\/www.cpv-ev.com\/wp-content\/uploads\/2026\/04\/IMG_2402-300x225.jpg 300w, https:\/\/www.cpv-ev.com\/wp-content\/uploads\/2026\/04\/IMG_2402-500x375.jpg 500w, https:\/\/www.cpv-ev.com\/wp-content\/uploads\/2026\/04\/IMG_2402-768x576.jpg 768w, https:\/\/www.cpv-ev.com\/wp-content\/uploads\/2026\/04\/IMG_2402-1536x1152.jpg 1536w, https:\/\/www.cpv-ev.com\/wp-content\/uploads\/2026\/04\/IMG_2402-2048x1536.jpg 2048w\" sizes=\"auto, (max-width: 147px) 100vw, 147px\" \/><\/a><a href=\"https:\/\/www.cpv-ev.com\/wp-content\/uploads\/2026\/04\/IMG_2401.jpg\"><img loading=\"lazy\" decoding=\"async\" class=\"alignleft size-thumbnail wp-image-30201\" src=\"https:\/\/www.cpv-ev.com\/wp-content\/uploads\/2026\/04\/IMG_2401-147x110.jpg\" alt=\"\" width=\"147\" height=\"110\" srcset=\"https:\/\/www.cpv-ev.com\/wp-content\/uploads\/2026\/04\/IMG_2401-147x110.jpg 147w, https:\/\/www.cpv-ev.com\/wp-content\/uploads\/2026\/04\/IMG_2401-300x225.jpg 300w, https:\/\/www.cpv-ev.com\/wp-content\/uploads\/2026\/04\/IMG_2401-500x375.jpg 500w, https:\/\/www.cpv-ev.com\/wp-content\/uploads\/2026\/04\/IMG_2401-768x576.jpg 768w, https:\/\/www.cpv-ev.com\/wp-content\/uploads\/2026\/04\/IMG_2401-1536x1152.jpg 1536w, https:\/\/www.cpv-ev.com\/wp-content\/uploads\/2026\/04\/IMG_2401.jpg 1827w\" sizes=\"auto, (max-width: 147px) 100vw, 147px\" \/><\/a><\/p>\n<h5>Nachkommen<\/h5>\n\n<table id=\"tablepress-18\" class=\"tablepress tablepress-id-18\">\n<thead>\n<tr class=\"row-1\">\n\t<th class=\"column-1\">FOTO<\/th><th class=\"column-2\">NAME<\/th><th class=\"column-3\">JAHR<\/th><th class=\"column-4\">VATER<\/th><th class=\"column-5\">MUTTER<\/th><th class=\"column-6\">Z\u00dcCHTER<\/th>\n<\/tr>\n<\/thead>\n<tbody class=\"row-striping row-hover\">\n<\/tbody>\n<\/table>\n<!-- #tablepress-18 from cache -->\n","protected":false},"excerpt":{"rendered":"<p>Farbe: Rappschimmel Hengstbuch: ZfdP HB I K\u00f6rung: 28.04.2023 Altenstadt\/Hessen Geboren: 03.04.2020 Leistungspr\u00fcfung: &#8211; &nbsp; Stockma\u00df: 145 cm Tr\u00e4ger des Creme-Faktors: unbekannt R\u00f6hrbein: &#8211; Tr\u00e4ger des Fuchsgens: unbekannt Deckbedingungen: auf Anfrage Decktaxe: auf Anfrage HWSD-Status: N\/N mit Abstammungs\u00fcberpr\u00fcfung &nbsp; &nbsp; Gek\u00f6rte <a class=\"more-link\" href=\"https:\/\/www.cpv-ev.com\/?page_id=30067\"><span class=\"screen-reader-text\">  Birdmountain Younique<\/span> weiterlesen<span class=\"meta-nav\">&rarr;<\/span><\/a><\/p>\n","protected":false},"author":5,"featured_media":0,"parent":97,"menu_order":0,"comment_status":"closed","ping_status":"closed","template":"","meta":{"ngg_post_thumbnail":0,"footnotes":""},"class_list":["post-30067","page","type-page","status-publish","hentry"],"_links":{"self":[{"href":"https:\/\/www.cpv-ev.com\/index.php?rest_route=\/wp\/v2\/pages\/30067","targetHints":{"allow":["GET"]}}],"collection":[{"href":"https:\/\/www.cpv-ev.com\/index.php?rest_route=\/wp\/v2\/pages"}],"about":[{"href":"https:\/\/www.cpv-ev.com\/index.php?rest_route=\/wp\/v2\/types\/page"}],"author":[{"embeddable":true,"href":"https:\/\/www.cpv-ev.com\/index.php?rest_route=\/wp\/v2\/users\/5"}],"replies":[{"embeddable":true,"href":"https:\/\/www.cpv-ev.com\/index.php?rest_route=%2Fwp%2Fv2%2Fcomments&post=30067"}],"version-history":[{"count":7,"href":"https:\/\/www.cpv-ev.com\/index.php?rest_route=\/wp\/v2\/pages\/30067\/revisions"}],"predecessor-version":[{"id":30212,"href":"https:\/\/www.cpv-ev.com\/index.php?rest_route=\/wp\/v2\/pages\/30067\/revisions\/30212"}],"up":[{"embeddable":true,"href":"https:\/\/www.cpv-ev.com\/index.php?rest_route=\/wp\/v2\/pages\/97"}],"wp:attachment":[{"href":"https:\/\/www.cpv-ev.com\/index.php?rest_route=%2Fwp%2Fv2%2Fmedia&parent=30067"}],"curies":[{"name":"wp","href":"https:\/\/api.w.org\/{rel}","templated":true}]}}