{"id":30046,"date":"2026-04-21T11:04:25","date_gmt":"2026-04-21T09:04:25","guid":{"rendered":"https:\/\/www.cpv-ev.com\/?page_id=30046"},"modified":"2026-04-23T14:15:42","modified_gmt":"2026-04-23T12:15:42","slug":"pollos-first-star","status":"publish","type":"page","link":"https:\/\/www.cpv-ev.com\/?page_id=30046","title":{"rendered":"Apollos First Star"},"content":{"rendered":"<table border=\"1\" cellspacing=\"0\" cellpadding=\"0\">\n<tbody>\n<tr>\n<td valign=\"top\" width=\"359\"><strong>Farbe:<\/strong> Schimmel<br \/>\n<strong>Geburtsfarbe:<\/strong> Rappe<\/td>\n<td valign=\"top\" width=\"359\"><strong>Hengstbuch:<\/strong> ZfdP HB I<br \/>\n<strong>K\u00f6rung:<\/strong> 07.01.2026, Neustadt\/Dosse<\/td>\n<\/tr>\n<tr>\n<td valign=\"top\" width=\"359\"><strong>Geboren:<\/strong> 10.05.2023<\/td>\n<td valign=\"top\" width=\"359\"><strong>Leistungspr\u00fcfung: &#8211;<\/strong><\/td>\n<\/tr>\n<tr>\n<td valign=\"top\" width=\"359\"><strong>Stockma\u00df: <\/strong>147 cm<\/td>\n<td valign=\"top\" width=\"359\"><strong>Tr\u00e4ger des Creme-Faktors:<\/strong> unbekannt<\/td>\n<\/tr>\n<tr>\n<td valign=\"top\" width=\"359\"><strong>R\u00f6hrbein: <\/strong>19&nbsp;cm<\/td>\n<td valign=\"top\" width=\"359\"><strong>Tr\u00e4ger des Fuchsgens:<\/strong> unbekannt<\/td>\n<\/tr>\n<tr>\n<td valign=\"top\" width=\"359\"><strong style=\"line-height: 24px;\">Deckbedingungen: <\/strong>auf Anfrage<\/td>\n<td valign=\"top\" width=\"359\"><strong>Decktaxe:<\/strong> auf Anfrage<\/td>\n<\/tr>\n<tr>\n<td valign=\"top\" width=\"359\"><strong style=\"line-height: 24px;\">HWSD-Status: <\/strong>N\/N mit Abstammungs\u00fcberpr\u00fcfung<strong style=\"line-height: 24px;\"><br \/>\n<\/strong><\/td>\n<\/tr>\n<tr>\n<td valign=\"top\" width=\"359\"><img loading=\"lazy\" decoding=\"async\" class=\"alignnone size-full wp-image-232\" src=\"https:\/\/www.cpv-ev.com\/wp-content\/uploads\/2012\/07\/trans240x10.gif\" alt=\"trans240x10\" width=\"240\" height=\"10\" srcset=\"https:\/\/www.cpv-ev.com\/wp-content\/uploads\/2012\/07\/trans240x10.gif 240w, https:\/\/www.cpv-ev.com\/wp-content\/uploads\/2012\/07\/trans240x10-225x10.gif 225w\" sizes=\"auto, (max-width: 240px) 100vw, 240px\" \/><\/td>\n<td valign=\"top\" width=\"359\">&nbsp;<\/td>\n<\/tr>\n<tr>\n<td valign=\"top\" width=\"359\"><strong>Gek\u00f6rte S\u00f6hne: &#8211;<\/strong><\/td>\n<td valign=\"top\" width=\"359\"><strong>Eingetragene Stuten:<\/strong> &#8211;<strong><br \/>\n<\/strong><\/td>\n<\/tr>\n<tr>\n<td valign=\"top\" width=\"359\">&nbsp;<\/td>\n<td valign=\"top\" width=\"359\"><strong>davon StPrSt: <\/strong>&#8211;<strong><br \/>\n<\/strong><\/td>\n<\/tr>\n<tr>\n<td valign=\"top\" width=\"359\"><img loading=\"lazy\" decoding=\"async\" src=\"https:\/\/www.cpv-ev.com\/wp-content\/uploads\/2012\/07\/trans240x10.gif\" alt=\"trans240x10\" width=\"240\" height=\"10\"><\/td>\n<td valign=\"top\" width=\"359\">&nbsp;<\/td>\n<\/tr>\n<tr>\n<td valign=\"top\" width=\"359\"><strong>Lebensgewinnsumme:<\/strong> &#8211;<img loading=\"lazy\" decoding=\"async\" class=\"alignnone size-full wp-image-232\" title=\"trans240x10\" src=\"https:\/\/www.cpv-ev.com\/wp-content\/uploads\/2012\/07\/trans240x10.gif\" alt=\"\" width=\"100\" height=\"20\"><\/td>\n<td valign=\"top\" width=\"359\"><strong>Nachkommen-LGS: &#8211;<\/strong><strong><br \/>\n<\/strong><\/td>\n<\/tr>\n<tr>\n<td colspan=\"2\" valign=\"top\" width=\"717\"><img loading=\"lazy\" decoding=\"async\" src=\"https:\/\/www.cpv-ev.com\/wp-content\/uploads\/2012\/07\/trans240x10.gif\" alt=\"trans240x10\" width=\"240\" height=\"10\"><\/td>\n<\/tr>\n<tr>\n<td colspan=\"2\" valign=\"top\" width=\"717\"><strong><strong>Z\u00fcchter: <\/strong><\/strong><strong><strong><br \/>\n<\/strong><\/strong><strong>Besitzer: <\/strong>Melina Tiemann, 37176 Elvese<\/td>\n<\/tr>\n<tr>\n<td valign=\"top\" width=\"359\">Telefon: &#8211;<\/td>\n<td valign=\"top\" width=\"359\">Mobil: &#8211;<\/td>\n<\/tr>\n<tr>\n<td valign=\"top\" width=\"307\">Email: &#8211;<\/td>\n<td valign=\"top\" width=\"307\">Website: &#8211;<\/td>\n<\/tr>\n<tr>\n<td colspan=\"2\" valign=\"top\" width=\"717\"><img loading=\"lazy\" decoding=\"async\" src=\"https:\/\/www.cpv-ev.com\/wp-content\/uploads\/2012\/07\/trans240x10.gif\" alt=\"trans240x10\" width=\"240\" height=\"10\"><\/td>\n<\/tr>\n<\/tbody>\n<\/table>\n<h5>&nbsp;Pedigree<\/h5>\n<p><a href=\"https:\/\/www.cpv-ev.com\/wp-content\/uploads\/2026\/04\/IMG_2950-scaled.jpg\"><img loading=\"lazy\" decoding=\"async\" class=\"alignleft size-thumbnail wp-image-30049\" src=\"https:\/\/www.cpv-ev.com\/wp-content\/uploads\/2026\/04\/IMG_2950-278x110.jpg\" alt=\"\" width=\"278\" height=\"110\" srcset=\"https:\/\/www.cpv-ev.com\/wp-content\/uploads\/2026\/04\/IMG_2950-278x110.jpg 278w, https:\/\/www.cpv-ev.com\/wp-content\/uploads\/2026\/04\/IMG_2950-300x119.jpg 300w, https:\/\/www.cpv-ev.com\/wp-content\/uploads\/2026\/04\/IMG_2950-500x198.jpg 500w, https:\/\/www.cpv-ev.com\/wp-content\/uploads\/2026\/04\/IMG_2950-768x304.jpg 768w, https:\/\/www.cpv-ev.com\/wp-content\/uploads\/2026\/04\/IMG_2950-1536x608.jpg 1536w, https:\/\/www.cpv-ev.com\/wp-content\/uploads\/2026\/04\/IMG_2950-2048x810.jpg 2048w\" sizes=\"auto, (max-width: 278px) 100vw, 278px\" \/><\/a><\/p>\n<h5>Galerie<\/h5>\n<p>&nbsp; &nbsp; <a href=\"https:\/\/www.cpv-ev.com\/wp-content\/uploads\/2026\/04\/IMG_5347.jpg\"><img loading=\"lazy\" decoding=\"async\" class=\"alignleft size-thumbnail wp-image-30050\" src=\"https:\/\/www.cpv-ev.com\/wp-content\/uploads\/2026\/04\/IMG_5347-157x110.jpg\" alt=\"\" width=\"157\" height=\"110\" srcset=\"https:\/\/www.cpv-ev.com\/wp-content\/uploads\/2026\/04\/IMG_5347-157x110.jpg 157w, https:\/\/www.cpv-ev.com\/wp-content\/uploads\/2026\/04\/IMG_5347-300x210.jpg 300w, https:\/\/www.cpv-ev.com\/wp-content\/uploads\/2026\/04\/IMG_5347.jpg 319w\" sizes=\"auto, (max-width: 157px) 100vw, 157px\" \/><\/a><a href=\"https:\/\/www.cpv-ev.com\/wp-content\/uploads\/2026\/04\/IMG_5348.jpg\"><img loading=\"lazy\" decoding=\"async\" class=\"alignleft size-thumbnail wp-image-30051\" src=\"https:\/\/www.cpv-ev.com\/wp-content\/uploads\/2026\/04\/IMG_5348-153x110.jpg\" alt=\"\" width=\"153\" height=\"110\" srcset=\"https:\/\/www.cpv-ev.com\/wp-content\/uploads\/2026\/04\/IMG_5348-153x110.jpg 153w, https:\/\/www.cpv-ev.com\/wp-content\/uploads\/2026\/04\/IMG_5348.jpg 278w\" sizes=\"auto, (max-width: 153px) 100vw, 153px\" \/><\/a><a href=\"https:\/\/www.cpv-ev.com\/wp-content\/uploads\/2026\/04\/IMG_5349.jpg\"><img loading=\"lazy\" decoding=\"async\" class=\"alignleft size-thumbnail wp-image-30052\" src=\"https:\/\/www.cpv-ev.com\/wp-content\/uploads\/2026\/04\/IMG_5349-87x110.jpg\" alt=\"\" width=\"87\" height=\"110\" srcset=\"https:\/\/www.cpv-ev.com\/wp-content\/uploads\/2026\/04\/IMG_5349-87x110.jpg 87w, https:\/\/www.cpv-ev.com\/wp-content\/uploads\/2026\/04\/IMG_5349.jpg 223w\" sizes=\"auto, (max-width: 87px) 100vw, 87px\" \/><\/a>&nbsp; &nbsp; &nbsp;&nbsp; &nbsp; &nbsp; &nbsp;&nbsp; &nbsp; &nbsp;<\/p>\n<h5>Nachkommen<\/h5>\n\n<table id=\"tablepress-18\" class=\"tablepress tablepress-id-18\">\n<thead>\n<tr class=\"row-1\">\n\t<th class=\"column-1\">FOTO<\/th><th class=\"column-2\">NAME<\/th><th class=\"column-3\">JAHR<\/th><th class=\"column-4\">VATER<\/th><th class=\"column-5\">MUTTER<\/th><th class=\"column-6\">Z\u00dcCHTER<\/th>\n<\/tr>\n<\/thead>\n<tbody class=\"row-striping row-hover\">\n<\/tbody>\n<\/table>\n<!-- #tablepress-18 from cache -->\n","protected":false},"excerpt":{"rendered":"<p>Farbe: Schimmel Geburtsfarbe: Rappe Hengstbuch: ZfdP HB I K\u00f6rung: 07.01.2026, Neustadt\/Dosse Geboren: 10.05.2023 Leistungspr\u00fcfung: &#8211; Stockma\u00df: 147 cm Tr\u00e4ger des Creme-Faktors: unbekannt R\u00f6hrbein: 19&nbsp;cm Tr\u00e4ger des Fuchsgens: unbekannt Deckbedingungen: auf Anfrage Decktaxe: auf Anfrage HWSD-Status: N\/N mit Abstammungs\u00fcberpr\u00fcfung &nbsp; Gek\u00f6rte <a class=\"more-link\" href=\"https:\/\/www.cpv-ev.com\/?page_id=30046\"><span class=\"screen-reader-text\">  Apollos First Star<\/span> weiterlesen<span class=\"meta-nav\">&rarr;<\/span><\/a><\/p>\n","protected":false},"author":5,"featured_media":0,"parent":97,"menu_order":0,"comment_status":"closed","ping_status":"closed","template":"","meta":{"ngg_post_thumbnail":0,"footnotes":""},"class_list":["post-30046","page","type-page","status-publish","hentry"],"_links":{"self":[{"href":"https:\/\/www.cpv-ev.com\/index.php?rest_route=\/wp\/v2\/pages\/30046","targetHints":{"allow":["GET"]}}],"collection":[{"href":"https:\/\/www.cpv-ev.com\/index.php?rest_route=\/wp\/v2\/pages"}],"about":[{"href":"https:\/\/www.cpv-ev.com\/index.php?rest_route=\/wp\/v2\/types\/page"}],"author":[{"embeddable":true,"href":"https:\/\/www.cpv-ev.com\/index.php?rest_route=\/wp\/v2\/users\/5"}],"replies":[{"embeddable":true,"href":"https:\/\/www.cpv-ev.com\/index.php?rest_route=%2Fwp%2Fv2%2Fcomments&post=30046"}],"version-history":[{"count":3,"href":"https:\/\/www.cpv-ev.com\/index.php?rest_route=\/wp\/v2\/pages\/30046\/revisions"}],"predecessor-version":[{"id":30055,"href":"https:\/\/www.cpv-ev.com\/index.php?rest_route=\/wp\/v2\/pages\/30046\/revisions\/30055"}],"up":[{"embeddable":true,"href":"https:\/\/www.cpv-ev.com\/index.php?rest_route=\/wp\/v2\/pages\/97"}],"wp:attachment":[{"href":"https:\/\/www.cpv-ev.com\/index.php?rest_route=%2Fwp%2Fv2%2Fmedia&parent=30046"}],"curies":[{"name":"wp","href":"https:\/\/api.w.org\/{rel}","templated":true}]}}