{"id":296,"date":"2012-07-12T10:21:43","date_gmt":"2012-07-12T08:21:43","guid":{"rendered":"https:\/\/www.cpv-ev.com\/?page_id=296"},"modified":"2023-11-27T17:26:18","modified_gmt":"2023-11-27T16:26:18","slug":"verein","status":"publish","type":"page","link":"https:\/\/www.cpv-ev.com\/?page_id=296","title":{"rendered":"Verein"},"content":{"rendered":"<p>Die <strong>Connemara Pony Vereinigung e.V.<\/strong> wurde im Mai 1996 von einer Gruppe engagierter Freunde des Connemara Ponys ins Leben gerufen (zun\u00e4chst unter dem Namen Connemara Bundesvereinigung).<\/p>\n<p>Wir alle reiten, fahren, z\u00fcchten Connemara Ponies und sind von dieser einzigartigen Rasse \u00fcberzeugt. Eine zahlenm\u00e4\u00dfig kleine Rasse hat es schwer, auf Bundesebene etwas zu bewirken. Das soll sich \u00e4ndern!<\/p>\n<p>Ihre Aufgaben sieht die Connemarapony Vereinigung e.V. in der F\u00f6rderung der Zucht eines modernen, sportlichen Ponys auf der Grundlage alter irischer Blutlinien in enger Zusammenarbeit mit dem Mutterland. Dem interessierten Z\u00fcchter und K\u00e4ufer werden Beratung und Informationen geboten.<\/p>\n<p>Die Bildung regionaler Gruppen wird unterst\u00fctzt, Kontakte zwischen Z\u00fcchtern, Reitern, Fahrern und Freunden der Rasse werden hergestellt und auf Treffen und Veranstaltungen gepflegt.<\/p>\n<p>Im Internet ist die Connemarapony Vereinigung bereits seit 1996 pr\u00e4sent.<\/p>\n<p>Gerne hei\u00dfen wir Sie in unserer Mitte willkommen!<\/p>\n<ul>\n<li><strong><a href=\"?page_id=46\">Vorstand<\/a><\/strong><\/li>\n<li><strong><a href=\"?page_id=238\">Mitglied werden<\/a><\/strong><\/li>\n<li><a href=\"https:\/\/www.cpv-ev.com\/wp-content\/uploads\/2023\/06\/Satzung-CPV-20.06.2021-in-Goch.pdf\"><strong>Satzung<\/strong> (PDF-Datei)<\/a><\/li>\n<\/ul>\n","protected":false},"excerpt":{"rendered":"<p>Die Connemara Pony Vereinigung e.V. wurde im Mai 1996 von einer Gruppe engagierter Freunde des Connemara Ponys ins Leben gerufen (zun\u00e4chst unter dem Namen Connemara Bundesvereinigung). Wir alle reiten, fahren, z\u00fcchten Connemara Ponies und sind von dieser einzigartigen Rasse \u00fcberzeugt. <a class=\"more-link\" href=\"https:\/\/www.cpv-ev.com\/?page_id=296\"><span class=\"screen-reader-text\">  Verein<\/span> weiterlesen<span class=\"meta-nav\">&rarr;<\/span><\/a><\/p>\n","protected":false},"author":1,"featured_media":0,"parent":0,"menu_order":0,"comment_status":"closed","ping_status":"open","template":"","meta":{"ngg_post_thumbnail":0,"footnotes":""},"class_list":["post-296","page","type-page","status-publish","hentry"],"_links":{"self":[{"href":"https:\/\/www.cpv-ev.com\/index.php?rest_route=\/wp\/v2\/pages\/296","targetHints":{"allow":["GET"]}}],"collection":[{"href":"https:\/\/www.cpv-ev.com\/index.php?rest_route=\/wp\/v2\/pages"}],"about":[{"href":"https:\/\/www.cpv-ev.com\/index.php?rest_route=\/wp\/v2\/types\/page"}],"author":[{"embeddable":true,"href":"https:\/\/www.cpv-ev.com\/index.php?rest_route=\/wp\/v2\/users\/1"}],"replies":[{"embeddable":true,"href":"https:\/\/www.cpv-ev.com\/index.php?rest_route=%2Fwp%2Fv2%2Fcomments&post=296"}],"version-history":[{"count":0,"href":"https:\/\/www.cpv-ev.com\/index.php?rest_route=\/wp\/v2\/pages\/296\/revisions"}],"wp:attachment":[{"href":"https:\/\/www.cpv-ev.com\/index.php?rest_route=%2Fwp%2Fv2%2Fmedia&parent=296"}],"curies":[{"name":"wp","href":"https:\/\/api.w.org\/{rel}","templated":true}]}}