{"id":27376,"date":"2022-03-08T14:22:39","date_gmt":"2022-03-08T12:22:39","guid":{"rendered":"https:\/\/www.cpv-ev.com\/?page_id=27376"},"modified":"2026-04-23T13:57:50","modified_gmt":"2026-04-23T11:57:50","slug":"iou-and-me-rhapsody","status":"publish","type":"page","link":"https:\/\/www.cpv-ev.com\/?page_id=27376","title":{"rendered":"Iou &#8217;n me Rhapsody"},"content":{"rendered":"<table border=\"1\" cellspacing=\"0\" cellpadding=\"0\">\n<tbody>\n<tr>\n<td colspan=\"2\" valign=\"top\" width=\"717\"><img loading=\"lazy\" decoding=\"async\" src=\"https:\/\/www.cpv-ev.com\/wp-content\/uploads\/2012\/07\/trans240x10.gif\" alt=\"trans240x10\" width=\"240\" height=\"10\"><\/td>\n<\/tr>\n<tr>\n<td valign=\"top\" width=\"359\"><strong>Farbe:<\/strong> Schimmel<br \/>\n<strong>Geburtsfarbe: <\/strong>Braun<\/td>\n<td valign=\"top\" width=\"359\"><strong>Hengstbuch:<\/strong> Bayern HB I, s\u00fcddt. gek\u00f6rt<br \/>\n<strong>K\u00f6rung:<\/strong> 19.02.2022 Bayern<\/td>\n<\/tr>\n<tr>\n<td valign=\"top\" width=\"359\"><strong>Geboren:<\/strong> 21.06.2018<\/td>\n<td valign=\"top\" width=\"359\"><strong>Leistungspr\u00fcfung:&nbsp;<\/strong>Ansbach 2022, 2TT, WN 7,70 (Rang 1\/3)<\/td>\n<\/tr>\n<tr>\n<td valign=\"top\" width=\"359\"><strong>Stockma\u00df: <\/strong>147 cm<strong><br \/>\n<\/strong><\/td>\n<td valign=\"top\" width=\"359\"><strong>Tr\u00e4ger des Creme-Faktors: <\/strong>unbekannt<strong><br \/>\n<\/strong><\/td>\n<\/tr>\n<tr>\n<td valign=\"top\" width=\"359\"><strong>R\u00f6hrbein: <\/strong>20 cm<strong><br \/>\n<\/strong><\/td>\n<td valign=\"top\" width=\"359\"><strong>Tr\u00e4ger des Fuchsgens: <\/strong>unbekannt<strong><br \/>\n<\/strong><\/td>\n<\/tr>\n<tr>\n<td valign=\"top\" width=\"359\"><strong style=\"line-height: 24px;\">Ausgeschieden:&nbsp;<\/strong>2025 verstorben<\/td>\n<td valign=\"top\" width=\"359\">&nbsp;<\/td>\n<\/tr>\n<tr>\n<td valign=\"top\" width=\"359\"><strong style=\"line-height: 24px;\">HWSD-Status: <\/strong>N\/N mit Abstammungs\u00fcberpr\u00fcfung<strong style=\"line-height: 24px;\"><br \/>\n<\/strong><\/td>\n<td valign=\"top\" width=\"359\"><strong>&nbsp;<\/strong><\/td>\n<\/tr>\n<tr>\n<td valign=\"top\" width=\"359\"><img loading=\"lazy\" decoding=\"async\" class=\"alignnone size-full wp-image-232\" src=\"https:\/\/www.cpv-ev.com\/wp-content\/uploads\/2012\/07\/trans240x10.gif\" alt=\"trans240x10\" width=\"240\" height=\"10\" srcset=\"https:\/\/www.cpv-ev.com\/wp-content\/uploads\/2012\/07\/trans240x10.gif 240w, https:\/\/www.cpv-ev.com\/wp-content\/uploads\/2012\/07\/trans240x10-225x10.gif 225w\" sizes=\"auto, (max-width: 240px) 100vw, 240px\" \/><\/td>\n<td valign=\"top\" width=\"359\">&nbsp;<\/td>\n<\/tr>\n<tr>\n<td valign=\"top\" width=\"359\"><strong>Gek\u00f6rte S\u00f6hne:&nbsp;<\/strong> &#8211;<\/td>\n<td valign=\"top\" width=\"359\"><strong>Eingetragene Stuten:<\/strong> &#8211;<br \/>\n<strong>davon StPrSt: <\/strong>&#8211;<strong><br \/>\n<\/strong><\/td>\n<\/tr>\n<tr>\n<td valign=\"top\" width=\"359\"><img loading=\"lazy\" decoding=\"async\" src=\"https:\/\/www.cpv-ev.com\/wp-content\/uploads\/2012\/07\/trans240x10.gif\" alt=\"trans240x10\" width=\"240\" height=\"10\"><\/td>\n<td valign=\"top\" width=\"359\">&nbsp;<\/td>\n<\/tr>\n<tr>\n<td valign=\"top\" width=\"359\"><strong>Lebensgewinnsumme:<\/strong> &#8211;<img loading=\"lazy\" decoding=\"async\" class=\"alignnone size-full wp-image-232\" title=\"trans240x10\" src=\"https:\/\/www.cpv-ev.com\/wp-content\/uploads\/2012\/07\/trans240x10.gif\" alt=\"\" width=\"100\" height=\"20\"><\/td>\n<td valign=\"top\" width=\"359\"><strong>Nachkommen-LGS: <\/strong>&#8211;<\/td>\n<\/tr>\n<tr>\n<td colspan=\"2\" valign=\"top\" width=\"717\"><img loading=\"lazy\" decoding=\"async\" src=\"https:\/\/www.cpv-ev.com\/wp-content\/uploads\/2012\/07\/trans240x10.gif\" alt=\"trans240x10\" width=\"240\" height=\"10\"><\/td>\n<\/tr>\n<tr>\n<td colspan=\"2\" valign=\"top\" width=\"717\"><strong>Z\u00fcchter: <\/strong>Nicolas Herve, Frankreich<\/td>\n<\/tr>\n<tr>\n<td colspan=\"2\" valign=\"top\" width=\"717\"><strong>Besitzer: <\/strong>Angelika Wolf, Gest\u00fct Wirthsm\u00fchle, 91771 Greding <strong><strong><strong><strong><br \/>\n<\/strong><\/strong><\/strong><\/strong><\/td>\n<\/tr>\n<tr>\n<td valign=\"top\" width=\"359\">&nbsp;<\/td>\n<td valign=\"top\" width=\"359\">&nbsp;<\/td>\n<\/tr>\n<tr>\n<td valign=\"top\" width=\"307\">&nbsp;<\/td>\n<td valign=\"top\" width=\"307\">&nbsp;<\/td>\n<\/tr>\n<\/tbody>\n<\/table>\n<h5>Pedigree<\/h5>\n<p><a href=\"https:\/\/www.cpv-ev.com\/wp-content\/uploads\/2022\/03\/Iou-n-me-Rhapsody-Ped.jpg\"><img loading=\"lazy\" decoding=\"async\" class=\"alignnone size-full wp-image-27437\" src=\"https:\/\/www.cpv-ev.com\/wp-content\/uploads\/2022\/03\/Iou-n-me-Rhapsody-Ped.jpg\" alt=\"\" width=\"680\" height=\"310\" srcset=\"https:\/\/www.cpv-ev.com\/wp-content\/uploads\/2022\/03\/Iou-n-me-Rhapsody-Ped.jpg 680w, https:\/\/www.cpv-ev.com\/wp-content\/uploads\/2022\/03\/Iou-n-me-Rhapsody-Ped-300x137.jpg 300w, https:\/\/www.cpv-ev.com\/wp-content\/uploads\/2022\/03\/Iou-n-me-Rhapsody-Ped-500x228.jpg 500w, https:\/\/www.cpv-ev.com\/wp-content\/uploads\/2022\/03\/Iou-n-me-Rhapsody-Ped-241x110.jpg 241w\" sizes=\"auto, (max-width: 680px) 100vw, 680px\" \/><\/a><br \/>\n<img loading=\"lazy\" decoding=\"async\" src=\"https:\/\/www.cpv-ev.com\/wp-content\/uploads\/2012\/07\/trans240x10.gif\" alt=\"trans240x10\" width=\"240\" height=\"10\"><\/p>\n<h5>Galerie<\/h5>\n<p><a href=\"https:\/\/www.cpv-ev.com\/wp-content\/uploads\/2022\/03\/Iou-n-me-Trab.jpg\"><img loading=\"lazy\" decoding=\"async\" class=\"alignnone size-thumbnail wp-image-27494\" src=\"https:\/\/www.cpv-ev.com\/wp-content\/uploads\/2022\/03\/Iou-n-me-Trab-147x110.jpg\" alt=\"\" width=\"147\" height=\"110\" srcset=\"https:\/\/www.cpv-ev.com\/wp-content\/uploads\/2022\/03\/Iou-n-me-Trab-147x110.jpg 147w, https:\/\/www.cpv-ev.com\/wp-content\/uploads\/2022\/03\/Iou-n-me-Trab-300x225.jpg 300w, https:\/\/www.cpv-ev.com\/wp-content\/uploads\/2022\/03\/Iou-n-me-Trab-500x375.jpg 500w, https:\/\/www.cpv-ev.com\/wp-content\/uploads\/2022\/03\/Iou-n-me-Trab-146x110.jpg 146w, https:\/\/www.cpv-ev.com\/wp-content\/uploads\/2022\/03\/Iou-n-me-Trab.jpg 750w\" sizes=\"auto, (max-width: 147px) 100vw, 147px\" \/>&nbsp; <\/a><a href=\"https:\/\/www.cpv-ev.com\/wp-content\/uploads\/2022\/03\/Iou-n-me-Trab-2.jpg\"><img loading=\"lazy\" decoding=\"async\" class=\"alignnone size-thumbnail wp-image-27493\" src=\"https:\/\/www.cpv-ev.com\/wp-content\/uploads\/2022\/03\/Iou-n-me-Trab-2-147x110.jpg\" alt=\"\" width=\"147\" height=\"110\" srcset=\"https:\/\/www.cpv-ev.com\/wp-content\/uploads\/2022\/03\/Iou-n-me-Trab-2-147x110.jpg 147w, https:\/\/www.cpv-ev.com\/wp-content\/uploads\/2022\/03\/Iou-n-me-Trab-2-300x225.jpg 300w, https:\/\/www.cpv-ev.com\/wp-content\/uploads\/2022\/03\/Iou-n-me-Trab-2-500x375.jpg 500w, https:\/\/www.cpv-ev.com\/wp-content\/uploads\/2022\/03\/Iou-n-me-Trab-2-146x110.jpg 146w, https:\/\/www.cpv-ev.com\/wp-content\/uploads\/2022\/03\/Iou-n-me-Trab-2.jpg 750w\" sizes=\"auto, (max-width: 147px) 100vw, 147px\" \/>&nbsp; <\/a><a href=\"https:\/\/www.cpv-ev.com\/wp-content\/uploads\/2022\/03\/Iou-n-me-Rhapsody.jpg\"><img loading=\"lazy\" decoding=\"async\" class=\"alignnone size-thumbnail wp-image-27492\" src=\"https:\/\/www.cpv-ev.com\/wp-content\/uploads\/2022\/03\/Iou-n-me-Rhapsody-147x110.jpg\" alt=\"\" width=\"147\" height=\"110\" srcset=\"https:\/\/www.cpv-ev.com\/wp-content\/uploads\/2022\/03\/Iou-n-me-Rhapsody-147x110.jpg 147w, https:\/\/www.cpv-ev.com\/wp-content\/uploads\/2022\/03\/Iou-n-me-Rhapsody-300x225.jpg 300w, https:\/\/www.cpv-ev.com\/wp-content\/uploads\/2022\/03\/Iou-n-me-Rhapsody-500x375.jpg 500w, https:\/\/www.cpv-ev.com\/wp-content\/uploads\/2022\/03\/Iou-n-me-Rhapsody-146x110.jpg 146w, https:\/\/www.cpv-ev.com\/wp-content\/uploads\/2022\/03\/Iou-n-me-Rhapsody.jpg 750w\" sizes=\"auto, (max-width: 147px) 100vw, 147px\" \/>&nbsp; <\/a><a href=\"https:\/\/www.cpv-ev.com\/wp-content\/uploads\/2022\/03\/Iou-n-me-Rhapsody-Sprung.jpg\"><img loading=\"lazy\" decoding=\"async\" class=\"alignnone size-thumbnail wp-image-27491\" src=\"https:\/\/www.cpv-ev.com\/wp-content\/uploads\/2022\/03\/Iou-n-me-Rhapsody-Sprung-147x110.jpg\" alt=\"\" width=\"147\" height=\"110\" srcset=\"https:\/\/www.cpv-ev.com\/wp-content\/uploads\/2022\/03\/Iou-n-me-Rhapsody-Sprung-147x110.jpg 147w, https:\/\/www.cpv-ev.com\/wp-content\/uploads\/2022\/03\/Iou-n-me-Rhapsody-Sprung-300x225.jpg 300w, https:\/\/www.cpv-ev.com\/wp-content\/uploads\/2022\/03\/Iou-n-me-Rhapsody-Sprung-500x375.jpg 500w, https:\/\/www.cpv-ev.com\/wp-content\/uploads\/2022\/03\/Iou-n-me-Rhapsody-Sprung-146x110.jpg 146w, https:\/\/www.cpv-ev.com\/wp-content\/uploads\/2022\/03\/Iou-n-me-Rhapsody-Sprung.jpg 750w\" sizes=\"auto, (max-width: 147px) 100vw, 147px\" \/>&nbsp; <\/a><a href=\"https:\/\/www.cpv-ev.com\/wp-content\/uploads\/2022\/03\/Iou-n-me-Rhapsody-Face.jpg\"><img loading=\"lazy\" decoding=\"async\" class=\"alignnone size-thumbnail wp-image-27487\" src=\"https:\/\/www.cpv-ev.com\/wp-content\/uploads\/2022\/03\/Iou-n-me-Rhapsody-Face-83x110.jpg\" alt=\"\" width=\"83\" height=\"110\" srcset=\"https:\/\/www.cpv-ev.com\/wp-content\/uploads\/2022\/03\/Iou-n-me-Rhapsody-Face-83x110.jpg 83w, https:\/\/www.cpv-ev.com\/wp-content\/uploads\/2022\/03\/Iou-n-me-Rhapsody-Face-300x400.jpg 300w, https:\/\/www.cpv-ev.com\/wp-content\/uploads\/2022\/03\/Iou-n-me-Rhapsody-Face-375x500.jpg 375w, https:\/\/www.cpv-ev.com\/wp-content\/uploads\/2022\/03\/Iou-n-me-Rhapsody-Face-110x146.jpg 110w, https:\/\/www.cpv-ev.com\/wp-content\/uploads\/2022\/03\/Iou-n-me-Rhapsody-Face-225x300.jpg 225w, https:\/\/www.cpv-ev.com\/wp-content\/uploads\/2022\/03\/Iou-n-me-Rhapsody-Face.jpg 563w\" sizes=\"auto, (max-width: 83px) 100vw, 83px\" \/><\/a><\/p>\n<h5>Nachkommen<\/h5>\n\n<table id=\"tablepress-18\" class=\"tablepress tablepress-id-18\">\n<thead>\n<tr class=\"row-1\">\n\t<th class=\"column-1\">FOTO<\/th><th class=\"column-2\">NAME<\/th><th class=\"column-3\">JAHR<\/th><th class=\"column-4\">VATER<\/th><th class=\"column-5\">MUTTER<\/th><th class=\"column-6\">Z\u00dcCHTER<\/th>\n<\/tr>\n<\/thead>\n<tbody class=\"row-striping row-hover\">\n<\/tbody>\n<\/table>\n<!-- #tablepress-18 from cache -->\n","protected":false},"excerpt":{"rendered":"<p>Farbe: Schimmel Geburtsfarbe: Braun Hengstbuch: Bayern HB I, s\u00fcddt. gek\u00f6rt K\u00f6rung: 19.02.2022 Bayern Geboren: 21.06.2018 Leistungspr\u00fcfung:&nbsp;Ansbach 2022, 2TT, WN 7,70 (Rang 1\/3) Stockma\u00df: 147 cm Tr\u00e4ger des Creme-Faktors: unbekannt R\u00f6hrbein: 20 cm Tr\u00e4ger des Fuchsgens: unbekannt Ausgeschieden:&nbsp;2025 verstorben &nbsp; HWSD-Status: <a class=\"more-link\" href=\"https:\/\/www.cpv-ev.com\/?page_id=27376\"><span class=\"screen-reader-text\">  Iou &#8217;n me Rhapsody<\/span> weiterlesen<span class=\"meta-nav\">&rarr;<\/span><\/a><\/p>\n","protected":false},"author":2,"featured_media":0,"parent":11815,"menu_order":0,"comment_status":"closed","ping_status":"closed","template":"","meta":{"ngg_post_thumbnail":0,"footnotes":""},"class_list":["post-27376","page","type-page","status-publish","hentry"],"_links":{"self":[{"href":"https:\/\/www.cpv-ev.com\/index.php?rest_route=\/wp\/v2\/pages\/27376","targetHints":{"allow":["GET"]}}],"collection":[{"href":"https:\/\/www.cpv-ev.com\/index.php?rest_route=\/wp\/v2\/pages"}],"about":[{"href":"https:\/\/www.cpv-ev.com\/index.php?rest_route=\/wp\/v2\/types\/page"}],"author":[{"embeddable":true,"href":"https:\/\/www.cpv-ev.com\/index.php?rest_route=\/wp\/v2\/users\/2"}],"replies":[{"embeddable":true,"href":"https:\/\/www.cpv-ev.com\/index.php?rest_route=%2Fwp%2Fv2%2Fcomments&post=27376"}],"version-history":[{"count":2,"href":"https:\/\/www.cpv-ev.com\/index.php?rest_route=\/wp\/v2\/pages\/27376\/revisions"}],"predecessor-version":[{"id":30134,"href":"https:\/\/www.cpv-ev.com\/index.php?rest_route=\/wp\/v2\/pages\/27376\/revisions\/30134"}],"up":[{"embeddable":true,"href":"https:\/\/www.cpv-ev.com\/index.php?rest_route=\/wp\/v2\/pages\/11815"}],"wp:attachment":[{"href":"https:\/\/www.cpv-ev.com\/index.php?rest_route=%2Fwp%2Fv2%2Fmedia&parent=27376"}],"curies":[{"name":"wp","href":"https:\/\/api.w.org\/{rel}","templated":true}]}}