{"id":27374,"date":"2022-03-08T14:21:23","date_gmt":"2022-03-08T12:21:23","guid":{"rendered":"https:\/\/www.cpv-ev.com\/?page_id=27374"},"modified":"2026-04-22T12:22:48","modified_gmt":"2026-04-22T10:22:48","slug":"kiyas-key-to-success","status":"publish","type":"page","link":"https:\/\/www.cpv-ev.com\/?page_id=27374","title":{"rendered":"A Kiya&#8217;s Alohomora Key to Succes"},"content":{"rendered":"<table border=\"1\" cellspacing=\"0\" cellpadding=\"0\">\n<tbody>\n<tr>\n<td colspan=\"2\" valign=\"top\" width=\"717\"><img loading=\"lazy\" decoding=\"async\" src=\"https:\/\/www.cpv-ev.com\/wp-content\/uploads\/2012\/07\/trans240x10.gif\" alt=\"trans240x10\" width=\"240\" height=\"10\"><\/td>\n<\/tr>\n<tr>\n<td valign=\"top\" width=\"359\"><strong>Farbe:<\/strong> Rappe<\/td>\n<td valign=\"top\" width=\"359\"><strong>Hengstbuch:<\/strong> Bayern HB I<br \/>\n<strong>K\u00f6rung:<\/strong>&nbsp;2.11.2022 Ansbach<\/td>\n<\/tr>\n<tr>\n<td valign=\"top\" width=\"359\"><strong>Geboren: <\/strong>14.04.2019<strong><br \/>\n<\/strong><\/td>\n<td valign=\"top\" width=\"359\"><strong>Leistungspr\u00fcfung: <\/strong>noch keine<\/td>\n<\/tr>\n<tr>\n<td valign=\"top\" width=\"359\"><strong>Stockma\u00df: <\/strong>142 cm<strong><br \/>\n<\/strong><\/td>\n<td valign=\"top\" width=\"359\"><strong>Tr\u00e4ger des Creme-Faktors: <\/strong>unbekannt<strong><br \/>\n<\/strong><\/td>\n<\/tr>\n<tr>\n<td valign=\"top\" width=\"359\"><strong>R\u00f6hrbein: <\/strong>18 cm<strong><br \/>\n<\/strong><\/td>\n<td valign=\"top\" width=\"359\"><strong>Tr\u00e4ger des Fuchsgens: <\/strong>unbekannt<strong><br \/>\n<\/strong><\/td>\n<\/tr>\n<tr>\n<td valign=\"top\" width=\"359\"><strong>Ausgeschieden:<\/strong> 2023 nach Irland verkauft<\/td>\n<td valign=\"top\" width=\"359\">&nbsp;<\/td>\n<\/tr>\n<tr>\n<td valign=\"top\" width=\"359\"><strong style=\"line-height: 24px;\">HWSD-Status: <\/strong>N\/N mit Abstammungs\u00fcberpr\u00fcfung<strong style=\"line-height: 24px;\"><br \/>\n<\/strong><\/td>\n<td valign=\"top\" width=\"359\"><strong>&nbsp;<\/strong><\/td>\n<\/tr>\n<tr>\n<td valign=\"top\" width=\"359\"><img loading=\"lazy\" decoding=\"async\" class=\"alignnone size-full wp-image-232\" src=\"https:\/\/www.cpv-ev.com\/wp-content\/uploads\/2012\/07\/trans240x10.gif\" alt=\"trans240x10\" width=\"240\" height=\"10\" srcset=\"https:\/\/www.cpv-ev.com\/wp-content\/uploads\/2012\/07\/trans240x10.gif 240w, https:\/\/www.cpv-ev.com\/wp-content\/uploads\/2012\/07\/trans240x10-225x10.gif 225w\" sizes=\"auto, (max-width: 240px) 100vw, 240px\" \/><\/td>\n<td valign=\"top\" width=\"359\">&nbsp;<\/td>\n<\/tr>\n<tr>\n<td valign=\"top\" width=\"359\"><strong>Gek\u00f6rte S\u00f6hne:&nbsp;<\/strong> &#8211;<\/td>\n<td valign=\"top\" width=\"359\"><strong>Eingetragene Stuten:<\/strong> &#8211;<br \/>\n<strong>davon StPrSt: <\/strong>&#8211;<strong><br \/>\n<\/strong><\/td>\n<\/tr>\n<tr>\n<td valign=\"top\" width=\"359\"><img loading=\"lazy\" decoding=\"async\" src=\"https:\/\/www.cpv-ev.com\/wp-content\/uploads\/2012\/07\/trans240x10.gif\" alt=\"trans240x10\" width=\"240\" height=\"10\"><\/td>\n<td valign=\"top\" width=\"359\">&nbsp;<\/td>\n<\/tr>\n<tr>\n<td valign=\"top\" width=\"359\"><strong>Lebensgewinnsumme:<\/strong> &#8211;<img loading=\"lazy\" decoding=\"async\" class=\"alignnone size-full wp-image-232\" title=\"trans240x10\" src=\"https:\/\/www.cpv-ev.com\/wp-content\/uploads\/2012\/07\/trans240x10.gif\" alt=\"\" width=\"100\" height=\"20\"><\/td>\n<td valign=\"top\" width=\"359\"><strong>Nachkommen-LGS: <\/strong>&#8211;<\/td>\n<\/tr>\n<tr>\n<td colspan=\"2\" valign=\"top\" width=\"717\"><img loading=\"lazy\" decoding=\"async\" src=\"https:\/\/www.cpv-ev.com\/wp-content\/uploads\/2012\/07\/trans240x10.gif\" alt=\"trans240x10\" width=\"240\" height=\"10\"><\/td>\n<\/tr>\n<tr>\n<td colspan=\"2\" valign=\"top\" width=\"717\"><strong>Z\u00fcchter:<\/strong> Kiya&#8217;s Connemaras, Christa Duchamps, Bastogne, Belgien<\/td>\n<\/tr>\n<tr>\n<td colspan=\"2\" valign=\"top\" width=\"717\"><strong><strong>Besitzer: <\/strong><\/strong>Dr. Rudolf Roosen, Roosenhof 1, 63860 Rothenbuch<\/td>\n<\/tr>\n<tr>\n<td valign=\"top\" width=\"359\">&nbsp;<\/td>\n<td valign=\"top\" width=\"359\">&nbsp;<\/td>\n<\/tr>\n<tr>\n<td valign=\"top\" width=\"307\">&nbsp;<\/td>\n<td valign=\"top\" width=\"307\">&nbsp;<\/td>\n<\/tr>\n<\/tbody>\n<\/table>\n<h5>Pedigree<\/h5>\n<p><a href=\"https:\/\/www.cpv-ev.com\/wp-content\/uploads\/2022\/03\/Kiyas-Alohomora-Key-to-Success-Ped.jpg\"><img loading=\"lazy\" decoding=\"async\" class=\"alignnone size-full wp-image-27393\" src=\"https:\/\/www.cpv-ev.com\/wp-content\/uploads\/2022\/03\/Kiyas-Alohomora-Key-to-Success-Ped.jpg\" alt=\"\" width=\"680\" height=\"310\" srcset=\"https:\/\/www.cpv-ev.com\/wp-content\/uploads\/2022\/03\/Kiyas-Alohomora-Key-to-Success-Ped.jpg 680w, https:\/\/www.cpv-ev.com\/wp-content\/uploads\/2022\/03\/Kiyas-Alohomora-Key-to-Success-Ped-300x137.jpg 300w, https:\/\/www.cpv-ev.com\/wp-content\/uploads\/2022\/03\/Kiyas-Alohomora-Key-to-Success-Ped-500x228.jpg 500w, https:\/\/www.cpv-ev.com\/wp-content\/uploads\/2022\/03\/Kiyas-Alohomora-Key-to-Success-Ped-241x110.jpg 241w\" sizes=\"auto, (max-width: 680px) 100vw, 680px\" \/><\/a><\/p>\n<h5>Galerie<\/h5>\n<p><a href=\"https:\/\/www.cpv-ev.com\/wp-content\/uploads\/2022\/03\/Kiyas-Alohomora-Key-to-Succes-Trab.jpg\"><img loading=\"lazy\" decoding=\"async\" class=\"alignnone size-thumbnail wp-image-27563\" src=\"https:\/\/www.cpv-ev.com\/wp-content\/uploads\/2022\/03\/Kiyas-Alohomora-Key-to-Succes-Trab-147x110.jpg\" alt=\"\" width=\"147\" height=\"110\" srcset=\"https:\/\/www.cpv-ev.com\/wp-content\/uploads\/2022\/03\/Kiyas-Alohomora-Key-to-Succes-Trab-147x110.jpg 147w, https:\/\/www.cpv-ev.com\/wp-content\/uploads\/2022\/03\/Kiyas-Alohomora-Key-to-Succes-Trab-300x225.jpg 300w, https:\/\/www.cpv-ev.com\/wp-content\/uploads\/2022\/03\/Kiyas-Alohomora-Key-to-Succes-Trab-500x375.jpg 500w, https:\/\/www.cpv-ev.com\/wp-content\/uploads\/2022\/03\/Kiyas-Alohomora-Key-to-Succes-Trab-146x110.jpg 146w, https:\/\/www.cpv-ev.com\/wp-content\/uploads\/2022\/03\/Kiyas-Alohomora-Key-to-Succes-Trab.jpg 750w\" sizes=\"auto, (max-width: 147px) 100vw, 147px\" \/>&nbsp; <\/a><a href=\"https:\/\/www.cpv-ev.com\/wp-content\/uploads\/2022\/03\/Kiyas-Alohomora-Key-to-Succes-Gal.jpg\"><img loading=\"lazy\" decoding=\"async\" class=\"alignnone size-thumbnail wp-image-27560\" src=\"https:\/\/www.cpv-ev.com\/wp-content\/uploads\/2022\/03\/Kiyas-Alohomora-Key-to-Succes-Gal-147x110.jpg\" alt=\"\" width=\"147\" height=\"110\" srcset=\"https:\/\/www.cpv-ev.com\/wp-content\/uploads\/2022\/03\/Kiyas-Alohomora-Key-to-Succes-Gal-147x110.jpg 147w, https:\/\/www.cpv-ev.com\/wp-content\/uploads\/2022\/03\/Kiyas-Alohomora-Key-to-Succes-Gal-300x225.jpg 300w, https:\/\/www.cpv-ev.com\/wp-content\/uploads\/2022\/03\/Kiyas-Alohomora-Key-to-Succes-Gal-500x375.jpg 500w, https:\/\/www.cpv-ev.com\/wp-content\/uploads\/2022\/03\/Kiyas-Alohomora-Key-to-Succes-Gal-146x110.jpg 146w, https:\/\/www.cpv-ev.com\/wp-content\/uploads\/2022\/03\/Kiyas-Alohomora-Key-to-Succes-Gal.jpg 750w\" sizes=\"auto, (max-width: 147px) 100vw, 147px\" \/>&nbsp; <\/a><a href=\"https:\/\/www.cpv-ev.com\/wp-content\/uploads\/2022\/03\/Kiyas-Alohomora-Key-to-Succes-Stand.jpg\"><img loading=\"lazy\" decoding=\"async\" class=\"alignnone size-thumbnail wp-image-27562\" src=\"https:\/\/www.cpv-ev.com\/wp-content\/uploads\/2022\/03\/Kiyas-Alohomora-Key-to-Succes-Stand-82x110.jpg\" alt=\"\" width=\"82\" height=\"110\" srcset=\"https:\/\/www.cpv-ev.com\/wp-content\/uploads\/2022\/03\/Kiyas-Alohomora-Key-to-Succes-Stand-82x110.jpg 82w, https:\/\/www.cpv-ev.com\/wp-content\/uploads\/2022\/03\/Kiyas-Alohomora-Key-to-Succes-Stand-300x400.jpg 300w, https:\/\/www.cpv-ev.com\/wp-content\/uploads\/2022\/03\/Kiyas-Alohomora-Key-to-Succes-Stand-375x500.jpg 375w, https:\/\/www.cpv-ev.com\/wp-content\/uploads\/2022\/03\/Kiyas-Alohomora-Key-to-Succes-Stand-110x146.jpg 110w, https:\/\/www.cpv-ev.com\/wp-content\/uploads\/2022\/03\/Kiyas-Alohomora-Key-to-Succes-Stand-225x300.jpg 225w, https:\/\/www.cpv-ev.com\/wp-content\/uploads\/2022\/03\/Kiyas-Alohomora-Key-to-Succes-Stand.jpg 562w\" sizes=\"auto, (max-width: 82px) 100vw, 82px\" \/>&nbsp; <\/a><a href=\"https:\/\/www.cpv-ev.com\/wp-content\/uploads\/2023\/11\/IMG_1598.jpg\"><img loading=\"lazy\" decoding=\"async\" class=\"alignnone size-thumbnail wp-image-28132\" src=\"https:\/\/www.cpv-ev.com\/wp-content\/uploads\/2023\/11\/IMG_1598-156x110.jpg\" alt=\"\" width=\"156\" height=\"110\" srcset=\"https:\/\/www.cpv-ev.com\/wp-content\/uploads\/2023\/11\/IMG_1598-156x110.jpg 156w, https:\/\/www.cpv-ev.com\/wp-content\/uploads\/2023\/11\/IMG_1598-300x212.jpg 300w, https:\/\/www.cpv-ev.com\/wp-content\/uploads\/2023\/11\/IMG_1598-500x353.jpg 500w, https:\/\/www.cpv-ev.com\/wp-content\/uploads\/2023\/11\/IMG_1598.jpg 640w\" sizes=\"auto, (max-width: 156px) 100vw, 156px\" \/><\/a> <a href=\"https:\/\/www.cpv-ev.com\/wp-content\/uploads\/2023\/11\/IMG_1597.jpg\"><img loading=\"lazy\" decoding=\"async\" class=\"alignnone size-thumbnail wp-image-28131\" src=\"https:\/\/www.cpv-ev.com\/wp-content\/uploads\/2023\/11\/IMG_1597-145x110.jpg\" alt=\"\" width=\"145\" height=\"110\" srcset=\"https:\/\/www.cpv-ev.com\/wp-content\/uploads\/2023\/11\/IMG_1597-145x110.jpg 145w, https:\/\/www.cpv-ev.com\/wp-content\/uploads\/2023\/11\/IMG_1597-300x225.jpg 300w, https:\/\/www.cpv-ev.com\/wp-content\/uploads\/2023\/11\/IMG_1597-500x381.jpg 500w, https:\/\/www.cpv-ev.com\/wp-content\/uploads\/2023\/11\/IMG_1597-146x110.jpg 146w, https:\/\/www.cpv-ev.com\/wp-content\/uploads\/2023\/11\/IMG_1597.jpg 632w\" sizes=\"auto, (max-width: 145px) 100vw, 145px\" \/><\/a>&nbsp; <a href=\"https:\/\/www.cpv-ev.com\/wp-content\/uploads\/2023\/11\/IMG_1596.jpg\"><img loading=\"lazy\" decoding=\"async\" class=\"alignnone size-thumbnail wp-image-28130\" src=\"https:\/\/www.cpv-ev.com\/wp-content\/uploads\/2023\/11\/IMG_1596-151x110.jpg\" alt=\"\" width=\"151\" height=\"110\" srcset=\"https:\/\/www.cpv-ev.com\/wp-content\/uploads\/2023\/11\/IMG_1596-151x110.jpg 151w, https:\/\/www.cpv-ev.com\/wp-content\/uploads\/2023\/11\/IMG_1596-300x218.jpg 300w, https:\/\/www.cpv-ev.com\/wp-content\/uploads\/2023\/11\/IMG_1596-500x364.jpg 500w, https:\/\/www.cpv-ev.com\/wp-content\/uploads\/2023\/11\/IMG_1596-150x110.jpg 150w, https:\/\/www.cpv-ev.com\/wp-content\/uploads\/2023\/11\/IMG_1596.jpg 640w\" sizes=\"auto, (max-width: 151px) 100vw, 151px\" \/><\/a><\/p>\n<h5>Nachkommen<\/h5>\n\n<table id=\"tablepress-18\" class=\"tablepress tablepress-id-18\">\n<thead>\n<tr class=\"row-1\">\n\t<th class=\"column-1\">FOTO<\/th><th class=\"column-2\">NAME<\/th><th class=\"column-3\">JAHR<\/th><th class=\"column-4\">VATER<\/th><th class=\"column-5\">MUTTER<\/th><th class=\"column-6\">Z\u00dcCHTER<\/th>\n<\/tr>\n<\/thead>\n<tbody class=\"row-striping row-hover\">\n<\/tbody>\n<\/table>\n<!-- #tablepress-18 from cache -->\n","protected":false},"excerpt":{"rendered":"<p>Farbe: Rappe Hengstbuch: Bayern HB I K\u00f6rung:&nbsp;2.11.2022 Ansbach Geboren: 14.04.2019 Leistungspr\u00fcfung: noch keine Stockma\u00df: 142 cm Tr\u00e4ger des Creme-Faktors: unbekannt R\u00f6hrbein: 18 cm Tr\u00e4ger des Fuchsgens: unbekannt Ausgeschieden: 2023 nach Irland verkauft &nbsp; HWSD-Status: N\/N mit Abstammungs\u00fcberpr\u00fcfung &nbsp; &nbsp; Gek\u00f6rte <a class=\"more-link\" href=\"https:\/\/www.cpv-ev.com\/?page_id=27374\"><span class=\"screen-reader-text\">  A Kiya&#8217;s Alohomora Key to Succes<\/span> weiterlesen<span class=\"meta-nav\">&rarr;<\/span><\/a><\/p>\n","protected":false},"author":2,"featured_media":0,"parent":11809,"menu_order":0,"comment_status":"closed","ping_status":"closed","template":"","meta":{"ngg_post_thumbnail":0,"footnotes":""},"class_list":["post-27374","page","type-page","status-publish","hentry"],"_links":{"self":[{"href":"https:\/\/www.cpv-ev.com\/index.php?rest_route=\/wp\/v2\/pages\/27374","targetHints":{"allow":["GET"]}}],"collection":[{"href":"https:\/\/www.cpv-ev.com\/index.php?rest_route=\/wp\/v2\/pages"}],"about":[{"href":"https:\/\/www.cpv-ev.com\/index.php?rest_route=\/wp\/v2\/types\/page"}],"author":[{"embeddable":true,"href":"https:\/\/www.cpv-ev.com\/index.php?rest_route=\/wp\/v2\/users\/2"}],"replies":[{"embeddable":true,"href":"https:\/\/www.cpv-ev.com\/index.php?rest_route=%2Fwp%2Fv2%2Fcomments&post=27374"}],"version-history":[{"count":1,"href":"https:\/\/www.cpv-ev.com\/index.php?rest_route=\/wp\/v2\/pages\/27374\/revisions"}],"predecessor-version":[{"id":29990,"href":"https:\/\/www.cpv-ev.com\/index.php?rest_route=\/wp\/v2\/pages\/27374\/revisions\/29990"}],"up":[{"embeddable":true,"href":"https:\/\/www.cpv-ev.com\/index.php?rest_route=\/wp\/v2\/pages\/11809"}],"wp:attachment":[{"href":"https:\/\/www.cpv-ev.com\/index.php?rest_route=%2Fwp%2Fv2%2Fmedia&parent=27374"}],"curies":[{"name":"wp","href":"https:\/\/api.w.org\/{rel}","templated":true}]}}