{"id":27328,"date":"2022-02-21T23:06:04","date_gmt":"2022-02-21T21:06:04","guid":{"rendered":"https:\/\/www.cpv-ev.com\/?page_id=27328"},"modified":"2026-04-23T15:25:15","modified_gmt":"2026-04-23T13:25:15","slug":"lettermuckoo-hazys","status":"publish","type":"page","link":"https:\/\/www.cpv-ev.com\/?page_id=27328","title":{"rendered":"Lettermuckoo Hazys"},"content":{"rendered":"<table border=\"1\" cellspacing=\"0\" cellpadding=\"0\">\n<tbody>\n<tr>\n<td valign=\"top\" width=\"359\"><img loading=\"lazy\" decoding=\"async\" src=\"https:\/\/www.cpv-ev.com\/wp-content\/uploads\/2012\/07\/trans240x10.gif\" alt=\"trans240x10\" width=\"240\" height=\"10\"><\/td>\n<td valign=\"top\" width=\"359\">&nbsp;<\/td>\n<\/tr>\n<tr>\n<td valign=\"top\" width=\"359\"><strong>Farbe:<\/strong> Schimmel<br \/>\n<strong>Geburtsfarbe:&nbsp;<\/strong><\/td>\n<td valign=\"top\" width=\"359\"><strong>Hengstbuch:<\/strong> CPBS S1-004100010327<br \/>\n<strong>K\u00f6rung:<\/strong> CPBS Irland, Leistungshengst, Hannover HB I<br \/>\n<strong>Anerkennung: <\/strong>Hoftermin 2022<\/td>\n<\/tr>\n<tr>\n<td valign=\"top\" width=\"359\"><strong>Geboren: <\/strong>29.03.2011<\/td>\n<td valign=\"top\" width=\"359\"><strong>Leistungspr\u00fcfung:&nbsp;<\/strong>2023 Ansbach, 2 TT, WN 8,0 (Rang 1\/3)<\/td>\n<\/tr>\n<tr>\n<td valign=\"top\" width=\"359\"><strong>Stockma\u00df:<\/strong>146 cm<\/td>\n<td valign=\"top\" width=\"359\"><strong>Tr\u00e4ger des Creme-Faktors:<\/strong> nein<\/td>\n<\/tr>\n<tr>\n<td valign=\"top\" width=\"359\"><strong>R\u00f6hrbein:&nbsp;<\/strong><\/td>\n<td valign=\"top\" width=\"359\"><strong>Tr\u00e4ger des Fuchsgens:<\/strong> unbekannt<\/td>\n<\/tr>\n<tr>\n<td valign=\"top\" width=\"359\"><strong>Ausgeschieden:&nbsp;<\/strong>2025 nach Serbien verkauft<\/td>\n<td valign=\"top\" width=\"359\">&nbsp;<\/td>\n<\/tr>\n<tr>\n<td colspan=\"2\" valign=\"top\" width=\"717\"><strong style=\"line-height: 24px;\">HWSD-Status: <\/strong>N\/N mit Abstammungs\u00fcberpr\u00fcfung<strong style=\"line-height: 24px;\"><br \/>\n<\/strong><\/td>\n<\/tr>\n<tr>\n<td valign=\"top\" width=\"359\"><img loading=\"lazy\" decoding=\"async\" class=\"alignnone size-full wp-image-232\" src=\"https:\/\/www.cpv-ev.com\/wp-content\/uploads\/2012\/07\/trans240x10.gif\" alt=\"trans240x10\" width=\"240\" height=\"10\" srcset=\"https:\/\/www.cpv-ev.com\/wp-content\/uploads\/2012\/07\/trans240x10.gif 240w, https:\/\/www.cpv-ev.com\/wp-content\/uploads\/2012\/07\/trans240x10-225x10.gif 225w\" sizes=\"auto, (max-width: 240px) 100vw, 240px\" \/><\/td>\n<td valign=\"top\" width=\"359\">&nbsp;<\/td>\n<\/tr>\n<tr>\n<td valign=\"top\" width=\"359\"><strong>Gek\u00f6rte S\u00f6hne: <\/strong>&#8211;<strong><br \/>\n<\/strong><\/td>\n<td valign=\"top\" width=\"359\"><strong>Eingetragene Stuten: <\/strong>&#8211;<br \/>\n<strong>davon StPrSt: <\/strong>&#8211;<\/td>\n<\/tr>\n<tr>\n<td valign=\"top\" width=\"359\"><img loading=\"lazy\" decoding=\"async\" src=\"https:\/\/www.cpv-ev.com\/wp-content\/uploads\/2012\/07\/trans240x10.gif\" alt=\"trans240x10\" width=\"240\" height=\"10\"><\/td>\n<td valign=\"top\" width=\"359\">&nbsp;<\/td>\n<\/tr>\n<tr>\n<td valign=\"top\" width=\"359\"><strong>Lebensgewinnsumme:<\/strong> &#8211;<img loading=\"lazy\" decoding=\"async\" class=\"alignnone size-full wp-image-232\" title=\"trans240x10\" src=\"https:\/\/www.cpv-ev.com\/wp-content\/uploads\/2012\/07\/trans240x10.gif\" alt=\"\" width=\"100\" height=\"20\"><\/td>\n<td valign=\"top\" width=\"359\"><strong>Nachkommen-LGS: <\/strong>&#8211;<\/td>\n<\/tr>\n<tr>\n<td colspan=\"2\" valign=\"top\" width=\"717\"><img loading=\"lazy\" decoding=\"async\" src=\"https:\/\/www.cpv-ev.com\/wp-content\/uploads\/2012\/07\/trans240x10.gif\" alt=\"trans240x10\" width=\"240\" height=\"10\"><\/td>\n<\/tr>\n<tr>\n<td colspan=\"2\" valign=\"top\" width=\"717\"><strong><strong>Z\u00fcchter<\/strong><\/strong><strong>: <\/strong>John Conneely, Lettermuckoo, Irland<strong><br \/>\n<\/strong><strong>Besitzer: <\/strong>Georg Lang, <span id=\"sobi2Details_field_street\">Hauptstr. 4<\/span>, <span id=\"sobi2Details_field_location\">96170 Lisberg<\/span><strong><br \/>\n<\/strong><\/td>\n<\/tr>\n<tr>\n<td valign=\"top\" width=\"359\">&nbsp;<\/td>\n<td valign=\"top\" width=\"359\">&nbsp;<\/td>\n<\/tr>\n<tr>\n<td valign=\"top\" width=\"307\">&nbsp;<\/td>\n<td valign=\"top\" width=\"307\">&nbsp;<\/td>\n<\/tr>\n<\/tbody>\n<\/table>\n<h5>Pedigree<\/h5>\n<p><a href=\"https:\/\/www.cpv-ev.com\/wp-content\/uploads\/2022\/01\/Lettermuckoo-Hazys-Ped.jpg\"><img loading=\"lazy\" decoding=\"async\" class=\"alignnone size-full wp-image-27181\" src=\"https:\/\/www.cpv-ev.com\/wp-content\/uploads\/2022\/01\/Lettermuckoo-Hazys-Ped.jpg\" alt=\"\" width=\"680\" height=\"310\" srcset=\"https:\/\/www.cpv-ev.com\/wp-content\/uploads\/2022\/01\/Lettermuckoo-Hazys-Ped.jpg 680w, https:\/\/www.cpv-ev.com\/wp-content\/uploads\/2022\/01\/Lettermuckoo-Hazys-Ped-300x137.jpg 300w, https:\/\/www.cpv-ev.com\/wp-content\/uploads\/2022\/01\/Lettermuckoo-Hazys-Ped-500x228.jpg 500w, https:\/\/www.cpv-ev.com\/wp-content\/uploads\/2022\/01\/Lettermuckoo-Hazys-Ped-241x110.jpg 241w\" sizes=\"auto, (max-width: 680px) 100vw, 680px\" \/><\/a><img loading=\"lazy\" decoding=\"async\" src=\"https:\/\/www.cpv-ev.com\/wp-content\/uploads\/2012\/07\/trans240x10.gif\" alt=\"trans240x10\" width=\"240\" height=\"10\"><img loading=\"lazy\" decoding=\"async\" src=\"https:\/\/www.cpv-ev.com\/wp-content\/uploads\/2012\/07\/trans240x10.gif\" alt=\"trans240x10\" width=\"240\" height=\"10\"><\/p>\n<h5>Galerie<\/h5>\n<p><a href=\"https:\/\/www.cpv-ev.com\/wp-content\/uploads\/2022\/02\/Lettermuckoo-Hazys-Kopf.jpg\"><img loading=\"lazy\" decoding=\"async\" class=\"alignnone size-thumbnail wp-image-27337\" src=\"https:\/\/www.cpv-ev.com\/wp-content\/uploads\/2022\/02\/Lettermuckoo-Hazys-Kopf-83x110.jpg\" alt=\"\" width=\"83\" height=\"110\" srcset=\"https:\/\/www.cpv-ev.com\/wp-content\/uploads\/2022\/02\/Lettermuckoo-Hazys-Kopf-83x110.jpg 83w, https:\/\/www.cpv-ev.com\/wp-content\/uploads\/2022\/02\/Lettermuckoo-Hazys-Kopf-300x400.jpg 300w, https:\/\/www.cpv-ev.com\/wp-content\/uploads\/2022\/02\/Lettermuckoo-Hazys-Kopf-375x500.jpg 375w, https:\/\/www.cpv-ev.com\/wp-content\/uploads\/2022\/02\/Lettermuckoo-Hazys-Kopf-110x146.jpg 110w, https:\/\/www.cpv-ev.com\/wp-content\/uploads\/2022\/02\/Lettermuckoo-Hazys-Kopf-225x300.jpg 225w, https:\/\/www.cpv-ev.com\/wp-content\/uploads\/2022\/02\/Lettermuckoo-Hazys-Kopf.jpg 563w\" sizes=\"auto, (max-width: 83px) 100vw, 83px\" \/><\/a> <a href=\"https:\/\/www.cpv-ev.com\/wp-content\/uploads\/2022\/02\/Lettermuckoo-Hazys-Trab.jpg\"><img loading=\"lazy\" decoding=\"async\" class=\"alignnone size-thumbnail wp-image-27338\" src=\"https:\/\/www.cpv-ev.com\/wp-content\/uploads\/2022\/02\/Lettermuckoo-Hazys-Trab-147x110.jpg\" alt=\"\" width=\"147\" height=\"110\" srcset=\"https:\/\/www.cpv-ev.com\/wp-content\/uploads\/2022\/02\/Lettermuckoo-Hazys-Trab-147x110.jpg 147w, https:\/\/www.cpv-ev.com\/wp-content\/uploads\/2022\/02\/Lettermuckoo-Hazys-Trab-300x225.jpg 300w, https:\/\/www.cpv-ev.com\/wp-content\/uploads\/2022\/02\/Lettermuckoo-Hazys-Trab-500x375.jpg 500w, https:\/\/www.cpv-ev.com\/wp-content\/uploads\/2022\/02\/Lettermuckoo-Hazys-Trab-146x110.jpg 146w, https:\/\/www.cpv-ev.com\/wp-content\/uploads\/2022\/02\/Lettermuckoo-Hazys-Trab.jpg 750w\" sizes=\"auto, (max-width: 147px) 100vw, 147px\" \/><\/a><\/p>\n<h5>Nachkommen<\/h5>\n\n<table id=\"tablepress-18\" class=\"tablepress tablepress-id-18\">\n<thead>\n<tr class=\"row-1\">\n\t<th class=\"column-1\">FOTO<\/th><th class=\"column-2\">NAME<\/th><th class=\"column-3\">JAHR<\/th><th class=\"column-4\">VATER<\/th><th class=\"column-5\">MUTTER<\/th><th class=\"column-6\">Z\u00dcCHTER<\/th>\n<\/tr>\n<\/thead>\n<tbody class=\"row-striping row-hover\">\n<\/tbody>\n<\/table>\n<!-- #tablepress-18 from cache -->\n","protected":false},"excerpt":{"rendered":"<p>&nbsp; Farbe: Schimmel Geburtsfarbe:&nbsp; Hengstbuch: CPBS S1-004100010327 K\u00f6rung: CPBS Irland, Leistungshengst, Hannover HB I Anerkennung: Hoftermin 2022 Geboren: 29.03.2011 Leistungspr\u00fcfung:&nbsp;2023 Ansbach, 2 TT, WN 8,0 (Rang 1\/3) Stockma\u00df:146 cm Tr\u00e4ger des Creme-Faktors: nein R\u00f6hrbein:&nbsp; Tr\u00e4ger des Fuchsgens: unbekannt Ausgeschieden:&nbsp;2025 nach <a class=\"more-link\" href=\"https:\/\/www.cpv-ev.com\/?page_id=27328\"><span class=\"screen-reader-text\">  Lettermuckoo Hazys<\/span> weiterlesen<span class=\"meta-nav\">&rarr;<\/span><\/a><\/p>\n","protected":false},"author":2,"featured_media":0,"parent":11817,"menu_order":0,"comment_status":"closed","ping_status":"closed","template":"","meta":{"ngg_post_thumbnail":0,"footnotes":""},"class_list":["post-27328","page","type-page","status-publish","hentry"],"_links":{"self":[{"href":"https:\/\/www.cpv-ev.com\/index.php?rest_route=\/wp\/v2\/pages\/27328","targetHints":{"allow":["GET"]}}],"collection":[{"href":"https:\/\/www.cpv-ev.com\/index.php?rest_route=\/wp\/v2\/pages"}],"about":[{"href":"https:\/\/www.cpv-ev.com\/index.php?rest_route=\/wp\/v2\/types\/page"}],"author":[{"embeddable":true,"href":"https:\/\/www.cpv-ev.com\/index.php?rest_route=\/wp\/v2\/users\/2"}],"replies":[{"embeddable":true,"href":"https:\/\/www.cpv-ev.com\/index.php?rest_route=%2Fwp%2Fv2%2Fcomments&post=27328"}],"version-history":[{"count":2,"href":"https:\/\/www.cpv-ev.com\/index.php?rest_route=\/wp\/v2\/pages\/27328\/revisions"}],"predecessor-version":[{"id":30171,"href":"https:\/\/www.cpv-ev.com\/index.php?rest_route=\/wp\/v2\/pages\/27328\/revisions\/30171"}],"up":[{"embeddable":true,"href":"https:\/\/www.cpv-ev.com\/index.php?rest_route=\/wp\/v2\/pages\/11817"}],"wp:attachment":[{"href":"https:\/\/www.cpv-ev.com\/index.php?rest_route=%2Fwp%2Fv2%2Fmedia&parent=27328"}],"curies":[{"name":"wp","href":"https:\/\/api.w.org\/{rel}","templated":true}]}}