{"id":27146,"date":"2022-03-08T14:19:59","date_gmt":"2022-03-08T12:19:59","guid":{"rendered":"https:\/\/www.cpv-ev.com\/?page_id=27146"},"modified":"2026-04-24T07:53:22","modified_gmt":"2026-04-24T05:53:22","slug":"sternbergs-cappuccino-2","status":"publish","type":"page","link":"https:\/\/www.cpv-ev.com\/?page_id=27146","title":{"rendered":"Sternbergs Cappuccino"},"content":{"rendered":"<table border=\"1\" cellspacing=\"0\" cellpadding=\"0\">\n<tbody>\n<tr>\n<td colspan=\"2\" valign=\"top\" width=\"717\"><img loading=\"lazy\" decoding=\"async\" src=\"https:\/\/www.cpv-ev.com\/wp-content\/uploads\/2012\/07\/trans240x10.gif\" alt=\"trans240x10\" width=\"240\" height=\"10\"><\/td>\n<\/tr>\n<tr>\n<td valign=\"top\" width=\"359\"><strong>Farbe:<\/strong> Hellfalbe<\/td>\n<td valign=\"top\" width=\"359\"><strong>Hengstbuch:<\/strong> Mecklenburg-Vorpommern HB I,<br \/>\nzugelassen f\u00fcr Deutsche Reitpony<br \/>\n<strong>K\u00f6rung:<\/strong> 09.12.2021 Redefin<\/td>\n<\/tr>\n<tr>\n<td valign=\"top\" width=\"359\"><strong>Geboren:<\/strong> 16.03.2019<\/td>\n<td valign=\"top\" width=\"359\"><strong>Leistungspr\u00fcfung: <\/strong>Neustadt\/Dosse 2023, 30 TT, WN 8,0 (Rang 6\/14)<\/td>\n<\/tr>\n<tr>\n<td valign=\"top\" width=\"359\"><strong>Stockma\u00df: <\/strong>148 cm<strong><br \/>\n<\/strong><\/td>\n<td valign=\"top\" width=\"359\"><strong>Tr\u00e4ger des Creme-Faktors: <\/strong>ja<\/td>\n<\/tr>\n<tr>\n<td valign=\"top\" width=\"359\"><strong>R\u00f6hrbein: <\/strong>19,5 cm<strong><br \/>\n<\/strong><\/td>\n<td valign=\"top\" width=\"359\"><strong>Tr\u00e4ger des Fuchsgens: <\/strong>unbekannt<\/td>\n<\/tr>\n<tr>\n<td valign=\"top\" width=\"359\"><strong style=\"line-height: 24px;\">Ausgeschieden:<\/strong> 2026 kastriert<\/td>\n<td valign=\"top\" width=\"359\">&nbsp;<\/td>\n<\/tr>\n<tr>\n<td valign=\"top\" width=\"359\">&nbsp;<\/td>\n<td valign=\"top\" width=\"359\">&nbsp;<\/td>\n<\/tr>\n<tr>\n<td valign=\"top\" width=\"359\"><strong style=\"line-height: 24px;\">HWSD-Status: <\/strong>N\/N mit Abstammungs\u00fcberpr\u00fcfung<strong style=\"line-height: 24px;\"><br \/>\n<\/strong><\/td>\n<td valign=\"top\" width=\"359\"><strong>CA-Status: <\/strong><strong><br \/>\n<\/strong><\/td>\n<\/tr>\n<tr>\n<td valign=\"top\" width=\"359\"><img loading=\"lazy\" decoding=\"async\" class=\"alignnone size-full wp-image-232\" src=\"https:\/\/www.cpv-ev.com\/wp-content\/uploads\/2012\/07\/trans240x10.gif\" alt=\"trans240x10\" width=\"240\" height=\"10\" srcset=\"https:\/\/www.cpv-ev.com\/wp-content\/uploads\/2012\/07\/trans240x10.gif 240w, https:\/\/www.cpv-ev.com\/wp-content\/uploads\/2012\/07\/trans240x10-225x10.gif 225w\" sizes=\"auto, (max-width: 240px) 100vw, 240px\" \/><\/td>\n<td valign=\"top\" width=\"359\">&nbsp;<\/td>\n<\/tr>\n<tr>\n<td valign=\"top\" width=\"359\"><strong>Gek\u00f6rte S\u00f6hne: <\/strong>noch keine<\/td>\n<td valign=\"top\" width=\"359\"><strong>Eingetragene Stuten:<\/strong> &#8211;<strong><br \/>\n<\/strong><\/td>\n<\/tr>\n<tr>\n<td valign=\"top\" width=\"359\">&nbsp;<\/td>\n<td valign=\"top\" width=\"359\"><strong>davon StPrSt: <\/strong>&#8211;<strong><br \/>\n<\/strong><\/td>\n<\/tr>\n<tr>\n<td valign=\"top\" width=\"359\"><img loading=\"lazy\" decoding=\"async\" src=\"https:\/\/www.cpv-ev.com\/wp-content\/uploads\/2012\/07\/trans240x10.gif\" alt=\"trans240x10\" width=\"240\" height=\"10\"><\/td>\n<td valign=\"top\" width=\"359\">&nbsp;<\/td>\n<\/tr>\n<tr>\n<td valign=\"top\" width=\"359\"><strong>Lebensgewinnsumme:<\/strong> &#8211;<img loading=\"lazy\" decoding=\"async\" class=\"alignnone size-full wp-image-232\" title=\"trans240x10\" src=\"https:\/\/www.cpv-ev.com\/wp-content\/uploads\/2012\/07\/trans240x10.gif\" alt=\"\" width=\"100\" height=\"20\"><\/td>\n<td valign=\"top\" width=\"359\"><strong>Nachkommen-LGS: <\/strong>&#8211;<strong><br \/>\n<\/strong><\/td>\n<\/tr>\n<tr>\n<td colspan=\"2\" valign=\"top\" width=\"717\"><img loading=\"lazy\" decoding=\"async\" src=\"https:\/\/www.cpv-ev.com\/wp-content\/uploads\/2012\/07\/trans240x10.gif\" alt=\"trans240x10\" width=\"240\" height=\"10\"><\/td>\n<\/tr>\n<tr>\n<td colspan=\"2\" valign=\"top\" width=\"717\"><strong><strong>Z\u00fcchter: <\/strong><\/strong>Alexandra &amp; Peter Kr\u00e4mer, Gest\u00fct Sternberg, 97529 Sulzheim-V\u00f6gnitz<strong><strong><br \/>\n<\/strong><\/strong><strong>Besitzer: <\/strong>Rebekka Meynberg, Meynbergs Connemara u. Reitponyzucht, Holzweg 2b, 38536 Meinersen<\/td>\n<\/tr>\n<tr>\n<td valign=\"top\" width=\"359\">&nbsp;<\/td>\n<td valign=\"top\" width=\"359\">&nbsp;<\/td>\n<\/tr>\n<tr>\n<td valign=\"top\" width=\"307\">&nbsp;<\/td>\n<td valign=\"top\" width=\"307\">&nbsp;<\/td>\n<\/tr>\n<tr>\n<\/table>\n<h5>Pedigree<\/h5>\n<p><a href=\"https:\/\/www.cpv-ev.com\/wp-content\/uploads\/2022\/03\/Sternbergs-Cappuccino-Ped.jpg\"><img loading=\"lazy\" decoding=\"async\" class=\"alignnone size-full wp-image-27396\" src=\"https:\/\/www.cpv-ev.com\/wp-content\/uploads\/2022\/03\/Sternbergs-Cappuccino-Ped.jpg\" alt=\"\" width=\"680\" height=\"310\" srcset=\"https:\/\/www.cpv-ev.com\/wp-content\/uploads\/2022\/03\/Sternbergs-Cappuccino-Ped.jpg 680w, https:\/\/www.cpv-ev.com\/wp-content\/uploads\/2022\/03\/Sternbergs-Cappuccino-Ped-300x137.jpg 300w, https:\/\/www.cpv-ev.com\/wp-content\/uploads\/2022\/03\/Sternbergs-Cappuccino-Ped-500x228.jpg 500w, https:\/\/www.cpv-ev.com\/wp-content\/uploads\/2022\/03\/Sternbergs-Cappuccino-Ped-241x110.jpg 241w\" sizes=\"auto, (max-width: 680px) 100vw, 680px\" \/><\/a><img loading=\"lazy\" decoding=\"async\" src=\"https:\/\/www.cpv-ev.com\/wp-content\/uploads\/2012\/07\/trans240x10.gif\" alt=\"trans240x10\" width=\"240\" height=\"10\"><\/p>\n<h5>Galerie<\/h5>\n<p><a href=\"https:\/\/www.cpv-ev.com\/wp-content\/uploads\/2022\/02\/Sternbergs-Cappuccino-Kopf.jpg\"><img loading=\"lazy\" decoding=\"async\" class=\"alignnone size-thumbnail wp-image-27295\" src=\"https:\/\/www.cpv-ev.com\/wp-content\/uploads\/2022\/02\/Sternbergs-Cappuccino-Kopf-147x110.jpg\" alt=\"\" width=\"147\" height=\"110\" srcset=\"https:\/\/www.cpv-ev.com\/wp-content\/uploads\/2022\/02\/Sternbergs-Cappuccino-Kopf-147x110.jpg 147w, https:\/\/www.cpv-ev.com\/wp-content\/uploads\/2022\/02\/Sternbergs-Cappuccino-Kopf-300x225.jpg 300w, https:\/\/www.cpv-ev.com\/wp-content\/uploads\/2022\/02\/Sternbergs-Cappuccino-Kopf-500x375.jpg 500w, https:\/\/www.cpv-ev.com\/wp-content\/uploads\/2022\/02\/Sternbergs-Cappuccino-Kopf-146x110.jpg 146w, https:\/\/www.cpv-ev.com\/wp-content\/uploads\/2022\/02\/Sternbergs-Cappuccino-Kopf.jpg 709w\" sizes=\"auto, (max-width: 147px) 100vw, 147px\" \/>&nbsp; <\/a><a href=\"https:\/\/www.cpv-ev.com\/wp-content\/uploads\/2022\/02\/Sternbergs-Cappuccino-Stand.jpg\"><img loading=\"lazy\" decoding=\"async\" class=\"alignnone size-thumbnail wp-image-27297\" src=\"https:\/\/www.cpv-ev.com\/wp-content\/uploads\/2022\/02\/Sternbergs-Cappuccino-Stand-147x110.jpg\" alt=\"\" width=\"147\" height=\"110\" srcset=\"https:\/\/www.cpv-ev.com\/wp-content\/uploads\/2022\/02\/Sternbergs-Cappuccino-Stand-147x110.jpg 147w, https:\/\/www.cpv-ev.com\/wp-content\/uploads\/2022\/02\/Sternbergs-Cappuccino-Stand-300x225.jpg 300w, https:\/\/www.cpv-ev.com\/wp-content\/uploads\/2022\/02\/Sternbergs-Cappuccino-Stand-500x375.jpg 500w, https:\/\/www.cpv-ev.com\/wp-content\/uploads\/2022\/02\/Sternbergs-Cappuccino-Stand-146x110.jpg 146w, https:\/\/www.cpv-ev.com\/wp-content\/uploads\/2022\/02\/Sternbergs-Cappuccino-Stand.jpg 709w\" sizes=\"auto, (max-width: 147px) 100vw, 147px\" \/>&nbsp; <\/a><a href=\"https:\/\/www.cpv-ev.com\/wp-content\/uploads\/2022\/02\/Sternbergs-Cappuccino-Trab.jpg\"><img loading=\"lazy\" decoding=\"async\" class=\"alignnone size-thumbnail wp-image-27298\" src=\"https:\/\/www.cpv-ev.com\/wp-content\/uploads\/2022\/02\/Sternbergs-Cappuccino-Trab-147x110.jpg\" alt=\"\" width=\"147\" height=\"110\" srcset=\"https:\/\/www.cpv-ev.com\/wp-content\/uploads\/2022\/02\/Sternbergs-Cappuccino-Trab-147x110.jpg 147w, https:\/\/www.cpv-ev.com\/wp-content\/uploads\/2022\/02\/Sternbergs-Cappuccino-Trab-300x225.jpg 300w, https:\/\/www.cpv-ev.com\/wp-content\/uploads\/2022\/02\/Sternbergs-Cappuccino-Trab-500x375.jpg 500w, https:\/\/www.cpv-ev.com\/wp-content\/uploads\/2022\/02\/Sternbergs-Cappuccino-Trab-146x110.jpg 146w, https:\/\/www.cpv-ev.com\/wp-content\/uploads\/2022\/02\/Sternbergs-Cappuccino-Trab.jpg 711w\" sizes=\"auto, (max-width: 147px) 100vw, 147px\" \/>&nbsp; <\/a><a href=\"https:\/\/www.cpv-ev.com\/wp-content\/uploads\/2022\/02\/Sternbergs-Cappuccino-Sprung.jpg\"><img loading=\"lazy\" decoding=\"async\" class=\"alignnone size-thumbnail wp-image-27296\" src=\"https:\/\/www.cpv-ev.com\/wp-content\/uploads\/2022\/02\/Sternbergs-Cappuccino-Sprung-147x110.jpg\" alt=\"\" width=\"147\" height=\"110\" srcset=\"https:\/\/www.cpv-ev.com\/wp-content\/uploads\/2022\/02\/Sternbergs-Cappuccino-Sprung-147x110.jpg 147w, https:\/\/www.cpv-ev.com\/wp-content\/uploads\/2022\/02\/Sternbergs-Cappuccino-Sprung-300x225.jpg 300w, https:\/\/www.cpv-ev.com\/wp-content\/uploads\/2022\/02\/Sternbergs-Cappuccino-Sprung-500x375.jpg 500w, https:\/\/www.cpv-ev.com\/wp-content\/uploads\/2022\/02\/Sternbergs-Cappuccino-Sprung-146x110.jpg 146w, https:\/\/www.cpv-ev.com\/wp-content\/uploads\/2022\/02\/Sternbergs-Cappuccino-Sprung.jpg 711w\" sizes=\"auto, (max-width: 147px) 100vw, 147px\" \/> <\/a><a href=\"https:\/\/www.cpv-ev.com\/wp-content\/uploads\/2023\/11\/IMG_1451-e1700003592754.jpg\"><img loading=\"lazy\" decoding=\"async\" class=\"alignnone size-thumbnail wp-image-28141\" src=\"https:\/\/www.cpv-ev.com\/wp-content\/uploads\/2023\/11\/IMG_1451-165x110.jpg\" alt=\"\" width=\"165\" height=\"110\"><\/a>&nbsp;&nbsp;<a href=\"https:\/\/www.cpv-ev.com\/wp-content\/uploads\/2023\/11\/IMG_1449-e1700003512164.jpg\"><img loading=\"lazy\" decoding=\"async\" class=\"alignnone size-thumbnail wp-image-28137\" src=\"https:\/\/www.cpv-ev.com\/wp-content\/uploads\/2023\/11\/IMG_1449-165x110.jpg\" alt=\"\" width=\"165\" height=\"110\">&nbsp; <\/a><a href=\"https:\/\/www.cpv-ev.com\/wp-content\/uploads\/2023\/11\/IMG_1450-e1700003549597.jpg\"><img loading=\"lazy\" decoding=\"async\" class=\"alignnone size-thumbnail wp-image-28142\" src=\"https:\/\/www.cpv-ev.com\/wp-content\/uploads\/2023\/11\/IMG_1450-165x110.jpg\" alt=\"\" width=\"165\" height=\"110\"><\/a><\/p>\n<h5>Nachkommen<\/h5>\n\n<table id=\"tablepress-18\" class=\"tablepress tablepress-id-18\">\n<thead>\n<tr class=\"row-1\">\n\t<th class=\"column-1\">FOTO<\/th><th class=\"column-2\">NAME<\/th><th class=\"column-3\">JAHR<\/th><th class=\"column-4\">VATER<\/th><th class=\"column-5\">MUTTER<\/th><th class=\"column-6\">Z\u00dcCHTER<\/th>\n<\/tr>\n<\/thead>\n<tbody class=\"row-striping row-hover\">\n<\/tbody>\n<\/table>\n<!-- #tablepress-18 from cache -->\n","protected":false},"excerpt":{"rendered":"<p>Farbe: Hellfalbe Hengstbuch: Mecklenburg-Vorpommern HB I, zugelassen f\u00fcr Deutsche Reitpony K\u00f6rung: 09.12.2021 Redefin Geboren: 16.03.2019 Leistungspr\u00fcfung: Neustadt\/Dosse 2023, 30 TT, WN 8,0 (Rang 6\/14) Stockma\u00df: 148 cm Tr\u00e4ger des Creme-Faktors: ja R\u00f6hrbein: 19,5 cm Tr\u00e4ger des Fuchsgens: unbekannt Ausgeschieden: 2026 <a class=\"more-link\" href=\"https:\/\/www.cpv-ev.com\/?page_id=27146\"><span class=\"screen-reader-text\">  Sternbergs Cappuccino<\/span> weiterlesen<span class=\"meta-nav\">&rarr;<\/span><\/a><\/p>\n","protected":false},"author":2,"featured_media":0,"parent":11821,"menu_order":0,"comment_status":"closed","ping_status":"closed","template":"","meta":{"ngg_post_thumbnail":0,"footnotes":""},"class_list":["post-27146","page","type-page","status-publish","hentry"],"_links":{"self":[{"href":"https:\/\/www.cpv-ev.com\/index.php?rest_route=\/wp\/v2\/pages\/27146","targetHints":{"allow":["GET"]}}],"collection":[{"href":"https:\/\/www.cpv-ev.com\/index.php?rest_route=\/wp\/v2\/pages"}],"about":[{"href":"https:\/\/www.cpv-ev.com\/index.php?rest_route=\/wp\/v2\/types\/page"}],"author":[{"embeddable":true,"href":"https:\/\/www.cpv-ev.com\/index.php?rest_route=\/wp\/v2\/users\/2"}],"replies":[{"embeddable":true,"href":"https:\/\/www.cpv-ev.com\/index.php?rest_route=%2Fwp%2Fv2%2Fcomments&post=27146"}],"version-history":[{"count":6,"href":"https:\/\/www.cpv-ev.com\/index.php?rest_route=\/wp\/v2\/pages\/27146\/revisions"}],"predecessor-version":[{"id":30237,"href":"https:\/\/www.cpv-ev.com\/index.php?rest_route=\/wp\/v2\/pages\/27146\/revisions\/30237"}],"up":[{"embeddable":true,"href":"https:\/\/www.cpv-ev.com\/index.php?rest_route=\/wp\/v2\/pages\/11821"}],"wp:attachment":[{"href":"https:\/\/www.cpv-ev.com\/index.php?rest_route=%2Fwp%2Fv2%2Fmedia&parent=27146"}],"curies":[{"name":"wp","href":"https:\/\/api.w.org\/{rel}","templated":true}]}}