{"id":27144,"date":"2022-03-08T14:22:14","date_gmt":"2022-03-08T12:22:14","guid":{"rendered":"https:\/\/www.cpv-ev.com\/?page_id=27144"},"modified":"2023-11-14T21:33:41","modified_gmt":"2023-11-14T19:33:41","slug":"sternbergs-larry-junior","status":"publish","type":"page","link":"https:\/\/www.cpv-ev.com\/?page_id=27144","title":{"rendered":"Sternbergs Larry Junior"},"content":{"rendered":"<table border=\"1\" cellspacing=\"0\" cellpadding=\"0\">\n<tbody>\n<tr>\n<td colspan=\"2\" valign=\"top\" width=\"717\"><img loading=\"lazy\" decoding=\"async\" src=\"https:\/\/www.cpv-ev.com\/wp-content\/uploads\/2012\/07\/trans240x10.gif\" alt=\"trans240x10\" width=\"240\" height=\"10\" \/><\/td>\n<\/tr>\n<tr>\n<td valign=\"top\" width=\"359\"><strong>Farbe:<\/strong> Schimmel<\/p>\n<p><strong>Geburtsfarbe:<\/strong> Falbe<\/td>\n<td valign=\"top\" width=\"359\"><strong>Hengstbuch:<\/strong> Bayern HB I, s\u00fcddeutsch gek\u00f6rt, D\u00e4nemark HB I<br \/>\n<strong>K\u00f6rung:<\/strong> D\u00e4nemark<br \/>\n<strong>K\u00f6rung:<\/strong> 19.02.2022 Bayern<\/td>\n<\/tr>\n<tr>\n<td valign=\"top\" width=\"359\"><strong>Geboren:<\/strong> 07.05.2006<\/td>\n<td valign=\"top\" width=\"359\"><strong>Leistungspr\u00fcfung: <\/strong>\u00fcber Sporterfolge<strong><br \/>\n<\/strong><\/td>\n<\/tr>\n<tr>\n<td valign=\"top\" width=\"359\"><strong>Stockma\u00df: <\/strong>150 cm<strong><br \/>\n<\/strong><\/td>\n<td valign=\"top\" width=\"359\"><strong>Tr\u00e4ger des Creme-Faktors: <\/strong>ja<\/td>\n<\/tr>\n<tr>\n<td valign=\"top\" width=\"359\"><strong>R\u00f6hrbein: <\/strong>20,5 cm<strong><br \/>\n<\/strong><\/td>\n<td valign=\"top\" width=\"359\"><strong>Tr\u00e4ger des Fuchsgens:<\/strong>\u00a0ja<\/td>\n<\/tr>\n<tr>\n<td valign=\"top\" width=\"359\"><strong style=\"line-height: 24px;\">Deckbedingungen: <\/strong>auf Anfrage<\/td>\n<td valign=\"top\" width=\"359\"><strong>Decktaxe:<\/strong><\/td>\n<\/tr>\n<tr>\n<td valign=\"top\" width=\"359\"><strong style=\"line-height: 24px;\">HWSD-Status: <\/strong>N\/N mit Abstammungs\u00fcberpr\u00fcfung<strong style=\"line-height: 24px;\"><br \/>\n<\/strong><\/td>\n<td valign=\"top\" width=\"359\"><strong>\u00a0<\/strong><\/td>\n<\/tr>\n<tr>\n<td valign=\"top\" width=\"359\"><img loading=\"lazy\" decoding=\"async\" class=\"alignnone size-full wp-image-232\" src=\"https:\/\/www.cpv-ev.com\/wp-content\/uploads\/2012\/07\/trans240x10.gif\" alt=\"trans240x10\" width=\"240\" height=\"10\" srcset=\"https:\/\/www.cpv-ev.com\/wp-content\/uploads\/2012\/07\/trans240x10.gif 240w, https:\/\/www.cpv-ev.com\/wp-content\/uploads\/2012\/07\/trans240x10-225x10.gif 225w\" sizes=\"auto, (max-width: 240px) 100vw, 240px\" \/><\/td>\n<td valign=\"top\" width=\"359\"><\/td>\n<\/tr>\n<tr>\n<td valign=\"top\" width=\"359\"><strong>Gek\u00f6rte S\u00f6hne: <\/strong>Langtoftegard Limelight<\/td>\n<td valign=\"top\" width=\"359\"><strong>Eingetragene Stuten:<\/strong> &#8211;<strong><br \/>\n<\/strong><\/td>\n<\/tr>\n<tr>\n<td valign=\"top\" width=\"359\"><\/td>\n<td valign=\"top\" width=\"359\"><strong>davon StPrSt: <\/strong>&#8211;<strong><br \/>\n<\/strong><\/td>\n<\/tr>\n<tr>\n<td valign=\"top\" width=\"359\"><img loading=\"lazy\" decoding=\"async\" src=\"https:\/\/www.cpv-ev.com\/wp-content\/uploads\/2012\/07\/trans240x10.gif\" alt=\"trans240x10\" width=\"240\" height=\"10\" \/><\/td>\n<td valign=\"top\" width=\"359\"><\/td>\n<\/tr>\n<tr>\n<td valign=\"top\" width=\"359\"><strong>Lebensgewinnsumme:<\/strong>\u00a045 EUR (2022)<img loading=\"lazy\" decoding=\"async\" class=\"alignnone size-full wp-image-232\" title=\"trans240x10\" src=\"https:\/\/www.cpv-ev.com\/wp-content\/uploads\/2012\/07\/trans240x10.gif\" alt=\"\" width=\"100\" height=\"20\" \/><\/td>\n<td valign=\"top\" width=\"359\"><strong>Nachkommen-LGS: <\/strong>235 EUR (2022)<strong><br \/>\n<\/strong><\/td>\n<\/tr>\n<tr>\n<td colspan=\"2\" valign=\"top\" width=\"717\"><img loading=\"lazy\" decoding=\"async\" src=\"https:\/\/www.cpv-ev.com\/wp-content\/uploads\/2012\/07\/trans240x10.gif\" alt=\"trans240x10\" width=\"240\" height=\"10\" \/><\/td>\n<\/tr>\n<tr>\n<td colspan=\"2\" valign=\"top\" width=\"717\"><strong>Z\u00fcchter &amp; Besitzer:<\/strong> Peter und Alexandra Kr\u00e4mer, Hauptstra\u00dfe 14, 97529 Sulzheim<\/td>\n<\/tr>\n<tr>\n<td valign=\"top\" width=\"359\">Telefon:\u00a0<span id=\"sobi2Details_field_phone\">09382-903574<\/span><\/td>\n<td valign=\"top\" width=\"359\">Mobil:\u00a00157-81621680<\/td>\n<\/tr>\n<tr>\n<td valign=\"top\" width=\"307\">Email: <a href=\"mailto:connemara-kraemer@web.de\">connemara-kraemer@web.de<\/a><\/td>\n<td valign=\"top\" width=\"307\">Website: <a href=\"https:\/\/www.connemara-kraemer.de\" target=\"_blank\" rel=\"noopener noreferrer\">www.connemara-kraemer.de<\/a><\/td>\n<\/tr>\n<\/tbody>\n<\/table>\n<h5>Pedigree<\/h5>\n<p><a href=\"https:\/\/www.cpv-ev.com\/wp-content\/uploads\/2022\/03\/Sternbergs-Larry-Junior-Ped.jpg\"><img loading=\"lazy\" decoding=\"async\" class=\"alignnone size-full wp-image-27397\" src=\"https:\/\/www.cpv-ev.com\/wp-content\/uploads\/2022\/03\/Sternbergs-Larry-Junior-Ped.jpg\" alt=\"\" width=\"680\" height=\"310\" srcset=\"https:\/\/www.cpv-ev.com\/wp-content\/uploads\/2022\/03\/Sternbergs-Larry-Junior-Ped.jpg 680w, https:\/\/www.cpv-ev.com\/wp-content\/uploads\/2022\/03\/Sternbergs-Larry-Junior-Ped-300x137.jpg 300w, https:\/\/www.cpv-ev.com\/wp-content\/uploads\/2022\/03\/Sternbergs-Larry-Junior-Ped-500x228.jpg 500w, https:\/\/www.cpv-ev.com\/wp-content\/uploads\/2022\/03\/Sternbergs-Larry-Junior-Ped-241x110.jpg 241w\" sizes=\"auto, (max-width: 680px) 100vw, 680px\" \/><\/a><\/p>\n<p><img loading=\"lazy\" decoding=\"async\" src=\"https:\/\/www.cpv-ev.com\/wp-content\/uploads\/2012\/07\/trans240x10.gif\" alt=\"trans240x10\" width=\"240\" height=\"10\" \/><\/p>\n<h5>Galerie<\/h5>\n<p><a href=\"https:\/\/www.cpv-ev.com\/wp-content\/uploads\/2022\/03\/Sternbergs-Larry-Junior-Ko.jpg\"><img loading=\"lazy\" decoding=\"async\" class=\"alignnone size-thumbnail wp-image-27496\" src=\"https:\/\/www.cpv-ev.com\/wp-content\/uploads\/2022\/03\/Sternbergs-Larry-Junior-Ko-147x110.jpg\" alt=\"\" width=\"147\" height=\"110\" srcset=\"https:\/\/www.cpv-ev.com\/wp-content\/uploads\/2022\/03\/Sternbergs-Larry-Junior-Ko-147x110.jpg 147w, https:\/\/www.cpv-ev.com\/wp-content\/uploads\/2022\/03\/Sternbergs-Larry-Junior-Ko-300x225.jpg 300w, https:\/\/www.cpv-ev.com\/wp-content\/uploads\/2022\/03\/Sternbergs-Larry-Junior-Ko-500x375.jpg 500w, https:\/\/www.cpv-ev.com\/wp-content\/uploads\/2022\/03\/Sternbergs-Larry-Junior-Ko-146x110.jpg 146w, https:\/\/www.cpv-ev.com\/wp-content\/uploads\/2022\/03\/Sternbergs-Larry-Junior-Ko.jpg 750w\" sizes=\"auto, (max-width: 147px) 100vw, 147px\" \/><\/a> <a href=\"https:\/\/www.cpv-ev.com\/wp-content\/uploads\/2022\/03\/Sternbergs-Larry-Junior-Front.jpg\"><img loading=\"lazy\" decoding=\"async\" class=\"alignnone size-thumbnail wp-image-27495\" src=\"https:\/\/www.cpv-ev.com\/wp-content\/uploads\/2022\/03\/Sternbergs-Larry-Junior-Front-83x110.jpg\" alt=\"\" width=\"83\" height=\"110\" srcset=\"https:\/\/www.cpv-ev.com\/wp-content\/uploads\/2022\/03\/Sternbergs-Larry-Junior-Front-83x110.jpg 83w, https:\/\/www.cpv-ev.com\/wp-content\/uploads\/2022\/03\/Sternbergs-Larry-Junior-Front-300x400.jpg 300w, https:\/\/www.cpv-ev.com\/wp-content\/uploads\/2022\/03\/Sternbergs-Larry-Junior-Front-375x500.jpg 375w, https:\/\/www.cpv-ev.com\/wp-content\/uploads\/2022\/03\/Sternbergs-Larry-Junior-Front-110x146.jpg 110w, https:\/\/www.cpv-ev.com\/wp-content\/uploads\/2022\/03\/Sternbergs-Larry-Junior-Front-225x300.jpg 225w, https:\/\/www.cpv-ev.com\/wp-content\/uploads\/2022\/03\/Sternbergs-Larry-Junior-Front.jpg 563w\" sizes=\"auto, (max-width: 83px) 100vw, 83px\" \/><\/a> <a href=\"https:\/\/www.cpv-ev.com\/wp-content\/uploads\/2022\/03\/Sternbergs-Larry-Junior-Trab.jpg\"><img loading=\"lazy\" decoding=\"async\" class=\"alignnone size-thumbnail wp-image-27499\" src=\"https:\/\/www.cpv-ev.com\/wp-content\/uploads\/2022\/03\/Sternbergs-Larry-Junior-Trab-147x110.jpg\" alt=\"\" width=\"147\" height=\"110\" srcset=\"https:\/\/www.cpv-ev.com\/wp-content\/uploads\/2022\/03\/Sternbergs-Larry-Junior-Trab-147x110.jpg 147w, https:\/\/www.cpv-ev.com\/wp-content\/uploads\/2022\/03\/Sternbergs-Larry-Junior-Trab-300x225.jpg 300w, https:\/\/www.cpv-ev.com\/wp-content\/uploads\/2022\/03\/Sternbergs-Larry-Junior-Trab-500x375.jpg 500w, https:\/\/www.cpv-ev.com\/wp-content\/uploads\/2022\/03\/Sternbergs-Larry-Junior-Trab-146x110.jpg 146w, https:\/\/www.cpv-ev.com\/wp-content\/uploads\/2022\/03\/Sternbergs-Larry-Junior-Trab.jpg 750w\" sizes=\"auto, (max-width: 147px) 100vw, 147px\" \/><\/a> <a href=\"https:\/\/www.cpv-ev.com\/wp-content\/uploads\/2022\/03\/Sternbergs-Larry-Junior-Sprung.jpg\"><img loading=\"lazy\" decoding=\"async\" class=\"alignnone size-thumbnail wp-image-27498\" src=\"https:\/\/www.cpv-ev.com\/wp-content\/uploads\/2022\/03\/Sternbergs-Larry-Junior-Sprung-147x110.jpg\" alt=\"\" width=\"147\" height=\"110\" srcset=\"https:\/\/www.cpv-ev.com\/wp-content\/uploads\/2022\/03\/Sternbergs-Larry-Junior-Sprung-147x110.jpg 147w, https:\/\/www.cpv-ev.com\/wp-content\/uploads\/2022\/03\/Sternbergs-Larry-Junior-Sprung-300x225.jpg 300w, https:\/\/www.cpv-ev.com\/wp-content\/uploads\/2022\/03\/Sternbergs-Larry-Junior-Sprung-500x375.jpg 500w, https:\/\/www.cpv-ev.com\/wp-content\/uploads\/2022\/03\/Sternbergs-Larry-Junior-Sprung-146x110.jpg 146w, https:\/\/www.cpv-ev.com\/wp-content\/uploads\/2022\/03\/Sternbergs-Larry-Junior-Sprung.jpg 750w\" sizes=\"auto, (max-width: 147px) 100vw, 147px\" \/><\/a><\/p>\n<h5>Nachkommen<\/h5>\n\n<table id=\"tablepress-18\" class=\"tablepress tablepress-id-18 mtr-table mtr-thead-th\">\n<thead>\n<tr class=\"row-1\">\n\t<th class=\"column-1 mtr-th-tag\" data-mtr-content=\"FOTO\"><div class=\"mtr-cell-content\">FOTO<\/div><\/th><th class=\"column-2 mtr-th-tag\" data-mtr-content=\"NAME\"><div class=\"mtr-cell-content\">NAME<\/div><\/th><th class=\"column-3 mtr-th-tag\" data-mtr-content=\"JAHR\"><div class=\"mtr-cell-content\">JAHR<\/div><\/th><th class=\"column-4 mtr-th-tag\" data-mtr-content=\"VATER\"><div class=\"mtr-cell-content\">VATER<\/div><\/th><th class=\"column-5 mtr-th-tag\" data-mtr-content=\"MUTTER\"><div class=\"mtr-cell-content\">MUTTER<\/div><\/th><th class=\"column-6 mtr-th-tag\" data-mtr-content=\"Z\u00dcCHTER\"><div class=\"mtr-cell-content\">Z\u00dcCHTER<\/div><\/th>\n<\/tr>\n<\/thead>\n<tbody class=\"row-striping row-hover\">\n<tr class=\"row-2\">\n\t<td class=\"column-1 mtr-td-tag\" data-mtr-content=\"FOTO\"><div class=\"mtr-cell-content\"><\/div><\/td><td class=\"column-2 mtr-td-tag\" data-mtr-content=\"NAME\"><div class=\"mtr-cell-content\"><b>LANGTOFTEGARD LAURINO<\/b><br>DNK333CO1002673<br>LGS 107 EUR (2019)<br><br>Wallach<br>Hellbraun<br>2010<br><br><\/div><\/td><td class=\"column-3 mtr-td-tag\" data-mtr-content=\"JAHR\"><div class=\"mtr-cell-content\">2010<\/div><\/td><td class=\"column-4 mtr-td-tag\" data-mtr-content=\"VATER\"><div class=\"mtr-cell-content\">Sternbergs Larry Junior<\/div><\/td><td class=\"column-5 mtr-td-tag\" data-mtr-content=\"MUTTER\"><div class=\"mtr-cell-content\">Langtoftegard Patricia<br>v. Coosheen Finnegan<\/div><\/td><td class=\"column-6 mtr-td-tag\" data-mtr-content=\"Z\u00dcCHTER\"><div class=\"mtr-cell-content\">Langtoftegard<br>Annette Villebaek<br>4173 Fjenneslev<br>D\u00e4nemark<\/div><\/td>\n<\/tr>\n<tr class=\"row-3\">\n\t<td class=\"column-1 mtr-td-tag\" data-mtr-content=\"FOTO\"><div class=\"mtr-cell-content\"><\/div><\/td><td class=\"column-2 mtr-td-tag\" data-mtr-content=\"NAME\"><div class=\"mtr-cell-content\"><b>SKAERGARDENS ELECTRIC LOVE<\/b><br><br>Stute<br>Schimmel<br><br><\/div><\/td><td class=\"column-3 mtr-td-tag\" data-mtr-content=\"JAHR\"><div class=\"mtr-cell-content\">1000<\/div><\/td><td class=\"column-4 mtr-td-tag\" data-mtr-content=\"VATER\"><div class=\"mtr-cell-content\">Sternbergs Larry Junior<\/div><\/td><td class=\"column-5 mtr-td-tag\" data-mtr-content=\"MUTTER\"><div class=\"mtr-cell-content\"><\/div><\/td><td class=\"column-6 mtr-td-tag\" data-mtr-content=\"Z\u00dcCHTER\"><div class=\"mtr-cell-content\"><\/div><\/td>\n<\/tr>\n<\/tbody>\n<\/table>\n<!-- #tablepress-18 from cache -->\n","protected":false},"excerpt":{"rendered":"<p>Farbe: Schimmel Geburtsfarbe: Falbe Hengstbuch: Bayern HB I, s\u00fcddeutsch gek\u00f6rt, D\u00e4nemark HB I K\u00f6rung: D\u00e4nemark K\u00f6rung: 19.02.2022 Bayern Geboren: 07.05.2006 Leistungspr\u00fcfung: \u00fcber Sporterfolge Stockma\u00df: 150 cm Tr\u00e4ger des Creme-Faktors: ja R\u00f6hrbein: 20,5 cm Tr\u00e4ger des Fuchsgens:\u00a0ja Deckbedingungen: auf Anfrage Decktaxe: <a class=\"more-link\" href=\"https:\/\/www.cpv-ev.com\/?page_id=27144\"><span class=\"screen-reader-text\">  Sternbergs Larry Junior<\/span> weiterlesen<span class=\"meta-nav\">&rarr;<\/span><\/a><\/p>\n","protected":false},"author":2,"featured_media":0,"parent":0,"menu_order":0,"comment_status":"closed","ping_status":"closed","template":"","meta":{"ngg_post_thumbnail":0,"footnotes":""},"class_list":["post-27144","page","type-page","status-publish","hentry"],"_links":{"self":[{"href":"https:\/\/www.cpv-ev.com\/index.php?rest_route=\/wp\/v2\/pages\/27144","targetHints":{"allow":["GET"]}}],"collection":[{"href":"https:\/\/www.cpv-ev.com\/index.php?rest_route=\/wp\/v2\/pages"}],"about":[{"href":"https:\/\/www.cpv-ev.com\/index.php?rest_route=\/wp\/v2\/types\/page"}],"author":[{"embeddable":true,"href":"https:\/\/www.cpv-ev.com\/index.php?rest_route=\/wp\/v2\/users\/2"}],"replies":[{"embeddable":true,"href":"https:\/\/www.cpv-ev.com\/index.php?rest_route=%2Fwp%2Fv2%2Fcomments&post=27144"}],"version-history":[{"count":0,"href":"https:\/\/www.cpv-ev.com\/index.php?rest_route=\/wp\/v2\/pages\/27144\/revisions"}],"wp:attachment":[{"href":"https:\/\/www.cpv-ev.com\/index.php?rest_route=%2Fwp%2Fv2%2Fmedia&parent=27144"}],"curies":[{"name":"wp","href":"https:\/\/api.w.org\/{rel}","templated":true}]}}