{"id":27114,"date":"2022-01-21T18:38:14","date_gmt":"2022-01-21T16:38:14","guid":{"rendered":"https:\/\/www.cpv-ev.com\/?page_id=27114"},"modified":"2026-04-23T15:21:58","modified_gmt":"2026-04-23T13:21:58","slug":"kingstown-archies-boy-2","status":"publish","type":"page","link":"https:\/\/www.cpv-ev.com\/?page_id=27114","title":{"rendered":"Kingstown Archies Boy"},"content":{"rendered":"<table border=\"1\" cellspacing=\"0\" cellpadding=\"0\">\n<tbody>\n<tr>\n<td colspan=\"2\" valign=\"top\" width=\"717\"><img loading=\"lazy\" decoding=\"async\" src=\"https:\/\/www.cpv-ev.com\/wp-content\/uploads\/2012\/07\/trans240x10.gif\" alt=\"trans240x10\" width=\"240\" height=\"10\"><\/td>\n<\/tr>\n<tr>\n<td valign=\"top\" width=\"359\"><strong>Farbe:<\/strong> Falbe<\/td>\n<td valign=\"top\" width=\"359\"><strong>Hengstbuch:<\/strong> CPBS S1-004100015635, Schleswig-Holstein\/Hamburg HB I, Leistungshengst<br \/>\n<strong>K\u00f6rung:<\/strong> CPBS Irland<br \/>\n<strong>Anerkennung:<\/strong> Hoftermin<\/td>\n<\/tr>\n<tr>\n<td valign=\"top\" width=\"359\"><strong>Geboren:<\/strong> 01.04.2013<\/td>\n<td valign=\"top\" width=\"359\"><strong>Leistungspr\u00fcfung: <\/strong>Neustadt\/Dosse 2021,<strong><br \/>\n<\/strong>2 TT, WN 7,60 (Rang 2\/3)<\/td>\n<\/tr>\n<tr>\n<td valign=\"top\" width=\"359\"><strong>Stockma\u00df:&nbsp;<\/strong>148 cm<\/td>\n<td valign=\"top\" width=\"359\"><strong>Tr\u00e4ger des Creme-Faktors: <\/strong>ja<strong><br \/>\n<\/strong><\/td>\n<\/tr>\n<tr>\n<td valign=\"top\" width=\"359\"><strong>R\u00f6hrbein: <\/strong>20 cm<strong><br \/>\n<\/strong><\/td>\n<td valign=\"top\" width=\"359\"><strong>Tr\u00e4ger des Fuchsgens: <\/strong>unbekannt<strong><br \/>\n<\/strong><\/td>\n<\/tr>\n<tr>\n<td valign=\"top\" width=\"359\"><strong>Ausgeschieden:<\/strong> 2023 Verkauf nach Kanada<\/td>\n<td valign=\"top\" width=\"359\">&nbsp;<\/td>\n<\/tr>\n<tr>\n<td valign=\"top\" width=\"359\">&nbsp;<\/td>\n<td valign=\"top\" width=\"359\"><strong>&nbsp;<\/strong><\/td>\n<\/tr>\n<tr>\n<td valign=\"top\" width=\"359\"><strong style=\"line-height: 24px;\">HWSD-Status: <\/strong>N\/HWSD mit Abstammungs\u00fcberpr\u00fcfung<strong style=\"line-height: 24px;\"><br \/>\n<\/strong><\/td>\n<td valign=\"top\" width=\"359\"><strong>&nbsp;<\/strong><\/td>\n<\/tr>\n<tr>\n<td valign=\"top\" width=\"359\"><img loading=\"lazy\" decoding=\"async\" class=\"alignnone size-full wp-image-232\" src=\"https:\/\/www.cpv-ev.com\/wp-content\/uploads\/2012\/07\/trans240x10.gif\" alt=\"trans240x10\" width=\"240\" height=\"10\" srcset=\"https:\/\/www.cpv-ev.com\/wp-content\/uploads\/2012\/07\/trans240x10.gif 240w, https:\/\/www.cpv-ev.com\/wp-content\/uploads\/2012\/07\/trans240x10-225x10.gif 225w\" sizes=\"auto, (max-width: 240px) 100vw, 240px\" \/><\/td>\n<td valign=\"top\" width=\"359\">&nbsp;<\/td>\n<\/tr>\n<tr>\n<td valign=\"top\" width=\"359\"><strong>Gek\u00f6rte S\u00f6hne:&nbsp;<\/strong> &#8211;<\/td>\n<td valign=\"top\" width=\"359\"><strong>Eingetragene Stuten:<\/strong> &#8211;<br \/>\n<strong>davon StPrSt: <\/strong>&#8211;<strong><br \/>\n<\/strong><strong>Irland:<\/strong> 2<\/td>\n<\/tr>\n<tr>\n<td valign=\"top\" width=\"359\"><img loading=\"lazy\" decoding=\"async\" src=\"https:\/\/www.cpv-ev.com\/wp-content\/uploads\/2012\/07\/trans240x10.gif\" alt=\"trans240x10\" width=\"240\" height=\"10\"><\/td>\n<td valign=\"top\" width=\"359\">&nbsp;<\/td>\n<\/tr>\n<tr>\n<td valign=\"top\" width=\"359\"><strong>Lebensgewinnsumme:<\/strong> &#8211;<img loading=\"lazy\" decoding=\"async\" class=\"alignnone size-full wp-image-232\" title=\"trans240x10\" src=\"https:\/\/www.cpv-ev.com\/wp-content\/uploads\/2012\/07\/trans240x10.gif\" alt=\"\" width=\"100\" height=\"20\"><\/td>\n<td valign=\"top\" width=\"359\"><strong>Nachkommen-LGS: <\/strong>&#8211;<\/td>\n<\/tr>\n<tr>\n<td colspan=\"2\" valign=\"top\" width=\"717\"><img loading=\"lazy\" decoding=\"async\" src=\"https:\/\/www.cpv-ev.com\/wp-content\/uploads\/2012\/07\/trans240x10.gif\" alt=\"trans240x10\" width=\"240\" height=\"10\"><\/td>\n<\/tr>\n<tr>\n<td colspan=\"2\" valign=\"top\" width=\"717\"><strong>Z\u00fcchter : <\/strong>Malachy Gorham, Clifden, Irland<\/td>\n<\/tr>\n<tr>\n<td colspan=\"2\" valign=\"top\" width=\"717\"><strong><strong>Besitzer:&nbsp;<\/strong><\/strong>Anja Bornh\u00f6ft-Lejon, Am Gutshof 1, 24251 Borghorst<\/td>\n<\/tr>\n<tr>\n<td valign=\"top\" width=\"307\">&nbsp;<\/td>\n<td valign=\"top\" width=\"307\">&nbsp;<\/td>\n<\/tr>\n<tr>\n<td valign=\"top\" width=\"307\">&nbsp;<\/td>\n<td valign=\"top\" width=\"307\">&nbsp;<\/td>\n<\/tr>\n<\/tbody>\n<\/table>\n<h5>Pedigree<\/h5>\n<p><a href=\"https:\/\/www.cpv-ev.com\/wp-content\/uploads\/2022\/01\/Kingstown-Archies-Boy-Ped.jpg\"><img loading=\"lazy\" decoding=\"async\" class=\"alignnone size-full wp-image-27179\" src=\"https:\/\/www.cpv-ev.com\/wp-content\/uploads\/2022\/01\/Kingstown-Archies-Boy-Ped.jpg\" alt=\"\" width=\"680\" height=\"310\" srcset=\"https:\/\/www.cpv-ev.com\/wp-content\/uploads\/2022\/01\/Kingstown-Archies-Boy-Ped.jpg 680w, https:\/\/www.cpv-ev.com\/wp-content\/uploads\/2022\/01\/Kingstown-Archies-Boy-Ped-300x137.jpg 300w, https:\/\/www.cpv-ev.com\/wp-content\/uploads\/2022\/01\/Kingstown-Archies-Boy-Ped-500x228.jpg 500w, https:\/\/www.cpv-ev.com\/wp-content\/uploads\/2022\/01\/Kingstown-Archies-Boy-Ped-241x110.jpg 241w\" sizes=\"auto, (max-width: 680px) 100vw, 680px\" \/><\/a><\/p>\n<p><img loading=\"lazy\" decoding=\"async\" src=\"https:\/\/www.cpv-ev.com\/wp-content\/uploads\/2012\/07\/trans240x10.gif\" alt=\"trans240x10\" width=\"240\" height=\"10\"><\/p>\n<p><img loading=\"lazy\" decoding=\"async\" src=\"https:\/\/www.cpv-ev.com\/wp-content\/uploads\/2012\/07\/trans240x10.gif\" alt=\"trans240x10\" width=\"240\" height=\"10\"><\/p>\n<h5>Galerie<\/h5>\n<p><a href=\"https:\/\/www.cpv-ev.com\/wp-content\/uploads\/2021\/09\/Kingstown-Archies-Boy-Galopp.jpg\"><img loading=\"lazy\" decoding=\"async\" class=\"alignnone size-thumbnail wp-image-26994\" src=\"https:\/\/www.cpv-ev.com\/wp-content\/uploads\/2021\/09\/Kingstown-Archies-Boy-Galopp-147x110.jpg\" alt=\"\" width=\"147\" height=\"110\" srcset=\"https:\/\/www.cpv-ev.com\/wp-content\/uploads\/2021\/09\/Kingstown-Archies-Boy-Galopp-147x110.jpg 147w, https:\/\/www.cpv-ev.com\/wp-content\/uploads\/2021\/09\/Kingstown-Archies-Boy-Galopp-300x225.jpg 300w, https:\/\/www.cpv-ev.com\/wp-content\/uploads\/2021\/09\/Kingstown-Archies-Boy-Galopp-500x375.jpg 500w, https:\/\/www.cpv-ev.com\/wp-content\/uploads\/2021\/09\/Kingstown-Archies-Boy-Galopp-146x110.jpg 146w, https:\/\/www.cpv-ev.com\/wp-content\/uploads\/2021\/09\/Kingstown-Archies-Boy-Galopp.jpg 750w\" sizes=\"auto, (max-width: 147px) 100vw, 147px\" \/>&nbsp;<\/a><a href=\"https:\/\/www.cpv-ev.com\/wp-content\/uploads\/2021\/09\/Kingstown-Archies-Boy-Trab.jpg\"><img loading=\"lazy\" decoding=\"async\" class=\"alignnone size-thumbnail wp-image-26996\" src=\"https:\/\/www.cpv-ev.com\/wp-content\/uploads\/2021\/09\/Kingstown-Archies-Boy-Trab-147x110.jpg\" alt=\"\" width=\"147\" height=\"110\" srcset=\"https:\/\/www.cpv-ev.com\/wp-content\/uploads\/2021\/09\/Kingstown-Archies-Boy-Trab-147x110.jpg 147w, https:\/\/www.cpv-ev.com\/wp-content\/uploads\/2021\/09\/Kingstown-Archies-Boy-Trab-300x225.jpg 300w, https:\/\/www.cpv-ev.com\/wp-content\/uploads\/2021\/09\/Kingstown-Archies-Boy-Trab-500x375.jpg 500w, https:\/\/www.cpv-ev.com\/wp-content\/uploads\/2021\/09\/Kingstown-Archies-Boy-Trab-146x110.jpg 146w, https:\/\/www.cpv-ev.com\/wp-content\/uploads\/2021\/09\/Kingstown-Archies-Boy-Trab.jpg 750w\" sizes=\"auto, (max-width: 147px) 100vw, 147px\" \/>&nbsp;<\/a><a href=\"https:\/\/www.cpv-ev.com\/wp-content\/uploads\/2021\/09\/Kingstown-Archies-Boy-Spr.jpg\"><img loading=\"lazy\" decoding=\"async\" class=\"alignnone size-thumbnail wp-image-26995\" src=\"https:\/\/www.cpv-ev.com\/wp-content\/uploads\/2021\/09\/Kingstown-Archies-Boy-Spr-147x110.jpg\" alt=\"\" width=\"147\" height=\"110\" srcset=\"https:\/\/www.cpv-ev.com\/wp-content\/uploads\/2021\/09\/Kingstown-Archies-Boy-Spr-147x110.jpg 147w, https:\/\/www.cpv-ev.com\/wp-content\/uploads\/2021\/09\/Kingstown-Archies-Boy-Spr-300x225.jpg 300w, https:\/\/www.cpv-ev.com\/wp-content\/uploads\/2021\/09\/Kingstown-Archies-Boy-Spr-500x375.jpg 500w, https:\/\/www.cpv-ev.com\/wp-content\/uploads\/2021\/09\/Kingstown-Archies-Boy-Spr-146x110.jpg 146w, https:\/\/www.cpv-ev.com\/wp-content\/uploads\/2021\/09\/Kingstown-Archies-Boy-Spr.jpg 750w\" sizes=\"auto, (max-width: 147px) 100vw, 147px\" \/>&nbsp;<\/a><a href=\"https:\/\/www.cpv-ev.com\/wp-content\/uploads\/2021\/09\/Kingstown-Archies-Boy-Frspr.jpg\"><img loading=\"lazy\" decoding=\"async\" class=\"alignnone size-thumbnail wp-image-26993\" src=\"https:\/\/www.cpv-ev.com\/wp-content\/uploads\/2021\/09\/Kingstown-Archies-Boy-Frspr-147x110.jpg\" alt=\"\" width=\"147\" height=\"110\" srcset=\"https:\/\/www.cpv-ev.com\/wp-content\/uploads\/2021\/09\/Kingstown-Archies-Boy-Frspr-147x110.jpg 147w, https:\/\/www.cpv-ev.com\/wp-content\/uploads\/2021\/09\/Kingstown-Archies-Boy-Frspr-300x225.jpg 300w, https:\/\/www.cpv-ev.com\/wp-content\/uploads\/2021\/09\/Kingstown-Archies-Boy-Frspr-500x375.jpg 500w, https:\/\/www.cpv-ev.com\/wp-content\/uploads\/2021\/09\/Kingstown-Archies-Boy-Frspr-146x110.jpg 146w, https:\/\/www.cpv-ev.com\/wp-content\/uploads\/2021\/09\/Kingstown-Archies-Boy-Frspr.jpg 750w\" sizes=\"auto, (max-width: 147px) 100vw, 147px\" \/> <\/a><a href=\"https:\/\/www.cpv-ev.com\/wp-content\/uploads\/2022\/01\/Kingstown-Archies-Boy-Stand.jpg\"><img loading=\"lazy\" decoding=\"async\" class=\"alignnone size-thumbnail wp-image-27180\" src=\"https:\/\/www.cpv-ev.com\/wp-content\/uploads\/2022\/01\/Kingstown-Archies-Boy-Stand-147x110.jpg\" alt=\"\" width=\"147\" height=\"110\" srcset=\"https:\/\/www.cpv-ev.com\/wp-content\/uploads\/2022\/01\/Kingstown-Archies-Boy-Stand-147x110.jpg 147w, https:\/\/www.cpv-ev.com\/wp-content\/uploads\/2022\/01\/Kingstown-Archies-Boy-Stand-300x225.jpg 300w, https:\/\/www.cpv-ev.com\/wp-content\/uploads\/2022\/01\/Kingstown-Archies-Boy-Stand-500x375.jpg 500w, https:\/\/www.cpv-ev.com\/wp-content\/uploads\/2022\/01\/Kingstown-Archies-Boy-Stand-146x110.jpg 146w, https:\/\/www.cpv-ev.com\/wp-content\/uploads\/2022\/01\/Kingstown-Archies-Boy-Stand.jpg 750w\" sizes=\"auto, (max-width: 147px) 100vw, 147px\" \/><\/a> <a href=\"https:\/\/www.cpv-ev.com\/wp-content\/uploads\/2022\/01\/Kingstown-Archies-Boy-Kopf.jpg\"><img loading=\"lazy\" decoding=\"async\" class=\"alignnone size-thumbnail wp-image-27178\" src=\"https:\/\/www.cpv-ev.com\/wp-content\/uploads\/2022\/01\/Kingstown-Archies-Boy-Kopf-82x110.jpg\" alt=\"\" width=\"82\" height=\"110\" srcset=\"https:\/\/www.cpv-ev.com\/wp-content\/uploads\/2022\/01\/Kingstown-Archies-Boy-Kopf-82x110.jpg 82w, https:\/\/www.cpv-ev.com\/wp-content\/uploads\/2022\/01\/Kingstown-Archies-Boy-Kopf-300x400.jpg 300w, https:\/\/www.cpv-ev.com\/wp-content\/uploads\/2022\/01\/Kingstown-Archies-Boy-Kopf-375x500.jpg 375w, https:\/\/www.cpv-ev.com\/wp-content\/uploads\/2022\/01\/Kingstown-Archies-Boy-Kopf-110x146.jpg 110w, https:\/\/www.cpv-ev.com\/wp-content\/uploads\/2022\/01\/Kingstown-Archies-Boy-Kopf-225x300.jpg 225w, https:\/\/www.cpv-ev.com\/wp-content\/uploads\/2022\/01\/Kingstown-Archies-Boy-Kopf.jpg 562w\" sizes=\"auto, (max-width: 82px) 100vw, 82px\" \/><\/a><\/p>\n<h5>Nachkommen<\/h5>\n\n<table id=\"tablepress-18\" class=\"tablepress tablepress-id-18\">\n<thead>\n<tr class=\"row-1\">\n\t<th class=\"column-1\">FOTO<\/th><th class=\"column-2\">NAME<\/th><th class=\"column-3\">JAHR<\/th><th class=\"column-4\">VATER<\/th><th class=\"column-5\">MUTTER<\/th><th class=\"column-6\">Z\u00dcCHTER<\/th>\n<\/tr>\n<\/thead>\n<tbody class=\"row-striping row-hover\">\n<\/tbody>\n<\/table>\n<!-- #tablepress-18 from cache -->\n","protected":false},"excerpt":{"rendered":"<p>Farbe: Falbe Hengstbuch: CPBS S1-004100015635, Schleswig-Holstein\/Hamburg HB I, Leistungshengst K\u00f6rung: CPBS Irland Anerkennung: Hoftermin Geboren: 01.04.2013 Leistungspr\u00fcfung: Neustadt\/Dosse 2021, 2 TT, WN 7,60 (Rang 2\/3) Stockma\u00df:&nbsp;148 cm Tr\u00e4ger des Creme-Faktors: ja R\u00f6hrbein: 20 cm Tr\u00e4ger des Fuchsgens: unbekannt Ausgeschieden: 2023 <a class=\"more-link\" href=\"https:\/\/www.cpv-ev.com\/?page_id=27114\"><span class=\"screen-reader-text\">  Kingstown Archies Boy<\/span> weiterlesen<span class=\"meta-nav\">&rarr;<\/span><\/a><\/p>\n","protected":false},"author":2,"featured_media":0,"parent":11815,"menu_order":0,"comment_status":"closed","ping_status":"closed","template":"","meta":{"ngg_post_thumbnail":0,"footnotes":""},"class_list":["post-27114","page","type-page","status-publish","hentry"],"_links":{"self":[{"href":"https:\/\/www.cpv-ev.com\/index.php?rest_route=\/wp\/v2\/pages\/27114","targetHints":{"allow":["GET"]}}],"collection":[{"href":"https:\/\/www.cpv-ev.com\/index.php?rest_route=\/wp\/v2\/pages"}],"about":[{"href":"https:\/\/www.cpv-ev.com\/index.php?rest_route=\/wp\/v2\/types\/page"}],"author":[{"embeddable":true,"href":"https:\/\/www.cpv-ev.com\/index.php?rest_route=\/wp\/v2\/users\/2"}],"replies":[{"embeddable":true,"href":"https:\/\/www.cpv-ev.com\/index.php?rest_route=%2Fwp%2Fv2%2Fcomments&post=27114"}],"version-history":[{"count":3,"href":"https:\/\/www.cpv-ev.com\/index.php?rest_route=\/wp\/v2\/pages\/27114\/revisions"}],"predecessor-version":[{"id":30170,"href":"https:\/\/www.cpv-ev.com\/index.php?rest_route=\/wp\/v2\/pages\/27114\/revisions\/30170"}],"up":[{"embeddable":true,"href":"https:\/\/www.cpv-ev.com\/index.php?rest_route=\/wp\/v2\/pages\/11815"}],"wp:attachment":[{"href":"https:\/\/www.cpv-ev.com\/index.php?rest_route=%2Fwp%2Fv2%2Fmedia&parent=27114"}],"curies":[{"name":"wp","href":"https:\/\/api.w.org\/{rel}","templated":true}]}}