{"id":26299,"date":"2021-02-02T15:50:03","date_gmt":"2021-02-02T13:50:03","guid":{"rendered":"https:\/\/www.cpv-ev.com\/?page_id=26299"},"modified":"2026-04-23T14:55:05","modified_gmt":"2026-04-23T12:55:05","slug":"dunlewey-red-kite","status":"publish","type":"page","link":"https:\/\/www.cpv-ev.com\/?page_id=26299","title":{"rendered":"Dunlewey Red Kite"},"content":{"rendered":"<table border=\"1\" cellspacing=\"0\" cellpadding=\"0\">\n<tbody>\n<tr>\n<td valign=\"top\" width=\"359\"><strong>Farbe:<\/strong> Braunroan<\/td>\n<td valign=\"top\" width=\"359\"><strong>Hengstbuch:<\/strong> CPBS S2, BCPS S2-236, ZfdP HB I, Schleswig-Holstein HB I<br \/>\n<strong>K\u00f6rung:<\/strong> 02.04.2022 Luhm\u00fchlen<\/td>\n<\/tr>\n<tr>\n<td valign=\"top\" width=\"359\"><strong>Geboren:<\/strong> 22.04.2008<\/td>\n<td valign=\"top\" width=\"359\"><strong>Leistungspr\u00fcfung: <\/strong>in England<em><br \/>\n<\/em><\/td>\n<\/tr>\n<tr>\n<td valign=\"top\" width=\"359\"><strong>Stockma\u00df: <\/strong>144 cm<strong><br \/>\n<\/strong><\/td>\n<td valign=\"top\" width=\"359\"><strong>Tr\u00e4ger des Creme-Faktors: <\/strong>unbekannt<\/td>\n<\/tr>\n<tr>\n<td valign=\"top\" width=\"359\"><strong>Ausgeschieden:&nbsp;<\/strong>2023 eingegangen in Finnland<\/td>\n<td valign=\"top\" width=\"359\">&nbsp;<\/td>\n<\/tr>\n<tr>\n<td valign=\"top\" width=\"359\">&nbsp;<\/td>\n<td valign=\"top\" width=\"359\">&nbsp;<\/td>\n<\/tr>\n<tr>\n<td valign=\"top\" width=\"359\"><strong style=\"line-height: 24px;\">HWSD-Status: <\/strong>N\/N mit Identit\u00e4tssicherung<strong style=\"line-height: 24px;\"><br \/>\n<\/strong><\/td>\n<td valign=\"top\" width=\"359\"><strong>&nbsp;<\/strong><\/td>\n<\/tr>\n<tr>\n<td valign=\"top\" width=\"359\"><img loading=\"lazy\" decoding=\"async\" class=\"alignnone size-full wp-image-232\" src=\"https:\/\/www.cpv-ev.com\/wp-content\/uploads\/2012\/07\/trans240x10.gif\" alt=\"trans240x10\" width=\"240\" height=\"10\" srcset=\"https:\/\/www.cpv-ev.com\/wp-content\/uploads\/2012\/07\/trans240x10.gif 240w, https:\/\/www.cpv-ev.com\/wp-content\/uploads\/2012\/07\/trans240x10-225x10.gif 225w\" sizes=\"auto, (max-width: 240px) 100vw, 240px\" \/><\/td>\n<td valign=\"top\" width=\"359\">&nbsp;<\/td>\n<\/tr>\n<tr>\n<td valign=\"top\" width=\"359\"><strong>Gek\u00f6rte S\u00f6hne: &#8211;<\/strong><\/td>\n<td valign=\"top\" width=\"359\"><strong>Eingetragene Stuten: <\/strong>&#8211;<strong><br \/>\n<\/strong><\/td>\n<\/tr>\n<tr>\n<td valign=\"top\" width=\"359\">&nbsp;<\/td>\n<td valign=\"top\" width=\"359\"><strong>davon StPrSt: <\/strong>&#8211;<strong><br \/>\n<\/strong><\/td>\n<\/tr>\n<tr>\n<td valign=\"top\" width=\"359\"><img loading=\"lazy\" decoding=\"async\" src=\"https:\/\/www.cpv-ev.com\/wp-content\/uploads\/2012\/07\/trans240x10.gif\" alt=\"trans240x10\" width=\"240\" height=\"10\"><\/td>\n<td valign=\"top\" width=\"359\">&nbsp;<\/td>\n<\/tr>\n<tr>\n<td valign=\"top\" width=\"359\"><strong>Lebensgewinnsumme:<\/strong> &#8211;<img loading=\"lazy\" decoding=\"async\" class=\"alignnone size-full wp-image-232\" title=\"trans240x10\" src=\"https:\/\/www.cpv-ev.com\/wp-content\/uploads\/2012\/07\/trans240x10.gif\" alt=\"\" width=\"100\" height=\"20\"><\/td>\n<td valign=\"top\" width=\"359\"><strong>Nachkommen-LGS: <\/strong>&#8211;<strong><br \/>\n<\/strong><\/td>\n<\/tr>\n<tr>\n<td colspan=\"2\" valign=\"top\" width=\"717\"><img loading=\"lazy\" decoding=\"async\" src=\"https:\/\/www.cpv-ev.com\/wp-content\/uploads\/2012\/07\/trans240x10.gif\" alt=\"trans240x10\" width=\"240\" height=\"10\"><\/td>\n<\/tr>\n<tr>\n<td colspan=\"2\" valign=\"top\" width=\"717\"><strong>Z\u00fcchter: <\/strong>K.C. &amp; F. Guinness, Irland<br \/>\n<strong><strong>Besitzer<\/strong>:&nbsp;<\/strong>Anja Bornh\u00f6ft-Lejon, Am Gutshof 1, 24251 Borghorst<\/td>\n<\/tr>\n<tr>\n<td valign=\"top\" width=\"359\">&nbsp;<\/td>\n<td valign=\"top\" width=\"359\">&nbsp;<\/td>\n<\/tr>\n<tr>\n<td valign=\"top\" width=\"307\">&nbsp;<\/td>\n<td valign=\"top\" width=\"307\">&nbsp;<\/td>\n<\/tr>\n<\/tbody>\n<\/table>\n<h5>Pedigree<\/h5>\n<p><a href=\"https:\/\/www.cpv-ev.com\/wp-content\/uploads\/2021\/02\/Dunlewey-Red-Kite-Ped.jpg\"><img loading=\"lazy\" decoding=\"async\" class=\"alignnone size-full wp-image-26507\" src=\"https:\/\/www.cpv-ev.com\/wp-content\/uploads\/2021\/02\/Dunlewey-Red-Kite-Ped.jpg\" alt=\"\" width=\"680\" height=\"314\" srcset=\"https:\/\/www.cpv-ev.com\/wp-content\/uploads\/2021\/02\/Dunlewey-Red-Kite-Ped.jpg 680w, https:\/\/www.cpv-ev.com\/wp-content\/uploads\/2021\/02\/Dunlewey-Red-Kite-Ped-300x139.jpg 300w, https:\/\/www.cpv-ev.com\/wp-content\/uploads\/2021\/02\/Dunlewey-Red-Kite-Ped-500x231.jpg 500w, https:\/\/www.cpv-ev.com\/wp-content\/uploads\/2021\/02\/Dunlewey-Red-Kite-Ped-238x110.jpg 238w\" sizes=\"auto, (max-width: 680px) 100vw, 680px\" \/><\/a><\/p>\n<h5>Galerie<\/h5>\n<p><a href=\"https:\/\/www.cpv-ev.com\/wp-content\/uploads\/2021\/02\/Dunlewey-Red-Kite.jpg\"><img loading=\"lazy\" decoding=\"async\" class=\"alignnone size-thumbnail wp-image-26303\" src=\"https:\/\/www.cpv-ev.com\/wp-content\/uploads\/2021\/02\/Dunlewey-Red-Kite-147x110.jpg\" alt=\"\" width=\"147\" height=\"110\" srcset=\"https:\/\/www.cpv-ev.com\/wp-content\/uploads\/2021\/02\/Dunlewey-Red-Kite-147x110.jpg 147w, https:\/\/www.cpv-ev.com\/wp-content\/uploads\/2021\/02\/Dunlewey-Red-Kite-300x225.jpg 300w, https:\/\/www.cpv-ev.com\/wp-content\/uploads\/2021\/02\/Dunlewey-Red-Kite-500x375.jpg 500w, https:\/\/www.cpv-ev.com\/wp-content\/uploads\/2021\/02\/Dunlewey-Red-Kite-146x110.jpg 146w, https:\/\/www.cpv-ev.com\/wp-content\/uploads\/2021\/02\/Dunlewey-Red-Kite.jpg 750w\" sizes=\"auto, (max-width: 147px) 100vw, 147px\" \/><\/a> <a href=\"https:\/\/www.cpv-ev.com\/wp-content\/uploads\/2021\/02\/Dunlewey-Red-Kite-Kopf.jpg\"><img loading=\"lazy\" decoding=\"async\" class=\"alignnone size-thumbnail wp-image-26302\" src=\"https:\/\/www.cpv-ev.com\/wp-content\/uploads\/2021\/02\/Dunlewey-Red-Kite-Kopf-83x110.jpg\" alt=\"\" width=\"83\" height=\"110\" srcset=\"https:\/\/www.cpv-ev.com\/wp-content\/uploads\/2021\/02\/Dunlewey-Red-Kite-Kopf-83x110.jpg 83w, https:\/\/www.cpv-ev.com\/wp-content\/uploads\/2021\/02\/Dunlewey-Red-Kite-Kopf-300x400.jpg 300w, https:\/\/www.cpv-ev.com\/wp-content\/uploads\/2021\/02\/Dunlewey-Red-Kite-Kopf-375x500.jpg 375w, https:\/\/www.cpv-ev.com\/wp-content\/uploads\/2021\/02\/Dunlewey-Red-Kite-Kopf-110x146.jpg 110w, https:\/\/www.cpv-ev.com\/wp-content\/uploads\/2021\/02\/Dunlewey-Red-Kite-Kopf-225x300.jpg 225w, https:\/\/www.cpv-ev.com\/wp-content\/uploads\/2021\/02\/Dunlewey-Red-Kite-Kopf.jpg 563w\" sizes=\"auto, (max-width: 83px) 100vw, 83px\" \/><\/a> <a href=\"https:\/\/www.cpv-ev.com\/wp-content\/uploads\/2021\/02\/Dunlewey-Red-Kite-Front.jpg\"><img loading=\"lazy\" decoding=\"async\" class=\"alignnone size-thumbnail wp-image-26300\" src=\"https:\/\/www.cpv-ev.com\/wp-content\/uploads\/2021\/02\/Dunlewey-Red-Kite-Front-83x110.jpg\" alt=\"\" width=\"83\" height=\"110\" srcset=\"https:\/\/www.cpv-ev.com\/wp-content\/uploads\/2021\/02\/Dunlewey-Red-Kite-Front-83x110.jpg 83w, https:\/\/www.cpv-ev.com\/wp-content\/uploads\/2021\/02\/Dunlewey-Red-Kite-Front-300x400.jpg 300w, https:\/\/www.cpv-ev.com\/wp-content\/uploads\/2021\/02\/Dunlewey-Red-Kite-Front-375x500.jpg 375w, https:\/\/www.cpv-ev.com\/wp-content\/uploads\/2021\/02\/Dunlewey-Red-Kite-Front-110x146.jpg 110w, https:\/\/www.cpv-ev.com\/wp-content\/uploads\/2021\/02\/Dunlewey-Red-Kite-Front-225x300.jpg 225w, https:\/\/www.cpv-ev.com\/wp-content\/uploads\/2021\/02\/Dunlewey-Red-Kite-Front.jpg 563w\" sizes=\"auto, (max-width: 83px) 100vw, 83px\" \/> <\/a><a href=\"https:\/\/www.cpv-ev.com\/wp-content\/uploads\/2023\/11\/IMG_1852-e1699997250955.jpg\"><img loading=\"lazy\" decoding=\"async\" class=\"alignnone size-thumbnail wp-image-28090\" src=\"https:\/\/www.cpv-ev.com\/wp-content\/uploads\/2023\/11\/IMG_1852-146x110.jpg\" alt=\"\" width=\"146\" height=\"110\"> <\/a><a href=\"https:\/\/www.cpv-ev.com\/wp-content\/uploads\/2023\/11\/IMG_1853.jpg\"><img loading=\"lazy\" decoding=\"async\" class=\"alignnone size-thumbnail wp-image-28091\" src=\"https:\/\/www.cpv-ev.com\/wp-content\/uploads\/2023\/11\/IMG_1853-166x110.jpg\" alt=\"\" width=\"166\" height=\"110\" srcset=\"https:\/\/www.cpv-ev.com\/wp-content\/uploads\/2023\/11\/IMG_1853-166x110.jpg 166w, https:\/\/www.cpv-ev.com\/wp-content\/uploads\/2023\/11\/IMG_1853-300x199.jpg 300w, https:\/\/www.cpv-ev.com\/wp-content\/uploads\/2023\/11\/IMG_1853-500x332.jpg 500w, https:\/\/www.cpv-ev.com\/wp-content\/uploads\/2023\/11\/IMG_1853-768x510.jpg 768w, https:\/\/www.cpv-ev.com\/wp-content\/uploads\/2023\/11\/IMG_1853.jpg 960w\" sizes=\"auto, (max-width: 166px) 100vw, 166px\" \/><\/a><\/p>\n<h5>Nachkommen<\/h5>\n\n<table id=\"tablepress-18\" class=\"tablepress tablepress-id-18\">\n<thead>\n<tr class=\"row-1\">\n\t<th class=\"column-1\">FOTO<\/th><th class=\"column-2\">NAME<\/th><th class=\"column-3\">JAHR<\/th><th class=\"column-4\">VATER<\/th><th class=\"column-5\">MUTTER<\/th><th class=\"column-6\">Z\u00dcCHTER<\/th>\n<\/tr>\n<\/thead>\n<tbody class=\"row-striping row-hover\">\n<\/tbody>\n<\/table>\n<!-- #tablepress-18 from cache -->\n","protected":false},"excerpt":{"rendered":"<p>Farbe: Braunroan Hengstbuch: CPBS S2, BCPS S2-236, ZfdP HB I, Schleswig-Holstein HB I K\u00f6rung: 02.04.2022 Luhm\u00fchlen Geboren: 22.04.2008 Leistungspr\u00fcfung: in England Stockma\u00df: 144 cm Tr\u00e4ger des Creme-Faktors: unbekannt Ausgeschieden:&nbsp;2023 eingegangen in Finnland &nbsp; &nbsp; &nbsp; HWSD-Status: N\/N mit Identit\u00e4tssicherung &nbsp; <a class=\"more-link\" href=\"https:\/\/www.cpv-ev.com\/?page_id=26299\"><span class=\"screen-reader-text\">  Dunlewey Red Kite<\/span> weiterlesen<span class=\"meta-nav\">&rarr;<\/span><\/a><\/p>\n","protected":false},"author":2,"featured_media":0,"parent":11804,"menu_order":0,"comment_status":"closed","ping_status":"closed","template":"","meta":{"ngg_post_thumbnail":0,"footnotes":""},"class_list":["post-26299","page","type-page","status-publish","hentry"],"_links":{"self":[{"href":"https:\/\/www.cpv-ev.com\/index.php?rest_route=\/wp\/v2\/pages\/26299","targetHints":{"allow":["GET"]}}],"collection":[{"href":"https:\/\/www.cpv-ev.com\/index.php?rest_route=\/wp\/v2\/pages"}],"about":[{"href":"https:\/\/www.cpv-ev.com\/index.php?rest_route=\/wp\/v2\/types\/page"}],"author":[{"embeddable":true,"href":"https:\/\/www.cpv-ev.com\/index.php?rest_route=\/wp\/v2\/users\/2"}],"replies":[{"embeddable":true,"href":"https:\/\/www.cpv-ev.com\/index.php?rest_route=%2Fwp%2Fv2%2Fcomments&post=26299"}],"version-history":[{"count":1,"href":"https:\/\/www.cpv-ev.com\/index.php?rest_route=\/wp\/v2\/pages\/26299\/revisions"}],"predecessor-version":[{"id":29993,"href":"https:\/\/www.cpv-ev.com\/index.php?rest_route=\/wp\/v2\/pages\/26299\/revisions\/29993"}],"up":[{"embeddable":true,"href":"https:\/\/www.cpv-ev.com\/index.php?rest_route=\/wp\/v2\/pages\/11804"}],"wp:attachment":[{"href":"https:\/\/www.cpv-ev.com\/index.php?rest_route=%2Fwp%2Fv2%2Fmedia&parent=26299"}],"curies":[{"name":"wp","href":"https:\/\/api.w.org\/{rel}","templated":true}]}}