{"id":24680,"date":"2020-08-12T15:07:25","date_gmt":"2020-08-12T13:07:25","guid":{"rendered":"https:\/\/www.cpv-ev.com\/?page_id=24680"},"modified":"2026-04-23T15:12:03","modified_gmt":"2026-04-23T13:12:03","slug":"kulinshof-blue-henry","status":"publish","type":"page","link":"https:\/\/www.cpv-ev.com\/?page_id=24680","title":{"rendered":"Kulinshof Blue Henry"},"content":{"rendered":"<table border=\"1\" cellspacing=\"0\" cellpadding=\"0\">\n<tbody>\n<tr>\n<td colspan=\"2\" valign=\"top\" width=\"717\"><img loading=\"lazy\" decoding=\"async\" src=\"https:\/\/www.cpv-ev.com\/wp-content\/uploads\/2012\/07\/trans240x10.gif\" alt=\"trans240x10\" width=\"240\" height=\"10\"><\/td>\n<\/tr>\n<tr>\n<td valign=\"top\" width=\"359\"><strong>Farbe:<\/strong> Blue Eyed Cream<\/td>\n<td valign=\"top\" width=\"359\"><strong>Hengstbuch:<\/strong> ZfdP HB II<br \/>\n<strong>K\u00f6rung:<\/strong> 2020 ZfdP<\/td>\n<\/tr>\n<tr>\n<td valign=\"top\" width=\"359\"><strong>Geboren:<\/strong> 29.04.2016<\/td>\n<td valign=\"top\" width=\"359\"><strong>Leistungspr\u00fcfung: <\/strong>noch keine<strong><br \/>\n<\/strong><\/td>\n<\/tr>\n<tr>\n<td valign=\"top\" width=\"359\"><strong>Stockma\u00df: <\/strong>145 cm<\/td>\n<td valign=\"top\" width=\"359\"><strong>Tr\u00e4ger des Creme-Faktors:<\/strong> ja<\/td>\n<\/tr>\n<tr>\n<td valign=\"top\" width=\"359\"><strong>R\u00f6hrbein: <\/strong><strong><br \/>\n<\/strong><\/td>\n<td valign=\"top\" width=\"359\"><strong>Tr\u00e4ger des Fuchsgens:<\/strong> unbekannt<\/td>\n<\/tr>\n<tr>\n<td valign=\"top\" width=\"359\"><strong style=\"line-height: 24px;\">Ausgeschieden: <\/strong>2023 kastriert<\/td>\n<td valign=\"top\" width=\"359\">&nbsp;<\/td>\n<\/tr>\n<tr>\n<td colspan=\"2\" valign=\"top\" width=\"717\"><img loading=\"lazy\" decoding=\"async\" src=\"https:\/\/www.cpv-ev.com\/wp-content\/uploads\/2012\/07\/trans240x10.gif\" alt=\"trans240x10\" width=\"240\" height=\"10\"><\/td>\n<\/tr>\n<tr>\n<td valign=\"top\" width=\"359\"><strong style=\"line-height: 24px;\">HWSD-Status: <\/strong>N\/N mit Abstammungs\u00fcberpr\u00fcfung<strong style=\"line-height: 24px;\"><br \/>\n<\/strong><\/td>\n<td valign=\"top\" width=\"359\"><strong style=\"line-height: 24px;\">&nbsp;<\/strong><\/td>\n<\/tr>\n<tr>\n<td valign=\"top\" width=\"359\"><img loading=\"lazy\" decoding=\"async\" class=\"alignnone size-full wp-image-232\" src=\"https:\/\/www.cpv-ev.com\/wp-content\/uploads\/2012\/07\/trans240x10.gif\" alt=\"trans240x10\" width=\"240\" height=\"10\" srcset=\"https:\/\/www.cpv-ev.com\/wp-content\/uploads\/2012\/07\/trans240x10.gif 240w, https:\/\/www.cpv-ev.com\/wp-content\/uploads\/2012\/07\/trans240x10-225x10.gif 225w\" sizes=\"auto, (max-width: 240px) 100vw, 240px\" \/><\/td>\n<td valign=\"top\" width=\"359\">&nbsp;<\/td>\n<\/tr>\n<tr>\n<td valign=\"top\" width=\"359\"><strong>Gek\u00f6rte S\u00f6hne: <\/strong>&#8211;<strong><br \/>\n<\/strong><\/td>\n<td valign=\"top\" width=\"359\"><strong>Eingetragene Stuten: <\/strong>&#8211;<br \/>\n<strong>davon StPrSt: <\/strong>&#8211;<\/td>\n<\/tr>\n<tr>\n<td valign=\"top\" width=\"359\"><img loading=\"lazy\" decoding=\"async\" src=\"https:\/\/www.cpv-ev.com\/wp-content\/uploads\/2012\/07\/trans240x10.gif\" alt=\"trans240x10\" width=\"240\" height=\"10\"><\/td>\n<td valign=\"top\" width=\"359\">&nbsp;<\/td>\n<\/tr>\n<tr>\n<td valign=\"top\" width=\"359\"><strong>Lebensgewinnsumme:<\/strong> &#8211;<img loading=\"lazy\" decoding=\"async\" class=\"alignnone size-full wp-image-232\" title=\"trans240x10\" src=\"https:\/\/www.cpv-ev.com\/wp-content\/uploads\/2012\/07\/trans240x10.gif\" alt=\"\" width=\"100\" height=\"20\"><\/td>\n<td valign=\"top\" width=\"359\"><strong>Nachkommen-LGS: <\/strong>&#8211;<\/td>\n<\/tr>\n<tr>\n<td colspan=\"2\" valign=\"top\" width=\"717\"><img loading=\"lazy\" decoding=\"async\" src=\"https:\/\/www.cpv-ev.com\/wp-content\/uploads\/2012\/07\/trans240x10.gif\" alt=\"trans240x10\" width=\"240\" height=\"10\"><\/td>\n<\/tr>\n<tr>\n<td colspan=\"2\" valign=\"top\" width=\"717\"><strong><strong>Z\u00fcchter<\/strong><\/strong><strong>:<\/strong> Connemaragest\u00fct Kulinshof, Ulla &amp; Kevin Connolly, 27249 Mellinghausen<br \/>\n<strong>Besitzer:<\/strong> Nikola Degener, Hackfeld 7, 27243 Winkelsett<\/td>\n<\/tr>\n<tr>\n<td valign=\"top\" width=\"359\">&nbsp;<\/td>\n<td valign=\"top\" width=\"359\">&nbsp;<\/td>\n<\/tr>\n<tr>\n<td valign=\"top\" width=\"307\">&nbsp;<\/td>\n<td valign=\"top\" width=\"359\">&nbsp;<\/td>\n<\/tr>\n<\/tbody>\n<\/table>\n<h5>Pedigree<\/h5>\n<p><a href=\"https:\/\/www.cpv-ev.com\/wp-content\/uploads\/2020\/08\/Kulinshof-Blue-Henry-Pedn.jpg\"><img loading=\"lazy\" decoding=\"async\" class=\"alignnone size-full wp-image-24669\" src=\"https:\/\/www.cpv-ev.com\/wp-content\/uploads\/2020\/08\/Kulinshof-Blue-Henry-Pedn.jpg\" alt=\"\" width=\"680\" height=\"310\" srcset=\"https:\/\/www.cpv-ev.com\/wp-content\/uploads\/2020\/08\/Kulinshof-Blue-Henry-Pedn.jpg 680w, https:\/\/www.cpv-ev.com\/wp-content\/uploads\/2020\/08\/Kulinshof-Blue-Henry-Pedn-300x137.jpg 300w, https:\/\/www.cpv-ev.com\/wp-content\/uploads\/2020\/08\/Kulinshof-Blue-Henry-Pedn-500x228.jpg 500w, https:\/\/www.cpv-ev.com\/wp-content\/uploads\/2020\/08\/Kulinshof-Blue-Henry-Pedn-241x110.jpg 241w\" sizes=\"auto, (max-width: 680px) 100vw, 680px\" \/><\/a><\/p>\n<p><img loading=\"lazy\" decoding=\"async\" src=\"https:\/\/www.cpv-ev.com\/wp-content\/uploads\/2012\/07\/trans240x10.gif\" alt=\"trans240x10\" width=\"240\" height=\"10\"><\/p>\n<h5>Galerie<\/h5>\n<p><a href=\"https:\/\/www.cpv-ev.com\/wp-content\/uploads\/2020\/08\/Kulinshof-Blue-Henry-T.jpg\"><img loading=\"lazy\" decoding=\"async\" class=\"alignnone size-thumbnail wp-image-24684\" src=\"https:\/\/www.cpv-ev.com\/wp-content\/uploads\/2020\/08\/Kulinshof-Blue-Henry-T-147x110.jpg\" alt=\"\" width=\"147\" height=\"110\" srcset=\"https:\/\/www.cpv-ev.com\/wp-content\/uploads\/2020\/08\/Kulinshof-Blue-Henry-T-147x110.jpg 147w, https:\/\/www.cpv-ev.com\/wp-content\/uploads\/2020\/08\/Kulinshof-Blue-Henry-T-300x225.jpg 300w, https:\/\/www.cpv-ev.com\/wp-content\/uploads\/2020\/08\/Kulinshof-Blue-Henry-T-146x110.jpg 146w, https:\/\/www.cpv-ev.com\/wp-content\/uploads\/2020\/08\/Kulinshof-Blue-Henry-T.jpg 468w\" sizes=\"auto, (max-width: 147px) 100vw, 147px\" \/>&nbsp; <\/a><a href=\"https:\/\/www.cpv-ev.com\/wp-content\/uploads\/2021\/01\/Kulinshof-Blue-Henry-Kopf.jpg\"><img loading=\"lazy\" decoding=\"async\" class=\"alignnone size-thumbnail wp-image-25569\" src=\"https:\/\/www.cpv-ev.com\/wp-content\/uploads\/2021\/01\/Kulinshof-Blue-Henry-Kopf-83x110.jpg\" alt=\"\" width=\"83\" height=\"110\" srcset=\"https:\/\/www.cpv-ev.com\/wp-content\/uploads\/2021\/01\/Kulinshof-Blue-Henry-Kopf-83x110.jpg 83w, https:\/\/www.cpv-ev.com\/wp-content\/uploads\/2021\/01\/Kulinshof-Blue-Henry-Kopf-300x400.jpg 300w, https:\/\/www.cpv-ev.com\/wp-content\/uploads\/2021\/01\/Kulinshof-Blue-Henry-Kopf-375x500.jpg 375w, https:\/\/www.cpv-ev.com\/wp-content\/uploads\/2021\/01\/Kulinshof-Blue-Henry-Kopf-110x146.jpg 110w, https:\/\/www.cpv-ev.com\/wp-content\/uploads\/2021\/01\/Kulinshof-Blue-Henry-Kopf-225x300.jpg 225w, https:\/\/www.cpv-ev.com\/wp-content\/uploads\/2021\/01\/Kulinshof-Blue-Henry-Kopf.jpg 563w\" sizes=\"auto, (max-width: 83px) 100vw, 83px\" \/><\/a>&nbsp; <a href=\"https:\/\/www.cpv-ev.com\/wp-content\/uploads\/2021\/01\/Kulinshof-Blue-Henry.jpg\"><img loading=\"lazy\" decoding=\"async\" class=\"alignnone size-thumbnail wp-image-25570\" src=\"https:\/\/www.cpv-ev.com\/wp-content\/uploads\/2021\/01\/Kulinshof-Blue-Henry-147x110.jpg\" alt=\"\" width=\"147\" height=\"110\" srcset=\"https:\/\/www.cpv-ev.com\/wp-content\/uploads\/2021\/01\/Kulinshof-Blue-Henry-147x110.jpg 147w, https:\/\/www.cpv-ev.com\/wp-content\/uploads\/2021\/01\/Kulinshof-Blue-Henry-300x225.jpg 300w, https:\/\/www.cpv-ev.com\/wp-content\/uploads\/2021\/01\/Kulinshof-Blue-Henry-500x375.jpg 500w, https:\/\/www.cpv-ev.com\/wp-content\/uploads\/2021\/01\/Kulinshof-Blue-Henry-146x110.jpg 146w, https:\/\/www.cpv-ev.com\/wp-content\/uploads\/2021\/01\/Kulinshof-Blue-Henry.jpg 750w\" sizes=\"auto, (max-width: 147px) 100vw, 147px\" \/><\/a><\/p>\n<h5>Nachkommen<\/h5>\n\n<table id=\"tablepress-18\" class=\"tablepress tablepress-id-18\">\n<thead>\n<tr class=\"row-1\">\n\t<th class=\"column-1\">FOTO<\/th><th class=\"column-2\">NAME<\/th><th class=\"column-3\">JAHR<\/th><th class=\"column-4\">VATER<\/th><th class=\"column-5\">MUTTER<\/th><th class=\"column-6\">Z\u00dcCHTER<\/th>\n<\/tr>\n<\/thead>\n<tbody class=\"row-striping row-hover\">\n<\/tbody>\n<\/table>\n<!-- #tablepress-18 from cache -->\n","protected":false},"excerpt":{"rendered":"<p>Farbe: Blue Eyed Cream Hengstbuch: ZfdP HB II K\u00f6rung: 2020 ZfdP Geboren: 29.04.2016 Leistungspr\u00fcfung: noch keine Stockma\u00df: 145 cm Tr\u00e4ger des Creme-Faktors: ja R\u00f6hrbein: Tr\u00e4ger des Fuchsgens: unbekannt Ausgeschieden: 2023 kastriert &nbsp; HWSD-Status: N\/N mit Abstammungs\u00fcberpr\u00fcfung &nbsp; &nbsp; Gek\u00f6rte S\u00f6hne: <a class=\"more-link\" href=\"https:\/\/www.cpv-ev.com\/?page_id=24680\"><span class=\"screen-reader-text\">  Kulinshof Blue Henry<\/span> weiterlesen<span class=\"meta-nav\">&rarr;<\/span><\/a><\/p>\n","protected":false},"author":2,"featured_media":0,"parent":11815,"menu_order":0,"comment_status":"closed","ping_status":"closed","template":"","meta":{"ngg_post_thumbnail":0,"footnotes":""},"class_list":["post-24680","page","type-page","status-publish","hentry"],"_links":{"self":[{"href":"https:\/\/www.cpv-ev.com\/index.php?rest_route=\/wp\/v2\/pages\/24680","targetHints":{"allow":["GET"]}}],"collection":[{"href":"https:\/\/www.cpv-ev.com\/index.php?rest_route=\/wp\/v2\/pages"}],"about":[{"href":"https:\/\/www.cpv-ev.com\/index.php?rest_route=\/wp\/v2\/types\/page"}],"author":[{"embeddable":true,"href":"https:\/\/www.cpv-ev.com\/index.php?rest_route=\/wp\/v2\/users\/2"}],"replies":[{"embeddable":true,"href":"https:\/\/www.cpv-ev.com\/index.php?rest_route=%2Fwp%2Fv2%2Fcomments&post=24680"}],"version-history":[{"count":3,"href":"https:\/\/www.cpv-ev.com\/index.php?rest_route=\/wp\/v2\/pages\/24680\/revisions"}],"predecessor-version":[{"id":30164,"href":"https:\/\/www.cpv-ev.com\/index.php?rest_route=\/wp\/v2\/pages\/24680\/revisions\/30164"}],"up":[{"embeddable":true,"href":"https:\/\/www.cpv-ev.com\/index.php?rest_route=\/wp\/v2\/pages\/11815"}],"wp:attachment":[{"href":"https:\/\/www.cpv-ev.com\/index.php?rest_route=%2Fwp%2Fv2%2Fmedia&parent=24680"}],"curies":[{"name":"wp","href":"https:\/\/api.w.org\/{rel}","templated":true}]}}