{"id":238,"date":"2012-07-11T11:58:48","date_gmt":"2012-07-11T09:58:48","guid":{"rendered":"https:\/\/www.cpv-ev.com\/?page_id=238"},"modified":"2024-04-04T15:02:37","modified_gmt":"2024-04-04T13:02:37","slug":"mitgliedschaft","status":"publish","type":"page","link":"https:\/\/www.cpv-ev.com\/?page_id=238","title":{"rendered":"Mitgliedschaft"},"content":{"rendered":"<p>Um Mitglied zu werden, f\u00fcllen Sie einfach untenstehende Beitrittserkl\u00e4rung aus und senden diese per Post oder E-Mail an uns. F\u00fcr Fragen stehen wir Ihnen jederzeit zur Verf\u00fcgung, Telefon 06083\/3290154, E-Mail: <a href=\"mailto:timmy-kreuzer@web.de\">timmy-kreuzer@web.de<\/a><\/p>\n<p>&nbsp;<\/p>\n<p><img loading=\"lazy\" decoding=\"async\" class=\"size-full wp-image-155 alignleft\" style=\"line-height: 24px; text-align: left;\" title=\"Adobe Reader\" src=\"https:\/\/www.cpv-ev.com\/wp-content\/uploads\/2012\/06\/button_adobe.gif\" alt=\"\" width=\"48\" height=\"48\"><\/p>\n<p><strong><a href=\"https:\/\/www.cpv-ev.com\/wp-content\/uploads\/2024\/04\/Beitrittserklaerung-Verein-und-SEPA-Lastschriftmandat.pdf\">Beitrittserkl\u00e4rung<\/a><br \/>\n<\/strong><span style=\"font-size: 8pt;\">F\u00fcr die Detailansicht&nbsp;ben\u00f6tigen Sie den Adobe Acrobat Reader.<\/span><a style=\"text-align: left;\" href=\"https:\/\/get.adobe.com\/de\/reader\/\" target=\"_blank\" rel=\"noopener noreferrer\"><br \/>\n<span style=\"font-size: 8pt;\"><strong>\u00bb Adobe Acrobat Reader downloaden<\/strong><\/span><\/a><br \/>\n&nbsp;<br \/>\n<strong>Mitglied werden<\/strong><\/p>\n<p>Ordentliches Mitglied kann jede nat\u00fcrliche oder juristische Person werden, die die Satzung des Vereins in ihrer jeweils g\u00fcltigen Fassung anerkennt.<\/p>\n<p>F\u00f6rdernde Mitglieder k\u00f6nnen nat\u00fcrliche oder juristische Personen werden, die als Freunde und F\u00f6rderer die Connemara Pony Vereinigung e.V.&nbsp;ideell und\/ oder finanziell unterst\u00fctzen.<\/p>\n","protected":false},"excerpt":{"rendered":"<p>Um Mitglied zu werden, f\u00fcllen Sie einfach untenstehende Beitrittserkl\u00e4rung aus und senden diese per Post oder E-Mail an uns. F\u00fcr Fragen stehen wir Ihnen jederzeit zur Verf\u00fcgung, Telefon 06083\/3290154, E-Mail: timmy-kreuzer@web.de &nbsp; Beitrittserkl\u00e4rung F\u00fcr die Detailansicht&nbsp;ben\u00f6tigen Sie den Adobe Acrobat <a class=\"more-link\" href=\"https:\/\/www.cpv-ev.com\/?page_id=238\"><span class=\"screen-reader-text\">  Mitgliedschaft<\/span> weiterlesen<span class=\"meta-nav\">&rarr;<\/span><\/a><\/p>\n","protected":false},"author":1,"featured_media":0,"parent":0,"menu_order":0,"comment_status":"closed","ping_status":"open","template":"","meta":{"ngg_post_thumbnail":0,"footnotes":""},"class_list":["post-238","page","type-page","status-publish","hentry"],"_links":{"self":[{"href":"https:\/\/www.cpv-ev.com\/index.php?rest_route=\/wp\/v2\/pages\/238","targetHints":{"allow":["GET"]}}],"collection":[{"href":"https:\/\/www.cpv-ev.com\/index.php?rest_route=\/wp\/v2\/pages"}],"about":[{"href":"https:\/\/www.cpv-ev.com\/index.php?rest_route=\/wp\/v2\/types\/page"}],"author":[{"embeddable":true,"href":"https:\/\/www.cpv-ev.com\/index.php?rest_route=\/wp\/v2\/users\/1"}],"replies":[{"embeddable":true,"href":"https:\/\/www.cpv-ev.com\/index.php?rest_route=%2Fwp%2Fv2%2Fcomments&post=238"}],"version-history":[{"count":5,"href":"https:\/\/www.cpv-ev.com\/index.php?rest_route=\/wp\/v2\/pages\/238\/revisions"}],"predecessor-version":[{"id":28644,"href":"https:\/\/www.cpv-ev.com\/index.php?rest_route=\/wp\/v2\/pages\/238\/revisions\/28644"}],"wp:attachment":[{"href":"https:\/\/www.cpv-ev.com\/index.php?rest_route=%2Fwp%2Fv2%2Fmedia&parent=238"}],"curies":[{"name":"wp","href":"https:\/\/api.w.org\/{rel}","templated":true}]}}