{"id":23260,"date":"2019-07-21T20:51:14","date_gmt":"2019-07-21T18:51:14","guid":{"rendered":"https:\/\/www.cpv-ev.com\/?page_id=23260"},"modified":"2019-08-03T10:12:54","modified_gmt":"2019-08-03T08:12:54","slug":"2018-magdeburg-2","status":"publish","type":"page","link":"https:\/\/www.cpv-ev.com\/?page_id=23260","title":{"rendered":"2018 Magdeburg"},"content":{"rendered":"<p>&nbsp;<\/p>\n<p style=\"text-align: justify;\">Die FN-Bundespr\u00e4mie wird an Stuten mit einer Wertnote &gt; 8,0 verliehen, die eine Leistungspr\u00fcfung abgelegt haben. 6-j\u00e4hrige und \u00e4ltere Stuten m\u00fcssen gedeckt sein bzw. ab 7 Jahren mindestens 1 Fohlen gebracht haben. Die Stuten werden f\u00fcr diese Veranstaltung von den Zuchtverb\u00e4nden nominiert.<\/p>\n<p>&nbsp;<\/p>\n<p style=\"text-align: justify;\">&nbsp;<\/p>\n<p style=\"text-align: justify;\"><strong>3- bis 6-j\u00e4hrige Stuten<\/strong><\/p>\n<p style=\"text-align: justify;\">&nbsp;<\/p>\n<p style=\"text-align: justify;\">1. Kinzighausen Hazy M\u00e9ar\u00f2c<\/p>\n<p style=\"text-align: justify;\">*2012, Falbschimmel<\/p>\n<p style=\"text-align: justify;\">v. Frederiksminde Hazy Marvel a.d. Kinzighausen Hazy Minou v. Frederiksminde Hazy Marvel<\/p>\n<p>Z\u00fc. &amp; Bes.: Gest\u00fct Kinzighausen, Michael Jaczak, W\u00e4chtersbach<\/p>\n<p>&nbsp;<\/p>\n<p style=\"text-align: justify;\">2. Sternbergs Fly to the Sky<\/p>\n<p style=\"text-align: justify;\">*2013, Falbe<\/p>\n<p style=\"text-align: justify;\">v. El Larry II a.d. Snowfly v. Skatholm Ladykiller<\/p>\n<p style=\"text-align: justify;\">Z\u00fc. &amp; Bes.: Alexandra und Peter Kr\u00e4mer, Sulzheim<\/p>\n<p style=\"text-align: justify;\">&nbsp;<\/p>\n<p style=\"text-align: justify;\">3. Patriks F\u00e9ileac\u00e1n<\/p>\n<p style=\"text-align: justify;\">*2015, Falbschimmel<\/p>\n<p style=\"text-align: justify;\">v. Patriks Meirliun a.d. Patriks Fainleog v. Lorenzo<\/p>\n<p style=\"text-align: justify;\">Z\u00fc. &amp; Bes.: Ulrike Kr\u00fcger, Weidenbach<\/p>\n<p style=\"text-align: justify;\">&nbsp;<\/p>\n<p style=\"text-align: justify;\">3. Kinzighausen Hazy Jayla<\/p>\n<p style=\"text-align: justify;\">*2014, Schimmel<\/p>\n<p style=\"text-align: justify;\">v. Frederiksminde Hazy Marvel a.d. Coolmore Joelyn v. Bruadar<\/p>\n<p style=\"text-align: justify;\">Z\u00fc. &amp; Bes.: Michael Jaczak, W\u00e4chtersbach<\/p>\n<p style=\"text-align: justify;\">&nbsp;<\/p>\n<p style=\"text-align: justify;\">5. Marvellous Milly<\/p>\n<p style=\"text-align: justify;\">*2015, Braunschimmel<\/p>\n<p style=\"text-align: justify;\">v. Groken Gun a.d. Milford Minx v. Ashfield Hunter&#8217;s Jewel<\/p>\n<p style=\"text-align: justify;\">Z\u00fc. &amp; Bes.: Inge u. Timmy Kreuzer, Weilrod<\/p>\n<p style=\"text-align: justify;\">&nbsp;<\/p>\n<p style=\"text-align: justify;\">6. Wirthsm\u00fchle Princess Merida<\/p>\n<p style=\"text-align: justify;\">*2014, Braunschimmel<\/p>\n<p style=\"text-align: justify;\">v. Diamond Shamrock a.d. Norlunds Primrose v. Laerkens Cascade Dawn<\/p>\n<p style=\"text-align: justify;\">Z\u00fc. &amp; Bes.: Angelika Wolf-Neuhaus, Greding<\/p>\n<p>&nbsp;<\/p>\n<p style=\"text-align: justify;\">&nbsp;<\/p>\n<p style=\"text-align: justify;\"><strong>7- bis 12-j\u00e4hrige Stuten<\/strong><\/p>\n<p style=\"text-align: justify;\">&nbsp;<\/p>\n<p style=\"text-align: justify;\">1. Ekely&#8217;s Niamh &#8211; <strong><em>bundespr\u00e4miert<\/em><\/strong><\/p>\n<figure id=\"attachment_23277\" aria-describedby=\"caption-attachment-23277\" style=\"width: 300px\" class=\"wp-caption alignright\"><a href=\"https:\/\/www.cpv-ev.com\/wp-content\/uploads\/2019\/07\/Ekelys-Niamh.jpg\"><img loading=\"lazy\" decoding=\"async\" class=\"size-medium wp-image-23277\" src=\"https:\/\/www.cpv-ev.com\/wp-content\/uploads\/2019\/07\/Ekelys-Niamh-300x225.jpg\" alt=\"\" width=\"300\" height=\"225\" srcset=\"https:\/\/www.cpv-ev.com\/wp-content\/uploads\/2019\/07\/Ekelys-Niamh-300x225.jpg 300w, https:\/\/www.cpv-ev.com\/wp-content\/uploads\/2019\/07\/Ekelys-Niamh-147x110.jpg 147w, https:\/\/www.cpv-ev.com\/wp-content\/uploads\/2019\/07\/Ekelys-Niamh-500x375.jpg 500w, https:\/\/www.cpv-ev.com\/wp-content\/uploads\/2019\/07\/Ekelys-Niamh-146x110.jpg 146w, https:\/\/www.cpv-ev.com\/wp-content\/uploads\/2019\/07\/Ekelys-Niamh.jpg 750w\" sizes=\"auto, (max-width: 300px) 100vw, 300px\" \/><\/a><figcaption id=\"caption-attachment-23277\" class=\"wp-caption-text\">FN-Bundessiegerstute Magdeburg 2018<\/figcaption><\/figure>\n<p style=\"text-align: justify;\">*2007, Schimmel<\/p>\n<p style=\"text-align: justify;\">v. Frederiksminde Hazy Match a.d. Nire Valley Heather v. Monaghanstown Fionn<\/p>\n<p style=\"text-align: justify;\">Z\u00fc. &amp; Bes.: Susanne Lehmann, Bockhorn<\/p>\n<p style=\"text-align: justify;\">&nbsp;<\/p>\n<p style=\"text-align: justify;\">2. Skatholm Jubilee<\/p>\n<p style=\"text-align: justify;\">*2009, Schimmel<\/p>\n<p style=\"text-align: justify;\">v. Pady Melody d&#8217;Auxence a.d. Skatholm White Queen v. Grange Surf Sparrow<\/p>\n<p style=\"text-align: justify;\">Z\u00fc.: Susanne u. Torben Gad Knak, Grindstedt, D\u00e4nemark<\/p>\n<p style=\"text-align: justify;\">Bes.: Dr. Sabine Bachmann, Glash\u00fctten<\/p>\n<p style=\"text-align: justify;\">&nbsp;<\/p>\n<p style=\"text-align: justify;\">3.&nbsp; Crystal Jolina<\/p>\n<p style=\"text-align: justify;\">*2012, Schimmel<\/p>\n<p style=\"text-align: justify;\">v. Marvellous Simon a.d. Crystal Jessie v. Bengt<\/p>\n<p style=\"text-align: justify;\">Z\u00fc. &amp; Bes.: Claudia u. Lutz Quasnitza, Gr\u00e4venwiesbach<\/p>\n<p style=\"text-align: justify;\">&nbsp;<\/p>\n<p style=\"text-align: justify;\">4. Sternbergs Lady Lee &#8211; <strong><em>bundespr\u00e4miert<\/em><\/strong><\/p>\n<p style=\"text-align: justify;\">*2006, Falbe<\/p>\n<p style=\"text-align: justify;\">v. El Larry II a.d. Lilian v. Lorenzo<\/p>\n<p style=\"text-align: justify;\">Z\u00fc. &amp; Bes.: Alexandra u. Peter Kr\u00e4mer, Sulzheim<\/p>\n<figure id=\"attachment_23278\" aria-describedby=\"caption-attachment-23278\" style=\"width: 300px\" class=\"wp-caption alignright\"><a href=\"https:\/\/www.cpv-ev.com\/wp-content\/uploads\/2019\/07\/Skatholm-Jubilee.jpg\"><img loading=\"lazy\" decoding=\"async\" class=\"size-medium wp-image-23278\" src=\"https:\/\/www.cpv-ev.com\/wp-content\/uploads\/2019\/07\/Skatholm-Jubilee-300x225.jpg\" alt=\"\" width=\"300\" height=\"225\" srcset=\"https:\/\/www.cpv-ev.com\/wp-content\/uploads\/2019\/07\/Skatholm-Jubilee-300x225.jpg 300w, https:\/\/www.cpv-ev.com\/wp-content\/uploads\/2019\/07\/Skatholm-Jubilee-147x110.jpg 147w, https:\/\/www.cpv-ev.com\/wp-content\/uploads\/2019\/07\/Skatholm-Jubilee-500x375.jpg 500w, https:\/\/www.cpv-ev.com\/wp-content\/uploads\/2019\/07\/Skatholm-Jubilee-146x110.jpg 146w, https:\/\/www.cpv-ev.com\/wp-content\/uploads\/2019\/07\/Skatholm-Jubilee.jpg 750w\" sizes=\"auto, (max-width: 300px) 100vw, 300px\" \/><\/a><figcaption id=\"caption-attachment-23278\" class=\"wp-caption-text\">FN-Reserve-Bundessiegerstute Magdeburg 2018<\/figcaption><\/figure>\n<p style=\"text-align: justify;\">&nbsp;<\/p>\n<p style=\"text-align: justify;\">5. Knockferry Snow Flake<\/p>\n<p style=\"text-align: justify;\">*2007, Schimmel<\/p>\n<p style=\"text-align: justify;\">v. Currachmore Cashel a.d. Morning Blossom v. Monaghanstown Fred<\/p>\n<p style=\"text-align: justify;\">Z\u00fc.: Vincent McDonagh, Rosscahill, Irland<\/p>\n<p style=\"text-align: justify;\">Bes.: Carina N\u00f6th, Kolitzheim<\/p>\n<p style=\"text-align: justify;\">&nbsp;<\/p>\n<p>&nbsp;<\/p>\n<p><strong>Siegerstute der Schau:<\/strong> Ekely&#8217;s Niamh (FN-Bundessiegerin)<\/p>\n<p><strong>Reserve:<\/strong> Skatholm Jubilee (FN-Reserve-Bundessiegerin)<\/p>\n<p>&nbsp;<\/p>\n<p>&nbsp;<\/p>\n<p style=\"text-align: justify;\">&nbsp;<\/p>\n<p>Alle Fotos: Foto-Job.com<\/p>\n<p>&nbsp;<\/p>\n<p><strong><a href=\"https:\/\/www.cpv-ev.com\/?p=23394#more-23394\" target=\"_blank\" rel=\"noopener noreferrer\">Zur Berichterstattung<\/a><\/strong><\/p>\n<p>&nbsp;<\/p>\n<p><a href=\"https:\/\/www.cpv-ev.com\/wp-content\/uploads\/2019\/07\/2018-Magdeburg.pdf\" target=\"_blank\" rel=\"noopener noreferrer\"><strong>Ergebnisliste<\/strong><\/a><\/p>\n<p>&nbsp;<\/p>\n<p><a href=\"https:\/\/www.cpv-ev.com\/wp-content\/uploads\/2019\/07\/2018-FN-Bundespraemien.pdf\" target=\"_blank\" rel=\"noopener noreferrer\"><strong>Bundespr\u00e4mienstuten<\/strong><\/a><\/p>\n","protected":false},"excerpt":{"rendered":"<p>&nbsp; Die FN-Bundespr\u00e4mie wird an Stuten mit einer Wertnote &gt; 8,0 verliehen, die eine Leistungspr\u00fcfung abgelegt haben. 6-j\u00e4hrige und \u00e4ltere Stuten m\u00fcssen gedeckt sein bzw. ab 7 Jahren mindestens 1 Fohlen gebracht haben. Die Stuten werden f\u00fcr diese Veranstaltung von <a class=\"more-link\" href=\"https:\/\/www.cpv-ev.com\/?page_id=23260\"><span class=\"screen-reader-text\">  2018 Magdeburg<\/span> weiterlesen<span class=\"meta-nav\">&rarr;<\/span><\/a><\/p>\n","protected":false},"author":2,"featured_media":0,"parent":0,"menu_order":0,"comment_status":"closed","ping_status":"closed","template":"onecolumn-page.php","meta":{"ngg_post_thumbnail":0,"footnotes":""},"class_list":["post-23260","page","type-page","status-publish","hentry"],"_links":{"self":[{"href":"https:\/\/www.cpv-ev.com\/index.php?rest_route=\/wp\/v2\/pages\/23260","targetHints":{"allow":["GET"]}}],"collection":[{"href":"https:\/\/www.cpv-ev.com\/index.php?rest_route=\/wp\/v2\/pages"}],"about":[{"href":"https:\/\/www.cpv-ev.com\/index.php?rest_route=\/wp\/v2\/types\/page"}],"author":[{"embeddable":true,"href":"https:\/\/www.cpv-ev.com\/index.php?rest_route=\/wp\/v2\/users\/2"}],"replies":[{"embeddable":true,"href":"https:\/\/www.cpv-ev.com\/index.php?rest_route=%2Fwp%2Fv2%2Fcomments&post=23260"}],"version-history":[{"count":0,"href":"https:\/\/www.cpv-ev.com\/index.php?rest_route=\/wp\/v2\/pages\/23260\/revisions"}],"wp:attachment":[{"href":"https:\/\/www.cpv-ev.com\/index.php?rest_route=%2Fwp%2Fv2%2Fmedia&parent=23260"}],"curies":[{"name":"wp","href":"https:\/\/api.w.org\/{rel}","templated":true}]}}