{"id":23257,"date":"2019-07-21T20:51:03","date_gmt":"2019-07-21T18:51:03","guid":{"rendered":"https:\/\/www.cpv-ev.com\/?page_id=23257"},"modified":"2019-07-28T15:53:44","modified_gmt":"2019-07-28T13:53:44","slug":"2014-ellwangen","status":"publish","type":"page","link":"https:\/\/www.cpv-ev.com\/?page_id=23257","title":{"rendered":"2014 Ellwangen"},"content":{"rendered":"<p>&nbsp;<\/p>\n<p style=\"text-align: justify;\">Die FN-Bundesstutenschau der Sportponyrassen wurde am 1. August im Rahmen des Bundesbreitensportfestivals zur 1250-Jahr-Feier des Bestehens der Stadt Ellwangen in Baden-W\u00fcrttemberg ausgerichtet.<\/p>\n<p style=\"text-align: justify;\">Die Stuten wurden f\u00fcr diese Veranstaltung von den Zuchtverb\u00e4nden genannt, wobei das Kontingent pro Zuchtverband an der Population der Rasse bei den einzelnen Zuchtverb\u00e4nden gewichtet war. \u00dcber 30 Stuten h\u00e4tten genannt werden k\u00f6nnen, nicht einmal die H\u00e4lfte wurde tats\u00e4chlich genannt.<\/p>\n<p style=\"text-align: justify;\">Erstmalig wurde die FN-Bundespr\u00e4mie wurde an Stuten mit einer Wertnote &gt; 8,0 verliehen, die eine Leistungspr\u00fcfung abgelegt haben. 6-j\u00e4hrige und \u00e4ltere Stuten m\u00fcssen gedeckt sein bzw. ab 7 Jahren mindestens 1 Fohlen gebracht haben.<\/p>\n<p>&nbsp;<\/p>\n<p><strong>3- bis 6-j\u00e4hrige Stuten<\/strong><\/p>\n<p>&nbsp;<\/p>\n<p>1. Jona<\/p>\n<figure id=\"attachment_13118\" aria-describedby=\"caption-attachment-13118\" style=\"width: 300px\" class=\"wp-caption alignright\"><a href=\"https:\/\/www.cpv-ev.com\/wp-content\/uploads\/2014\/08\/Marvellous-Jona1.jpg\"><img loading=\"lazy\" decoding=\"async\" class=\"size-medium wp-image-13118\" src=\"https:\/\/www.cpv-ev.com\/wp-content\/uploads\/2014\/08\/Marvellous-Jona1-300x225.jpg\" alt=\"\" width=\"300\" height=\"225\" srcset=\"https:\/\/www.cpv-ev.com\/wp-content\/uploads\/2014\/08\/Marvellous-Jona1-300x225.jpg 300w, https:\/\/www.cpv-ev.com\/wp-content\/uploads\/2014\/08\/Marvellous-Jona1-146x110.jpg 146w, https:\/\/www.cpv-ev.com\/wp-content\/uploads\/2014\/08\/Marvellous-Jona1-500x375.jpg 500w, https:\/\/www.cpv-ev.com\/wp-content\/uploads\/2014\/08\/Marvellous-Jona1.jpg 592w\" sizes=\"auto, (max-width: 300px) 100vw, 300px\" \/><\/a><figcaption id=\"caption-attachment-13118\" class=\"wp-caption-text\">1. FN-Reserve-Bundessiegerstute Ellwangen 2014<\/figcaption><\/figure>\n<p>*2009, Schimmel<\/p>\n<p>v. Frederiksminde Hazy Marvel a.d. Marvellous Joy v. Groken Gun<\/p>\n<p>Z\u00fc. &amp; Bes.: Stephanie Kremer, Neu-Anspach<\/p>\n<p>&nbsp;<\/p>\n<p>2. Thiergartenhof\u2019s Curly Zinna<\/p>\n<p>*2010, Falbschimmel<\/p>\n<p>v. Thiergartenhof\u2019s Dun Iltschi a.d. Spinway Zeal v. Spinway Prosperity<\/p>\n<p>Z\u00fc. &amp; Bes.: Anita Hufnagel, Schillingsf\u00fcrst<\/p>\n<p>&nbsp;<\/p>\n<p>3. Kinzighausen Hazy Joyce<\/p>\n<p>*2009, Braunschimmel<\/p>\n<p>v. Frederiksminde Hazy Marvel a.d. Coolmore Joelyn v. Bruadar<\/p>\n<p>Z\u00fc. &amp; Bes.: Michael Jaczak, W\u00e4chtersbach<\/p>\n<p>&nbsp;<\/p>\n<p>4. Glaskopf Grey Lilly<\/p>\n<p>*2009, Schimmel<\/p>\n<p>v. Kingstown Rory a.d. Kinzighausen Carragh Lassly v. Bruadar<\/p>\n<p>Z\u00fc. &amp; Bes.: Dr. Sabine Bachmann, Glash\u00fctten<\/p>\n<p>&nbsp;<\/p>\n<p>5. Thiergartenhof\u2019s Lilo Fee<\/p>\n<p>*2010, dunkelbraun<\/p>\n<p>v. Glaskopf Golden Merlin a.d. Lilly v. Golden Gori<\/p>\n<p>Z\u00fc. &amp; Bes.: Anita Hufnagel, Schillingsf\u00fcrst<\/p>\n<p>&nbsp;<\/p>\n<p>&nbsp;<\/p>\n<p><strong>7- bis 12-j\u00e4hrige Stuten<\/strong><\/p>\n<p>&nbsp;<\/p>\n<p>1. Kinzighausen Hazy Jane<\/p>\n<figure id=\"attachment_13114\" aria-describedby=\"caption-attachment-13114\" style=\"width: 300px\" class=\"wp-caption alignright\"><a href=\"https:\/\/www.cpv-ev.com\/wp-content\/uploads\/2014\/08\/Kinzighausen-Hazy-Jane3.jpg\"><img loading=\"lazy\" decoding=\"async\" class=\"size-medium wp-image-13114\" src=\"https:\/\/www.cpv-ev.com\/wp-content\/uploads\/2014\/08\/Kinzighausen-Hazy-Jane3-300x225.jpg\" alt=\"\" width=\"300\" height=\"225\" srcset=\"https:\/\/www.cpv-ev.com\/wp-content\/uploads\/2014\/08\/Kinzighausen-Hazy-Jane3-300x225.jpg 300w, https:\/\/www.cpv-ev.com\/wp-content\/uploads\/2014\/08\/Kinzighausen-Hazy-Jane3-146x110.jpg 146w, https:\/\/www.cpv-ev.com\/wp-content\/uploads\/2014\/08\/Kinzighausen-Hazy-Jane3-500x375.jpg 500w, https:\/\/www.cpv-ev.com\/wp-content\/uploads\/2014\/08\/Kinzighausen-Hazy-Jane3.jpg 601w\" sizes=\"auto, (max-width: 300px) 100vw, 300px\" \/><\/a><figcaption id=\"caption-attachment-13114\" class=\"wp-caption-text\">FN-Bundessiegerstute Ellwangen 2014<\/figcaption><\/figure>\n<p>*2005, Braunschimmel<\/p>\n<p>v. Frederiksminde Hazy Marvel a.d. Kinzighausen Joy v. Garryhinch Finn<\/p>\n<p>Z\u00fc.: Michael Jaczak, W\u00e4chtersbach<\/p>\n<p>Bes.: Desiree Theis, Neu-Anspach<\/p>\n<p>&nbsp;<\/p>\n<p>2. Patriks Hicearai&nbsp;\u2013 <em><strong>bundespr\u00e4miert<\/strong><\/em><\/p>\n<p>*2004, Falbschimmel<\/p>\n<p>v. Penancing-Brook Hazy Smart Boy a.d. Wirthsm\u00fchle Hurley v. Diamond Shamrock<\/p>\n<p>Z\u00fc. &amp; Bes.: Ulrike Kr\u00fcger, Weidenberg<\/p>\n<p>&nbsp;<\/p>\n<p>3.&nbsp; Knockferry Snow Flake<\/p>\n<p>*2007, Schimmel<\/p>\n<p>v. Currachmore Cashel a.d. Morning Blossom v. Monaghanstown Fred<\/p>\n<p>Z\u00fc.: Vincent McDonagh, Irland<\/p>\n<p>Bes.: Alexandra und Peter Kr\u00e4mer, Sulzheim<\/p>\n<p>&nbsp;<\/p>\n<p>4. Sternbergs Mandy&nbsp;\u2013 <em><strong>bundespr\u00e4miert<\/strong><\/em><\/p>\n<p>*2007, Falbschimmel<\/p>\n<p>v. El Larry II a.d. Norlunds Mary Lou v. Laerkens Cascade Dawn<\/p>\n<p>Z\u00fc. &amp; Bes.: Alexandra u. Peter Kr\u00e4mer, Sulzheim<\/p>\n<figure id=\"attachment_13119\" aria-describedby=\"caption-attachment-13119\" style=\"width: 300px\" class=\"wp-caption alignright\"><a href=\"https:\/\/www.cpv-ev.com\/wp-content\/uploads\/2014\/08\/Patriks-Hicearai.jpg\"><img loading=\"lazy\" decoding=\"async\" class=\"size-medium wp-image-13119\" src=\"https:\/\/www.cpv-ev.com\/wp-content\/uploads\/2014\/08\/Patriks-Hicearai-300x225.jpg\" alt=\"\" width=\"300\" height=\"225\" srcset=\"https:\/\/www.cpv-ev.com\/wp-content\/uploads\/2014\/08\/Patriks-Hicearai-300x225.jpg 300w, https:\/\/www.cpv-ev.com\/wp-content\/uploads\/2014\/08\/Patriks-Hicearai-146x110.jpg 146w, https:\/\/www.cpv-ev.com\/wp-content\/uploads\/2014\/08\/Patriks-Hicearai-500x375.jpg 500w, https:\/\/www.cpv-ev.com\/wp-content\/uploads\/2014\/08\/Patriks-Hicearai.jpg 592w\" sizes=\"auto, (max-width: 300px) 100vw, 300px\" \/><\/a><figcaption id=\"caption-attachment-13119\" class=\"wp-caption-text\">2. FN-Reserve-Bundessiegerstute Ellwangen 2014<\/figcaption><\/figure>\n<p>&nbsp;<\/p>\n<p>5. Glaskopf Grey Celia<\/p>\n<p>*2007, Schimmel<\/p>\n<p>v. Imperator Melody a.d. Glaskopf Grey Carol v. Glaskopf Golden Merlin<\/p>\n<p>Z\u00fc. &amp; Bes.: Dr. Sabine Bachmann, Glash\u00fctten<\/p>\n<p>&nbsp;<\/p>\n<p>6. Sternbergs Malena<\/p>\n<p>*2008, Braunschimmel<\/p>\n<p>v. Skousboe Morning Rock a.d. Maike v. Diamant<\/p>\n<p>Z\u00fc. &amp; Bes.: Alexandra u. Peter Kr\u00e4mer, Sulzheim<\/p>\n<p>&nbsp;<\/p>\n<p>7. Kinzighausen Hazy Harmonie<\/p>\n<p>*2005, Braunschimmel<\/p>\n<p>v. Frederiksminde Hazy Marvel a.d. Carragh Lass v. Fort Dara<\/p>\n<p>Z\u00fc. &amp; Bes.: Michael Jaczak, W\u00e4chtersbach<\/p>\n<p>&nbsp;<\/p>\n<p>&nbsp;<\/p>\n<p><strong>Siegerstute der Schau:<\/strong> Kinzighausen Hazy Jane (FN-Bundessiegerin)<\/p>\n<p><strong>1. Reserve:<\/strong> Marvellous Jona (FN-Reserve-Bundessiegerin)<\/p>\n<p><strong>2. Reserve:<\/strong> Patriks Hicearai (FN-Reserve-Bundessiegerin)<\/p>\n<p>&nbsp;<\/p>\n<p>&nbsp;<\/p>\n<p><strong>Deutsche Reitponys<\/strong><\/p>\n<p><strong>7- bis 12-j\u00e4hrig<\/strong><\/p>\n<p>&nbsp;<\/p>\n<p>Claire \u2013 <em><strong>bundespr\u00e4miert<\/strong><\/em><a href=\"https:\/\/www.cpv-ev.com\/wp-content\/uploads\/2014\/08\/Claire11.jpg\"><img loading=\"lazy\" decoding=\"async\" class=\"alignright size-medium wp-image-13110\" src=\"https:\/\/www.cpv-ev.com\/wp-content\/uploads\/2014\/08\/Claire11-300x224.jpg\" alt=\"\" width=\"300\" height=\"224\" srcset=\"https:\/\/www.cpv-ev.com\/wp-content\/uploads\/2014\/08\/Claire11-300x225.jpg 300w, https:\/\/www.cpv-ev.com\/wp-content\/uploads\/2014\/08\/Claire11-146x110.jpg 146w, https:\/\/www.cpv-ev.com\/wp-content\/uploads\/2014\/08\/Claire11-500x374.jpg 500w, https:\/\/www.cpv-ev.com\/wp-content\/uploads\/2014\/08\/Claire11.jpg 750w\" sizes=\"auto, (max-width: 300px) 100vw, 300px\" \/><\/a><\/p>\n<p>*2002, Falbe \u2013 50 % Connemara<\/p>\n<p>v. Lorenzo a.d. Cleopatra&nbsp; v. De Merels Demis<\/p>\n<p>Z\u00fc.: Anton Schaubmair, Kaltental<\/p>\n<p>Bes.: Artur Nieberle, Kaufbeuren<\/p>\n<p><strong>1. Reserve:<\/strong> FN-Reserve-Bundessiegerin<\/p>\n<p>&nbsp;<\/p>\n<p>&nbsp;<\/p>\n<p>Alle Fotos: AvC<\/p>\n<p>&nbsp;<\/p>\n<p><strong><a href=\"https:\/\/www.cpv-ev.com\/?p=13084\" target=\"_blank\" rel=\"noopener noreferrer\">Zum Bericht<\/a><\/strong><\/p>\n<p>&nbsp;<\/p>\n<p><a href=\"https:\/\/www.cpv-ev.com\/wp-content\/uploads\/2014\/08\/Ergebnis_Schau_2014_Connemara_Pony_Stuten.pdf\" target=\"_blank\" rel=\"noopener noreferrer\"><strong>Ergebnisliste<\/strong><\/a><\/p>\n<p>&nbsp;<\/p>\n<p><a href=\"https:\/\/www.cpv-ev.com\/wp-content\/uploads\/2014\/08\/Bundespraemienstuten_Sportponys_2014.pdf\" target=\"_blank\" rel=\"noopener noreferrer\"><strong>Bundespr\u00e4mienstuten<\/strong><\/a><\/p>\n","protected":false},"excerpt":{"rendered":"<p>&nbsp; Die FN-Bundesstutenschau der Sportponyrassen wurde am 1. August im Rahmen des Bundesbreitensportfestivals zur 1250-Jahr-Feier des Bestehens der Stadt Ellwangen in Baden-W\u00fcrttemberg ausgerichtet. Die Stuten wurden f\u00fcr diese Veranstaltung von den Zuchtverb\u00e4nden genannt, wobei das Kontingent pro Zuchtverband an der <a class=\"more-link\" href=\"https:\/\/www.cpv-ev.com\/?page_id=23257\"><span class=\"screen-reader-text\">  2014 Ellwangen<\/span> weiterlesen<span class=\"meta-nav\">&rarr;<\/span><\/a><\/p>\n","protected":false},"author":2,"featured_media":0,"parent":0,"menu_order":0,"comment_status":"closed","ping_status":"closed","template":"onecolumn-page.php","meta":{"ngg_post_thumbnail":0,"footnotes":""},"class_list":["post-23257","page","type-page","status-publish","hentry"],"_links":{"self":[{"href":"https:\/\/www.cpv-ev.com\/index.php?rest_route=\/wp\/v2\/pages\/23257","targetHints":{"allow":["GET"]}}],"collection":[{"href":"https:\/\/www.cpv-ev.com\/index.php?rest_route=\/wp\/v2\/pages"}],"about":[{"href":"https:\/\/www.cpv-ev.com\/index.php?rest_route=\/wp\/v2\/types\/page"}],"author":[{"embeddable":true,"href":"https:\/\/www.cpv-ev.com\/index.php?rest_route=\/wp\/v2\/users\/2"}],"replies":[{"embeddable":true,"href":"https:\/\/www.cpv-ev.com\/index.php?rest_route=%2Fwp%2Fv2%2Fcomments&post=23257"}],"version-history":[{"count":0,"href":"https:\/\/www.cpv-ev.com\/index.php?rest_route=\/wp\/v2\/pages\/23257\/revisions"}],"wp:attachment":[{"href":"https:\/\/www.cpv-ev.com\/index.php?rest_route=%2Fwp%2Fv2%2Fmedia&parent=23257"}],"curies":[{"name":"wp","href":"https:\/\/api.w.org\/{rel}","templated":true}]}}