{"id":23211,"date":"2019-07-19T18:23:09","date_gmt":"2019-07-19T16:23:09","guid":{"rendered":"https:\/\/www.cpv-ev.com\/?page_id=23211"},"modified":"2019-09-13T19:50:27","modified_gmt":"2019-09-13T17:50:27","slug":"christy-haller","status":"publish","type":"page","link":"https:\/\/www.cpv-ev.com\/?page_id=23211","title":{"rendered":"Christy Haller"},"content":{"rendered":"<p>&nbsp;<\/p>\n<table cellspacing=\"0\" cellpadding=\"0\" border=\"1\">\n<tbody>\n<tr>\n<td width=\"359\" valign=\"top\"><strong>Farbe:<\/strong> Schimmel<br \/>\n<strong>Geburtsfarbe:&nbsp;<\/strong><\/td>\n<td width=\"359\" valign=\"top\"><strong>Hengstbuch:<\/strong> CPBS Foalreg. 97\/373,<br \/> Tschechische Republik, ZfdP HB II<\/td>\n<\/tr>\n<tr>\n<td width=\"359\" valign=\"top\"><strong>Geboren:<\/strong> 10.04.1997<\/td>\n<td width=\"359\" valign=\"top\"><strong>Leistungspr\u00fcfung:&nbsp;<\/strong><\/td>\n<\/tr>\n<tr>\n<td width=\"359\" valign=\"top\"><strong>Stockma\u00df: <\/strong>145 cm<strong><br \/>\n<\/strong><\/td>\n<td width=\"359\" valign=\"top\"><strong>Tr\u00e4ger des Creme-Faktors: <\/strong><strong><br \/>\n<\/strong><\/td>\n<\/tr>\n<tr>\n<td width=\"359\" valign=\"top\"><strong>R\u00f6hrbein: <\/strong><strong><br \/>\n<\/strong><\/td>\n<td width=\"359\" valign=\"top\"><strong>Tr\u00e4ger des Fuchsgens: <\/strong><strong><br \/>\n<\/strong><\/td>\n<\/tr>\n<tr>\n<td width=\"359\" valign=\"top\"><strong style=\"line-height: 24px;\">Ausgeschieden: <\/strong>2019 auf Station in Deutschland<strong style=\"line-height: 24px;\"><br \/>\n<\/strong><\/td>\n<td width=\"359\" valign=\"top\">&nbsp;<\/td>\n<\/tr>\n<tr>\n<td width=\"359\" valign=\"top\"><strong style=\"line-height: 24px;\">HWSD-Status: <\/strong>N\/N<strong style=\"line-height: 24px;\"><br \/>\n<\/strong><\/td>\n<td width=\"359\" valign=\"top\">&nbsp;<\/td>\n<\/tr>\n<tr>\n<td width=\"359\" valign=\"top\"><img loading=\"lazy\" decoding=\"async\" class=\"alignnone size-full wp-image-232\" src=\"https:\/\/www.cpv-ev.com\/wp-content\/uploads\/2012\/07\/trans240x10.gif\" alt=\"trans240x10\" width=\"240\" height=\"10\" srcset=\"https:\/\/www.cpv-ev.com\/wp-content\/uploads\/2012\/07\/trans240x10.gif 240w, https:\/\/www.cpv-ev.com\/wp-content\/uploads\/2012\/07\/trans240x10-225x10.gif 225w\" sizes=\"auto, (max-width: 240px) 100vw, 240px\" \/><\/td>\n<td width=\"359\" valign=\"top\">&nbsp;<\/td>\n<\/tr>\n<tr>\n<td width=\"359\" valign=\"top\"><strong>Gek\u00f6rte S\u00f6hne:&nbsp;<\/strong> &#8211;<\/td>\n<td width=\"359\" valign=\"top\"><strong>Eingetragene Stuten: <\/strong>&#8211;<br \/>\n<strong>davon StPrSt: <\/strong>&#8211;<strong><br \/>\n<\/strong><\/td>\n<\/tr>\n<tr>\n<td width=\"359\" valign=\"top\"><img loading=\"lazy\" decoding=\"async\" src=\"https:\/\/www.cpv-ev.com\/wp-content\/uploads\/2012\/07\/trans240x10.gif\" alt=\"trans240x10\" width=\"240\" height=\"10\"><\/td>\n<td width=\"359\" valign=\"top\">&nbsp;<\/td>\n<\/tr>\n<tr>\n<td width=\"359\" valign=\"top\"><strong>Lebensgewinnsumme:<\/strong> &#8211;<img loading=\"lazy\" decoding=\"async\" class=\"alignnone size-full wp-image-232\" title=\"trans240x10\" src=\"https:\/\/www.cpv-ev.com\/wp-content\/uploads\/2012\/07\/trans240x10.gif\" alt=\"\" width=\"100\" height=\"20\"><\/td>\n<td width=\"359\" valign=\"top\"><strong>Nachkommen-LGS: <\/strong>&#8211;<\/td>\n<\/tr>\n<tr>\n<td colspan=\"2\" width=\"717\" valign=\"top\"><img loading=\"lazy\" decoding=\"async\" src=\"https:\/\/www.cpv-ev.com\/wp-content\/uploads\/2012\/07\/trans240x10.gif\" alt=\"trans240x10\" width=\"240\" height=\"10\"><\/td>\n<\/tr>\n<tr>\n<td colspan=\"2\" width=\"717\" valign=\"top\"><strong><strong>Z\u00fcchter: <\/strong><\/strong>James O&#8217;Donoghue, Kilfenora, Irland<br \/>\n<strong>Besitzer: <\/strong>Noeleen Prendergast, Kilrush, Irland<strong><br \/>\n<\/strong><strong>Station 2019:<\/strong> Benno Hellwig, Gest\u00fct Rheingold, 56154 Boppard<strong><br \/>\n<\/strong><\/td>\n<\/tr>\n<tr>\n<td width=\"359\" valign=\"top\">&nbsp;<\/td>\n<td width=\"359\" valign=\"top\">&nbsp;<\/td>\n<\/tr>\n<tr>\n<td width=\"307\" valign=\"top\">&nbsp;<\/td>\n<td width=\"307\" valign=\"top\">&nbsp;<\/td>\n<\/tr>\n<\/tbody>\n<\/table>\n<h5>Pedigree<\/h5>\n<p><a href=\"https:\/\/www.cpv-ev.com\/wp-content\/uploads\/2019\/07\/Christy-Haller-Ped.jpg\"><img loading=\"lazy\" decoding=\"async\" class=\"alignnone size-full wp-image-23209\" src=\"https:\/\/www.cpv-ev.com\/wp-content\/uploads\/2019\/07\/Christy-Haller-Ped.jpg\" alt=\"\" width=\"680\" height=\"309\" srcset=\"https:\/\/www.cpv-ev.com\/wp-content\/uploads\/2019\/07\/Christy-Haller-Ped.jpg 680w, https:\/\/www.cpv-ev.com\/wp-content\/uploads\/2019\/07\/Christy-Haller-Ped-242x110.jpg 242w, https:\/\/www.cpv-ev.com\/wp-content\/uploads\/2019\/07\/Christy-Haller-Ped-300x136.jpg 300w, https:\/\/www.cpv-ev.com\/wp-content\/uploads\/2019\/07\/Christy-Haller-Ped-500x227.jpg 500w\" sizes=\"auto, (max-width: 680px) 100vw, 680px\" \/><\/a><\/p>\n<p>&nbsp;<\/p>\n<h5>Galerie&nbsp;&nbsp;&nbsp; &nbsp;&nbsp;&nbsp;<\/h5>\n<p><a href=\"https:\/\/www.cpv-ev.com\/wp-content\/uploads\/2019\/07\/Christy-Haller.jpg\"><img loading=\"lazy\" decoding=\"async\" class=\"alignnone size-thumbnail wp-image-23210\" src=\"https:\/\/www.cpv-ev.com\/wp-content\/uploads\/2019\/07\/Christy-Haller-165x110.jpg\" alt=\"\" width=\"165\" height=\"110\" srcset=\"https:\/\/www.cpv-ev.com\/wp-content\/uploads\/2019\/07\/Christy-Haller-165x110.jpg 165w, https:\/\/www.cpv-ev.com\/wp-content\/uploads\/2019\/07\/Christy-Haller-300x200.jpg 300w, https:\/\/www.cpv-ev.com\/wp-content\/uploads\/2019\/07\/Christy-Haller.jpg 360w\" sizes=\"auto, (max-width: 165px) 100vw, 165px\" \/><\/a>&nbsp; <a href=\"https:\/\/www.cpv-ev.com\/wp-content\/uploads\/2019\/07\/Christy-Haller-2.jpg\"><img loading=\"lazy\" decoding=\"async\" class=\"alignnone size-thumbnail wp-image-23208\" src=\"https:\/\/www.cpv-ev.com\/wp-content\/uploads\/2019\/07\/Christy-Haller-2-149x110.jpg\" alt=\"\" width=\"149\" height=\"110\" srcset=\"https:\/\/www.cpv-ev.com\/wp-content\/uploads\/2019\/07\/Christy-Haller-2-149x110.jpg 149w, https:\/\/www.cpv-ev.com\/wp-content\/uploads\/2019\/07\/Christy-Haller-2-300x221.jpg 300w, https:\/\/www.cpv-ev.com\/wp-content\/uploads\/2019\/07\/Christy-Haller-2-150x110.jpg 150w, https:\/\/www.cpv-ev.com\/wp-content\/uploads\/2019\/07\/Christy-Haller-2.jpg 400w\" sizes=\"auto, (max-width: 149px) 100vw, 149px\" \/>&nbsp; <\/a><a href=\"https:\/\/www.cpv-ev.com\/wp-content\/uploads\/2019\/07\/Christy-Haller-Stall.jpg\"><img loading=\"lazy\" decoding=\"async\" class=\"alignnone size-thumbnail wp-image-23322\" src=\"https:\/\/www.cpv-ev.com\/wp-content\/uploads\/2019\/07\/Christy-Haller-Stall-136x110.jpg\" alt=\"\" width=\"136\" height=\"110\" srcset=\"https:\/\/www.cpv-ev.com\/wp-content\/uploads\/2019\/07\/Christy-Haller-Stall-136x110.jpg 136w, https:\/\/www.cpv-ev.com\/wp-content\/uploads\/2019\/07\/Christy-Haller-Stall-300x243.jpg 300w, https:\/\/www.cpv-ev.com\/wp-content\/uploads\/2019\/07\/Christy-Haller-Stall-500x405.jpg 500w, https:\/\/www.cpv-ev.com\/wp-content\/uploads\/2019\/07\/Christy-Haller-Stall.jpg 695w\" sizes=\"auto, (max-width: 136px) 100vw, 136px\" \/><\/a><\/p>\n<h5>Nachkommen<\/h5>\n\n<table id=\"tablepress-18\" class=\"tablepress tablepress-id-18 mtr-table mtr-thead-th\">\n<thead>\n<tr class=\"row-1\">\n\t<th class=\"column-1 mtr-th-tag\" data-mtr-content=\"FOTO\"><div class=\"mtr-cell-content\">FOTO<\/div><\/th><th class=\"column-2 mtr-th-tag\" data-mtr-content=\"NAME\"><div class=\"mtr-cell-content\">NAME<\/div><\/th><th class=\"column-3 mtr-th-tag\" data-mtr-content=\"JAHR\"><div class=\"mtr-cell-content\">JAHR<\/div><\/th><th class=\"column-4 mtr-th-tag\" data-mtr-content=\"VATER\"><div class=\"mtr-cell-content\">VATER<\/div><\/th><th class=\"column-5 mtr-th-tag\" data-mtr-content=\"MUTTER\"><div class=\"mtr-cell-content\">MUTTER<\/div><\/th><th class=\"column-6 mtr-th-tag\" data-mtr-content=\"Z\u00dcCHTER\"><div class=\"mtr-cell-content\">Z\u00dcCHTER<\/div><\/th>\n<\/tr>\n<\/thead>\n<tbody class=\"row-striping row-hover\">\n<tr class=\"row-2\">\n\t<td class=\"column-1 mtr-td-tag\" data-mtr-content=\"FOTO\"><div class=\"mtr-cell-content\"><\/div><\/td><td class=\"column-2 mtr-td-tag\" data-mtr-content=\"NAME\"><div class=\"mtr-cell-content\"><b>HASHTAG IRIS<\/b><br>CZE011995096105<br>LGS 21 EUR (2019)<br><br>PARTBRED 50%<br>Stute<br>Schimmel<br>2005<br><br><\/div><\/td><td class=\"column-3 mtr-td-tag\" data-mtr-content=\"JAHR\"><div class=\"mtr-cell-content\">2005<\/div><\/td><td class=\"column-4 mtr-td-tag\" data-mtr-content=\"VATER\"><div class=\"mtr-cell-content\">Christy Haller<\/div><\/td><td class=\"column-5 mtr-td-tag\" data-mtr-content=\"MUTTER\"><div class=\"mtr-cell-content\">Ifka<br>v. Branco<\/div><\/td><td class=\"column-6 mtr-td-tag\" data-mtr-content=\"Z\u00dcCHTER\"><div class=\"mtr-cell-content\">Tschechien<\/div><\/td>\n<\/tr>\n<tr class=\"row-3\">\n\t<td class=\"column-1 mtr-td-tag\" data-mtr-content=\"FOTO\"><div class=\"mtr-cell-content\"><\/div><\/td><td class=\"column-2 mtr-td-tag\" data-mtr-content=\"NAME\"><div class=\"mtr-cell-content\"><b>RHEINGOLD WINDY DARINA<\/b><br>DE 410102026320<br><br>Stute<br>Dunkelbraunschimmel<br>*26.03.2020<br>N\/N<br><br><\/div><\/td><td class=\"column-3 mtr-td-tag\" data-mtr-content=\"JAHR\"><div class=\"mtr-cell-content\">2020<\/div><\/td><td class=\"column-4 mtr-td-tag\" data-mtr-content=\"VATER\"><div class=\"mtr-cell-content\">Christy Haller<\/div><\/td><td class=\"column-5 mtr-td-tag\" data-mtr-content=\"MUTTER\"><div class=\"mtr-cell-content\">Rheingold Grey Delilah<br>v. Rheingold Ionas<\/div><\/td><td class=\"column-6 mtr-td-tag\" data-mtr-content=\"Z\u00dcCHTER\"><div class=\"mtr-cell-content\">Rheingold<br>Imke und Benno Hellwig<br>56154 Boppard<br><\/div><\/td>\n<\/tr>\n<\/tbody>\n<\/table>\n<!-- #tablepress-18 from cache -->\n","protected":false},"excerpt":{"rendered":"<p>&nbsp; Farbe: Schimmel Geburtsfarbe:&nbsp; Hengstbuch: CPBS Foalreg. 97\/373, Tschechische Republik, ZfdP HB II Geboren: 10.04.1997 Leistungspr\u00fcfung:&nbsp; Stockma\u00df: 145 cm Tr\u00e4ger des Creme-Faktors: R\u00f6hrbein: Tr\u00e4ger des Fuchsgens: Ausgeschieden: 2019 auf Station in Deutschland &nbsp; HWSD-Status: N\/N &nbsp; &nbsp; Gek\u00f6rte S\u00f6hne:&nbsp; &#8211; <a class=\"more-link\" href=\"https:\/\/www.cpv-ev.com\/?page_id=23211\"><span class=\"screen-reader-text\">  Christy Haller<\/span> weiterlesen<span class=\"meta-nav\">&rarr;<\/span><\/a><\/p>\n","protected":false},"author":2,"featured_media":0,"parent":11809,"menu_order":0,"comment_status":"closed","ping_status":"closed","template":"","meta":{"ngg_post_thumbnail":0,"footnotes":""},"class_list":["post-23211","page","type-page","status-publish","hentry"],"_links":{"self":[{"href":"https:\/\/www.cpv-ev.com\/index.php?rest_route=\/wp\/v2\/pages\/23211","targetHints":{"allow":["GET"]}}],"collection":[{"href":"https:\/\/www.cpv-ev.com\/index.php?rest_route=\/wp\/v2\/pages"}],"about":[{"href":"https:\/\/www.cpv-ev.com\/index.php?rest_route=\/wp\/v2\/types\/page"}],"author":[{"embeddable":true,"href":"https:\/\/www.cpv-ev.com\/index.php?rest_route=\/wp\/v2\/users\/2"}],"replies":[{"embeddable":true,"href":"https:\/\/www.cpv-ev.com\/index.php?rest_route=%2Fwp%2Fv2%2Fcomments&post=23211"}],"version-history":[{"count":0,"href":"https:\/\/www.cpv-ev.com\/index.php?rest_route=\/wp\/v2\/pages\/23211\/revisions"}],"up":[{"embeddable":true,"href":"https:\/\/www.cpv-ev.com\/index.php?rest_route=\/wp\/v2\/pages\/11809"}],"wp:attachment":[{"href":"https:\/\/www.cpv-ev.com\/index.php?rest_route=%2Fwp%2Fv2%2Fmedia&parent=23211"}],"curies":[{"name":"wp","href":"https:\/\/api.w.org\/{rel}","templated":true}]}}