{"id":22959,"date":"2019-03-10T12:11:41","date_gmt":"2019-03-10T10:11:41","guid":{"rendered":"https:\/\/www.cpv-ev.com\/?page_id=22959"},"modified":"2019-12-29T12:02:35","modified_gmt":"2019-12-29T10:02:35","slug":"benmore-corry","status":"publish","type":"page","link":"https:\/\/www.cpv-ev.com\/?page_id=22959","title":{"rendered":"Benmore Corry"},"content":{"rendered":"<p>&nbsp;<\/p>\n<table cellspacing=\"0\" cellpadding=\"0\" border=\"1\">\n<tbody>\n<tr>\n<td width=\"359\" valign=\"top\"><strong>Farbe:<\/strong> Schimmel<br \/>\n<strong>Geburtsfarbe:&nbsp;<\/strong><\/td>\n<td width=\"359\" valign=\"top\"><strong>Hengstbuch:<\/strong> CPBS S3-18016,&nbsp; Hessen HB II<\/td>\n<\/tr>\n<tr>\n<td width=\"359\" valign=\"top\"><strong>Geboren:<\/strong> 27.04.2016<\/td>\n<td width=\"359\" valign=\"top\"><strong>Leistungspr\u00fcfung: <\/strong>noch keine<\/td>\n<\/tr>\n<tr>\n<td width=\"359\" valign=\"top\"><strong>Stockma\u00df:&nbsp;<\/strong><\/td>\n<td width=\"359\" valign=\"top\"><strong>Tr\u00e4ger des Creme-Faktors: <\/strong><strong><br \/>\n<\/strong><\/td>\n<\/tr>\n<tr>\n<td width=\"359\" valign=\"top\"><strong>R\u00f6hrbein: <\/strong><strong><br \/>\n<\/strong><\/td>\n<td width=\"359\" valign=\"top\"><strong>Tr\u00e4ger des Fuchsgens: <\/strong><strong><br \/>\n<\/strong><\/td>\n<\/tr>\n<tr>\n<td width=\"359\" valign=\"top\"><strong style=\"line-height: 24px;\">Ausgeschieden: <\/strong>2019 kastriert<\/td>\n<td width=\"359\" valign=\"top\"><strong>Decktaxe:<\/strong><\/td>\n<\/tr>\n<tr>\n<td width=\"359\" valign=\"top\"><strong style=\"line-height: 24px;\">HWSD-Status: <\/strong><strong style=\"line-height: 24px;\"><br \/>\n<\/strong><\/td>\n<td width=\"359\" valign=\"top\">&nbsp;<\/td>\n<\/tr>\n<tr>\n<td width=\"359\" valign=\"top\"><img loading=\"lazy\" decoding=\"async\" class=\"alignnone size-full wp-image-232\" src=\"https:\/\/www.cpv-ev.com\/wp-content\/uploads\/2012\/07\/trans240x10.gif\" alt=\"trans240x10\" width=\"240\" height=\"10\" srcset=\"https:\/\/www.cpv-ev.com\/wp-content\/uploads\/2012\/07\/trans240x10.gif 240w, https:\/\/www.cpv-ev.com\/wp-content\/uploads\/2012\/07\/trans240x10-225x10.gif 225w\" sizes=\"auto, (max-width: 240px) 100vw, 240px\" \/><\/td>\n<td width=\"359\" valign=\"top\">&nbsp;<\/td>\n<\/tr>\n<tr>\n<td width=\"359\" valign=\"top\"><strong>Gek\u00f6rte S\u00f6hne:&nbsp;<\/strong> &#8211;<\/td>\n<td width=\"359\" valign=\"top\"><strong>Eingetragene Stuten:<\/strong> &#8211;<br \/>\n<strong>davon StPrSt: <\/strong><strong><br \/>\n<\/strong><\/td>\n<\/tr>\n<tr>\n<td width=\"359\" valign=\"top\"><img loading=\"lazy\" decoding=\"async\" src=\"https:\/\/www.cpv-ev.com\/wp-content\/uploads\/2012\/07\/trans240x10.gif\" alt=\"trans240x10\" width=\"240\" height=\"10\"><\/td>\n<td width=\"359\" valign=\"top\">&nbsp;<\/td>\n<\/tr>\n<tr>\n<td width=\"359\" valign=\"top\"><strong>Lebensgewinnsumme:<\/strong> &#8211;<img loading=\"lazy\" decoding=\"async\" class=\"alignnone size-full wp-image-232\" title=\"trans240x10\" src=\"https:\/\/www.cpv-ev.com\/wp-content\/uploads\/2012\/07\/trans240x10.gif\" alt=\"\" width=\"100\" height=\"20\"><\/td>\n<td width=\"359\" valign=\"top\"><strong>Nachkommen-LGS: <\/strong>&#8211;<\/td>\n<\/tr>\n<tr>\n<td colspan=\"2\" width=\"717\" valign=\"top\"><img loading=\"lazy\" decoding=\"async\" src=\"https:\/\/www.cpv-ev.com\/wp-content\/uploads\/2012\/07\/trans240x10.gif\" alt=\"trans240x10\" width=\"240\" height=\"10\"><\/td>\n<\/tr>\n<tr>\n<td colspan=\"2\" width=\"717\" valign=\"top\"><strong><strong>Z\u00fcchter: <\/strong><\/strong>Gerard Mc Mahon, Loughrea, Irland<strong><strong><br \/>\n<\/strong><\/strong><strong>Besitzer: <\/strong>Dr. Sabine Bachmann, Gest\u00fct Glaskopf, 61479 Glash\u00fctten<span id=\"sobi2Details_field_location\"><\/span><\/td>\n<\/tr>\n<\/tbody>\n<\/table>\n<h5>Pedigree<\/h5>\n<p><a href=\"https:\/\/www.cpv-ev.com\/wp-content\/uploads\/2019\/03\/Benmore-Corry-Ped.jpg\"><img loading=\"lazy\" decoding=\"async\" class=\"alignleft size-full wp-image-22965\" src=\"https:\/\/www.cpv-ev.com\/wp-content\/uploads\/2019\/03\/Benmore-Corry-Ped.jpg\" alt=\"\" width=\"680\" height=\"310\" srcset=\"https:\/\/www.cpv-ev.com\/wp-content\/uploads\/2019\/03\/Benmore-Corry-Ped.jpg 680w, https:\/\/www.cpv-ev.com\/wp-content\/uploads\/2019\/03\/Benmore-Corry-Ped-241x110.jpg 241w, https:\/\/www.cpv-ev.com\/wp-content\/uploads\/2019\/03\/Benmore-Corry-Ped-300x137.jpg 300w, https:\/\/www.cpv-ev.com\/wp-content\/uploads\/2019\/03\/Benmore-Corry-Ped-500x228.jpg 500w\" sizes=\"auto, (max-width: 680px) 100vw, 680px\" \/><\/a><\/p>\n<p>&nbsp;<\/p>\n<h5>Galerie&nbsp;&nbsp;&nbsp; &nbsp;&nbsp;&nbsp;<\/h5>\n<p><a href=\"https:\/\/www.cpv-ev.com\/wp-content\/uploads\/2019\/03\/Benmore-Corry.jpg\"><img loading=\"lazy\" decoding=\"async\" class=\"alignleft size-thumbnail wp-image-23097\" src=\"https:\/\/www.cpv-ev.com\/wp-content\/uploads\/2019\/03\/Benmore-Corry-83x110.jpg\" alt=\"\" width=\"83\" height=\"110\" srcset=\"https:\/\/www.cpv-ev.com\/wp-content\/uploads\/2019\/03\/Benmore-Corry-83x110.jpg 83w, https:\/\/www.cpv-ev.com\/wp-content\/uploads\/2019\/03\/Benmore-Corry-300x400.jpg 300w, https:\/\/www.cpv-ev.com\/wp-content\/uploads\/2019\/03\/Benmore-Corry-375x500.jpg 375w, https:\/\/www.cpv-ev.com\/wp-content\/uploads\/2019\/03\/Benmore-Corry-110x146.jpg 110w, https:\/\/www.cpv-ev.com\/wp-content\/uploads\/2019\/03\/Benmore-Corry-225x300.jpg 225w, https:\/\/www.cpv-ev.com\/wp-content\/uploads\/2019\/03\/Benmore-Corry.jpg 563w\" sizes=\"auto, (max-width: 83px) 100vw, 83px\" \/><\/a><\/p>\n<p>&nbsp;<\/p>\n<p>&nbsp;<\/p>\n<p>&nbsp;<\/p>\n<p>&nbsp;<\/p>\n<p>&nbsp;<\/p>\n<h5>Nachkommen<\/h5>\n\n<table id=\"tablepress-18\" class=\"tablepress tablepress-id-18 mtr-table mtr-thead-th\">\n<thead>\n<tr class=\"row-1\">\n\t<th class=\"column-1 mtr-th-tag\" data-mtr-content=\"FOTO\"><div class=\"mtr-cell-content\">FOTO<\/div><\/th><th class=\"column-2 mtr-th-tag\" data-mtr-content=\"NAME\"><div class=\"mtr-cell-content\">NAME<\/div><\/th><th class=\"column-3 mtr-th-tag\" data-mtr-content=\"JAHR\"><div class=\"mtr-cell-content\">JAHR<\/div><\/th><th class=\"column-4 mtr-th-tag\" data-mtr-content=\"VATER\"><div class=\"mtr-cell-content\">VATER<\/div><\/th><th class=\"column-5 mtr-th-tag\" data-mtr-content=\"MUTTER\"><div class=\"mtr-cell-content\">MUTTER<\/div><\/th><th class=\"column-6 mtr-th-tag\" data-mtr-content=\"Z\u00dcCHTER\"><div class=\"mtr-cell-content\">Z\u00dcCHTER<\/div><\/th>\n<\/tr>\n<\/thead>\n<tbody class=\"row-striping row-hover\">\n<tr class=\"row-2\">\n\t<td class=\"column-1 mtr-td-tag\" data-mtr-content=\"FOTO\"><div class=\"mtr-cell-content\"><\/div><\/td><td class=\"column-2 mtr-td-tag\" data-mtr-content=\"NAME\"><div class=\"mtr-cell-content\"><b>CALEB TROY<\/b><br>DE463630038819<br><br>Hengst<br>Falbschimmel<br>*10.05.2019<br>N\/N<br><br><\/div><\/td><td class=\"column-3 mtr-td-tag\" data-mtr-content=\"JAHR\"><div class=\"mtr-cell-content\">2019<\/div><\/td><td class=\"column-4 mtr-td-tag\" data-mtr-content=\"VATER\"><div class=\"mtr-cell-content\">Benmore Corry<\/div><\/td><td class=\"column-5 mtr-td-tag\" data-mtr-content=\"MUTTER\"><div class=\"mtr-cell-content\">Kalu Troy<br>v. Glaskopf Iwyn<\/div><\/td><td class=\"column-6 mtr-td-tag\" data-mtr-content=\"Z\u00dcCHTER\"><div class=\"mtr-cell-content\">Burgi Sedlmayer<br>\u00d6sterreich<\/div><\/td>\n<\/tr>\n<tr class=\"row-3\">\n\t<td class=\"column-1 mtr-td-tag\" data-mtr-content=\"FOTO\"><div class=\"mtr-cell-content\"><\/div><\/td><td class=\"column-2 mtr-td-tag\" data-mtr-content=\"NAME\"><div class=\"mtr-cell-content\"><b>GLASKOPF <br>CORBYN<\/b><br>DE463630037819<br><br>Wallach<br>Braunisabellschimmel<br>*02.05.2019<br>142 cm<br>N\/N<br><br><\/div><\/td><td class=\"column-3 mtr-td-tag\" data-mtr-content=\"JAHR\"><div class=\"mtr-cell-content\">2019<\/div><\/td><td class=\"column-4 mtr-td-tag\" data-mtr-content=\"VATER\"><div class=\"mtr-cell-content\">Benmore Corry<\/div><\/td><td class=\"column-5 mtr-td-tag\" data-mtr-content=\"MUTTER\"><div class=\"mtr-cell-content\">Glaskopf Grey Csilla<br>v. Glaskopf Iwyn<\/div><\/td><td class=\"column-6 mtr-td-tag\" data-mtr-content=\"Z\u00dcCHTER\"><div class=\"mtr-cell-content\">Glaskopf<br>Dr. Sabine Bachmann<br>61479 Glash\u00fctten<br><\/div><\/td>\n<\/tr>\n<tr class=\"row-4\">\n\t<td class=\"column-1 mtr-td-tag\" data-mtr-content=\"FOTO\"><div class=\"mtr-cell-content\"><\/div><\/td><td class=\"column-2 mtr-td-tag\" data-mtr-content=\"NAME\"><div class=\"mtr-cell-content\"><b>GLASKOPF <br>CORMAC<\/b><br>DE463630037919<br><br>Hengst<br>Braunschimmel<br>*10.05.2019<br>N\/HWSD<br><br><\/div><\/td><td class=\"column-3 mtr-td-tag\" data-mtr-content=\"JAHR\"><div class=\"mtr-cell-content\">2019<\/div><\/td><td class=\"column-4 mtr-td-tag\" data-mtr-content=\"VATER\"><div class=\"mtr-cell-content\">Benmore Corry<\/div><\/td><td class=\"column-5 mtr-td-tag\" data-mtr-content=\"MUTTER\"><div class=\"mtr-cell-content\">Glaskopf Grey Joan<br>v. Glaskopf Golden Merlin<\/div><\/td><td class=\"column-6 mtr-td-tag\" data-mtr-content=\"Z\u00dcCHTER\"><div class=\"mtr-cell-content\">Glaskopf<br>Dr. Sabine Bachmann<br>61479 Glash\u00fctten<br><\/div><\/td>\n<\/tr>\n<\/tbody>\n<\/table>\n<!-- #tablepress-18 from cache -->\n","protected":false},"excerpt":{"rendered":"<p>&nbsp; Farbe: Schimmel Geburtsfarbe:&nbsp; Hengstbuch: CPBS S3-18016,&nbsp; Hessen HB II Geboren: 27.04.2016 Leistungspr\u00fcfung: noch keine Stockma\u00df:&nbsp; Tr\u00e4ger des Creme-Faktors: R\u00f6hrbein: Tr\u00e4ger des Fuchsgens: Ausgeschieden: 2019 kastriert Decktaxe: HWSD-Status: &nbsp; &nbsp; Gek\u00f6rte S\u00f6hne:&nbsp; &#8211; Eingetragene Stuten: &#8211; davon StPrSt: &nbsp; Lebensgewinnsumme: <a class=\"more-link\" href=\"https:\/\/www.cpv-ev.com\/?page_id=22959\"><span class=\"screen-reader-text\">  Benmore Corry<\/span> weiterlesen<span class=\"meta-nav\">&rarr;<\/span><\/a><\/p>\n","protected":false},"author":2,"featured_media":0,"parent":11809,"menu_order":0,"comment_status":"closed","ping_status":"closed","template":"","meta":{"ngg_post_thumbnail":0,"footnotes":""},"class_list":["post-22959","page","type-page","status-publish","hentry"],"_links":{"self":[{"href":"https:\/\/www.cpv-ev.com\/index.php?rest_route=\/wp\/v2\/pages\/22959","targetHints":{"allow":["GET"]}}],"collection":[{"href":"https:\/\/www.cpv-ev.com\/index.php?rest_route=\/wp\/v2\/pages"}],"about":[{"href":"https:\/\/www.cpv-ev.com\/index.php?rest_route=\/wp\/v2\/types\/page"}],"author":[{"embeddable":true,"href":"https:\/\/www.cpv-ev.com\/index.php?rest_route=\/wp\/v2\/users\/2"}],"replies":[{"embeddable":true,"href":"https:\/\/www.cpv-ev.com\/index.php?rest_route=%2Fwp%2Fv2%2Fcomments&post=22959"}],"version-history":[{"count":0,"href":"https:\/\/www.cpv-ev.com\/index.php?rest_route=\/wp\/v2\/pages\/22959\/revisions"}],"up":[{"embeddable":true,"href":"https:\/\/www.cpv-ev.com\/index.php?rest_route=\/wp\/v2\/pages\/11809"}],"wp:attachment":[{"href":"https:\/\/www.cpv-ev.com\/index.php?rest_route=%2Fwp%2Fv2%2Fmedia&parent=22959"}],"curies":[{"name":"wp","href":"https:\/\/api.w.org\/{rel}","templated":true}]}}