{"id":22955,"date":"2019-07-19T18:41:44","date_gmt":"2019-07-19T16:41:44","guid":{"rendered":"https:\/\/www.cpv-ev.com\/?page_id=22955"},"modified":"2023-11-12T15:16:38","modified_gmt":"2023-11-12T13:16:38","slug":"rialto-gillian-seguret-fra-bel","status":"publish","type":"page","link":"https:\/\/www.cpv-ev.com\/?page_id=22955","title":{"rendered":"Rialto Gillian Seguret &#8211; FRA, BEL"},"content":{"rendered":"<table border=\"1\" cellspacing=\"0\" cellpadding=\"0\">\n<tbody>\n<tr>\n<td class=\"mceSelected\" colspan=\"2\" valign=\"top\" width=\"717\"><img loading=\"lazy\" decoding=\"async\" src=\"https:\/\/www.cpv-ev.com\/wp-content\/uploads\/2012\/07\/trans240x10.gif\" alt=\"trans240x10\" width=\"240\" height=\"10\" \/><\/td>\n<\/tr>\n<tr>\n<td class=\"mceSelected\" valign=\"top\" width=\"359\"><strong>Farbe:<\/strong> Rappe<br \/>\n<strong>Geburtsfarbe:\u00a0<\/strong><\/td>\n<td class=\"mceSelected\" valign=\"top\" width=\"359\"><strong>Hengstbuch:<\/strong> Frankreich HB I, Belgien HB I<\/td>\n<\/tr>\n<tr>\n<td class=\"mceSelected\" valign=\"top\" width=\"359\"><strong>Geboren:<\/strong> 25.05.2005<\/td>\n<td class=\"mceSelected\" valign=\"top\" width=\"359\"><strong>Leistungspr\u00fcfung:\u00a0<\/strong><\/td>\n<\/tr>\n<tr>\n<td class=\"mceSelected\" valign=\"top\" width=\"359\"><strong>Stockma\u00df:\u00a0<\/strong>144 cm<\/td>\n<td class=\"mceSelected\" valign=\"top\" width=\"359\"><strong>Tr\u00e4ger des Creme-Faktors: <\/strong><strong><br \/>\n<\/strong><\/td>\n<\/tr>\n<tr>\n<td class=\"mceSelected\" valign=\"top\" width=\"359\"><strong>R\u00f6hrbein: <\/strong><strong><br \/>\n<\/strong><\/td>\n<td class=\"mceSelected\" valign=\"top\" width=\"359\"><strong>Tr\u00e4ger des Fuchsgens: <\/strong><strong><br \/>\n<\/strong><\/td>\n<\/tr>\n<tr>\n<td class=\"mceSelected\" valign=\"top\" width=\"359\"><strong style=\"line-height: 24px;\">Deckbedingungen: <\/strong>auf Anfrage<\/td>\n<td class=\"mceSelected\" valign=\"top\" width=\"359\"><strong>Decktaxe:<\/strong><\/td>\n<\/tr>\n<tr>\n<td class=\"mceSelected\" valign=\"top\" width=\"359\"><strong style=\"line-height: 24px;\">HWSD-Status: <\/strong>N\/N mit<br \/>\nAbstammungs\u00fcberpr\u00fcfung<strong style=\"line-height: 24px;\"><br \/>\n<\/strong><\/td>\n<td class=\"mceSelected\" valign=\"top\" width=\"359\"><\/td>\n<\/tr>\n<tr>\n<td class=\"mceSelected\" valign=\"top\" width=\"359\"><img loading=\"lazy\" decoding=\"async\" class=\"alignnone size-full wp-image-232\" src=\"https:\/\/www.cpv-ev.com\/wp-content\/uploads\/2012\/07\/trans240x10.gif\" alt=\"trans240x10\" width=\"240\" height=\"10\" srcset=\"https:\/\/www.cpv-ev.com\/wp-content\/uploads\/2012\/07\/trans240x10.gif 240w, https:\/\/www.cpv-ev.com\/wp-content\/uploads\/2012\/07\/trans240x10-225x10.gif 225w\" sizes=\"auto, (max-width: 240px) 100vw, 240px\" \/><\/td>\n<td class=\"mceSelected\" valign=\"top\" width=\"359\"><\/td>\n<\/tr>\n<tr>\n<td class=\"mceSelected\" valign=\"top\" width=\"359\"><strong>Gek\u00f6rte S\u00f6hne:\u00a0<\/strong> <span style=\"font-size: inherit; font-family: inherit;\">\u00a0A <\/span><a style=\"font-size: inherit; font-family: inherit;\" href=\"https:\/\/www.cpv-ev.com\/?page_id=27374\">Kiya&#8217;s Alohomora Key to Succes<\/a><\/td>\n<td class=\"mceSelected\" valign=\"top\" width=\"359\"><strong>Eingetragene Stuten:<\/strong> &#8211;<br \/>\n<strong>davon StPrSt: <\/strong><strong><br \/>\n<\/strong><\/td>\n<\/tr>\n<tr>\n<td valign=\"top\" width=\"359\"><img loading=\"lazy\" decoding=\"async\" src=\"https:\/\/www.cpv-ev.com\/wp-content\/uploads\/2012\/07\/trans240x10.gif\" alt=\"trans240x10\" width=\"240\" height=\"10\" \/><\/td>\n<td valign=\"top\" width=\"359\"><\/td>\n<\/tr>\n<tr>\n<td valign=\"top\" width=\"359\"><strong>Lebensgewinnsumme:<\/strong> &#8211;<img loading=\"lazy\" decoding=\"async\" class=\"alignnone size-full wp-image-232\" title=\"trans240x10\" src=\"https:\/\/www.cpv-ev.com\/wp-content\/uploads\/2012\/07\/trans240x10.gif\" alt=\"\" width=\"100\" height=\"20\" \/><\/td>\n<td valign=\"top\" width=\"359\"><strong>Nachkommen-LGS: <\/strong>&#8211;<\/td>\n<\/tr>\n<tr>\n<td colspan=\"2\" valign=\"top\" width=\"717\"><img loading=\"lazy\" decoding=\"async\" src=\"https:\/\/www.cpv-ev.com\/wp-content\/uploads\/2012\/07\/trans240x10.gif\" alt=\"trans240x10\" width=\"240\" height=\"10\" \/><\/td>\n<\/tr>\n<tr>\n<td colspan=\"2\" valign=\"top\" width=\"717\"><strong><strong>Z\u00fcchter:<\/strong><\/strong><br \/>\n<strong>Besitzer:\u00a0<\/strong><\/td>\n<\/tr>\n<\/tbody>\n<\/table>\n<h5>Pedigree<\/h5>\n<p><a href=\"https:\/\/www.cpv-ev.com\/wp-content\/uploads\/2019\/03\/Rialto-Gillian-Seguret-Ped.jpg\"><img loading=\"lazy\" decoding=\"async\" class=\"alignleft size-full wp-image-22967\" src=\"https:\/\/www.cpv-ev.com\/wp-content\/uploads\/2019\/03\/Rialto-Gillian-Seguret-Ped.jpg\" alt=\"\" width=\"680\" height=\"310\" srcset=\"https:\/\/www.cpv-ev.com\/wp-content\/uploads\/2019\/03\/Rialto-Gillian-Seguret-Ped.jpg 680w, https:\/\/www.cpv-ev.com\/wp-content\/uploads\/2019\/03\/Rialto-Gillian-Seguret-Ped-241x110.jpg 241w, https:\/\/www.cpv-ev.com\/wp-content\/uploads\/2019\/03\/Rialto-Gillian-Seguret-Ped-300x137.jpg 300w, https:\/\/www.cpv-ev.com\/wp-content\/uploads\/2019\/03\/Rialto-Gillian-Seguret-Ped-500x228.jpg 500w\" sizes=\"auto, (max-width: 680px) 100vw, 680px\" \/><\/a><\/p>\n<p><img loading=\"lazy\" decoding=\"async\" src=\"https:\/\/www.cpv-ev.com\/wp-content\/uploads\/2012\/07\/trans240x10.gif\" alt=\"trans240x10\" width=\"240\" height=\"10\" \/><\/p>\n<h5>Galerie<\/h5>\n<p><a href=\"https:\/\/www.cpv-ev.com\/wp-content\/uploads\/2019\/07\/Rialto-Gilian-Seguret.jpg\"><img loading=\"lazy\" decoding=\"async\" class=\"alignnone size-thumbnail wp-image-23226\" src=\"https:\/\/www.cpv-ev.com\/wp-content\/uploads\/2019\/07\/Rialto-Gilian-Seguret-161x110.jpg\" alt=\"\" width=\"161\" height=\"110\" srcset=\"https:\/\/www.cpv-ev.com\/wp-content\/uploads\/2019\/07\/Rialto-Gilian-Seguret-161x110.jpg 161w, https:\/\/www.cpv-ev.com\/wp-content\/uploads\/2019\/07\/Rialto-Gilian-Seguret-300x205.jpg 300w, https:\/\/www.cpv-ev.com\/wp-content\/uploads\/2019\/07\/Rialto-Gilian-Seguret-500x341.jpg 500w, https:\/\/www.cpv-ev.com\/wp-content\/uploads\/2019\/07\/Rialto-Gilian-Seguret.jpg 600w\" sizes=\"auto, (max-width: 161px) 100vw, 161px\" \/><\/a><\/p>\n<h5>Nachkommen<\/h5>\n\n<table id=\"tablepress-18\" class=\"tablepress tablepress-id-18 mtr-table mtr-thead-th\">\n<thead>\n<tr class=\"row-1\">\n\t<th class=\"column-1 mtr-th-tag\" data-mtr-content=\"FOTO\"><div class=\"mtr-cell-content\">FOTO<\/div><\/th><th class=\"column-2 mtr-th-tag\" data-mtr-content=\"NAME\"><div class=\"mtr-cell-content\">NAME<\/div><\/th><th class=\"column-3 mtr-th-tag\" data-mtr-content=\"JAHR\"><div class=\"mtr-cell-content\">JAHR<\/div><\/th><th class=\"column-4 mtr-th-tag\" data-mtr-content=\"VATER\"><div class=\"mtr-cell-content\">VATER<\/div><\/th><th class=\"column-5 mtr-th-tag\" data-mtr-content=\"MUTTER\"><div class=\"mtr-cell-content\">MUTTER<\/div><\/th><th class=\"column-6 mtr-th-tag\" data-mtr-content=\"Z\u00dcCHTER\"><div class=\"mtr-cell-content\">Z\u00dcCHTER<\/div><\/th>\n<\/tr>\n<\/thead>\n<tbody class=\"row-striping row-hover\">\n<tr class=\"row-2\">\n\t<td class=\"column-1 mtr-td-tag\" data-mtr-content=\"FOTO\"><div class=\"mtr-cell-content\"><\/div><\/td><td class=\"column-2 mtr-td-tag\" data-mtr-content=\"NAME\"><div class=\"mtr-cell-content\"><b>KIYA\u0092S ALOHOMORA <br>KEY TO SUCCESS<\/b><br><br>Hengst<br>Rappe<br>2019<br><br><\/div><\/td><td class=\"column-3 mtr-td-tag\" data-mtr-content=\"JAHR\"><div class=\"mtr-cell-content\">2019<\/div><\/td><td class=\"column-4 mtr-td-tag\" data-mtr-content=\"VATER\"><div class=\"mtr-cell-content\">Rialto Gilian Seguret<\/div><\/td><td class=\"column-5 mtr-td-tag\" data-mtr-content=\"MUTTER\"><div class=\"mtr-cell-content\">Maeva de la Flotte<br>v. Viking de la Dive<\/div><\/td><td class=\"column-6 mtr-td-tag\" data-mtr-content=\"Z\u00dcCHTER\"><div class=\"mtr-cell-content\">Kiya's Connemaras<br>Christa Duchamps<br>Bastogne<br>Belgien<\/div><\/td>\n<\/tr>\n<tr class=\"row-3\">\n\t<td class=\"column-1 mtr-td-tag\" data-mtr-content=\"FOTO\"><div class=\"mtr-cell-content\"><a href=\"https:\/\/www.cpv-ev.com\/wp-content\/uploads\/2019\/12\/5859_Rialtino.jpg\"><img loading=\"lazy\" decoding=\"async\" src=\"https:\/\/www.cpv-ev.com\/wp-content\/uploads\/2019\/12\/5859_Rialtino-110x110.jpg\" alt=\"\" width=\"110\" height=\"110\" class=\"alignnone size-thumbnail wp-image-23748\" srcset=\"https:\/\/www.cpv-ev.com\/wp-content\/uploads\/2019\/12\/5859_Rialtino-110x110.jpg 110w, https:\/\/www.cpv-ev.com\/wp-content\/uploads\/2019\/12\/5859_Rialtino-150x150.jpg 150w\" sizes=\"auto, (max-width: 110px) 100vw, 110px\"><\/a><\/div><\/td><td class=\"column-2 mtr-td-tag\" data-mtr-content=\"NAME\"><div class=\"mtr-cell-content\"><b>RIALTINO<\/b><br>DE451510163419<br><br>Hengst<br>Braunschimmel<br>*03.06.2019<br>N\/N<br><br><\/div><\/td><td class=\"column-3 mtr-td-tag\" data-mtr-content=\"JAHR\"><div class=\"mtr-cell-content\">2019<\/div><\/td><td class=\"column-4 mtr-td-tag\" data-mtr-content=\"VATER\"><div class=\"mtr-cell-content\">Rialto Gilian Seguret<\/div><\/td><td class=\"column-5 mtr-td-tag\" data-mtr-content=\"MUTTER\"><div class=\"mtr-cell-content\">Kilshanny May<br>v. Oisin<\/div><\/td><td class=\"column-6 mtr-td-tag\" data-mtr-content=\"Z\u00dcCHTER\"><div class=\"mtr-cell-content\">Thomas Reuland<br>53501 Grafschaft<\/div><\/td>\n<\/tr>\n<tr class=\"row-4\">\n\t<td class=\"column-1 mtr-td-tag\" data-mtr-content=\"FOTO\"><div class=\"mtr-cell-content\"><\/div><\/td><td class=\"column-2 mtr-td-tag\" data-mtr-content=\"NAME\"><div class=\"mtr-cell-content\"><b>KIYA\u0092S A CELTIC DREAM<\/b><br><br>Stute<br>Rappe<br>2019<br><br><\/div><\/td><td class=\"column-3 mtr-td-tag\" data-mtr-content=\"JAHR\"><div class=\"mtr-cell-content\">2019<\/div><\/td><td class=\"column-4 mtr-td-tag\" data-mtr-content=\"VATER\"><div class=\"mtr-cell-content\">Rialto Gilian Seguret<\/div><\/td><td class=\"column-5 mtr-td-tag\" data-mtr-content=\"MUTTER\"><div class=\"mtr-cell-content\">Pilgrim's Bewitched<br>v. Pilgrim's Excalibur<\/div><\/td><td class=\"column-6 mtr-td-tag\" data-mtr-content=\"Z\u00dcCHTER\"><div class=\"mtr-cell-content\">Kiya's Connemaras<br>Christa Duchamps<br>Bastogne<br>Belgien<\/div><\/td>\n<\/tr>\n<tr class=\"row-5\">\n\t<td class=\"column-1 mtr-td-tag\" data-mtr-content=\"FOTO\"><div class=\"mtr-cell-content\"><\/div><\/td><td class=\"column-2 mtr-td-tag\" data-mtr-content=\"NAME\"><div class=\"mtr-cell-content\"><b>ROOSENHOF <br>ROCK AND ROLL<\/b><br>DE484840029520<br>FPG WN 8.0<br><br>Hengst<br>2020<br>N\/N<br><br><\/div><\/td><td class=\"column-3 mtr-td-tag\" data-mtr-content=\"JAHR\"><div class=\"mtr-cell-content\">2020<\/div><\/td><td class=\"column-4 mtr-td-tag\" data-mtr-content=\"VATER\"><div class=\"mtr-cell-content\">Rialto Gilian Seguret<\/div><\/td><td class=\"column-5 mtr-td-tag\" data-mtr-content=\"MUTTER\"><div class=\"mtr-cell-content\">Lilli Rose<br>v. Eldorado Rock<\/div><\/td><td class=\"column-6 mtr-td-tag\" data-mtr-content=\"Z\u00dcCHTER\"><div class=\"mtr-cell-content\">Roosenhof<br>Dr. Rudolf Roosen<br>63860 Rothenbuch<br><\/div><\/td>\n<\/tr>\n<\/tbody>\n<\/table>\n<!-- #tablepress-18 from cache -->\n","protected":false},"excerpt":{"rendered":"<p>Farbe: Rappe Geburtsfarbe:\u00a0 Hengstbuch: Frankreich HB I, Belgien HB I Geboren: 25.05.2005 Leistungspr\u00fcfung:\u00a0 Stockma\u00df:\u00a0144 cm Tr\u00e4ger des Creme-Faktors: R\u00f6hrbein: Tr\u00e4ger des Fuchsgens: Deckbedingungen: auf Anfrage Decktaxe: HWSD-Status: N\/N mit Abstammungs\u00fcberpr\u00fcfung Gek\u00f6rte S\u00f6hne:\u00a0 \u00a0A Kiya&#8217;s Alohomora Key to Succes Eingetragene Stuten: <a class=\"more-link\" href=\"https:\/\/www.cpv-ev.com\/?page_id=22955\"><span class=\"screen-reader-text\">  Rialto Gillian Seguret &#8211; FRA, BEL<\/span> weiterlesen<span class=\"meta-nav\">&rarr;<\/span><\/a><\/p>\n","protected":false},"author":2,"featured_media":0,"parent":11821,"menu_order":0,"comment_status":"closed","ping_status":"closed","template":"","meta":{"ngg_post_thumbnail":0,"footnotes":""},"class_list":["post-22955","page","type-page","status-publish","hentry"],"_links":{"self":[{"href":"https:\/\/www.cpv-ev.com\/index.php?rest_route=\/wp\/v2\/pages\/22955","targetHints":{"allow":["GET"]}}],"collection":[{"href":"https:\/\/www.cpv-ev.com\/index.php?rest_route=\/wp\/v2\/pages"}],"about":[{"href":"https:\/\/www.cpv-ev.com\/index.php?rest_route=\/wp\/v2\/types\/page"}],"author":[{"embeddable":true,"href":"https:\/\/www.cpv-ev.com\/index.php?rest_route=\/wp\/v2\/users\/2"}],"replies":[{"embeddable":true,"href":"https:\/\/www.cpv-ev.com\/index.php?rest_route=%2Fwp%2Fv2%2Fcomments&post=22955"}],"version-history":[{"count":0,"href":"https:\/\/www.cpv-ev.com\/index.php?rest_route=\/wp\/v2\/pages\/22955\/revisions"}],"up":[{"embeddable":true,"href":"https:\/\/www.cpv-ev.com\/index.php?rest_route=\/wp\/v2\/pages\/11821"}],"wp:attachment":[{"href":"https:\/\/www.cpv-ev.com\/index.php?rest_route=%2Fwp%2Fv2%2Fmedia&parent=22955"}],"curies":[{"name":"wp","href":"https:\/\/api.w.org\/{rel}","templated":true}]}}