{"id":22898,"date":"2019-03-03T18:52:08","date_gmt":"2019-03-03T16:52:08","guid":{"rendered":"https:\/\/www.cpv-ev.com\/?page_id=22898"},"modified":"2026-02-26T10:14:34","modified_gmt":"2026-02-26T09:14:34","slug":"ekelys-chance","status":"publish","type":"page","link":"https:\/\/www.cpv-ev.com\/?page_id=22898","title":{"rendered":"Ekely&#8217;s Chance"},"content":{"rendered":"<table border=\"1\" cellspacing=\"0\" cellpadding=\"0\">\n<tbody>\n<tr>\n<td colspan=\"2\" valign=\"top\" width=\"717\"><img loading=\"lazy\" decoding=\"async\" src=\"https:\/\/www.cpv-ev.com\/wp-content\/uploads\/2012\/07\/trans240x10.gif\" alt=\"trans240x10\" width=\"240\" height=\"10\"><\/td>\n<\/tr>\n<tr>\n<td valign=\"top\" width=\"359\"><strong>Farbe:<\/strong> Schimmel<br \/>\n<strong>Geburtsfarbe:&nbsp;<\/strong>Rappe<\/td>\n<td valign=\"top\" width=\"359\"><strong>Hengstbuch:<\/strong> Hannover HB I, Pr\u00e4mienhengst, Leistungshengst,<br \/>\nzugelassen f\u00fcr Deutsche Reitpony, FN-Bundespr\u00e4mienhengst, FN Bundessieger 2023<br \/>\n<strong>K\u00f6rung:<\/strong> 23.02.2019 Adelheidsdorf<\/td>\n<\/tr>\n<tr>\n<td valign=\"top\" width=\"359\"><strong>Geboren:<\/strong> 27.04.2016<\/td>\n<td valign=\"top\" width=\"359\"><strong>Leistungspr\u00fcfung: <\/strong>Neustadt\/Dosse 2021,<strong><br \/>\n<\/strong>30 TT, WN 7,63 (Rang 16\/21)<\/td>\n<\/tr>\n<tr>\n<td valign=\"top\" width=\"359\"><strong>Stockma\u00df:&nbsp;<\/strong>146 cm<\/td>\n<td valign=\"top\" width=\"359\"><strong>Tr\u00e4ger des Creme-Faktors: <\/strong><strong><br \/>\n<\/strong><\/td>\n<\/tr>\n<tr>\n<td valign=\"top\" width=\"359\"><strong>R\u00f6hrbein: <\/strong><strong><br \/>\n<\/strong><\/td>\n<td valign=\"top\" width=\"359\"><strong>Tr\u00e4ger des Fuchsgens: <\/strong><strong><br \/>\n<\/strong><\/td>\n<\/tr>\n<tr>\n<td valign=\"top\" width=\"359\"><strong>Ausgeschieden:&nbsp;<\/strong>seit 2024 in Irland<\/td>\n<td valign=\"top\" width=\"359\">&nbsp;<\/td>\n<\/tr>\n<tr>\n<td valign=\"top\" width=\"359\"><strong style=\"line-height: 24px;\">HWSD-Status: <\/strong>N\/N mit Abstammungs\u00fcberpr\u00fcfung<strong style=\"line-height: 24px;\"><br \/>\n<\/strong><\/td>\n<td valign=\"top\" width=\"359\"><strong>CA-Status: <\/strong>N\/N<strong><br \/>\n<\/strong><\/td>\n<\/tr>\n<tr>\n<td valign=\"top\" width=\"359\"><img loading=\"lazy\" decoding=\"async\" class=\"alignnone size-full wp-image-232\" src=\"https:\/\/www.cpv-ev.com\/wp-content\/uploads\/2012\/07\/trans240x10.gif\" alt=\"trans240x10\" width=\"240\" height=\"10\" srcset=\"https:\/\/www.cpv-ev.com\/wp-content\/uploads\/2012\/07\/trans240x10.gif 240w, https:\/\/www.cpv-ev.com\/wp-content\/uploads\/2012\/07\/trans240x10-225x10.gif 225w\" sizes=\"auto, (max-width: 240px) 100vw, 240px\" \/><\/td>\n<td valign=\"top\" width=\"359\">&nbsp;<\/td>\n<\/tr>\n<tr>\n<td valign=\"top\" width=\"359\"><strong>Gek\u00f6rte S\u00f6hne:&nbsp;<\/strong>&nbsp;Celtic DK, Cailan DK, Mikado<\/td>\n<td valign=\"top\" width=\"359\"><strong>Eingetragene Stuten:<\/strong> &#8211;<br \/>\n<strong>davon StPrSt: <\/strong>&#8211;<strong><br \/>\n<\/strong><\/td>\n<\/tr>\n<tr>\n<td valign=\"top\" width=\"359\"><img loading=\"lazy\" decoding=\"async\" src=\"https:\/\/www.cpv-ev.com\/wp-content\/uploads\/2012\/07\/trans240x10.gif\" alt=\"trans240x10\" width=\"240\" height=\"10\"><\/td>\n<td valign=\"top\" width=\"359\">&nbsp;<\/td>\n<\/tr>\n<tr>\n<td valign=\"top\" width=\"359\"><strong>Lebensgewinnsumme:<\/strong> &#8211;<img loading=\"lazy\" decoding=\"async\" class=\"alignnone size-full wp-image-232\" title=\"trans240x10\" src=\"https:\/\/www.cpv-ev.com\/wp-content\/uploads\/2012\/07\/trans240x10.gif\" alt=\"\" width=\"100\" height=\"20\"><\/td>\n<td valign=\"top\" width=\"359\"><strong>Nachkommen-LGS: <\/strong>&#8211;<\/td>\n<\/tr>\n<tr>\n<td colspan=\"2\" valign=\"top\" width=\"717\"><img loading=\"lazy\" decoding=\"async\" src=\"https:\/\/www.cpv-ev.com\/wp-content\/uploads\/2012\/07\/trans240x10.gif\" alt=\"trans240x10\" width=\"240\" height=\"10\"><\/td>\n<\/tr>\n<tr>\n<td colspan=\"2\" valign=\"top\" width=\"717\"><strong>Z\u00fcchter &amp; Besitzer: <\/strong>Susanne Lehmann, Ekely Connemara Ponys, 26345 Bockhorn<\/td>\n<\/tr>\n<tr>\n<td valign=\"top\" width=\"359\">Telefon: 04488-860660<\/td>\n<td valign=\"top\" width=\"359\">Mobil: 0151-24145885<\/td>\n<\/tr>\n<tr>\n<td valign=\"top\" width=\"307\">Email: <a href=\"mailto:info@foto-job.com\">info@foto-job.com<\/a><\/td>\n<td valign=\"top\" width=\"307\">Website:<\/td>\n<\/tr>\n<\/tbody>\n<\/table>\n<h5>Pedigree<\/h5>\n<p><a href=\"https:\/\/www.cpv-ev.com\/wp-content\/uploads\/2019\/03\/Ekelys-Chance-Ped.jpg\"><img loading=\"lazy\" decoding=\"async\" class=\"alignleft size-full wp-image-22922\" src=\"https:\/\/www.cpv-ev.com\/wp-content\/uploads\/2019\/03\/Ekelys-Chance-Ped.jpg\" alt=\"\" width=\"680\" height=\"310\" srcset=\"https:\/\/www.cpv-ev.com\/wp-content\/uploads\/2019\/03\/Ekelys-Chance-Ped.jpg 680w, https:\/\/www.cpv-ev.com\/wp-content\/uploads\/2019\/03\/Ekelys-Chance-Ped-241x110.jpg 241w, https:\/\/www.cpv-ev.com\/wp-content\/uploads\/2019\/03\/Ekelys-Chance-Ped-300x137.jpg 300w, https:\/\/www.cpv-ev.com\/wp-content\/uploads\/2019\/03\/Ekelys-Chance-Ped-500x228.jpg 500w\" sizes=\"auto, (max-width: 680px) 100vw, 680px\" \/><\/a><\/p>\n<p><img loading=\"lazy\" decoding=\"async\" src=\"https:\/\/www.cpv-ev.com\/wp-content\/uploads\/2012\/07\/trans240x10.gif\" alt=\"trans240x10\" width=\"240\" height=\"10\"><\/p>\n<h5>Galerie<\/h5>\n<p><a href=\"https:\/\/www.cpv-ev.com\/wp-content\/uploads\/2019\/03\/Ekelys-Chance.jpg\"><img loading=\"lazy\" decoding=\"async\" class=\"alignnone size-thumbnail wp-image-23044\" src=\"https:\/\/www.cpv-ev.com\/wp-content\/uploads\/2019\/03\/Ekelys-Chance-147x110.jpg\" alt=\"\" width=\"147\" height=\"110\" srcset=\"https:\/\/www.cpv-ev.com\/wp-content\/uploads\/2019\/03\/Ekelys-Chance-147x110.jpg 147w, https:\/\/www.cpv-ev.com\/wp-content\/uploads\/2019\/03\/Ekelys-Chance-300x225.jpg 300w, https:\/\/www.cpv-ev.com\/wp-content\/uploads\/2019\/03\/Ekelys-Chance-500x375.jpg 500w, https:\/\/www.cpv-ev.com\/wp-content\/uploads\/2019\/03\/Ekelys-Chance-146x110.jpg 146w, https:\/\/www.cpv-ev.com\/wp-content\/uploads\/2019\/03\/Ekelys-Chance.jpg 750w\" sizes=\"auto, (max-width: 147px) 100vw, 147px\" \/><\/a>&nbsp; <a href=\"https:\/\/www.cpv-ev.com\/wp-content\/uploads\/2019\/03\/Ekelys-Chance-Spr.jpg\"><img loading=\"lazy\" decoding=\"async\" class=\"alignnone size-thumbnail wp-image-23042\" src=\"https:\/\/www.cpv-ev.com\/wp-content\/uploads\/2019\/03\/Ekelys-Chance-Spr-147x110.jpg\" alt=\"\" width=\"147\" height=\"110\" srcset=\"https:\/\/www.cpv-ev.com\/wp-content\/uploads\/2019\/03\/Ekelys-Chance-Spr-147x110.jpg 147w, https:\/\/www.cpv-ev.com\/wp-content\/uploads\/2019\/03\/Ekelys-Chance-Spr-300x225.jpg 300w, https:\/\/www.cpv-ev.com\/wp-content\/uploads\/2019\/03\/Ekelys-Chance-Spr-500x375.jpg 500w, https:\/\/www.cpv-ev.com\/wp-content\/uploads\/2019\/03\/Ekelys-Chance-Spr-146x110.jpg 146w, https:\/\/www.cpv-ev.com\/wp-content\/uploads\/2019\/03\/Ekelys-Chance-Spr.jpg 750w\" sizes=\"auto, (max-width: 147px) 100vw, 147px\" \/><\/a>&nbsp; <a href=\"https:\/\/www.cpv-ev.com\/wp-content\/uploads\/2019\/03\/Ekelys-Chance-Kopf.jpg\"><img loading=\"lazy\" decoding=\"async\" class=\"alignnone size-thumbnail wp-image-23041\" src=\"https:\/\/www.cpv-ev.com\/wp-content\/uploads\/2019\/03\/Ekelys-Chance-Kopf-82x110.jpg\" alt=\"\" width=\"82\" height=\"110\" srcset=\"https:\/\/www.cpv-ev.com\/wp-content\/uploads\/2019\/03\/Ekelys-Chance-Kopf-82x110.jpg 82w, https:\/\/www.cpv-ev.com\/wp-content\/uploads\/2019\/03\/Ekelys-Chance-Kopf-300x400.jpg 300w, https:\/\/www.cpv-ev.com\/wp-content\/uploads\/2019\/03\/Ekelys-Chance-Kopf-375x500.jpg 375w, https:\/\/www.cpv-ev.com\/wp-content\/uploads\/2019\/03\/Ekelys-Chance-Kopf-110x146.jpg 110w, https:\/\/www.cpv-ev.com\/wp-content\/uploads\/2019\/03\/Ekelys-Chance-Kopf-225x300.jpg 225w, https:\/\/www.cpv-ev.com\/wp-content\/uploads\/2019\/03\/Ekelys-Chance-Kopf.jpg 562w\" sizes=\"auto, (max-width: 82px) 100vw, 82px\" \/>&nbsp; <\/a><a href=\"https:\/\/www.cpv-ev.com\/wp-content\/uploads\/2021\/06\/Ekelys-Chance-21.jpg\"><img loading=\"lazy\" decoding=\"async\" class=\"alignnone size-thumbnail wp-image-26667\" src=\"https:\/\/www.cpv-ev.com\/wp-content\/uploads\/2021\/06\/Ekelys-Chance-21-147x110.jpg\" alt=\"\" width=\"147\" height=\"110\" srcset=\"https:\/\/www.cpv-ev.com\/wp-content\/uploads\/2021\/06\/Ekelys-Chance-21-147x110.jpg 147w, https:\/\/www.cpv-ev.com\/wp-content\/uploads\/2021\/06\/Ekelys-Chance-21-300x225.jpg 300w, https:\/\/www.cpv-ev.com\/wp-content\/uploads\/2021\/06\/Ekelys-Chance-21-500x375.jpg 500w, https:\/\/www.cpv-ev.com\/wp-content\/uploads\/2021\/06\/Ekelys-Chance-21-146x110.jpg 146w, https:\/\/www.cpv-ev.com\/wp-content\/uploads\/2021\/06\/Ekelys-Chance-21.jpg 750w\" sizes=\"auto, (max-width: 147px) 100vw, 147px\" \/><\/a><a href=\"https:\/\/www.cpv-ev.com\/wp-content\/uploads\/2019\/03\/Ekelys-Chance-Kopf.jpg\">&nbsp; <\/a><a href=\"https:\/\/www.cpv-ev.com\/wp-content\/uploads\/2021\/06\/Ekelys-Chance-K.jpg\"><img loading=\"lazy\" decoding=\"async\" class=\"alignnone wp-image-26668\" src=\"https:\/\/www.cpv-ev.com\/wp-content\/uploads\/2021\/06\/Ekelys-Chance-K-83x110.jpg\" alt=\"\" width=\"83\" height=\"110\" srcset=\"https:\/\/www.cpv-ev.com\/wp-content\/uploads\/2021\/06\/Ekelys-Chance-K-83x110.jpg 83w, https:\/\/www.cpv-ev.com\/wp-content\/uploads\/2021\/06\/Ekelys-Chance-K-300x400.jpg 300w, https:\/\/www.cpv-ev.com\/wp-content\/uploads\/2021\/06\/Ekelys-Chance-K-375x500.jpg 375w, https:\/\/www.cpv-ev.com\/wp-content\/uploads\/2021\/06\/Ekelys-Chance-K-110x146.jpg 110w, https:\/\/www.cpv-ev.com\/wp-content\/uploads\/2021\/06\/Ekelys-Chance-K-225x300.jpg 225w, https:\/\/www.cpv-ev.com\/wp-content\/uploads\/2021\/06\/Ekelys-Chance-K.jpg 563w\" sizes=\"auto, (max-width: 83px) 100vw, 83px\" \/>&nbsp; <\/a><a href=\"https:\/\/www.cpv-ev.com\/wp-content\/uploads\/2021\/09\/Ekelys-Chance-Trab.jpg\"><img loading=\"lazy\" decoding=\"async\" class=\"alignnone size-thumbnail wp-image-26979\" src=\"https:\/\/www.cpv-ev.com\/wp-content\/uploads\/2021\/09\/Ekelys-Chance-Trab-147x110.jpg\" alt=\"\" width=\"147\" height=\"110\" srcset=\"https:\/\/www.cpv-ev.com\/wp-content\/uploads\/2021\/09\/Ekelys-Chance-Trab-147x110.jpg 147w, https:\/\/www.cpv-ev.com\/wp-content\/uploads\/2021\/09\/Ekelys-Chance-Trab-300x225.jpg 300w, https:\/\/www.cpv-ev.com\/wp-content\/uploads\/2021\/09\/Ekelys-Chance-Trab-500x375.jpg 500w, https:\/\/www.cpv-ev.com\/wp-content\/uploads\/2021\/09\/Ekelys-Chance-Trab-146x110.jpg 146w, https:\/\/www.cpv-ev.com\/wp-content\/uploads\/2021\/09\/Ekelys-Chance-Trab.jpg 750w\" sizes=\"auto, (max-width: 147px) 100vw, 147px\" \/><\/a>&nbsp; <a href=\"https:\/\/www.cpv-ev.com\/wp-content\/uploads\/2021\/09\/Ekelys-Chance-Spr.jpg\"><img loading=\"lazy\" decoding=\"async\" class=\"alignnone size-thumbnail wp-image-26978\" src=\"https:\/\/www.cpv-ev.com\/wp-content\/uploads\/2021\/09\/Ekelys-Chance-Spr-147x110.jpg\" alt=\"\" width=\"147\" height=\"110\" srcset=\"https:\/\/www.cpv-ev.com\/wp-content\/uploads\/2021\/09\/Ekelys-Chance-Spr-147x110.jpg 147w, https:\/\/www.cpv-ev.com\/wp-content\/uploads\/2021\/09\/Ekelys-Chance-Spr-300x225.jpg 300w, https:\/\/www.cpv-ev.com\/wp-content\/uploads\/2021\/09\/Ekelys-Chance-Spr-500x375.jpg 500w, https:\/\/www.cpv-ev.com\/wp-content\/uploads\/2021\/09\/Ekelys-Chance-Spr-146x110.jpg 146w, https:\/\/www.cpv-ev.com\/wp-content\/uploads\/2021\/09\/Ekelys-Chance-Spr.jpg 750w\" sizes=\"auto, (max-width: 147px) 100vw, 147px\" \/><\/a>&nbsp; <a href=\"https:\/\/www.cpv-ev.com\/wp-content\/uploads\/2021\/09\/Ekelys-Chance-Gel-Gal.jpg\"><img loading=\"lazy\" decoding=\"async\" class=\"alignnone size-thumbnail wp-image-26976\" src=\"https:\/\/www.cpv-ev.com\/wp-content\/uploads\/2021\/09\/Ekelys-Chance-Gel-Gal-147x110.jpg\" alt=\"\" width=\"147\" height=\"110\" srcset=\"https:\/\/www.cpv-ev.com\/wp-content\/uploads\/2021\/09\/Ekelys-Chance-Gel-Gal-147x110.jpg 147w, https:\/\/www.cpv-ev.com\/wp-content\/uploads\/2021\/09\/Ekelys-Chance-Gel-Gal-300x225.jpg 300w, https:\/\/www.cpv-ev.com\/wp-content\/uploads\/2021\/09\/Ekelys-Chance-Gel-Gal-500x375.jpg 500w, https:\/\/www.cpv-ev.com\/wp-content\/uploads\/2021\/09\/Ekelys-Chance-Gel-Gal-146x110.jpg 146w, https:\/\/www.cpv-ev.com\/wp-content\/uploads\/2021\/09\/Ekelys-Chance-Gel-Gal.jpg 750w\" sizes=\"auto, (max-width: 147px) 100vw, 147px\" \/>&nbsp; <\/a><a href=\"https:\/\/www.cpv-ev.com\/wp-content\/uploads\/2021\/09\/Ekelys-Chance-Gel-Spr.jpg\"><img loading=\"lazy\" decoding=\"async\" class=\"alignnone size-thumbnail wp-image-26977\" src=\"https:\/\/www.cpv-ev.com\/wp-content\/uploads\/2021\/09\/Ekelys-Chance-Gel-Spr-147x110.jpg\" alt=\"\" width=\"147\" height=\"110\" srcset=\"https:\/\/www.cpv-ev.com\/wp-content\/uploads\/2021\/09\/Ekelys-Chance-Gel-Spr-147x110.jpg 147w, https:\/\/www.cpv-ev.com\/wp-content\/uploads\/2021\/09\/Ekelys-Chance-Gel-Spr-300x225.jpg 300w, https:\/\/www.cpv-ev.com\/wp-content\/uploads\/2021\/09\/Ekelys-Chance-Gel-Spr-500x375.jpg 500w, https:\/\/www.cpv-ev.com\/wp-content\/uploads\/2021\/09\/Ekelys-Chance-Gel-Spr-146x110.jpg 146w, https:\/\/www.cpv-ev.com\/wp-content\/uploads\/2021\/09\/Ekelys-Chance-Gel-Spr.jpg 750w\" sizes=\"auto, (max-width: 147px) 100vw, 147px\" \/><\/a><\/p>\n<h5>Nachkommen<\/h5>\n\n<table id=\"tablepress-18\" class=\"tablepress tablepress-id-18\">\n<thead>\n<tr class=\"row-1\">\n\t<th class=\"column-1\">FOTO<\/th><th class=\"column-2\">NAME<\/th><th class=\"column-3\">JAHR<\/th><th class=\"column-4\">VATER<\/th><th class=\"column-5\">MUTTER<\/th><th class=\"column-6\">Z\u00dcCHTER<\/th>\n<\/tr>\n<\/thead>\n<tbody class=\"row-striping row-hover\">\n<\/tbody>\n<\/table>\n<!-- #tablepress-18 from cache -->\n","protected":false},"excerpt":{"rendered":"<p>Farbe: Schimmel Geburtsfarbe:&nbsp;Rappe Hengstbuch: Hannover HB I, Pr\u00e4mienhengst, Leistungshengst, zugelassen f\u00fcr Deutsche Reitpony, FN-Bundespr\u00e4mienhengst, FN Bundessieger 2023 K\u00f6rung: 23.02.2019 Adelheidsdorf Geboren: 27.04.2016 Leistungspr\u00fcfung: Neustadt\/Dosse 2021, 30 TT, WN 7,63 (Rang 16\/21) Stockma\u00df:&nbsp;146 cm Tr\u00e4ger des Creme-Faktors: R\u00f6hrbein: Tr\u00e4ger des Fuchsgens: <a class=\"more-link\" href=\"https:\/\/www.cpv-ev.com\/?page_id=22898\"><span class=\"screen-reader-text\">  Ekely&#8217;s Chance<\/span> weiterlesen<span class=\"meta-nav\">&rarr;<\/span><\/a><\/p>\n","protected":false},"author":2,"featured_media":0,"parent":11804,"menu_order":0,"comment_status":"closed","ping_status":"closed","template":"","meta":{"ngg_post_thumbnail":0,"footnotes":""},"class_list":["post-22898","page","type-page","status-publish","hentry"],"_links":{"self":[{"href":"https:\/\/www.cpv-ev.com\/index.php?rest_route=\/wp\/v2\/pages\/22898","targetHints":{"allow":["GET"]}}],"collection":[{"href":"https:\/\/www.cpv-ev.com\/index.php?rest_route=\/wp\/v2\/pages"}],"about":[{"href":"https:\/\/www.cpv-ev.com\/index.php?rest_route=\/wp\/v2\/types\/page"}],"author":[{"embeddable":true,"href":"https:\/\/www.cpv-ev.com\/index.php?rest_route=\/wp\/v2\/users\/2"}],"replies":[{"embeddable":true,"href":"https:\/\/www.cpv-ev.com\/index.php?rest_route=%2Fwp%2Fv2%2Fcomments&post=22898"}],"version-history":[{"count":3,"href":"https:\/\/www.cpv-ev.com\/index.php?rest_route=\/wp\/v2\/pages\/22898\/revisions"}],"predecessor-version":[{"id":29926,"href":"https:\/\/www.cpv-ev.com\/index.php?rest_route=\/wp\/v2\/pages\/22898\/revisions\/29926"}],"up":[{"embeddable":true,"href":"https:\/\/www.cpv-ev.com\/index.php?rest_route=\/wp\/v2\/pages\/11804"}],"wp:attachment":[{"href":"https:\/\/www.cpv-ev.com\/index.php?rest_route=%2Fwp%2Fv2%2Fmedia&parent=22898"}],"curies":[{"name":"wp","href":"https:\/\/api.w.org\/{rel}","templated":true}]}}