{"id":22880,"date":"2019-03-10T12:05:21","date_gmt":"2019-03-10T10:05:21","guid":{"rendered":"https:\/\/www.cpv-ev.com\/?page_id=22880"},"modified":"2020-04-17T15:52:35","modified_gmt":"2020-04-17T13:52:35","slug":"moher-knight","status":"publish","type":"page","link":"https:\/\/www.cpv-ev.com\/?page_id=22880","title":{"rendered":"Moher Knight"},"content":{"rendered":"<p>&nbsp;<\/p>\n<table cellspacing=\"0\" cellpadding=\"0\" border=\"1\">\n<tbody>\n<tr>\n<td width=\"359\" valign=\"top\"><strong>Farbe:<\/strong> Schimmel<br \/>\n<strong>Geburtsfarbe: <\/strong>Braun<strong><br \/>\n<\/strong><\/td>\n<td width=\"359\" valign=\"top\"><strong>Hengstbuch:<\/strong> Rheinland und Hessen HB I,<\/p>\n<p>zugelassen f\u00fcr Deutsche Reitponys<\/td>\n<\/tr>\n<tr>\n<td width=\"359\" valign=\"top\"><strong>Geboren:<\/strong>&nbsp;27.03.2016<\/td>\n<td width=\"359\" valign=\"top\"><strong>Leistungspr\u00fcfung: <\/strong>noch keine<\/td>\n<\/tr>\n<tr>\n<td width=\"359\" valign=\"top\"><strong>Stockma\u00df:<\/strong> 143 cm<strong><br \/>\n<\/strong><\/td>\n<td width=\"359\" valign=\"top\"><strong>Tr\u00e4ger des Creme-Faktors:<\/strong><\/td>\n<\/tr>\n<tr>\n<td width=\"359\" valign=\"top\"><strong>R\u00f6hrbein: <\/strong><strong><br \/>\n<\/strong><\/td>\n<td width=\"359\" valign=\"top\"><strong>Tr\u00e4ger des Fuchsgens:<\/strong><\/td>\n<\/tr>\n<tr>\n<td width=\"359\" valign=\"top\"><strong style=\"line-height: 24px;\">Ausgeschieden: <\/strong>2020 kastriert<\/td>\n<\/tr>\n<tr>\n<td width=\"359\" valign=\"top\"><strong style=\"line-height: 24px;\">HWSD-Status: <\/strong>N\/N mit Abstammungs\u00fcberpr\u00fcfung<strong style=\"line-height: 24px;\"><br \/>\n<\/strong><\/td>\n<td width=\"359\" valign=\"top\">&nbsp;<\/td>\n<\/tr>\n<tr>\n<td width=\"359\" valign=\"top\"><img loading=\"lazy\" decoding=\"async\" class=\"alignnone size-full wp-image-232\" src=\"https:\/\/www.cpv-ev.com\/wp-content\/uploads\/2012\/07\/trans240x10.gif\" alt=\"trans240x10\" width=\"240\" height=\"10\" srcset=\"https:\/\/www.cpv-ev.com\/wp-content\/uploads\/2012\/07\/trans240x10.gif 240w, https:\/\/www.cpv-ev.com\/wp-content\/uploads\/2012\/07\/trans240x10-225x10.gif 225w\" sizes=\"auto, (max-width: 240px) 100vw, 240px\" \/><\/td>\n<td width=\"359\" valign=\"top\">&nbsp;<\/td>\n<\/tr>\n<tr>\n<td width=\"359\" valign=\"top\"><strong>Gek\u00f6rte S\u00f6hne:&nbsp;<\/strong> &#8211;<\/td>\n<td width=\"359\" valign=\"top\"><strong>Eingetragene Stuten:<\/strong> &#8211;<br \/>\n<strong>davon StPrSt: <\/strong><strong><br \/>\n<\/strong><\/td>\n<\/tr>\n<tr>\n<td width=\"359\" valign=\"top\"><img loading=\"lazy\" decoding=\"async\" src=\"https:\/\/www.cpv-ev.com\/wp-content\/uploads\/2012\/07\/trans240x10.gif\" alt=\"trans240x10\" width=\"240\" height=\"10\"><\/td>\n<td width=\"359\" valign=\"top\">&nbsp;<\/td>\n<\/tr>\n<tr>\n<td width=\"359\" valign=\"top\"><strong>Lebensgewinnsumme:<\/strong> &#8211;<img loading=\"lazy\" decoding=\"async\" class=\"alignnone size-full wp-image-232\" title=\"trans240x10\" src=\"https:\/\/www.cpv-ev.com\/wp-content\/uploads\/2012\/07\/trans240x10.gif\" alt=\"\" width=\"100\" height=\"20\"><\/td>\n<td width=\"359\" valign=\"top\"><strong>Nachkommen-LGS: <\/strong>&#8211;<\/td>\n<\/tr>\n<tr>\n<td colspan=\"2\" width=\"717\" valign=\"top\"><img loading=\"lazy\" decoding=\"async\" src=\"https:\/\/www.cpv-ev.com\/wp-content\/uploads\/2012\/07\/trans240x10.gif\" alt=\"trans240x10\" width=\"240\" height=\"10\"><\/td>\n<\/tr>\n<tr>\n<td colspan=\"2\" width=\"717\" valign=\"top\"><strong><strong>Z\u00fcchter: <\/strong><\/strong>Kieran Leyden, Liscannor, Irland<strong><strong><br \/>\n<\/strong><\/strong><strong>Besitzer: <\/strong>Timmy Kreuzer, 61276 Weilrod (Winden)<span id=\"sobi2Details_field_location\"><\/span><\/td>\n<\/tr>\n<\/tbody>\n<\/table>\n<h5>Pedigree<\/h5>\n<p><a href=\"https:\/\/www.cpv-ev.com\/wp-content\/uploads\/2019\/03\/Moher-Knight-Ped.jpg\"><img loading=\"lazy\" decoding=\"async\" class=\"alignleft size-full wp-image-22973\" src=\"https:\/\/www.cpv-ev.com\/wp-content\/uploads\/2019\/03\/Moher-Knight-Ped.jpg\" alt=\"\" width=\"680\" height=\"310\" srcset=\"https:\/\/www.cpv-ev.com\/wp-content\/uploads\/2019\/03\/Moher-Knight-Ped.jpg 680w, https:\/\/www.cpv-ev.com\/wp-content\/uploads\/2019\/03\/Moher-Knight-Ped-241x110.jpg 241w, https:\/\/www.cpv-ev.com\/wp-content\/uploads\/2019\/03\/Moher-Knight-Ped-300x137.jpg 300w, https:\/\/www.cpv-ev.com\/wp-content\/uploads\/2019\/03\/Moher-Knight-Ped-500x228.jpg 500w\" sizes=\"auto, (max-width: 680px) 100vw, 680px\" \/><\/a><\/p>\n<p>&nbsp;<\/p>\n<p>&nbsp;<\/p>\n<h5>Galerie&nbsp;&nbsp;&nbsp; &nbsp;&nbsp;&nbsp;<\/h5>\n<p><a href=\"https:\/\/www.cpv-ev.com\/wp-content\/uploads\/2019\/03\/Moher-Knight-Kopf.jpg\"><img loading=\"lazy\" decoding=\"async\" class=\"alignnone size-thumbnail wp-image-23035\" src=\"https:\/\/www.cpv-ev.com\/wp-content\/uploads\/2019\/03\/Moher-Knight-Kopf-83x110.jpg\" alt=\"\" width=\"83\" height=\"110\" srcset=\"https:\/\/www.cpv-ev.com\/wp-content\/uploads\/2019\/03\/Moher-Knight-Kopf-83x110.jpg 83w, https:\/\/www.cpv-ev.com\/wp-content\/uploads\/2019\/03\/Moher-Knight-Kopf-300x400.jpg 300w, https:\/\/www.cpv-ev.com\/wp-content\/uploads\/2019\/03\/Moher-Knight-Kopf-375x500.jpg 375w, https:\/\/www.cpv-ev.com\/wp-content\/uploads\/2019\/03\/Moher-Knight-Kopf-110x146.jpg 110w, https:\/\/www.cpv-ev.com\/wp-content\/uploads\/2019\/03\/Moher-Knight-Kopf-225x300.jpg 225w, https:\/\/www.cpv-ev.com\/wp-content\/uploads\/2019\/03\/Moher-Knight-Kopf.jpg 478w\" sizes=\"auto, (max-width: 83px) 100vw, 83px\" \/><\/a>&nbsp; <a href=\"https:\/\/www.cpv-ev.com\/wp-content\/uploads\/2019\/03\/Moher-Knight.jpg\"><img loading=\"lazy\" decoding=\"async\" class=\"alignnone size-thumbnail wp-image-23036\" src=\"https:\/\/www.cpv-ev.com\/wp-content\/uploads\/2019\/03\/Moher-Knight-147x110.jpg\" alt=\"\" width=\"147\" height=\"110\" srcset=\"https:\/\/www.cpv-ev.com\/wp-content\/uploads\/2019\/03\/Moher-Knight-147x110.jpg 147w, https:\/\/www.cpv-ev.com\/wp-content\/uploads\/2019\/03\/Moher-Knight-300x225.jpg 300w, https:\/\/www.cpv-ev.com\/wp-content\/uploads\/2019\/03\/Moher-Knight-500x375.jpg 500w, https:\/\/www.cpv-ev.com\/wp-content\/uploads\/2019\/03\/Moher-Knight-146x110.jpg 146w, https:\/\/www.cpv-ev.com\/wp-content\/uploads\/2019\/03\/Moher-Knight.jpg 711w\" sizes=\"auto, (max-width: 147px) 100vw, 147px\" \/><\/a><\/p>\n<h5>Nachkommen<\/h5>\n\n<table id=\"tablepress-18\" class=\"tablepress tablepress-id-18\">\n<thead>\n<tr class=\"row-1\">\n\t<th class=\"column-1\">FOTO<\/th><th class=\"column-2\">NAME<\/th><th class=\"column-3\">JAHR<\/th><th class=\"column-4\">VATER<\/th><th class=\"column-5\">MUTTER<\/th><th class=\"column-6\">Z\u00dcCHTER<\/th>\n<\/tr>\n<\/thead>\n<tbody class=\"row-striping row-hover\">\n<\/tbody>\n<\/table>\n<!-- #tablepress-18 from cache -->\n","protected":false},"excerpt":{"rendered":"<p>&nbsp; Farbe: Schimmel Geburtsfarbe: Braun Hengstbuch: Rheinland und Hessen HB I, zugelassen f\u00fcr Deutsche Reitponys Geboren:&nbsp;27.03.2016 Leistungspr\u00fcfung: noch keine Stockma\u00df: 143 cm Tr\u00e4ger des Creme-Faktors: R\u00f6hrbein: Tr\u00e4ger des Fuchsgens: Ausgeschieden: 2020 kastriert HWSD-Status: N\/N mit Abstammungs\u00fcberpr\u00fcfung &nbsp; &nbsp; Gek\u00f6rte S\u00f6hne:&nbsp; <a class=\"more-link\" href=\"https:\/\/www.cpv-ev.com\/?page_id=22880\"><span class=\"screen-reader-text\">  Moher Knight<\/span> weiterlesen<span class=\"meta-nav\">&rarr;<\/span><\/a><\/p>\n","protected":false},"author":2,"featured_media":0,"parent":97,"menu_order":0,"comment_status":"closed","ping_status":"closed","template":"","meta":{"ngg_post_thumbnail":0,"footnotes":""},"class_list":["post-22880","page","type-page","status-publish","hentry"],"_links":{"self":[{"href":"https:\/\/www.cpv-ev.com\/index.php?rest_route=\/wp\/v2\/pages\/22880","targetHints":{"allow":["GET"]}}],"collection":[{"href":"https:\/\/www.cpv-ev.com\/index.php?rest_route=\/wp\/v2\/pages"}],"about":[{"href":"https:\/\/www.cpv-ev.com\/index.php?rest_route=\/wp\/v2\/types\/page"}],"author":[{"embeddable":true,"href":"https:\/\/www.cpv-ev.com\/index.php?rest_route=\/wp\/v2\/users\/2"}],"replies":[{"embeddable":true,"href":"https:\/\/www.cpv-ev.com\/index.php?rest_route=%2Fwp%2Fv2%2Fcomments&post=22880"}],"version-history":[{"count":0,"href":"https:\/\/www.cpv-ev.com\/index.php?rest_route=\/wp\/v2\/pages\/22880\/revisions"}],"up":[{"embeddable":true,"href":"https:\/\/www.cpv-ev.com\/index.php?rest_route=\/wp\/v2\/pages\/97"}],"wp:attachment":[{"href":"https:\/\/www.cpv-ev.com\/index.php?rest_route=%2Fwp%2Fv2%2Fmedia&parent=22880"}],"curies":[{"name":"wp","href":"https:\/\/api.w.org\/{rel}","templated":true}]}}