{"id":22646,"date":"2018-07-14T15:19:17","date_gmt":"2018-07-14T13:19:17","guid":{"rendered":"https:\/\/www.cpv-ev.com\/?page_id=22646"},"modified":"2018-07-14T15:19:17","modified_gmt":"2018-07-14T13:19:17","slug":"lgs-2017","status":"publish","type":"page","link":"https:\/\/www.cpv-ev.com\/?page_id=22646","title":{"rendered":"LGS 2017"},"content":{"rendered":"<p>&nbsp;<\/p>\n<p><a href=\"https:\/\/www.cpv-ev.com\/wp-content\/uploads\/2018\/07\/2017-LGS.jpg\"><img loading=\"lazy\" decoding=\"async\" class=\"alignleft size-full wp-image-22645\" src=\"https:\/\/www.cpv-ev.com\/wp-content\/uploads\/2018\/07\/2017-LGS.jpg\" alt=\"\" width=\"459\" height=\"942\" srcset=\"https:\/\/www.cpv-ev.com\/wp-content\/uploads\/2018\/07\/2017-LGS.jpg 459w, https:\/\/www.cpv-ev.com\/wp-content\/uploads\/2018\/07\/2017-LGS-54x110.jpg 54w, https:\/\/www.cpv-ev.com\/wp-content\/uploads\/2018\/07\/2017-LGS-300x616.jpg 300w, https:\/\/www.cpv-ev.com\/wp-content\/uploads\/2018\/07\/2017-LGS-244x500.jpg 244w\" sizes=\"auto, (max-width: 459px) 100vw, 459px\" \/><\/a><\/p>\n<p style=\"text-align: justify;\">\u00dcber die Qualit\u00e4t der zur Zucht eingesetzten Hengste l\u00e4\u00dft sich streiten, ihre Vererbungsqualit\u00e4t zeigt sich m\u00f6glicherweise erst in den folgenden Generationen. In Deutschland wurde recht fr\u00fch mit einem System gearbeitet, dass in verschiedenen Altersstufen die Vererbungsqualit\u00e4t der Hengste bzw. der Anpaarungen erfassen sollte.<\/p>\n<p>&nbsp;<\/p>\n<p style=\"text-align: justify;\">Wichtig wurde vor allem die Eigenleistung der Hengste genommen, die sich zun\u00e4chst in den verschiedenen Leistungspr\u00fcfungen darstellen lie\u00df, um&nbsp; eine Grundeinsch\u00e4tzung des Zuchtwerts des vorgestellten Hengstes zu erhalten.<\/p>\n<p>&nbsp;<\/p>\n<p style=\"text-align: justify;\">Weiterhin ist es den Hengsten nat\u00fcrlich m\u00f6glich, sich vor allem im Turniersport einen Namen zu machen. Die Turniersportstatistik wird seit ca. 1975 gepflegt. Die Korrelation zwischen eigenen Erfolgen und den Erfolgen der Nachzucht ist vielfach darstellbar, das Gegenteil allerdings auch &#8211; die Rassegruppe Connemara im Turniersport ist nach wie vor klein, so dass eine abschlie\u00dfende Beurteilung der Ergebnisse schwer f\u00e4llt.<\/p>\n<p>&nbsp;<\/p>\n<p style=\"text-align: justify;\">Die dargestellte Tabelle erschlie\u00dft sich inhaltlich von selbst, und auch ihre Bedeutung f\u00fcr die Zucht ist f\u00fcr den Betrachter selbst zu erfassen. Der Vergleich von 2016 auf 2017 hat bei einem Hengst zu einem r\u00fcckl\u00e4ufigen Ergebnis gef\u00fchrt (Golden Rock), dies Ergebnis mag einer Neuberechnung bei der FN zugrunde liegen.<\/p>\n<p>&nbsp;<\/p>\n<p style=\"text-align: justify;\">Die aktuell im Hengstverteilungsplan aktiven Hengste sind mit einem * vor dem Namen gekennzeichnet, der beste aktive Hengst ist demnach Marvellous Simon auf Rang 11. Insgesamt 20 der z. Zt. aktiven rund 55 Hengste auf dem Hengstverteilungsplan sind mit ihrer LGS vertreten.<\/p>\n<p>&nbsp;<\/p>\n<p style=\"text-align: justify;\">Die einzelnen Seiten der Website (<strong><a href=\"https:\/\/www.cpv-ev.com\/?page_id=97\" target=\"_blank\" rel=\"noopener noreferrer\">Hengstverteilungsplan<\/a><\/strong>\/ <strong><a href=\"https:\/\/www.cpv-ev.com\/?page_id=331\" target=\"_blank\" rel=\"noopener noreferrer\">Hengstarchiv<\/a><\/strong>) sind in Bezug auf die LGS und NLGS auf den Stand Ende 2017 aktualisiert worden.<\/p>\n","protected":false},"excerpt":{"rendered":"<p>&nbsp; \u00dcber die Qualit\u00e4t der zur Zucht eingesetzten Hengste l\u00e4\u00dft sich streiten, ihre Vererbungsqualit\u00e4t zeigt sich m\u00f6glicherweise erst in den folgenden Generationen. In Deutschland wurde recht fr\u00fch mit einem System gearbeitet, dass in verschiedenen Altersstufen die Vererbungsqualit\u00e4t der Hengste bzw. <a class=\"more-link\" href=\"https:\/\/www.cpv-ev.com\/?page_id=22646\"><span class=\"screen-reader-text\">  LGS 2017<\/span> weiterlesen<span class=\"meta-nav\">&rarr;<\/span><\/a><\/p>\n","protected":false},"author":2,"featured_media":0,"parent":0,"menu_order":0,"comment_status":"closed","ping_status":"closed","template":"onecolumn-page.php","meta":{"ngg_post_thumbnail":0,"footnotes":""},"class_list":["post-22646","page","type-page","status-publish","hentry"],"_links":{"self":[{"href":"https:\/\/www.cpv-ev.com\/index.php?rest_route=\/wp\/v2\/pages\/22646","targetHints":{"allow":["GET"]}}],"collection":[{"href":"https:\/\/www.cpv-ev.com\/index.php?rest_route=\/wp\/v2\/pages"}],"about":[{"href":"https:\/\/www.cpv-ev.com\/index.php?rest_route=\/wp\/v2\/types\/page"}],"author":[{"embeddable":true,"href":"https:\/\/www.cpv-ev.com\/index.php?rest_route=\/wp\/v2\/users\/2"}],"replies":[{"embeddable":true,"href":"https:\/\/www.cpv-ev.com\/index.php?rest_route=%2Fwp%2Fv2%2Fcomments&post=22646"}],"version-history":[{"count":0,"href":"https:\/\/www.cpv-ev.com\/index.php?rest_route=\/wp\/v2\/pages\/22646\/revisions"}],"wp:attachment":[{"href":"https:\/\/www.cpv-ev.com\/index.php?rest_route=%2Fwp%2Fv2%2Fmedia&parent=22646"}],"curies":[{"name":"wp","href":"https:\/\/api.w.org\/{rel}","templated":true}]}}