{"id":22634,"date":"2018-07-14T13:33:09","date_gmt":"2018-07-14T11:33:09","guid":{"rendered":"https:\/\/www.cpv-ev.com\/?page_id=22634"},"modified":"2018-07-14T13:33:09","modified_gmt":"2018-07-14T11:33:09","slug":"nlgs-2017","status":"publish","type":"page","link":"https:\/\/www.cpv-ev.com\/?page_id=22634","title":{"rendered":"NLGS 2017"},"content":{"rendered":"<p>&nbsp;<\/p>\n<p><a href=\"https:\/\/www.cpv-ev.com\/wp-content\/uploads\/2018\/07\/2017-NLGS.jpg\"><img loading=\"lazy\" decoding=\"async\" class=\"alignleft size-full wp-image-22633\" src=\"https:\/\/www.cpv-ev.com\/wp-content\/uploads\/2018\/07\/2017-NLGS.jpg\" alt=\"\" width=\"464\" height=\"1683\" srcset=\"https:\/\/www.cpv-ev.com\/wp-content\/uploads\/2018\/07\/2017-NLGS.jpg 464w, https:\/\/www.cpv-ev.com\/wp-content\/uploads\/2018\/07\/2017-NLGS-30x110.jpg 30w, https:\/\/www.cpv-ev.com\/wp-content\/uploads\/2018\/07\/2017-NLGS-300x1088.jpg 300w, https:\/\/www.cpv-ev.com\/wp-content\/uploads\/2018\/07\/2017-NLGS-138x500.jpg 138w\" sizes=\"auto, (max-width: 464px) 100vw, 464px\" \/><\/a><\/p>\n<p style=\"text-align: justify;\">\u00dcber die Qualit\u00e4t der zur Zucht eingesetzten Hengste l\u00e4\u00dft sich streiten, ihre Vererbungsqualit\u00e4t zeigt sich m\u00f6glicherweise erst in den folgenden Generationen. In Deutschland wurde recht fr\u00fch mit einem System gearbeitet, dass in verschiedenen Altersstufen die Vererbungsqualit\u00e4t der Hengste bzw. der Anpaarungen erfassen sollte.<\/p>\n<p>&nbsp;<\/p>\n<p style=\"text-align: justify;\">W\u00e4hrend gerade die Beurteilung der Verb\u00e4nde \u00fcber die Jahre weniger transparent nachzuvollziehen ist, ist eine M\u00f6glichkeit, \u00fcberhaupt eine Aussage \u00fcber Vererbungsqualit\u00e4t zu treffen, die bundesweite Auswertung der Jahrb\u00fccher Sport der FN, bei der die Sportdaten aller Bundesverb\u00e4nde erfasst wurden.<\/p>\n<p>&nbsp;<\/p>\n<p style=\"text-align: justify;\">Die dargestellte Tabelle erschlie\u00dft sich inhaltlich von selbst, und auch ihre Bedeutung f\u00fcr die Zucht ist f\u00fcr den Betrachter selbst zu erfassen. Der Vergleich von 2016 auf 2017 hat bei einigen Hengsten auch zu einem r\u00fcckl\u00e4ufigen Ergebnis gef\u00fchrt (z.B. Golden Dan, Juwel), diese Ergebnisse m\u00f6gen einer Neuberechnung bei der FN zugrunde liegen.<\/p>\n<p>&nbsp;<\/p>\n<p style=\"text-align: justify;\">Die aktuell im Hengstverteilungsplan aktiven Hengste sind mit einem * vor dem Namen gekennzeichnet, die beiden besten aktiven Vererber sind demnach Frederiksminde Hazy Marvel auf Rang 32, gefolgt von seinem Neffen Sir Henry auf Rang 33. Insgesamt 19 der z. Zt. aktiven rund 55 Hengste auf dem Hengstverteilungsplan sind mit NLGS vertreten.<\/p>\n<p>&nbsp;<\/p>\n<p style=\"text-align: justify;\">Hengste, die im Ausland stehen, in Deutschland aber im Sport erfolgreiche Nachzucht haben, sind mit einem L\u00e4nderk\u00fcrzel versehen, z.B. Innellan Kestrel \u2013 DEN auf Rang 17. Drei Hengste aus dem Ausland haben in Deutschland im Turniersport erfolgreiche Nachkommen.<\/p>\n<p>&nbsp;<\/p>\n<p style=\"text-align: justify;\">Die einzelnen Seiten der Website (<strong><a href=\"https:\/\/www.cpv-ev.com\/?page_id=97\" target=\"_blank\" rel=\"noopener noreferrer\">Hengstverteilungsplan<\/a><\/strong>\/ <strong><a href=\"https:\/\/www.cpv-ev.com\/?page_id=331\" rel=\"noopener\" target=\"_blank\">Hengstarchiv<\/a><\/strong>) sind in Bezug auf die LGS und NLGS auf den Stand Ende 2017 aktualisiert worden.<\/p>\n<p>&nbsp;<\/p>\n<p>&nbsp;<\/p>\n","protected":false},"excerpt":{"rendered":"<p>&nbsp; \u00dcber die Qualit\u00e4t der zur Zucht eingesetzten Hengste l\u00e4\u00dft sich streiten, ihre Vererbungsqualit\u00e4t zeigt sich m\u00f6glicherweise erst in den folgenden Generationen. In Deutschland wurde recht fr\u00fch mit einem System gearbeitet, dass in verschiedenen Altersstufen die Vererbungsqualit\u00e4t der Hengste bzw. <a class=\"more-link\" href=\"https:\/\/www.cpv-ev.com\/?page_id=22634\"><span class=\"screen-reader-text\">  NLGS 2017<\/span> weiterlesen<span class=\"meta-nav\">&rarr;<\/span><\/a><\/p>\n","protected":false},"author":2,"featured_media":0,"parent":0,"menu_order":0,"comment_status":"closed","ping_status":"closed","template":"onecolumn-page.php","meta":{"ngg_post_thumbnail":0,"footnotes":""},"class_list":["post-22634","page","type-page","status-publish","hentry"],"_links":{"self":[{"href":"https:\/\/www.cpv-ev.com\/index.php?rest_route=\/wp\/v2\/pages\/22634","targetHints":{"allow":["GET"]}}],"collection":[{"href":"https:\/\/www.cpv-ev.com\/index.php?rest_route=\/wp\/v2\/pages"}],"about":[{"href":"https:\/\/www.cpv-ev.com\/index.php?rest_route=\/wp\/v2\/types\/page"}],"author":[{"embeddable":true,"href":"https:\/\/www.cpv-ev.com\/index.php?rest_route=\/wp\/v2\/users\/2"}],"replies":[{"embeddable":true,"href":"https:\/\/www.cpv-ev.com\/index.php?rest_route=%2Fwp%2Fv2%2Fcomments&post=22634"}],"version-history":[{"count":0,"href":"https:\/\/www.cpv-ev.com\/index.php?rest_route=\/wp\/v2\/pages\/22634\/revisions"}],"wp:attachment":[{"href":"https:\/\/www.cpv-ev.com\/index.php?rest_route=%2Fwp%2Fv2%2Fmedia&parent=22634"}],"curies":[{"name":"wp","href":"https:\/\/api.w.org\/{rel}","templated":true}]}}