{"id":22,"date":"2012-07-09T13:26:33","date_gmt":"2012-07-09T11:26:33","guid":{"rendered":"https:\/\/www.cpv-ev.com?page_id=22"},"modified":"2023-12-06T11:50:37","modified_gmt":"2023-12-06T10:50:37","slug":"22-2","status":"publish","type":"page","link":"https:\/\/www.cpv-ev.com\/?page_id=22","title":{"rendered":"Rasseportrait"},"content":{"rendered":"<p><strong style=\"line-height: 24px; text-align: left;\">Connemara Ponys&#8230; f\u00fcr die ganze Familie, Partner in Freizeit und Sport!<\/strong><br \/>\n<a href=\"https:\/\/www.cpv-ev.com\/wp-content\/uploads\/2012\/07\/connemara.jpg\"><img loading=\"lazy\" decoding=\"async\" class=\"alignright size-full wp-image-30\" style=\"line-height: 18px; font-size: 12px; border: 1px solid #000;\" title=\"Connemara\" src=\"https:\/\/www.cpv-ev.com\/wp-content\/uploads\/2012\/07\/connemara-s.jpg\" alt=\"\" width=\"280\" height=\"175\" srcset=\"https:\/\/www.cpv-ev.com\/wp-content\/uploads\/2012\/07\/connemara-s.jpg 280w, https:\/\/www.cpv-ev.com\/wp-content\/uploads\/2012\/07\/connemara-s-176x110.jpg 176w\" sizes=\"auto, (max-width: 280px) 100vw, 280px\" \/><\/a><\/p>\n<p style=\"text-align: justify;\"><strong>Herkunft<br \/>\n<\/strong><br \/>\nConnemara ist eine Region im Westen Irlands in der Grafschaft Galway im Westen der Provinz Connacht. Es entspricht dem Teil der Grafschaft, der westlich des Sees Lough Corrib und der Barony of Ross (auch bekannt unter Joyces Country) liegt, die sich bis in die n\u00f6rdlichere Grafschaft Mayo erstreckt.<\/p>\n<p>Connemara ist landschaftlich zweigeteilt \u2013 der Teil s\u00fcdlich der Nationalstra\u00dfe N59 von Galway nach Clifden besteht haupts\u00e4chlich aus Heide- und Moorgebieten, der Nordteil aus mehreren \u00fcber 700 m hohen Bergen den Twelve Bens, in denen nahe Clifden auch der Connemara Nationalpark liegt.&nbsp;Eine Umgebung von einzigartiger Sch\u00f6nheit und Wildheit, die karg, unwirtlich und sogar feindlich f\u00fcr ihre Bewohner sein kann.<\/p>\n<p><a style=\"color: #ff4b33; line-height: 24px; text-align: left;\" href=\"https:\/\/www.cpv-ev.com\/wp-content\/uploads\/2012\/06\/stuten.jpg\"><img loading=\"lazy\" decoding=\"async\" class=\"size-full wp-image-123 alignleft\" style=\"margin-right: 20px;\" title=\"Stuten mit Fohlen\" src=\"https:\/\/www.cpv-ev.com\/wp-content\/uploads\/2012\/06\/stuten-s.jpg\" alt=\"\" width=\"280\" height=\"200\"><\/a><\/p>\n<p style=\"text-align: justify;\">Das Connemara Pony ist Irlands einzige \u201cnative\u201d Ponyrasse und wird seit Urzeiten als Reit- und Arbeitspony genutzt. W\u00e4hrend der Jahrhunderte wurde das urspr\u00fcnglich keltische Pony durch verschiedene andere Rassen beeinflusst, die Invasoren oder H\u00e4ndler nach Irland brachten. Ger\u00fcchten zufolge schwammen die edlen spanischen Pferde ans rettende Ufer, als die ber\u00fchmte Armada vor Irlands K\u00fcste sank. Sie verwilderten und mischten ihre Gene mit den einheimischen Ponys. Es ist jedoch eine Tatsache, dass Professor Ewart von der Universit\u00e4t Edinburgh im Jahre 1900 das Connemara Pony studierte und beeindruckt war von \u201cder St\u00e4rke, Ausdauer und Leichtf\u00fc\u00dfigkeit der Ponys, ihrer Intelligenz und Gelehrigkeit und von ihrer F\u00e4higkeit, unter Bedingungen zu arbeiten, die sich f\u00fcr Pferde, die unter weniger nat\u00fcrlichen Bedingungen aufgewachsen w\u00e4ren, schnell als katastrophal erweisen w\u00fcrden&#8220;. Ewart schlussfolgerte, dass dieses Pony gerettet werden m\u00fcsse, denn \u201cdie Rasse Connemara ist so wertvoll und fruchtbar und frei von erblichen Krankheiten, dass ihr Aussterben ein nationaler Verlust w\u00e4re\u201d.<\/p>\n<table class=\"main-names\" style=\"padding: 0px;\">\n<tbody>\n<tr>\n<td style=\"text-align: justify;\" colspan=\"3\" valign=\"top\">Ewarts Bericht hatte 1923 die Gr\u00fcndung der Connemara Pony Breeders&#8216; Society zur Folge, die seither f\u00fcr die Rasse verantwortlich ist. Ihre Aufgaben sind die F\u00f6rderung der Zucht von Connemara Ponys, deren Entwicklung und Erhaltung als eigenst\u00e4ndige Rasse, die Begutachtung (Inspection) aller Ponys vor der Aufnahme in das Stutbuch, den Z\u00fcchtern registrierte Hengste an geeigneten Orten zur Verf\u00fcgung zu stellen, die Mitglieder in Zucht- und Entwicklungsfragen zu unterst\u00fctzen. In den folgenden Jahren wurden Stuten und Hengste sehr gr\u00fcndlich selektiert. Eine kleine Anzahl von Vollblut- und Irish Draught-Hengsten sowie ein Araber wurden mit besonders typischen Stuten angepaart, um Geb\u00e4ude und Bewegung zu verbessern. Der Einfluss von Berber- und Welshhengsten, die im 19. Jahrhundert kurzfristig genutzt wurden, ist gering.<\/td>\n<\/tr>\n<tr>\n<td style=\"text-align: justify;\" colspan=\"3\" valign=\"top\">\n<table style=\"width: 100%; border-collapse: collapse; padding: 0px; margin: 0px;\">\n<tbody>\n<tr>\n<td style=\"text-align: left;\" valign=\"top\"><a href=\"https:\/\/www.cpv-ev.com\/wp-content\/uploads\/2012\/06\/hengst1.jpg\"><img loading=\"lazy\" decoding=\"async\" class=\"alignnone size-full wp-image-109\" title=\"Hengst auf der Show\" src=\"https:\/\/www.cpv-ev.com\/wp-content\/uploads\/2012\/06\/hengst1-s.jpg\" alt=\"\" width=\"280\" height=\"175\"><\/a><a id=\"mb3\" class=\"1\" title=\"Connemara\" href=\"img\/portrait\/2.jpg\" rel=\"\"><br \/>\n<\/a><\/td>\n<td style=\"text-align: center;\" valign=\"top\"><a href=\"https:\/\/www.cpv-ev.com\/wp-content\/uploads\/2012\/06\/hengst2.jpg\"><img loading=\"lazy\" decoding=\"async\" class=\"alignnone size-full wp-image-111\" title=\"Portrait\" src=\"https:\/\/www.cpv-ev.com\/wp-content\/uploads\/2012\/06\/hengst2-s.jpg\" alt=\"\" width=\"280\" height=\"175\"><\/a><\/td>\n<td style=\"text-align: right;\" valign=\"top\"><a href=\"https:\/\/www.cpv-ev.com\/wp-content\/uploads\/2012\/06\/hengst3.jpg\"><img loading=\"lazy\" decoding=\"async\" class=\"alignnone size-full wp-image-113\" title=\"Hengst auf der Show\" src=\"https:\/\/www.cpv-ev.com\/wp-content\/uploads\/2012\/06\/hengst3-s.jpg\" alt=\"\" width=\"280\" height=\"175\"><\/a><a id=\"mb5\" class=\"1\" title=\"Connemara\" href=\"img\/portrait\/4.jpg\" rel=\"\"><br \/>\n<\/a><\/td>\n<\/tr>\n<\/tbody>\n<\/table>\n<\/td>\n<\/tr>\n<tr>\n<td style=\"text-align: justify;\" colspan=\"3\" valign=\"top\">1963 wurde das Stutbuch geschlossen, seither werden nur&nbsp;noch Ponys mit registrierten Vorfahren aufgenommen. Die Connemaras haben alle Kontinente erobert, in&nbsp;den sechziger Jahren kamen die ersten Ponys nach&nbsp;Deutschland. Die aktuelle Population d\u00fcrfte bei ca. 2.500 Tieren liegen. Genaue Zahlen sind leider nicht&nbsp;verf\u00fcgbar, da es hierzulande kein zentrales Register&nbsp;gibt.&nbsp;Heutzutage sind Connemaras eher gro\u00dfe Ponys, meist zwischen 140 und 148 cm Stockma\u00df, manchmal auch dar\u00fcber, wodurch sie insbesondere auch f\u00fcr erwachsene Reiter interessant werden. Die Popularit\u00e4t der Connemaras beruht auf ihrem ruhigen, umg\u00e4nglichen Wesen, das die N\u00e4he zu seinem Menschen sucht. Sie gehen gerne vorw\u00e4rts, sind schnell und wendig, mutig, ausdauernd und hart. Umg\u00e4nglichkeit und Freundlichkeit machen das Connemara zu einem echten Familienpony. Aufgrund seiner Herkunft eignet sich&nbsp;das Connemara bestens f\u00fcr die Offenstallhaltung, es ist leichtfuttrig, langlebig und gesund.<\/td>\n<\/tr>\n<tr>\n<td style=\"text-align: justify;\" colspan=\"3\" valign=\"top\">\n<table style=\"width: 100%; border-collapse: collapse;padding: 0px; margin: 0px;\">\n<tbody>\n<tr>\n<td><a href=\"https:\/\/www.cpv-ev.com\/wp-content\/uploads\/2012\/06\/dressur.jpg\"><img loading=\"lazy\" decoding=\"async\" class=\"alignnone size-full wp-image-105\" title=\"Dressursport\" src=\"https:\/\/www.cpv-ev.com\/wp-content\/uploads\/2012\/06\/dressur-s.jpg\" alt=\"\" width=\"220\" height=\"150\"><\/a><a id=\"mb6\" class=\"1\" title=\"Connemaras im Dressursport\" href=\"img\/portrait\/5.jpg\" rel=\"\"><br \/>\n<\/a><\/td>\n<td class=\"style2\"><a href=\"https:\/\/www.cpv-ev.com\/wp-content\/uploads\/2012\/06\/fahren.jpg\"><img loading=\"lazy\" decoding=\"async\" class=\"alignnone size-full wp-image-107\" title=\"Fahrsport\" src=\"https:\/\/www.cpv-ev.com\/wp-content\/uploads\/2012\/06\/fahren-s.jpg\" alt=\"\" width=\"220\" height=\"150\"><\/a><a id=\"mb7\" class=\"1\" title=\"Connemaras im Fahrsport\" href=\"img\/portrait\/6.jpg\" rel=\"\"><br \/>\n<\/a><\/td>\n<td class=\"style2\"><a href=\"https:\/\/www.cpv-ev.com\/wp-content\/uploads\/2012\/06\/springen.jpg\"><img loading=\"lazy\" decoding=\"async\" class=\"alignnone size-full wp-image-121\" title=\"Springsport\" src=\"https:\/\/www.cpv-ev.com\/wp-content\/uploads\/2012\/06\/springen-s.jpg\" alt=\"\" width=\"220\" height=\"150\"><\/a><a id=\"mb8\" class=\"1\" title=\"Connemaras im Springsport\" href=\"img\/portrait\/8.jpg\" rel=\"\"><br \/>\n<\/a><\/td>\n<td class=\"style1\"><a href=\"https:\/\/www.cpv-ev.com\/wp-content\/uploads\/2012\/06\/spiel.jpg\"><img loading=\"lazy\" decoding=\"async\" class=\"alignnone size-full wp-image-119\" title=\"Freizeitpartner\" src=\"https:\/\/www.cpv-ev.com\/wp-content\/uploads\/2012\/06\/spiel-s.jpg\" alt=\"\" width=\"220\" height=\"150\"><\/a><a id=\"mb9\" class=\"1\" title=\"Connemaras als Freizeitpartner\" href=\"img\/portrait\/7.jpg\" rel=\"\"><br \/>\n<\/a><\/td>\n<\/tr>\n<\/tbody>\n<\/table>\n<\/td>\n<\/tr>\n<tr>\n<td style=\"text-align: justify;\" colspan=\"3\" valign=\"top\">Ob Dressur, Springen, Vielseitigkeit, Fahren,&nbsp;Voltigieren, Distanz, Jagd oder Western&#8230;&nbsp;Connemaras sind in jeder reitsportlichen Disziplin zuhause. Ihre Vielseitigkeit ist unschlagbar! In Deutschland werden die meisten Connemaras freizeitm\u00e4\u00dfig geritten, doch es gibt auch hierzulande Ponys, die auf nationaler und internationaler Ebene starten und sogar erfolgreich bei den&nbsp;Pony Europameisterschaften: bei der Pony Euro machen die Connemaras als zahlenm\u00e4\u00dfig st\u00e4rkste native Rasse \u00fcber 10 % aller Teilnehmer aus, mit den Partbreds sind um 20 % aller Teilnehmer mit Connemara-Blut! Immer mehr Fahrer entdecken das Connemara Pony f\u00fcr ihren Sport. Ber\u00fchmt ist das Connemara Pony&nbsp;vor allem f\u00fcr sein Springverm\u00f6gen und seine einzigartige&nbsp;Trittsicherheit im Gel\u00e4nde.<\/td>\n<\/tr>\n<tr>\n<td style=\"text-align: justify; margin: 0px;\" colspan=\"3\" valign=\"top\">\n<table style=\"width: 100%; border-collapse: collapse;padding: 0px; margin: 0px;\">\n<tbody>\n<tr>\n<td><a href=\"https:\/\/www.cpv-ev.com\/wp-content\/uploads\/2012\/06\/show.jpg\"><img loading=\"lazy\" decoding=\"async\" class=\"alignnone size-full wp-image-117\" title=\"Showprogramm\" src=\"https:\/\/www.cpv-ev.com\/wp-content\/uploads\/2012\/06\/show-s.jpg\" alt=\"\" width=\"220\" height=\"150\"><\/a><a id=\"mb10\" class=\"1\" title=\"Connemara Showprogramm\" href=\"img\/portrait\/9.jpg\" rel=\"\"><br \/>\n<\/a><\/td>\n<td class=\"style2\"><a href=\"https:\/\/www.cpv-ev.com\/wp-content\/uploads\/2012\/06\/western.jpg\"><img loading=\"lazy\" decoding=\"async\" class=\"alignnone size-full wp-image-103\" title=\"Westernsport\" src=\"https:\/\/www.cpv-ev.com\/wp-content\/uploads\/2012\/06\/western-s.jpg\" alt=\"\" width=\"220\" height=\"150\"><\/a><a id=\"mb11\" class=\"1\" title=\"Connemaras im Westernsport\" href=\"img\/portrait\/11.jpg\" rel=\"\"><br \/>\n<\/a><\/td>\n<td class=\"style2\"><a href=\"https:\/\/www.cpv-ev.com\/wp-content\/uploads\/2012\/06\/vielseitigkeit.jpg\"><img loading=\"lazy\" decoding=\"async\" class=\"alignnone size-full wp-image-125\" title=\"Vielseitigkeitssport\" src=\"https:\/\/www.cpv-ev.com\/wp-content\/uploads\/2012\/06\/vielseitigkeit-s.jpg\" alt=\"\" width=\"220\" height=\"150\"><\/a><a id=\"mb12\" class=\"1\" title=\"Connemaras in der Vielseitigkeit\" href=\"img\/portrait\/10.jpg\" rel=\"\"><br \/>\n<\/a><\/td>\n<td class=\"style1\"><a href=\"https:\/\/www.cpv-ev.com\/wp-content\/uploads\/2012\/06\/show1.jpg\"><img loading=\"lazy\" decoding=\"async\" class=\"alignnone size-full wp-image-116\" title=\"Showprogramm\" src=\"https:\/\/www.cpv-ev.com\/wp-content\/uploads\/2012\/06\/show1-s.jpg\" alt=\"\" width=\"220\" height=\"150\"><\/a><a id=\"mb13\" class=\"1\" title=\"Connemaras im Showprogramm\" href=\"img\/portrait\/12.jpg\" rel=\"\"><br \/>\n<\/a><\/td>\n<\/tr>\n<\/tbody>\n<\/table>\n<\/td>\n<\/tr>\n<\/tbody>\n<\/table>\n","protected":false},"excerpt":{"rendered":"<p>Connemara Ponys&#8230; f\u00fcr die ganze Familie, Partner in Freizeit und Sport! Herkunft Connemara ist eine Region im Westen Irlands in der Grafschaft Galway im Westen der Provinz Connacht. Es entspricht dem Teil der Grafschaft, der westlich des Sees Lough Corrib <a class=\"more-link\" href=\"https:\/\/www.cpv-ev.com\/?page_id=22\"><span class=\"screen-reader-text\">  Rasseportrait<\/span> weiterlesen<span class=\"meta-nav\">&rarr;<\/span><\/a><\/p>\n","protected":false},"author":1,"featured_media":0,"parent":0,"menu_order":0,"comment_status":"closed","ping_status":"open","template":"","meta":{"ngg_post_thumbnail":0,"footnotes":""},"class_list":["post-22","page","type-page","status-publish","hentry"],"_links":{"self":[{"href":"https:\/\/www.cpv-ev.com\/index.php?rest_route=\/wp\/v2\/pages\/22","targetHints":{"allow":["GET"]}}],"collection":[{"href":"https:\/\/www.cpv-ev.com\/index.php?rest_route=\/wp\/v2\/pages"}],"about":[{"href":"https:\/\/www.cpv-ev.com\/index.php?rest_route=\/wp\/v2\/types\/page"}],"author":[{"embeddable":true,"href":"https:\/\/www.cpv-ev.com\/index.php?rest_route=\/wp\/v2\/users\/1"}],"replies":[{"embeddable":true,"href":"https:\/\/www.cpv-ev.com\/index.php?rest_route=%2Fwp%2Fv2%2Fcomments&post=22"}],"version-history":[{"count":3,"href":"https:\/\/www.cpv-ev.com\/index.php?rest_route=\/wp\/v2\/pages\/22\/revisions"}],"predecessor-version":[{"id":28399,"href":"https:\/\/www.cpv-ev.com\/index.php?rest_route=\/wp\/v2\/pages\/22\/revisions\/28399"}],"wp:attachment":[{"href":"https:\/\/www.cpv-ev.com\/index.php?rest_route=%2Fwp%2Fv2%2Fmedia&parent=22"}],"curies":[{"name":"wp","href":"https:\/\/api.w.org\/{rel}","templated":true}]}}