{"id":20809,"date":"2017-10-16T16:54:17","date_gmt":"2017-10-16T14:54:17","guid":{"rendered":"https:\/\/www.cpv-ev.com\/?page_id=20809"},"modified":"2023-11-14T20:56:14","modified_gmt":"2023-11-14T18:56:14","slug":"hohnhorst-joel","status":"publish","type":"page","link":"https:\/\/www.cpv-ev.com\/?page_id=20809","title":{"rendered":"Hohnhorst Joel"},"content":{"rendered":"<table border=\"1\" cellspacing=\"0\" cellpadding=\"0\">\n<tbody>\n<tr>\n<td valign=\"top\" width=\"359\"><strong>Farbe:<\/strong> Falbe<\/td>\n<td valign=\"top\" width=\"359\"><strong>Hengstbuch:<\/strong> Hessen HB I, S\u00fcddeutsch gek\u00f6rt, Leistungshengst<br \/>\n<strong>K\u00f6rung:<\/strong> 07.10.2017 Alsfeld<\/td>\n<\/tr>\n<tr>\n<td valign=\"top\" width=\"359\"><strong>Geboren:<\/strong> 07.03.2014<\/td>\n<td valign=\"top\" width=\"359\"><strong>Leistungspr\u00fcfung: <\/strong>Erbach 2018<br \/>\n30 TT, WN 7,90 (Rang 3\/3)<\/td>\n<\/tr>\n<tr>\n<td valign=\"top\" width=\"359\"><strong>Stockma\u00df: <\/strong>145 cm<\/td>\n<td valign=\"top\" width=\"359\"><strong>Tr\u00e4ger des Creme-Faktors:<\/strong> ja<\/td>\n<\/tr>\n<tr>\n<td valign=\"top\" width=\"359\"><strong>R\u00f6hrbein: <\/strong><strong><br \/>\n<\/strong><\/td>\n<td valign=\"top\" width=\"359\"><strong>Tr\u00e4ger des Fuchsgens:<\/strong> unbekannt<\/td>\n<\/tr>\n<tr>\n<td valign=\"top\" width=\"359\"><strong style=\"line-height: 24px;\">Deckbedingungen: <\/strong>auf Anfrage<\/td>\n<td valign=\"top\" width=\"359\"><strong>Decktaxe:\u00a0<\/strong>auf Anfrage<\/td>\n<\/tr>\n<tr>\n<td valign=\"top\" width=\"359\"><strong style=\"line-height: 24px;\">HWSD-Status: <\/strong>N\/HWSD mit Abstammungs\u00fcberpr\u00fcfung<strong style=\"line-height: 24px;\"><br \/>\n<\/strong><\/td>\n<\/tr>\n<tr>\n<td valign=\"top\" width=\"359\"><img loading=\"lazy\" decoding=\"async\" class=\"alignnone size-full wp-image-232\" src=\"https:\/\/www.cpv-ev.com\/wp-content\/uploads\/2012\/07\/trans240x10.gif\" alt=\"trans240x10\" width=\"240\" height=\"10\" srcset=\"https:\/\/www.cpv-ev.com\/wp-content\/uploads\/2012\/07\/trans240x10.gif 240w, https:\/\/www.cpv-ev.com\/wp-content\/uploads\/2012\/07\/trans240x10-225x10.gif 225w\" sizes=\"auto, (max-width: 240px) 100vw, 240px\" \/><\/td>\n<td valign=\"top\" width=\"359\"><\/td>\n<\/tr>\n<tr>\n<td valign=\"top\" width=\"359\"><strong>Gek\u00f6rte S\u00f6hne: <\/strong>noch keine<\/td>\n<td valign=\"top\" width=\"359\"><strong>Eingetragene Stuten:<\/strong> &#8211;<br \/>\n<strong>davon StPrSt: <\/strong>&#8211;<strong><br \/>\n<\/strong><\/td>\n<\/tr>\n<tr>\n<td valign=\"top\" width=\"359\"><img loading=\"lazy\" decoding=\"async\" src=\"https:\/\/www.cpv-ev.com\/wp-content\/uploads\/2012\/07\/trans240x10.gif\" alt=\"trans240x10\" width=\"240\" height=\"10\" \/><\/td>\n<td valign=\"top\" width=\"359\"><\/td>\n<\/tr>\n<tr>\n<td valign=\"top\" width=\"359\"><strong>Lebensgewinnsumme:<\/strong> 18 EUR (2022)<img loading=\"lazy\" decoding=\"async\" class=\"alignnone size-full wp-image-232\" title=\"trans240x10\" src=\"https:\/\/www.cpv-ev.com\/wp-content\/uploads\/2012\/07\/trans240x10.gif\" alt=\"\" width=\"100\" height=\"20\" \/><\/td>\n<td valign=\"top\" width=\"359\"><strong>Nachkommen-LGS: <\/strong>&#8211;<\/td>\n<\/tr>\n<tr>\n<td colspan=\"2\" valign=\"top\" width=\"717\"><img loading=\"lazy\" decoding=\"async\" src=\"https:\/\/www.cpv-ev.com\/wp-content\/uploads\/2012\/07\/trans240x10.gif\" alt=\"trans240x10\" width=\"240\" height=\"10\" \/><\/td>\n<\/tr>\n<tr>\n<td colspan=\"2\" valign=\"top\" width=\"717\"><strong><strong>Z\u00fcchter: <\/strong><\/strong>May und Holger Reimann, Gest\u00fct Hohnhorst, 28355 Bremen<strong><strong><br \/>\n<\/strong><\/strong><strong>Besitzer: <\/strong>Sissi Wirth &amp; Michael Jaczak, Gest\u00fct Kinzighausen, Kinzighausen 2, 63607 W\u00e4chtersbach<\/td>\n<\/tr>\n<tr>\n<td valign=\"top\" width=\"359\">Telefon: 06053-5558<\/td>\n<td valign=\"top\" width=\"359\">Mobil: 0172-6758323<\/td>\n<\/tr>\n<tr>\n<td valign=\"top\" width=\"307\">Email: <a href=\"mailto:email@kinzighausen.de\">email@kinzighausen.de<\/a><\/td>\n<td valign=\"top\" width=\"307\">Website: <a href=\"https:\/\/www.kinzighausen.de\" target=\"_blank\" rel=\"noopener noreferrer\">www.kinzighausen.de<\/a><\/td>\n<\/tr>\n<\/tbody>\n<\/table>\n<h5>\u00a0Pedigree<\/h5>\n<p><img loading=\"lazy\" decoding=\"async\" class=\"alignleft size-full wp-image-20808\" title=\"AC-Samson af Engvang\" src=\"https:\/\/www.cpv-ev.com\/wp-content\/uploads\/2017\/10\/Hohnhorst-Joel-Ped.jpg\" alt=\"\" width=\"680\" height=\"310\" srcset=\"https:\/\/www.cpv-ev.com\/wp-content\/uploads\/2017\/10\/Hohnhorst-Joel-Ped.jpg 680w, https:\/\/www.cpv-ev.com\/wp-content\/uploads\/2017\/10\/Hohnhorst-Joel-Ped-241x110.jpg 241w, https:\/\/www.cpv-ev.com\/wp-content\/uploads\/2017\/10\/Hohnhorst-Joel-Ped-300x137.jpg 300w, https:\/\/www.cpv-ev.com\/wp-content\/uploads\/2017\/10\/Hohnhorst-Joel-Ped-500x228.jpg 500w\" sizes=\"auto, (max-width: 680px) 100vw, 680px\" \/><\/p>\n<h5>Galerie<\/h5>\n<p><a href=\"https:\/\/www.cpv-ev.com\/wp-content\/uploads\/2017\/10\/Hohnhorst-Joel.jpg\"><img loading=\"lazy\" decoding=\"async\" class=\"alignnone size-thumbnail wp-image-20644\" src=\"https:\/\/www.cpv-ev.com\/wp-content\/uploads\/2017\/10\/Hohnhorst-Joel-165x110.jpg\" alt=\"\" width=\"165\" height=\"110\" srcset=\"https:\/\/www.cpv-ev.com\/wp-content\/uploads\/2017\/10\/Hohnhorst-Joel-165x110.jpg 165w, https:\/\/www.cpv-ev.com\/wp-content\/uploads\/2017\/10\/Hohnhorst-Joel-300x200.jpg 300w, https:\/\/www.cpv-ev.com\/wp-content\/uploads\/2017\/10\/Hohnhorst-Joel-500x334.jpg 500w, https:\/\/www.cpv-ev.com\/wp-content\/uploads\/2017\/10\/Hohnhorst-Joel.jpg 640w\" sizes=\"auto, (max-width: 165px) 100vw, 165px\" \/><\/a>\u00a0\u00a0<a href=\"https:\/\/www.cpv-ev.com\/wp-content\/uploads\/2017\/11\/Hohnhorst-Joel.jpg\"><img loading=\"lazy\" decoding=\"async\" class=\"alignnone size-thumbnail wp-image-20959\" src=\"https:\/\/www.cpv-ev.com\/wp-content\/uploads\/2017\/11\/Hohnhorst-Joel-165x110.jpg\" alt=\"\" width=\"165\" height=\"110\" srcset=\"https:\/\/www.cpv-ev.com\/wp-content\/uploads\/2017\/11\/Hohnhorst-Joel-165x110.jpg 165w, https:\/\/www.cpv-ev.com\/wp-content\/uploads\/2017\/11\/Hohnhorst-Joel-300x200.jpg 300w, https:\/\/www.cpv-ev.com\/wp-content\/uploads\/2017\/11\/Hohnhorst-Joel-500x334.jpg 500w, https:\/\/www.cpv-ev.com\/wp-content\/uploads\/2017\/11\/Hohnhorst-Joel.jpg 700w\" sizes=\"auto, (max-width: 165px) 100vw, 165px\" \/><\/a> \u00a0<a href=\"https:\/\/www.cpv-ev.com\/wp-content\/uploads\/2019\/03\/Hohnhorst-Joel.jpg\"><img loading=\"lazy\" decoding=\"async\" class=\"alignnone size-thumbnail wp-image-23004\" src=\"https:\/\/www.cpv-ev.com\/wp-content\/uploads\/2019\/03\/Hohnhorst-Joel-147x110.jpg\" alt=\"\" width=\"147\" height=\"110\" srcset=\"https:\/\/www.cpv-ev.com\/wp-content\/uploads\/2019\/03\/Hohnhorst-Joel-147x110.jpg 147w, https:\/\/www.cpv-ev.com\/wp-content\/uploads\/2019\/03\/Hohnhorst-Joel-300x225.jpg 300w, https:\/\/www.cpv-ev.com\/wp-content\/uploads\/2019\/03\/Hohnhorst-Joel-500x375.jpg 500w, https:\/\/www.cpv-ev.com\/wp-content\/uploads\/2019\/03\/Hohnhorst-Joel-146x110.jpg 146w, https:\/\/www.cpv-ev.com\/wp-content\/uploads\/2019\/03\/Hohnhorst-Joel.jpg 750w\" sizes=\"auto, (max-width: 147px) 100vw, 147px\" \/><\/a><\/p>\n<h5>Nachkommen<\/h5>\n\n<table id=\"tablepress-18\" class=\"tablepress tablepress-id-18 mtr-table mtr-thead-th\">\n<thead>\n<tr class=\"row-1\">\n\t<th class=\"column-1 mtr-th-tag\" data-mtr-content=\"FOTO\"><div class=\"mtr-cell-content\">FOTO<\/div><\/th><th class=\"column-2 mtr-th-tag\" data-mtr-content=\"NAME\"><div class=\"mtr-cell-content\">NAME<\/div><\/th><th class=\"column-3 mtr-th-tag\" data-mtr-content=\"JAHR\"><div class=\"mtr-cell-content\">JAHR<\/div><\/th><th class=\"column-4 mtr-th-tag\" data-mtr-content=\"VATER\"><div class=\"mtr-cell-content\">VATER<\/div><\/th><th class=\"column-5 mtr-th-tag\" data-mtr-content=\"MUTTER\"><div class=\"mtr-cell-content\">MUTTER<\/div><\/th><th class=\"column-6 mtr-th-tag\" data-mtr-content=\"Z\u00dcCHTER\"><div class=\"mtr-cell-content\">Z\u00dcCHTER<\/div><\/th>\n<\/tr>\n<\/thead>\n<tbody class=\"row-striping row-hover\">\n<tr class=\"row-2\">\n\t<td class=\"column-1 mtr-td-tag\" data-mtr-content=\"FOTO\"><div class=\"mtr-cell-content\"><\/div><\/td><td class=\"column-2 mtr-td-tag\" data-mtr-content=\"NAME\"><div class=\"mtr-cell-content\"><b>CRYSTAL JENNA<\/b><br>DE463630038619<br><br>Stute<br>Braun<br>*01.05.2019<br>N\/N<br><br><\/div><\/td><td class=\"column-3 mtr-td-tag\" data-mtr-content=\"JAHR\"><div class=\"mtr-cell-content\">2019<\/div><\/td><td class=\"column-4 mtr-td-tag\" data-mtr-content=\"VATER\"><div class=\"mtr-cell-content\">Hohnhorst Joel<\/div><\/td><td class=\"column-5 mtr-td-tag\" data-mtr-content=\"MUTTER\"><div class=\"mtr-cell-content\">Crystal Jolina<br>v. Marvellous Simon<\/div><\/td><td class=\"column-6 mtr-td-tag\" data-mtr-content=\"Z\u00dcCHTER\"><div class=\"mtr-cell-content\">Crystal<br>Claudia &amp; Lutz Quasnitza<br>61267 Neu-Anspach<br><\/div><\/td>\n<\/tr>\n<tr class=\"row-3\">\n\t<td class=\"column-1 mtr-td-tag\" data-mtr-content=\"FOTO\"><div class=\"mtr-cell-content\"><\/div><\/td><td class=\"column-2 mtr-td-tag\" data-mtr-content=\"NAME\"><div class=\"mtr-cell-content\"><b>KINZIGHAUSEN <br>JAKARI<\/b><br>DE463630043419<br><br>Hengst<br>Schimmel<br>*30.04.2019<br>N\/HWSD<br><br><\/div><\/td><td class=\"column-3 mtr-td-tag\" data-mtr-content=\"JAHR\"><div class=\"mtr-cell-content\">2019<\/div><\/td><td class=\"column-4 mtr-td-tag\" data-mtr-content=\"VATER\"><div class=\"mtr-cell-content\">Hohnhorst Joel<\/div><\/td><td class=\"column-5 mtr-td-tag\" data-mtr-content=\"MUTTER\"><div class=\"mtr-cell-content\">Kinzighausen Hazy Manderley<br>v. Frederiksminde Hazy Marvel<\/div><\/td><td class=\"column-6 mtr-td-tag\" data-mtr-content=\"Z\u00dcCHTER\"><div class=\"mtr-cell-content\">Kinzighausen<br>Michael Jaczak &amp; Sissi Wirth <br>63607 W\u00e4chtersbach<br><\/div><\/td>\n<\/tr>\n<tr class=\"row-4\">\n\t<td class=\"column-1 mtr-td-tag\" data-mtr-content=\"FOTO\"><div class=\"mtr-cell-content\"><\/div><\/td><td class=\"column-2 mtr-td-tag\" data-mtr-content=\"NAME\"><div class=\"mtr-cell-content\"><b>M\u00dcHLENHOFS <br>KARA<\/b><br>DE484840034821<br><br>Stute<br>Falbe<br>*02.05.2021<br>N\/N<br><br><\/div><\/td><td class=\"column-3 mtr-td-tag\" data-mtr-content=\"JAHR\"><div class=\"mtr-cell-content\">2021<\/div><\/td><td class=\"column-4 mtr-td-tag\" data-mtr-content=\"VATER\"><div class=\"mtr-cell-content\">Hohnhorst Joel<\/div><\/td><td class=\"column-5 mtr-td-tag\" data-mtr-content=\"MUTTER\"><div class=\"mtr-cell-content\">F-Karna Moxley<br>v. Carna Gold<\/div><\/td><td class=\"column-6 mtr-td-tag\" data-mtr-content=\"Z\u00dcCHTER\"><div class=\"mtr-cell-content\">M\u00fchlenhofs<br>Karin und Alfred D\u00f6ll<br>97776 Aschfeld<br><\/div><\/td>\n<\/tr>\n<\/tbody>\n<\/table>\n<!-- #tablepress-18 from cache -->\n","protected":false},"excerpt":{"rendered":"<p>Farbe: Falbe Hengstbuch: Hessen HB I, S\u00fcddeutsch gek\u00f6rt, Leistungshengst K\u00f6rung: 07.10.2017 Alsfeld Geboren: 07.03.2014 Leistungspr\u00fcfung: Erbach 2018 30 TT, WN 7,90 (Rang 3\/3) Stockma\u00df: 145 cm Tr\u00e4ger des Creme-Faktors: ja R\u00f6hrbein: Tr\u00e4ger des Fuchsgens: unbekannt Deckbedingungen: auf Anfrage Decktaxe:\u00a0auf Anfrage <a class=\"more-link\" href=\"https:\/\/www.cpv-ev.com\/?page_id=20809\"><span class=\"screen-reader-text\">  Hohnhorst Joel<\/span> weiterlesen<span class=\"meta-nav\">&rarr;<\/span><\/a><\/p>\n","protected":false},"author":2,"featured_media":0,"parent":97,"menu_order":0,"comment_status":"closed","ping_status":"closed","template":"","meta":{"ngg_post_thumbnail":0,"footnotes":""},"class_list":["post-20809","page","type-page","status-publish","hentry"],"_links":{"self":[{"href":"https:\/\/www.cpv-ev.com\/index.php?rest_route=\/wp\/v2\/pages\/20809","targetHints":{"allow":["GET"]}}],"collection":[{"href":"https:\/\/www.cpv-ev.com\/index.php?rest_route=\/wp\/v2\/pages"}],"about":[{"href":"https:\/\/www.cpv-ev.com\/index.php?rest_route=\/wp\/v2\/types\/page"}],"author":[{"embeddable":true,"href":"https:\/\/www.cpv-ev.com\/index.php?rest_route=\/wp\/v2\/users\/2"}],"replies":[{"embeddable":true,"href":"https:\/\/www.cpv-ev.com\/index.php?rest_route=%2Fwp%2Fv2%2Fcomments&post=20809"}],"version-history":[{"count":0,"href":"https:\/\/www.cpv-ev.com\/index.php?rest_route=\/wp\/v2\/pages\/20809\/revisions"}],"up":[{"embeddable":true,"href":"https:\/\/www.cpv-ev.com\/index.php?rest_route=\/wp\/v2\/pages\/97"}],"wp:attachment":[{"href":"https:\/\/www.cpv-ev.com\/index.php?rest_route=%2Fwp%2Fv2%2Fmedia&parent=20809"}],"curies":[{"name":"wp","href":"https:\/\/api.w.org\/{rel}","templated":true}]}}