{"id":20321,"date":"2017-07-08T12:01:36","date_gmt":"2017-07-08T10:01:36","guid":{"rendered":"https:\/\/www.cpv-ev.com\/?page_id=20321"},"modified":"2018-07-14T15:27:39","modified_gmt":"2018-07-14T13:27:39","slug":"ranglisten-sport","status":"publish","type":"page","link":"https:\/\/www.cpv-ev.com\/?page_id=20321","title":{"rendered":"Ranglisten Sport 2016"},"content":{"rendered":"<p style=\"text-align: justify;\">&nbsp;<\/p>\n<p style=\"text-align: justify;\">Erg\u00e4nzend zur Auswertung der FN Zucht- und Sportergebnisse werden auf dieser Seite die Hengste mit ihrer Lebensleistung dargestellt, denn die FN-Daten enthalten immer nur die Hengste bzw. Ponys, bei denen sich die Werte \u00e4ndern: die erste Tabelle enth\u00e4lt alle Connemara Pony Hengste mit einer eigenen Lebensgewinnsumme &gt; 1.000 EUR, die zweite alle Hengste mit einer Nachkommen-Lebensgewinnsumme von &gt; 1.000 EUR.<\/p>\n<p style=\"text-align: justify;\">&nbsp;<\/p>\n<p style=\"text-align: justify;\"><strong>Die Lebensgewinnsummen der Hengste<\/strong><\/p>\n<p style=\"text-align: justify;\">&nbsp;<\/p>\n<p style=\"text-align: justify;\">Die Liste wird angef\u00fchrt von Rasmus, der als Springpony \u00fcber 5.000 EUR unter verschiedenen Reitern wie Katja Niehues, Christian Hess und Bernd Burghardt sammeln konnte und u.a. Teilnehmer der Pony Europameisterschaften in Hartpury, England 1997, war. Auf Rang zwei steht Barny mit \u00fcber 4.000 EUR, die er in Dressuren bis Kl. M* unter seiner Reiterin Mona G\u00f6bel gewonnen hat &#8211; darunter allein 4 Siege in Kl. M. Banagher Magee startete von 1991 bis Mai 1993 unter Pia-Luise Aufrecht in Springpr\u00fcfungen und war auf den Pony Europameisterschaften 1992 mit der Mannschaft f\u00fcr Deutschland auf &#8222;Blech&#8220; &#8211; sprich Platz vier. Z\u00fcchterisch wurde er in dieser Zeit nicht genutzt.<\/p>\n<p style=\"text-align: justify;\">&nbsp;<\/p>\n<p style=\"text-align: justify;\"><a href=\"https:\/\/www.cpv-ev.com\/wp-content\/uploads\/2017\/07\/15-Hengste-ELGS-\u00fc-1000.jpg\"><img loading=\"lazy\" decoding=\"async\" class=\"alignleft size-full wp-image-20339\" src=\"https:\/\/www.cpv-ev.com\/wp-content\/uploads\/2017\/07\/15-Hengste-ELGS-\u00fc-1000.jpg\" alt=\"\" width=\"350\" height=\"202\" srcset=\"https:\/\/www.cpv-ev.com\/wp-content\/uploads\/2017\/07\/15-Hengste-ELGS-\u00fc-1000.jpg 350w, https:\/\/www.cpv-ev.com\/wp-content\/uploads\/2017\/07\/15-Hengste-ELGS-\u00fc-1000-191x110.jpg 191w, https:\/\/www.cpv-ev.com\/wp-content\/uploads\/2017\/07\/15-Hengste-ELGS-\u00fc-1000-300x173.jpg 300w\" sizes=\"auto, (max-width: 350px) 100vw, 350px\" \/><\/a>Diamant auf Rang vier ist ein weiterer Sohn des Diamond Rum, auch er hat bereits Pony Europameisterschaften gelaufen, allerdings in der Dressur wie z.B. 2011 in Polen &#8211; er war in Deutschland bis 2008 eher als Doppeltalent Dressur-Springen unter Sabine Bachmeier und Yvonne Wei\u00df eingesetzt und seine LGS in Deutschand kommt noch auf \u00fcber 3.000 EUR.<\/p>\n<p style=\"text-align: justify;\">&nbsp;<\/p>\n<p style=\"text-align: justify;\">Auf den Pl\u00e4tzen f\u00fcnf und sechs finden sich Sohn und Vater: Leonardo I ist aktuell unter verschiedenen Reitern in Anf\u00e4ngerpr\u00fcfungen unterwegs, bis zum Jahresbeginn wurde er von Svenja Lang in Dressur- und Springpr\u00fcfungen bis A** vorgestellt, seine vorige Reiterin Jasmin \u00dcbelmann stellte ihn in beiden Disziplinen bis Kl. L vor, Birgit Altstetter, seine erste Turnierreiterin, ritt ihn ausschlie\u00dflich in Dressuren bis Kl. L. Der Vater Lorenzo startete bis 2009 unter Sabine Bachmeier in Springpr\u00fcfungen der Kl. A**, davor wurde er von Romina Streller und Sabrina Meyer fast ausschlie\u00dflich in der Dressur bis Kl. L eingesetzt, beide haben eine Gewinnsumme von \u00fcber 2.500 EUR.<\/p>\n<p style=\"text-align: justify;\">&nbsp;<\/p>\n<p style=\"text-align: justify;\">Burning Daylight, auf Rang sieben, wurde von Pia und D\u00f6rte Gerding auf Turnieren in zun\u00e4chst Springpferdepr\u00fcfungen bis Kl. M, wo er zwei mal siegreich war, und sp\u00e4ter in Springpr\u00fcfungen bis Kl. L, ein Sieg, erfolgreich gegen Gro\u00dfpferde gestartet, bevor er nach Irland ging, wo er heute in Dressurpr\u00fcfungen eingesetzt wird und auch schon als m\u00f6glicher EM-Teilnehmer in die engere Auswahl kam.<\/p>\n<p style=\"text-align: justify;\">&nbsp;<\/p>\n<p style=\"text-align: justify;\">Der Vollbruder zum Sohn Leonardo, Leonardo II, steht auf Rang acht, er ist vor allem in Springpr\u00fcfungen bis Kl. L und im Gel\u00e4nde bis Kl. A unterwegs und hat auch in der bereits laufenden Saison wieder Platzierungen. Marvellous Simon war bis Ende 2015 unter Carolin Quasnitza in Dressuren bis Kl. A**, neun Siege, und Springpr\u00fcfungen bis Kl. A*, zwei Siege, unterwegs. Springfield Shadow wurde 2014 und 2015 von Amelie Kunkel, 2016 von Josephine Schulze-Bisping sehr vielseitig vorgestellt, neun Siege in Springen der Kl. A bis ** stehen f\u00fcr ihn zu Buche, weiterhin ein Sieg in Dressur Kl. A und einer Gel\u00e4ndepr\u00fcfung der Kl. A.<\/p>\n<p style=\"text-align: justify;\">&nbsp;<\/p>\n<p style=\"text-align: justify;\">Pattys Sommartiden ist in der Dressur unterwegs, Lancaster war in Dressur und Springen erfolgreich, Frederiksminde Hazy Marvel legte mit seinen Turniererfolgen in der Dressur gleichzeitig seine HLP ab, ST Baldwin und Champion vom Birkenhof waren unter dem Springsattel erfolgreich.<\/p>\n<p style=\"text-align: justify;\">&nbsp;<\/p>\n<p style=\"text-align: justify;\">Die gro\u00dfe Ausnahme ist Golden Dan auf Rang 13, der mit Kurt Hillnh\u00fctter ausschlie\u00dflich auf Fahrturnieren erfolgreich bis Kl. M ging und bis 1992 insgesamt 89 mal ins Geld lief.<\/p>\n<p style=\"text-align: justify;\">&nbsp;<\/p>\n<p style=\"text-align: justify;\">&nbsp;<strong>Die Nachkommen-Lebensgewinnsummen<\/strong><\/p>\n<p style=\"text-align: justify;\">&nbsp;<\/p>\n<p style=\"text-align: justify;\">Eine andere Aufstellung ist die Betrachtung der Nachkommen-Lebensgewinnsummen der Hengste, erwartungsgem\u00e4\u00df f\u00fchrt Diamond Rum die Liste an. 31 Nachkommen waren vor allem in der Dressur mit fast 13.000 EUR und im Springen mit fast 15.000 EUR erfolgreich, aber auch im Fahrsport wurden \u00fcber 3.750 EUR eingefahren.<\/p>\n<p style=\"text-align: justify;\">&nbsp;<\/p>\n<p style=\"text-align: justify;\"><a href=\"https:\/\/www.cpv-ev.com\/wp-content\/uploads\/2017\/07\/16-Hengste-alle-NLGS.jpg\"><img loading=\"lazy\" decoding=\"async\" class=\"alignleft size-full wp-image-20340\" src=\"https:\/\/www.cpv-ev.com\/wp-content\/uploads\/2017\/07\/16-Hengste-alle-NLGS.jpg\" alt=\"\" width=\"350\" height=\"455\" srcset=\"https:\/\/www.cpv-ev.com\/wp-content\/uploads\/2017\/07\/16-Hengste-alle-NLGS.jpg 350w, https:\/\/www.cpv-ev.com\/wp-content\/uploads\/2017\/07\/16-Hengste-alle-NLGS-85x110.jpg 85w, https:\/\/www.cpv-ev.com\/wp-content\/uploads\/2017\/07\/16-Hengste-alle-NLGS-300x390.jpg 300w\" sizes=\"auto, (max-width: 350px) 100vw, 350px\" \/><\/a>Gun f\u00fchrt die Liste der Hengste mit &gt; 10.000 NLGS an: 16 Nachkommen verdienten vor allem im Fahrsport fast 8.000 EUR, im Springen \u00fcber 3.000 EUR und in der Dressur knapp 1.500 EUR. Lorenzo auf Rang drei hat 9 erfolgreiche Nachkommen, die \u00fcber 8.000 EUR im Springen und knapp 3.000 EUR in der Dressur verdienten. Mervyn Grey Monkey hatte vier Nachkommen, von denen der Springspezialist mehr als 9.500 EUR und die Dressurspezialistin mehr als 1.000 EUR gewann.<\/p>\n<p style=\"text-align: justify;\">&nbsp;<\/p>\n<p style=\"text-align: justify;\">Golden Dan steht in dieser Liste auf Rang f\u00fcnf, seine 11 Nachkommen verdienten vor allem im Geschirr fast 5.500 EUR, aber auch in der Dressur mit \u00fcber 1.750 EUR und im Springen mit \u00fcber 1.000 EUR waren sie erfolgreich. May Prince steht mit 7 Nachkommen auf Rang 6 dieser Liste, die sich vor allem im Springen mit knapp 3.000 EUR hervortaten, aber auch in der Dressur stehen \u00fcber 2.000 EUR und im Gel\u00e4nde fast 2.000 EUR zu Buche.<\/p>\n<p style=\"text-align: justify;\">&nbsp;<\/p>\n<p style=\"text-align: justify;\">Ladylover auf Rang 7 ist Halbbruder zu Lorenzo und Sohn von Skatholm Ladykiller, der als Vererber auf Rang 8 dieser Liste verzeichnet ist. Selbst war er nur wenig im Turniersport eingesetzt, aber 11 seiner Nachkommen holten mehr als 5.250 EUR in der Dressur und mehr als 1.250 EUR in Fahrpr\u00fcfungen.<\/p>\n<p style=\"text-align: justify;\">&nbsp;<\/p>\n<p style=\"text-align: justify;\">Skatholm Ladykiller, der Vater, ist ein Sohn des Munkholm Cobbergate, der seinerseits \u00fcberaus erfolgreich in der Dressur f\u00fcr D\u00e4nemark startete und Teilnehmer an den Pony Europameisterschaften war. Dressur ist der Familie in die Wiege gelegt: Cobbergate&#8217;s Vater Ardnasillagh O&#8217;Flaherty war 1982 in Kopenhagen bei den Pony Europameisterschaften mit Team D\u00e4nemark Gewinner der Silbermedallie, 1983 holte mit seiner Hilfe das Team D\u00e4nemark in Vetlanda die Bronzemedallie mit der Mannschaft. Cobbergate&#8217;s Vollschwester Munkholm Colooney schaffte zwei Silbermedallien mit Team D\u00e4nemark, 1997 in England und 1998 in Frankreich, wechselte dann nach Deutschland und wurde vom \u00d6sterreicher David Reichert 1999 und zuletzt 2000 in Hagen vorgestellt. Ladykiller selbst hat einen 3. Platz in einer Dressur Kl. A vorzuweisen. Seine 11 Nachkommen holten mehr als 4.250 EUR in der Dressur und waren auch im Springen und vor dem Wagen erfolgreich.<\/p>\n<p style=\"text-align: justify;\">&nbsp;<\/p>\n<p style=\"text-align: justify;\">Rang 9 dieser Liste belegt Frederiksminde Hazy Match, von dessen 8 Nachkommen ebenfalls zwei herausstechen: einer in der Dressur mit \u00fcber 3.500 EUR, ein anderer im Fahren mit \u00fcber 1.250 EUR LGS.<\/p>\n<p style=\"text-align: justify;\">&nbsp;<\/p>\n<p style=\"text-align: justify;\">Die Hengste auf den R\u00e4ngen 10 bis 12 haben jeweils eine NLGS von \u00fcber 4.000 EUR: auf Rang 10 steht Berry III, der eine Saison nach Deutschland ausgeliehen war und zwei Nachkommen f\u00fcr den&nbsp; Sport brachte, sein Sohn Barny ist mit 4.362 EUR LGS in der Liste der erfolgreichen Hengste auf Rang 2, s.o. Golden Star hatte 5 erfolgreiche Nachkommen, die in Fahrpr\u00fcfungen fast 2.750 EUR und in Dressuren \u00fcber 1.000 EUR gewinnen konnten. Granger hatte 6 erfolgreiche Nachkommen, bei denen vor allem fast 3.000 EUR in Springpr\u00fcfungen und knapp 750 EUR in Fahrpr\u00fcfungen verzeichnet sind.<\/p>\n<p style=\"text-align: justify;\">&nbsp;<\/p>\n<p style=\"text-align: justify;\">Bei der Betrachtung dieser Auswertungen sollte man sich immer vor Augen halten, dass diesen Tabellen Angaben von \u00fcber 300 in Deutschland aufgestellten Hengsten zugrunde liegen &#8211; trotzdem scheint es schwierig, \u00fcberhaupt Daten zu bekommen, die man auswerten k\u00f6nnte, denn viele Hengste sehen selbst offenbar nie den &#8222;konventionellen&#8220; Turnierplatz, und auch \u00fcber die Verwendungsalternativen wie Westernreiten oder Endurance gibt es bisher keine Daten. Sogar das Ablegen einer Mindestleistungspr\u00fcfung, die inzwischen schon zum 2 Tage Test zusammengek\u00fcrzt wurde (Mindestanforderung), scheint f\u00fcr einige Hengste eine Nummer zu gro\u00df zu sein.<\/p>\n<p style=\"text-align: justify;\">&nbsp;<\/p>\n<p style=\"text-align: justify;\">Da, wo Connemara Ponys nur zur Gr\u00fcnlandpflege eingesetzt werden, sollte man sich \u00fcberlegen, ob das wertvolle Erbe der Rasse, n\u00e4mlich die F\u00e4higkeit der engen Bindung als Arbeitstier an den Menschen, die bei der Entstehung der Rasse in den schwierigen Jahrenhunderten in Irland mit ern\u00e4hrungsbedingten Katastrophen, die zu Massenauswanderungen f\u00fchrten, f\u00fcr den Fortbestand und die Entwicklung der Rasse sorgte (die, im Gegensatz zum irischen Elch, nicht ausstarb), nicht durch Unterforderung zu verk\u00fcmmern droht.<\/p>\n<p style=\"text-align: justify;\">&nbsp;<\/p>\n<p style=\"text-align: justify;\">&nbsp;<\/p>\n<p style=\"text-align: justify;\">&nbsp;<\/p>\n<p style=\"text-align: justify;\">&nbsp;<\/p>\n<p style=\"text-align: justify;\">&nbsp;<\/p>\n<p style=\"text-align: justify;\">&nbsp;<\/p>\n","protected":false},"excerpt":{"rendered":"<p>&nbsp; Erg\u00e4nzend zur Auswertung der FN Zucht- und Sportergebnisse werden auf dieser Seite die Hengste mit ihrer Lebensleistung dargestellt, denn die FN-Daten enthalten immer nur die Hengste bzw. Ponys, bei denen sich die Werte \u00e4ndern: die erste Tabelle enth\u00e4lt alle <a class=\"more-link\" href=\"https:\/\/www.cpv-ev.com\/?page_id=20321\"><span class=\"screen-reader-text\">  Ranglisten Sport 2016<\/span> weiterlesen<span class=\"meta-nav\">&rarr;<\/span><\/a><\/p>\n","protected":false},"author":2,"featured_media":0,"parent":0,"menu_order":0,"comment_status":"closed","ping_status":"closed","template":"onecolumn-page.php","meta":{"ngg_post_thumbnail":0,"footnotes":""},"class_list":["post-20321","page","type-page","status-publish","hentry"],"_links":{"self":[{"href":"https:\/\/www.cpv-ev.com\/index.php?rest_route=\/wp\/v2\/pages\/20321","targetHints":{"allow":["GET"]}}],"collection":[{"href":"https:\/\/www.cpv-ev.com\/index.php?rest_route=\/wp\/v2\/pages"}],"about":[{"href":"https:\/\/www.cpv-ev.com\/index.php?rest_route=\/wp\/v2\/types\/page"}],"author":[{"embeddable":true,"href":"https:\/\/www.cpv-ev.com\/index.php?rest_route=\/wp\/v2\/users\/2"}],"replies":[{"embeddable":true,"href":"https:\/\/www.cpv-ev.com\/index.php?rest_route=%2Fwp%2Fv2%2Fcomments&post=20321"}],"version-history":[{"count":0,"href":"https:\/\/www.cpv-ev.com\/index.php?rest_route=\/wp\/v2\/pages\/20321\/revisions"}],"wp:attachment":[{"href":"https:\/\/www.cpv-ev.com\/index.php?rest_route=%2Fwp%2Fv2%2Fmedia&parent=20321"}],"curies":[{"name":"wp","href":"https:\/\/api.w.org\/{rel}","templated":true}]}}