{"id":20038,"date":"2017-05-29T21:34:57","date_gmt":"2017-05-29T19:34:57","guid":{"rendered":"https:\/\/www.cpv-ev.com\/?page_id=20038"},"modified":"2017-11-28T13:01:10","modified_gmt":"2017-11-28T11:01:10","slug":"hengstlinien-dtld","status":"publish","type":"page","link":"https:\/\/www.cpv-ev.com\/?page_id=20038","title":{"rendered":"Hengstlinien Dtld."},"content":{"rendered":"<p style=\"text-align: justify;\">&nbsp;<\/p>\n<p style=\"text-align: justify;\">Diese Seite stellt die in Deutschland gez\u00fcchteten Hengstlinien bzw. Hengstfamilien vor. Nicht ber\u00fccksichtigt wurden Hengste mit ein oder zwei Hengstnachkommen, es wurden m\u00f6glicherweise auch nicht alle Nachkommen (speziell nicht gek\u00f6rte bzw. HB II) genannt. Zwei Hengste sind mit ihren S\u00f6hnen dargestellt, die bisher keine Enkel in der Zucht haben.<\/p>\n<p style=\"text-align: justify;\">&nbsp;<\/p>\n<p style=\"text-align: justify;\">Als Hengstlinie bezeichnet man z.B. einen Ausgangshengst, der sich dann mit S\u00f6hnen und Enkeln sowie weiteren Generationen in der Zucht etabliert hat.<\/p>\n<p style=\"text-align: justify;\">Problematisch an dieser konventionellen Betrachtung ist, dass damit alle M\u00fctter, Mutterv\u00e4ter und Gro\u00dfm\u00fctter, bei der 3. Generation immerhin 7 Ponys, die ebenfalls die Zuchtgrundlage bilden, mit ihrem Einfluss nicht ber\u00fccksichtigt werden, wobei schon das Mehrheitsverh\u00e4ltnis 1:7 eigentlich etwas anderes aussagt.<\/p>\n<p style=\"text-align: justify;\">&nbsp;<\/p>\n<p style=\"text-align: justify;\">In Irland hat man vor langer Zeit die ersten im Stutbuch verzeichneten Hengste als Linienbegr\u00fcnder mit Farben gekennzeichnet und von Farblinien gesprochen, dies entspricht der hier dargestellten Betrachtung, wobei auf die Farben verzichtet wurde. Man k\u00f6nnte alternativ die Hengstpopulation nach den Anteilen der im Pedigree vertretenen Hengstlinien betrachten, wobei der Inzuchtkoeffizient, beim geschlossenen Stutbuch, unbedingt ber\u00fccksichtigt werden sollte. Dabei w\u00fcrde der einzelne Hengst, nicht seine Familie, dargestellt und analysiert. Diese Analyse wird hier nicht vorgenommen, erschlie\u00dft sich aber letztlich aus den einzelnen Hengstseiten, wenn man das Pedigree ganzheitlich betrachtet.<\/p>\n<p style=\"text-align: justify;\">&nbsp;<\/p>\n<p style=\"text-align: justify;\">Von einer Hengstlinie erwartet wird eine gewisse Durchsetzungskraft, die bei einer Rasse wie den Connemara Ponys, bei der man gemeinhin sagt, dass die qualitativ hochwertigen Stuten einen gr\u00f6\u00dferen Einfluss auf die Rasse nehmen, an ihre Grenzen st\u00f6\u00dft. Dennoch w\u00fcrde man viele der importierten Linienbegr\u00fcnder als Stempelhengste bezeichnen, deren m\u00e4nnliche Nachkommen auch nach Generationen zweifellos noch \u00fcber die Charakteristika der Linienbegr\u00fcnder verf\u00fcgen.<\/p>\n<p style=\"text-align: justify;\">&nbsp;<\/p>\n<p style=\"text-align: justify;\">F\u00e4ngt man vorn im irischen Stutbuch mit <strong>Cannon Ball<\/strong> als Linienbegr\u00fcnder an, stehen in Deutschland mit Strongbow ein Urenkel und Island Baron ist ein Sohn des einflussreichen Rebel Wind, der ein weiterer Urenkel des Cannon Ball ist. \u00dcber den Urenkel Tooreen Ross kommen dessen S\u00f6hne Tulira Mairtin und Bridge Boy, die zwar beide nicht in Deutschland standen, aber mit ihrer Nachzucht das Geschehen nachhaltig beeinflusst haben &#8211; die Familie des Bridge Boy ist derzeit die Familie, die in Bezug auf die Generationen die am weitesten durchgez\u00fcchtete Familie Deutschlands darstellt. Bei genauerer Betrachtung sind nur noch wenige Hengste aus der Bridge Boy-Familie aktiv, die drei anderen Familien sind ohne m\u00e4nnlichen Nachfolger in der aktuellen Hengstliste.<\/p>\n<p style=\"text-align: justify;\">&nbsp;<\/p>\n<p style=\"text-align: justify;\"><a href=\"https:\/\/www.cpv-ev.com\/wp-content\/uploads\/2017\/05\/HL-Strongbow.jpg\"><img loading=\"lazy\" decoding=\"async\" class=\"alignnone size-vs3_thumb wp-image-20051\" src=\"https:\/\/www.cpv-ev.com\/wp-content\/uploads\/2017\/05\/HL-Strongbow-146x74.jpg\" alt=\"\" width=\"146\" height=\"74\">&nbsp;&nbsp;&nbsp; <\/a><a href=\"https:\/\/www.cpv-ev.com\/wp-content\/uploads\/2017\/05\/HL-Island-Baron.jpg\"><img loading=\"lazy\" decoding=\"async\" class=\"alignnone size-vs3_thumb wp-image-20063\" src=\"https:\/\/www.cpv-ev.com\/wp-content\/uploads\/2017\/05\/HL-Island-Baron-146x110.jpg\" alt=\"\" width=\"146\" height=\"110\" srcset=\"https:\/\/www.cpv-ev.com\/wp-content\/uploads\/2017\/05\/HL-Island-Baron-146x110.jpg 146w, https:\/\/www.cpv-ev.com\/wp-content\/uploads\/2017\/05\/HL-Island-Baron-300x225.jpg 300w\" sizes=\"auto, (max-width: 146px) 100vw, 146px\" \/><\/a><a href=\"https:\/\/www.cpv-ev.com\/wp-content\/uploads\/2017\/05\/HL-Strongbow.jpg\">&nbsp;&nbsp; <\/a><a href=\"https:\/\/www.cpv-ev.com\/wp-content\/uploads\/2017\/05\/HL-Tulira-Mairtin.jpg\"><img loading=\"lazy\" decoding=\"async\" class=\"alignnone size-vs3_thumb wp-image-20068\" src=\"https:\/\/www.cpv-ev.com\/wp-content\/uploads\/2017\/05\/HL-Tulira-Mairtin-146x110.jpg\" alt=\"\" width=\"146\" height=\"110\" srcset=\"https:\/\/www.cpv-ev.com\/wp-content\/uploads\/2017\/05\/HL-Tulira-Mairtin-146x110.jpg 146w, https:\/\/www.cpv-ev.com\/wp-content\/uploads\/2017\/05\/HL-Tulira-Mairtin-300x225.jpg 300w\" sizes=\"auto, (max-width: 146px) 100vw, 146px\" \/>&nbsp;&nbsp; <\/a><a href=\"https:\/\/www.cpv-ev.com\/wp-content\/uploads\/2017\/05\/HL-Bridge-Boy.jpg\"><img loading=\"lazy\" decoding=\"async\" class=\"alignnone size-vs3_thumb wp-image-20081\" src=\"https:\/\/www.cpv-ev.com\/wp-content\/uploads\/2017\/05\/HL-Bridge-Boy-146x110.jpg\" alt=\"\" width=\"146\" height=\"110\" srcset=\"https:\/\/www.cpv-ev.com\/wp-content\/uploads\/2017\/05\/HL-Bridge-Boy-146x110.jpg 146w, https:\/\/www.cpv-ev.com\/wp-content\/uploads\/2017\/05\/HL-Bridge-Boy-300x225.jpg 300w\" sizes=\"auto, (max-width: 146px) 100vw, 146px\" \/><\/a><\/p>\n<p style=\"text-align: justify;\">&nbsp;<\/p>\n<p style=\"text-align: justify;\">Mit <strong>Carna Bobby<\/strong>, von Gil \u00fcber Innishgoill Laddie und Rebel ebenfalls auf Cannon Ball zur\u00fcckgehend, steht ein weiterer Liniengr\u00fcnder mit Nachkommen in Deutschland, durch Buckna xx, Vater der Mutter Carna Dolly, mit einem zus\u00e4tzlichen Vollblutanteil: mit Orest Bobby stand ein direkter Sohn, mit Toxi Baun Bob und Grange Surf Sparrow Enkel in der Zucht, El Larry II und Imperator Melody sind Urenkel des Carna Bobby. Von diesen Familien ist nur die des Orest Bobby nicht mehr aktiv.<\/p>\n<p style=\"text-align: justify;\">&nbsp;<\/p>\n<p style=\"text-align: justify;\"><a href=\"https:\/\/www.cpv-ev.com\/wp-content\/uploads\/2017\/05\/HL-Orest-Bobby.jpg\"><img loading=\"lazy\" decoding=\"async\" class=\"alignnone size-vs3_thumb wp-image-20050\" src=\"https:\/\/www.cpv-ev.com\/wp-content\/uploads\/2017\/05\/HL-Orest-Bobby-146x110.jpg\" alt=\"\" width=\"146\" height=\"110\" srcset=\"https:\/\/www.cpv-ev.com\/wp-content\/uploads\/2017\/05\/HL-Orest-Bobby-146x110.jpg 146w, https:\/\/www.cpv-ev.com\/wp-content\/uploads\/2017\/05\/HL-Orest-Bobby-225x168.jpg 225w\" sizes=\"auto, (max-width: 146px) 100vw, 146px\" \/>&nbsp;&nbsp;&nbsp; <\/a><a href=\"https:\/\/www.cpv-ev.com\/wp-content\/uploads\/2017\/05\/HL-Toxi-Baun-Bob.jpg\"><img loading=\"lazy\" decoding=\"async\" class=\"alignnone size-vs3_thumb wp-image-20067\" src=\"https:\/\/www.cpv-ev.com\/wp-content\/uploads\/2017\/05\/HL-Toxi-Baun-Bob-146x110.jpg\" alt=\"\" width=\"146\" height=\"110\"><\/a><a href=\"https:\/\/www.cpv-ev.com\/wp-content\/uploads\/2017\/05\/HL-Orest-Bobby.jpg\">&nbsp;&nbsp;&nbsp; <\/a><a href=\"https:\/\/www.cpv-ev.com\/wp-content\/uploads\/2017\/05\/HL-Grange-Surf.jpg\"><img loading=\"lazy\" decoding=\"async\" class=\"alignnone size-vs3_thumb wp-image-20060\" src=\"https:\/\/www.cpv-ev.com\/wp-content\/uploads\/2017\/05\/HL-Grange-Surf-146x110.jpg\" alt=\"\" width=\"146\" height=\"110\" srcset=\"https:\/\/www.cpv-ev.com\/wp-content\/uploads\/2017\/05\/HL-Grange-Surf-146x110.jpg 146w, https:\/\/www.cpv-ev.com\/wp-content\/uploads\/2017\/05\/HL-Grange-Surf-300x225.jpg 300w\" sizes=\"auto, (max-width: 146px) 100vw, 146px\" \/><\/a><a href=\"https:\/\/www.cpv-ev.com\/wp-content\/uploads\/2017\/05\/HL-Orest-Bobby.jpg\">&nbsp;&nbsp;&nbsp; <\/a><a href=\"https:\/\/www.cpv-ev.com\/wp-content\/uploads\/2017\/05\/HL-El-Larry.jpg\"><img loading=\"lazy\" decoding=\"async\" class=\"alignnone size-vs3_thumb wp-image-20057\" src=\"https:\/\/www.cpv-ev.com\/wp-content\/uploads\/2017\/05\/HL-El-Larry-146x110.jpg\" alt=\"\" width=\"146\" height=\"110\" srcset=\"https:\/\/www.cpv-ev.com\/wp-content\/uploads\/2017\/05\/HL-El-Larry-146x110.jpg 146w, https:\/\/www.cpv-ev.com\/wp-content\/uploads\/2017\/05\/HL-El-Larry-300x225.jpg 300w\" sizes=\"auto, (max-width: 146px) 100vw, 146px\" \/>&nbsp;&nbsp;&nbsp; <\/a><a href=\"https:\/\/www.cpv-ev.com\/wp-content\/uploads\/2017\/05\/HL-Imperator-Melody.jpg\"><img loading=\"lazy\" decoding=\"async\" class=\"alignnone size-vs3_thumb wp-image-20062\" src=\"https:\/\/www.cpv-ev.com\/wp-content\/uploads\/2017\/05\/HL-Imperator-Melody-146x110.jpg\" alt=\"\" width=\"146\" height=\"110\" srcset=\"https:\/\/www.cpv-ev.com\/wp-content\/uploads\/2017\/05\/HL-Imperator-Melody-146x110.jpg 146w, https:\/\/www.cpv-ev.com\/wp-content\/uploads\/2017\/05\/HL-Imperator-Melody-300x225.jpg 300w\" sizes=\"auto, (max-width: 146px) 100vw, 146px\" \/><\/a><\/p>\n<p style=\"text-align: justify;\">&nbsp;<\/p>\n<p style=\"text-align: justify;\">Die Hengstlinie des <strong>Dun Lorenzo<\/strong>, dessen bekanntester Sohn Mac Dara ist, ist in Deutschland ebenfalls erfolgreich vertreten: Big Ben ist ein Enkel, Golden Jack und Golden Dan sind Urenkel. Lambay Rebel, ein direkter Mac Dara-Sohn, ist mit Oxenholm Godot, einem der wichtigsten Wegbereiter in der d\u00e4nischen Zucht, in Deutschland mit weiteren Urenkeln vertreten. Aus diesen Familien sind jeweils nur noch einzelne Hengste aktuell in der Zucht.<\/p>\n<p style=\"text-align: justify;\">&nbsp;<\/p>\n<p style=\"text-align: justify;\"><a href=\"https:\/\/www.cpv-ev.com\/wp-content\/uploads\/2017\/05\/HL-Big-Ben.jpg\"><img loading=\"lazy\" decoding=\"async\" class=\"alignnone size-vs3_thumb wp-image-20056\" src=\"https:\/\/www.cpv-ev.com\/wp-content\/uploads\/2017\/05\/HL-Big-Ben-146x110.jpg\" alt=\"\" width=\"146\" height=\"110\" srcset=\"https:\/\/www.cpv-ev.com\/wp-content\/uploads\/2017\/05\/HL-Big-Ben-146x110.jpg 146w, https:\/\/www.cpv-ev.com\/wp-content\/uploads\/2017\/05\/HL-Big-Ben-300x225.jpg 300w\" sizes=\"auto, (max-width: 146px) 100vw, 146px\" \/><\/a>&nbsp; &nbsp;&nbsp; <a href=\"https:\/\/www.cpv-ev.com\/wp-content\/uploads\/2017\/05\/HL-Golden-Dan.jpg\"><img loading=\"lazy\" decoding=\"async\" class=\"alignnone size-vs3_thumb wp-image-20059\" src=\"https:\/\/www.cpv-ev.com\/wp-content\/uploads\/2017\/05\/HL-Golden-Dan-146x110.jpg\" alt=\"\" width=\"146\" height=\"110\" srcset=\"https:\/\/www.cpv-ev.com\/wp-content\/uploads\/2017\/05\/HL-Golden-Dan-146x110.jpg 146w, https:\/\/www.cpv-ev.com\/wp-content\/uploads\/2017\/05\/HL-Golden-Dan-300x225.jpg 300w\" sizes=\"auto, (max-width: 146px) 100vw, 146px\" \/>&nbsp;&nbsp;&nbsp; <\/a><a href=\"https:\/\/www.cpv-ev.com\/wp-content\/uploads\/2017\/05\/HL-Lambay-Rebel-1.jpg\"><img loading=\"lazy\" decoding=\"async\" class=\"alignnone size-vs3_thumb wp-image-20064\" src=\"https:\/\/www.cpv-ev.com\/wp-content\/uploads\/2017\/05\/HL-Lambay-Rebel-1-146x110.jpg\" alt=\"\" width=\"146\" height=\"110\" srcset=\"https:\/\/www.cpv-ev.com\/wp-content\/uploads\/2017\/05\/HL-Lambay-Rebel-1-146x110.jpg 146w, https:\/\/www.cpv-ev.com\/wp-content\/uploads\/2017\/05\/HL-Lambay-Rebel-1-300x225.jpg 300w\" sizes=\"auto, (max-width: 146px) 100vw, 146px\" \/><\/a><a href=\"https:\/\/www.cpv-ev.com\/wp-content\/uploads\/2017\/05\/HL-Golden-Dan.jpg\"><br \/>\n<\/a><\/p>\n<p style=\"text-align: justify;\">&nbsp;<\/p>\n<p style=\"text-align: justify;\">Klein war die Linie des <strong>Mountain Lad<\/strong> lange Zeit, der Sohn Tully Lad brachte dann aber gleich mehrere gek\u00f6rte Hengste, darunter war der vor allem \u00fcber Pat Lyne bekannt gewordene Thunderbolt. Sein Sohn Chiltern Thunderburst, aus Pat Lyne&#8217;s Zucht, konnte in Deutschland allerdings keinen Sohn zur Zucht beitragen. Tully Grey war als Springpony mit legend\u00e4ren Auftritten auf der Dublin Horse Show bekannt, sein Sohn Dale Haze wurde nach Schweden exportiert, dessen Sohn Hazy Dawn fand in D\u00e4nemark ein neues Zuhause und, auf seinerzeit hervorragender Stutenqualit\u00e4t eingesetzt, konnte sich schon als junger Hengst als Stempelhengst und Hengstmacher etablieren, dessen S\u00f6hne und Enkel inzwischen eine eigene Erfolgsgeschichte schrieben, als sie Irland praktisch zur\u00fcckerobert haben. Auch in Deutschland passten sie hervorragend zur Stutenqualit\u00e4t, gerade im Bayerischen geraten die Hengstlinien inzwischen allerdings sehr eng. Im Gegensatz zu den bisherigen Hengstlinien ist diese &#8222;junge&#8220; Familie topaktuell mit einer hohen Anzahl in der Zucht befindlicher Hengste.<\/p>\n<p style=\"text-align: justify;\">&nbsp;<\/p>\n<p style=\"text-align: justify;\"><a href=\"https:\/\/www.cpv-ev.com\/wp-content\/uploads\/2017\/05\/HL-Hazy-Dawn.jpg\"><img loading=\"lazy\" decoding=\"async\" class=\"alignnone size-vs3_thumb wp-image-20061\" src=\"https:\/\/www.cpv-ev.com\/wp-content\/uploads\/2017\/05\/HL-Hazy-Dawn-146x110.jpg\" alt=\"\" width=\"146\" height=\"110\" srcset=\"https:\/\/www.cpv-ev.com\/wp-content\/uploads\/2017\/05\/HL-Hazy-Dawn-146x110.jpg 146w, https:\/\/www.cpv-ev.com\/wp-content\/uploads\/2017\/05\/HL-Hazy-Dawn-300x225.jpg 300w\" sizes=\"auto, (max-width: 146px) 100vw, 146px\" \/><\/a><\/p>\n<p style=\"text-align: justify;\">&nbsp;<\/p>\n<p style=\"text-align: justify;\">Der Araber <strong>Naseel<\/strong> wurde in der Connemara eingesetzt, seine Nachzucht war \u00fcberaus begehrt und machte ihren Weg auch nach Deutschland: Flashy Lad ist ein Sohn des Clonkeehan Auratum. Naseel&#8217;s ber\u00fchmter Sohn hat in Irland und rund um den Globus die Rasse gepr\u00e4gt. Auch der in D\u00e4nemark geborene Hesselbjerggards Justice geht auf Clonkeehan Auratum zur\u00fcck, sein Vater ist Pilgaards Sammy Jr. von Oxenholm Sammy, der wiederum ein Sohn des Holiday Prince von Inish O&#8217;Malley von Errigal Prince von Clonjoy von Clonkeehan Auratum. Sechs Generationen zwischen Justice und Auratum, da ist nat\u00fcrlich der arabische Einfluss noch ganz deutlich zu versp\u00fcren &#8211; trotzdem ist der Hengst mit seiner Nachzucht in dieser Hengstlinie angesiedelt. Beide Familien sind inzwischen in Deutschland nicht mehr in der Zucht.<\/p>\n<p style=\"text-align: justify;\">&nbsp;<\/p>\n<p style=\"text-align: justify;\"><a href=\"https:\/\/www.cpv-ev.com\/wp-content\/uploads\/2017\/05\/HL-Flashy-Lad.jpg\"><img loading=\"lazy\" decoding=\"async\" class=\"alignnone size-vs3_thumb wp-image-20058\" src=\"https:\/\/www.cpv-ev.com\/wp-content\/uploads\/2017\/05\/HL-Flashy-Lad-146x110.jpg\" alt=\"\" width=\"146\" height=\"110\" srcset=\"https:\/\/www.cpv-ev.com\/wp-content\/uploads\/2017\/05\/HL-Flashy-Lad-146x110.jpg 146w, https:\/\/www.cpv-ev.com\/wp-content\/uploads\/2017\/05\/HL-Flashy-Lad-300x225.jpg 300w\" sizes=\"auto, (max-width: 146px) 100vw, 146px\" \/>&nbsp;&nbsp;&nbsp; <\/a><a href=\"https:\/\/www.cpv-ev.com\/wp-content\/uploads\/2017\/05\/HL-Hess-Justice-460.jpg\"><img loading=\"lazy\" decoding=\"async\" class=\"alignnone size-vs3_thumb wp-image-20047\" src=\"https:\/\/www.cpv-ev.com\/wp-content\/uploads\/2017\/05\/HL-Hess-Justice-460-146x110.jpg\" alt=\"\" width=\"146\" height=\"110\" srcset=\"https:\/\/www.cpv-ev.com\/wp-content\/uploads\/2017\/05\/HL-Hess-Justice-460-146x110.jpg 146w, https:\/\/www.cpv-ev.com\/wp-content\/uploads\/2017\/05\/HL-Hess-Justice-460-300x225.jpg 300w\" sizes=\"auto, (max-width: 146px) 100vw, 146px\" \/><\/a><\/p>\n<p style=\"text-align: justify;\">&nbsp;<\/p>\n<p style=\"text-align: justify;\"><strong>Carna Dun<\/strong>, der Sohn des Vollbl\u00fcters Little Heaven xx, ist Vater zu nicht weniger als f\u00fcnf Importhengsten: Lord Dun Carna gr\u00fcndete seine eigene Dynastie, ihm folgten Young Napper und Glencastle Romolus, bekannt auch als Jimmy, Paddy of Caherlistrane, der vor allem in den Niederlanden eingesetzt war, Diamond Rum, der als Hengst- und Stutenmacher bekannt war und Carna Gold, ein weiterer Hengst aus den Niederlanden. TC Bourbon Boy und Flashing Brendan sind die letzten beiden aktiven Hengste dieser Familie.<\/p>\n<p style=\"text-align: justify;\">&nbsp;<\/p>\n<p style=\"text-align: justify;\"><a href=\"https:\/\/www.cpv-ev.com\/wp-content\/uploads\/2017\/05\/HL-Carna-Dun.jpg\"><img loading=\"lazy\" decoding=\"async\" class=\"alignnone size-vs3_thumb wp-image-20077\" src=\"https:\/\/www.cpv-ev.com\/wp-content\/uploads\/2017\/05\/HL-Carna-Dun-146x110.jpg\" alt=\"\" width=\"146\" height=\"110\" srcset=\"https:\/\/www.cpv-ev.com\/wp-content\/uploads\/2017\/05\/HL-Carna-Dun-146x110.jpg 146w, https:\/\/www.cpv-ev.com\/wp-content\/uploads\/2017\/05\/HL-Carna-Dun-300x225.jpg 300w\" sizes=\"auto, (max-width: 146px) 100vw, 146px\" \/><\/a><\/p>\n<p style=\"text-align: justify;\">&nbsp;<\/p>\n<p style=\"text-align: justify;\">Auch der Hengst Island Knight &#8222;Inselritter&#8220;, ein Urenkel des Carna Dun, fand in Deutschland ein neues Zuhause, wurde aber \u00fcberwiegend nicht in der Connemara Zucht eingesetzt und hinterlie\u00df keinen reinen Connemara Hengst, wohl aber zwei Partbred Hengste in Westfalen. Mancher Hengst wurde anderweitig sinnvoll eingesetzt.<\/p>\n<p style=\"text-align: justify;\">Viele zus\u00e4tzliche Informationen entnehmen Sie bitte den Hengstseiten im <strong><a href=\"https:\/\/www.cpv-ev.com\/?page_id=331\" target=\"_blank\" rel=\"noopener noreferrer\">Archiv<\/a><\/strong> und im <strong><a href=\"https:\/\/www.cpv-ev.com\/?page_id=97\" target=\"_blank\" rel=\"noopener noreferrer\">Hengstverteilungsplan<\/a><\/strong>.<\/p>\n<p style=\"text-align: justify;\">&nbsp;<\/p>\n<p style=\"text-align: justify;\">&nbsp;<\/p>\n<p style=\"text-align: justify;\">&nbsp;<\/p>\n<p style=\"text-align: justify;\">&nbsp;<\/p>\n<p style=\"text-align: justify;\">&nbsp;<\/p>\n<p style=\"text-align: justify;\">&nbsp;<\/p>\n<p style=\"text-align: justify;\">&nbsp;<\/p>\n<p style=\"text-align: justify;\">&nbsp;<\/p>\n","protected":false},"excerpt":{"rendered":"<p>&nbsp; Diese Seite stellt die in Deutschland gez\u00fcchteten Hengstlinien bzw. Hengstfamilien vor. Nicht ber\u00fccksichtigt wurden Hengste mit ein oder zwei Hengstnachkommen, es wurden m\u00f6glicherweise auch nicht alle Nachkommen (speziell nicht gek\u00f6rte bzw. HB II) genannt. Zwei Hengste sind mit ihren <a class=\"more-link\" href=\"https:\/\/www.cpv-ev.com\/?page_id=20038\"><span class=\"screen-reader-text\">  Hengstlinien Dtld.<\/span> weiterlesen<span class=\"meta-nav\">&rarr;<\/span><\/a><\/p>\n","protected":false},"author":2,"featured_media":0,"parent":0,"menu_order":0,"comment_status":"closed","ping_status":"closed","template":"onecolumn-page.php","meta":{"ngg_post_thumbnail":0,"footnotes":""},"class_list":["post-20038","page","type-page","status-publish","hentry"],"_links":{"self":[{"href":"https:\/\/www.cpv-ev.com\/index.php?rest_route=\/wp\/v2\/pages\/20038","targetHints":{"allow":["GET"]}}],"collection":[{"href":"https:\/\/www.cpv-ev.com\/index.php?rest_route=\/wp\/v2\/pages"}],"about":[{"href":"https:\/\/www.cpv-ev.com\/index.php?rest_route=\/wp\/v2\/types\/page"}],"author":[{"embeddable":true,"href":"https:\/\/www.cpv-ev.com\/index.php?rest_route=\/wp\/v2\/users\/2"}],"replies":[{"embeddable":true,"href":"https:\/\/www.cpv-ev.com\/index.php?rest_route=%2Fwp%2Fv2%2Fcomments&post=20038"}],"version-history":[{"count":0,"href":"https:\/\/www.cpv-ev.com\/index.php?rest_route=\/wp\/v2\/pages\/20038\/revisions"}],"wp:attachment":[{"href":"https:\/\/www.cpv-ev.com\/index.php?rest_route=%2Fwp%2Fv2%2Fmedia&parent=20038"}],"curies":[{"name":"wp","href":"https:\/\/api.w.org\/{rel}","templated":true}]}}