{"id":19964,"date":"2017-05-14T20:21:13","date_gmt":"2017-05-14T18:21:13","guid":{"rendered":"https:\/\/www.cpv-ev.com\/?page_id=19964"},"modified":"2020-08-12T16:06:45","modified_gmt":"2020-08-12T14:06:45","slug":"linsfort-barney-swe","status":"publish","type":"page","link":"https:\/\/www.cpv-ev.com\/?page_id=19964","title":{"rendered":"Linsfort Barney &#8211; SWE"},"content":{"rendered":"<p>&nbsp;<\/p>\n<table cellspacing=\"0\" cellpadding=\"0\" border=\"1\">\n<tbody>\n<tr>\n<td width=\"359\" valign=\"top\"><strong>Farbe:<\/strong> Schimmel<\/td>\n<td width=\"359\" valign=\"top\"><strong>Hengstbuch:<\/strong> CPBS S 1155<\/td>\n<\/tr>\n<tr>\n<td width=\"359\" valign=\"top\"><strong>Geboren:<\/strong> 19.05.2000<\/td>\n<td width=\"359\" valign=\"top\"><strong>Leistungspr\u00fcfung: <\/strong>bisher keine<em><em><br \/>\n<\/em><\/em><\/td>\n<\/tr>\n<tr>\n<td width=\"359\" valign=\"top\"><strong>Stockma\u00df: <\/strong>148 cm<\/td>\n<td width=\"359\" valign=\"top\"><strong>Tr\u00e4ger des Creme-Faktors:<\/strong> unbekannt<\/td>\n<\/tr>\n<tr>\n<td width=\"359\" valign=\"top\"><strong>R\u00f6hrbein: <\/strong><strong><br \/>\n<\/strong><\/td>\n<td width=\"359\" valign=\"top\"><strong>Tr\u00e4ger des Fuchsgens:<\/strong> unbekannt<\/td>\n<\/tr>\n<tr>\n<td class=\"mceSelected\" width=\"359\" valign=\"top\"><strong>Ausgeschieden: <\/strong>2019 eingegangen<strong><br \/>\n<\/strong><\/td>\n<\/tr>\n<tr>\n<td width=\"359\" valign=\"top\"><img loading=\"lazy\" decoding=\"async\" class=\"alignnone size-full wp-image-232\" src=\"https:\/\/www.cpv-ev.com\/wp-content\/uploads\/2012\/07\/trans240x10.gif\" alt=\"trans240x10\" width=\"240\" height=\"10\" srcset=\"https:\/\/www.cpv-ev.com\/wp-content\/uploads\/2012\/07\/trans240x10.gif 240w, https:\/\/www.cpv-ev.com\/wp-content\/uploads\/2012\/07\/trans240x10-225x10.gif 225w\" sizes=\"auto, (max-width: 240px) 100vw, 240px\" \/><\/td>\n<td width=\"359\" valign=\"top\"><\/td>\n<\/tr>\n<tr>\n<td width=\"359\" valign=\"top\"><strong>Gek\u00f6rte S\u00f6hne: <\/strong>Barney Boy, Cashelbay Barney, Dunally Lad, Monaghanstown Barney (IRL),<br \/>\nInnellan Condor (GBR)<strong><br \/>\n<\/strong><\/td>\n<td width=\"359\" valign=\"top\"><strong>Eingetragene Stuten:<\/strong>&nbsp; 73 (IRL) (2017)<strong><br \/>\n<\/strong><strong>davon StPrSt: <\/strong>&#8211;<\/td>\n<\/tr>\n<tr>\n<td width=\"359\" valign=\"top\"><\/td>\n<td width=\"359\" valign=\"top\"><\/td>\n<\/tr>\n<tr>\n<td width=\"359\" valign=\"top\"><img loading=\"lazy\" decoding=\"async\" src=\"https:\/\/www.cpv-ev.com\/wp-content\/uploads\/2012\/07\/trans240x10.gif\" alt=\"trans240x10\" width=\"240\" height=\"10\"><\/td>\n<td width=\"359\" valign=\"top\"><\/td>\n<\/tr>\n<tr>\n<td width=\"359\" valign=\"top\"><strong>Lebensgewinnsumme:<\/strong> &#8211;<img loading=\"lazy\" decoding=\"async\" class=\"alignnone size-full wp-image-232\" title=\"trans240x10\" src=\"https:\/\/www.cpv-ev.com\/wp-content\/uploads\/2012\/07\/trans240x10.gif\" alt=\"\" width=\"100\" height=\"20\"><\/td>\n<td width=\"359\" valign=\"top\"><strong>Nachkommen-LGS: <\/strong>&#8211;<\/td>\n<\/tr>\n<tr>\n<td colspan=\"2\" width=\"717\" valign=\"top\"><img loading=\"lazy\" decoding=\"async\" src=\"https:\/\/www.cpv-ev.com\/wp-content\/uploads\/2012\/07\/trans240x10.gif\" alt=\"trans240x10\" width=\"240\" height=\"10\"><\/td>\n<\/tr>\n<tr>\n<td colspan=\"2\" width=\"717\" valign=\"top\"><strong><strong>Z\u00fcchter: <\/strong><\/strong>John Lynch, Buncrana, Irland<strong><strong><br \/>\n<\/strong><\/strong><strong>Besitzer: <\/strong>Carina Jansson, 31061 Atran, Schweden<strong><br \/>\n<\/strong><\/td>\n<\/tr>\n<\/tbody>\n<\/table>\n<p>&nbsp;<\/p>\n<h5>Pedigree<\/h5>\n<p><a href=\"https:\/\/www.cpv-ev.com\/wp-content\/uploads\/2017\/06\/Linsfort-Barney-Ped.jpg\"><img loading=\"lazy\" decoding=\"async\" class=\"alignleft size-full wp-image-20197\" src=\"https:\/\/www.cpv-ev.com\/wp-content\/uploads\/2017\/06\/Linsfort-Barney-Ped.jpg\" alt=\"\" width=\"680\" height=\"310\" srcset=\"https:\/\/www.cpv-ev.com\/wp-content\/uploads\/2017\/06\/Linsfort-Barney-Ped.jpg 680w, https:\/\/www.cpv-ev.com\/wp-content\/uploads\/2017\/06\/Linsfort-Barney-Ped-241x110.jpg 241w, https:\/\/www.cpv-ev.com\/wp-content\/uploads\/2017\/06\/Linsfort-Barney-Ped-300x137.jpg 300w, https:\/\/www.cpv-ev.com\/wp-content\/uploads\/2017\/06\/Linsfort-Barney-Ped-500x228.jpg 500w\" sizes=\"auto, (max-width: 680px) 100vw, 680px\" \/><\/a><br \/>\n&nbsp;<\/p>\n<h5>Galerie<\/h5>\n<p><a href=\"https:\/\/www.cpv-ev.com\/wp-content\/uploads\/2017\/05\/Linsfort-Barney-trot.jpg\"><img loading=\"lazy\" decoding=\"async\" class=\"alignnone size-thumbnail wp-image-19969\" src=\"https:\/\/www.cpv-ev.com\/wp-content\/uploads\/2017\/05\/Linsfort-Barney-trot-147x110.jpg\" alt=\"\" width=\"147\" height=\"110\" srcset=\"https:\/\/www.cpv-ev.com\/wp-content\/uploads\/2017\/05\/Linsfort-Barney-trot-147x110.jpg 147w, https:\/\/www.cpv-ev.com\/wp-content\/uploads\/2017\/05\/Linsfort-Barney-trot-300x225.jpg 300w, https:\/\/www.cpv-ev.com\/wp-content\/uploads\/2017\/05\/Linsfort-Barney-trot-500x375.jpg 500w, https:\/\/www.cpv-ev.com\/wp-content\/uploads\/2017\/05\/Linsfort-Barney-trot-146x110.jpg 146w, https:\/\/www.cpv-ev.com\/wp-content\/uploads\/2017\/05\/Linsfort-Barney-trot.jpg 750w\" sizes=\"auto, (max-width: 147px) 100vw, 147px\" \/><\/a> &nbsp;<a href=\"https:\/\/www.cpv-ev.com\/wp-content\/uploads\/2017\/05\/Linsfort-Barney-Stand.jpg\"><img loading=\"lazy\" decoding=\"async\" class=\"alignnone size-thumbnail wp-image-19968\" src=\"https:\/\/www.cpv-ev.com\/wp-content\/uploads\/2017\/05\/Linsfort-Barney-Stand-147x110.jpg\" alt=\"\" width=\"147\" height=\"110\" srcset=\"https:\/\/www.cpv-ev.com\/wp-content\/uploads\/2017\/05\/Linsfort-Barney-Stand-147x110.jpg 147w, https:\/\/www.cpv-ev.com\/wp-content\/uploads\/2017\/05\/Linsfort-Barney-Stand-300x225.jpg 300w, https:\/\/www.cpv-ev.com\/wp-content\/uploads\/2017\/05\/Linsfort-Barney-Stand-500x375.jpg 500w, https:\/\/www.cpv-ev.com\/wp-content\/uploads\/2017\/05\/Linsfort-Barney-Stand-146x110.jpg 146w, https:\/\/www.cpv-ev.com\/wp-content\/uploads\/2017\/05\/Linsfort-Barney-Stand.jpg 750w\" sizes=\"auto, (max-width: 147px) 100vw, 147px\" \/>&nbsp; <\/a><a href=\"https:\/\/www.cpv-ev.com\/wp-content\/uploads\/2020\/08\/Linsfort-Barney.jpg\"><img loading=\"lazy\" decoding=\"async\" class=\"alignnone size-thumbnail wp-image-24719\" src=\"https:\/\/www.cpv-ev.com\/wp-content\/uploads\/2020\/08\/Linsfort-Barney-160x110.jpg\" alt=\"\" width=\"160\" height=\"110\" srcset=\"https:\/\/www.cpv-ev.com\/wp-content\/uploads\/2020\/08\/Linsfort-Barney-160x110.jpg 160w, https:\/\/www.cpv-ev.com\/wp-content\/uploads\/2020\/08\/Linsfort-Barney-300x206.jpg 300w, https:\/\/www.cpv-ev.com\/wp-content\/uploads\/2020\/08\/Linsfort-Barney-500x343.jpg 500w, https:\/\/www.cpv-ev.com\/wp-content\/uploads\/2020\/08\/Linsfort-Barney.jpg 750w\" sizes=\"auto, (max-width: 160px) 100vw, 160px\" \/><\/a><\/p>\n<h5>Nachkommen<\/h5>\n\n<table id=\"tablepress-18\" class=\"tablepress tablepress-id-18 mtr-table mtr-thead-th\">\n<thead>\n<tr class=\"row-1\">\n\t<th class=\"column-1 mtr-th-tag\" data-mtr-content=\"FOTO\"><div class=\"mtr-cell-content\">FOTO<\/div><\/th><th class=\"column-2 mtr-th-tag\" data-mtr-content=\"NAME\"><div class=\"mtr-cell-content\">NAME<\/div><\/th><th class=\"column-3 mtr-th-tag\" data-mtr-content=\"JAHR\"><div class=\"mtr-cell-content\">JAHR<\/div><\/th><th class=\"column-4 mtr-th-tag\" data-mtr-content=\"VATER\"><div class=\"mtr-cell-content\">VATER<\/div><\/th><th class=\"column-5 mtr-th-tag\" data-mtr-content=\"MUTTER\"><div class=\"mtr-cell-content\">MUTTER<\/div><\/th><th class=\"column-6 mtr-th-tag\" data-mtr-content=\"Z\u00dcCHTER\"><div class=\"mtr-cell-content\">Z\u00dcCHTER<\/div><\/th>\n<\/tr>\n<\/thead>\n<tbody class=\"row-striping row-hover\">\n<tr class=\"row-2\">\n\t<td class=\"column-1 mtr-td-tag\" data-mtr-content=\"FOTO\"><div class=\"mtr-cell-content\"><a href=\"https:\/\/www.cpv-ev.com\/wp-content\/uploads\/2016\/07\/Glaskopf-Grey-Juliet.jpg\"><img loading=\"lazy\" decoding=\"async\" src=\"https:\/\/www.cpv-ev.com\/wp-content\/uploads\/2016\/07\/Glaskopf-Grey-Juliet-110x110.jpg\" alt=\"\" width=\"110\" height=\"110\" class=\"alignnone size-thumbnail wp-image-19099\" srcset=\"https:\/\/www.cpv-ev.com\/wp-content\/uploads\/2016\/07\/Glaskopf-Grey-Juliet-110x110.jpg 110w, https:\/\/www.cpv-ev.com\/wp-content\/uploads\/2016\/07\/Glaskopf-Grey-Juliet-150x150.jpg 150w\" sizes=\"auto, (max-width: 110px) 100vw, 110px\"><\/a><\/div><\/td><td class=\"column-2 mtr-td-tag\" data-mtr-content=\"NAME\"><div class=\"mtr-cell-content\"><b>GLASKOPF <br>GREY JULIET<\/b><br><br>Stute<br>Braunschimmel<br>*27.04.2012<br>140 cm<br><br><\/div><\/td><td class=\"column-3 mtr-td-tag\" data-mtr-content=\"JAHR\"><div class=\"mtr-cell-content\">2012<\/div><\/td><td class=\"column-4 mtr-td-tag\" data-mtr-content=\"VATER\"><div class=\"mtr-cell-content\">Linsfort Barney<\/div><\/td><td class=\"column-5 mtr-td-tag\" data-mtr-content=\"MUTTER\"><div class=\"mtr-cell-content\">Glaskopf Grey Joan<br>v. Glaskopf Golden Merlin<\/div><\/td><td class=\"column-6 mtr-td-tag\" data-mtr-content=\"Z\u00dcCHTER\"><div class=\"mtr-cell-content\">Glaskopf<br>Dr. Sabine Bachmann<br>61479 Glash\u00fctten<br><\/div><\/td>\n<\/tr>\n<tr class=\"row-3\">\n\t<td class=\"column-1 mtr-td-tag\" data-mtr-content=\"FOTO\"><div class=\"mtr-cell-content\"><\/div><\/td><td class=\"column-2 mtr-td-tag\" data-mtr-content=\"NAME\"><div class=\"mtr-cell-content\"><b>SPRINGFIELD <br>MARIE LEE<\/b><br>DE410102027020<br><br>Stute<br>Braunschimmel<br>*17.05.2020<br>N\/N<br><br><\/div><\/td><td class=\"column-3 mtr-td-tag\" data-mtr-content=\"JAHR\"><div class=\"mtr-cell-content\">2020<\/div><\/td><td class=\"column-4 mtr-td-tag\" data-mtr-content=\"VATER\"><div class=\"mtr-cell-content\">Linsfort Barney<\/div><\/td><td class=\"column-5 mtr-td-tag\" data-mtr-content=\"MUTTER\"><div class=\"mtr-cell-content\">Letterdyfe Lily Marie<br>v. Glencarrig Knight<\/div><\/td><td class=\"column-6 mtr-td-tag\" data-mtr-content=\"Z\u00dcCHTER\"><div class=\"mtr-cell-content\">Springfield<br>Elisabeth &amp; Bernd Lindemann<br>29640 Schneverdingen<br><\/div><\/td>\n<\/tr>\n<\/tbody>\n<\/table>\n<!-- #tablepress-18 from cache -->\n","protected":false},"excerpt":{"rendered":"<p>&nbsp; Farbe: Schimmel Hengstbuch: CPBS S 1155 Geboren: 19.05.2000 Leistungspr\u00fcfung: bisher keine Stockma\u00df: 148 cm Tr\u00e4ger des Creme-Faktors: unbekannt R\u00f6hrbein: Tr\u00e4ger des Fuchsgens: unbekannt Ausgeschieden: 2019 eingegangen Gek\u00f6rte S\u00f6hne: Barney Boy, Cashelbay Barney, Dunally Lad, Monaghanstown Barney (IRL), Innellan Condor <a class=\"more-link\" href=\"https:\/\/www.cpv-ev.com\/?page_id=19964\"><span class=\"screen-reader-text\">  Linsfort Barney &#8211; SWE<\/span> weiterlesen<span class=\"meta-nav\">&rarr;<\/span><\/a><\/p>\n","protected":false},"author":2,"featured_media":0,"parent":11817,"menu_order":0,"comment_status":"closed","ping_status":"closed","template":"","meta":{"ngg_post_thumbnail":0,"footnotes":""},"class_list":["post-19964","page","type-page","status-publish","hentry"],"_links":{"self":[{"href":"https:\/\/www.cpv-ev.com\/index.php?rest_route=\/wp\/v2\/pages\/19964","targetHints":{"allow":["GET"]}}],"collection":[{"href":"https:\/\/www.cpv-ev.com\/index.php?rest_route=\/wp\/v2\/pages"}],"about":[{"href":"https:\/\/www.cpv-ev.com\/index.php?rest_route=\/wp\/v2\/types\/page"}],"author":[{"embeddable":true,"href":"https:\/\/www.cpv-ev.com\/index.php?rest_route=\/wp\/v2\/users\/2"}],"replies":[{"embeddable":true,"href":"https:\/\/www.cpv-ev.com\/index.php?rest_route=%2Fwp%2Fv2%2Fcomments&post=19964"}],"version-history":[{"count":0,"href":"https:\/\/www.cpv-ev.com\/index.php?rest_route=\/wp\/v2\/pages\/19964\/revisions"}],"up":[{"embeddable":true,"href":"https:\/\/www.cpv-ev.com\/index.php?rest_route=\/wp\/v2\/pages\/11817"}],"wp:attachment":[{"href":"https:\/\/www.cpv-ev.com\/index.php?rest_route=%2Fwp%2Fv2%2Fmedia&parent=19964"}],"curies":[{"name":"wp","href":"https:\/\/api.w.org\/{rel}","templated":true}]}}